{"id":19459,"date":"2025-04-07T06:48:45","date_gmt":"2025-04-07T06:48:45","guid":{"rendered":"https:\/\/www.hydraulic-cylinders.net\/product\/boom-cylinder-for-world-small-excavator-w265-8\/"},"modified":"2025-04-07T06:48:47","modified_gmt":"2025-04-07T06:48:47","slug":"boom-cylinder-for-world-small-excavator-w265-8","status":"publish","type":"product","link":"https:\/\/www.hydraulic-cylinders.net\/lt\/produktas\/boom-cylinder-for-world-small-excavator-w265-8\/","title":{"rendered":"Str\u0117l\u0117s cilindras, skirtas ma\u017eam ekskavatoriui pasaulyje W265-8"},"content":{"rendered":"<h1>Str\u0117l\u0117s cilindras, skirtas ma\u017eam ekskavatoriui pasaulyje W265-8<\/h1>\n<h2>Kas yra str\u0117l\u0117s cilindras?<\/h2>\n<p>Specialiai \u201eWorld Small Excavator W265-8\u201c modeliui sukurtas str\u0117l\u0117s cilindras yra labai svarbus hidraulini\u0173 sistem\u0173 komponentas. Tai hidraulinio cilindro tipas, palengvinantis str\u0117l\u0117s jud\u0117jim\u0105 ekskavatoriuose, ekskavatoriuose ir frontaliniuose krautuvuose. \u0160is cilindras leid\u017eia str\u0117lei pakelti, nuleisti ir pakreipti, tod\u0117l tai yra esminis \u012frankis med\u017eiag\u0173 tvarkymo u\u017eduotims atlikti. Str\u0117l\u0117s cilindro veikimas yra gyvybi\u0161kai svarbus \u012fvairiose statybos ir \u017eem\u0117s \u016bkio srityse, nes jis tiesiogiai veikia ma\u0161inos na\u0161um\u0105 ir efektyvum\u0105.<\/p>\n<p><img decoding=\"async\" src=\"https:\/\/www.hydraulic-cylinders.net\/wp-content\/uploads\/2025\/04\/songte-company-1.webp\" alt=\"Str\u0117l\u0117s cilindras\" \/><\/p>\n<h2>Str\u0117l\u0117s cilindro savyb\u0117s<\/h2>\n<ul>\n<li>\n<h3>Didelis stiprumas ir ilgaam\u017ei\u0161kumas<\/h3>\n<p>Paprastai i\u0161 didelio stiprumo plieno arba aliuminio pagamintas str\u0117l\u0117s cilindras gali atlaikyti auk\u0161t\u0105 sl\u0117g\u012f ir dideles apkrovas, tod\u0117l tinka at\u0161iaurioms darbo s\u0105lygoms. Jo konstrukcija u\u017etikrina atsparum\u0105 dilimui ir korozijai, o tai \u017eymiai pailgina jo tarnavimo laik\u0105.<\/p>\n<\/li>\n<li>\n<h3>Efektyvus hidraulinis valdymas<\/h3>\n<p>Str\u0117l\u0117s cilindras naudoja hidraulin\u0117s alyvos sl\u0117g\u012f, kad u\u017etikrint\u0173 skland\u0173 teleskopin\u012f jud\u0117jim\u0105 ir greit\u0105 reagavim\u0105 \u012f valdymo komandas. \u0160i savyb\u0117 u\u017etikrina stipri\u0105 st\u016bmimo ir traukimo j\u0117g\u0105, kuri idealiai tinka sunkiems objektams tvarkyti ir sud\u0117tingoms eksploatavimo u\u017eduotims atlikti.<\/p>\n<\/li>\n<li>\n<h3>\u012evair\u016bs tipai<\/h3>\n<p>Priklausomai nuo naudojimo reikalavim\u0173, str\u0117l\u0117s cilindr\u0105 galima pasirinkti kaip vienpusio veikimo (hidraulin\u0119 j\u0117g\u0105 naudojant viena kryptimi) arba dvipusio veikimo (hidraulin\u0119 j\u0117g\u0105 naudojant dviem kryptimis) cilindr\u0105. Kai kurie modeliai yra teleskopiniai, tod\u0117l galima labiau i\u0161tiesti str\u0117l\u0119 nedidinant i\u0161orini\u0173 matmen\u0173, tod\u0117l jie tinka naudoti ank\u0161tose erdv\u0117se.<\/p>\n<\/li>\n<li>\n<h3>Individuali gamyba<\/h3>\n<p>Specializuojam\u0117s str\u0117l\u0117s cilindr\u0173, kurie puikiai pakei\u010dia esamus hidraulinius cilindrus, gamyboje. M\u016bs\u0173 gaminiai yra sukurti atsi\u017evelgiant \u012f \u012fvairi\u0173 ekskavatori\u0173 modeli\u0173 specifinius poreikius, u\u017etikrinant suderinamum\u0105 ir patikimum\u0105.<\/p>\n<\/li>\n<li>\n<h3>Kokyb\u0117s u\u017etikrinimas<\/h3>\n<p>M\u016bs\u0173 gamybos procesai atitinka grie\u017etus kokyb\u0117s standartus, u\u017etikrinant, kad kiekvienas pagamintas str\u0117l\u0117s cilindras b\u016bt\u0173 auk\u0161\u010diausios kokyb\u0117s ir gal\u0117t\u0173 veikti sud\u0117tingomis s\u0105lygomis.<\/p>\n<\/li>\n<\/ul>\n<p><img decoding=\"async\" src=\"https:\/\/www.hydraulic-cylinders.net\/wp-content\/uploads\/2025\/04\/songte-cylinder-head-with-all-kinds-excavator-models.webp\" alt=\"Ekskavatori\u0173 modeliai\" \/><\/p>\n<h2>Str\u0117l\u0117s cilindro pritaikymas<\/h2>\n<ul>\n<li>\n<h3>Statybin\u0117 \u012franga<\/h3>\n<p>Str\u0117l\u0117s cilindras yra paplit\u0119s ekskavatoriuose, kur jis atlieka labai svarb\u0173 vaidmen\u012f kasant, kraunant ir perkeliant dirvo\u017eem\u012f ar \u0161iuk\u0161les. Ekskavatoriuose str\u0117l\u0117s cilindras padeda tiek kasant, tiek k\u0117limo operacijose, maksimaliai padidindamas na\u0161um\u0105 statybviet\u0117se.<\/p>\n<\/li>\n<li>\n<h3>\u017dem\u0117s \u016bkio technika<\/h3>\n<p>Priekiniuose krautuvuose str\u0117l\u0117s cilindrai naudojami dirvo\u017eemiui, \u0161ienui ir kitoms med\u017eiagoms semti, kelti ir transportuoti. J\u0173 efektyvus veikimas leid\u017eia greitai manevruoti, o tai yra labai svarbu efektyviam \u016bkio valdymui.<\/p>\n<\/li>\n<li>\n<h3>Ekskavatoriai<\/h3>\n<p>Ekskavatoriai naudoja str\u0117l\u0117s cilindr\u0105, kad \u012fsiskverbt\u0173 \u012f dirv\u0105 ir taip palengvint\u0173 kasimo veiksmus. Str\u0117l\u0117s cilindro hidraulin\u0117s galimyb\u0117s leid\u017eia ekskavatoriui efektyviai atlikti giluminius kasimo darbus.<\/p>\n<\/li>\n<li>\n<h3>Krautuvai<\/h3>\n<p>Priekiniuose krautuvuose str\u0117l\u0117s cilindras padeda efektyviai kelti ir i\u0161versti krovinius. Jo konstrukcija leid\u017eia optimaliai valdyti, u\u017etikrinant, kad med\u017eiagos b\u016bt\u0173 tiksliai dedamos ten, kur reikia.<\/p>\n<\/li>\n<\/ul>\n<h2>Projektavimo aspektai ir atrankos kriterijai<\/h2>\n<ul>\n<li>\n<h3>Keliamoji galia<\/h3>\n<p>Renkantis str\u0117l\u0117s cilindr\u0105, b\u016btina atsi\u017evelgti \u012f jo keliam\u0105j\u0105 gali\u0105. Tai u\u017etikrina, kad cilindras gali atlaikyti maksimal\u0173 svor\u012f, su kuriuo susidurs eksploatacijos metu. Didel\u0117 keliamoji galia ne tik padidina efektyvum\u0105, bet ir suma\u017eina \u012frangos gedimo rizik\u0105.<\/p>\n<\/li>\n<li>\n<h3>Sandarinimas<\/h3>\n<p>Str\u0117l\u0117s cilindro sandarumas yra labai svarbus jo veikimui. Tinkami sandarikliai apsaugo nuo hidraulinio skys\u010dio nuot\u0117kio, u\u017etikrindami, kad cilindras i\u0161laikyt\u0173 savo efektyvum\u0105. Sandarikliai turi b\u016bti kruop\u0161\u010diai parinkti, kad atitikt\u0173 eksploatavimo s\u0105lygas, o j\u0173 vientisumui u\u017etikrinti b\u016btina reguliari prie\u017ei\u016bra.<\/p>\n<\/li>\n<li>\n<h3>Patvarumas<\/h3>\n<p>Patvarumas yra pagrindinis str\u0117l\u0117s cilindr\u0173 konstrukcijos veiksnys. Jie veikiami ekstremaliomis s\u0105lygomis, tod\u0117l reikia naudoti tvirtas med\u017eiagas ir konstrukcijos metodus. Patvarus cilindras atlaikys nusid\u0117v\u0117jim\u0105, pailgindamas savo tarnavimo laik\u0105 ir suma\u017eindamas prie\u017ei\u016bros i\u0161laidas.<\/p>\n<\/li>\n<li>\n<h3>Saugumas<\/h3>\n<p>Str\u0117l\u0117s cilindro konstrukcijos saugos funkcijos yra nepaprastai svarbios. Jose turi b\u016bti mechanizmai, apsaugantys nuo per didelio i\u0161tempimo ar gedimo, apsaugantys tiek operatori\u0173, tiek mechanizm\u0105. Reguliar\u016bs saugos patikrinimai taip pat yra labai svarb\u016bs siekiant u\u017etikrinti funkcionalum\u0105.<\/p>\n<\/li>\n<li>\n<h3>Prie\u017ei\u016bra<\/h3>\n<p>Renkantis str\u0117l\u0117s cilindr\u0105, labai svarbus aspektas yra prie\u017ei\u016bros paprastumas. Konstrukcijos, kurios u\u017etikrina lengv\u0105 prieig\u0105 prie dali\u0173 patikrinimui, tepimui ir keitimui, ilgainiui sutaupys laiko ir i\u0161tekli\u0173.<\/p>\n<\/li>\n<\/ul>\n<p><img decoding=\"async\" src=\"https:\/\/www.hydraulic-cylinders.net\/wp-content\/uploads\/2025\/04\/songte-oil-pipes-and-spare-parts.webp\" alt=\"Naftos vamzd\u017eiai ir atsargin\u0117s dalys\" \/><\/p>\n<h2>Cilindro sandarinimas ir tepimas<\/h2>\n<p>Str\u0117l\u0117s cilindro sandarinimas ir tepimas yra labai svarb\u016bs optimaliam jo veikimui. Siekiant i\u0161vengti hidraulinio skys\u010dio nuot\u0117kio, naudojami \u012fvair\u016bs sandarikliai, pavyzd\u017eiui, st\u016bmokli\u0173 ir stryp\u0173 sandarikliai. I\u0161 patvari\u0173 med\u017eiag\u0173, toki\u0173 kaip poliuretanas ir nitrilo kau\u010diukas, pagaminti sandarikliai yra b\u016btini ilgaam\u017ei\u0161kumui. Cilindro korpuso ir sriegini\u0173 gal\u0173 pavir\u0161iai yra tiksliai apdirbami, siekiant padidinti atsparum\u0105 dilimui. Norint u\u017etikrinti skland\u0173 veikim\u0105 ir i\u0161vengti trinties sukeltos \u017ealos, b\u016btina reguliariai tepti tinkama hidrauline alyva.<\/p>\n<h2>Reguliarus patikrinimas ir prevencin\u0117 prie\u017ei\u016bra<\/h2>\n<ul>\n<li>\n<h3>Reguliar\u016bs patikrinimai<\/h3>\n<p>Reguliariai tikrinti str\u0117l\u0117s cilindr\u0105 yra labai svarbu, norint nustatyti bet kokius susid\u0117v\u0117jimo ar pa\u017eeidimo po\u017eymius. Ie\u0161kokite nuot\u0117ki\u0173, ne\u012fprast\u0173 gars\u0173 ir netaisykling\u0173 judesi\u0173. Ankstyvas problem\u0173 nustatymas gali pad\u0117ti i\u0161vengti dideli\u0173 gedim\u0173 ir brangaus remonto.<\/p>\n<\/li>\n<li>\n<h3>Tinkamas tepimas<\/h3>\n<p>\u012esitikinkite, kad cilindras yra tinkamai suteptas tinkama hidrauline alyva, kad suma\u017eintum\u0117te susid\u0117v\u0117jim\u0105 ir u\u017etikrintum\u0117te skland\u0173 veikim\u0105. Sudarykite tepimo grafik\u0105, atsi\u017evelgdami \u012f naudojimo da\u017enum\u0105 ir eksploatavimo s\u0105lygas.<\/p>\n<\/li>\n<li>\n<h3>Tarpikli\u0173 keitimas ir kalibravimo patikrinimai<\/h3>\n<p>Reguliariai tikrinkite ir prireikus keiskite sandariklius, kad i\u0161laikytum\u0117te hidraulin\u0117s sistemos vientisum\u0105. Kalibravimo patikrinimai u\u017etikrina, kad cilindras veikt\u0173 pagal nurodytus parametrus, o tai pagerina na\u0161um\u0105 ir saug\u0105.<\/p>\n<\/li>\n<\/ul>\n<h2>\u012erengimo gair\u0117s<\/h2>\n<p>Str\u0117l\u0117s cilindro montavimas reikalauja kruop\u0161taus d\u0117mesio detal\u0117ms, siekiant u\u017etikrinti tinkam\u0105 veikim\u0105. Pirmiausia \u012fsitikinkite, kad yra visi reikalingi \u012frankiai ir \u012franga. Tinkamai sulygiuokite cilindr\u0105 su tvirtinimo laikikliais, naudodami tinkamas montavimo atramas, kad i\u0161vengtum\u0117te nesutapimo. Priver\u017ekite var\u017etus pagal gamintojo specifikacijas, kad u\u017etikrintum\u0117te tvirt\u0105 pritvirtinim\u0105. Po montavimo atlikite i\u0161sam\u0173 patikrinim\u0105, kad \u012fsitikintum\u0117te, jog visos jungtys yra tvirtos ir n\u0117ra nuot\u0117ki\u0173. Prie\u0161 prad\u0117dami naudoti mechanizm\u0105, atlikite funkcin\u012f bandym\u0105, kad u\u017etikrintum\u0117te skland\u0173 veikim\u0105.<\/p>\n<h2>\u012eprastos prie\u017ei\u016bros u\u017eduotys<\/h2>\n<ul>\n<li>\n<h3>Reguliar\u016bs patikrinimai<\/h3>\n<p>Reguliar\u016bs patikrinimai yra labai svarb\u016bs norint anksti nustatyti galimas problemas. Patikrinkite, ar n\u0117ra susid\u0117v\u0117jimo po\u017eymi\u0173, nuot\u0117ki\u0173 ir bendr\u0105 veikim\u0105. Planiniai patikrinimai gali pad\u0117ti i\u0161vengti brangaus remonto ir prastov\u0173.<\/p>\n<\/li>\n<li>\n<h3>Tinkamas tepimas<\/h3>\n<p>Sutepkite str\u0117l\u0117s cilindr\u0105 kaip \u012fprastin\u0117s prie\u017ei\u016bros grafiko dal\u012f. Tinkamas sutepimas suma\u017eina trint\u012f ir nusid\u0117v\u0117jim\u0105, pailgindamas cilindro tarnavimo laik\u0105.<\/p>\n<\/li>\n<li>\n<h3>Tarpikli\u0173 keitimas ir kalibravimo patikrinimai<\/h3>\n<p>Reguliar\u016bs sandarikli\u0173 patikrinimai u\u017etikrina hidraulin\u012f vientisum\u0105. Nedelsdami pakeiskite susid\u0117v\u0117jusius sandariklius, kad i\u0161vengtum\u0117te nuot\u0117ki\u0173, ir kalibruokite cilindr\u0105, kad patvirtintum\u0117te, jog jis veikia pagal norimas specifikacijas.<\/p>\n<\/li>\n<\/ul>\n<p><img decoding=\"async\" src=\"https:\/\/www.hydraulic-cylinders.net\/wp-content\/uploads\/2025\/04\/songte-chushion-collar.webp\" alt=\"Pagalv\u0117l\u0117s apykakl\u0117\" \/><\/p>\n<h2>Saugos aspektai ir aplinkos veiksniai<\/h2>\n<p>Dirbant su hidraulin\u0117mis sistemomis, saugos priemon\u0117s yra nepaprastai svarbios. \u012esitikinkite, kad visi operatoriai yra apmokyti saugiai elgtis su ma\u0161inomis ir hidrauliniais skys\u010diais. Visada reikia d\u0117v\u0117ti tinkamas apsaugines priemones. B\u016btina \u017einoti apie poveik\u012f aplinkai, pavyzd\u017eiui, hidraulini\u0173 skys\u010di\u0173 i\u0161siliejim\u0105. Reguliarus techninis aptarnavimas padeda i\u0161vengti nuot\u0117ki\u0173, apsaugo aplinkin\u0119 aplink\u0105 ir u\u017etikrina saug\u0173 eksploatavim\u0105.<\/p>\n<h2>Gedim\u0173 diagnostika ir da\u017eniausios problemos<\/h2>\n<ul>\n<li>\n<h3>Hidrauliniai nuot\u0117kiai<\/h3>\n<p>Nuot\u0117kiai da\u017enai rodo susid\u0117v\u0117jusius sandariklius arba pa\u017eeistus vamzdelius. Reguliariai tikrinkite, ar sandarikliai n\u0117ra susid\u0117v\u0117j\u0119, ir prireikus juos pakeiskite. Jei atsiranda nuot\u0117kis, greitai nustatykite prie\u017east\u012f ir j\u0105 pa\u0161alinkite, kad i\u0161vengtum\u0117te tolesn\u0117s \u017ealos.<\/p>\n<\/li>\n<li>\n<h3>Nereaguojantis cilindras<\/h3>\n<p>Jei cilindras nereaguoja arba veikia l\u0117tai, patikrinkite hidraulinio skys\u010dio lyg\u012f ir filtro b\u016bkl\u0119. Sistemoje patek\u0119s oras taip pat gali sukelti reagavimo problem\u0173, tod\u0117l sistemai pa\u0161alinti gali prireikti nuorinti.<\/p>\n<\/li>\n<li>\n<h3>Perkaitimas<\/h3>\n<p>Perkaitimas gali atsirasti d\u0117l per didel\u0117s apkrovos arba \u017eemo skys\u010di\u0173 lygio. Steb\u0117kite darbo s\u0105lygas ir u\u017etikrinkite, kad sistema neb\u016bt\u0173 perkrauta. Palaikykite pakankam\u0105 skys\u010di\u0173 lyg\u012f, kad b\u016bt\u0173 lengviau au\u0161inti.<\/p>\n<\/li>\n<\/ul>\n<h2>Problem\u0173 sprendimo patarimai<\/h2>\n<p>Norint efektyviai diagnozuoti ir i\u0161spr\u0119sti su cilindrais susijusias problemas, svarbu taikyti sisteming\u0105 po\u017ei\u016br\u012f. Prad\u0117kite nuo reguliari\u0173 patikrinim\u0173 ir technin\u0117s prie\u017ei\u016bros praktik\u0173, kad nustatytum\u0117te galimas problemas, kol jos nepa\u016bm\u0117jo. Registruokite technin\u0117s prie\u017ei\u016bros veikl\u0105, kad gal\u0117tum\u0117te sekti pasikartojan\u010dias problemas. \u012egyvendinkite prevencines priemones, pvz., tinkamus \u012fkrovimo metodus ir pakankam\u0105 tepim\u0105, kad suma\u017eintum\u0117te cilindro nusid\u0117v\u0117jim\u0105.<\/p>\n<p><img decoding=\"async\" src=\"https:\/\/www.hydraulic-cylinders.net\/wp-content\/uploads\/2025\/04\/songte-bushings-with-all-kinds-of-excavator-models.webp\" alt=\"Ekskavatori\u0173 modeli\u0173 \u012fvor\u0117s\" \/><\/p>\n<h2>Apie m\u016bs\u0173 \u012fmon\u0119<\/h2>\n<p>Esame pirmaujantis pakaitini\u0173 hidraulini\u0173 cilindr\u0173 gamintojas, si\u016blantis plat\u0173 gamini\u0173 asortiment\u0105 tiek vidaus, tiek tarptautin\u0117ms rinkoms. M\u016bs\u0173 \u012fsipareigojimas kokybei atsispindi kruop\u0161\u010diuose gamybos procesuose, kuriuos palaiko pa\u017eangios technologijos ir kvalifikuota darbo j\u0117ga. Mes pabr\u0117\u017eiame gamybos valdymo meistri\u0161kum\u0105, u\u017etikrindami, kad patenkintume \u012fvairius klient\u0173 poreikius dideliu efektyvumu, tikslumu ir kokybe.<\/p>\n<p><img decoding=\"async\" src=\"https:\/\/www.hydraulic-cylinders.net\/wp-content\/uploads\/2025\/04\/songte-company-4.webp\" alt=\"\u012emon\u0117s paveiksl\u0117lis 1\" \/><br \/>\n<img decoding=\"async\" src=\"https:\/\/www.hydraulic-cylinders.net\/wp-content\/uploads\/2025\/04\/songte-company-3.webp\" alt=\"\u012emon\u0117s paveiksl\u0117lis 2\" \/><\/p>\n<h2>I\u0161vada<\/h2>\n<p>D\u0117mes\u012f sutelkdami \u012f profesionalum\u0105, tarptautinius sertifikatus, individualias paslaugas, pa\u017eangi\u0105 gamybos \u012frang\u0105 ir i\u0161skirtin\u012f aptarnavim\u0105 po pardavimo, siekiame savo klientams teikti geriausius hidraulinius sprendimus.<\/p>\n<p>Autorius: lyl<\/p>","protected":false},"excerpt":{"rendered":"<p>Boom Cylinder For World Small Excavator W265-8 What is a Boom Cylinder? The Boom Cylinder, specifically designed for the World Small Excavator W265-8, is a crucial component in hydraulic systems. It is a type of hydraulic cylinder that facilitates the movement of the boom on excavators, backhoes, and front loaders. This cylinder enables the boom [&hellip;]<\/p>","protected":false},"featured_media":17873,"comment_status":"open","ping_status":"closed","template":"","meta":{"_et_pb_use_builder":"","_et_pb_old_content":"","_et_gb_content_width":""},"product_brand":[],"product_cat":[1546],"product_tag":[1547,1496],"class_list":{"0":"post-19459","1":"product","2":"type-product","3":"status-publish","4":"has-post-thumbnail","6":"product_cat-boom-cylinders","7":"product_tag-boom-cylinders","8":"product_tag-hydraulic-cylinders","10":"first","11":"instock","12":"shipping-taxable","13":"product-type-simple"},"amp_enabled":true,"_links":{"self":[{"href":"https:\/\/www.hydraulic-cylinders.net\/lt\/wp-json\/wp\/v2\/product\/19459","targetHints":{"allow":["GET"]}}],"collection":[{"href":"https:\/\/www.hydraulic-cylinders.net\/lt\/wp-json\/wp\/v2\/product"}],"about":[{"href":"https:\/\/www.hydraulic-cylinders.net\/lt\/wp-json\/wp\/v2\/types\/product"}],"replies":[{"embeddable":true,"href":"https:\/\/www.hydraulic-cylinders.net\/lt\/wp-json\/wp\/v2\/comments?post=19459"}],"wp:featuredmedia":[{"embeddable":true,"href":"https:\/\/www.hydraulic-cylinders.net\/lt\/wp-json\/wp\/v2\/media\/17873"}],"wp:attachment":[{"href":"https:\/\/www.hydraulic-cylinders.net\/lt\/wp-json\/wp\/v2\/media?parent=19459"}],"wp:term":[{"taxonomy":"product_brand","embeddable":true,"href":"https:\/\/www.hydraulic-cylinders.net\/lt\/wp-json\/wp\/v2\/product_brand?post=19459"},{"taxonomy":"product_cat","embeddable":true,"href":"https:\/\/www.hydraulic-cylinders.net\/lt\/wp-json\/wp\/v2\/product_cat?post=19459"},{"taxonomy":"product_tag","embeddable":true,"href":"https:\/\/www.hydraulic-cylinders.net\/lt\/wp-json\/wp\/v2\/product_tag?post=19459"}],"curies":[{"name":"wp","href":"https:\/\/api.w.org\/{rel}","templated":true}]}}