{"id":19461,"date":"2025-04-07T06:48:50","date_gmt":"2025-04-07T06:48:50","guid":{"rendered":"https:\/\/www.hydraulic-cylinders.net\/product\/boom-cylinder-for-world-small-excavator-w285b-8\/"},"modified":"2025-04-07T06:48:53","modified_gmt":"2025-04-07T06:48:53","slug":"boom-cylinder-for-world-small-excavator-w285b-8","status":"publish","type":"product","link":"https:\/\/www.hydraulic-cylinders.net\/lt\/produktas\/boom-cylinder-for-world-small-excavator-w285b-8\/","title":{"rendered":"Str\u0117l\u0117s cilindras, skirtas ma\u017eam ekskavatoriui pasaulyje W285B-8"},"content":{"rendered":"<h1>Str\u0117l\u0117s cilindras, skirtas ma\u017eam ekskavatoriui pasaulyje W285B-8<\/h1>\n<h2>\u012evadas \u012f str\u0117l\u0117s cilindrus<\/h2>\n<p>Str\u0117l\u0117s cilindras yra specializuotas hidraulinis cilindras, skirtas valdyti kau\u0161\u0173 jud\u0117jim\u0105 \u012fvairiose sunkiosiose ma\u0161inose, tokiose kaip ekskavatoriai, ekskavatoriniai krautuvai ir frontaliniai krautuvai. \u0160is esminis komponentas leid\u017eia kau\u0161ui pakelti, nuleisti ir pakreipti, taip palengvinant med\u017eiag\u0173 tvarkymo u\u017eduotis. Str\u0117l\u0117s cilindras veikia hidraulin\u0117je sistemoje, naudodamas susl\u0117gt\u0105 hidraulin\u012f skyst\u012f, kad generuot\u0173 \u0161iems judesiams reikaling\u0105 gali\u0105. Jis yra labai svarbus siekiant u\u017etikrinti statybos ir \u017eem\u0117s darb\u0173 efektyvum\u0105 ir na\u0161um\u0105.<\/p>\n<p><img decoding=\"async\" src=\"https:\/\/www.hydraulic-cylinders.net\/wp-content\/uploads\/2025\/04\/songte-company-1.webp\" alt=\"Str\u0117l\u0117s cilindras\"><\/p>\n<h3>Pagrindin\u0117s str\u0117l\u0117s cilindr\u0173 funkcijos<\/h3>\n<ul>\n<li>Kau\u0161o judesi\u0173 valdymas: Str\u0117l\u0117s cilindras u\u017etikrina tiksl\u0173 kau\u0161o k\u0117limo ir nuleidimo valdym\u0105.<\/li>\n<li>Pagerintas na\u0161umas: Sklandus veikimas leid\u017eia grei\u010diau ir efektyviau transportuoti med\u017eiagas.<\/li>\n<li>Universalumas: Tinka \u012fvairiems pritaikymams \u012fvairi\u0173 tip\u0173 statybin\u0117se ma\u0161inose.<\/li>\n<\/ul>\n<h2>Str\u0117l\u0117s cilindro savyb\u0117s<\/h2>\n<ul>\n<li><strong>Didelis stiprumas ir ilgaam\u017ei\u0161kumas:<\/strong> Pagamintas i\u0161 didelio stiprumo plieno arba aliuminio, \u0161is cilindras gali atlaikyti auk\u0161t\u0105 sl\u0117g\u012f ir dideles apkrovas, u\u017etikrindamas ilgaam\u017ei\u0161kum\u0105 net ir at\u0161iauriomis darbo s\u0105lygomis.<\/li>\n<li><strong>Efektyvus hidraulinis valdymas:<\/strong> Naudoja hidraulin\u0117s alyvos sl\u0117g\u012f skland\u017eiam i\u0161pl\u0117timui ir \u012ftraukimui, u\u017etikrindamas greit\u0105 reagavim\u0105 \u012f operacines komandas.<\/li>\n<li><strong>\u012evair\u016bs galimi tipai:<\/strong> Galimi variantai yra vienpusio ir dvipusio veikimo cilindrai, atitinkantys \u012fvairius eksploatacinius poreikius.<\/li>\n<li><strong>Kompakti\u0161kas dizainas:<\/strong> Kai kurie modeliai pasi\u017eymi teleskopine konstrukcija, leid\u017eian\u010dia didesn\u012f i\u0161pl\u0117tim\u0105 nepadidinant i\u0161orini\u0173 matmen\u0173 \u2013 idealiai tinka naudoti ribotoje erdv\u0117je.<\/li>\n<li><strong>Pa\u017eangi in\u017einerija:<\/strong> Sukurtas atsi\u017evelgiant \u012f atsparum\u0105 dilimui ir korozijai, taip prailginant gaminio tarnavimo laik\u0105.<\/li>\n<\/ul>\n<p><img decoding=\"async\" src=\"https:\/\/www.hydraulic-cylinders.net\/wp-content\/uploads\/2025\/04\/songte-cylinder-head-with-all-kinds-excavator-models.webp\" alt=\"Ekskavatori\u0173 modeliai\"><\/p>\n<h2>Str\u0117l\u0117s cilindr\u0173 pritaikymas<\/h2>\n<h3>Statybin\u0117 \u012franga<\/h3>\n<p>Ekskavatoriuose str\u0117l\u0117s cilindrai yra b\u016btini kasant, kraunant ir transportuojant grunt\u0105 ar \u0161iuk\u0161les. Jie leid\u017eia kau\u0161ui efektyviai \u012fsiskverbti \u012f \u017eem\u0119, tod\u0117l operatoriai gali efektyviai atlikti kasimo darbus. Str\u0117l\u0117s cilindro u\u017etikrinamas tikslumas ir galia pagerina bendr\u0105 ma\u0161inos na\u0161um\u0105, tod\u0117l jis yra nepakei\u010diamas statybviet\u0117se.<\/p>\n<h3>\u017dem\u0117s \u016bkio technika<\/h3>\n<p>Priekiniuose krautuvuose naudojami str\u0117l\u0117s cilindrai palengvina dirvo\u017eemio, \u0161ieno ir kit\u0173 med\u017eiag\u0173 k\u0117lim\u0105, k\u0117lim\u0105 ir transportavim\u0105. J\u0173 patikimas veikimas yra labai svarbus atliekant \u017eem\u0117s \u016bkio darbus, u\u017etikrinant, kad \u016bkininkai gal\u0117t\u0173 lengvai ir efektyviai perkelti med\u017eiagas. Str\u0117l\u0117s cilindr\u0173 pritaikomumas \u012fvairioms \u017eem\u0117s \u016bkio reikm\u0117ms pabr\u0117\u017eia j\u0173 svarb\u0105 \u017eem\u0117s \u016bkio sektoriuje.<\/p>\n<h3>Ekskavatoriai<\/h3>\n<p>Ekskavatoriuose str\u0117l\u0117s cilindras leid\u017eia atlikti kasimo veiksm\u0105, leisdamas kau\u0161ui pramu\u0161ti dirvo\u017eemio sluoksnius. \u0160i savyb\u0117 yra gyvybi\u0161kai svarbi \u012fvairiems kasimo projektams \u2013 nuo \u200b\u200bkra\u0161tovaizd\u017eio tvarkymo iki didelio masto statyb\u0173. Str\u0117l\u0117s cilindro geb\u0117jimas atlaikyti sunkius krovinius daro j\u012f esminiu bet kurio ekskavatoriaus komponentu.<\/p>\n<h3>Krautuvai<\/h3>\n<p>Priekiniuose krautuvuose str\u0117l\u0117s cilindrai padeda efektyviai kelti ir i\u0161versti krovinius. J\u0173 konstrukcija leid\u017eia efektyviai tvarkyti med\u017eiagas, tod\u0117l darbas darbo vietose vyksta skland\u017eiau. Krautuv\u0173 str\u0117l\u0117s cilindr\u0173 tvirtumas u\u017etikrina, kad jie gali atlikti sud\u0117tingas u\u017eduotis nepakenkdami na\u0161umui.<\/p>\n<h2>Projektavimo aspektai ir atrankos kriterijai<\/h2>\n<h3>Keliamoji galia<\/h3>\n<p>Vienas i\u0161 pagrindini\u0173 aspekt\u0173, \u012f kuriuos reikia atsi\u017evelgti renkantis str\u0117l\u0117s cilindr\u0105, yra jo keliamoji galia. Cilindras turi atlaikyti maksimal\u0173 svor\u012f, kuris bus pakeliamas be gedimo rizikos. Tai apima kau\u0161o svorio, maksimalios apkrovos, kuri\u0105 jis gali atlaikyti, ir bet koki\u0173 papildom\u0173 j\u0117g\u0173, kurios gali veikti cilindr\u0105 eksploatacijos metu, \u012fvertinim\u0105. Gerai suprojektuotas cilindras tur\u0117s saugos koeficient\u0105, \u012ftraukt\u0105 \u012f jo keliam\u0105j\u0105 gali\u0105, u\u017etikrinant\u012f patikim\u0105 veikim\u0105 net ekstremaliomis s\u0105lygomis.<\/p>\n<h3>Sandarinimo efektyvumas<\/h3>\n<p>Efektyvus sandarinimas yra labai svarbus norint i\u0161laikyti hidraulini\u0173 cilindr\u0173 veikim\u0105. Gerai suprojektuotas sandariklis apsaugo nuo hidraulinio skys\u010dio nuot\u0117kio, d\u0117l kurio gali suma\u017e\u0117ti efektyvumas ir b\u016bti pa\u017eeista hidraulin\u0117 sistema. Sandarikliams naudojamos med\u017eiagos turi b\u016bti atsparios dilimui ir atlaikyti auk\u0161t\u0105 sl\u0117g\u012f, b\u016bding\u0105 hidraulin\u0117ms sistemoms. B\u016btina reguliariai tikrinti sandariklius, kad jie i\u0161likt\u0173 veiksmingi laikui b\u0117gant, nes susid\u0117v\u0117j\u0119 ar pa\u017eeisti sandarikliai gali pakenkti visos sistemos veikimui.<\/p>\n<h3>Patvarumas ir ilgaam\u017ei\u0161kumas<\/h3>\n<p>Patvarumas yra svarbus veiksnys projektuojant str\u0117l\u0117s cilindrus. Jie da\u017enai yra veikiami at\u0161iauri\u0173 aplinkos s\u0105lyg\u0173, tod\u0117l turi b\u016bti pagaminti i\u0161 auk\u0161tos kokyb\u0117s med\u017eiag\u0173, atspari\u0173 dilimui, korozijai ir nuovargiui. Med\u017eiag\u0173 pasirinkimas ir gamybos procesai, naudojami cilindrui pagaminti, gali labai paveikti jo ilgaam\u017ei\u0161kum\u0105. Pavir\u0161iaus apdorojimo ar dang\u0173 naudojimas gali padidinti atsparum\u0105 korozijai ir dilimui, dar labiau pailgindamas cilindro tarnavimo laik\u0105.<\/p>\n<h3>Saugos funkcijos<\/h3>\n<p>Saugumas yra svarbiausias dalykas projektuojant hidraulinius cilindrus. \u012etraukus saugos funkcijas, tokias kaip sl\u0117gio ma\u017einimo vo\u017etuvai ir tvirtos tvirtinimo galimyb\u0117s, galima i\u0161vengti katastrofi\u0161k\u0173 gedim\u0173. Siekiant u\u017etikrinti, kad visos saugos funkcijos veikt\u0173 tinkamai, reik\u0117t\u0173 nustatyti reguliari\u0105 prie\u017ei\u016bros ir patikros tvark\u0105. Be to, tinkamas operatori\u0173 mokymas apie teising\u0105 mechanizm\u0173 naudojim\u0105 ir ribas gali pad\u0117ti i\u0161vengti nelaiming\u0173 atsitikim\u0173 ir pagerinti bendr\u0105 saug\u0105 darbo vietose.<\/p>\n<h3>Prie\u017ei\u016bra ir remonto galimyb\u0117s<\/h3>\n<p>Projektuojant str\u0117l\u0117s cilindrus, svarbu atsi\u017evelgti \u012f j\u0173 technin\u0119 prie\u017ei\u016br\u0105, kad b\u016bt\u0173 u\u017etikrintas j\u0173 ilgalaikis veikimas. Tai apima lengv\u0105 prieig\u0105 prie komponent\u0173 remontui ir keitimui, taip pat ai\u0161kias \u012fprastin\u0117s technin\u0117s prie\u017ei\u016bros u\u017eduo\u010di\u0173 gaires. Modulini\u0173 konstrukcij\u0173 \u012ftraukimas gali palengvinti greitesn\u012f remont\u0105 ir suma\u017einti prastovas. Operatoriai tur\u0117t\u0173 b\u016bti apmokyti atpa\u017einti susid\u0117v\u0117jimo po\u017eymius ir \u017einoti tinkamas technin\u0117s prie\u017ei\u016bros proced\u016bras, kad cilindrai b\u016bt\u0173 optimalios b\u016bkl\u0117s.<\/p>\n<p><img decoding=\"async\" src=\"https:\/\/www.hydraulic-cylinders.net\/wp-content\/uploads\/2025\/04\/songte-oil-pipes-and-spare-parts.webp\" alt=\"Naftos vamzd\u017eiai ir atsargin\u0117s dalys\"><\/p>\n<h2>Sandarinimas ir tepimas<\/h2>\n<p>Str\u0117l\u0117s cilindr\u0173 veikimas labai priklauso nuo sandarinimo ir tepimo sistem\u0173 efektyvumo. \u012evair\u016bs sandarinimo elementai, tokie kaip st\u016bmokli\u0173 ir stryp\u0173 sandarikliai, yra b\u016btini norint palaikyti hidraulin\u012f sl\u0117g\u012f ir i\u0161vengti skys\u010di\u0173 nuot\u0117kio. D\u0117l puikaus atsparumo dilimui da\u017eniausiai naudojami i\u0161 patvari\u0173 med\u017eiag\u0173, toki\u0173 kaip poliuretanas ir nitrilo kau\u010diukas, pagaminti sandarikliai. Cilindro korpuso ir sriegini\u0173 gal\u0173 pavir\u0161iai yra tiksliai apdirbami, siekiant padidinti patvarum\u0105 ir suma\u017einti nusid\u0117v\u0117jim\u0105 laikui b\u0117gant.<\/p>\n<p>Reguliarus tepimas taip pat yra labai svarbus skland\u017eiam hidraulini\u0173 cilindr\u0173 veikimui. Norint u\u017etikrinti optimal\u0173 na\u0161um\u0105, reikia palaikyti pakankam\u0105 hidraulin\u0117s alyvos kiek\u012f. Operatoriai tur\u0117t\u0173 laikytis \u012fprastos technin\u0117s prie\u017ei\u016bros grafiko, kuris apima skys\u010di\u0173 lygio tikrinim\u0105, susid\u0117v\u0117jusi\u0173 sandarikli\u0173 keitim\u0105 ir vis\u0173 mechanini\u0173 dali\u0173 tinkamo sutepimo u\u017etikrinim\u0105. Tinkamas tepimas suma\u017eina trint\u012f, pailgina komponent\u0173 tarnavimo laik\u0105 ir u\u017etikrina efektyv\u0173 veikim\u0105.<\/p>\n<h2>Reguliarios patikros ir prevencin\u0117s prie\u017ei\u016bros priemon\u0117s<\/h2>\n<ul>\n<li><strong>Vizualiniai patikrinimai:<\/strong> Reguliariai tikrinkite cilindr\u0105, ar n\u0117ra susid\u0117v\u0117jimo, pa\u017eeidim\u0173 ar nuot\u0117ki\u0173 po\u017eymi\u0173. Ankstyvas problem\u0173 sprendimas gali pad\u0117ti i\u0161vengti rimtesni\u0173 problem\u0173.<\/li>\n<li><strong>Tepimo grafikas:<\/strong> Nustatykite judan\u010di\u0173 dali\u0173 tepimo rutin\u0105, kad u\u017etikrintum\u0117te skland\u0173 veikim\u0105 ir i\u0161vengtum\u0117te nusid\u0117v\u0117jimo.<\/li>\n<li><strong>Sandariklio keitimas:<\/strong> Steb\u0117kite sandarikli\u0173 b\u016bkl\u0119 ir prireikus juos pakeiskite, kad i\u0161laikytum\u0117te hidraulin\u012f vientisum\u0105.<\/li>\n<\/ul>\n<h2>\u012erengimo gair\u0117s<\/h2>\n<p>Tinkamas str\u0117l\u0117s cilindro montavimas yra labai svarbus siekiant u\u017etikrinti jo veikim\u0105 ir ilgaam\u017ei\u0161kum\u0105. Pirmiausia \u012fsitikinkite, kad cilindras yra tinkamai sulygiuotas su ekskavatoriaus tvirtinimo ta\u0161kais. Naudokite tinkamus tvirtinimo laikiklius, kad pritvirtintum\u0117te cilindr\u0105 vietoje ir i\u0161vengtum\u0117te nesuderinamumo eksploatavimo metu. B\u016bkite atsarg\u016bs ir neperver\u017ekite var\u017et\u0173, nes tai gali sukelti pa\u017eeidimus.<\/p>\n<p>Montavimo metu patikrinkite, ar visos hidraulin\u0117s jungtys yra sandarios ir be nuot\u0117ki\u0173. Pripildykite hidraulin\u0119 sistem\u0105 rekomenduojamu skys\u010diu ir i\u0161leiskite or\u0105 i\u0161 sistemos, kad u\u017etikrintum\u0117te skland\u0173 veikim\u0105. Po montavimo patikrinkite cilindro veikim\u0105 atlikdami kontroliuojam\u0173 judesi\u0173 serij\u0105, kad \u012fsitikintum\u0117te, jog viskas veikia tinkamai. Reguliariai per\u017ei\u016br\u0117kite montavim\u0105, kad \u012fsitikintum\u0117te, jog laikui b\u0117gant nereikia joki\u0173 koregavim\u0173.<\/p>\n<h2>\u012eprastos prie\u017ei\u016bros u\u017eduotys<\/h2>\n<h3>Reguliar\u016bs patikrinimai<\/h3>\n<p>Reguliar\u016bs patikrinimai yra b\u016btini norint i\u0161laikyti str\u0117l\u0117s cilindr\u0173 veikim\u0105 ir saug\u0105. Operatoriai tur\u0117t\u0173 sudaryti vis\u0173 cilindro aspekt\u0173, \u012fskaitant sandariklius, tvirtinimo ta\u0161kus ir hidraulines jungtis, tikrinimo grafik\u0105. Greitas nedideli\u0173 problem\u0173 sprendimas gali pad\u0117ti i\u0161vengti j\u0173 peraugimo \u012f dideles problemas, d\u0117l kuri\u0173 gali prireikti brangaus remonto ar keitimo.<\/p>\n<h3>Tinkamas tepimas<\/h3>\n<p>Tinkamas hidraulini\u0173 cilindr\u0173 tepimas yra labai svarbus j\u0173 skland\u017eiam veikimui. Operatoriai tur\u0117t\u0173 laikytis technin\u0117s prie\u017ei\u016bros grafiko, kuris apima alyvos lygio tikrinim\u0105 ir skys\u010di\u0173 keitim\u0105 pagal poreik\u012f. Tinkamo tipo hidraulin\u0117s alyvos naudojimas yra labai svarbus norint i\u0161laikyti cilindro efektyvum\u0105 ir efektyvum\u0105. Reguliarus tepimas suma\u017eina trint\u012f ir nusid\u0117v\u0117jim\u0105, pagerindamas cilindro na\u0161um\u0105 ir tarnavimo laik\u0105.<\/p>\n<h3>Tarpikli\u0173 keitimas ir kalibravimo patikrinimai<\/h3>\n<p>Laikui b\u0117gant, sandarikliai gali susid\u0117v\u0117ti ir juos reik\u0117s pakeisti, kad b\u016bt\u0173 i\u0161laikytas hidraulinis vientisumas. Reguliarus sandarikli\u0173 tikrinimas ir keitimas u\u017etikrins optimal\u0173 veikim\u0105. Kalibravimo patikrinimai taip pat b\u016btini siekiant u\u017etikrinti, kad cilindras veikt\u0173 pagal nurodytus parametrus, leisdamas tiksliai jud\u0117ti ir suma\u017einti komponent\u0173 susid\u0117v\u0117jim\u0105.<\/p>\n<h2>Saugos aspektai ir aplinkos veiksniai<\/h2>\n<p>Dirbant su hidraulin\u0117mis sistemomis, saugos priemon\u0117s yra nepaprastai svarbios. Operatoriai turi b\u016bti apmokyti saugiai valdyti ma\u0161inas su str\u0117l\u0117s cilindrais. Tai apima \u012frangos rib\u0173 supratim\u0105, \u012fsp\u0117jam\u0173j\u0173 nusid\u0117v\u0117jimo ar gedimo po\u017eymi\u0173 atpa\u017einim\u0105 ir gamintojo nurodym\u0173 laikym\u0105si. Taip pat reik\u0117t\u0173 atsi\u017evelgti \u012f aplinkos veiksnius, tokius kaip temperat\u016bra ir chemini\u0173 med\u017eiag\u0173 poveikis, nes jie gali tur\u0117ti \u012ftakos hidraulini\u0173 komponent\u0173 veikimui ir ilgaam\u017ei\u0161kumui.<\/p>\n<h2>Gedim\u0173 diagnostika ir da\u017eniausios problemos<\/h2>\n<ul>\n<li><strong>Nuot\u0117kis:<\/strong> Hidraulinio skys\u010dio nuot\u0117kis gali atsirasti d\u0117l pa\u017eeist\u0173 sandarikli\u0173 arba netinkamo montavimo. Reguliarios patikros gali pad\u0117ti anksti nustatyti problemas.<\/li>\n<li><strong>Suma\u017eintas na\u0161umas:<\/strong> Suma\u017e\u0117j\u0119s eksploatacinis efektyvumas gali rodyti \u017eem\u0105 hidraulinio skys\u010dio lyg\u012f arba vidinius pa\u017eeidimus. Reikia nedelsiant imtis veiksm\u0173 ir i\u0161tirti.<\/li>\n<li><strong>Ne\u012fprasti garsai:<\/strong> Ne\u012fprasti garsai veikimo metu gali signalizuoti apie cilindro problemas, pvz., or\u0105 sistemoje arba pa\u017eeistus vidinius komponentus.<\/li>\n<\/ul>\n<p>Operatoriai tur\u0117t\u0173 b\u016bti susipa\u017ein\u0119 su \u0161iomis da\u017enomis problemomis ir \u017einoti, kaip efektyviai jas pa\u0161alinti. Savalaikis d\u0117mesys bet kokiems pa\u017eeidimams gali pad\u0117ti i\u0161laikyti hidraulin\u0117s sistemos vientisum\u0105 ir u\u017etikrinti saug\u0173 veikim\u0105.<\/p>\n<h2>Trik\u010di\u0173 \u0161alinimo patarimai ir sprendimai<\/h2>\n<p>Nor\u0117dami veiksmingai diagnozuoti ir i\u0161spr\u0119sti str\u0117l\u0117s cilindr\u0173 problemas, operatoriai tur\u0117t\u0173 laikytis sistemingo po\u017ei\u016brio. Nustatykite simptomus, tokius kaip nuot\u0117kis ar suma\u017e\u0117j\u0119s na\u0161umas, ir atsekite juos iki galim\u0173 prie\u017eas\u010di\u0173. Pavyzd\u017eiui, jei aptinkamas nuot\u0117kis, patikrinkite, ar sandarikliai ir jungtys n\u0117ra pa\u017eeisti. Reguliari prie\u017ei\u016bros praktika, pvz., tepimas ir ap\u017ei\u016bra, gali pad\u0117ti i\u0161vengti daugelio da\u017eniausiai pasitaikan\u010di\u0173 problem\u0173.<\/p>\n<p>Prevencin\u0117s prie\u017ei\u016bros grafiko sudarymas gali suma\u017einti problem\u0173 atsiradimo rizik\u0105. Operatoriai tur\u0117t\u0173 b\u016bti apmokyti atpa\u017einti ankstyvuosius \u012fsp\u0117jamuosius \u017eenklus ir imtis veiksm\u0173, kol problemos nei\u0161sipl\u0117t\u0117, taip padidinant hidraulin\u0117s sistemos patikimum\u0105 ir saug\u0105.<\/p>\n<p><img decoding=\"async\" src=\"https:\/\/www.hydraulic-cylinders.net\/wp-content\/uploads\/2025\/04\/songte-bushings-with-all-kinds-of-excavator-models.webp\" alt=\"\u012evor\u0117s su ekskavatori\u0173 modeliais\"><\/p>\n<h2>Apie m\u016bs\u0173 \u012fmon\u0119<\/h2>\n<p>Esame pirmaujantis hidraulini\u0173 cilindr\u0173 gamintojas, daugiausia d\u0117mesio skiriantis auk\u0161tos kokyb\u0117s pakaital\u0173, skirt\u0173 \u012fvairioms reikm\u0117ms, tiekimui. Platus gamini\u0173 asortimentas i\u0161k\u0117l\u0117 mus \u012f vidaus ir tarptautini\u0173 rink\u0173 prie\u0161ak\u012f. Vadovaujam\u0117s meistri\u0161kumo filosofija, taikydami pa\u017eangias gamybos strategijas ir grie\u017etus kokyb\u0117s kontrol\u0117s procesus.<\/p>\n<p>M\u016bs\u0173 \u012fsipareigojim\u0105 diegti inovacijas palaiko kvalifikuot\u0173 specialist\u0173 komanda, moderniausia gamybos \u012franga ir patikima testavimo sistema. Nuolat tobuliname savo gamybos paj\u0117gumus, kad gal\u0117tume efektyviai patenkinti \u012fvairius klient\u0173 poreikius. M\u016bs\u0173 pasi\u016blai b\u016bdingas didelis efektyvumas, tikslumas ir kokyb\u0117, u\u017etikrinantys, kad patenkintume arba vir\u0161ytume klient\u0173 l\u016bkes\u010dius.<\/p>\n<p>M\u016bs\u0173 paslaugos apima individualius sprendimus, tarptautinius sertifikatus ir didel\u012f d\u0117mes\u012f klient\u0173 aptarnavimui. Mes teikiame pirmenyb\u0119 ilgalaiki\u0173 santyki\u0173 su klientais k\u016brimui, teikdami patikimus produktus ir i\u0161skirtines garantinio aptarnavimo paslaugas.<\/p>\n<p><img decoding=\"async\" src=\"https:\/\/www.hydraulic-cylinders.net\/wp-content\/uploads\/2025\/04\/songte-company-4.webp\" alt=\"\u012emon\u0117s ap\u017evalga\"><br \/>\n<img decoding=\"async\" src=\"https:\/\/www.hydraulic-cylinders.net\/wp-content\/uploads\/2025\/04\/songte-company-3.webp\" alt=\"\u012emon\u0117s patalpos\"><\/p>\n<p>Autorius: lyl<\/p>","protected":false},"excerpt":{"rendered":"<p>Boom Cylinder For World Small Excavator W285B-8 Introduction to Boom Cylinders A boom cylinder is a specialized hydraulic cylinder designed to control the movement of buckets in various heavy machinery, such as excavators, backhoe loaders, and front-end loaders. This essential component enables the bucket to lift, lower, and tilt, facilitating material handling tasks. The boom [&hellip;]<\/p>","protected":false},"featured_media":17875,"comment_status":"open","ping_status":"closed","template":"","meta":{"_et_pb_use_builder":"","_et_pb_old_content":"","_et_gb_content_width":""},"product_brand":[],"product_cat":[1546],"product_tag":[1547,1496],"class_list":{"0":"post-19461","1":"product","2":"type-product","3":"status-publish","4":"has-post-thumbnail","6":"product_cat-boom-cylinders","7":"product_tag-boom-cylinders","8":"product_tag-hydraulic-cylinders","10":"first","11":"instock","12":"shipping-taxable","13":"product-type-simple"},"amp_enabled":true,"_links":{"self":[{"href":"https:\/\/www.hydraulic-cylinders.net\/lt\/wp-json\/wp\/v2\/product\/19461","targetHints":{"allow":["GET"]}}],"collection":[{"href":"https:\/\/www.hydraulic-cylinders.net\/lt\/wp-json\/wp\/v2\/product"}],"about":[{"href":"https:\/\/www.hydraulic-cylinders.net\/lt\/wp-json\/wp\/v2\/types\/product"}],"replies":[{"embeddable":true,"href":"https:\/\/www.hydraulic-cylinders.net\/lt\/wp-json\/wp\/v2\/comments?post=19461"}],"wp:featuredmedia":[{"embeddable":true,"href":"https:\/\/www.hydraulic-cylinders.net\/lt\/wp-json\/wp\/v2\/media\/17875"}],"wp:attachment":[{"href":"https:\/\/www.hydraulic-cylinders.net\/lt\/wp-json\/wp\/v2\/media?parent=19461"}],"wp:term":[{"taxonomy":"product_brand","embeddable":true,"href":"https:\/\/www.hydraulic-cylinders.net\/lt\/wp-json\/wp\/v2\/product_brand?post=19461"},{"taxonomy":"product_cat","embeddable":true,"href":"https:\/\/www.hydraulic-cylinders.net\/lt\/wp-json\/wp\/v2\/product_cat?post=19461"},{"taxonomy":"product_tag","embeddable":true,"href":"https:\/\/www.hydraulic-cylinders.net\/lt\/wp-json\/wp\/v2\/product_tag?post=19461"}],"curies":[{"name":"wp","href":"https:\/\/api.w.org\/{rel}","templated":true}]}}