{"id":19462,"date":"2025-04-07T06:48:53","date_gmt":"2025-04-07T06:48:53","guid":{"rendered":"https:\/\/www.hydraulic-cylinders.net\/product\/boom-cylinder-for-world-small-excavator-w2150-8\/"},"modified":"2025-04-07T06:48:55","modified_gmt":"2025-04-07T06:48:55","slug":"boom-cylinder-for-world-small-excavator-w2150-8","status":"publish","type":"product","link":"https:\/\/www.hydraulic-cylinders.net\/lt\/produktas\/boom-cylinder-for-world-small-excavator-w2150-8\/","title":{"rendered":"Str\u0117l\u0117s cilindras, skirtas ma\u017eam ekskavatoriui pasaulyje W2150-8"},"content":{"rendered":"<h1>Str\u0117l\u0117s cilindras, skirtas ma\u017eam ekskavatoriui pasaulyje W2150-8<\/h1>\n<h2>Str\u0117l\u0117s cilindro apibr\u0117\u017eimas<\/h2>\n<p>Str\u0117l\u0117s cilindras yra gyvybi\u0161kai svarbus hidraulinis komponentas, specialiai sukurtas valdyti kau\u0161\u0173 jud\u0117jim\u0105 sunkiosiose ma\u0161inose, tokiose kaip ekskavatoriai, ekskavatoriniai krautuvai ir frontaliniai krautuvai. \u0160is hidraulinis cilindras leid\u017eia kau\u0161ui kelti, nuleisti ir pakreipti, taip palengvindamas efektyv\u0173 med\u017eiag\u0173 tvarkym\u0105. Jis atlieka labai svarb\u0173 vaidmen\u012f hidraulin\u0117se sistemose, nes paver\u010dia hidraulin\u0119 energij\u0105 mechanine j\u0117ga, suteikdamas operatoriams galimyb\u0119 atlikti \u012fvairias u\u017eduotis tiksliai ir kontroliuojamai. Str\u0117l\u0117s cilindras suprojektuotas taip, kad atlaikyt\u0173 auk\u0161t\u0105 sl\u0117g\u012f, u\u017etikrindamas patikim\u0105 veikim\u0105 sud\u0117tingomis s\u0105lygomis.<\/p>\n<p><img decoding=\"async\" src=\"https:\/\/www.hydraulic-cylinders.net\/wp-content\/uploads\/2025\/04\/songte-company-1.webp\" alt=\"Hidraulinis cilindras\"><\/p>\n<h2>Str\u0117l\u0117s cilindro savyb\u0117s<\/h2>\n<ul>\n<li><strong>Didelis stiprumas ir ilgaam\u017ei\u0161kumas:<\/strong> Pagaminta i\u0161 didelio stiprumo plieno arba aliuminio, kad atlaikyt\u0173 auk\u0161t\u0105 sl\u0117g\u012f ir dideles apkrovas, b\u016bt\u0173 atspari dilimui ir korozijai, siekiant pailginti tarnavimo laik\u0105.<\/li>\n<li><strong>Efektyvus hidraulinis valdymas:<\/strong> Naudoja hidraulin\u0117s alyvos sl\u0117g\u012f skland\u017eiam i\u0161st\u016bmimui ir \u012ftraukimui, u\u017etikrindamas greit\u0105 reagavim\u0105 \u012f valdymo komandas ir galingas st\u016bmimo bei traukimo galimybes sunkioms ir sud\u0117tingoms u\u017eduotims atlikti.<\/li>\n<li><strong>Tip\u0173 \u012fvairov\u0117:<\/strong> Kad atitikt\u0173 skirtingus eksploatacinius poreikius, kai kurie modeliai yra teleskopiniai, tod\u0117l juos galima labiau i\u0161tiesti nedidinant i\u0161orini\u0173 matmen\u0173, tod\u0117l jie tinka ank\u0161toms patalpoms.<\/li>\n<li><strong>Individuali gamyba:<\/strong> M\u016bs\u0173 gaminiai puikiai pakei\u010dia \u012fvairius hidraulinius cilindrus, u\u017etikrindami suderinamum\u0105 ir na\u0161um\u0105.<\/li>\n<\/ul>\n<p><img decoding=\"async\" src=\"https:\/\/www.hydraulic-cylinders.net\/wp-content\/uploads\/2025\/04\/songte-cylinder-head-with-all-kinds-excavator-models.webp\" alt=\"Ekskavatori\u0173 modeliai\"><\/p>\n<h2>Str\u0117l\u0117s cilindro pritaikymas<\/h2>\n<h3>Statybin\u0117 \u012franga<\/h3>\n<p>Ekskavatoriuose str\u0117l\u0117s cilindrai yra b\u016btini kasant, kraunant ir perkeliant grunt\u0105 ar \u0161iuk\u0161les. Jie leid\u017eia kau\u0161ui efektyviai \u012fsiskverbti \u012f \u017eem\u0119, tod\u0117l operatoriai gali efektyviai atlikti kasimo darbus. Ekskavatoriuose-krautuvuose str\u0117l\u0117s cilindras palengvina ir kasim\u0105, ir k\u0117lim\u0105, tod\u0117l yra b\u016btinas statybviet\u0117se.<\/p>\n<h3>\u017dem\u0117s \u016bkio technika<\/h3>\n<p>Priekiniuose krautuvuose naudojami str\u0117l\u0117s cilindrai padeda semti, kelti ir transportuoti dirvo\u017eem\u012f, \u0161ien\u0105 ir kitas med\u017eiagas. D\u0117l tikslios valdymo galimyb\u0117s jie idealiai tinka \u017eem\u0117s \u016bkio u\u017eduotims, kurioms labai svarbus efektyvumas ir veiksmingumas.<\/p>\n<h3>Ekskavatoriai<\/h3>\n<p>Ekskavatoriuose str\u0117l\u0117s cilindras leid\u017eia kau\u0161ui prasiskverbti \u012f \u017eem\u0119 kasimo darbams. Jis suteikia reikiam\u0105 j\u0117g\u0105 ir valdym\u0105, kad kau\u0161as b\u016bt\u0173 manevruojamas \u012fvairiomis dirvo\u017eemio s\u0105lygomis, tod\u0117l tai yra pagrindinis \u017eem\u0117s darb\u0173 elementas.<\/p>\n<h3>Krautuvai<\/h3>\n<p>Priekiniuose krautuvuose str\u0117l\u0117s cilindrai padeda efektyviai kelti ir i\u0161versti krovinius. J\u0173 konstrukcija u\u017etikrina, kad operatoriai gal\u0117t\u0173 lengvai tvarkyti sunkias med\u017eiagas, taip pagerindami bendr\u0105 na\u0161um\u0105 darbo vietoje.<\/p>\n<h2>Projektavimo aspektai ir atrankos kriterijai<\/h2>\n<h3>Keliamoji galia<\/h3>\n<p>Str\u0117l\u0117s cilindro keliamoji galia yra labai svarbus veiksnys. Jis turi b\u016bti pritaikytas taip, kad atlaikyt\u0173 numatom\u0105 svor\u012f eksploatacijos metu. Perkrova gali sukelti cilindro gedim\u0105, tod\u0117l labai svarbu tiksliai \u012fvertinti eksploatacinius reikalavimus, kad b\u016bt\u0173 galima pasirinkti cilindr\u0105, kuris atitikt\u0173 arba vir\u0161yt\u0173 \u0161iuos poreikius.<\/p>\n<h3>Sandarinimas<\/h3>\n<p>Efektyvus sandarinimas yra gyvybi\u0161kai svarbus palaikant hidraulin\u012f sl\u0117g\u012f ir u\u017ekertant keli\u0105 skys\u010di\u0173 nuot\u0117kiams. Pa\u017eangios sandarinimo med\u017eiagos, tokios kaip poliuretanas ir nitrilo kau\u010diukas, da\u017enai naudojamos siekiant padidinti patvarum\u0105 ir na\u0161um\u0105 esant auk\u0161tam sl\u0117giui, u\u017etikrinant ilgesn\u012f cilindro tarnavimo laik\u0105.<\/p>\n<h3>Patvarumas<\/h3>\n<p>Patvarumas yra pagrindinis str\u0117l\u0117s cilindr\u0173 projektavimo aspektas. Jie tur\u0117t\u0173 b\u016bti pagaminti i\u0161 tvirt\u0173 med\u017eiag\u0173, kad atlaikyt\u0173 at\u0161iaurias darbo s\u0105lygas. Reguliarus techninis aptarnavimas ir kokybi\u0161ki gamybos procesai labai prisideda prie cilindr\u0173 ilgaam\u017ei\u0161kumo.<\/p>\n<h3>Saugumas<\/h3>\n<p>Siekiant i\u0161vengti nelaiming\u0173 atsitikim\u0173 ir apsaugoti operatorius, \u012f str\u0117l\u0117s cilindr\u0173 konstrukcij\u0105 turi b\u016bti integruotos saugos funkcijos. Tai apima sl\u0117gio ma\u017einimo mechanizmus ir saugos u\u017eraktus, kurie u\u017etikrina, kad cilindras veikt\u0173 saugiose ribose, suma\u017eindami rizik\u0105 eksploatavimo metu.<\/p>\n<h3>Prie\u017ei\u016bra<\/h3>\n<p>Renkantis str\u0117l\u0117s cilindr\u0105, dar vienas svarbus veiksnys yra prie\u017ei\u016bros paprastumas. Konstrukcija tur\u0117t\u0173 u\u017etikrinti lengv\u0105 prieig\u0105 prie komponent\u0173 ap\u017ei\u016brai ir techninei prie\u017ei\u016brai. Tai suma\u017eina prastovas ir u\u017etikrina \u012frangos veikim\u0105.<\/p>\n<p><img decoding=\"async\" src=\"https:\/\/www.hydraulic-cylinders.net\/wp-content\/uploads\/2025\/04\/songte-oil-pipes-and-spare-parts.webp\" alt=\"Hidraulin\u0117s dalys\"><\/p>\n<h2>Hidraulinio cilindro sandarinimas ir tepimas<\/h2>\n<p>Tinkamas sandarinimas ir tepimas yra b\u016btini optimaliam str\u0117l\u0117s cilindr\u0173 veikimui. Hidrauliniam sl\u0117giui palaikyti ir nuot\u0117kiams i\u0161vengti naudojami \u012fvair\u016bs sandarinimo komponentai, tokie kaip st\u016bmokli\u0173 ir stryp\u0173 sandarikliai. \u0160ie sandarikliai da\u017enai gaminami i\u0161 patvari\u0173 med\u017eiag\u0173, toki\u0173 kaip poliuretanas ir nitrilo kau\u010diukas, kad b\u016bt\u0173 atspar\u016bs nusid\u0117v\u0117jimui.<\/p>\n<p>Cilindro korpusas ir srieginiai galiniai pavir\u0161iai yra tiksliai apdirbami, siekiant padidinti atsparum\u0105 dilimui, o reguliari prie\u017ei\u016bra apima savalaik\u012f sutepim\u0105 hidrauline alyva, kad b\u016bt\u0173 u\u017etikrintas sklandus veikimas. Labai svarbu steb\u0117ti tepimo lygius ir reguliariai naudoti tinkam\u0105 hidraulin\u0117s alyvos kiek\u012f, kad sistema veikt\u0173 efektyviai.<\/p>\n<h2>Reguliarios patikros ir prevencin\u0117s prie\u017ei\u016bros priemon\u0117s<\/h2>\n<ul>\n<li><strong>Reguliar\u016bs patikrinimai:<\/strong> Reguliariai atlikite vizualin\u0119 ap\u017ei\u016br\u0105, kad patikrintum\u0117te, ar n\u0117ra nuot\u0117ki\u0173, susid\u0117v\u0117jimo ar pa\u017eeidim\u0173. Tai padeda anksti nustatyti galimas problemas, kurios gali sukelti cilindro gedim\u0105.<\/li>\n<li><strong>Tinkamas tepimas:<\/strong> Visada u\u017etikrinkite, kad cilindras b\u016bt\u0173 tinkamai suteptas, siekiant suma\u017einti trint\u012f ir i\u0161vengti prie\u0161laikinio susid\u0117v\u0117jimo. Naudokite auk\u0161tos kokyb\u0117s hidraulin\u0119 alyv\u0105 ir laikykit\u0117s gamintojo rekomendacij\u0173 d\u0117l tepimo interval\u0173.<\/li>\n<li><strong>Sandariklio keitimas:<\/strong> Steb\u0117kite tarpikli\u0173 b\u016bkl\u0119 ir prireikus juos keiskite, kad palaikytum\u0117te sl\u0117g\u012f ir i\u0161vengtum\u0117te nuot\u0117ki\u0173. Reguliariai tikrinkite, ar n\u0117ra nusid\u0117v\u0117jimo ar pa\u017eeidimo po\u017eymi\u0173.<\/li>\n<\/ul>\n<h2>Str\u0117l\u0117s cilindro montavimo gair\u0117s<\/h2>\n<p>Montuojant str\u0117l\u0117s cilindr\u0105, labai svarbu u\u017etikrinti tinkam\u0105 jo sulygiavim\u0105, kad b\u016bt\u0173 i\u0161vengta per didelio \u012ftempimo ir galimo gedimo. Pirmiausia pritvirtinkite cilindr\u0105 vietoje naudodami tinkamus tvirtinimo laikiklius ir atramas. Neteisingas sulygiavimas gali sukelti netolyg\u0173 nusid\u0117v\u0117jim\u0105 ir paveikti cilindro veikim\u0105.<\/p>\n<p>Atid\u017eiai laikykit\u0117s gamintojo montavimo instrukcij\u0173, u\u017etikrindami, kad visos hidraulin\u0117s jungtys b\u016bt\u0173 sandarios ir be nuot\u0117ki\u0173. Po montavimo atlikite i\u0161sam\u0173 patikrinim\u0105, kad \u012fsitikintum\u0117te, jog viskas tinkamai nustatyta. Prie\u0161 visi\u0161kai i\u0161skleisdami str\u0117l\u0117s cilindr\u0105, patikrinkite jo veikim\u0105 kontroliuojamomis s\u0105lygomis, kad \u012fsitikintum\u0117te, jog jis veikia.<\/p>\n<h2>\u012eprastos prie\u017ei\u016bros u\u017eduotys<\/h2>\n<h3>Reguliar\u016bs patikrinimai<\/h3>\n<p>Reguliar\u016bs patikrinimai yra labai svarb\u016bs norint nustatyti galimas problemas, kol jos dar nepa\u016bm\u0117jo. Matom\u0173 pa\u017eeidim\u0173 ar susid\u0117v\u0117jimo patikrinimas gali pad\u0117ti i\u0161laikyti funkcionalum\u0105 ir i\u0161vengti prastov\u0173.<\/p>\n<h3>Tinkamas tepimas<\/h3>\n<p>Reguliarus tepimas yra labai svarbus str\u0117l\u0117s cilindro ilgaam\u017ei\u0161kumui ir veikimui. Nepakankamas tepimas gali padidinti trint\u012f ir susid\u0117v\u0117jim\u0105, d\u0117l ko jis gali per anksti sugesti.<\/p>\n<h3>Sandariklio keitimas<\/h3>\n<p>Pakeitus tarpiklius pasteb\u0117jus pirmuosius susid\u0117v\u0117jimo po\u017eymius, galima i\u0161vengti nuot\u0117ki\u0173 ir palaikyti hidraulin\u012f sl\u0117g\u012f. Reguliariai keisti tarpiklius, kaip technin\u0117s prie\u017ei\u016bros dal\u012f, b\u016btina siekiant u\u017etikrinti optimal\u0173 na\u0161um\u0105.<\/p>\n<h2>Saugos aspektai ir aplinkos veiksniai<\/h2>\n<p>Naudojant hidraulinius cilindrus, saugos priemon\u0117s yra nepaprastai svarbios. Operatoriai tur\u0117t\u0173 b\u016bti apmokyti atpa\u017einti galimus pavojus, susijusius su hidraulin\u0117mis sistemomis, \u012fskaitant auk\u0161to sl\u0117gio ir skys\u010di\u0173 nuot\u0117kio rizik\u0105. Saugos protokol\u0173 \u012fgyvendinimas gali suma\u017einti nelaiming\u0173 atsitikim\u0173 darbo vietoje skai\u010di\u0173 ir u\u017etikrinti saugi\u0105 darbo aplink\u0105.<\/p>\n<h2>Gedim\u0173 diagnostika ir da\u017eniausios problemos<\/h2>\n<ul>\n<li><strong>Nuot\u0117kis:<\/strong> Da\u017ena problema, kuri gali kilti d\u0117l susid\u0117v\u0117jusi\u0173 sandarikli\u0173 arba netinkamo montavimo. Norint anksti aptikti nuot\u0117kius, reikia reguliariai atlikti patikrinimus.<\/li>\n<li><strong>Suma\u017eintas na\u0161umas:<\/strong> Jei str\u0117l\u0117s cilindras neveikia taip, kaip tik\u0117tasi, tai gali rodyti hidraulinio skys\u010dio nuot\u0117k\u012f arba u\u017eter\u0161tum\u0105. Reik\u0117t\u0173 atlikti i\u0161samius patikrinimus, kad b\u016bt\u0173 nustatyta pagrindin\u0117 prie\u017eastis.<\/li>\n<li><strong>Triuk\u0161mas veikimo metu:<\/strong> Ne\u012fprasti garsai gali signalizuoti apie vidin\u012f susid\u0117v\u0117jim\u0105 arba \u017eem\u0105 skys\u010di\u0173 lyg\u012f. Greitas \u0161i\u0173 problem\u0173 sprendimas gali pad\u0117ti i\u0161vengti tolesn\u0117s \u017ealos.<\/li>\n<\/ul>\n<h2>Trik\u010di\u0173 \u0161alinimo patarimai<\/h2>\n<p>Nor\u0117dami veiksmingai diagnozuoti ir i\u0161spr\u0119sti problemas, operatoriai tur\u0117t\u0173 prad\u0117ti nuo vizualin\u0117s ap\u017ei\u016bros, kad nustatyt\u0173 visus matomus pa\u017eeidimo ar susid\u0117v\u0117jimo po\u017eymius. Skys\u010di\u0173 lygio ir kokyb\u0117s tikrinimas taip pat gali suteikti \u012f\u017evalg\u0173 apie na\u0161umo problemas. Technin\u0117s prie\u017ei\u016bros darb\u0173 ir problem\u0173 \u017eurnalas gali pad\u0117ti atpa\u017einti d\u0117sningumus ir spr\u0119sti pasikartojan\u010dias problemas.<\/p>\n<p><img decoding=\"async\" src=\"https:\/\/www.hydraulic-cylinders.net\/wp-content\/uploads\/2025\/04\/songte-bushings-with-all-kinds-of-excavator-models.webp\" alt=\"Ekskavatoriaus \u012fvor\u0117s\"><\/p>\n<h2>Apie m\u016bs\u0173 \u012fmon\u0119<\/h2>\n<p>Esame pirmaujantis pakaitini\u0173 hidraulini\u0173 cilindr\u0173 gamintojas, si\u016blantis plat\u0173 gamini\u0173 asortiment\u0105 ir tampantis pagrindiniu \u017eaid\u0117ju tiek vidaus, tiek tarptautin\u0117se rinkose. M\u016bs\u0173 \u012fsipareigojimas siekti meistri\u0161kumo atsispindi rafinuotose gamybos strategijose, kuriose naudojamos pa\u017eangios technologijos, kvalifikuotas personalas ir tvirta kokyb\u0117s kontrol\u0117s sistema. Siekdami patenkinti \u012fvairius klient\u0173 poreikius, orientuojam\u0117s \u012f didel\u012f efektyvum\u0105, tikslum\u0105 ir kokyb\u0119.<\/p>\n<p>M\u016bs\u0173 patirtis apima individualiai pritaikyt\u0173 paslaug\u0173 teikim\u0105, tarptautini\u0173 sertifikat\u0173 laikym\u0105si ir i\u0161skirtin\u012f aptarnavim\u0105 po pardavimo, u\u017etikrinant, kad m\u016bs\u0173 klientai gaut\u0173 auk\u0161\u010diausios klas\u0117s produktus, pritaikytus j\u0173 konkre\u010dioms reikm\u0117ms.<\/p>\n<p><img decoding=\"async\" src=\"https:\/\/www.hydraulic-cylinders.net\/wp-content\/uploads\/2025\/04\/songte-company-4.webp\" alt=\"\u012emon\u0117s ap\u017evalga\"><br \/>\n<img decoding=\"async\" src=\"https:\/\/www.hydraulic-cylinders.net\/wp-content\/uploads\/2025\/04\/songte-company-3.webp\" alt=\"Gamybos procesas\"><\/p>\n<p>Autorius: lyl<\/p>","protected":false},"excerpt":{"rendered":"<p>Boom Cylinder For World Small Excavator W2150-8 Definition of Boom Cylinder The Boom Cylinder is a vital hydraulic component specifically designed to manage the movement of buckets in heavy machinery such as excavators, backhoe loaders, and front loaders. This hydraulic cylinder allows the bucket to lift, lower, and tilt, facilitating efficient material handling tasks. It [&hellip;]<\/p>","protected":false},"featured_media":17876,"comment_status":"open","ping_status":"closed","template":"","meta":{"_et_pb_use_builder":"","_et_pb_old_content":"","_et_gb_content_width":""},"product_brand":[],"product_cat":[1546],"product_tag":[1547,1496],"class_list":{"0":"post-19462","1":"product","2":"type-product","3":"status-publish","4":"has-post-thumbnail","6":"product_cat-boom-cylinders","7":"product_tag-boom-cylinders","8":"product_tag-hydraulic-cylinders","10":"first","11":"instock","12":"shipping-taxable","13":"product-type-simple"},"amp_enabled":true,"_links":{"self":[{"href":"https:\/\/www.hydraulic-cylinders.net\/lt\/wp-json\/wp\/v2\/product\/19462","targetHints":{"allow":["GET"]}}],"collection":[{"href":"https:\/\/www.hydraulic-cylinders.net\/lt\/wp-json\/wp\/v2\/product"}],"about":[{"href":"https:\/\/www.hydraulic-cylinders.net\/lt\/wp-json\/wp\/v2\/types\/product"}],"replies":[{"embeddable":true,"href":"https:\/\/www.hydraulic-cylinders.net\/lt\/wp-json\/wp\/v2\/comments?post=19462"}],"wp:featuredmedia":[{"embeddable":true,"href":"https:\/\/www.hydraulic-cylinders.net\/lt\/wp-json\/wp\/v2\/media\/17876"}],"wp:attachment":[{"href":"https:\/\/www.hydraulic-cylinders.net\/lt\/wp-json\/wp\/v2\/media?parent=19462"}],"wp:term":[{"taxonomy":"product_brand","embeddable":true,"href":"https:\/\/www.hydraulic-cylinders.net\/lt\/wp-json\/wp\/v2\/product_brand?post=19462"},{"taxonomy":"product_cat","embeddable":true,"href":"https:\/\/www.hydraulic-cylinders.net\/lt\/wp-json\/wp\/v2\/product_cat?post=19462"},{"taxonomy":"product_tag","embeddable":true,"href":"https:\/\/www.hydraulic-cylinders.net\/lt\/wp-json\/wp\/v2\/product_tag?post=19462"}],"curies":[{"name":"wp","href":"https:\/\/api.w.org\/{rel}","templated":true}]}}