{"id":19464,"date":"2025-04-07T06:48:59","date_gmt":"2025-04-07T06:48:59","guid":{"rendered":"https:\/\/www.hydraulic-cylinders.net\/product\/boom-cylinder-for-world-middle-excavator-w2225lc-8\/"},"modified":"2025-04-07T06:49:02","modified_gmt":"2025-04-07T06:49:02","slug":"boom-cylinder-for-world-middle-excavator-w2225lc-8","status":"publish","type":"product","link":"https:\/\/www.hydraulic-cylinders.net\/lt\/produktas\/boom-cylinder-for-world-middle-excavator-w2225lc-8\/","title":{"rendered":"Str\u0117l\u0117s cilindras pasauliniam vidutiniam ekskavatoriui W2225LC-8"},"content":{"rendered":"<h1>Str\u0117l\u0117s cilindras pasauliniam vidutiniam ekskavatoriui W2225LC-8<\/h1>\n<h2>Str\u0117l\u0117s cilindro ap\u017evalga<\/h2>\n<p>Specialiai sunkiosioms ma\u0161inoms, tokioms kaip ekskavatoriai, skirtas str\u0117l\u0117s cilindras atlieka itin svarb\u0173 vaidmen\u012f hidraulin\u0117se sistemose. \u0160io tipo hidraulinis cilindras yra b\u016btinas norint valdyti kau\u0161o jud\u0117jim\u0105 ekskavatoriuose, ekskavatoriniuose krautuvuose ir frontaliniuose krautuvuose. Hidraulinis cilindras leid\u017eia kau\u0161\u0105 pakelti, nuleisti ir pakreipti, tod\u0117l lengviau ir efektyviau atlikti med\u017eiag\u0173 transportavimo u\u017eduotis.<\/p>\n<p><img decoding=\"async\" src=\"https:\/\/www.hydraulic-cylinders.net\/wp-content\/uploads\/2025\/04\/songte-company-1.webp\" alt=\"Str\u0117l\u0117s cilindras\"><\/p>\n<h3>Kau\u0161\u0173 cilindr\u0173 funkcija ir pritaikymas<\/h3>\n<p>Kau\u0161\u0173 cilindrai yra hidrauliniai cilindrai, specialiai sukurti sunkiosioms ma\u0161inoms valdyti. Jie yra gyvybi\u0161kai svarb\u016bs kasimo procese, nes leid\u017eia operatoriams efektyviai kasti ir perkelti \u017eem\u0119 bei \u0161iuk\u0161les. \u0160i\u0173 cilindr\u0173 funkcionalumas u\u017etikrina, kad \u012franga gal\u0117t\u0173 atlikti \u012fvairias u\u017eduotis \u2013 nuo \u200b\u200bkasimo iki k\u0117limo, kurios yra labai svarbios statybos ir kasimo projektuose.<\/p>\n<h2>Str\u0117l\u0117s cilindro savyb\u0117s<\/h2>\n<ul>\n<li><strong>Didelis stiprumas ir ilgaam\u017ei\u0161kumas:<\/strong> Paprastai pagaminti i\u0161 didelio stiprumo plieno arba aliuminio, \u0161ie cilindrai gali atlaikyti auk\u0161t\u0105 sl\u0117g\u012f ir dideles apkrovas, tod\u0117l tinka at\u0161iaurioms darbo aplinkoms.<\/li>\n<li><strong>Efektyvus hidraulinis valdymas:<\/strong> Naudojant hidraulin\u0117s alyvos sl\u0117g\u012f skland\u017eiam i\u0161st\u016bmimui ir \u012ftraukimui, jie greitai reaguoja \u012f operatoriaus komandas ir u\u017etikrina galingas st\u016bmimo bei traukimo galimybes.<\/li>\n<li><strong>\u012evair\u016bs tipai:<\/strong> Galima \u012fsigyti vieno veikimo (veikian\u010di\u0173 viena kryptimi) arba dvigubo veikimo (veikian\u010di\u0173 abiem kryptimis) cilindr\u0173, kad b\u016bt\u0173 galima patenkinti skirtingus eksploatacinius poreikius; kai kurie modeliai yra teleskopiniai, tod\u0117l galimas didesnis i\u0161pl\u0117timas nedidinant i\u0161orini\u0173 matmen\u0173.<\/li>\n<li><strong>Pritaikomos parinktys:<\/strong> Galimi individualiai pritaikyti sprendimai konkre\u010diai technikai ir pritaikymams, u\u017etikrinantys optimal\u0173 na\u0161um\u0105 \u012fvairiais atvejais.<\/li>\n<li><strong>Prie\u017ei\u016brai draugi\u0161kas dizainas:<\/strong> Sukurta lengvai prie\u017ei\u016brai, leid\u017eianti operatoriams atlikti reguliarius patikrinimus ir remont\u0105 be ilg\u0173 prastov\u0173.<\/li>\n<\/ul>\n<p>Mes gaminame \u0161\u012f produkt\u0105, o m\u016bs\u0173 cilindrai gali puikiai pakeisti esamus hidraulinius cilindrus rinkoje.<\/p>\n<p><img decoding=\"async\" src=\"https:\/\/www.hydraulic-cylinders.net\/wp-content\/uploads\/2025\/04\/songte-cylinder-head-with-all-kinds-excavator-models.webp\" alt=\"Ekskavatori\u0173 modeliai\"><\/p>\n<h2>Str\u0117l\u0117s cilindr\u0173 pritaikymas<\/h2>\n<h3>Statybin\u0117 \u012franga<\/h3>\n<p>Statybin\u0117je \u012frangoje, tokioje kaip ekskavatoriai, str\u0117l\u0117s cilindrai yra b\u016btini kasant, kraunant ir perkeliant grunt\u0105 ar \u0161iuk\u0161les. Hidraulin\u0117 j\u0117ga leid\u017eia operatoriui valdyti kau\u0161o gyl\u012f ir kamp\u0105, u\u017etikrinant tikslum\u0105 atliekant kasimo darbus.<\/p>\n<h3>\u017dem\u0117s \u016bkio technika<\/h3>\n<p>Priekiniai krautuvai da\u017enai naudoja str\u0117l\u0117s cilindrus dirvo\u017eemiui, \u0161ienui ir kitoms med\u017eiagoms semti, kelti ir transportuoti. \u0160i\u0173 cilindr\u0173 efektyvumas tiesiogiai veikia \u017eem\u0117s \u016bkio darb\u0173 produktyvum\u0105, tod\u0117l jie yra ne\u012fkainojami \u0161iuolaikin\u0117se \u016bkininkavimo technikose.<\/p>\n<h3>Ekskavatoriai<\/h3>\n<p>Ekskavatoriuose str\u0117l\u0117s cilindrai palengvina kasimo judes\u012f, leisdami kau\u0161ui \u012fsiskverbti \u012f dirv\u0105. \u0160i funkcija yra labai svarbi efektyviam kasimui, u\u017etikrinant, kad ma\u0161ina gal\u0117t\u0173 efektyviai atlikti savo u\u017eduotis be per didel\u0117s hidraulin\u0117s sistemos apkrovos.<\/p>\n<h3>Krautuvai<\/h3>\n<p>Priekiniuose krautuvuose str\u0117l\u0117s cilindrai padeda efektyviai kelti ir i\u0161versti krovinius. J\u0173 konstrukcija leid\u017eia skland\u017eiai pereiti nuo pakrovimo iki i\u0161krovimo, optimizuojant darbo eig\u0105 statybviet\u0117se ir kitose med\u017eiag\u0173 tvarkymo aplinkose.<\/p>\n<h2>Projektavimo aspektai ir atrankos kriterijai<\/h2>\n<ul>\n<li><strong>Keliamoji galia:<\/strong> Konstrukcija turi atlaikyti did\u017eiausi\u0105 numatom\u0105 apkrov\u0105 be gedim\u0173, u\u017etikrinant, kad cilindras gal\u0117t\u0173 veikti esant sl\u0117giui ir laikui b\u0117gant i\u0161laikyt\u0173 konstrukcijos vientisum\u0105.<\/li>\n<li><strong>Sandarinimas:<\/strong> Efektyvus sandarinimas yra labai svarbus siekiant i\u0161vengti hidraulinio skys\u010dio nuot\u0117kio, kuris gali suma\u017einti efektyvum\u0105 ir sukelti sistemos gedimus. Tinkami sandarikliai taip pat u\u017etikrina, kad \u012f hidraulin\u0119 sistem\u0105 nepatekt\u0173 ter\u0161al\u0173, taip pailginant cilindro tarnavimo laik\u0105.<\/li>\n<li><strong>Patvarumas:<\/strong> Med\u017eiagos turi b\u016bti parenkamos atsi\u017evelgiant \u012f j\u0173 atsparum\u0105 dilimui, u\u017etikrinant, kad cilindras atlaikyt\u0173 sunkias apkrovas. Tai apima atsparum\u0105 korozijai ir dilimui, kurie gali labai paveikti eksploatacines savybes.<\/li>\n<li><strong>Saugumas:<\/strong> Projekte turi b\u016bti numatytos saugos priemon\u0117s, skirtos i\u0161vengti nelaiming\u0173 atsitikim\u0173 eksploatacijos metu. Tai apima sl\u0117gio ma\u017einimo vo\u017etuvus ir avarinio stabdymo mechanizmus, skirtus operatoriams ir ma\u0161inoms apsaugoti.<\/li>\n<li><strong>Prie\u017ei\u016bra:<\/strong> Konstrukcija tur\u0117t\u0173 u\u017etikrinti lengv\u0105 prieig\u0105 techninei prie\u017ei\u016brai ir remontui. Tai padeda suma\u017einti prastovas ir u\u017etikrina optimali\u0105 hidraulini\u0173 sistem\u0173 darbin\u0119 b\u016bkl\u0119.<\/li>\n<\/ul>\n<p><img decoding=\"async\" src=\"https:\/\/www.hydraulic-cylinders.net\/wp-content\/uploads\/2025\/04\/songte-oil-pipes-and-spare-parts.webp\" alt=\"Naftos vamzd\u017eiai ir atsargin\u0117s dalys\"><\/p>\n<h2>Str\u0117l\u0117s cilindro sandarinimas ir tepimas<\/h2>\n<p>Tinkamas sandarinimas ir tepimas yra labai svarb\u016bs efektyviam str\u0117l\u0117s cilindr\u0173 veikimui. \u012evair\u016bs sandarinimo komponentai, \u012fskaitant st\u016bmokli\u0173 ir stryp\u0173 sandariklius, naudojami siekiant u\u017etikrinti, kad hidraulinis skystis likt\u0173 sistemoje. Sandarikliai gali b\u016bti pagaminti i\u0161 toki\u0173 med\u017eiag\u0173 kaip poliuretanas ir nitrilo kau\u010diukas, kad b\u016bt\u0173 patvar\u016bs ir atspar\u016bs dilimui.<\/p>\n<p>Cilindro korpusas ir srieginiai galiniai pavir\u0161iai turi b\u016bti kruop\u0161\u010diai apdirbti, kad padid\u0117t\u0173 atsparumas dilimui. Taip pat b\u016btina reguliariai tepti, tod\u0117l operatoriai turi periodi\u0161kai \u012fpilti reikiam\u0105 kiek\u012f hidraulin\u0117s alyvos, kad b\u016bt\u0173 u\u017etikrintas sklandus veikimas ir i\u0161vengta judan\u010di\u0173 dali\u0173 susid\u0117v\u0117jimo.<\/p>\n<h2>Prevencin\u0117s prie\u017ei\u016bros priemon\u0117s<\/h2>\n<ul>\n<li><strong>Reguliar\u016bs patikrinimai:<\/strong> Atlikite kruop\u0161\u010dius str\u0117l\u0117s cilindro patikrinimus, kad nustatytum\u0117te bet kokius susid\u0117v\u0117jimo, nuot\u0117ki\u0173 ar pa\u017eeidim\u0173 po\u017eymius. Reguliar\u016bs patikrinimai padeda pasteb\u0117ti problemas, kol jos neperauga \u012f brang\u0173 remont\u0105.<\/li>\n<li><strong>Tinkamas tepimas:<\/strong> \u012esitikinkite, kad hidraulin\u0117 sistema yra tinkamai sutepta. Norint i\u0161laikyti optimal\u0173 na\u0161um\u0105 ir i\u0161vengti perkaitimo, reikia naudoti tinkamo tipo ir kiekio hidraulin\u0119 alyv\u0105.<\/li>\n<li><strong>Sandariklio keitimas:<\/strong> Reguliariai tikrinkite, ar sandarikliai n\u0117ra susid\u0117v\u0117j\u0119 ar pa\u017eeisti, ir prireikus juos pakeiskite. Norint i\u0161vengti hidraulinio skys\u010dio nuot\u0117kio ir u\u017etikrinti efektyv\u0173 veikim\u0105, labai svarbu palaikyti veiksmingus sandariklius.<\/li>\n<\/ul>\n<h2>Str\u0117l\u0117s cilindro montavimo gair\u0117s<\/h2>\n<p>Tinkamas str\u0117l\u0117s cilindro montavimas yra b\u016btinas optimaliam veikimui. Pirmiausia \u012fsitikinkite, kad montavimo vieta yra \u0161vari ir be \u0161iuk\u0161li\u0173. Tinkamai sulygiuokite cilindr\u0105, kad i\u0161vengtum\u0117te tvirtinimo element\u0173 \u012ftempimo ir u\u017etikrintum\u0117te skland\u0173 veikim\u0105.<\/p>\n<p>Balionui pritvirtinti naudokite tinkamus tvirtinimo laikiklius. \u0160ie laikikliai turi b\u016bti pakankamai tvirti, kad atlaikyt\u0173 eksploatacines apkrovas nesulinkdami ir nel\u016b\u017edami. \u012ereng\u0119 patikrinkite lygiavim\u0105 ir veikim\u0105 prie\u0161 prad\u0117dami naudoti \u012frang\u0105. Reguliariai steb\u0117kite baliono veikim\u0105 po \u012frengimo, kad u\u017etikrintum\u0117te ilgaam\u017ei\u0161kum\u0105 ir patikimum\u0105.<\/p>\n<h2>\u012eprastos prie\u017ei\u016bros u\u017eduotys<\/h2>\n<ul>\n<li><strong>Reguliar\u016bs patikrinimai:<\/strong> Labai svarbu atlikti reguliarius str\u0117l\u0117s cilindro patikrinimus. Tai apima nuot\u0117ki\u0173 patikrinim\u0105, sandarikli\u0173 b\u016bkl\u0117s \u012fvertinim\u0105 ir vis\u0173 komponent\u0173 tinkamo veikimo u\u017etikrinim\u0105.<\/li>\n<li><strong>Tinkamas tepimas:<\/strong> Adequate lubrication is necessary for maintaining the cylinder&#8217;s performance. Operators should ensure that the hydraulic oil levels are sufficient and that the correct type of oil is used for lubrication.<\/li>\n<li><strong>Sandariklio keitimas ir kalibravimas:<\/strong> Reguliariai keisti susid\u0117v\u0117jusius sandariklius ir u\u017etikrinti tinkam\u0105 hidraulin\u0117s sistemos kalibravim\u0105 yra labai svarbu siekiant i\u0161vengti eksploatacini\u0173 gedim\u0173. Kalibravimas u\u017etikrina, kad sistema veikt\u0173 pagal nurodytus parametrus, taip padidinant efektyvum\u0105 ir saug\u0105.<\/li>\n<\/ul>\n<p><img decoding=\"async\" src=\"https:\/\/www.hydraulic-cylinders.net\/wp-content\/uploads\/2025\/04\/songte-chushion-collar.webp\" alt=\"Pagalv\u0117l\u0117s apykakl\u0117\"><\/p>\n<h2>Saugos aspektai ir aplinkos veiksniai<\/h2>\n<p>Naudojant str\u0117l\u0117s cilindrus, itin svarbu \u012fdiegti saugos priemones. Operatoriai tur\u0117t\u0173 b\u016bti apmokyti atpa\u017einti galimus pavojus ir laikytis saugos protokol\u0173, kad b\u016bt\u0173 suma\u017einta rizika. \u012eranga tur\u0117t\u0173 b\u016bti reguliariai tikrinama, siekiant u\u017etikrinti saugias darbo s\u0105lygas. Be to, reikia atsi\u017evelgti \u012f aplinkosaugos aspektus, pavyzd\u017eiui, u\u017ekirsti keli\u0105 hidraulinio skys\u010dio nuot\u0117kiui, kuris gal\u0117t\u0173 pakenkti aplinkinei teritorijai.<\/p>\n<h2>Gedim\u0173 diagnostika ir da\u017eniausios problemos<\/h2>\n<ul>\n<li><strong>Nuot\u0117kis:<\/strong> Hidraulinio skys\u010dio nuot\u0117kis gali atsirasti d\u0117l susid\u0117v\u0117jusi\u0173 sandarikli\u0173 arba pa\u017eeist\u0173 \u017earn\u0173. Norint anksti nustatyti nuot\u0117kius, b\u016btina reguliariai juos tikrinti.<\/li>\n<li><strong>Galios praradimas:<\/strong> Hidraulin\u0117s galios suma\u017e\u0117jimas gali rodyti \u017eem\u0105 skys\u010dio lyg\u012f arba u\u017esikim\u0161imus hidraulin\u0117je sistemoje. Skys\u010di\u0173 lygio ir linij\u0173 patikrinimas gali pad\u0117ti i\u0161spr\u0119sti \u0161i\u0105 problem\u0105.<\/li>\n<li><strong>Nenuoseklus jud\u0117jimas:<\/strong> Jei str\u0117l\u0117s cilindras skland\u017eiai nei\u0161siple\u010dia arba nesusitraukia, tai gali b\u016bti d\u0117l nepakankamo tepimo arba vidini\u0173 pa\u017eeidim\u0173. Norint i\u0161spr\u0119sti \u0161i\u0105 problem\u0105, b\u016btina atlikti trik\u010di\u0173 \u0161alinim\u0105 ir technin\u0119 prie\u017ei\u016br\u0105.<\/li>\n<\/ul>\n<p>Siekdami veiksmingai diagnozuoti ir i\u0161spr\u0119sti problemas, operatoriai tur\u0117t\u0173 tur\u0117ti trik\u010di\u0173 \u0161alinimo kontrolin\u012f s\u0105ra\u0161\u0105. \u0160iame kontroliniame s\u0105ra\u0161e tur\u0117t\u0173 b\u016bti nurodyti simptom\u0173 nustatymo, galim\u0173 prie\u017eas\u010di\u0173 vertinimo ir taisom\u0173j\u0173 veiksm\u0173 \u012fgyvendinimo veiksmai. Prevencin\u0117s priemon\u0117s, tokios kaip reguliari prie\u017ei\u016bra ir atidus steb\u0117jimas, gali gerokai suma\u017einti problem\u0173 atsiradimo tikimyb\u0119.<\/p>\n<p><img decoding=\"async\" src=\"https:\/\/www.hydraulic-cylinders.net\/wp-content\/uploads\/2025\/04\/songte-bushings-with-all-kinds-of-excavator-models.webp\" alt=\"Ekskavatori\u0173 modeli\u0173 \u012fvor\u0117s\"><\/p>\n<h2>\u012emon\u0117s ap\u017evalga<\/h2>\n<p>Esame pirmaujantis pakaitini\u0173 hidraulini\u0173 cilindr\u0173 gamintojas, si\u016blantis plat\u0173 gamini\u0173 asortiment\u0105, skirt\u0105 tiek vidaus, tiek tarptautinei rinkai. M\u016bs\u0173 \u012fsipareigojim\u0105 siekti nepriekai\u0161tingos kokyb\u0117s palaiko sud\u0117tinga gamybos valdymo strategija ir pa\u017eangi technologin\u0117 integracija.<\/p>\n<p>We pride ourselves on our technical expertise and investment in high-end digital manufacturing equipment, ensuring that our products meet stringent quality standards. Our robust R&#038;D capabilities allow us to innovate continuously, and we offer customized solutions tailored to meet diverse customer requirements.<\/p>\n<p><img decoding=\"async\" src=\"https:\/\/www.hydraulic-cylinders.net\/wp-content\/uploads\/2025\/04\/songte-company-4.webp\" alt=\"\u012emon\u0117s ap\u017evalga 1\"><br \/>\n<img decoding=\"async\" src=\"https:\/\/www.hydraulic-cylinders.net\/wp-content\/uploads\/2025\/04\/songte-company-3.webp\" alt=\"\u012emon\u0117s ap\u017evalga 2\"><\/p>\n<p>M\u016bs\u0173 atsidavimas teikti tarptautinius sertifikatus, individualias paslaugas ir i\u0161skirtin\u012f aptarnavim\u0105 po pardavimo i\u0161skiria mus hidraulini\u0173 cilindr\u0173 gamybos pramon\u0117je. Siekiame didelio efektyvumo, tikslumo ir kokyb\u0117s visose savo operacijose, kad patenkintume \u012fvairius klient\u0173 poreikius.<\/p>\n<p>Autorius: lyl<\/p>","protected":false},"excerpt":{"rendered":"<p>Boom Cylinder For World Middle Excavator W2225LC-8 Overview of the Boom Cylinder The boom cylinder, specifically designed for heavy machinery such as excavators, plays a critical role in hydraulic systems. This type of hydraulic cylinder is essential for controlling the movement of the bucket in excavators, backhoe loaders, and front loaders. The hydraulic cylinder enables [&hellip;]<\/p>","protected":false},"featured_media":17878,"comment_status":"open","ping_status":"closed","template":"","meta":{"_et_pb_use_builder":"","_et_pb_old_content":"","_et_gb_content_width":""},"product_brand":[],"product_cat":[1546],"product_tag":[1547,1496],"class_list":{"0":"post-19464","1":"product","2":"type-product","3":"status-publish","4":"has-post-thumbnail","6":"product_cat-boom-cylinders","7":"product_tag-boom-cylinders","8":"product_tag-hydraulic-cylinders","10":"first","11":"instock","12":"shipping-taxable","13":"product-type-simple"},"amp_enabled":true,"_links":{"self":[{"href":"https:\/\/www.hydraulic-cylinders.net\/lt\/wp-json\/wp\/v2\/product\/19464","targetHints":{"allow":["GET"]}}],"collection":[{"href":"https:\/\/www.hydraulic-cylinders.net\/lt\/wp-json\/wp\/v2\/product"}],"about":[{"href":"https:\/\/www.hydraulic-cylinders.net\/lt\/wp-json\/wp\/v2\/types\/product"}],"replies":[{"embeddable":true,"href":"https:\/\/www.hydraulic-cylinders.net\/lt\/wp-json\/wp\/v2\/comments?post=19464"}],"wp:featuredmedia":[{"embeddable":true,"href":"https:\/\/www.hydraulic-cylinders.net\/lt\/wp-json\/wp\/v2\/media\/17878"}],"wp:attachment":[{"href":"https:\/\/www.hydraulic-cylinders.net\/lt\/wp-json\/wp\/v2\/media?parent=19464"}],"wp:term":[{"taxonomy":"product_brand","embeddable":true,"href":"https:\/\/www.hydraulic-cylinders.net\/lt\/wp-json\/wp\/v2\/product_brand?post=19464"},{"taxonomy":"product_cat","embeddable":true,"href":"https:\/\/www.hydraulic-cylinders.net\/lt\/wp-json\/wp\/v2\/product_cat?post=19464"},{"taxonomy":"product_tag","embeddable":true,"href":"https:\/\/www.hydraulic-cylinders.net\/lt\/wp-json\/wp\/v2\/product_tag?post=19464"}],"curies":[{"name":"wp","href":"https:\/\/api.w.org\/{rel}","templated":true}]}}