{"id":19467,"date":"2025-04-07T06:49:07","date_gmt":"2025-04-07T06:49:07","guid":{"rendered":"https:\/\/www.hydraulic-cylinders.net\/product\/boom-cylinder-for-world-large-excavator-w2500lc-8\/"},"modified":"2025-04-07T06:49:09","modified_gmt":"2025-04-07T06:49:09","slug":"boom-cylinder-for-world-large-excavator-w2500lc-8","status":"publish","type":"product","link":"https:\/\/www.hydraulic-cylinders.net\/lt\/produktas\/boom-cylinder-for-world-large-excavator-w2500lc-8\/","title":{"rendered":"Str\u0117l\u0117s cilindras pasauliniam dideliam ekskavatoriui W2500LC-8"},"content":{"rendered":"<h1>Str\u0117l\u0117s cilindras pasauliniam dideliam ekskavatoriui W2500LC-8<\/h1>\n<h2>\u012evadas \u012f str\u0117l\u0117s cilindrus<\/h2>\n<p>Str\u0117l\u0117s cilindras yra esminis sunkiosios technikos, ypa\u010d ekskavatori\u0173, ekskavatorini\u0173 krautuv\u0173 ir frontalini\u0173 krautuv\u0173, hidraulini\u0173 sistem\u0173 komponentas. \u0160is hidraulinis cilindras yra specialiai sukurtas kau\u0161o jud\u0117jimui valdyti, leid\u017eiant jam pakelti, nuleisti ir pakreipti atliekant \u012fvairias med\u017eiag\u0173 tvarkymo u\u017eduotis. Efektyvus str\u0117l\u0117s cilindro veikimas \u017eymiai padidina \u0161i\u0173 ma\u0161in\u0173 eksploatacines galimybes, tod\u0117l jos yra nepakei\u010diamos statybose ir \u017eem\u0117s \u016bkio veikloje.<\/p>\n<p><img decoding=\"async\" src=\"https:\/\/www.hydraulic-cylinders.net\/wp-content\/uploads\/2025\/04\/songte-company-1.webp\" alt=\"Str\u0117l\u0117s cilindras\" \/><\/p>\n<h3>Apibr\u0117\u017eimas ir ap\u017evalga<\/h3>\n<p>Str\u0117l\u0117s cilindras yra hidraulinio cilindro tipas, atliekantis gyvybi\u0161kai svarb\u0173 vaidmen\u012f sunkiosios technikos str\u0117l\u0117s svirties jud\u0117jime. Jis hidraulin\u012f sl\u0117g\u012f paver\u010dia mechanine j\u0117ga, tod\u0117l str\u0117l\u0117 gali skland\u017eiai i\u0161skleisti ir susitraukti. \u0160i funkcija yra labai svarbi atliekant tokias u\u017eduotis kaip kasimas, k\u0117limas ir med\u017eiag\u0173 transportavimas. Str\u0117l\u0117s cilindrai, galintys atlaikyti auk\u0161t\u0105 sl\u0117g\u012f, yra sukurti taip, kad b\u016bt\u0173 patvar\u016bs ir patikimi, u\u017etikrinant, kad jie gal\u0117t\u0173 efektyviai veikti at\u0161iauriomis s\u0105lygomis.<\/p>\n<h2>Pagrindin\u0117s str\u0117l\u0117s cilindro savyb\u0117s<\/h2>\n<ul>\n<li><strong>Didelis stiprumas ir ilgaam\u017ei\u0161kumas:<\/strong> Paprastai pagaminti i\u0161 didelio stiprumo plieno arba aliuminio, \u0161ie cilindrai gali atlaikyti auk\u0161t\u0105 sl\u0117g\u012f ir dideles apkrovas, yra atspar\u016bs dilimui ir korozijai, tod\u0117l pailgina j\u0173 tarnavimo laik\u0105.<\/li>\n<li><strong>Efektyvus hidraulinis valdymas:<\/strong> Jie naudoja hidraulin\u0117s alyvos sl\u0117g\u012f, kad skland\u017eiai i\u0161skleist\u0173 ir atitraukt\u0173, greitai reaguot\u0173 \u012f operatoriaus komandas ir u\u017etikrint\u0173 galingas st\u016bmimo bei traukimo j\u0117gas, idealiai tinkan\u010dias sunkioms ir sud\u0117tingoms u\u017eduotims atlikti.<\/li>\n<li><strong>\u012evair\u016bs tipai:<\/strong> Kai kurie modeliai yra teleskopiniai, tod\u0117l juos galima i\u0161pl\u0117sti nedidinant i\u0161orini\u0173 matmen\u0173, kai erdv\u0117 ribota. Jie gali b\u016bti vienpusio veikimo (hidraulin\u0117 j\u0117ga naudojama viena kryptimi) arba dvipusio veikimo (hidraulin\u0117 j\u0117ga naudojama abiem kryptimis).<\/li>\n<\/ul>\n<h3>M\u016bs\u0173 gamybos paj\u0117gumai<\/h3>\n<p>\u0160\u012f gamin\u012f gaminame tiksliai, u\u017etikrindami, kad m\u016bs\u0173 hidrauliniai cilindrai puikiai pakeist\u0173 esamus \u012fvairi\u0173 sunki\u0173j\u0173 ma\u0161in\u0173 modelius. M\u016bs\u0173 gaminiai yra sukurti taip, kad atitikt\u0173 grie\u017etus kokyb\u0117s standartus, tod\u0117l jie yra patikimas klient\u0173 pasirinkimas.<\/p>\n<p><img decoding=\"async\" src=\"https:\/\/www.hydraulic-cylinders.net\/wp-content\/uploads\/2025\/04\/songte-cylinder-head-with-all-kinds-excavator-models.webp\" alt=\"Ekskavatori\u0173 modeliai\" \/><\/p>\n<h2>Str\u0117l\u0117s cilindr\u0173 taikymo scenarijai<\/h2>\n<h3>Statybin\u0117 \u012franga<\/h3>\n<p>Ekskavatoriuose str\u0117l\u0117s cilindrai yra labai svarb\u016bs kasant, kraunant ir perkeliant \u017eem\u0119 ar \u0161iuk\u0161les. J\u0173 geb\u0117jimas u\u017etikrinti didel\u0119 k\u0117limo gali\u0105 leid\u017eia efektyviai dirbti atliekant \u012fvairias statybos u\u017eduotis. Ekskavatoriuose-krautuvuose str\u0117l\u0117s cilindras padeda tiek kasant, tiek keliant, padidindamas ma\u0161inos universalum\u0105 darbo vietose.<\/p>\n<h3>\u017dem\u0117s \u016bkio technika<\/h3>\n<p>Priekini\u0173 krautuv\u0173 str\u0117l\u0117s cilindrai yra b\u016btini dirvo\u017eemio, \u0161ieno ir kit\u0173 med\u017eiag\u0173 k\u0117limui, k\u0117limui ir transportavimui. Jie palengvina greit\u0105 ir efektyv\u0173 med\u017eiag\u0173 tvarkym\u0105, o tai b\u016btina norint optimizuoti na\u0161um\u0105 \u016bkiuose.<\/p>\n<h3>Ekskavatoriai<\/h3>\n<p>Ekskavatoriuose str\u0117l\u0117s cilindras leid\u017eia kau\u0161ui efektyviai \u012fsiskverbti \u012f \u017eem\u0119, tod\u0117l galima atlikti efektyvius kasimo darbus. Tvirta konstrukcija u\u017etikrina, kad jie atlaikyt\u0173 \u012ftempius, kylan\u010dius skverbiantis \u012f sunkias dirvo\u017eemio s\u0105lygas.<\/p>\n<h3>Krautuvai<\/h3>\n<p>Priekiniuose krautuvuose str\u0117l\u0117s cilindrai padeda efektyviai kelti ir i\u0161versti krovinius. J\u0173 geb\u0117jimas u\u017etikrinti didel\u0119 k\u0117limo j\u0117g\u0105 u\u017etikrina produktyvum\u0105 ir efektyvum\u0105 atliekant med\u017eiag\u0173 tvarkymo u\u017eduotis.<\/p>\n<h2>Str\u0117l\u0117s cilindr\u0173 projektavimo aspektai<\/h2>\n<h3>Keliamoji galia<\/h3>\n<p>Str\u0117l\u0117s cilindr\u0173 keliamoji galia yra labai svarbus projektavimo aspektas. Ji lemia, kiek svorio cilindras gali saugiai pakelti ir valdyti. In\u017einieriai turi u\u017etikrinti, kad cilindras atlaikyt\u0173 did\u017eiausias tik\u0117tinas apkrovas eksploatacijos metu nepakenkdamas saugumui ar na\u0161umui. Tai apima tinkam\u0173 med\u017eiag\u0173 ir matmen\u0173 pasirinkim\u0105, siekiant optimalaus stiprumo ir atsparumo nuovargiui, pailginant cilindro eksploatavimo laik\u0105.<\/p>\n<h3>Sandarumas ir ilgaam\u017ei\u0161kumas<\/h3>\n<p>Efektyvus sandarinimas yra gyvybi\u0161kai svarbus hidrauliniams cilindrams, siekiant i\u0161vengti nuot\u0117ki\u0173 ir palaikyti sl\u0117g\u012f. Auk\u0161tos kokyb\u0117s sandarikliai turi b\u016bti pasirinkti atsi\u017evelgiant \u012f j\u0173 ilgaam\u017ei\u0161kum\u0105 ir suderinamum\u0105 su hidrauliniais skys\u010diais. Sandarinimo sistema taip pat tur\u0117t\u0173 b\u016bti suprojektuota taip, kad suma\u017eint\u0173 nusid\u0117v\u0117jim\u0105 ir pailgint\u0173 cilindro tarnavimo laik\u0105. Norint i\u0161laikyti optimal\u0173 na\u0161um\u0105, b\u016btina reguliariai tikrinti ir keisti sandariklius.<\/p>\n<h3>Saugos funkcijos<\/h3>\n<p>Saugumas yra svarbiausias hidraulini\u0173 cilindr\u0173 projektavimo aspektas. Tokios savyb\u0117s kaip sl\u0117gio ma\u017einimo vo\u017etuvai, tvirta konstrukcija ir avarinio stabdymo mechanizmai u\u017etikrina saug\u0173 veikim\u0105 \u012fvairiomis s\u0105lygomis. In\u017einieriai turi atsi\u017evelgti \u012f galim\u0105 hidraulin\u012f gedim\u0105 ir \u012fgyvendinti projektavimo strategijas, skirtas suma\u017einti rizik\u0105, apsaugant tiek operatorius, tiek ma\u0161inas.<\/p>\n<p><img decoding=\"async\" src=\"https:\/\/www.hydraulic-cylinders.net\/wp-content\/uploads\/2025\/04\/songte-oil-pipes-and-spare-parts.webp\" alt=\"Naftos vamzd\u017eiai ir atsargin\u0117s dalys\" \/><\/p>\n<h2>Str\u0117l\u0117s cilindr\u0173 sandarinimas ir tepimas<\/h2>\n<p>\u012evairi\u0173 sandarinimo komponent\u0173, toki\u0173 kaip st\u016bmokli\u0173 ir kot\u0173 sandarikliai, naudojimas yra labai svarbus norint i\u0161laikyti hidraulini\u0173 cilindr\u0173 vientisum\u0105. Sandarikliai, pagaminti i\u0161 atspari\u0173 dilimui med\u017eiag\u0173, toki\u0173 kaip poliuretanas ir nitrilo kau\u010diukas, yra b\u016btini norint i\u0161vengti nuot\u0117ki\u0173 ir u\u017etikrinti efektyv\u0173 veikim\u0105. Cilindro korpusas ir srieginiai galiniai pavir\u0161iai turi b\u016bti kruop\u0161\u010diai apdirbti, kad padid\u0117t\u0173 atsparumas dilimui. Reguliarus tepimas hidrauline alyva yra b\u016btinas norint i\u0161laikyti tinkam\u0105 veikim\u0105 ir suma\u017einti trint\u012f, taip pailginant cilindro tarnavimo laik\u0105.<\/p>\n<h2>Reguliari prie\u017ei\u016bra ir prevencin\u0117s priemon\u0117s<\/h2>\n<ul>\n<li><strong>Reguliar\u016bs patikrinimai:<\/strong> Reguliar\u016bs patikrinimai padeda nustatyti susid\u0117v\u0117jim\u0105 ir galimus gedimus, kol jie nesukelia rimt\u0173 problem\u0173. Operatoriai tur\u0117t\u0173 reguliariai tikrinti cilindr\u0105, ar n\u0117ra nuot\u0117ki\u0173, ir bendr\u0105 b\u016bkl\u0119.<\/li>\n<li><strong>Tinkamas tepimas:<\/strong> Tinkamas hidraulin\u0117s sistemos tepimas suma\u017eina susid\u0117v\u0117jim\u0105 ir pagerina na\u0161um\u0105. Operatoriai privalo laikytis rekomenduojam\u0173 tepimo grafik\u0173.<\/li>\n<li><strong>Sandarinimo element\u0173 keitimas:<\/strong> Reguliariai kei\u010diant sandariklius u\u017etikrinamas tinkamas cilindro sl\u0117gis ir veikimas, taip i\u0161vengiama nuot\u0117ki\u0173 ir hidraulini\u0173 gedim\u0173.<\/li>\n<\/ul>\n<h2>Str\u0117l\u0117s cilindr\u0173 montavimo gair\u0117s<\/h2>\n<p>Tinkamas str\u0117l\u0117s cilindr\u0173 montavimas yra labai svarbus optimaliam na\u0161umui. Pirmiausia \u012fsitikinkite, kad darbo vieta yra \u0161vari ir be \u0161iuk\u0161li\u0173. Tiksliai sulygiuokite cilindr\u0105 su ma\u0161inos tvirtinimo ta\u0161kais, kad i\u0161vengtum\u0117te nesuderinamumo, kuris gali sukelti prie\u0161laikin\u012f susid\u0117v\u0117jim\u0105. Naudokite tinkamus tvirtinimo laikiklius, kad pritvirtintum\u0117te cilindr\u0105 vietoje. Sumontav\u0119 patikrinkite, ar tinkamos hidraulin\u0117s jungtys, ir \u012fsitikinkite, kad visos jungtys yra tvirtos, kad i\u0161vengtum\u0117te nuot\u0117ki\u0173. Po montavimo atlikite bandom\u0105j\u012f va\u017eiavim\u0105, kad patikrintum\u0117te cilindro veikim\u0105 ir \u012fsitikintum\u0117te, jog viskas veikia taip, kaip numatyta.<\/p>\n<p><img decoding=\"async\" src=\"https:\/\/www.hydraulic-cylinders.net\/wp-content\/uploads\/2025\/04\/songte-chushion-collar.webp\" alt=\"Pagalv\u0117l\u0117s apykakl\u0117\" \/><\/p>\n<h2>Saugos aspektai ir aplinkos veiksniai<\/h2>\n<p>Naudojant hidraulinius cilindrus, labai svarbu \u012fdiegti saugos priemones. Operatoriai turi b\u016bti apmokyti atpa\u017einti galimus pavojus, susijusius su hidraulin\u0117mis sistemomis. Visada reikia d\u0117v\u0117ti tinkamas asmenines apsaugos priemones (AAP) ir laikytis saugos protokol\u0173, kad b\u016bt\u0173 i\u0161vengta nelaiming\u0173 atsitikim\u0173. Be to, reik\u0117t\u0173 atsi\u017evelgti \u012f poveik\u012f aplinkai, u\u017etikrinant, kad naudojami hidrauliniai skys\u010diai b\u016bt\u0173 nekenksmingi aplinkai ir kad bet kokie i\u0161siliejimai b\u016bt\u0173 nedelsiant pa\u0161alinti.<\/p>\n<h2>Trik\u010di\u0173 \u0161alinimas ir da\u017eniausiai pasitaikan\u010dios problemos<\/h2>\n<ul>\n<li><strong>Nesandarus cilindras:<\/strong> Jei str\u0117l\u0117s cilindras nesandarus, patikrinkite, ar sandarikliai n\u0117ra susid\u0117v\u0117j\u0119 ar pa\u017eeisti. Pakeiskite visus sugedusius sandariklius ir \u012fsitikinkite, kad jungtys yra tvirtos.<\/li>\n<li><strong>Galios praradimas:<\/strong> Suma\u017e\u0117jusi keliamoji galia gali rodyti \u017eem\u0105 hidraulinio skys\u010dio lyg\u012f arba vidinius pa\u017eeidimus. Patikrinkite skys\u010dio lyg\u012f ir, jei reikia, papildykite, taip pat ap\u017ei\u016br\u0117kite, ar n\u0117ra vidini\u0173 susid\u0117v\u0117jim\u0173.<\/li>\n<li><strong>Ne\u012fprasti garsai:<\/strong> Ne\u012fprasti garsai veikimo metu gali reik\u0161ti mechanines problemas. I\u0161tirkite triuk\u0161mo \u0161altin\u012f ir pa\u0161alinkite visus galimus mechaninius gedimus.<\/li>\n<\/ul>\n<p>Prevencin\u0117s priemon\u0117s apima reguliarias patikras ir technin\u0119 prie\u017ei\u016br\u0105, siekiant suma\u017einti galimas problemas ir pailginti str\u0117l\u0117s cilindr\u0173 tarnavimo laik\u0105.<\/p>\n<p><img decoding=\"async\" src=\"https:\/\/www.hydraulic-cylinders.net\/wp-content\/uploads\/2025\/04\/songte-bushings-with-all-kinds-of-excavator-models.webp\" alt=\"Ekskavatori\u0173 modeli\u0173 \u012fvor\u0117s\" \/><\/p>\n<h2>\u012emon\u0117s ap\u017evalga<\/h2>\n<p>Esame pirmaujantis hidraulini\u0173 cilindr\u0173 gamintojas ir didmenininkas, specializuojantis tiekiant auk\u0161tos kokyb\u0117s pakaitinius gaminius \u012fvairioms reikm\u0117ms. M\u016bs\u0173 \u012fsipareigojimas siekti meistri\u0161kumo skatina mus naudoti pa\u017eangias gamybos technologijas ir laikytis grie\u017et\u0173 kokyb\u0117s standart\u0173, tod\u0117l esame \u017eym\u016bs \u017eaid\u0117jai tiek vidaus, tiek tarptautin\u0117se rinkose. M\u016bs\u0173 kvalifikuota darbo j\u0117ga, moderni \u012franga ir novatori\u0161kos gamybos strategijos u\u017etikrina, kad efektyviai ir tiksliai patenkintume \u012fvairius klient\u0173 poreikius.<\/p>\n<p><img decoding=\"async\" src=\"https:\/\/www.hydraulic-cylinders.net\/wp-content\/uploads\/2025\/04\/songte-company-4.webp\" alt=\"\u012emon\u0117s ap\u017evalga\" \/><br \/>\n<img decoding=\"async\" src=\"https:\/\/www.hydraulic-cylinders.net\/wp-content\/uploads\/2025\/04\/songte-company-3.webp\" alt=\"Gamybos \u012fmon\u0117\" \/><\/p>\n<p>D\u0117mes\u012f sutelkdami \u012f profesionalum\u0105, tarptautinius sertifikatus, individualiai pritaikytas paslaugas ir patikim\u0105 garantin\u012f aptarnavim\u0105, u\u017etikriname, kad m\u016bs\u0173 klientai gaut\u0173 geriausius produktus, pritaikytus j\u0173 specifikacijoms. M\u016bs\u0173 atsidavimas klient\u0173 pasitenkinimui atsispindi m\u016bs\u0173 si\u016blomose paslaugose ir ilgalaikiuose santykiuose, kuriuos kuriame su savo klientais.<\/p>\n<p>Autorius: lyl<\/p>","protected":false},"excerpt":{"rendered":"<p>Boom Cylinder For World Large Excavator W2500LC-8 Introduction to Boom Cylinders The boom cylinder is an essential component in hydraulic systems used in heavy machinery, particularly in excavators, backhoe loaders, and front loaders. This hydraulic cylinder is specifically designed to control the motion of the bucket, allowing it to lift, lower, and tilt for various [&hellip;]<\/p>","protected":false},"featured_media":17881,"comment_status":"open","ping_status":"closed","template":"","meta":{"_et_pb_use_builder":"","_et_pb_old_content":"","_et_gb_content_width":""},"product_brand":[],"product_cat":[1546],"product_tag":[1547,1496],"class_list":{"0":"post-19467","1":"product","2":"type-product","3":"status-publish","4":"has-post-thumbnail","6":"product_cat-boom-cylinders","7":"product_tag-boom-cylinders","8":"product_tag-hydraulic-cylinders","10":"first","11":"instock","12":"shipping-taxable","13":"product-type-simple"},"amp_enabled":true,"_links":{"self":[{"href":"https:\/\/www.hydraulic-cylinders.net\/lt\/wp-json\/wp\/v2\/product\/19467","targetHints":{"allow":["GET"]}}],"collection":[{"href":"https:\/\/www.hydraulic-cylinders.net\/lt\/wp-json\/wp\/v2\/product"}],"about":[{"href":"https:\/\/www.hydraulic-cylinders.net\/lt\/wp-json\/wp\/v2\/types\/product"}],"replies":[{"embeddable":true,"href":"https:\/\/www.hydraulic-cylinders.net\/lt\/wp-json\/wp\/v2\/comments?post=19467"}],"wp:featuredmedia":[{"embeddable":true,"href":"https:\/\/www.hydraulic-cylinders.net\/lt\/wp-json\/wp\/v2\/media\/17881"}],"wp:attachment":[{"href":"https:\/\/www.hydraulic-cylinders.net\/lt\/wp-json\/wp\/v2\/media?parent=19467"}],"wp:term":[{"taxonomy":"product_brand","embeddable":true,"href":"https:\/\/www.hydraulic-cylinders.net\/lt\/wp-json\/wp\/v2\/product_brand?post=19467"},{"taxonomy":"product_cat","embeddable":true,"href":"https:\/\/www.hydraulic-cylinders.net\/lt\/wp-json\/wp\/v2\/product_cat?post=19467"},{"taxonomy":"product_tag","embeddable":true,"href":"https:\/\/www.hydraulic-cylinders.net\/lt\/wp-json\/wp\/v2\/product_tag?post=19467"}],"curies":[{"name":"wp","href":"https:\/\/api.w.org\/{rel}","templated":true}]}}