{"id":19470,"date":"2025-04-07T06:49:14","date_gmt":"2025-04-07T06:49:14","guid":{"rendered":"https:\/\/www.hydraulic-cylinders.net\/product\/boom-cylinder-for-world-large-excavator-w2360blc-8\/"},"modified":"2025-04-07T06:49:17","modified_gmt":"2025-04-07T06:49:17","slug":"boom-cylinder-for-world-large-excavator-w2360blc-8","status":"publish","type":"product","link":"https:\/\/www.hydraulic-cylinders.net\/lt\/produktas\/boom-cylinder-for-world-large-excavator-w2360blc-8\/","title":{"rendered":"Str\u0117l\u0117s cilindras pasauliniam dideliam ekskavatoriui W2360BLC-8"},"content":{"rendered":"<h1>Str\u0117l\u0117s cilindras pasauliniam dideliam ekskavatoriui W2360BLC-8<\/h1>\n<h2>Str\u0117l\u0117s cilindr\u0173 supratimas<\/h2>\n<p>Specialiai sunkiosioms ma\u0161inoms, tokioms kaip ekskavatoriai, skirtas str\u0117l\u0117s cilindras atlieka itin svarb\u0173 vaidmen\u012f hidraulin\u0117je sistemoje. \u0160is hidraulinis cilindras skirtas valdyti kau\u0161o jud\u0117jim\u0105 ekskavatoriuose, ekskavatoriniuose krautuvuose ir frontaliniuose krautuvuose. \u012egalinant kau\u0161\u0105 kelti, leisti ir pakreipti, jis palengvina efektyv\u0173 med\u017eiag\u0173 tvarkym\u0105. \u0160is esminis komponentas veikia naudodamas hidraulinio skys\u010dio sl\u0117g\u012f, kuris leid\u017eia tiksliai judinti ir valdyti sunkius krovinius.<\/p>\n<p><img decoding=\"async\" src=\"https:\/\/www.hydraulic-cylinders.net\/wp-content\/uploads\/2025\/04\/songte-company-1.webp\" alt=\"Ekskavatoriaus str\u0117l\u0117s cilindras\" \/><\/p>\n<h2>Str\u0117l\u0117s cilindro savyb\u0117s<\/h2>\n<ul>\n<li><strong>Didelis stiprumas ir ilgaam\u017ei\u0161kumas:<\/strong> Pagaminta i\u0161 didelio stiprumo plieno arba aliuminio, galin\u010dio atlaikyti auk\u0161t\u0105 sl\u0117g\u012f ir dideles apkrovas, suprojektuota taip, kad b\u016bt\u0173 atspari dilimui ir korozijai, taip prailginanti eksploatavimo trukm\u0119.<\/li>\n<li><strong>Efektyvus hidraulinis valdymas:<\/strong> Skland\u016bs i\u0161pl\u0117timo ir atitraukimo veiksmai naudojant hidraulin\u0117s alyvos sl\u0117g\u012f, leid\u017eiantys greitai reaguoti \u012f valdymo komandas ir u\u017etikrinti galingas st\u016bmimo bei traukimo galimybes, tinkamas sunkioms u\u017eduotims.<\/li>\n<li><strong>Tip\u0173 \u012fvairov\u0117:<\/strong> Galima \u012fsigyti su vienpusio veikimo (hidraulikos naudojimas viena kryptimi) arba dvipusio veikimo (hidraulikos naudojimas abiem kryptimis) cilindrais, kai kurie modeliai si\u016blo teleskopines parinktis, leid\u017eian\u010dias labiau i\u0161tiesti nedidinant i\u0161orini\u0173 matmen\u0173, tod\u0117l idealiai tinka u\u017edaroms erdv\u0117ms.<\/li>\n<\/ul>\n<p>M\u016bs\u0173 gaminiai gali puikiai pakeisti \u0161iuos hidraulinius cilindrus.<\/p>\n<p><img decoding=\"async\" src=\"https:\/\/www.hydraulic-cylinders.net\/wp-content\/uploads\/2025\/04\/songte-cylinder-head-with-all-kinds-excavator-models.webp\" alt=\"Ekskavatori\u0173 modeliai\" \/><\/p>\n<h2>Str\u0117l\u0117s cilindr\u0173 taikymo scenarijai<\/h2>\n<h3>Statybin\u0117 \u012franga<\/h3>\n<p>Ekskavatoriuose str\u0117l\u0117s cilindrai yra gyvybi\u0161kai svarb\u016bs kasant, kraunant ir perkeliant grunt\u0105 ar \u0161iuk\u0161les. Jie leid\u017eia tiksliai valdyti darb\u0105, kad b\u016bt\u0173 galima efektyviai \u012fsiskverbti \u012f \u017eem\u0119, tod\u0117l jie yra nepakei\u010diami statybos darbuose.<\/p>\n<h3>\u017dem\u0117s \u016bkio technika<\/h3>\n<p>Priekiniuose krautuvuose naudojami str\u0117l\u0117s cilindrai palengvina dirvo\u017eemio, \u0161ieno ir kit\u0173 med\u017eiag\u0173 s\u0117mim\u0105, k\u0117lim\u0105 ir transportavim\u0105. Tvirta j\u0173 konstrukcija u\u017etikrina, kad jie gali efektyviai atlikti \u017eem\u0117s \u016bkio darbus.<\/p>\n<h3>Ekskavatoriai<\/h3>\n<p>Ekskavatoriuose str\u0117l\u0117s cilindras yra labai svarbus kasimo judesiui, leid\u017eiantis kau\u0161ui efektyviai \u012fsiskverbti \u012f dirv\u0105. \u0160i funkcija yra b\u016btina atliekant \u012fvairias kasimo u\u017eduotis \u012fvairiame reljefe.<\/p>\n<h3>Krautuvai<\/h3>\n<p>Priekiniuose krautuvuose str\u0117l\u0117s cilindrai padeda efektyviai pakelti ir i\u0161versti med\u017eiagas, taip padidindami na\u0161um\u0105 ir veiklos efektyvum\u0105 darbo vietose.<\/p>\n<h2>Projektavimo aspektai ir atrankos kriterijai<\/h2>\n<h3>Keliamoji galia<\/h3>\n<p>Renkantis str\u0117l\u0117s cilindr\u0105, svarbiausia yra keliamoji galia. Ji lemia maksimal\u0173 svor\u012f, kur\u012f cilindras gali saugiai pakelti ir valdyti. In\u017einieriai turi apskai\u010diuoti numatomas apkrovas eksploatacijos metu, kad u\u017etikrint\u0173 saugum\u0105 ir efektyvum\u0105.<\/p>\n<h3>Sandarinimas<\/h3>\n<p>Sandarinimas yra labai svarbus siekiant i\u0161vengti hidraulinio skys\u010dio nuot\u0117kio. Kokybi\u0161ki sandarikliai u\u017etikrina ilgaam\u017ei\u0161kum\u0105 ir efektyvum\u0105, nes jie apsaugo nuo ter\u0161al\u0173 ir palaiko sl\u0117g\u012f sistemoje. Tinkamas sandarikli\u0173 med\u017eiag\u0173, toki\u0173 kaip poliuretanas arba nitrilo kau\u010diukas, pasirinkimas padidina patvarum\u0105.<\/p>\n<h3>Patvarumas<\/h3>\n<p>Patvarumas yra gyvybi\u0161kai svarbus, nes str\u0117l\u0117s cilindrai veikia at\u0161iauriomis s\u0105lygomis. Gamintoj\u0173 konstrukcijos, kuriose atsi\u017evelgiama \u012f atsparum\u0105 dilimui ir apsaug\u0105 nuo korozijos, \u017eymiai pailgina \u0161i\u0173 komponent\u0173 tarnavimo laik\u0105.<\/p>\n<h3>Saugumas<\/h3>\n<p>Siekiant i\u0161vengti gedim\u0173, galin\u010di\u0173 sukelti avarijas, \u012f konstrukcij\u0105 turi b\u016bti integruotos saugos priemon\u0117s. Tai apima sl\u0117gio ma\u017einimo vo\u017etuvus ir gedim\u0173 prevencijos mechanizmus, kurie apsaugo nuo nekontroliuojam\u0173 judesi\u0173.<\/p>\n<h3>Prie\u017ei\u016bra<\/h3>\n<p>Lengvas techninis aptarnavimas yra esminis konstrukcijos veiksnys. Balionai tur\u0117t\u0173 b\u016bti lengvai ap\u017ei\u016brimi, tepami ir kei\u010diami, taip suma\u017einant prastovas ir aptarnavimo i\u0161laidas.<\/p>\n<p><img decoding=\"async\" src=\"https:\/\/www.hydraulic-cylinders.net\/wp-content\/uploads\/2025\/04\/songte-oil-pipes-and-spare-parts.webp\" alt=\"Hidrauliniai komponentai\" \/><\/p>\n<h2>Cilindro sandarinimas ir tepimas<\/h2>\n<p>Efektyvus sandarinimas pasiekiamas naudojant \u012fvairi\u0173 tip\u0173 sandariklius, \u012fskaitant st\u016bmokli\u0173 ir kot\u0173 sandariklius, kurie pagaminti i\u0161 patvari\u0173 med\u017eiag\u0173, toki\u0173 kaip poliuretanas ir nitrilo kau\u010diukas, siekiant padidinti atsparum\u0105 dilimui. Cilindro korpusas ir srieginiai galiniai pavir\u0161iai yra kruop\u0161\u010diai apdorojami, kad padid\u0117t\u0173 j\u0173 patvarumas. Reguliarus tepimas pakankamu kiekiu hidraulin\u0117s alyvos taip pat yra b\u016btinas optimaliam veikimui, skland\u017eiam veikimui ir susid\u0117v\u0117jimo ma\u017einimui.<\/p>\n<h2>Reguliar\u016bs patikrinimai ir prevencin\u0117s prie\u017ei\u016bros darbai<\/h2>\n<ul>\n<li><strong>\u012eprastiniai patikrinimai:<\/strong> Reguliar\u016bs patikrinimai padeda anksti nustatyti nusid\u0117v\u0117jim\u0105 ir pa\u017eeidimus, leid\u017eia laiku atlikti remont\u0105, kuris gali pad\u0117ti i\u0161vengti didesni\u0173 problem\u0173.<\/li>\n<li><strong>Tinkamas tepimas:<\/strong> Tinkamas tepimas u\u017etikrina skland\u0173 hidraulin\u0117s sistemos veikim\u0105 ir pailgina komponent\u0173 tarnavimo laik\u0105.<\/li>\n<li><strong>Sandariklio keitimo ir kalibravimo patikrinimai:<\/strong> Reguliar\u016bs sandarikli\u0173 susid\u0117v\u0117jimo ir kalibravimo patikrinimai u\u017etikrina cilindro efektyvum\u0105 ir padeda i\u0161vengti nuot\u0117ki\u0173 ar gedim\u0173.<\/li>\n<\/ul>\n<h2>\u012erengimo gair\u0117s<\/h2>\n<p>Tinkamas montavimas yra labai svarbus str\u0117l\u0117s cilindr\u0173 veikimui. Pirmiausia \u012fsitikinkite, kad visi tvirtinimo pavir\u0161iai yra \u0161var\u016bs ir be \u0161iuk\u0161li\u0173. Tinkamai sulygiuokite cilindr\u0105 su tvirtinimo ta\u0161kais, naudodami tinkamus tvirtinimo laikiklius, kad j\u012f pritvirtintum\u0117te. Laikykit\u0117s gamintojo nurodym\u0173 d\u0117l sukimo momento nustatym\u0173 ir \u012fsitikinkite, kad \u017earnos yra prijungtos be sulenkim\u0173. Montavimo metu reguliariai tikrinkite lygiavim\u0105, kad i\u0161vengtum\u0117te per didelio komponent\u0173 \u012ftempimo. Pritvirtin\u0119 cilindr\u0105, patikrinkite, ar hidraulin\u0117 sistema tinkamai u\u017epildyta skys\u010diu ir ar joje n\u0117ra oro ki\u0161eni\u0173.<\/p>\n<h2>\u012eprastos prie\u017ei\u016bros u\u017eduotys<\/h2>\n<h3>Reguliarus patikrinimas<\/h3>\n<p>Atliekant reguliarius patikrinimus, galima anksti aptikti tokias problemas kaip nuot\u0117kiai, susid\u0117v\u0117jimas ar nesuderinamumas. Reguliar\u016bs patikrinimai padeda palaikyti cilindro veikimo efektyvum\u0105 ir saug\u0105.<\/p>\n<h3>Tinkamas tepimas<\/h3>\n<p>Hidraulin\u0117s sistemos tepimas u\u017etikrina skland\u0173 vis\u0173 judan\u010di\u0173 dali\u0173 veikim\u0105, suma\u017eina trint\u012f ir susid\u0117v\u0117jim\u0105. \u0160i praktika yra labai svarbi cilindro ilgaam\u017ei\u0161kumui.<\/p>\n<h3>Tarpikli\u0173 keitimas ir kalibravimo patikrinimai<\/h3>\n<p>Tarpikli\u0173 susid\u0117v\u0117jimo steb\u0117jimas ir kalibravimo patikrinimai u\u017etikrina, kad cilindras i\u0161laikyt\u0173 savo darbines galimybes. Susid\u0117v\u0117jusi\u0173 tarpikli\u0173 keitimas apsaugo nuo hidraulinio skys\u010dio nuot\u0117kio ir palaiko sistemos vientisum\u0105.<\/p>\n<p><img decoding=\"async\" src=\"https:\/\/www.hydraulic-cylinders.net\/wp-content\/uploads\/2025\/04\/songte-chushion-collar.webp\" alt=\"Pagalv\u0117l\u0117s apykakl\u0117\" \/><\/p>\n<h2>Saugos aspektai ir aplinkos veiksniai<\/h2>\n<p>Saugos priemon\u0117s yra labai svarbios eksploatuojant str\u0117l\u0117s cilindrus. Operatoriai turi b\u016bti apmokyti suprasti su hidraulin\u0117mis sistemomis susijusi\u0105 rizik\u0105, \u012fskaitant galimus nuot\u0117kius ar gedimus. Tinkama prie\u017ei\u016bra ir prie\u017ei\u016bra prisideda prie saugesn\u0117s darbo aplinkos ir suma\u017eina nelaiming\u0173 atsitikim\u0173 rizik\u0105.<\/p>\n<h2>Trik\u010di\u0173 \u0161alinimas ir da\u017eniausiai pasitaikan\u010dios problemos<\/h2>\n<ul>\n<li><strong>Nuot\u0117kis:<\/strong> Hidraulinio skys\u010dio nuot\u0117kis gali atsirasti d\u0117l susid\u0117v\u0117jusi\u0173 sandarikli\u0173 arba pa\u017eeist\u0173 \u017earn\u0173. Reguliariai tikrinkite sandariklius ir \u017earnas ir prireikus pakeiskite.<\/li>\n<li><strong>Nepakankama galia:<\/strong> Jei cilindras nepakankamai pakelia krovinius, patikrinkite hidraulinio skys\u010dio lyg\u012f ir \u012fsitikinkite, kad sistemoje n\u0117ra u\u017esikim\u0161im\u0173.<\/li>\n<li><strong>Ne\u012fprasti garsai:<\/strong> \u010ciurks\u0117jimas ar \u0161nyp\u0161timas gali rodyti vidinius pa\u017eeidimus arba sistemoje esant\u012f or\u0105. Atlikite i\u0161sam\u0173 patikrinim\u0105 ir, jei reikia, i\u0161leiskite i\u0161 sistemos or\u0105.<\/li>\n<\/ul>\n<p>\u012egyvendinant prevencines priemones, tokias kaip reguliari prie\u017ei\u016bra ir patikrinimai, galima gerokai suma\u017einti \u0161i\u0173 problem\u0173 atsiradimo tikimyb\u0119, u\u017etikrinant patikim\u0105 ir saugi\u0105 eksploatavimo aplink\u0105.<\/p>\n<p><img decoding=\"async\" src=\"https:\/\/www.hydraulic-cylinders.net\/wp-content\/uploads\/2025\/04\/songte-bushings-with-all-kinds-of-excavator-models.webp\" alt=\"Ekskavatori\u0173 \u012fvor\u0117s\" \/><\/p>\n<h2>Apie m\u016bs\u0173 \u012fmon\u0119<\/h2>\n<p>Esame pirmaujantis pakaitini\u0173 hidraulini\u0173 cilindr\u0173 gamintojas, si\u016blantis plat\u0173 gamini\u0173 asortiment\u0105, kuris pavert\u0117 mus \u017eymiu \u017eaid\u0117ju tiek vidaus, tiek tarptautin\u0117se rinkose. M\u016bs\u0173 \u012fsipareigojim\u0105 siekti meistri\u0161kumo palaiko rafinuota gamybos valdymo strategija, kurioje pabr\u0117\u017eiami auk\u0161ti gamybos kokyb\u0117s standartai. M\u016bs\u0173 komand\u0105 sudaro kvalifikuoti specialistai, o mes naudojame pa\u017eangi\u0105 skaitmenin\u0119 gamybos \u012frang\u0105 ir bandym\u0173 sistemas, nuolat tobulindami savo gamybos linijas. \u0160is atsidavimas kokybei u\u017etikrina, kad mes patenkiname \u012fvairius klient\u0173 poreikius dideliu efektyvumu, tikslumu ir auk\u0161\u010diausia gamini\u0173 kokybe.<\/p>\n<p>Did\u017eiuojam\u0117s savo specializacija, tarptautiniais sertifikatais, individualiomis paslaugomis, pa\u017eangia gamybos \u012franga ir i\u0161skirtiniu aptarnavimu po pardavimo.<\/p>\n<p><img decoding=\"async\" src=\"https:\/\/www.hydraulic-cylinders.net\/wp-content\/uploads\/2025\/04\/songte-company-4.webp\" alt=\"\u012emon\u0117s ap\u017evalga\" \/><br \/>\n<img decoding=\"async\" src=\"https:\/\/www.hydraulic-cylinders.net\/wp-content\/uploads\/2025\/04\/songte-company-3.webp\" alt=\"\u012emon\u0117s gamyba\" \/><\/p>\n<p>Autorius: lyl<\/p>","protected":false},"excerpt":{"rendered":"<p>Boom Cylinder For World Large Excavator W2360BLC-8 Understanding Boom Cylinders A boom cylinder, specifically designed for heavy machinery like excavators, plays a crucial role in the hydraulic system. This hydraulic cylinder is engineered to control the movement of the bucket in excavators, backhoe loaders, and front loaders. By enabling the bucket to lift, lower, and [&hellip;]<\/p>","protected":false},"featured_media":17869,"comment_status":"open","ping_status":"closed","template":"","meta":{"_et_pb_use_builder":"","_et_pb_old_content":"","_et_gb_content_width":""},"product_brand":[],"product_cat":[1546],"product_tag":[1547,1496],"class_list":{"0":"post-19470","1":"product","2":"type-product","3":"status-publish","4":"has-post-thumbnail","6":"product_cat-boom-cylinders","7":"product_tag-boom-cylinders","8":"product_tag-hydraulic-cylinders","10":"first","11":"instock","12":"shipping-taxable","13":"product-type-simple"},"amp_enabled":true,"_links":{"self":[{"href":"https:\/\/www.hydraulic-cylinders.net\/lt\/wp-json\/wp\/v2\/product\/19470","targetHints":{"allow":["GET"]}}],"collection":[{"href":"https:\/\/www.hydraulic-cylinders.net\/lt\/wp-json\/wp\/v2\/product"}],"about":[{"href":"https:\/\/www.hydraulic-cylinders.net\/lt\/wp-json\/wp\/v2\/types\/product"}],"replies":[{"embeddable":true,"href":"https:\/\/www.hydraulic-cylinders.net\/lt\/wp-json\/wp\/v2\/comments?post=19470"}],"wp:featuredmedia":[{"embeddable":true,"href":"https:\/\/www.hydraulic-cylinders.net\/lt\/wp-json\/wp\/v2\/media\/17869"}],"wp:attachment":[{"href":"https:\/\/www.hydraulic-cylinders.net\/lt\/wp-json\/wp\/v2\/media?parent=19470"}],"wp:term":[{"taxonomy":"product_brand","embeddable":true,"href":"https:\/\/www.hydraulic-cylinders.net\/lt\/wp-json\/wp\/v2\/product_brand?post=19470"},{"taxonomy":"product_cat","embeddable":true,"href":"https:\/\/www.hydraulic-cylinders.net\/lt\/wp-json\/wp\/v2\/product_cat?post=19470"},{"taxonomy":"product_tag","embeddable":true,"href":"https:\/\/www.hydraulic-cylinders.net\/lt\/wp-json\/wp\/v2\/product_tag?post=19470"}],"curies":[{"name":"wp","href":"https:\/\/api.w.org\/{rel}","templated":true}]}}