{"id":19475,"date":"2025-04-07T06:49:45","date_gmt":"2025-04-07T06:49:45","guid":{"rendered":"https:\/\/www.hydraulic-cylinders.net\/product\/boom-cylinder-for-jingong-crawler-excavator-jcm924\/"},"modified":"2025-04-07T06:49:48","modified_gmt":"2025-04-07T06:49:48","slug":"boom-cylinder-for-jingong-crawler-excavator-jcm924","status":"publish","type":"product","link":"https:\/\/www.hydraulic-cylinders.net\/lt\/produktas\/boom-cylinder-for-jingong-crawler-excavator-jcm924\/","title":{"rendered":"Jingong vik\u0161rinio ekskavatoriaus JCM924 str\u0117l\u0117s cilindras"},"content":{"rendered":"<h1>Jingong vik\u0161rinio ekskavatoriaus JCM924 str\u0117l\u0117s cilindras<\/h1>\n<h2>Str\u0117l\u0117s cilindro supratimas<\/h2>\n<p>Str\u0117l\u0117s cilindras yra gyvybi\u0161kai svarbus hidraulinis komponentas sunkiojoje technikoje, specialiai sukurtas valdyti kau\u0161o jud\u0117jim\u0105 \u012fvairiuose ekskavatoriuose. \u0160is hidraulinis cilindras atlieka labai svarb\u0173 vaidmen\u012f leid\u017eiant kau\u0161ui pakilti, nuleisti ir pakreipti, taip palengvinant efektyv\u0173 med\u017eiag\u0173 tvarkym\u0105. Ekskavatoriuose, ekskavatoriniuose krautuvais ir frontaliniuose krautuvuose str\u0117l\u0117s cilindras leid\u017eia tiksliai valdyti kau\u0161\u0105, u\u017etikrinant optimal\u0173 na\u0161um\u0105 kasimo, krovimo ir transportavimo metu.<\/p>\n<p><img decoding=\"async\" src=\"https:\/\/www.hydraulic-cylinders.net\/wp-content\/uploads\/2025\/04\/songte-company-1.webp\" alt=\"Hidraulinis cilindras\"><\/p>\n<h3>Apibr\u0117\u017eimas ir ap\u017evalga<\/h3>\n<p>Str\u0117l\u0117s cilindras, kaip specializuotas hidraulinis cilindras, yra suprojektuotas taip, kad atlaikyt\u0173 dideles apkrovas ir auk\u0161t\u0105 sl\u0117g\u012f, tod\u0117l jis yra b\u016btinas ekskavatori\u0173 eksploatavimo metu. Jis naudoja hidraulin\u012f skyst\u012f, kad sukurt\u0173 j\u0117g\u0105, kuri judina cilindro stryp\u0105, o \u0161is savo ruo\u017etu valdo kau\u0161o funkcijas. \u0160i\u0173 cilindr\u0173 konstrukcija ir med\u017eiagos, naudojamos gaminant juos, yra labai svarbios j\u0173 efektyvumui ir ilgaam\u017ei\u0161kumui sud\u0117tingomis darbo s\u0105lygomis.<\/p>\n<h2>Str\u0117l\u0117s cilindro savyb\u0117s<\/h2>\n<ul>\n<li><strong>Didelis stiprumas ir ilgaam\u017ei\u0161kumas:<\/strong> Pagamintas i\u0161 didelio stiprumo plieno arba aliuminio, str\u0117l\u0117s cilindras gali atlaikyti didel\u012f sl\u0117g\u012f ir dideles apkrovas, tod\u0117l tinka at\u0161iaurioms darbo s\u0105lygoms. Jis suprojektuotas atsi\u017evelgiant \u012f atsparum\u0105 dilimui ir korozijai, taip pailginant jo tarnavimo laik\u0105.<\/li>\n<li><strong>Efektyvus hidraulinis valdymas:<\/strong> Cilindras naudoja hidraulin\u0117s alyvos sl\u0117g\u012f, kad skland\u017eiai i\u0161skleist\u0173 ir atitraukt\u0173, tod\u0117l greitai reaguoja \u012f valdymo komandas ir u\u017etikrina didel\u0119 st\u016bmimo bei traukimo j\u0117g\u0105, idealiai tinkan\u010di\u0105 sunkioms ir sud\u0117tingoms u\u017eduotims atlikti.<\/li>\n<li><strong>\u012evair\u016bs tipai:<\/strong> Str\u0117l\u0117s cilindrus galima pasirinkti vieno veikimo (hidraulikos naudojimas viena kryptimi) arba dvigubo veikimo (hidraulikos naudojimas abiem kryptimis) konfig\u016bracijomis, kad b\u016bt\u0173 patenkinti \u012fvair\u016bs eksploataciniai poreikiai. Kai kurie modeliai pasi\u017eymi teleskopine konstrukcija, leid\u017eian\u010dia didesn\u012f i\u0161pl\u0117tim\u0105 nedidinant i\u0161orini\u0173 matmen\u0173, tod\u0117l puikiai tinka ank\u0161toms erdv\u0117ms.<\/li>\n<\/ul>\n<p>Mes galime pagaminti \u0161\u012f gamin\u012f, o m\u016bs\u0173 gaminiai gali puikiai pakeisti \u0161iuos hidraulinius cilindrus.<\/p>\n<p><img decoding=\"async\" src=\"https:\/\/www.hydraulic-cylinders.net\/wp-content\/uploads\/2025\/04\/songte-cylinder-head-with-all-kinds-excavator-models.webp\" alt=\"Ekskavatori\u0173 modeliai\"><\/p>\n<h2>Str\u0117l\u0117s cilindro pritaikymas<\/h2>\n<h3>Statybin\u0117 \u012franga<\/h3>\n<p>Ekskavatoriuose str\u0117l\u0117s cilindras yra labai svarbus kasant, kraunant ir perkeliant grunt\u0105 ar \u0161iuk\u0161les. Jis leid\u017eia kau\u0161ui efektyviai \u012fsiskverbti \u012f \u017eem\u0119, tod\u0117l kasimo darbai atliekami efektyviai ir tiksliai. Ekskavatoriuose-krautuvuose str\u0117l\u0117s cilindras padeda ne tik kasti, bet ir pakelti kau\u0161\u0105 med\u017eiagai transportuoti. Patikimas \u0161io cilindro veikimas u\u017etikrina, kad statybos projektai gal\u0117t\u0173 vykti greitai ir tiksliai, suma\u017einant prastovas ir didinant na\u0161um\u0105.<\/p>\n<h3>\u017dem\u0117s \u016bkio technika<\/h3>\n<p>Priekiniuose krautuvuose str\u0117l\u0117s cilindrai yra b\u016btini dirvo\u017eemio, \u0161ieno ir \u012fvairi\u0173 kit\u0173 med\u017eiag\u0173 k\u0117limui, k\u0117limui ir transportavimui. \u0160i\u0173 cilindr\u0173 u\u017etikrinamas hidraulinis efektyvumas leid\u017eia operatoriams atlikti u\u017eduotis minimaliomis pastangomis, tuo pa\u010diu padidinant med\u017eiag\u0173 tvarkymo greit\u012f, o tai rodo j\u0173 svarb\u0105 \u017eem\u0117s \u016bkio darbuose.<\/p>\n<h3>Ekskavatoriai<\/h3>\n<p>Str\u0117l\u0117s cilindras palengvina ekskavatoriaus kasimo veiksmus, leisdamas kau\u0161ui efektyviai \u012fsiskverbti \u012f dirv\u0105. \u0160i hidraulin\u0117 funkcija yra labai svarbi atliekant \u012fvairius kasimo darbus \u2013 nuo \u200b\u200btran\u0161\u0117j\u0173 kasimo iki lyginimo, tod\u0117l str\u0117l\u0117s cilindras yra neatsiejama bet kurio ekskavatoriaus veikimo dalis.<\/p>\n<h3>Krautuvai<\/h3>\n<p>Priekiniuose krautuvuose str\u0117l\u0117s cilindrai padeda efektyviai kelti ir i\u0161versti krovinius. \u0160i funkcija yra gyvybi\u0161kai svarbi operacijoms, kurioms reikalingas greitas ir efektyvus med\u017eiag\u0173 pakrovimas ir i\u0161krovimas, u\u017etikrinant efektyv\u0173 statybos ir \u017eem\u0117s \u016bkio darb\u0173 atlikim\u0105.<\/p>\n<h2>Projektavimo aspektai ir atrankos kriterijai<\/h2>\n<h3>Keliamoji galia<\/h3>\n<p>Str\u0117l\u0117s cilindro keliamoji galia yra esminis projektavimo aspektas. Jis turi atitikti arba vir\u0161yti aptarnaujamos ma\u0161inos eksploatacinius reikalavimus, u\u017etikrindamas, kad jis gal\u0117t\u0173 be gedim\u0173 atlaikyti nurodyt\u0105 svor\u012f. Norint i\u0161laikyti saug\u0105 ir efektyvum\u0105, b\u016btina suprasti apkrovos dinamik\u0105 ir pasirinkti tinkamos talpos cilindr\u0105.<\/p>\n<h3>Sandarumas ir ilgaam\u017ei\u0161kumas<\/h3>\n<p>Sandarinimas yra labai svarbus hidrauliniams cilindrams, nes jis apsaugo nuo hidraulinio skys\u010dio nuot\u0117kio ir u\u017etikrina optimal\u0173 na\u0161um\u0105. Siekiant u\u017etikrinti ilgaam\u017ei\u0161kum\u0105 ir atsparum\u0105 dilimui, naudojamos auk\u0161tos kokyb\u0117s sandarinimo med\u017eiagos, tokios kaip poliuretanas ir nitrilo kau\u010diukas. Tinkamas sandarinimas pailgina cilindro tarnavimo laik\u0105 ir padidina jo patikimum\u0105.<\/p>\n<h3>Sauga ir prie\u017ei\u016bra<\/h3>\n<p>Saugos funkcijos, \u012fskaitant sl\u0117gio ma\u017einimo vo\u017etuvus ir gedim\u0173 prevencijos mechanizmus, yra labai svarbios projektuojant str\u0117l\u0117s cilindrus. \u0160ie komponentai u\u017etikrina, kad cilindras veikt\u0173 saugiose ribose ir gal\u0117t\u0173 pad\u0117ti i\u0161vengti hidraulini\u0173 gedim\u0173 sukelt\u0173 avarij\u0173. Reguliar\u016bs technin\u0117s prie\u017ei\u016bros patikrinimai yra b\u016btini siekiant u\u017etikrinti, kad visos saugos funkcijos veikt\u0173 tinkamai, ir suma\u017einti eksploatacini\u0173 gedim\u0173 rizik\u0105.<\/p>\n<p><img decoding=\"async\" src=\"https:\/\/www.hydraulic-cylinders.net\/wp-content\/uploads\/2025\/04\/songte-oil-pipes-and-spare-parts.webp\" alt=\"Naftos vamzd\u017eiai ir atsargin\u0117s dalys\"><\/p>\n<h2>Hidraulinio cilindro sandarinimas ir tepimas<\/h2>\n<p>\u012evairi\u0173 sandarinimo element\u0173, toki\u0173 kaip st\u016bmokliniai ir kot\u0173 sandarikliai, naudojimas yra labai svarbus norint i\u0161laikyti str\u0117l\u0117s cilindr\u0173 vientisum\u0105 ir veikim\u0105. \u0160ie sandarikliai da\u017enai gaminami i\u0161 atspari\u0173 dilimui med\u017eiag\u0173, toki\u0173 kaip poliuretanas ir nitrilo kau\u010diukas, u\u017etikrinant, kad jie atlaikyt\u0173 at\u0161iaurias s\u0105lygas, b\u016bdingas hidraulin\u0117ms sistemoms. Cilindro korpusas ir srieginiai galiniai pavir\u0161iai yra kruop\u0161\u010diai apdirbti, siekiant padidinti atsparum\u0105 dilimui, o tai yra gyvybi\u0161kai svarbu komponento ilgaam\u017ei\u0161kumui. Norint suma\u017einti trint\u012f ir dilim\u0105, u\u017etikrinant skland\u0173 veikim\u0105, b\u016btina reguliariai tepti hidrauline alyva.<\/p>\n<h2>Reguliarios patikros ir prevencin\u0117s prie\u017ei\u016bros priemon\u0117s<\/h2>\n<ul>\n<li><strong>Reguliar\u016bs patikrinimai:<\/strong> Reguliariai atliekant patikrinimus, ar n\u0117ra susid\u0117v\u0117jimo, nuot\u0117ki\u0173 ar pa\u017eeidim\u0173 po\u017eymi\u0173, galima i\u0161vengti dideli\u0173 gedim\u0173. Patikrinimai tur\u0117t\u0173 b\u016bti i\u0161sam\u016bs, apimantys visus hidraulin\u0117s sistemos aspektus.<\/li>\n<li><strong>Tinkamas tepimas:<\/strong> Optimaliam veikimui labai svarbu u\u017etikrinti pakankam\u0105 hidraulin\u0117s alyvos lyg\u012f ir tinkamo tipo alyv\u0105. Reguliarus tepimas suma\u017eina trint\u012f ir pailgina komponent\u0173 tarnavimo laik\u0105.<\/li>\n<li><strong>Sandariklio keitimas:<\/strong> Reguliariai keisti sandariklius yra b\u016btina norint i\u0161vengti nuot\u0117ki\u0173 ir palaikyti sl\u0117g\u012f sistemoje. Proaktyvus sandarikli\u0173 prie\u017ei\u016bros metodas gali \u017eymiai padidinti sistemos patikimum\u0105.<\/li>\n<\/ul>\n<h2>\u012erengimo gair\u0117s<\/h2>\n<p>Tinkamas str\u0117l\u0117s cilindro montavimas yra labai svarbus jo veikimui ir ilgaam\u017ei\u0161kumui. Pirmiausia \u012fsitikinkite, kad cilindras yra tinkamai sulygiuotas su ma\u0161inos tvirtinimo ta\u0161kais. Naudokite tinkamus tvirtinimo laikiklius, kad pritvirtintum\u0117te cilindr\u0105 vietoje, i\u0161vengdami nesuderinamumo, kuris gali sukelti prie\u0161laikin\u012f susid\u0117v\u0117jim\u0105 ar gedim\u0105. Prie\u0161 naudodami \u012fsitikinkite, kad visos hidraulin\u0117s jungtys yra sandarios ir nepralaid\u017eios. Patartina per\u017ei\u016br\u0117ti gamintojo montavimo vadov\u0105, kuriame pateikiamos konkre\u010dios instrukcijos d\u0117l sukimo momento nustatym\u0173 ir montavimo proced\u016br\u0173.<\/p>\n<h2>\u012eprastos prie\u017ei\u016bros u\u017eduotys<\/h2>\n<ul>\n<li><strong>Reguliar\u016bs patikrinimai:<\/strong> B\u016btina da\u017enai tikrinti, kad b\u016bt\u0173 galima nustatyti bet kokius nusid\u0117v\u0117jimo ar pa\u017eeidimo po\u017eymius ir u\u017etikrinti, kad visos galimos problemos b\u016bt\u0173 i\u0161spr\u0119stos, kol jos nepa\u016bm\u0117jo.<\/li>\n<li><strong>Tinkamas tepimas:<\/strong> Tinkamo tepimo lygio palaikymas yra labai svarbus norint u\u017etikrinti cilindro veikim\u0105. Svarbu reguliariai pildyti hidraulin\u0119 alyv\u0105 ir tikrinti, ar n\u0117ra ter\u0161al\u0173.<\/li>\n<li><strong>Sandariklio keitimo ir kalibravimo patikrinimai:<\/strong> Tarpikli\u0173 b\u016bkl\u0117s steb\u0117jimas ir sistemos perkalibravimas u\u017etikrina, kad str\u0117l\u0117s cilindras veikt\u0173 tinkamai ir efektyviai. B\u016btinai nedelsdami pakeiskite visus susid\u0117v\u0117jusius tarpiklius.<\/li>\n<\/ul>\n<p>Tinkamas cilindro sulygiavimas montavimo metu yra labai svarbus. Naudokite tinkamas tvirtinimo atramas, kad cilindras b\u016bt\u0173 tvirtai pritvirtintas ir i\u0161vengta neteisingo sulygiavimo. Norint i\u0161laikyti optimal\u0173 na\u0161um\u0105 ir pailginti str\u0117l\u0117s cilindro tarnavimo laik\u0105, reikia reguliariai atlikti patikrinimus, remontuoti ir keisti.<\/p>\n<p><img decoding=\"async\" src=\"https:\/\/www.hydraulic-cylinders.net\/wp-content\/uploads\/2025\/04\/songte-chushion-collar.webp\" alt=\"Pagalv\u0117l\u0117s apykakl\u0117\"><\/p>\n<h2>Saugos aspektai ir aplinkos veiksniai<\/h2>\n<p>Naudojant str\u0117l\u0117s cilindrus, siekiant i\u0161vengti nelaiming\u0173 atsitikim\u0173, pirmenyb\u0117 turi b\u016bti teikiama saugos priemon\u0117ms. Operatoriai tur\u0117t\u0173 b\u016bti apmokyti saugiai elgtis su hidrauline \u012franga ir j\u0105 valdyti, u\u017etikrinant, kad technika b\u016bt\u0173 naudojama tik nevir\u0161ijant numatyt\u0173 rib\u0173. Be to, reik\u0117t\u0173 laikytis aplinkosaugos reikalavim\u0173, susijusi\u0173 su hidraulini\u0173 skys\u010di\u0173 ir susid\u0117v\u0117jusi\u0173 komponent\u0173 \u0161alinimu, siekiant kuo labiau suma\u017einti poveik\u012f aplinkai.<\/p>\n<h2>Gedim\u0173 diagnostika ir da\u017eniausios problemos<\/h2>\n<ul>\n<li><strong>Hidrauliniai nuot\u0117kiai:<\/strong> D\u0117l susid\u0117v\u0117jusi\u0173 sandarikli\u0173 arba pa\u017eeist\u0173 komponent\u0173 gali atsirasti nuot\u0117ki\u0173, d\u0117l kuri\u0173 suma\u017e\u0117ja hidraulinis sl\u0117gis ir na\u0161umas. Reguliar\u016bs patikrinimai gali pad\u0117ti greitai nustatyti ir pa\u0161alinti \u0161ias problemas.<\/li>\n<li><strong>Nenuoseklus na\u0161umas:<\/strong> Jei str\u0117l\u0117s cilindras neveikia skland\u017eiai, tai gali rodyti hidraulinio skys\u010dio lygio problemas arba vidinius pa\u017eeidimus. Skys\u010dio lygio patikrinimas ir kruop\u0161tus sistemos patikrinimas gali i\u0161spr\u0119sti \u0161ias problemas.<\/li>\n<li><strong>Ne\u012fprasti garsai:<\/strong> I\u0161 hidraulin\u0117s sistemos sklindantys triuk\u0161mai gali rodyti mechanines problemas. Operatoriai tur\u0117t\u0173 i\u0161tirti ir pa\u0161alinti \u0161iuos garsus, kad i\u0161vengt\u0173 tolesn\u0117s \u017ealos.<\/li>\n<\/ul>\n<h2>Trik\u010di\u0173 \u0161alinimo ir prevencini\u0173 priemoni\u0173 patarimai<\/h2>\n<p>Diagnozuojant str\u0117l\u0117s cilindro problemas, b\u016btina ie\u0161koti susid\u0117v\u0117jimo ar nuot\u0117ki\u0173 aplink sandariklius ir jungtis. Reguliarus techninis aptarnavimas ir savalaikis remontas gali suma\u017einti galimas problemas ir u\u017etikrinti efektyv\u0173 cilindro veikim\u0105. \u012egyvendinant \u012fprast\u0105 technin\u0117s prie\u017ei\u016bros grafik\u0105, apimant\u012f ap\u017ei\u016bras ir skys\u010di\u0173 patikrinimus, galima gerokai suma\u017einti netik\u0117t\u0173 gedim\u0173 tikimyb\u0119.<\/p>\n<p><img decoding=\"async\" src=\"https:\/\/www.hydraulic-cylinders.net\/wp-content\/uploads\/2025\/04\/songte-bushings-with-all-kinds-of-excavator-models.webp\" alt=\"\u012evor\u0117s su ekskavatori\u0173 modeliais\"><\/p>\n<h2>Apie m\u016bs\u0173 \u012fmon\u0119<\/h2>\n<p>Esame pakaitini\u0173 hidraulini\u0173 cilindr\u0173 gamintojas, si\u016blantis plat\u0173 gamini\u0173 asortiment\u0105 ir tap\u0119s vienu i\u0161 pirmaujan\u010di\u0173 gamintoj\u0173 bei didmeninink\u0173 tiek vidaus, tiek tarptautin\u0117se rinkose. Savo kruop\u0161\u010diai suderintose gamybos dirbtuv\u0117se laikom\u0117s meistri\u0161kumo ir industrializuoto gamybos valdymo strategijos. M\u016bs\u0173 technologiniai talentai, auk\u0161\u010diausios klas\u0117s skaitmenin\u0117 gamybos \u012franga ir profesionalios testavimo sistemos nuolat tobulina gamybos platform\u0105, gerindamos m\u016bs\u0173 gamini\u0173 kokyb\u0119. Tvirtas k\u016brybi\u0161kumas ir didelio efektyvumo, tikslumo bei kokyb\u0117s principai leid\u017eia patenkinti \u012fvairius m\u016bs\u0173 klient\u0173 poreikius.<\/p>\n<p><img decoding=\"async\" src=\"https:\/\/www.hydraulic-cylinders.net\/wp-content\/uploads\/2025\/04\/songte-company-4.webp\" alt=\"\u012emon\u0117s ap\u017evalga\"><br \/>\n<img decoding=\"async\" src=\"https:\/\/www.hydraulic-cylinders.net\/wp-content\/uploads\/2025\/04\/songte-company-3.webp\" alt=\"Gamybos \u012franga\"><\/p>\n<p>M\u016bs\u0173 atsidavimas profesionalumui, tarptautiniai sertifikatai, individualiai pritaikytos paslaugos, pa\u017eangi gamybos \u012franga ir i\u0161skirtinis aptarnavimas po pardavimo i\u0161ties i\u0161skiria mus i\u0161 kit\u0173 pramon\u0117s \u0161ak\u0173.<\/p>\n<p>Autorius: lyl<\/p>","protected":false},"excerpt":{"rendered":"<p>Boom Cylinder For Jingong Crawler Excavator JCM924 Understanding the Boom Cylinder The boom cylinder is a vital hydraulic component in heavy machinery, specifically designed to control the movement of the bucket in various excavators. This hydraulic cylinder plays a critical role in enabling the bucket to lift, lower, and tilt, thus facilitating efficient material handling [&hellip;]<\/p>","protected":false},"featured_media":17874,"comment_status":"open","ping_status":"closed","template":"","meta":{"_et_pb_use_builder":"","_et_pb_old_content":"","_et_gb_content_width":""},"product_brand":[],"product_cat":[1546],"product_tag":[1547,1496],"class_list":{"0":"post-19475","1":"product","2":"type-product","3":"status-publish","4":"has-post-thumbnail","6":"product_cat-boom-cylinders","7":"product_tag-boom-cylinders","8":"product_tag-hydraulic-cylinders","10":"first","11":"instock","12":"shipping-taxable","13":"product-type-simple"},"amp_enabled":true,"_links":{"self":[{"href":"https:\/\/www.hydraulic-cylinders.net\/lt\/wp-json\/wp\/v2\/product\/19475","targetHints":{"allow":["GET"]}}],"collection":[{"href":"https:\/\/www.hydraulic-cylinders.net\/lt\/wp-json\/wp\/v2\/product"}],"about":[{"href":"https:\/\/www.hydraulic-cylinders.net\/lt\/wp-json\/wp\/v2\/types\/product"}],"replies":[{"embeddable":true,"href":"https:\/\/www.hydraulic-cylinders.net\/lt\/wp-json\/wp\/v2\/comments?post=19475"}],"wp:featuredmedia":[{"embeddable":true,"href":"https:\/\/www.hydraulic-cylinders.net\/lt\/wp-json\/wp\/v2\/media\/17874"}],"wp:attachment":[{"href":"https:\/\/www.hydraulic-cylinders.net\/lt\/wp-json\/wp\/v2\/media?parent=19475"}],"wp:term":[{"taxonomy":"product_brand","embeddable":true,"href":"https:\/\/www.hydraulic-cylinders.net\/lt\/wp-json\/wp\/v2\/product_brand?post=19475"},{"taxonomy":"product_cat","embeddable":true,"href":"https:\/\/www.hydraulic-cylinders.net\/lt\/wp-json\/wp\/v2\/product_cat?post=19475"},{"taxonomy":"product_tag","embeddable":true,"href":"https:\/\/www.hydraulic-cylinders.net\/lt\/wp-json\/wp\/v2\/product_tag?post=19475"}],"curies":[{"name":"wp","href":"https:\/\/api.w.org\/{rel}","templated":true}]}}