{"id":19500,"date":"2025-04-07T06:51:03","date_gmt":"2025-04-07T06:51:03","guid":{"rendered":"https:\/\/www.hydraulic-cylinders.net\/product\/boom-cylinder-for-tck-hd8070li-8h\/"},"modified":"2025-04-07T06:51:05","modified_gmt":"2025-04-07T06:51:05","slug":"boom-cylinder-for-tck-hd8070li-8h","status":"publish","type":"product","link":"https:\/\/www.hydraulic-cylinders.net\/lt\/produktas\/boom-cylinder-for-tck-hd8070li-8h\/","title":{"rendered":"Str\u0117l\u0117s cilindras, skirtas TCK HD8070LI-8H"},"content":{"rendered":"<h1>Str\u0117l\u0117s cilindras, skirtas TCK HD8070LI-8H<\/h1>\n<h2>Produkto ap\u017evalga<\/h2>\n<p>TCK HD8070LI-8H str\u0117l\u0117s cilindras yra specializuotas hidraulinis komponentas, skirtas pagerinti sunkiosios technikos funkcionalum\u0105. \u0160is kau\u0161o cilindras atlieka lemiam\u0105 vaidmen\u012f valdant \u012fvairios sunkiosios technikos, tokios kaip ekskavatoriai, ekskavatoriniai krautuvai ir frontaliniai krautuvai, jud\u0117jim\u0105. \u0160is hidraulinis cilindras leid\u017eia kau\u0161ui pakelti, nuleisti ir pakreipti, taip palengvinant efektyv\u0173 med\u017eiag\u0173 tvarkym\u0105.<\/p>\n<p>Kaip hidraulinis cilindras, jis naudoja susl\u0117gto skys\u010dio gali\u0105 kontroliuojamam judesiui sukurti. \u0160is judesys yra b\u016btinas atliekant tokias u\u017eduotis kaip kasimas, k\u0117limas ir med\u017eiag\u0173 transportavimas skirtingose \u200b\u200bdarbo vietose. Str\u0117l\u0117s cilindro konstrukcija u\u017etikrina patikimum\u0105 ir optimal\u0173 na\u0161um\u0105 sud\u0117tingoje aplinkoje.<\/p>\n<p><img decoding=\"async\" src=\"https:\/\/www.hydraulic-cylinders.net\/wp-content\/uploads\/2025\/04\/songte-company-1.webp\" alt=\"Hidraulinis cilindras\"><\/p>\n<h2>Str\u0117l\u0117s cilindro savyb\u0117s<\/h2>\n<ul>\n<li><strong>Didelis stiprumas ir ilgaam\u017ei\u0161kumas:<\/strong> \u0160is cilindras, pagamintas i\u0161 didelio stiprumo plieno arba aliuminio, kad atlaikyt\u0173 didel\u012f sl\u0117g\u012f ir dideles apkrovas, yra sukurtas veikti at\u0161iauriomis s\u0105lygomis, daugiausia d\u0117mesio skiriant atsparumui dilimui ir apsaugai nuo korozijos, taip pailginant jo tarnavimo laik\u0105.<\/li>\n<li><strong>Efektyvus hidraulinis valdymas:<\/strong> Naudoja hidraulin\u0117s alyvos sl\u0117g\u012f, kad b\u016bt\u0173 u\u017etikrintas sklandus i\u0161pl\u0117timas ir \u012ftraukimas, leid\u017eiantis greitai reaguoti \u012f operatoriaus komandas, tuo pa\u010diu u\u017etikrinant didel\u0119 st\u016bmimo ir traukimo j\u0117g\u0105, tinkam\u0105 sunkioms ir sud\u0117tingoms u\u017eduotims.<\/li>\n<li><strong>\u012evair\u016bs tipai:<\/strong> Galima \u012fsigyti vienpusio veikimo (naudojamas viena kryptimi) arba dvipusio veikimo (naudojamas abiem kryptimis) konfig\u016bracij\u0173, kai kurie modeliai pasi\u017eymi teleskopine konstrukcija, kad b\u016bt\u0173 galima labiau i\u0161tiesti nedidinant i\u0161orini\u0173 matmen\u0173, tod\u0117l idealiai tinka naudoti ribotoje erdv\u0117je.<\/li>\n<li><strong>Individuali gamyba:<\/strong> \u0160iuos cilindrus gaminame taip, kad jie puikiai pakeist\u0173 esamus hidraulinius cilindrus, u\u017etikrindami suderinamum\u0105 ir na\u0161umo nuoseklum\u0105 \u012fvairiose srityse.<\/li>\n<li><strong>Universalios taikymo sritys:<\/strong> \u0160is produktas naudojamas \u012fvairiose pramon\u0117s \u0161akose, \u012fskaitant statyb\u0105 ir \u017eem\u0117s \u016bk\u012f, tod\u0117l jis yra gyvybi\u0161kai svarbus ma\u0161in\u0173 eksploatavimo komponentas.<\/li>\n<\/ul>\n<p><img decoding=\"async\" src=\"https:\/\/www.hydraulic-cylinders.net\/wp-content\/uploads\/2025\/04\/songte-cylinder-head-with-all-kinds-excavator-models.webp\" alt=\"Ekskavatori\u0173 modeliai\"><\/p>\n<h2>Str\u0117l\u0117s cilindro pritaikymas<\/h2>\n<h3>Statybin\u0117 \u012franga<\/h3>\n<p>Ekskavatoriuose str\u0117l\u0117s cilindrai yra pagrindin\u0117 kasimo, krovimo ir \u017eem\u0117s ar \u0161iuk\u0161li\u0173 perk\u0117limo dalis. Jie suteikia reikiam\u0105 j\u0117g\u0105, kad kau\u0161as efektyviai \u012fsiskverbt\u0173 \u012f \u017eem\u0119, tod\u0117l jie yra nepakei\u010diami statybos projektuose. Ekskavatoriuose-krautuvuose kau\u0161o cilindras padeda tiek kasant, tiek keliant, taip padidindamas ma\u0161inos universalum\u0105.<\/p>\n<h3>\u017dem\u0117s \u016bkio technika<\/h3>\n<p>Priekiniuose krautuvuose str\u0117l\u0117s cilindras yra labai svarbus dirvo\u017eemio, \u0161ieno ir kit\u0173 med\u017eiag\u0173 k\u0117limui, k\u0117limui ir transportavimui. D\u0117l savo geb\u0117jimo u\u017etikrinti didel\u0119 k\u0117limo j\u0117g\u0105 jis idealiai tinka \u012fvairioms \u017eem\u0117s \u016bkio u\u017eduotims, pagerindamas \u016bki\u0173 veiklos efektyvum\u0105.<\/p>\n<h3>Ekskavatoriai<\/h3>\n<p>Kau\u0161o cilindras atlieka gyvybi\u0161kai svarb\u0173 vaidmen\u012f, nes leid\u017eia kau\u0161ui \u012fsiskverbti \u012f dirv\u0105 ir palengvina kasimo proces\u0105. Cilindro tiekiama hidraulin\u0117 galia u\u017etikrina, kad ekskavatorius gali va\u017eiuoti sunkiu reljefu ir tiksliai atlikti savo u\u017eduotis.<\/p>\n<h3>Krautuvai<\/h3>\n<p>Priekiniuose krautuvuose \u0161ie cilindrai padeda efektyviai pakelti ir i\u0161versti krovinius. Jie leid\u017eia operatoriams lengvai tvarkyti sunkias med\u017eiagas, taip padidinant na\u0161um\u0105 ir suma\u017einant rankinio darbo poreik\u012f darbo vietose.<\/p>\n<h2>Projektavimo aspektai ir atrankos kriterijai<\/h2>\n<h3>Keliamoji galia<\/h3>\n<p>Hidraulinio cilindro keliamoji galia yra labai svarbus veiksnys renkantis str\u0117l\u0117s cilindr\u0105. Ji lemia maksimal\u0173 svor\u012f, kur\u012f cilindras gali saugiai pakelti ir valdyti nerizikuodamas sugesti. Tod\u0117l norint u\u017etikrinti, kad cilindras efektyviai veikt\u0173 esant kintan\u010dioms apkrovoms, labai svarbu suprasti konkre\u010dius taikymo poreikius.<\/p>\n<h3>Sandarinimo efektyvumas<\/h3>\n<p>Sandarinimas yra labai svarbus norint palaikyti hidraulin\u012f sl\u0117g\u012f ir i\u0161vengti nuot\u0117ki\u0173. Siekiant u\u017etikrinti, kad hidraulinis skystis darbo metu i\u0161likt\u0173 cilindre, reikia naudoti auk\u0161tos kokyb\u0117s sandariklius. Tinkamos sandarinimo med\u017eiagos prailgins cilindro tarnavimo laik\u0105 ir patikimum\u0105, suma\u017eindamos prie\u017ei\u016bros poreik\u012f.<\/p>\n<h3>Patvarumas<\/h3>\n<p>Hidraulini\u0173 cilindr\u0173 konstrukcijoje labai svarbus ilgaam\u017ei\u0161kumas. Naudojamos med\u017eiagos turi atlaikyti nuovarg\u012f ir dilim\u0105 laikui b\u0117gant, ypa\u010d at\u0161iauriomis s\u0105lygomis. Gerai suprojektuotas cilindras bus atsparus korozijai ir dilimui, u\u017etikrindamas patikim\u0105 ilgalaik\u012f veikim\u0105.<\/p>\n<h3>Saugos funkcijos<\/h3>\n<p>Saugos funkcij\u0173 \u012ftraukimas \u012f hidraulini\u0173 cilindr\u0173 konstrukcij\u0105 yra nepaprastai svarbus. \u0160ios funkcijos apsaugo tiek operatori\u0173, tiek mechanizm\u0105, u\u017ekertant keli\u0105 nelaimingiems atsitikimams, kuriuos sukelia cilindro gedimas ar skys\u010dio nuot\u0117kis. Tokie elementai kaip sl\u0117gio ma\u017einimo vo\u017etuvai ir saugos u\u017eraktai prisideda prie saugios darbo aplinkos.<\/p>\n<h3>Prieinamumas prie prie\u017ei\u016bros<\/h3>\n<p>Projektuojant cilindr\u0105 atsi\u017evelgiant \u012f technin\u0119 prie\u017ei\u016br\u0105, galima lengviau atlikti komponent\u0173 patikras, remont\u0105 ir keitim\u0105. Prieiga prie svarbiausi\u0173 dali\u0173 u\u017etikrina, kad \u012fprastin\u0117 technin\u0117 prie\u017ei\u016bra gali b\u016bti atliekama efektyviai, taip pailginant hidraulin\u0117s sistemos tarnavimo laik\u0105.<\/p>\n<p><img decoding=\"async\" src=\"https:\/\/www.hydraulic-cylinders.net\/wp-content\/uploads\/2025\/04\/songte-oil-pipes-and-spare-parts.webp\" alt=\"Naftos vamzd\u017eiai ir atsargin\u0117s dalys\"><\/p>\n<h2>Sandarinimas ir tepimas<\/h2>\n<p>Hidraulini\u0173 cilindr\u0173 sandarinimas ir tepimas yra gyvybi\u0161kai svarb\u016bs j\u0173 efektyviam veikimui. \u012evair\u016bs sandarinimo elementai, tokie kaip st\u016bmokli\u0173 ir stryp\u0173 sandarikliai, naudojami sl\u0117giui palaikyti ir hidraulinio skys\u010dio nuot\u0117kiui i\u0161vengti. Tokios med\u017eiagos kaip poliuretanas ir nitrilo kau\u010diukas da\u017eniausiai naudojamos d\u0117l j\u0173 atsparumo dilimui.<\/p>\n<p>Cilindro korpusas ir srieginiai galiniai pavir\u0161iai yra tiksliai apdirbami, siekiant padidinti atsparum\u0105 dilimui ir pailginti tarnavimo laik\u0105. Reguliarus tepimas hidrauline alyva yra b\u016btinas, siekiant suma\u017einti trint\u012f tarp judan\u010di\u0173 dali\u0173, u\u017etikrinti skland\u0173 veikim\u0105 ir i\u0161vengti prie\u0161laikinio susid\u0117v\u0117jimo. Be tinkamo tepimo, perkaitimo ir pa\u017eeidimo rizika \u017eymiai padid\u0117ja, tod\u0117l remontas gali brangiai kainuoti.<\/p>\n<h2>Reguliarus patikrinimas ir prevencin\u0117 prie\u017ei\u016bra<\/h2>\n<ul>\n<li><strong>\u012eprastiniai patikrinimai:<\/strong> Reguliar\u016bs patikrinimai padeda nustatyti galimas problemas, kol jos nepa\u016bm\u0117jo. Patikrinkite, ar n\u0117ra nuot\u0117ki\u0173, ne\u012fprast\u0173 gars\u0173 ir ar n\u0117ra susid\u0117v\u0117jusi\u0173 sandarikli\u0173 bei stryp\u0173.<\/li>\n<li><strong>Tinkamas tepimas:<\/strong> U\u017etikrinkite tinkam\u0105 judan\u010di\u0173 dali\u0173 sutepim\u0105, laikydamiesi reguliarios technin\u0117s prie\u017ei\u016bros grafiko. Naudokite rekomenduojamas hidraulines alyvas ir steb\u0117kite alyvos lyg\u012f, kad i\u0161vengtum\u0117te sausojo veikimo.<\/li>\n<li><strong>Sandariklio keitimas:<\/strong> Reguliariai tikrinkite ir prireikus keiskite sandariklius, kad i\u0161laikytum\u0117te hidraulin\u0117s sistemos vientisum\u0105. Susid\u0117v\u0117j\u0119 sandarikliai gali sukelti nuot\u0117kius ir suma\u017einti efektyvum\u0105.<\/li>\n<\/ul>\n<h2>\u012erengimo gair\u0117s<\/h2>\n<p>Montuojant str\u0117l\u0117s cilindr\u0105, labai svarbu laikytis konkre\u010di\u0173 gairi\u0173, kad b\u016bt\u0173 u\u017etikrintas optimalus veikimas. Pirmiausia \u012fsitikinkite, kad tvirtinimo pavir\u0161iai yra \u0161var\u016bs ir be \u0161iuk\u0161li\u0173. Tinkamas cilindro sulygiavimas yra b\u016btinas, kad komponentas neb\u016bt\u0173 per daug \u012ftemptas. Naudokite tinkamus tvirtinimo laikiklius, kad cilindras b\u016bt\u0173 pritvirtintas vietoje ir kuo labiau suma\u017eint\u0173 jud\u0117jim\u0105 eksploatacijos metu.<\/p>\n<p>Montavimo metu \u012fsitikinkite, kad visos hidraulin\u0117s linijos yra tinkamai prijungtos ir n\u0117ra joki\u0173 sulenkim\u0173 ar i\u0161linkim\u0173, kurie gal\u0117t\u0173 riboti skys\u010dio sraut\u0105. Po montavimo kruop\u0161\u010diai patikrinkite sistem\u0105 apkrovos s\u0105lygomis, kad \u012fsitikintum\u0117te, jog visi komponentai veikia tinkamai. Reguliariai tikrinkite, ar n\u0117ra susid\u0117v\u0117jimo ar nesuderinamumo po\u017eymi\u0173, ir nedelsdami spr\u0119skite visas problemas.<\/p>\n<h2>\u012eprastos prie\u017ei\u016bros u\u017eduotys<\/h2>\n<h3>Reguliar\u016bs patikrinimai<\/h3>\n<p>Reguliar\u016bs patikrinimai padeda palaikyti hidraulini\u0173 cilindr\u0173 veikimo efektyvum\u0105. Patikrinkite cilindr\u0105, ar n\u0117ra nuot\u0117ki\u0173, patikrindami tiek sandariklius, tiek jungtis. Bet kokie skys\u010dio nuot\u0117kio po\u017eymiai rodo, kad reikia nedelsiant atkreipti d\u0117mes\u012f, nes tai gali pakenkti cilindro veikimui ir saugumui.<\/p>\n<h3>Tinkamas tepimas<\/h3>\n<p>Norint i\u0161laikyti str\u0117l\u0117s cilindro veikim\u0105, b\u016btina naudoti tinkam\u0105 hidraulin\u0117s alyvos tip\u0105 ir kiek\u012f. Tepimas suma\u017eina judan\u010di\u0173 dali\u0173 trint\u012f ir susid\u0117v\u0117jim\u0105. Svarbu laikytis gamintojo nurodym\u0173 d\u0117l tepimo interval\u0173 ir alyvos tip\u0173, kad b\u016bt\u0173 u\u017etikrintas optimalus veikimas.<\/p>\n<h3>Tarpikli\u0173 keitimas ir kalibravimo patikrinimai<\/h3>\n<p>Tarpikli\u0173 keitimas yra svarbi prie\u017ei\u016bros u\u017eduotis, kurios nereik\u0117t\u0173 ignoruoti. Susid\u0117v\u0117j\u0119 tarpikliai gali sukelti hidraulinio skys\u010dio nuot\u0117k\u012f, o tai labai paveiks na\u0161um\u0105. Reguliariai tikrinkite tarpiklius, ar n\u0117ra susid\u0117v\u0117jimo po\u017eymi\u0173, ir prireikus juos pakeiskite. Kalibravimo patikrinimai u\u017etikrina, kad sistema veikt\u0173 pagal nurodytus parametrus, o tai yra labai svarbu norint i\u0161laikyti efektyvum\u0105 ir saug\u0105.<\/p>\n<p><img decoding=\"async\" src=\"https:\/\/www.hydraulic-cylinders.net\/wp-content\/uploads\/2025\/04\/songte-chushion-collar.webp\" alt=\"Pagalv\u0117l\u0117s apykakl\u0117\"><\/p>\n<h2>Saugos aspektai ir aplinkos veiksniai<\/h2>\n<p>Dirbant su hidraulin\u0117mis sistemomis, labai svarbu \u012fdiegti saugos priemones. Operatoriai tur\u0117t\u0173 b\u016bti apmokyti saugos protokol\u0173, u\u017etikrinant, kad jie suprast\u0173 apsaugini\u0173 priemoni\u0173 d\u0117v\u0117jimo ir tinkamo hidraulini\u0173 komponent\u0173 naudojimo svarb\u0105. Reguliar\u016bs saugos auditai ir mokymai gali pad\u0117ti suma\u017einti su hidraulin\u0117s sistemos gedimais susijusi\u0105 rizik\u0105.<\/p>\n<h2>Gedim\u0173 diagnostika ir da\u017eniausios problemos<\/h2>\n<ul>\n<li><strong>Nuot\u0117kis:<\/strong> Viena i\u0161 da\u017eniausi\u0173 hidraulini\u0173 cilindr\u0173 problem\u0173 yra nuot\u0117kis. Tai gali atsirasti d\u0117l susid\u0117v\u0117jusi\u0173 sandarikli\u0173 arba pa\u017eeist\u0173 komponent\u0173. Reguliar\u016bs patikrinimai gali pad\u0117ti greitai nustatyti ir i\u0161spr\u0119sti \u0161ias problemas.<\/li>\n<li><strong>Suma\u017eintas na\u0161umas:<\/strong> Suma\u017e\u0117j\u0119s cilindro na\u0161umas gali rodyti \u017eem\u0105 hidraulinio skys\u010dio lyg\u012f arba vidin\u012f susid\u0117v\u0117jim\u0105. Svarbu steb\u0117ti skys\u010dio lyg\u012f ir reguliariai tikrinti, ar n\u0117ra susid\u0117v\u0117jimo.<\/li>\n<li><strong>Ne\u012fprasti garsai:<\/strong> Bet kokie keisti garsai veikimo metu gali signalizuoti apie cilindro ar hidraulin\u0117s sistemos problemas. Nedelsdami patikrinkite, ar n\u0117ra tolesn\u0117s \u017ealos.<\/li>\n<\/ul>\n<h2>Trik\u010di\u0173 \u0161alinimo patarimai<\/h2>\n<p>Nor\u0117dami efektyviai diagnozuoti ir i\u0161spr\u0119sti str\u0117l\u0117s cilindro problemas, prad\u0117kite nuo vizualin\u0117s ap\u017ei\u016bros ir klausykite, ar darbo metu negird\u0117ti joki\u0173 ne\u012fprast\u0173 gars\u0173. Patikrinkite skys\u010di\u0173 lyg\u012f ir \u012fsitikinkite, kad n\u0117ra nuot\u0117ki\u0173. Jei na\u0161umas prastas, apsvarstykite galimyb\u0119 praplauti hidraulin\u0119 sistem\u0105 ir pakeisti skyst\u012f. Reguliarus technin\u0117s prie\u017ei\u016bros atlikimas pad\u0117s suma\u017einti galimas problemas ir pailgins hidraulin\u0117s sistemos tarnavimo laik\u0105.<\/p>\n<p><img decoding=\"async\" src=\"https:\/\/www.hydraulic-cylinders.net\/wp-content\/uploads\/2025\/04\/songte-bushings-with-all-kinds-of-excavator-models.webp\" alt=\"Ekskavatori\u0173 modeli\u0173 \u012fvor\u0117\"><\/p>\n<h2>Apie m\u016bs\u0173 \u012fmon\u0119<\/h2>\n<p>Esame pirmaujantis pakaitini\u0173 hidraulini\u0173 cilindr\u0173 gamintojas, si\u016blantis plat\u0173 gamini\u0173 asortiment\u0105, pelnius\u012f mums reputacij\u0105 tiek vidaus, tiek tarptautin\u0117se rinkose. M\u016bs\u0173 \u012fsipareigojim\u0105 u\u017etikrinti i\u0161skirtin\u0119 kokyb\u0119 palaiko rafinuota gamybos valdymo strategija, u\u017etikrinanti gamybos tikslum\u0105 ir patikim\u0105 gamini\u0173 kokyb\u0119.<\/p>\n<p>Mes naudojame pa\u017eangias technologijas, \u012fskaitant kvalifikuotus technikus ir auk\u0161\u010diausios klas\u0117s gamybos \u012frang\u0105, kad nuolat didintume savo gamybos paj\u0117gumus. D\u0117mesys efektyvumui, tikslumui ir auk\u0161tai kokybei leid\u017eia mums veiksmingai patenkinti \u012fvairius klient\u0173 poreikius. Be to, teikiame profesionalias garantinio aptarnavimo paslaugas ir individualius sprendimus, pritaikytus konkretiems reikalavimams.<\/p>\n<p><img decoding=\"async\" src=\"https:\/\/www.hydraulic-cylinders.net\/wp-content\/uploads\/2025\/04\/songte-company-4.webp\" alt=\"\u012emon\u0117s ap\u017evalga\"><br \/>\n<img decoding=\"async\" src=\"https:\/\/www.hydraulic-cylinders.net\/wp-content\/uploads\/2025\/04\/songte-company-3.webp\" alt=\"Gamybos \u012fmon\u0117\"><\/p>\n<p>Autorius: lyl<\/p>","protected":false},"excerpt":{"rendered":"<p>Boom Cylinder For TCK HD8070LI-8H Product Overview The Boom Cylinder for TCK HD8070LI-8H is a specialized hydraulic component designed to enhance the functionality of heavy machinery. Specifically, this bucket cylinder plays a crucial role in controlling the movement of various heavy equipment, such as excavators, backhoe loaders, and front-end loaders. This hydraulic cylinder enables the [&hellip;]<\/p>","protected":false},"featured_media":17869,"comment_status":"open","ping_status":"closed","template":"","meta":{"_et_pb_use_builder":"","_et_pb_old_content":"","_et_gb_content_width":""},"product_brand":[],"product_cat":[1546],"product_tag":[1547,1496],"class_list":{"0":"post-19500","1":"product","2":"type-product","3":"status-publish","4":"has-post-thumbnail","6":"product_cat-boom-cylinders","7":"product_tag-boom-cylinders","8":"product_tag-hydraulic-cylinders","10":"first","11":"instock","12":"shipping-taxable","13":"product-type-simple"},"amp_enabled":true,"_links":{"self":[{"href":"https:\/\/www.hydraulic-cylinders.net\/lt\/wp-json\/wp\/v2\/product\/19500","targetHints":{"allow":["GET"]}}],"collection":[{"href":"https:\/\/www.hydraulic-cylinders.net\/lt\/wp-json\/wp\/v2\/product"}],"about":[{"href":"https:\/\/www.hydraulic-cylinders.net\/lt\/wp-json\/wp\/v2\/types\/product"}],"replies":[{"embeddable":true,"href":"https:\/\/www.hydraulic-cylinders.net\/lt\/wp-json\/wp\/v2\/comments?post=19500"}],"wp:featuredmedia":[{"embeddable":true,"href":"https:\/\/www.hydraulic-cylinders.net\/lt\/wp-json\/wp\/v2\/media\/17869"}],"wp:attachment":[{"href":"https:\/\/www.hydraulic-cylinders.net\/lt\/wp-json\/wp\/v2\/media?parent=19500"}],"wp:term":[{"taxonomy":"product_brand","embeddable":true,"href":"https:\/\/www.hydraulic-cylinders.net\/lt\/wp-json\/wp\/v2\/product_brand?post=19500"},{"taxonomy":"product_cat","embeddable":true,"href":"https:\/\/www.hydraulic-cylinders.net\/lt\/wp-json\/wp\/v2\/product_cat?post=19500"},{"taxonomy":"product_tag","embeddable":true,"href":"https:\/\/www.hydraulic-cylinders.net\/lt\/wp-json\/wp\/v2\/product_tag?post=19500"}],"curies":[{"name":"wp","href":"https:\/\/api.w.org\/{rel}","templated":true}]}}