{"id":19503,"date":"2025-04-07T06:51:10","date_gmt":"2025-04-07T06:51:10","guid":{"rendered":"https:\/\/www.hydraulic-cylinders.net\/product\/boom-cylinder-for-sgzg-sd08e\/"},"modified":"2025-04-07T06:51:13","modified_gmt":"2025-04-07T06:51:13","slug":"boom-cylinder-for-sgzg-sd08e","status":"publish","type":"product","link":"https:\/\/www.hydraulic-cylinders.net\/lt\/produktas\/boom-cylinder-for-sgzg-sd08e\/","title":{"rendered":"Str\u0117l\u0117s cilindras, skirtas SGZG SD08E"},"content":{"rendered":"<h1>Str\u0117l\u0117s cilindras, skirtas SGZG SD08E<\/h1>\n<h2>Produkto apibr\u0117\u017eimas ir ap\u017evalga<\/h2>\n<p>SGZG SD08E str\u0117l\u0117s cilindras yra labai svarbus hidraulinis cilindras, specialiai sukurtas valdyti kau\u0161o jud\u0117jim\u0105 \u012fvairiose sunkiosiose ma\u0161inose, tokiose kaip ekskavatoriai, ekskavatoriniai krautuvai ir frontaliniai krautuvai. \u0160i specializuota \u012franga leid\u017eia kau\u0161\u0105 kelti, nuleisti ir pakreipti, taip palengvindama efektyv\u0173 med\u017eiag\u0173 tvarkym\u0105. Kau\u0161o cilindras yra esminis hidraulini\u0173 sistem\u0173 komponentas, u\u017etikrinantis skland\u0173 veikim\u0105 ir didesn\u012f na\u0161um\u0105 statybose, kasyboje ir \u017eem\u0117s \u016bkyje.<\/p>\n<p><img decoding=\"async\" src=\"https:\/\/www.hydraulic-cylinders.net\/wp-content\/uploads\/2025\/04\/songte-company-1.webp\" alt=\"Str\u0117l\u0117s cilindro vaizdas\"><\/p>\n<h2>Pagrindin\u0117s savyb\u0117s<\/h2>\n<ul>\n<li><strong>Didelis stiprumas ir ilgaam\u017ei\u0161kumas:<\/strong> Paprastai gaminami i\u0161 didelio stiprumo plieno arba aliuminio, kurie gali atlaikyti auk\u0161t\u0105 sl\u0117g\u012f ir dideles apkrovas, skirti darbui at\u0161iauriomis darbo s\u0105lygomis, o atsparumas dilimui ir korozijai prailgina tarnavimo laik\u0105.<\/li>\n<li><strong>Efektyvus hidraulinis valdymas:<\/strong> Naudoja hidraulin\u0117s alyvos sl\u0117g\u012f skland\u017eiam i\u0161st\u016bmimui ir \u012ftraukimui, greitai reaguodamas \u012f valdymo komandas ir u\u017etikrindamas galingas st\u016bmimo bei traukimo j\u0117gas, idealiai tinkan\u010dias sunkioms ir sud\u0117tingoms u\u017eduotims atlikti.<\/li>\n<li><strong>\u012evair\u016bs tipai:<\/strong> Galima rinktis i\u0161 vienpusio veikimo (hidraulin\u0119 gali\u0105 naudojant tik viena kryptimi) arba dvipusio veikimo (hidraulin\u0119 gali\u0105 naudojant abiem kryptimis) cilindr\u0173, kad atitikt\u0173 \u012fvairius eksploatacinius poreikius. Kai kurie modeliai yra teleskopiniai, tod\u0117l pasiekiamas didesnis atstumas nedidinant i\u0161orini\u0173 matmen\u0173, tod\u0117l tinka naudoti ribotoje erdv\u0117je.<\/li>\n<li><strong>Individuali gamyba:<\/strong> Mes galime pagaminti \u0161\u012f produkt\u0105, o m\u016bs\u0173 cilindrai gali puikiai pakeisti esamus hidraulinius cilindrus.<\/li>\n<li><strong>Universalios taikymo sritys:<\/strong> Sukurta \u012fvairioms aplinkoms, u\u017etikrinant funkcionalum\u0105 \u012fvairiose aplinkose.<\/li>\n<\/ul>\n<p><img decoding=\"async\" src=\"https:\/\/www.hydraulic-cylinders.net\/wp-content\/uploads\/2025\/04\/songte-cylinder-head-with-all-kinds-excavator-models.webp\" alt=\"Ekskavatori\u0173 modeliai\"><\/p>\n<h2>Taikymo scenarijai<\/h2>\n<h3>Statybin\u0117 \u012franga<\/h3>\n<p>Ekskavatoriuose str\u0117l\u0117s cilindrai yra gyvybi\u0161kai svarb\u016bs kasant, kraunant ir perkeliant grunt\u0105 ar \u0161iuk\u0161les. Jie kontroliuoja kau\u0161o kamp\u0105 ir auk\u0161t\u012f, leisdami operatoriams efektyviai i\u0161kasti \u012fvairias med\u017eiagas. Ekskavatoriuose-krautuvuose str\u0117l\u0117s cilindras padeda tiek kasti, tiek kelti, tod\u0117l yra nepakei\u010diamas komponentas sunkiasvoriuose statybos projektuose.<\/p>\n<h3>\u017dem\u0117s \u016bkio technika<\/h3>\n<p>Priekiniuose krautuvuose kau\u0161o cilindrai naudojami dirvo\u017eemiui, \u0161ienui ir kitoms med\u017eiagoms semti, kelti ir transportuoti. Galimyb\u0117 reguliuoti kau\u0161o pad\u0117t\u012f padidina produktyvum\u0105 \u017eem\u0117s \u016bkio operacijose, leisdama greitai ir efektyviai atlikti med\u017eiag\u0173 tvarkymo u\u017eduotis, kurios yra b\u016btinos sklandiems \u017eem\u0117s \u016bkio procesams palaikyti.<\/p>\n<h3>Ekskavatoriai<\/h3>\n<p>Ekskavatoriuose str\u0117l\u0117s cilindrai palengvina kasimo veiksm\u0105, leisdami kau\u0161ui \u012fsiskverbti \u012f dirv\u0105. \u0160i galimyb\u0117 yra labai svarbi atliekant \u012fvairius kasimo darbus \u2013 nuo \u200b\u200btran\u0161\u0117j\u0173 kasimo iki statybvie\u010di\u0173 paruo\u0161imo, u\u017etikrinant optimal\u0173 sunkiosios technikos na\u0161um\u0105.<\/p>\n<h3>Krautuvai<\/h3>\n<p>Priekiniuose krautuvuose str\u0117l\u0117s cilindrai padeda efektyviai kelti ir i\u0161versti krovinius. J\u0173 konstrukcija u\u017etikrina, kad operatoriai gal\u0117t\u0173 tiksliai ir greitai perkelti med\u017eiagas, taip suma\u017eindami prastovas ir padidindami darbo efektyvum\u0105 objekte.<\/p>\n<h2>Projektavimo aspektai ir atrankos standartai<\/h2>\n<h3>Keliamoji galia<\/h3>\n<p>Vienas i\u0161 pagrindini\u0173 str\u0117l\u0117s cilindr\u0173 projektavimo aspekt\u0173 yra j\u0173 keliamoji galia. Cilindras turi b\u016bti suprojektuotas taip, kad atlaikyt\u0173 maksimal\u0173 svor\u012f, su kuriuo susidurs eksploatacijos metu, nepakenkiant saugumui. Tai apima didelio stiprumo med\u017eiag\u0173 naudojim\u0105 ir tiksli\u0105 in\u017einerij\u0105, siekiant u\u017etikrinti patikimum\u0105 ir na\u0161um\u0105.<\/p>\n<h3>Sandarinimas<\/h3>\n<p>Hidrauliniuose cilindruose sandarikli\u0173 vientisumas yra labai svarbus. Tinkamas sandarinimas apsaugo nuo hidraulinio skys\u010dio nutek\u0117jimo, d\u0117l kurio gali suma\u017e\u0117ti efektyvumas ir atsirasti \u017eala. Sandarikliai turi b\u016bti parenkami atsi\u017evelgiant \u012f j\u0173 med\u017eiag\u0173 savybes, u\u017etikrinant, kad jie atlaikyt\u0173 sl\u0117g\u012f ir aplinkos s\u0105lygas, su kuriomis jie susidurs.<\/p>\n<h3>Patvarumas<\/h3>\n<p>Patvarumas yra svarbus veiksnys projektuojant str\u0117l\u0117s cilindrus. Jie turi efektyviai veikti at\u0161iauriomis s\u0105lygomis, \u012fskaitant ekstremalias temperat\u016bras ir purvo bei \u0161iuk\u0161li\u0173 poveik\u012f. Tinkam\u0173 med\u017eiag\u0173 ir apsaugini\u0173 dang\u0173 pasirinkimas gali \u017eymiai padidinti j\u0173 ilgaam\u017ei\u0161kum\u0105.<\/p>\n<h3>Saugumas<\/h3>\n<p>Saugumas yra svarbiausias dalykas projektuojant hidraulin\u0119 sistem\u0105. \u012ediegus gedim\u0173 prevencijos \u012ftaisus, tokius kaip sl\u0117gio ma\u017einimo vo\u017etuvai, galima i\u0161vengti nelaiming\u0173 atsitikim\u0173 ir \u012frangos pa\u017eeidim\u0173. Be to, konstrukcija tur\u0117t\u0173 u\u017etikrinti lengv\u0105 prieig\u0105 prie komponent\u0173, kad juos b\u016bt\u0173 galima pri\u017ei\u016br\u0117ti ir patikrinti.<\/p>\n<h3>Prie\u017ei\u016bra<\/h3>\n<p>Geras techninis aptarnavimas u\u017etikrina greit\u0105 ir efektyv\u0173 str\u0117l\u0117s cilindr\u0173 aptarnavim\u0105. Tai rei\u0161kia, kad reikia projektuoti komponentus, kurie b\u016bt\u0173 lengvai prieinami ir kuriuos b\u016bt\u0173 galima pakeisti be didelio i\u0161montavimo. Reguliar\u016bs technin\u0117s prie\u017ei\u016bros protokolai prisideda prie bendro \u012frangos tarnavimo laiko.<\/p>\n<p><img decoding=\"async\" src=\"https:\/\/www.hydraulic-cylinders.net\/wp-content\/uploads\/2025\/04\/songte-oil-pipes-and-spare-parts.webp\" alt=\"Naftos vamzd\u017eiai ir atsargin\u0117s dalys\"><\/p>\n<h2>Sandarinimas ir tepimas<\/h2>\n<p>Tinkamas sandarinimas ir tepimas yra labai svarb\u016bs efektyviam str\u0117l\u0117s cilindr\u0173 veikimui. Sl\u0117giui palaikyti ir nuot\u0117kiams i\u0161vengti naudojami \u012fvair\u016bs sandarikliai, pavyzd\u017eiui, st\u016bmokli\u0173 ir stryp\u0173 sandarikliai. Tokios med\u017eiagos kaip poliuretanas ir nitrilo kau\u010diukas da\u017enai parenkamos d\u0117l j\u0173 atsparumo dilimui. Cilindro korpusas ir srieginiai galai yra kruop\u0161\u010diai apdorojami, siekiant padidinti patvarum\u0105 ir atsparum\u0105 dilimui. Norint palaikyti tepim\u0105, u\u017etikrinti skland\u0173 veikim\u0105 ir i\u0161vengti prie\u0161laikinio cilindro komponent\u0173 gedimo, b\u016btina reguliariai papildyti hidraulin\u0117s alyvos lyg\u012f.<\/p>\n<h2>Reguliarios patikros ir prevencin\u0117s prie\u017ei\u016bros priemon\u0117s<\/h2>\n<ul>\n<li><strong>Vizualiniai patikrinimai:<\/strong> Reguliariai tikrinkite cilindr\u0105, ar n\u0117ra susid\u0117v\u0117jimo, pa\u017eeidim\u0173 ar nuot\u0117ki\u0173 po\u017eymi\u0173. Eksploatacijos metu atkreipkite d\u0117mes\u012f \u012f bet kokius ne\u012fprastus garsus, kurie gali rodyti galimas problemas.<\/li>\n<li><strong>Hidraulinio skys\u010dio lygiai:<\/strong> Palaikykite tinkam\u0105 hidraulinio skys\u010dio lyg\u012f ir patikrinkite, ar n\u0117ra u\u017eter\u0161tumo. \u017demas skys\u010dio lygis gali lemti nepakankam\u0105 tepim\u0105 ir perkaitim\u0105.<\/li>\n<li><strong>Plomb\u0173 vientisumo patikrinimai:<\/strong> Reguliariai tikrinkite sandariklius, ar jie nesusid\u0117v\u0117j\u0119, ir, pasteb\u0117j\u0119 koki\u0173 nors nusid\u0117v\u0117jimo po\u017eymi\u0173, pakeiskite juos, kad i\u0161vengtum\u0117te nuot\u0117ki\u0173 ir i\u0161laikytum\u0117te optimal\u0173 veikim\u0105.<\/li>\n<\/ul>\n<h2>\u012erengimo gair\u0117s<\/h2>\n<p>Tinkamas str\u0117l\u0117s cilindro montavimas yra labai svarbus norint pasiekti optimal\u0173 na\u0161um\u0105. Pirmiausia \u012fsitikinkite, kad visi tvirtinimo pavir\u0161iai yra \u0161var\u016bs ir be \u0161iuk\u0161li\u0173. Tiksliai sulygiuokite cilindr\u0105 su tvirtinimo ta\u0161kais, naudodami tinkamus tvirtinimo laikiklius, kad j\u012f pritvirtintum\u0117te. Priver\u017ekite visas jungtis pagal gamintojo specifikacijas, kad i\u0161vengtum\u0117te bet kokio jud\u0117jimo. Po montavimo atlikite bandom\u0105j\u012f va\u017eiavim\u0105, kad \u012fsitikintum\u0117te, jog cilindras veikia skland\u017eiai ir n\u0117ra nuot\u0117ki\u0173. Reguliariai patikrinkite montavimo ta\u0161kus, kad \u012fsitikintum\u0117te, jog viskas yra tvirta naudojimo metu.<\/p>\n<h2>\u012eprastos prie\u017ei\u016bros u\u017eduotys<\/h2>\n<ul>\n<li><strong>Reguliar\u016bs patikrinimai:<\/strong> Reguliariai tikrinkite, ar n\u0117ra nuot\u0117ki\u0173 ir susid\u0117v\u0117jimo. Ankstyvas problem\u0173 nustatymas gali pad\u0117ti i\u0161vengti brangaus remonto ir prastov\u0173.<\/li>\n<li><strong>Tinkamas tepimas:<\/strong> \u012esitikinkite, kad cilindras yra tinkamai suteptas, kad suma\u017eintum\u0117te trint\u012f ir susid\u0117v\u0117jim\u0105, i\u0161laikytum\u0117te na\u0161um\u0105 ir pailgintum\u0117te tarnavimo laik\u0105.<\/li>\n<li><strong>Sandariklio keitimas:<\/strong> Reguliariai keiskite tarpiklius, kad i\u0161vengtum\u0117te hidraulinio skys\u010dio nuot\u0117kio. Tai tur\u0117t\u0173 b\u016bti planin\u0117s prie\u017ei\u016bros dalis, siekiant i\u0161vengti netik\u0117t\u0173 gedim\u0173.<\/li>\n<\/ul>\n<p>Tinkamas montavimas, tepimas ir reguliavimas yra labai svarb\u016bs str\u0117l\u0117s cilindro ilgaam\u017ei\u0161kumui. Tinkamas suderinimas montavimo metu gali pad\u0117ti i\u0161vengti per didelio komponent\u0173 \u012ftempimo ir u\u017etikrinti skland\u0173 veikim\u0105. Rekomenduojamos patikros proced\u016bros apima nusid\u0117v\u0117jimo patikrinim\u0105, nustatyt\u0173 problem\u0173 taisym\u0105 ir susid\u0117v\u0117jusi\u0173 dali\u0173 keitim\u0105, siekiant i\u0161laikyti geriausi\u0105 na\u0161um\u0105.<\/p>\n<p><img decoding=\"async\" src=\"https:\/\/www.hydraulic-cylinders.net\/wp-content\/uploads\/2025\/04\/songte-chushion-collar.webp\" alt=\"Pagalv\u0117l\u0117s apykakl\u0117\"><\/p>\n<h2>Saugos aspektai ir aplinkos veiksniai<\/h2>\n<p>Naudojant str\u0117l\u0117s cilindrus, labai svarbu \u012fdiegti saugos priemones. Operatoriai tur\u0117t\u0173 b\u016bti apmokyti atpa\u017einti galimus pavojus, susijusius su hidraulin\u0117mis sistemomis, \u012fskaitant auk\u0161to sl\u0117gio skys\u010dio nuot\u0117kio ir mechaninio gedimo rizik\u0105. Visada reikia d\u0117v\u0117ti tinkamas asmenines apsaugos priemones (AAP), kad b\u016bt\u0173 suma\u017einta rizika. Be to, siekiant suma\u017einti poveik\u012f aplinkai ir skatinti tvarum\u0105, reik\u0117t\u0173 naudoti aplinkai nekenksmingus hidraulinius skys\u010dius.<\/p>\n<h2>Gedim\u0173 diagnostika ir da\u017eniausios problemos<\/h2>\n<ul>\n<li><strong>Nuot\u0117kis:<\/strong> Hidraulinio skys\u010dio nuot\u0117kiai yra da\u017ena problema, kuri gali kilti d\u0117l susid\u0117v\u0117jusi\u0173 sandarikli\u0173 arba pa\u017eeist\u0173 \u017earn\u0173. Reguliarios patikros gali pad\u0117ti anksti aptikti \u0161ias problemas.<\/li>\n<li><strong>Nenuoseklus veikimas:<\/strong> Jei str\u0117l\u0117s cilindras veikia netolygiai, tai gali rodyti hidraulinio skys\u010dio problemas arba vidin\u012f susid\u0117v\u0117jim\u0105. B\u016btina patikrinti skys\u010dio lyg\u012f ir kokyb\u0119.<\/li>\n<li><strong>Perkaitimas:<\/strong> Perkaitimas gali \u012fvykti d\u0117l nepakankamo tepimo arba u\u017esikim\u0161im\u0173 hidraulin\u0117je sistemoje. Reguliarus techninis aptarnavimas gali pad\u0117ti i\u0161vengti \u0161ios problemos.<\/li>\n<\/ul>\n<h2>Trik\u010di\u0173 \u0161alinimo patarimai<\/h2>\n<p>Nor\u0117dami i\u0161spr\u0119sti da\u017eniausiai pasitaikan\u010dias problemas, pirmiausia patikrinkite, ar n\u0117ra nuot\u0117ki\u0173 aplink sandariklius ir \u017earnas. Jei skys\u010dio lygis \u017eemas, papildykite j\u012f iki reikiamo lygio ir patikrinkite, ar n\u0117ra u\u017eter\u0161tumo. Jei veikimas netolygus, \u012fvertinkite hidraulinio skys\u010dio b\u016bkl\u0119 ir prireikus j\u012f pakeiskite. Jei kyla perkaitimo problem\u0173, patikrinkite au\u0161inimo sistem\u0105 ir u\u017etikrinkite tinkam\u0105 tepim\u0105. Prevencin\u0117s priemon\u0117s, tokios kaip reguliari prie\u017ei\u016bra ir savalaikis remontas, gali pad\u0117ti suma\u017einti galimas problemas ir pailginti str\u0117l\u0117s cilindro tarnavimo laik\u0105.<\/p>\n<p><img decoding=\"async\" src=\"https:\/\/www.hydraulic-cylinders.net\/wp-content\/uploads\/2025\/04\/songte-bushings-with-all-kinds-of-excavator-models.webp\" alt=\"\u012evor\u0117s su ekskavatori\u0173 modeliais\"><\/p>\n<h2>Apie m\u016bs\u0173 \u012fmon\u0119<\/h2>\n<p>Esame gamintojas, kuris specializuojasi alternatyvi\u0173 hidraulini\u0173 cilindr\u0173 srityje. Si\u016blome plat\u0173 gamini\u0173 asortiment\u0105, kuris pad\u0117jo mums tapti pirmaujan\u010diu gamintoju ir didmeniniu platintoju tiek vidaus, tiek tarptautin\u0117se rinkose. Laikom\u0117s meistri\u0161kumo princip\u0173, remdamiesi rafinuotomis gamybos strategijomis ir gerai valdomais gamybos procesais. M\u016bs\u0173 \u012fmon\u0117 daug investuoja \u012f techninius specialistus, moderniausi\u0105 gamybos \u012frang\u0105 ir profesionalias testavimo sistemas, nuolat tobulindama savo gamybos platformas, siekdama pagerinti gamini\u0173 kokyb\u0119. M\u016bs\u0173 \u012fsipareigojimas efektyvumui, tikslumui ir auk\u0161tiems standartams leid\u017eia mums patenkinti \u012fvairius klient\u0173 poreikius.<\/p>\n<p><img decoding=\"async\" src=\"https:\/\/www.hydraulic-cylinders.net\/wp-content\/uploads\/2025\/04\/songte-company-4.webp\" alt=\"\u012emon\u0117s ap\u017evalga\"><br \/>\n<img decoding=\"async\" src=\"https:\/\/www.hydraulic-cylinders.net\/wp-content\/uploads\/2025\/04\/songte-company-3.webp\" alt=\"\u012emon\u0117s gamyba\"><\/p>\n<p>M\u016bs\u0173 profesin\u0119 patirt\u012f papildo tarptautiniai sertifikatai, u\u017etikrinantys, kad m\u016bs\u0173 produktai atitikt\u0173 pasaulinius standartus. Si\u016blome individualiai pritaikytas paslaugas, kad patenkintume konkre\u010dius klient\u0173 reikalavimus, ir palaikome tvirt\u0105 garantinio aptarnavimo sistem\u0105, kad gal\u0117tume veiksmingai pad\u0117ti savo klientams.<\/p>\n<p>Autorius: lyl<\/p>","protected":false},"excerpt":{"rendered":"<p>Boom Cylinder For SGZG SD08E Product Definition and Overview The Boom Cylinder for SGZG SD08E is a crucial hydraulic cylinder specifically designed to control the movement of the bucket in various heavy machinery such as excavators, backhoe loaders, and front loaders. This specialized equipment enables the bucket to lift, lower, and tilt, facilitating efficient material [&hellip;]<\/p>","protected":false},"featured_media":17872,"comment_status":"open","ping_status":"closed","template":"","meta":{"_et_pb_use_builder":"","_et_pb_old_content":"","_et_gb_content_width":""},"product_brand":[],"product_cat":[1546],"product_tag":[1547,1496],"class_list":{"0":"post-19503","1":"product","2":"type-product","3":"status-publish","4":"has-post-thumbnail","6":"product_cat-boom-cylinders","7":"product_tag-boom-cylinders","8":"product_tag-hydraulic-cylinders","10":"first","11":"instock","12":"shipping-taxable","13":"product-type-simple"},"amp_enabled":true,"_links":{"self":[{"href":"https:\/\/www.hydraulic-cylinders.net\/lt\/wp-json\/wp\/v2\/product\/19503","targetHints":{"allow":["GET"]}}],"collection":[{"href":"https:\/\/www.hydraulic-cylinders.net\/lt\/wp-json\/wp\/v2\/product"}],"about":[{"href":"https:\/\/www.hydraulic-cylinders.net\/lt\/wp-json\/wp\/v2\/types\/product"}],"replies":[{"embeddable":true,"href":"https:\/\/www.hydraulic-cylinders.net\/lt\/wp-json\/wp\/v2\/comments?post=19503"}],"wp:featuredmedia":[{"embeddable":true,"href":"https:\/\/www.hydraulic-cylinders.net\/lt\/wp-json\/wp\/v2\/media\/17872"}],"wp:attachment":[{"href":"https:\/\/www.hydraulic-cylinders.net\/lt\/wp-json\/wp\/v2\/media?parent=19503"}],"wp:term":[{"taxonomy":"product_brand","embeddable":true,"href":"https:\/\/www.hydraulic-cylinders.net\/lt\/wp-json\/wp\/v2\/product_brand?post=19503"},{"taxonomy":"product_cat","embeddable":true,"href":"https:\/\/www.hydraulic-cylinders.net\/lt\/wp-json\/wp\/v2\/product_cat?post=19503"},{"taxonomy":"product_tag","embeddable":true,"href":"https:\/\/www.hydraulic-cylinders.net\/lt\/wp-json\/wp\/v2\/product_tag?post=19503"}],"curies":[{"name":"wp","href":"https:\/\/api.w.org\/{rel}","templated":true}]}}