{"id":19508,"date":"2025-04-07T06:51:21","date_gmt":"2025-04-07T06:51:21","guid":{"rendered":"https:\/\/www.hydraulic-cylinders.net\/product\/boom-cylinder-for-sgzg-sd22-9b\/"},"modified":"2025-04-07T06:51:24","modified_gmt":"2025-04-07T06:51:24","slug":"boom-cylinder-for-sgzg-sd22-9b","status":"publish","type":"product","link":"https:\/\/www.hydraulic-cylinders.net\/lt\/produktas\/boom-cylinder-for-sgzg-sd22-9b\/","title":{"rendered":"Str\u0117l\u0117s cilindras, skirtas SGZG SD22-9B"},"content":{"rendered":"<h1>Str\u0117l\u0117s cilindras, skirtas SGZG SD22-9B<\/h1>\n<h2>Produkto ap\u017evalga<\/h2>\n<p>SGZG SD22-9B str\u0117l\u0117s cilindras yra labai svarbus hidraulinis komponentas, specialiai sukurtas \u012fvairi\u0173 sunki\u0173j\u0173 ma\u0161in\u0173 kau\u0161\u0173 jud\u0117jimui valdyti. \u0160is hidraulinis cilindras yra neatsiejama ekskavatori\u0173, ekskavatorini\u0173 krautuv\u0173 ir frontalini\u0173 krautuv\u0173 veikimo dalis, leid\u017eianti kau\u0161ui efektyviai pakilti, nuleisti ir pakreipti. Palengvindamas \u0161iuos judesius, str\u0117l\u0117s cilindras atlieka gyvybi\u0161kai svarb\u0173 vaidmen\u012f atliekant med\u017eiag\u0173 tvarkymo u\u017eduotis \u012fvairiose pramon\u0117s \u0161akose.<\/p>\n<p><img decoding=\"async\" src=\"https:\/\/www.hydraulic-cylinders.net\/wp-content\/uploads\/2025\/04\/songte-company-1.webp\" alt=\"Str\u0117l\u0117s cilindro vaizdas\" \/><\/p>\n<h2>Str\u0117l\u0117s cilindro savyb\u0117s<\/h2>\n<ul>\n<li>\n<h3>Didelis stiprumas ir ilgaam\u017ei\u0161kumas<\/h3>\n<p>\u0160is cilindras, pagamintas i\u0161 didelio stiprumo plieno arba aliuminio, yra skirtas atlaikyti auk\u0161t\u0105 sl\u0117g\u012f ir dideles apkrovas. Tvirta konstrukcija u\u017etikrina pritaikomum\u0105 at\u0161iauriomis darbo s\u0105lygomis, tuo pa\u010diu metu daugiausia d\u0117mesio skiriant atsparumui dilimui ir korozijai, siekiant pailginti jo tarnavimo laik\u0105.<\/p>\n<\/li>\n<li>\n<h3>Efektyvus hidraulinis valdymas<\/h3>\n<p>Naudodamas hidraulin\u0117s alyvos sl\u0117g\u012f, str\u0117l\u0117s cilindras u\u017etikrina skland\u0173 i\u0161skleidim\u0105 ir \u012ftraukim\u0105. Jis greitai reaguoja \u012f operatoriaus komandas, u\u017etikrindamas galingas st\u016bmimo ir traukimo j\u0117gas, tod\u0117l idealiai tinka sunki\u0173 med\u017eiag\u0173 tvarkymui ir sud\u0117tingoms u\u017eduotims atlikti.<\/p>\n<\/li>\n<li>\n<h3>\u012evair\u016bs tipai<\/h3>\n<p>Galimi variantai yra vienpusio veikimo (hidrauli\u0161kai veikiantys viena kryptimi) ir dvigubo veikimo cilindrai (veikiantys abiem kryptimis). Kai kurie modeliai yra teleskopiniai, tod\u0117l juos galima labiau i\u0161tiesti nedidinant i\u0161orini\u0173 matmen\u0173, tod\u0117l jie tinka naudoti ribotoje erdv\u0117je.<\/p>\n<\/li>\n<li>\n<h3>Individuali gamyba<\/h3>\n<p>\u0160\u012f gamin\u012f galime pagaminti taip, kad jis puikiai pakeist\u0173 esamus hidraulinius cilindrus, u\u017etikrindami suderinamum\u0105 ir na\u0161um\u0105. M\u016bs\u0173 gamybos paj\u0117gumai leid\u017eia pritaikyti sprendimus konkretiems klient\u0173 reikalavimams.<\/p>\n<\/li>\n<li>\n<h3>Patikimas veikimas<\/h3>\n<p>\u0160ie cilindrai, sukurti taip, kad u\u017etikrint\u0173 pastov\u0173 na\u0161um\u0105 sud\u0117tingomis s\u0105lygomis, yra grie\u017etai testuojami, siekiant u\u017etikrinti, kad jie atitikt\u0173 auk\u0161\u010diausius pramon\u0117s patikimumo ir efektyvumo standartus.<\/p>\n<\/li>\n<\/ul>\n<p><img decoding=\"async\" src=\"https:\/\/www.hydraulic-cylinders.net\/wp-content\/uploads\/2025\/04\/songte-cylinder-head-with-all-kinds-excavator-models.webp\" alt=\"Ekskavatori\u0173 modeliai\" \/><\/p>\n<h2>Str\u0117l\u0117s cilindro pritaikymas<\/h2>\n<h3>Statybin\u0117 \u012franga<\/h3>\n<p>Statybin\u0117je \u012frangoje, tokioje kaip ekskavatoriai, str\u0117l\u0117s cilindrai yra b\u016btini kasant, kraunant ir perkeliant \u017eem\u0119 ar \u0161iuk\u0161les. Jie palengvina tikslum\u0105 atliekant kasimo darbus, suteikia reikiam\u0105 j\u0117g\u0105 prasiskverbti \u012f sunkias grunto s\u0105lygas ir leid\u017eia efektyviai tvarkyti med\u017eiagas.<\/p>\n<h3>\u017dem\u0117s \u016bkio technika<\/h3>\n<p>\u0160ie cilindrai taip pat naudojami priekiniuose krautuvuose dirvo\u017eemiui, \u0161ienui ir kitoms med\u017eiagoms semti, kelti ir transportuoti. Efektyvus str\u0117l\u0117s cilindro veikimas leid\u017eia \u017eem\u0117s \u016bkio technikai greitai ir efektyviai atlikti u\u017eduotis, taip padidinant \u016bki\u0173 produktyvum\u0105.<\/p>\n<h3>Ekskavatoriai<\/h3>\n<p>Ekskavatoriuose str\u0117l\u0117s cilindrai leid\u017eia kau\u0161ui efektyviai \u012fsiskverbti \u012f dirv\u0105, taip pagerindami kasimo proces\u0105. J\u0173 patikimas veikimas yra labai svarbus siekiant optimalaus efektyvumo ir grei\u010dio kasimo projektuose.<\/p>\n<h3>Krautuvai<\/h3>\n<p>Priekiniuose krautuvuose str\u0117l\u0117s cilindrai padeda efektyviai kelti ir i\u0161versti med\u017eiagas. Jie leid\u017eia operatoriams atlikti k\u0117limo ir pakreipimo veiksmus minimaliomis pastangomis, taip \u017eymiai pagerinant darbo efektyvum\u0105.<\/p>\n<h2>Projektavimo aspektai ir atrankos kriterijai<\/h2>\n<h3>Keliamoji galia<\/h3>\n<p>Renkantis str\u0117l\u0117s cilindr\u0105, svarbiausia suprasti keliam\u0105j\u0105 gali\u0105. Cilindras turi atlaikyti maksimal\u0173 svor\u012f, kuris jam bus taikomas eksploatacijos metu. Tai apima hidraulinio sl\u0117gio ir cilindro ploto apskai\u010diavim\u0105, siekiant u\u017etikrinti, kad jis atitikt\u0173 reikiamus stiprumo reikalavimus. Gerai suprojektuotas cilindras maksimaliai padidina apkrovos valdym\u0105 ir suma\u017eina gedimo rizik\u0105.<\/p>\n<h3>Sandarinimo efektyvumas<\/h3>\n<p>Hidrauliniuose cilindruose sandarinimas yra labai svarbus siekiant i\u0161vengti nuot\u0117ki\u0173 ir palaikyti sl\u0117g\u012f. Veiksmingi sandarikliai turi atlaikyti auk\u0161t\u0105 sl\u0117g\u012f ir kintan\u010di\u0105 temperat\u016br\u0105, kartu u\u017etikrindami skland\u0173 veikim\u0105. Med\u017eiag\u0173, toki\u0173 kaip poliuretanas ir nitrilo kau\u010diukas, pasirinkimas yra labai svarbus ilgalaikiam veikimui ir patikimumui.<\/p>\n<h3>Patvarumas<\/h3>\n<p>Projektuojant hidraulinius cilindrus, svarbiausia yra j\u0173 ilgaam\u017ei\u0161kumas. Jie turi atlaikyti at\u0161iaurias darbo s\u0105lygas, \u012fskaitant abrazyvini\u0173 med\u017eiag\u0173 poveik\u012f ir ekstremalias oro s\u0105lygas. Tinkamas projektavimas ir med\u017eiag\u0173 pasirinkimas gali prailginti cilindro tarnavimo laik\u0105, suma\u017eindamas da\u017eno keitimo poreik\u012f.<\/p>\n<h3>Saugos funkcijos<\/h3>\n<p>Saugumas yra labai svarbus hidraulini\u0173 cilindr\u0173 konstrukcijos aspektas. \u012erengus tokias funkcijas kaip sl\u0117gio ma\u017einimo vo\u017etuvai ir apsauginiai u\u017eraktai, galima i\u0161vengti nelaiming\u0173 atsitikim\u0173 ir u\u017etikrinti tinkam\u0105 veikim\u0105 net ekstremaliomis s\u0105lygomis. \u0160ios funkcijos suteikia papildom\u0105 apsaugos sluoksn\u012f operatoriams ir \u012frangai.<\/p>\n<h3>Prieinamumas prie prie\u017ei\u016bros<\/h3>\n<p>Hidraulini\u0173 cilindr\u0173 projektavimas taip, kad juos b\u016bt\u0173 lengva pri\u017ei\u016br\u0117ti, yra labai svarbus j\u0173 ilgaam\u017ei\u0161kumui. Prieiga prie pagrindini\u0173 komponent\u0173 palengvina reguliarias patikras, remont\u0105 ir keitim\u0105, taip u\u017etikrinant optimali\u0105 cilindro darbin\u0119 b\u016bkl\u0119. \u0160is aspektas gali \u017eymiai suma\u017einti prastovas ir prie\u017ei\u016bros i\u0161laidas.<\/p>\n<p><img decoding=\"async\" src=\"https:\/\/www.hydraulic-cylinders.net\/wp-content\/uploads\/2025\/04\/songte-oil-pipes-and-spare-parts.webp\" alt=\"Hidrauliniai komponentai\" \/><\/p>\n<h2>Sandarinimas ir tepimas<\/h2>\n<p>Tinkamas sandarinimas ir tepimas yra gyvybi\u0161kai svarb\u016bs efektyviam hidraulini\u0173 cilindr\u0173 veikimui. \u012evair\u016bs sandarikliai, tokie kaip st\u016bmokli\u0173 ir kot\u0173 sandarikliai, naudojami siekiant i\u0161vengti nuot\u0117kio ir palaikyti sl\u0117g\u012f. I\u0161 patvari\u0173 med\u017eiag\u0173, toki\u0173 kaip poliuretanas ir nitrilo kau\u010diukas, pagaminti sandarikliai prisideda prie ilgalaikio hidraulin\u0117s sistemos efektyvumo. Be to, cilindro korpusas ir srieginiai galai yra kruop\u0161\u010diai apdirbti, siekiant pagerinti atsparum\u0105 dilimui.<\/p>\n<p>Reguliarus tepimas hidrauline alyva yra b\u016btinas norint suma\u017einti trint\u012f ir dilim\u0105 tarp judan\u010di\u0173 dali\u0173. Labai svarbu steb\u0117ti alyvos lyg\u012f ir j\u0105 keisti pagal poreik\u012f, kad b\u016bt\u0173 u\u017etikrintas sklandus veikimas ir pailgintas cilindro tarnavimo laikas.<\/p>\n<h2>Reguliarios patikros ir prevencin\u0117s prie\u017ei\u016bros priemon\u0117s<\/h2>\n<ul>\n<li>\n<h3>\u012eprastiniai patikrinimai<\/h3>\n<p>Labai svarbu reguliariai tikrinti hidraulin\u012f cilindr\u0105, ar n\u0117ra susid\u0117v\u0117jimo, nuot\u0117ki\u0173 ar pa\u017eeidim\u0173 po\u017eymi\u0173. Tai tur\u0117t\u0173 apimti sandarikli\u0173, \u017earn\u0173 ir prijungimo ta\u0161k\u0173 patikrinim\u0105, kad b\u016bt\u0173 galima nustatyti galimas problemas, kol jos nepa\u016bm\u0117jo. Nuolatin\u0117 steb\u0117sena padeda i\u0161laikyti veiklos efektyvum\u0105 ir saug\u0105.<\/p>\n<\/li>\n<li>\n<h3>Tinkamas tepimas<\/h3>\n<p>Tinkamas tepimas yra labai svarbus cilindro veikimui. Operatoriai tur\u0117t\u0173 reguliariai tikrinti alyvos lyg\u012f ir naudoti tinkamo tipo hidraulin\u0119 alyv\u0105, kad suma\u017eint\u0173 trint\u012f ir i\u0161vengt\u0173 pa\u017eeidim\u0173. Tinkama tepimo praktika gali \u017eymiai pailginti cilindro eksploatavimo laik\u0105.<\/p>\n<\/li>\n<li>\n<h3>Tarpikli\u0173 keitimas ir kalibravimo patikrinimai<\/h3>\n<p>Kadangi sandarikliai laikui b\u0117gant link\u0119 susid\u0117v\u0117ti, labai svarbu reguliariai tikrinti j\u0173 vientisum\u0105 ir prireikus juos keisti. Be to, cilindro kalibravimas u\u017etikrina, kad jis veikt\u0173 nevir\u0161ydamas nustatyt\u0173 rib\u0173, taip pagerindamas na\u0161um\u0105 ir patikimum\u0105.<\/p>\n<\/li>\n<\/ul>\n<p><img decoding=\"async\" src=\"https:\/\/www.hydraulic-cylinders.net\/wp-content\/uploads\/2025\/04\/songte-chushion-collar.webp\" alt=\"Pagalv\u0117l\u0117s apykakl\u0117\" \/><\/p>\n<h2>Saugos aspektai ir aplinkos veiksniai<\/h2>\n<p>Naudojant hidraulinius cilindrus, itin svarbu \u012fdiegti saugos priemones. Operatoriai tur\u0117t\u0173 b\u016bti apmokyti tinkamo naudojimo ir saugos protokol\u0173, kad b\u016bt\u0173 i\u0161vengta nelaiming\u0173 atsitikim\u0173. Be to, u\u017etikrinant, kad hidraulin\u0117 sistema atitikt\u0173 aplinkosaugos reikalavimus, prisidedama prie tvarios praktikos pramon\u0117je.<\/p>\n<h2>Trik\u010di\u0173 \u0161alinimas ir da\u017eniausiai pasitaikan\u010dios problemos<\/h2>\n<ul>\n<li>\n<h3>Nuot\u0117kio problemos<\/h3>\n<p>Nuot\u0117kis yra da\u017ena problema, kuri gali kilti d\u0117l susid\u0117v\u0117jusi\u0173 sandarikli\u0173 arba pa\u017eeist\u0173 jungiam\u0173j\u0173 detali\u0173. Nusta\u010dius nuot\u0117kio \u0161altin\u012f ir laiku pakeitus sugedusius komponentus, galima i\u0161laikyti sistemos vientisum\u0105.<\/p>\n<\/li>\n<li>\n<h3>Na\u0161umo neatitikimai<\/h3>\n<p>Jei cilindras veikia netolygiai arba reaguoja l\u0117tai, tai gali reik\u0161ti \u017eem\u0105 hidraulinio skys\u010dio lyg\u012f arba or\u0105 sistemoje. \u0160ias problemas galima i\u0161spr\u0119sti u\u017etikrinant tinkam\u0105 skys\u010dio lyg\u012f ir i\u0161leid\u017eiant or\u0105 i\u0161 sistemos.<\/p>\n<\/li>\n<li>\n<h3>Perkaitimas<\/h3>\n<p>Perkaitimas gali \u012fvykti d\u0117l per didel\u0117s apkrovos arba nepakankamo tepimo. Eksploatavimo s\u0105lyg\u0173 steb\u0117jimas ir tinkamo tepimo u\u017etikrinimas gali pad\u0117ti i\u0161vengti perkaitimo ir galimo gedimo.<\/p>\n<\/li>\n<\/ul>\n<p><img decoding=\"async\" src=\"https:\/\/www.hydraulic-cylinders.net\/wp-content\/uploads\/2025\/04\/songte-bushings-with-all-kinds-of-excavator-models.webp\" alt=\"\u012evor\u0117s su ekskavatori\u0173 modeliais\" \/><\/p>\n<h2>Patarimai, kaip efektyviai atlikti trik\u010di\u0173 \u0161alinim\u0105<\/h2>\n<p>Norint veiksmingai valdyti galimas problemas, b\u016btina \u012fgyvendinti prevencines priemones. Reguliar\u016bs patikrinimai ir technin\u0117 prie\u017ei\u016bra gali pad\u0117ti nustatyti ir su\u0161velninti problemas, kol jos nesuk\u0117l\u0117 gedimo. Operatoriai taip pat tur\u0117t\u0173 b\u016bti apmokyti atpa\u017einti ankstyvus gedimo po\u017eymius ir imtis tinkam\u0173 veiksm\u0173.<\/p>\n<h2>\u012emon\u0117s ap\u017evalga<\/h2>\n<p>Esame pirmaujantis pakaitini\u0173 hidraulini\u0173 cilindr\u0173 gamintojas, si\u016blantis plat\u0173 gamini\u0173 asortiment\u0105, skirt\u0105 vidaus ir tarptautinei rinkai. M\u016bs\u0173 \u012fsipareigojimas siekti meistri\u0161kumo skatina mus laikytis auk\u0161\u010diausi\u0173 kokyb\u0117s standart\u0173, kartu taikant patobulintas gamybos strategijas. Sutelkdami d\u0117mes\u012f \u012f technines \u017einias ir auk\u0161\u010diausios klas\u0117s skaitmenin\u0119 gamybos \u012frang\u0105, nuolat tobuliname savo gamybos paj\u0117gumus ir gamini\u0173 kokyb\u0119.<\/p>\n<p>Pasitelkdami stiprius k\u016brybinius paj\u0117gumus, galime patenkinti \u012fvairius klient\u0173 poreikius dideliu efektyvumu, tikslumu ir kokybe. Siekdami u\u017etikrinti klient\u0173 pasitenkinim\u0105, si\u016blome individualiai pritaikytas paslaugas, tarptautinius sertifikatus ir patikim\u0105 garantin\u012f aptarnavim\u0105.<\/p>\n<p><img decoding=\"async\" src=\"https:\/\/www.hydraulic-cylinders.net\/wp-content\/uploads\/2025\/04\/songte-company-4.webp\" alt=\"\u012emon\u0117s paveiksl\u0117lis 1\" \/><br \/>\n<img decoding=\"async\" src=\"https:\/\/www.hydraulic-cylinders.net\/wp-content\/uploads\/2025\/04\/songte-company-3.webp\" alt=\"\u012emon\u0117s paveiksl\u0117lis 2\" \/><\/p>\n<p>Autorius: lyl<\/p>","protected":false},"excerpt":{"rendered":"<p>Boom Cylinder For SGZG SD22-9B Product Overview The Boom Cylinder for SGZG SD22-9B is a crucial hydraulic component designed specifically for controlling the motion of various heavy machinery buckets. This hydraulic cylinder is integral to the operation of excavators, backhoe loaders, and front loaders, allowing the bucket to lift, lower, and tilt effectively. By facilitating [&hellip;]<\/p>","protected":false},"featured_media":17876,"comment_status":"open","ping_status":"closed","template":"","meta":{"_et_pb_use_builder":"","_et_pb_old_content":"","_et_gb_content_width":""},"product_brand":[],"product_cat":[1546],"product_tag":[1547,1496],"class_list":{"0":"post-19508","1":"product","2":"type-product","3":"status-publish","4":"has-post-thumbnail","6":"product_cat-boom-cylinders","7":"product_tag-boom-cylinders","8":"product_tag-hydraulic-cylinders","10":"first","11":"instock","12":"shipping-taxable","13":"product-type-simple"},"amp_enabled":true,"_links":{"self":[{"href":"https:\/\/www.hydraulic-cylinders.net\/lt\/wp-json\/wp\/v2\/product\/19508","targetHints":{"allow":["GET"]}}],"collection":[{"href":"https:\/\/www.hydraulic-cylinders.net\/lt\/wp-json\/wp\/v2\/product"}],"about":[{"href":"https:\/\/www.hydraulic-cylinders.net\/lt\/wp-json\/wp\/v2\/types\/product"}],"replies":[{"embeddable":true,"href":"https:\/\/www.hydraulic-cylinders.net\/lt\/wp-json\/wp\/v2\/comments?post=19508"}],"wp:featuredmedia":[{"embeddable":true,"href":"https:\/\/www.hydraulic-cylinders.net\/lt\/wp-json\/wp\/v2\/media\/17876"}],"wp:attachment":[{"href":"https:\/\/www.hydraulic-cylinders.net\/lt\/wp-json\/wp\/v2\/media?parent=19508"}],"wp:term":[{"taxonomy":"product_brand","embeddable":true,"href":"https:\/\/www.hydraulic-cylinders.net\/lt\/wp-json\/wp\/v2\/product_brand?post=19508"},{"taxonomy":"product_cat","embeddable":true,"href":"https:\/\/www.hydraulic-cylinders.net\/lt\/wp-json\/wp\/v2\/product_cat?post=19508"},{"taxonomy":"product_tag","embeddable":true,"href":"https:\/\/www.hydraulic-cylinders.net\/lt\/wp-json\/wp\/v2\/product_tag?post=19508"}],"curies":[{"name":"wp","href":"https:\/\/api.w.org\/{rel}","templated":true}]}}