{"id":19514,"date":"2025-04-07T06:51:47","date_gmt":"2025-04-07T06:51:47","guid":{"rendered":"https:\/\/www.hydraulic-cylinders.net\/product\/boom-cylinder-for-carter-ct18-7bs\/"},"modified":"2025-04-07T06:51:49","modified_gmt":"2025-04-07T06:51:49","slug":"boom-cylinder-for-carter-ct18-7bs","status":"publish","type":"product","link":"https:\/\/www.hydraulic-cylinders.net\/lt\/produktas\/boom-cylinder-for-carter-ct18-7bs\/","title":{"rendered":"Str\u0117l\u0117s cilindras, skirtas Carter CT18-7BS"},"content":{"rendered":"<h1>Str\u0117l\u0117s cilindras, skirtas Carter CT18-7BS<\/h1>\n<h2>Str\u0117l\u0117s cilindro supratimas<\/h2>\n<p>Str\u0117l\u0117s cilindras yra labai svarbus \u012fvairi\u0173 sunki\u0173j\u0173 ma\u0161in\u0173 komponentas, specialiai sukurtas kau\u0161o jud\u0117jimui valdyti ekskavatoriuose, ekskavatoriuose ir frontaliniuose krautuvuose. Kaip hidraulinio cilindro tipas, jis atlieka gyvybi\u0161kai svarb\u0173 vaidmen\u012f palengvinant k\u0117limo, nuleidimo ir pakreipimo veiksmus, taip pagerindamas med\u017eiag\u0173 tvarkymo u\u017eduotis. Str\u0117l\u0117s cilindro funkcija apima daugiau nei paprast\u0105 jud\u0117jim\u0105; jis padeda tiksliai valdyti pried\u0105, o tai yra b\u016btina norint efektyviai dirbti sud\u0117tingomis s\u0105lygomis.<\/p>\n<p><img decoding=\"async\" src=\"https:\/\/www.hydraulic-cylinders.net\/wp-content\/uploads\/2025\/04\/songte-company-1.webp\" alt=\"Str\u0117l\u0117s cilindro vaizdas\"><\/p>\n<h3>Pagrindin\u0117s str\u0117l\u0117s cilindro savyb\u0117s<\/h3>\n<ul>\n<li><strong>Didelis stiprumas ir ilgaam\u017ei\u0161kumas:<\/strong> Pagaminta i\u0161 didelio stiprumo plieno arba aliuminio, sukurta atlaikyti auk\u0161t\u0105 sl\u0117g\u012f ir dideles apkrovas, prisitaikant prie at\u0161iauri\u0173 darbo s\u0105lyg\u0173.<\/li>\n<li><strong>Efektyvus hidraulinis valdymas:<\/strong> Naudoja hidraulinio skys\u010dio sl\u0117g\u012f, kad b\u016bt\u0173 u\u017etikrintas sklandus i\u0161pl\u0117timas ir \u012ftraukimas, greitai reaguojant \u012f veikimo komandas ir u\u017etikrinant didel\u0119 st\u016bmimo bei traukimo j\u0117g\u0105.<\/li>\n<li><strong>\u012evair\u016bs tipai:<\/strong> Galima \u012fsigyti vienpusio veikimo (veikian\u010di\u0173 viena kryptimi) arba dvipusio veikimo (veikian\u010di\u0173 abiem kryptimis) cilindr\u0173, atitinkan\u010di\u0173 \u012fvairius eksploatacinius poreikius. Kai kurie modeliai yra teleskopiniai, tod\u0117l juos galima labiau prailginti nedidinant i\u0161orini\u0173 matmen\u0173.<\/li>\n<\/ul>\n<h2>M\u016bs\u0173 gamybos paj\u0117gumai<\/h2>\n<p>Mes did\u017eiuojam\u0117s gamindami \u0161iuos str\u0117l\u0117s cilindrus, kurie puikiai pakei\u010dia esamus hidraulinius cilindrus \u012fvairiose srityse.<\/p>\n<p><img decoding=\"async\" src=\"https:\/\/www.hydraulic-cylinders.net\/wp-content\/uploads\/2025\/04\/songte-cylinder-head-with-all-kinds-excavator-models.webp\" alt=\"Cilindro galvut\u0117s vaizdas\"><\/p>\n<h3>Str\u0117l\u0117s cilindro pritaikymas<\/h3>\n<ul>\n<li><strong>Statybin\u0117 \u012franga:<\/strong> Ekskavatoriuose randami str\u0117l\u0117s cilindrai yra b\u016btini kasant, kraunant ir perkeliant grunt\u0105 ar \u0161iuk\u0161les. Ekskavatoriuose jie palengvina tiek kasimo, tiek k\u0117limo veiksmus, tod\u0117l yra nepakei\u010diami statybos darbams.<\/li>\n<li><strong>\u017dem\u0117s \u016bkio technika:<\/strong> \u0160ie cilindrai, naudojami frontaliniuose krautuvuose, padeda semti, kelti ir transportuoti dirvo\u017eem\u012f, \u0161ien\u0105 ir kitas med\u017eiagas, taip padidindami \u017eem\u0117s \u016bkio darb\u0173 efektyvum\u0105.<\/li>\n<li><strong>Ekskavatoriai:<\/strong> Str\u0117l\u0117s cilindras leid\u017eia kau\u0161ui \u012fsiskverbti \u012f \u017eem\u0119, tod\u0117l galima efektyviai kasti. Jis atlieka labai svarb\u0173 vaidmen\u012f u\u017etikrinant, kad ekskavatorius efektyviai atlikt\u0173 savo u\u017eduotis.<\/li>\n<li><strong>Krautuvai:<\/strong> Priekiniuose krautuvuose str\u0117l\u0117s cilindrai yra atsakingi u\u017e krovini\u0173 k\u0117lim\u0105 ir i\u0161vertim\u0105, u\u017etikrinant efektyv\u0173 med\u017eiag\u0173 tvarkym\u0105 darbo metu.<\/li>\n<\/ul>\n<h2>Projektavimo aspektai ir atrankos kriterijai<\/h2>\n<ul>\n<li><strong>Keliamoji galia:<\/strong> Str\u0117l\u0117s cilindras turi b\u016bti suprojektuotas taip, kad atlaikyt\u0173 konkre\u010di\u0105 apkrov\u0105, siekiant u\u017etikrinti saug\u0173 ir efektyv\u0173 veikim\u0105. Perkrova gali sukelti katastrofi\u0161k\u0173 gedim\u0173, tod\u0117l labai svarbu pasirinkti cilindr\u0105, kuris atitikt\u0173 u\u017eduoties reikalavimus.<\/li>\n<li><strong>Sandarinimo kokyb\u0117:<\/strong> Efektyvus sandarinimas yra labai svarbus hidraulin\u0117se sistemose, siekiant i\u0161vengti nuot\u0117ki\u0173 ir palaikyti sl\u0117g\u012f. Auk\u0161tos kokyb\u0117s sandarikliai u\u017etikrina cilindro ilgaam\u017ei\u0161kum\u0105 ir efektyvum\u0105, suma\u017eindami da\u017enos prie\u017ei\u016bros poreik\u012f.<\/li>\n<li><strong>Patvarumas:<\/strong> Gamyboje naudojamos med\u017eiagos turi b\u016bti atsparios dilimui ir korozijai, u\u017etikrinant, kad cilindras atlaikyt\u0173 ilgalaik\u012f naudojim\u0105 at\u0161iauriomis s\u0105lygomis be reik\u0161mingo pablog\u0117jimo.<\/li>\n<li><strong>Saugos funkcijos:<\/strong> Siekiant i\u0161vengti nelaiming\u0173 atsitikim\u0173 ir u\u017etikrinti saug\u0173 eksploatavim\u0105, \u012f konstrukcij\u0105 turi b\u016bti integruoti saugos mechanizmai. Tai apima tokias funkcijas kaip sl\u0117gio ma\u017einimo vo\u017etuvai ir avarinio stabdymo funkcijos.<\/li>\n<li><strong>Prieinamumas prie prie\u017ei\u016bros:<\/strong> Konstrukcija tur\u0117t\u0173 u\u017etikrinti lengv\u0105 prieig\u0105 prie komponent\u0173 \u012fprastinei techninei prie\u017ei\u016brai, u\u017etikrinant, kad technin\u0117 prie\u017ei\u016bra b\u016bt\u0173 atliekama be pernelyg ilg\u0173 prastov\u0173.<\/li>\n<\/ul>\n<p><img decoding=\"async\" src=\"https:\/\/www.hydraulic-cylinders.net\/wp-content\/uploads\/2025\/04\/songte-oil-pipes-and-spare-parts.webp\" alt=\"Naftos vamzd\u017ei\u0173 vaizdas\"><\/p>\n<h2>Cilindro sandarinimas ir tepimas<\/h2>\n<p>Str\u0117l\u0117s cilindre naudojami \u012fvair\u016bs sandarinimo komponentai, tokie kaip st\u016bmokli\u0173 ir kot\u0173 sandarikliai, da\u017enai pagaminti i\u0161 atspari\u0173 dilimui med\u017eiag\u0173, toki\u0173 kaip poliuretanas ir nitrilo kau\u010diukas. Cilindro korpusas ir srieginiai galiniai pavir\u0161iai yra tiksliai apdirbami, kad padid\u0117t\u0173 patvarumas. Reguliarus tepimas hidrauline alyva yra b\u016btinas norint u\u017etikrinti skland\u0173 veikim\u0105 ir i\u0161vengti dilimo d\u0117l trinties.<\/p>\n<h2>Prevencin\u0117s prie\u017ei\u016bros priemon\u0117s<\/h2>\n<ul>\n<li>Reguliariai tikrinkite, kad laiku nustatytum\u0117te nusid\u0117v\u0117jimo ar pa\u017eeidim\u0173 po\u017eymius.<\/li>\n<li>U\u017etikrinkite tinkam\u0105 tepim\u0105, kad suma\u017eintum\u0117te trint\u012f ir nusid\u0117v\u0117jim\u0105.<\/li>\n<li>Prireikus keiskite sandariklius, kad i\u0161vengtum\u0117te nuot\u0117ki\u0173 ir i\u0161laikytum\u0117te sl\u0117gio vientisum\u0105.<\/li>\n<\/ul>\n<h2>\u012erengimo gair\u0117s<\/h2>\n<p>Tinkamas str\u0117l\u0117s cilindro montavimas yra labai svarbus optimaliam veikimui. Pirmiausia \u012fsitikinkite, kad vieta yra \u0161vari ir be \u0161iuk\u0161li\u0173. Tiksliai sulygiuokite cilindr\u0105 su tvirtinimo ta\u0161kais, naudodami tinkamus tvirtinimo laikiklius, kad j\u012f pritvirtintum\u0117te. Priver\u017ekite visus tvirtinimo elementus pagal gamintojo specifikacijas, kad i\u0161vengtum\u0117te vibracijos ar i\u0161nirimo eksploatacijos metu. Prie\u0161 prad\u0117dami eksploatuoti, patikrinkite sandariklius ir jungiam\u0105sias detales, kad visos hidraulin\u0117s jungtys b\u016bt\u0173 sandarios.<\/p>\n<h3>\u012eprastos prie\u017ei\u016bros u\u017eduotys<\/h3>\n<ul>\n<li><strong>Reguliar\u016bs patikrinimai:<\/strong> Norint i\u0161laikyti funkcionalum\u0105, b\u016btini reguliar\u016bs nuot\u0117ki\u0173, susid\u0117v\u0117jimo ir bendros b\u016bkl\u0117s patikrinimai.<\/li>\n<li><strong>Tinkamas tepimas:<\/strong> Nuolatinis tepimas apsaugo nuo nusid\u0117v\u0117jimo, pailgindamas cilindro tarnavimo laik\u0105.<\/li>\n<li><strong>Sandariklio keitimas:<\/strong> Timely replacement of seals ensures efficiency and prevents fluid leaks, maintaining the cylinder&#8217;s performance.<\/li>\n<\/ul>\n<h2>Saugos aspektai ir aplinkos veiksniai<\/h2>\n<p>Dirbant su hidrauliniais cilindrais, saugos priemon\u0117s yra nepaprastai svarbios. Operatoriai tur\u0117t\u0173 b\u016bti apmokyti suprasti su hidraulin\u0117mis sistemomis susijusi\u0105 rizik\u0105 ir laikytis saugos protokol\u0173, kad i\u0161vengt\u0173 nelaiming\u0173 atsitikim\u0173. Aplinkos veiksniai, tokie kaip ekstremali\u0173 temperat\u016br\u0173 ir korozini\u0173 med\u017eiag\u0173 poveikis, gali tur\u0117ti \u012ftakos str\u0117l\u0117s cilindro vientisumui ir veikimui; tod\u0117l reikia atsi\u017evelgti \u012f tinkam\u0105 med\u017eiag\u0173 pasirinkim\u0105 ir projektavimo aspektus.<\/p>\n<h2>Gedim\u0173 diagnostika ir da\u017eniausios problemos<\/h2>\n<ul>\n<li><strong>Nuot\u0117kis:<\/strong> Da\u017eniausios prie\u017eastys yra susid\u0117v\u0117j\u0119 sandarikliai arba pa\u017eeistos jungiamosios detal\u0117s. Reguliarios ap\u017ei\u016bros gali pad\u0117ti greitai nustatyti ir i\u0161spr\u0119sti \u0161ias problemas.<\/li>\n<li><strong>Prastas na\u0161umas:<\/strong> Nepakankamas alyvos lygis arba u\u017eter\u0161tumas gali lemti l\u0117t\u0105 veikim\u0105. Tinkamo skys\u010di\u0173 lygio ir kokyb\u0117s u\u017etikrinimas yra b\u016btinas efektyviam veikimui.<\/li>\n<li><strong>Perkaitimas:<\/strong> Tai gali atsirasti d\u0117l per didel\u0117s apkrovos arba nepakankamo tepimo. Temperat\u016bros steb\u0117jimas ir tinkamo tepimo u\u017etikrinimas gali suma\u017einti \u0161i\u0105 rizik\u0105.<\/li>\n<\/ul>\n<h3>Trik\u010di\u0173 \u0161alinimo patarimai<\/h3>\n<p>Nor\u0117dami veiksmingai diagnozuoti ir i\u0161spr\u0119sti problemas, operatoriai tur\u0117t\u0173 atlikti i\u0161samius patikrinimus, palaikyti skys\u010di\u0173 lyg\u012f ir prireikus pakeisti visus susid\u0117v\u0117jusius komponentus. Prevencin\u0117s priemon\u0117s, tokios kaip reguliari prie\u017ei\u016bra ir tinkama eksploatavimo praktika, gali \u017eymiai suma\u017einti galim\u0173 problem\u0173 atsiradim\u0105.<\/p>\n<p><img decoding=\"async\" src=\"https:\/\/www.hydraulic-cylinders.net\/wp-content\/uploads\/2025\/04\/songte-bushings-with-all-kinds-of-excavator-models.webp\" alt=\"\u012evori\u0173 vaizdas\"><\/p>\n<h2>Apie m\u016bs\u0173 \u012fmon\u0119<\/h2>\n<p>Esame pirmaujantis pakaitini\u0173 hidraulini\u0173 cilindr\u0173 gamintojas ir didmeninis platintojas, \u012fsipareigoj\u0119s teikti nepriekai\u0161ting\u0105 kokyb\u0119. \u012evairus m\u016bs\u0173 gamini\u0173 asortimentas leido mums tapti \u017einomu \u017eaid\u0117ju tiek vidaus, tiek tarptautin\u0117se rinkose. Taikydami patobulintas gamybos strategijas, pasitelkiame pa\u017eangias technologijas ir kvalifikuot\u0105 personal\u0105, kad padidintume savo gamybos paj\u0117gumus, u\u017etikrindami auk\u0161t\u0105 efektyvum\u0105 ir tikslum\u0105, tenkindami \u012fvairius klient\u0173 poreikius.<\/p>\n<h3>M\u016bs\u0173 patirtis<\/h3>\n<ul>\n<li><strong>Profesionalumas:<\/strong> M\u016bs\u0173 komanda \u012fk\u016bnija hidraulini\u0173 sistem\u0173 patirt\u012f, u\u017etikrindama, kad visi produktai atitikt\u0173 grie\u017etus eksploatacinius standartus.<\/li>\n<li><strong>Tarptautiniai sertifikatai:<\/strong> Laikom\u0117s pasaulini\u0173 standart\u0173, u\u017etikrindami gamini\u0173 patikimum\u0105 ir saug\u0105.<\/li>\n<li><strong>Individual\u016bs sprendimai:<\/strong> Si\u016blome individualiai pritaikytus produktus, atitinkan\u010dius konkre\u010dius klient\u0173 reikalavimus, puosel\u0117jame ilgalaik\u0119 partneryst\u0119.<\/li>\n<li><strong>Pa\u017eangi gamybos \u012franga:<\/strong> Naudodami pa\u017eangiausi\u0105 technik\u0105, didiname gamybos efektyvum\u0105 ir geriname gamini\u0173 kokyb\u0119.<\/li>\n<li><strong>Aptarnavimas po pardavimo:<\/strong> M\u016bs\u0173 \u012fsipareigojimas neapsiriboja vien pardavimu, teikdamas klientams visapusi\u0161k\u0105 pagalb\u0105 ir paslaugas.<\/li>\n<\/ul>\n<p><img decoding=\"async\" src=\"https:\/\/www.hydraulic-cylinders.net\/wp-content\/uploads\/2025\/04\/songte-company-4.webp\" alt=\"\u012emon\u0117s \u012fvaizdis\"><br \/>\n<img decoding=\"async\" src=\"https:\/\/www.hydraulic-cylinders.net\/wp-content\/uploads\/2025\/04\/songte-company-3.webp\" alt=\"\u012emon\u0117s \u012fvaizdis\"><\/p>\n<p>Autorius: lyl<\/p>","protected":false},"excerpt":{"rendered":"<p>Boom Cylinder For Carter CT18-7BS Understanding the Boom Cylinder The boom cylinder is a crucial component in various heavy machinery, specifically designed for controlling the movement of the bucket in excavators, backhoes, and front loaders. As a type of hydraulic cylinder, it plays a vital role in facilitating lifting, lowering, and tilting actions, thereby enhancing [&hellip;]<\/p>","protected":false},"featured_media":17867,"comment_status":"open","ping_status":"closed","template":"","meta":{"_et_pb_use_builder":"","_et_pb_old_content":"","_et_gb_content_width":""},"product_brand":[],"product_cat":[1546],"product_tag":[1547,1496],"class_list":{"0":"post-19514","1":"product","2":"type-product","3":"status-publish","4":"has-post-thumbnail","6":"product_cat-boom-cylinders","7":"product_tag-boom-cylinders","8":"product_tag-hydraulic-cylinders","10":"first","11":"instock","12":"shipping-taxable","13":"product-type-simple"},"amp_enabled":true,"_links":{"self":[{"href":"https:\/\/www.hydraulic-cylinders.net\/lt\/wp-json\/wp\/v2\/product\/19514","targetHints":{"allow":["GET"]}}],"collection":[{"href":"https:\/\/www.hydraulic-cylinders.net\/lt\/wp-json\/wp\/v2\/product"}],"about":[{"href":"https:\/\/www.hydraulic-cylinders.net\/lt\/wp-json\/wp\/v2\/types\/product"}],"replies":[{"embeddable":true,"href":"https:\/\/www.hydraulic-cylinders.net\/lt\/wp-json\/wp\/v2\/comments?post=19514"}],"wp:featuredmedia":[{"embeddable":true,"href":"https:\/\/www.hydraulic-cylinders.net\/lt\/wp-json\/wp\/v2\/media\/17867"}],"wp:attachment":[{"href":"https:\/\/www.hydraulic-cylinders.net\/lt\/wp-json\/wp\/v2\/media?parent=19514"}],"wp:term":[{"taxonomy":"product_brand","embeddable":true,"href":"https:\/\/www.hydraulic-cylinders.net\/lt\/wp-json\/wp\/v2\/product_brand?post=19514"},{"taxonomy":"product_cat","embeddable":true,"href":"https:\/\/www.hydraulic-cylinders.net\/lt\/wp-json\/wp\/v2\/product_cat?post=19514"},{"taxonomy":"product_tag","embeddable":true,"href":"https:\/\/www.hydraulic-cylinders.net\/lt\/wp-json\/wp\/v2\/product_tag?post=19514"}],"curies":[{"name":"wp","href":"https:\/\/api.w.org\/{rel}","templated":true}]}}