{"id":19516,"date":"2025-04-07T06:51:52","date_gmt":"2025-04-07T06:51:52","guid":{"rendered":"https:\/\/www.hydraulic-cylinders.net\/product\/boom-cylinder-for-carter-ct65-8b\/"},"modified":"2025-04-07T06:51:54","modified_gmt":"2025-04-07T06:51:54","slug":"boom-cylinder-for-carter-ct65-8b","status":"publish","type":"product","link":"https:\/\/www.hydraulic-cylinders.net\/lt\/produktas\/boom-cylinder-for-carter-ct65-8b\/","title":{"rendered":"Str\u0117l\u0117s cilindras Carter CT65-8B"},"content":{"rendered":"<h1>Str\u0117l\u0117s cilindras Carter CT65-8B<\/h1>\n<h2>\u012evadas \u012f str\u0117l\u0117s cilindr\u0105<\/h2>\n<p>\u201eCarter CT65-8B\u201c str\u0117l\u0117s cilindras yra gyvybi\u0161kai svarbus hidraulini\u0173 sistem\u0173 komponentas, specialiai sukurtas sunkiosioms ma\u0161inoms, \u012fskaitant ekskavatorius, ekskavatorius ir frontalinius krautuvus. \u0160is hidraulinis cilindras valdo kau\u0161o jud\u0117jim\u0105, leisdamas jam efektyviai pakelti, nuleisti ir pakreipti, o tai labai svarbu atliekant med\u017eiag\u0173 tvarkymo u\u017eduotis. D\u0117l tvirtos konstrukcijos str\u0117l\u0117s cilindras u\u017etikrina skland\u0173 veikim\u0105 ir tikslum\u0105 atliekant \u012fvairius darbus, suteikdamas reikiam\u0105 gali\u0105 efektyviai valdyti sunkius krovinius.<\/p>\n<p><img decoding=\"async\" src=\"https:\/\/www.hydraulic-cylinders.net\/wp-content\/uploads\/2025\/04\/songte-company-1.webp\" alt=\"Str\u0117l\u0117s cilindras\"><\/p>\n<h3>Kau\u0161o cilindro apibr\u0117\u017eimas ir ap\u017evalga<\/h3>\n<p>Kau\u0161o cilindras yra specializuotas hidraulinio cilindro tipas, atliekantis lemiam\u0105 vaidmen\u012f kontroliuojant kau\u0161o jud\u0117jim\u0105 sunkiojoje technikoje. Jis leid\u017eia operatoriams atlikti tokias u\u017eduotis kaip kasimas, k\u0117limas ir med\u017eiag\u0173 i\u0161vertimas dideliu efektyvumu. \u0160i\u0173 cilindr\u0173 konstrukcija orientuota \u012f ilgaam\u017ei\u0161kum\u0105 ir patikimum\u0105, u\u017etikrinant, kad jie atlaikyt\u0173 grie\u017etus statybos ir \u017eem\u0117s kasimo darb\u0173 reikalavimus. \u0160is universalumas daro juos nepakei\u010diamus \u012fvairiose pramon\u0117s \u0161akose \u2013 nuo \u200b\u200bstatyb\u0173 iki \u017eem\u0117s \u016bkio.<\/p>\n<h2>Str\u0117l\u0117s cilindro savyb\u0117s<\/h2>\n<ul>\n<li><strong>Didelis stiprumas ir ilgaam\u017ei\u0161kumas:<\/strong> Pagamintas i\u0161 didelio stiprumo plieno arba aliuminio, str\u0117l\u0117s cilindras gali atlaikyti didel\u012f sl\u0117g\u012f ir dideles apkrovas, tod\u0117l tinka at\u0161iaurioms darbo s\u0105lygoms.<\/li>\n<li><strong>Efektyvus hidraulinis valdymas:<\/strong> Hidraulinio skys\u010dio sl\u0117gio panaudojimas leid\u017eia skland\u017eiai i\u0161skleisti ir atitraukti, greitai reaguoti \u012f veikimo komandas ir u\u017etikrinti galingas st\u016bmimo bei traukimo j\u0117gas.<\/li>\n<li><strong>\u012evair\u016bs tipai:<\/strong> \u0160ie cilindrai, tiekiami vienpusio, tiek dvipusio veikimo, gali b\u016bti pritaikyti skirtingiems eksploatavimo reikalavimams. Kai kurie modeliai yra teleskopiniai, tod\u0117l juos galima labiau i\u0161tiesti nedidinant i\u0161orini\u0173 matmen\u0173, tod\u0117l jie idealiai tinka naudoti ribotoje erdv\u0117je.<\/li>\n<li><strong>Atsparumas korozijai:<\/strong> Sukurtas i\u0161 med\u017eiag\u0173, kurios atsparios korozijai ir dilimui, prailgindamos cilindro tarnavimo laik\u0105 net ir sud\u0117tingomis s\u0105lygomis.<\/li>\n<li><strong>Lengva prie\u017ei\u016bra:<\/strong> \u0160i konstrukcija leid\u017eia lengvai pri\u017ei\u016br\u0117ti, u\u017etikrinant, kad operatoriai gal\u0117t\u0173 palaikyti cilindrus optimalioje darbin\u0117je b\u016bkl\u0117je.<\/li>\n<\/ul>\n<h3>M\u016bs\u0173 gamybos paj\u0117gumai<\/h3>\n<p>Turime patirties gaminti auk\u0161tos kokyb\u0117s str\u0117l\u0117s cilindrus, kurie puikiai pakei\u010dia esamus hidraulinius cilindrus. M\u016bs\u0173 gaminiai yra sukurti atsi\u017evelgiant \u012f tikslum\u0105 ir ilgaam\u017ei\u0161kum\u0105, u\u017etikrinant, kad jie atitikt\u0173 pramon\u0117s standartus ir klient\u0173 l\u016bkes\u010dius.<\/p>\n<p><img decoding=\"async\" src=\"https:\/\/www.hydraulic-cylinders.net\/wp-content\/uploads\/2025\/04\/songte-cylinder-head-with-all-kinds-excavator-models.webp\" alt=\"Ekskavatori\u0173 modeliai\"><\/p>\n<h2>Str\u0117l\u0117s cilindro pritaikymas<\/h2>\n<h3>Statybin\u0117 \u012franga<\/h3>\n<p>Statybin\u0117je \u012frangoje, tokioje kaip ekskavatoriai, str\u0117l\u0117s cilindrai yra b\u016btini kasant, kraunant ir perkeliant grunt\u0105 ar \u0161iuk\u0161les. Jie suteikia reikiam\u0105 j\u0117g\u0105 sunkioms med\u017eiagoms tiksliai pakelti ir i\u0161d\u0117styti. \u0160i\u0173 cilindr\u0173 veikimas tiesiogiai veikia kasimo darb\u0173 efektyvum\u0105, tod\u0117l projektai gali b\u016bti u\u017ebaigti grei\u010diau.<\/p>\n<h3>\u017dem\u0117s \u016bkio technika<\/h3>\n<p>Str\u0117l\u0117s cilindrai taip pat randami priekiniuose krautuvuose, kur jie padeda semti, kelti ir transportuoti dirvo\u017eem\u012f, \u0161ien\u0105 ir kitas med\u017eiagas. J\u0173 geb\u0117jimas valdyti sunkius krovinius ir atlikti daugiafunkcines u\u017eduotis padidina na\u0161um\u0105 \u016bkiuose, tod\u0117l jie yra gyvybi\u0161kai svarbi \u017eem\u0117s \u016bkio operacij\u0173 dalis.<\/p>\n<h3>Ekskavatoriai<\/h3>\n<p>Ekskavatoriuose str\u0117l\u0117s cilindras leid\u017eia kau\u0161ui efektyviai \u012fsiskverbti \u012f \u017eem\u0119 atliekant kasimo darbus. \u0160i funkcija yra labai svarbi norint pasiekti maksimal\u0173 kasimo gyl\u012f ir efektyvum\u0105, taip prisidedant prie bendro ma\u0161inos na\u0161umo.<\/p>\n<h3>Krautuvai<\/h3>\n<p>Priekiniuose krautuvuose str\u0117l\u0117s cilindrai padeda efektyviai pakelti ir i\u0161versti krovinius. J\u0173 hidraulin\u0117 galia leid\u017eia operatoriams lengvai manevruoti sunkiomis med\u017eiagomis, pagerinant pakrovimo ir i\u0161krovimo proces\u0173 efektyvum\u0105, o tai ypa\u010d naudinga statybose ir atliek\u0173 tvarkymo operacijose.<\/p>\n<h2>Projektavimo aspektai ir atrankos kriterijai<\/h2>\n<h3>Keliamoji galia<\/h3>\n<p>Renkantis str\u0117l\u0117s cilindr\u0105, labai svarbu suprasti keliam\u0105j\u0105 gali\u0105. Cilindras turi atlaikyti maksimal\u0173 svor\u012f, kur\u012f reik\u0117s pakelti, taip u\u017etikrinant saugum\u0105 ir funkcionalum\u0105 eksploatacijos metu. Pasirinkus tinkam\u0105 cilindro apkrov\u0105, u\u017etikrinama, kad jis nesuges veikiant sl\u0117giui, taip suma\u017einant nelaiming\u0173 atsitikim\u0173 ir \u012frangos sugadinimo rizik\u0105.<\/p>\n<h3>Sandarinimo efektyvumas<\/h3>\n<p>Sandarinimas yra dar vienas svarbus veiksnys projektuojant str\u0117l\u0117s cilindrus. Auk\u0161tos kokyb\u0117s sandarikliai apsaugo nuo hidraulinio skys\u010dio nuot\u0117kio ir palaiko sl\u0117g\u012f sistemoje. Efektyvus sandarinimas u\u017etikrina skland\u0173 ir efektyv\u0173 cilindro veikim\u0105, suma\u017einant prie\u017ei\u016bros poreik\u012f ir pailginant cilindro tarnavimo laik\u0105. \u012evairios sandarinimo med\u017eiagos, tokios kaip poliuretanas ir nitrilo kau\u010diukas, parenkamos d\u0117l j\u0173 atsparumo dilimui ir aplinkos veiksniams.<\/p>\n<h3>Patvarumas<\/h3>\n<p>Str\u0117l\u0117s cilindrams, kurie da\u017enai veikia at\u0161iauriomis s\u0105lygomis, ilgaam\u017ei\u0161kumas yra gyvybi\u0161kai svarbus. Konstrukcijoje naudojamos med\u017eiagos turi b\u016bti atsparios dilimui, korozijai ir nuovargiui, kad b\u016bt\u0173 u\u017etikrintas ilgalaikis veikimas. Gerai suprojektuotas str\u0117l\u0117s cilindras tur\u0117s savybes, kurios padidina jo tvirtum\u0105, pavyzd\u017eiui, sustiprintas suvirinimo si\u016bles ir storesnes sieneles, leid\u017eian\u010dias jam atlaikyti sunkias apkrovas.<\/p>\n<h3>Saugos standartai<\/h3>\n<p>Projektuojant str\u0117l\u0117s cilindrus, saugos aspektai turi b\u016bti svarbiausi. Tai apima funkcijas, kurios apsaugo nuo per didelio sl\u0117gio, u\u017etikrinant, kad cilindras gal\u0117t\u0173 saugiai veikti esant skirtingoms apkrovos s\u0105lygoms. Apsaugini\u0173 vo\u017etuv\u0173 ir sl\u0117gio ma\u017einimo mechanizm\u0173 \u012fdiegimas gali pad\u0117ti suma\u017einti nelaiming\u0173 atsitikim\u0173 ir \u012frangos gedimo rizik\u0105.<\/p>\n<h3>Prie\u017ei\u016bros reikalavimai<\/h3>\n<p>Paprasta prie\u017ei\u016bra yra b\u016btina norint u\u017etikrinti str\u0117l\u0117s cilindr\u0173 ilgaam\u017ei\u0161kum\u0105 ir na\u0161um\u0105. Projektuojant reik\u0117t\u0173 atsi\u017evelgti \u012f prieinamum\u0105 ap\u017ei\u016brai, tepimui ir bet kokiam reikalingam remontui. Reguliarios prie\u017ei\u016bros u\u017eduotys tur\u0117t\u0173 b\u016bti nesud\u0117tingos, leid\u017eian\u010dios operatoriams palaikyti \u012frang\u0105 optimalioje darbin\u0117je b\u016bkl\u0117je be ilg\u0173 prastov\u0173.<\/p>\n<p><img decoding=\"async\" src=\"https:\/\/www.hydraulic-cylinders.net\/wp-content\/uploads\/2025\/04\/songte-oil-pipes-and-spare-parts.webp\" alt=\"Naftos vamzd\u017eiai ir atsargin\u0117s dalys\"><\/p>\n<h2>Sandarinimas ir tepimas<\/h2>\n<p>Tinkamas sandarinimas ir tepimas yra gyvybi\u0161kai svarb\u016bs efektyviam str\u0117l\u0117s cilindr\u0173 veikimui. \u012evair\u016bs sandarinimo komponentai, tokie kaip st\u016bmokli\u0173 ir stryp\u0173 sandarikliai, naudojami siekiant u\u017etikrinti, kad hidraulinis skystis nepratek\u0117t\u0173 ir cilindras i\u0161laikyt\u0173 sl\u0117g\u012f. D\u0117l atsparumo dilimui pirmenyb\u0117 teikiama i\u0161 patvari\u0173 med\u017eiag\u0173, toki\u0173 kaip poliuretanas ir nitrilo kau\u010diukas, pagamintiems sandarikliams. Be to, cilindro korpusas ir srieginiai galai yra kruop\u0161\u010diai apdirbti, siekiant padidinti j\u0173 atsparum\u0105 dilimui. Reguliarus tepimas hidrauline alyva yra b\u016btinas norint u\u017etikrinti skland\u0173 veikim\u0105, suma\u017einti trint\u012f ir i\u0161vengti prie\u0161laikinio susid\u0117v\u0117jimo.<\/p>\n<h2>Prevencin\u0117s prie\u017ei\u016bros priemon\u0117s<\/h2>\n<ul>\n<li>Reguliar\u016bs patikrinimai: \u012eprasti patikrinimai padeda nustatyti galimas problemas, kol jos netapo rimtomis, taip u\u017etikrinant baliono ilgaam\u017ei\u0161kum\u0105.<\/li>\n<li>Tinkamas tepimas: Nuolatinis pakankamas tepimas padeda suma\u017einti susid\u0117v\u0117jim\u0105 ir i\u0161laikyti cilindro veikim\u0105.<\/li>\n<li>Tarpikli\u0173 keitimas: Tarpikli\u0173 b\u016bkl\u0117s steb\u0117jimas ir j\u0173 keitimas pagal poreik\u012f apsaugo nuo nuot\u0117ki\u0173 ir palaiko hidraulin\u012f sl\u0117g\u012f.<\/li>\n<\/ul>\n<h2>\u012erengimo gair\u0117s<\/h2>\n<p>Montuojant str\u0117l\u0117s cilindr\u0105, labai svarbu laikytis tinkam\u0173 proced\u016br\u0173, kad b\u016bt\u0173 u\u017etikrintas optimalus veikimas. Prad\u0117kite nuo montavimo vietos paruo\u0161imo, u\u017etikrindami, kad ji b\u016bt\u0173 \u0161vari ir be \u0161iuk\u0161li\u0173. Tiksliai sulygiuokite cilindr\u0105 su tvirtinimo laikikliais, naudodami tinkamas tvirtinimo atramas, kad j\u012f pritvirtintum\u0117te. Labai svarbu u\u017etikrinti, kad cilindras b\u016bt\u0173 tinkamai sulygiuotas, kad eksploatacijos metu neb\u016bt\u0173 nereikalingo \u012ftempimo. \u012estat\u0119 cilindr\u0105, priver\u017ekite visus var\u017etus ir jungiam\u0105sias detales pagal gamintojo specifikacijas. Galiausiai, prie\u0161 naudodami sistem\u0105 masi\u0161kai, patikrinkite, ar n\u0117ra nuot\u0117ki\u0173 ir veikimo efektyvumo.<\/p>\n<h2>\u012eprastos prie\u017ei\u016bros u\u017eduotys<\/h2>\n<ul>\n<li><strong>Reguliar\u016bs patikrinimai:<\/strong> Atlikite planinius patikrinimus, kad nustatytum\u0117te nusid\u0117v\u0117jim\u0105 ir \u012fsitikintum\u0117te, jog visi komponentai veikia tinkamai. Reguliar\u016bs patikrinimai leid\u017eia anksti aptikti problemas, o tai gali pad\u0117ti i\u0161vengti rimtesni\u0173 problem\u0173 atsiradimo.<\/li>\n<li><strong>Tinkamas tepimas:<\/strong> \u012esitikinkite, kad cilindras ir jo komponentai yra tinkamai sutepti, kad b\u016bt\u0173 u\u017etikrintas sklandus veikimas. Tinkamas sutepimas suma\u017eina trint\u012f ir pailgina sandarikli\u0173 bei cilindro komponent\u0173 tarnavimo laik\u0105.<\/li>\n<li><strong>Sandariklio keitimas ir kalibravimas:<\/strong> Reguliariai tikrinkite sandariklius, ar n\u0117ra susid\u0117v\u0117jimo po\u017eymi\u0173, ir prireikus juos pakeiskite. Baliono kalibravimas u\u017etikrina, kad jis veikt\u0173 pagal nurodytus parametrus, taip pagerindamas na\u0161um\u0105 ir saug\u0105.<\/li>\n<\/ul>\n<p>Montavimo metu labai svarbu tinkamai sulygiuoti cilindr\u0105. Naudokite tinkamus tvirtinimo laikiklius, kad cilindras b\u016bt\u0173 veiksmingai pritvirtintas. Rekomenduojam\u0173 patikrinimo, remonto ir keitimo proced\u016br\u0173 laikymasis u\u017etikrina cilindro ilgaam\u017ei\u0161kum\u0105, pagerina jo veikim\u0105 ir patikimum\u0105.<\/p>\n<p><img decoding=\"async\" src=\"https:\/\/www.hydraulic-cylinders.net\/wp-content\/uploads\/2025\/04\/songte-chushion-collar.webp\" alt=\"Pagalv\u0117l\u0117s apykakl\u0117\"><\/p>\n<h2>Saugos aspektai ir aplinkos veiksniai<\/h2>\n<p>Dirbant su str\u0117l\u0117s cilindrais, saugos priemon\u0117s yra nepaprastai svarbios. Operatoriai visada tur\u0117t\u0173 \u017einoti apie galimus pavojus, susijusius su hidrauline \u012franga. Privaloma d\u0117v\u0117ti apsaugines priemones ir laikytis tinkam\u0173 protokol\u0173 eksploatuojant ir pri\u017ei\u016brint \u012frang\u0105. Be to, aplinkos veiksniai, tokie kaip ekstremali temperat\u016bra, chemin\u0117s med\u017eiagos ir dr\u0117gm\u0117, gali tur\u0117ti \u012ftakos hidraulini\u0173 cilindr\u0173 veikimui. Reguliarus darbo aplinkos vertinimas ir tinkamos apsaugos priemon\u0117s gali suma\u017einti \u0161i\u0105 rizik\u0105, u\u017etikrinant saug\u0173 ir efektyv\u0173 darb\u0105.<\/p>\n<h2>Trik\u010di\u0173 \u0161alinimas ir da\u017eniausiai pasitaikan\u010dios problemos<\/h2>\n<h3>Da\u017enos problemos<\/h3>\n<ul>\n<li><strong>Nuot\u0117kiai:<\/strong> Nuot\u0117kius da\u017enai sukelia susid\u0117v\u0117j\u0119 sandarikliai arba netinkamas montavimas. Reguliarios patikros gali pad\u0117ti greitai nustatyti ir i\u0161spr\u0119sti \u0161ias problemas.<\/li>\n<li><strong>Prastas na\u0161umas:<\/strong> Suma\u017e\u0117j\u0119s cilindro na\u0161umas gali b\u016bti nepakankamo tepimo arba vidinio susid\u0117v\u0117jimo prie\u017eastis. Reguliarus techninis aptarnavimas ir tepimas yra labai svarb\u016bs siekiant i\u0161vengti \u0161ios problemos.<\/li>\n<li><strong>Perkaitimas:<\/strong> Perkaitimas gali \u012fvykti d\u0117l per didel\u0117s apkrovos arba hidraulinio skys\u010dio tr\u016bkumo. Cilindro darbo s\u0105lyg\u0173 steb\u0117jimas gali pad\u0117ti i\u0161vengti perkaitimo.<\/li>\n<\/ul>\n<h2>Trik\u010di\u0173 \u0161alinimo patarimai<\/h2>\n<p>Norint efektyviai diagnozuoti ir i\u0161spr\u0119sti str\u0117l\u0117s cilindr\u0173 problemas, b\u016btina reguliariai pri\u017ei\u016br\u0117ti ir steb\u0117ti j\u0173 veikim\u0105. Steb\u0117kite susid\u0117v\u0117jimo po\u017eymius ir nedelsdami juos pa\u0161alinkite, kad i\u0161vengtum\u0117te b\u016bkl\u0117s pablog\u0117jimo. \u012egyvendinkite prevencines priemones, pvz., \u012fprastinius patikrinimus ir savalaik\u012f remont\u0105, kad suma\u017eintum\u0117te galim\u0173 problem\u0173 rizik\u0105.<\/p>\n<p><img decoding=\"async\" src=\"https:\/\/www.hydraulic-cylinders.net\/wp-content\/uploads\/2025\/04\/songte-bushings-with-all-kinds-of-excavator-models.webp\" alt=\"\u012evor\u0117s su ekskavatori\u0173 modeliais\"><\/p>\n<h2>\u012emon\u0117s ap\u017evalga<\/h2>\n<p>Esame pirmaujantis pakaitini\u0173 hidraulini\u0173 cilindr\u0173 gamintojas, si\u016blantis plat\u0173 gamini\u0173 asortiment\u0105, skirt\u0105 tiek vidaus, tiek tarptautinei rinkai. M\u016bs\u0173 \u012fsipareigojim\u0105 siekti nepriekai\u0161tingos kokyb\u0117s ir tikslios gamybos yra paremtas pa\u017eangiomis gamybos valdymo strategijomis, pasitelkiant kvalifikuotus techninius darbuotojus ir auk\u0161\u010diausios klas\u0117s skaitmenin\u0119 gamybos \u012frang\u0105. Nuolat tobuliname savo gamybos platform\u0105 ir gamybos procesus, kad u\u017etikrintume auk\u0161tos kokyb\u0117s produktus. M\u016bs\u0173 geb\u0117jimas patenkinti \u012fvairius klient\u0173 poreikius kyla i\u0161 m\u016bs\u0173 d\u0117mesio efektyvumui, tikslumui ir kokybei.<\/p>\n<p><img decoding=\"async\" src=\"https:\/\/www.hydraulic-cylinders.net\/wp-content\/uploads\/2025\/04\/songte-company-4.webp\" alt=\"\u012emon\u0117s ap\u017evalga\"><br \/>\n<img decoding=\"async\" src=\"https:\/\/www.hydraulic-cylinders.net\/wp-content\/uploads\/2025\/04\/songte-company-3.webp\" alt=\"Gamybos \u012frenginiai\"><\/p>\n<p>M\u016bs\u0173 \u012fmon\u0117 yra pripa\u017einta d\u0117l savo profesionalumo, tarptautini\u0173 sertifikat\u0173 ir individualiai pritaikom\u0173 paslaug\u0173. Tur\u0117dami moderniausi\u0105 gamybos \u012frang\u0105 ir patikim\u0105 garantinio aptarnavimo sistem\u0105, u\u017etikriname, kad kiekvienas produktas atitikt\u0173 auk\u0161\u010diausius kokyb\u0117s ir patikimumo standartus.<\/p>\n<p>Autorius: lyl<\/p>","protected":false},"excerpt":{"rendered":"<p>Boom Cylinder For Carter CT65-8B Introduction to Boom Cylinder The Boom Cylinder for Carter CT65-8B is a vital component in hydraulic systems, specifically designed for heavy machinery, including excavators, backhoes, and front loaders. This hydraulic cylinder controls the movement of the bucket, enabling it to lift, lower, and tilt effectively, which is essential for material [&hellip;]<\/p>","protected":false},"featured_media":17869,"comment_status":"open","ping_status":"closed","template":"","meta":{"_et_pb_use_builder":"","_et_pb_old_content":"","_et_gb_content_width":""},"product_brand":[],"product_cat":[1546],"product_tag":[1547,1496],"class_list":{"0":"post-19516","1":"product","2":"type-product","3":"status-publish","4":"has-post-thumbnail","6":"product_cat-boom-cylinders","7":"product_tag-boom-cylinders","8":"product_tag-hydraulic-cylinders","10":"first","11":"instock","12":"shipping-taxable","13":"product-type-simple"},"amp_enabled":true,"_links":{"self":[{"href":"https:\/\/www.hydraulic-cylinders.net\/lt\/wp-json\/wp\/v2\/product\/19516","targetHints":{"allow":["GET"]}}],"collection":[{"href":"https:\/\/www.hydraulic-cylinders.net\/lt\/wp-json\/wp\/v2\/product"}],"about":[{"href":"https:\/\/www.hydraulic-cylinders.net\/lt\/wp-json\/wp\/v2\/types\/product"}],"replies":[{"embeddable":true,"href":"https:\/\/www.hydraulic-cylinders.net\/lt\/wp-json\/wp\/v2\/comments?post=19516"}],"wp:featuredmedia":[{"embeddable":true,"href":"https:\/\/www.hydraulic-cylinders.net\/lt\/wp-json\/wp\/v2\/media\/17869"}],"wp:attachment":[{"href":"https:\/\/www.hydraulic-cylinders.net\/lt\/wp-json\/wp\/v2\/media?parent=19516"}],"wp:term":[{"taxonomy":"product_brand","embeddable":true,"href":"https:\/\/www.hydraulic-cylinders.net\/lt\/wp-json\/wp\/v2\/product_brand?post=19516"},{"taxonomy":"product_cat","embeddable":true,"href":"https:\/\/www.hydraulic-cylinders.net\/lt\/wp-json\/wp\/v2\/product_cat?post=19516"},{"taxonomy":"product_tag","embeddable":true,"href":"https:\/\/www.hydraulic-cylinders.net\/lt\/wp-json\/wp\/v2\/product_tag?post=19516"}],"curies":[{"name":"wp","href":"https:\/\/api.w.org\/{rel}","templated":true}]}}