{"id":19517,"date":"2025-04-07T06:51:54","date_gmt":"2025-04-07T06:51:54","guid":{"rendered":"https:\/\/www.hydraulic-cylinders.net\/product\/boom-cylinder-for-carter-ct150-8\/"},"modified":"2025-04-07T06:51:56","modified_gmt":"2025-04-07T06:51:56","slug":"boom-cylinder-for-carter-ct150-8","status":"publish","type":"product","link":"https:\/\/www.hydraulic-cylinders.net\/lt\/produktas\/boom-cylinder-for-carter-ct150-8\/","title":{"rendered":"Str\u0117l\u0117s cilindras, skirtas Carter CT150-8"},"content":{"rendered":"<h1>Str\u0117l\u0117s cilindras, skirtas Carter CT150-8<\/h1>\n<h2>\u012evadas \u012f str\u0117l\u0117s cilindr\u0105<\/h2>\n<p>Str\u0117l\u0117s cilindras yra gyvybi\u0161kai svarbus sunki\u0173j\u0173 ma\u0161in\u0173, ypa\u010d ekskavatori\u0173, ekskavatori\u0173 ir frontalini\u0173 krautuv\u0173, hidraulini\u0173 sistem\u0173 komponentas. Jis specialiai sukurtas kau\u0161o jud\u0117jimui valdyti, leid\u017eiant atlikti k\u0117limo, nuleidimo ir pakreipimo veiksmus, kurie yra b\u016btini efektyviam med\u017eiag\u0173 tvarkymui. Kau\u0161o cilindras, hidraulinio cilindro tipas, atlieka labai svarb\u0173 vaidmen\u012f \u0161iose operacijose, suteikdamas reikiam\u0105 j\u0117g\u0105, kad b\u016bt\u0173 galima tiksliai atlikti sunkias u\u017eduotis.<\/p>\n<p><img decoding=\"async\" src=\"https:\/\/www.hydraulic-cylinders.net\/wp-content\/uploads\/2025\/04\/songte-company-1.webp\" alt=\"Str\u0117l\u0117s cilindras\" \/><\/p>\n<h3>Apibr\u0117\u017eimas ir ap\u017evalga<\/h3>\n<p>Kau\u0161o cilindras veikia hidraulin\u012f sl\u0117g\u012f paversdamas mechanine j\u0117ga. Kai hidraulinis skystis nukreipiamas \u012f cilindr\u0105, jis stumia st\u016bmokl\u012f, kuris savo ruo\u017etu judina pritvirtint\u0105 svirt\u012f arba kau\u0161\u0105. \u0160i sistema leid\u017eia atlikti skland\u017eius ir kontroliuojamus judesius, tod\u0117l ji yra nepakei\u010diama statybose ir \u017eem\u0117s \u016bkio darbuose, kur reikia perkelti ar manipuliuoti sunkiomis med\u017eiagomis. Str\u0117l\u0117s cilindro efektyvumas ir patikimumas u\u017etikrina, kad operatoriai gali greitai ir efektyviai atlikti u\u017eduotis, suma\u017eindami prastovas ir padidindami na\u0161um\u0105.<\/p>\n<h2>Pagrindin\u0117s str\u0117l\u0117s cilindro savyb\u0117s<\/h2>\n<ul>\n<li><strong>Didelis stiprumas ir ilgaam\u017ei\u0161kumas:<\/strong> Pagaminta i\u0161 didelio stiprumo plieno arba aliuminio, sukurta atlaikyti auk\u0161t\u0105 sl\u0117g\u012f ir dideles apkrovas, kartu atspari dilimui ir korozijai.<\/li>\n<li><strong>Efektyvus hidraulinis valdymas:<\/strong> Naudoja hidraulin\u0117s alyvos sl\u0117g\u012f skland\u017eiam ir greitam i\u0161pl\u0117timui ir atitraukimui, u\u017etikrindamas galingas st\u016bmimo ir traukimo j\u0117gas, tinkamas sunkioms ar sud\u0117tingoms u\u017eduotims.<\/li>\n<li><strong>\u012evair\u016bs tipai:<\/strong> Galima \u012fsigyti vienpusio veikimo (hidraulikos naudojimas viena kryptimi) arba dvipusio veikimo (hidraulikos naudojimas abiem kryptimis) konfig\u016bracij\u0173, kai kurie modeliai turi teleskopines konstrukcijas, kad b\u016bt\u0173 didesnis pasiekiamumas nedidinant i\u0161orini\u0173 matmen\u0173.<\/li>\n<li><strong>Pritaikomos parinktys:<\/strong> Galima pritaikyti prie konkre\u010di\u0173 ma\u0161in\u0173 poreiki\u0173 ir eksploatavimo reikalavim\u0173, taip padidinant universalum\u0105 \u012fvairiose srityse.<\/li>\n<li><strong>Lengvas montavimas ir prie\u017ei\u016bra:<\/strong> Sukurta paprastam montavimui su patogiomis prie\u017ei\u016bros funkcijomis, leid\u017eian\u010diomis greitai pakeisti ir remontuoti.<\/li>\n<\/ul>\n<p>Mes gaminame \u0161\u012f gamin\u012f, o m\u016bs\u0173 cilindrai gali puikiai pakeisti \u0161iuos hidraulinius cilindrus.<\/p>\n<p><img decoding=\"async\" src=\"https:\/\/www.hydraulic-cylinders.net\/wp-content\/uploads\/2025\/04\/songte-cylinder-head-with-all-kinds-excavator-models.webp\" alt=\"Ekskavatori\u0173 modeliai\" \/><\/p>\n<h2>Str\u0117l\u0117s cilindro pritaikymas<\/h2>\n<h3>Statybin\u0117 \u012franga<\/h3>\n<p>Ekskavatoriuose str\u0117l\u0117s cilindrai yra b\u016btini kasant, kraunant ir perkeliant grunt\u0105 ar \u0161iuk\u0161les. Jie leid\u017eia kau\u0161ui pasiekti giliai \u017eem\u0119, efektyviai i\u0161kasant med\u017eiagas. Ekskavatoriuose-krautuvuose \u0161ie cilindrai palengvina tiek kasimo, tiek k\u0117limo veiksmus, u\u017etikrindami universalum\u0105 statybviet\u0117se.<\/p>\n<h3>\u017dem\u0117s \u016bkio technika<\/h3>\n<p>Priekiniuose krautuvuose str\u0117l\u0117s cilindrai naudojami dirvo\u017eemiui, \u0161ienui ir kitoms med\u017eiagoms semti, kelti ir transportuoti. D\u0117l to jie yra gyvybi\u0161kai svarb\u016bs atliekant tokias u\u017eduotis kaip sunkve\u017eimi\u0173 krovimas ar pa\u0161ar\u0173 ir biri\u0173 produkt\u0173 perk\u0117limas, o tai \u017eymiai padidina \u016bki\u0173 produktyvum\u0105.<\/p>\n<h3>Kasimo u\u017eduotys<\/h3>\n<p>Ekskavatoriuose kau\u0161o cilindras leid\u017eia kau\u0161ui \u012fsiskverbti \u012f dirv\u0105, efektyviai atliekant kasimo darbus. \u0160i galimyb\u0117 yra labai svarbi statybos projektuose, \u017eem\u0117s valyme ir kra\u0161tovaizd\u017eio tvarkyme, kur reikalingas tikslus kasimas.<\/p>\n<h3>Krautuvo programos<\/h3>\n<p>Priekiniuose krautuvuose str\u0117l\u0117s cilindrai padeda efektyviai kelti ir i\u0161versti krovinius. Jie suteikia reikiam\u0105 tvirtum\u0105 sunkioms med\u017eiagoms tvarkyti, tod\u0117l yra b\u016btini atliekant \u012fvairias pakrovimo ir i\u0161krovimo u\u017eduotis.<\/p>\n<h2>Projektavimo aspektai ir atrankos kriterijai<\/h2>\n<h3>Keliamoji galia<\/h3>\n<p>Str\u0117l\u0117s cilindro keliamoji galia yra labai svarbus projektavimo aspektas. Cilindras turi b\u016bti suprojektuotas taip, kad atlaikyt\u0173 maksimal\u0173 svor\u012f, su kuriuo jis susidurs eksploatacijos metu. Tai apima sl\u0117gio vardini\u0173 ver\u010di\u0173, med\u017eiagos stiprumo ir bendros konstrukcijos \u012fvertinim\u0105, siekiant u\u017etikrinti saug\u0105 ir funkcionalum\u0105 esant didel\u0117ms apkrovoms.<\/p>\n<h3>Sandarinimo efektyvumas<\/h3>\n<p>Sandarinimas yra labai svarbus tinkamam hidraulini\u0173 cilindr\u0173 veikimui. Auk\u0161tos kokyb\u0117s sandarikliai apsaugo nuo hidraulinio skys\u010dio nuot\u0117kio, u\u017etikrindami efektyv\u0173 veikim\u0105 ir palaikydami sl\u0117g\u012f. Sandarinimo med\u017eiag\u0173, toki\u0173 kaip poliuretanas arba nitrilo kau\u010diukas, pasirinkimas turi \u012ftakos patvarumui ir veikimui, ypa\u010d at\u0161iauriomis s\u0105lygomis.<\/p>\n<h3>Patvarumas<\/h3>\n<p>Patvarumas yra pagrindinis str\u0117l\u0117s cilindr\u0173 konstrukcijos veiksnys. Jie turi atlaikyti ekstremalias s\u0105lygas, \u012fskaitant auk\u0161t\u0105 sl\u0117g\u012f ir temperat\u016br\u0105, kartu atspar\u016bs dilimui ir korozijai. Tam reikia kruop\u0161\u010diai parinkti med\u017eiagas ir apsaugines dangas, kad b\u016bt\u0173 prailgintas cilindro tarnavimo laikas.<\/p>\n<h3>Saugos funkcijos<\/h3>\n<p>Labai svarbu \u012f str\u0117l\u0117s cilindr\u0173 konstrukcij\u0105 \u012ftraukti saugos funkcijas. Tai apima mechanizmus, apsaugan\u010dius nuo per didelio i\u0161sitempimo, apsaug\u0105 nuo perkrovos ir sl\u0117gio ma\u017einimo sistemas, u\u017etikrinan\u010dias operatoriaus saug\u0105 ir \u012frangos patikimum\u0105 eksploatacijos metu.<\/p>\n<h3>Prieinamumas prie prie\u017ei\u016bros<\/h3>\n<p>Projektuojant tinkam\u0105 technin\u0117s prie\u017ei\u016bros prieinamum\u0105, labai svarbu suma\u017einti prastovas. Tokios savyb\u0117s kaip lengva prieiga prie sandarikli\u0173 ir tepimo ta\u0161k\u0173 gali gerokai supaprastinti technin\u0117s prie\u017ei\u016bros u\u017eduotis, leid\u017eia laiku atlikti remont\u0105 ir pailginti cilindro eksploatavimo laik\u0105.<\/p>\n<p><img decoding=\"async\" src=\"https:\/\/www.hydraulic-cylinders.net\/wp-content\/uploads\/2025\/04\/songte-oil-pipes-and-spare-parts.webp\" alt=\"Naftos vamzd\u017eiai ir atsargin\u0117s dalys\" \/><\/p>\n<h2>Cilindro sandarinimas ir tepimas<\/h2>\n<p>Efektyvus sandarinimas ir tepimas yra labai svarb\u016bs str\u0117l\u0117s cilindro veikimui. Siekiant i\u0161vengti hidraulinio skys\u010dio nuot\u0117kio ir u\u017etikrinti skland\u0173 veikim\u0105, naudojami \u012fvair\u016bs sandarikli\u0173 tipai, pavyzd\u017eiui, st\u016bmokli\u0173 ir stryp\u0173 sandarikliai. Sandarikliai, pagaminti i\u0161 atspari\u0173 dilimui med\u017eiag\u0173, toki\u0173 kaip poliuretanas ir nitrilo kau\u010diukas, padidina ilgaam\u017ei\u0161kum\u0105 ir patikimum\u0105.<\/p>\n<p>Cilindro korpusas ir srieginiai galiniai pavir\u0161iai yra kruop\u0161\u010diai apdirbami, siekiant pagerinti atsparum\u0105 dilimui ir sandarum\u0105, u\u017etikrinant efektyv\u0173 cilindro veikim\u0105 esant auk\u0161tam sl\u0117giui. Reguliarus tepimas tinkama hidrauline alyva yra b\u016btinas norint suma\u017einti trint\u012f ir dilim\u0105, o tai u\u017etikrina skland\u0173 st\u016bmoklio jud\u0117jim\u0105 cilindre.<\/p>\n<h2>Prevencin\u0117s prie\u017ei\u016bros priemon\u0117s<\/h2>\n<ul>\n<li><strong>Reguliar\u016bs patikrinimai:<\/strong> Atlikite reguliarius patikrinimus, kad nustatytum\u0117te bet kokius nusid\u0117v\u0117jimo ar pa\u017eeidimo po\u017eymius, u\u017etikrindami savalaik\u012f remont\u0105, kol problemos nepa\u016bm\u0117s.<\/li>\n<li><strong>Tepimas:<\/strong> \u012esitikinkite, kad cilindras yra tinkamai suteptas tinkama hidrauline alyva, kad b\u016bt\u0173 i\u0161laikytas optimalus veikimas ir i\u0161vengta susid\u0117v\u0117jimo.<\/li>\n<li><strong>Sandariklio keitimas:<\/strong> Reguliariai tikrinkite sandarikli\u0173 susid\u0117v\u0117jim\u0105 ir prireikus juos pakeiskite, kad i\u0161vengtum\u0117te nuot\u0117ki\u0173 ir i\u0161laikytum\u0117te sl\u0117gio vientisum\u0105.<\/li>\n<\/ul>\n<h2>\u012erengimo gair\u0117s<\/h2>\n<p>Tinkamas str\u0117l\u0117s cilindro montavimas yra labai svarbus optimaliam veikimui. Pirmiausia \u012fsitikinkite, kad tvirtinimo pavir\u0161iai yra \u0161var\u016bs ir be \u0161iuk\u0161li\u0173. Kruop\u0161\u010diai sulygiuokite cilindr\u0105 tinkama kryptimi, naudodami tinkamus tvirtinimo laikiklius, kad j\u012f pritvirtintum\u0117te. Svarbu vengti neteisingo sulygiavimo, nes tai gali sukelti prie\u0161laikin\u012f cilindro susid\u0117v\u0117jim\u0105 ir gedim\u0105.<\/p>\n<p>Montavimo metu \u012fsitikinkite, kad visos hidraulin\u0117s jungtys yra sandarios ir n\u0117ra nuot\u0117ki\u0173. Po montavimo patikrinkite cilindro veikim\u0105 esant apkrovai, kad \u012fsitikintum\u0117te, jog jis veikia tinkamai. Bet koki\u0173 ne\u012fprast\u0173 gars\u0173 ar judesi\u0173 steb\u0117jimas veikimo metu gali pad\u0117ti anksti nustatyti galimas problemas.<\/p>\n<h2>\u012eprastos prie\u017ei\u016bros u\u017eduotys<\/h2>\n<ul>\n<li><strong>Reguliar\u016bs patikrinimai:<\/strong> Vizualiai patikrinkite, ar n\u0117ra nuot\u0117ki\u0173, \u012ftr\u016bkim\u0173 ar kit\u0173 susid\u0117v\u0117jimo po\u017eymi\u0173. Tai padeda anksti pasteb\u0117ti galimas problemas ir u\u017etikrina efektyv\u0173 cilindro veikim\u0105.<\/li>\n<li><strong>Tinkamas tepimas:<\/strong> \u012esitikinkite, kad cilindras suteptas pagal gamintojo specifikacijas. Nepakankamas tepimas gali padidinti trint\u012f ir susid\u0117v\u0117jim\u0105, o tai sutrumpina cilindro tarnavimo laik\u0105.<\/li>\n<li><strong>Sandariklio keitimas:<\/strong> Reguliariai tikrinkite sandarikli\u0173 b\u016bkl\u0119 ir prireikus juos pakeiskite, kad i\u0161vengtum\u0117te skys\u010di\u0173 nuot\u0117kio ir i\u0161laikytum\u0117te na\u0161um\u0105.<\/li>\n<\/ul>\n<p>Tinkamas cilindro sulygiavimas montavimo metu yra labai svarbus. Cilindrui pritvirtinti naudokite tinkamus tvirtinimo laikiklius, u\u017etikrindami, kad jis neb\u016bt\u0173 veikiamas i\u0161lyginimo \u012ftempi\u0173. Laikykit\u0117s rekomenduojam\u0173 komponent\u0173 patikros, remonto ir keitimo proced\u016br\u0173, kad i\u0161laikytum\u0117te cilindro veikim\u0105 ir pailgintum\u0117te jo tarnavimo laik\u0105.<\/p>\n<p><img decoding=\"async\" src=\"https:\/\/www.hydraulic-cylinders.net\/wp-content\/uploads\/2025\/04\/songte-chushion-collar.webp\" alt=\"Pagalv\u0117l\u0117s apykakl\u0117\" \/><\/p>\n<h2>Saugos aspektai ir aplinkos veiksniai<\/h2>\n<p>Naudojant str\u0117l\u0117s cilindrus, saugos priemon\u0117s yra nepaprastai svarbios. Operatoriai tur\u0117t\u0173 b\u016bti apmokyti suprasti hidraulini\u0173 sistem\u0173 veikim\u0105 ir susijusi\u0105 rizik\u0105. Reikia d\u0117v\u0117ti tinkam\u0105 apsaugin\u0119 \u012frang\u0105, o mechanizmus reikia reguliariai tikrinti, kad b\u016bt\u0173 i\u0161vengta nelaiming\u0173 atsitikim\u0173. Taip pat labai svarbu \u017einoti apie hidraulini\u0173 skys\u010di\u0173 poveik\u012f aplinkai ir tinkamus panaudot\u0173 skys\u010di\u0173 \u0161alinimo b\u016bdus, siekiant suma\u017einti \u017eal\u0105 aplinkai.<\/p>\n<h2>Da\u017eniausiai pasitaikan\u010di\u0173 problem\u0173 \u0161alinimas<\/h2>\n<ul>\n<li><strong>Galios praradimas:<\/strong> Jei cilindras nesuteikia pakankamai j\u0117gos, patikrinkite, ar hidraulin\u0117je sistemoje n\u0117ra nuot\u0117ki\u0173 arba ar n\u0117ra \u017eemo skys\u010dio lygio, kuris gal\u0117t\u0173 tur\u0117ti \u012ftakos veikimui.<\/li>\n<li><strong>Triuk\u0161mingas veikimas:<\/strong> Ne\u012fprasti garsai gali rodyti netinkam\u0105 sulygiavim\u0105, tepimo tr\u016bkum\u0105 arba susid\u0117v\u0117jusius sandariklius. Patikrinkite sistem\u0105, ar n\u0117ra problem\u0173, ir imkit\u0117s atitinkam\u0173 taisom\u0173j\u0173 veiksm\u0173.<\/li>\n<li><strong>L\u0117tas jud\u0117jimas:<\/strong> L\u0117tas reakcijos laikas gali b\u016bti vidinio susid\u0117v\u0117jimo, hidraulinio skys\u010dio u\u017eter\u0161tumo arba hidraulinio siurblio problem\u0173 prie\u017eastis. Reguliarus techninis aptarnavimas gali pad\u0117ti suma\u017einti \u0161ias problemas.<\/li>\n<\/ul>\n<p>Nor\u0117dami veiksmingai pa\u0161alinti triktis, visada vadovaukit\u0117s gamintojo gair\u0117mis ir, jei problemos i\u0161lieka, pasikonsultuokite su hidraulikos specialistu. Prevencin\u0117s priemon\u0117s, tokios kaip reguliari prie\u017ei\u016bra ir patikrinimai, gali gerokai suma\u017einti \u0161i\u0173 da\u017en\u0173 problem\u0173 tikimyb\u0119.<\/p>\n<p><img decoding=\"async\" src=\"https:\/\/www.hydraulic-cylinders.net\/wp-content\/uploads\/2025\/04\/songte-bushings-with-all-kinds-of-excavator-models.webp\" alt=\"\u012evor\u0117s su ekskavatori\u0173 modeliais\" \/><\/p>\n<h2>\u012emon\u0117s ap\u017evalga<\/h2>\n<p>Esame alternatyvi\u0173 hidraulini\u0173 cilindr\u0173 gamintojas, si\u016blantis plat\u0173 gamini\u0173 asortiment\u0105, kuris pavert\u0117 mus vienais i\u0161 pirmaujan\u010di\u0173 gamintoj\u0173 ir didmeninink\u0173 vidaus ir tarptautin\u0117je rinkoje. Vadovaujam\u0117s auk\u0161\u010diausios kokyb\u0117s principu, kur\u012f palaiko puikus gamybos cechas ir pramonin\u0117s gamybos valdymo strategija. M\u016bs\u0173 \u012fmon\u0117 nuolat tobulina savo gamybos paj\u0117gumus, pasitelkdama kvalifikuotus darbuotojus, pa\u017eangi\u0105 skaitmenin\u0119 gamybos \u012frang\u0105 ir profesionalias testavimo sistemas.<\/p>\n<p>\u012esipareigoj\u0119 u\u017etikrinti auk\u0161t\u0105 efektyvum\u0105, tikslum\u0105 ir kokyb\u0119, tenkiname \u012fvairius klient\u0173 poreikius ir u\u017etikriname auk\u0161\u010diausius gamybos standartus. M\u016bs\u0173 patirtis pritaikymo srityje, tarptautiniai sertifikatai, moderniausia gamybos \u012franga ir specializuotas aptarnavimas po pardavimo dar labiau sustiprina m\u016bs\u0173, kaip patikimo lyderio hidraulini\u0173 cilindr\u0173 pramon\u0117je, pozicij\u0105.<\/p>\n<p><img decoding=\"async\" src=\"https:\/\/www.hydraulic-cylinders.net\/wp-content\/uploads\/2025\/04\/songte-company-4.webp\" alt=\"\u012emon\u0117s ap\u017evalga 1\" \/><br \/>\n<img decoding=\"async\" src=\"https:\/\/www.hydraulic-cylinders.net\/wp-content\/uploads\/2025\/04\/songte-company-3.webp\" alt=\"\u012emon\u0117s ap\u017evalga 2\" \/><\/p>\n<p>Autorius: lyl<\/p>","protected":false},"excerpt":{"rendered":"<p>Boom Cylinder For Carter CT150-8 Introduction to the Boom Cylinder The Boom Cylinder is a vital component in the hydraulic systems of heavy machinery, particularly in excavators, backhoes, and front loaders. It is specifically designed to control the movement of the bucket, allowing for lifting, lowering, and tilting actions essential for efficient material handling tasks. [&hellip;]<\/p>","protected":false},"featured_media":17870,"comment_status":"open","ping_status":"closed","template":"","meta":{"_et_pb_use_builder":"","_et_pb_old_content":"","_et_gb_content_width":""},"product_brand":[],"product_cat":[1546],"product_tag":[1547,1496],"class_list":{"0":"post-19517","1":"product","2":"type-product","3":"status-publish","4":"has-post-thumbnail","6":"product_cat-boom-cylinders","7":"product_tag-boom-cylinders","8":"product_tag-hydraulic-cylinders","10":"first","11":"instock","12":"shipping-taxable","13":"product-type-simple"},"amp_enabled":true,"_links":{"self":[{"href":"https:\/\/www.hydraulic-cylinders.net\/lt\/wp-json\/wp\/v2\/product\/19517","targetHints":{"allow":["GET"]}}],"collection":[{"href":"https:\/\/www.hydraulic-cylinders.net\/lt\/wp-json\/wp\/v2\/product"}],"about":[{"href":"https:\/\/www.hydraulic-cylinders.net\/lt\/wp-json\/wp\/v2\/types\/product"}],"replies":[{"embeddable":true,"href":"https:\/\/www.hydraulic-cylinders.net\/lt\/wp-json\/wp\/v2\/comments?post=19517"}],"wp:featuredmedia":[{"embeddable":true,"href":"https:\/\/www.hydraulic-cylinders.net\/lt\/wp-json\/wp\/v2\/media\/17870"}],"wp:attachment":[{"href":"https:\/\/www.hydraulic-cylinders.net\/lt\/wp-json\/wp\/v2\/media?parent=19517"}],"wp:term":[{"taxonomy":"product_brand","embeddable":true,"href":"https:\/\/www.hydraulic-cylinders.net\/lt\/wp-json\/wp\/v2\/product_brand?post=19517"},{"taxonomy":"product_cat","embeddable":true,"href":"https:\/\/www.hydraulic-cylinders.net\/lt\/wp-json\/wp\/v2\/product_cat?post=19517"},{"taxonomy":"product_tag","embeddable":true,"href":"https:\/\/www.hydraulic-cylinders.net\/lt\/wp-json\/wp\/v2\/product_tag?post=19517"}],"curies":[{"name":"wp","href":"https:\/\/api.w.org\/{rel}","templated":true}]}}