{"id":19518,"date":"2025-04-07T06:51:56","date_gmt":"2025-04-07T06:51:56","guid":{"rendered":"https:\/\/www.hydraulic-cylinders.net\/product\/boom-cylinder-for-carter-ct260-8c\/"},"modified":"2025-04-07T06:51:59","modified_gmt":"2025-04-07T06:51:59","slug":"boom-cylinder-for-carter-ct260-8c","status":"publish","type":"product","link":"https:\/\/www.hydraulic-cylinders.net\/lt\/produktas\/boom-cylinder-for-carter-ct260-8c\/","title":{"rendered":"Str\u0117l\u0117s cilindras Carter CT260-8C"},"content":{"rendered":"<h1>Str\u0117l\u0117s cilindras Carter CT260-8C<\/h1>\n<h2>\u012evadas \u012f str\u0117l\u0117s cilindr\u0105<\/h2>\n<p>Str\u0117l\u0117s cilindras yra gyvybi\u0161kai svarbus hidraulini\u0173 sistem\u0173 komponentas, ypa\u010d sunkiosiose ma\u0161inose, tokiose kaip ekskavatoriai, ekskavatoriniai krautuvai ir frontaliniai krautuvai. Jis skirtas valdyti kau\u0161o jud\u0117jim\u0105, leid\u017eiant jam efektyviai kelti, nuleisti ir pakreipti. \u0160i funkcija pagerina med\u017eiag\u0173 tvarkymo u\u017eduotis ir yra labai svarbi \u012fvairiems statybos ir \u017eem\u0117s \u016bkio darbams. Kau\u0161o cilindras veikia paversdamas hidraulin\u012f sl\u0117g\u012f mechanine j\u0117ga, tod\u0117l galima atlikti tikslius ir galingus judesius, kurie yra b\u016btini atliekant sud\u0117tingas u\u017eduotis.<\/p>\n<p><img decoding=\"async\" src=\"https:\/\/www.hydraulic-cylinders.net\/wp-content\/uploads\/2025\/04\/songte-company-1.webp\" alt=\"Str\u0117l\u0117s cilindro vaizdas\"><\/p>\n<h2>Str\u0117l\u0117s cilindro savyb\u0117s<\/h2>\n<ul>\n<li><strong>Didelis stiprumas ir ilgaam\u017ei\u0161kumas:<\/strong> Pagamintas i\u0161 didelio stiprumo plieno arba aliuminio, \u0161is cilindras atlaiko auk\u0161t\u0105 sl\u0117g\u012f ir dideles apkrovas, tod\u0117l tinka at\u0161iaurioms darbo s\u0105lygoms.<\/li>\n<li><strong>Efektyvus hidraulinis valdymas:<\/strong> Naudoja hidraulin\u0117s alyvos sl\u0117g\u012f skland\u017eiam i\u0161st\u016bmimui ir \u012ftraukimui, greitai reaguoja \u012f operatoriaus komandas ir u\u017etikrina galing\u0105 st\u016bmimo bei traukimo j\u0117g\u0105.<\/li>\n<li><strong>\u012evair\u016bs tipai:<\/strong> Galima \u012fsigyti vienpusio veikimo (veikian\u010di\u0173 viena kryptimi) arba dvipusio veikimo (veikian\u010di\u0173 abiem kryptimis) konfig\u016bracij\u0173, pritaikyt\u0173 \u012fvairiems eksploatavimo poreikiams. Kai kurie modeliai yra teleskopiniai, tod\u0117l juos galima gerokai prailginti nedidinant i\u0161orini\u0173 matmen\u0173.<\/li>\n<li><strong>Platus suderinamumas:<\/strong> Sukurta taip, kad skland\u017eiai pakeist\u0173 esamus cilindrus, u\u017etikrinant, kad na\u0161umas nepakis.<\/li>\n<li><strong>S\u0105naud\u0173 efektyvumas:<\/strong> Suteikia patikim\u0105 ir ekonomi\u0161k\u0105 sprendim\u0105 \u012frangos pakeitimo poreikiams, didindamas veiklos efektyvum\u0105.<\/li>\n<\/ul>\n<p><img decoding=\"async\" src=\"https:\/\/www.hydraulic-cylinders.net\/wp-content\/uploads\/2025\/04\/songte-cylinder-head-with-all-kinds-excavator-models.webp\" alt=\"Cilindro suderinamumo vaizdas\"><\/p>\n<h2>Str\u0117l\u0117s cilindro pritaikymas<\/h2>\n<h3>Statybin\u0117 \u012franga<\/h3>\n<p>Ekskavatoriuose str\u0117l\u0117s cilindrai yra labai svarb\u016bs kasant, kraunant ir perkeliant grunt\u0105 ar \u0161iuk\u0161les. Galimyb\u0117 reguliuoti kau\u0161o kamp\u0105 padidina kasimo darb\u0173 efektyvum\u0105 ir tikslum\u0105. Ekskavatoriuose-krautuvuose \u0161ie cilindrai padeda tiek kasti, tiek kelti, tod\u0117l jie yra universal\u016bs \u012fvairiose statybviet\u0117se.<\/p>\n<h3>\u017dem\u0117s \u016bkio technika<\/h3>\n<p>Priekiniuose krautuvuose str\u0117l\u0117s cilindrai yra b\u016btini dirvo\u017eemio, \u0161ieno ir kit\u0173 med\u017eiag\u0173 k\u0117limui, k\u0117limui ir transportavimui. Jie padidina \u016bki\u0173 produktyvum\u0105, nes leid\u017eia greitai ir efektyviai perkelti sunkius krovinius, o tai yra gyvybi\u0161kai svarbu atliekant \u012fvairias \u017eem\u0117s \u016bkio u\u017eduotis.<\/p>\n<h3>Ekskavatoriai<\/h3>\n<p>Str\u0117l\u0117s cilindras leid\u017eia kau\u0161ui efektyviai \u012fsiskverbti \u012f grunt\u0105, palengvindamas kasimo proces\u0105. \u0160i funkcija yra labai svarbi statybos projektuose, kuriuose grunt\u0105 reikia pa\u0161alinti pamatams kloti ir kitiems statybviet\u0117s paruo\u0161imo darbams.<\/p>\n<h3>Krautuvai<\/h3>\n<p>Priekiniuose krautuvuose str\u0117l\u0117s cilindrai atlieka svarb\u0173 vaidmen\u012f efektyviai keliant ir i\u0161ver\u010diant med\u017eiagas. J\u0173 konstrukcija leid\u017eia pasiekti didel\u0119 k\u0117limo gali\u0105, u\u017etikrinant, kad med\u017eiagas b\u016bt\u0173 galima tiksliai perkelti ir i\u0161krauti nepakenkiant saugumui.<\/p>\n<h2>Projektavimo aspektai ir atrankos kriterijai<\/h2>\n<h3>Keliamoji galia<\/h3>\n<p>Renkantis str\u0117l\u0117s cilindr\u0105, labai svarbu suprasti jo keliam\u0105j\u0105 gali\u0105. Cilindras turi atlaikyti perkeliam\u0173 med\u017eiag\u0173 svor\u012f nepakenkiant na\u0161umui. Gamintojo specifikacijose tur\u0117t\u0173 b\u016bti nurodytos maksimalios apkrovos ribos, u\u017etikrinant, kad pasirinktas cilindras atitikt\u0173 j\u016bs\u0173 veiklos reikalavimus.<\/p>\n<h3>Sandarumo vientisumas<\/h3>\n<p>Sandarinimas yra labai svarbus hidraulini\u0173 cilindr\u0173 veikimui. Auk\u0161tos kokyb\u0117s sandarikliai apsaugo nuo hidraulinio skys\u010dio nutek\u0117jimo, palaiko sl\u0117g\u012f ir u\u017etikrina efektyv\u0173 veikim\u0105. Reguliar\u016bs patikrinimai ir pa\u017eangi\u0173 sandarinimo med\u017eiag\u0173 naudojimas prisideda prie cilindro ilgaam\u017ei\u0161kumo ir patikimumo.<\/p>\n<h3>Patvarumas<\/h3>\n<p>Str\u0117l\u0117s cilindro gamybai naudojamos med\u017eiagos ir gamybos b\u016bdai daro didel\u0119 \u012ftak\u0105 jo patvarumui. I\u0161 didelio stiprumo med\u017eiag\u0173 pagaminti cilindrai gali atlaikyti aplinkos poveikius, tod\u0117l jie tinka sunkiems darbams. \u012esitikinkite, kad cilindras yra suprojektuotas taip, kad b\u016bt\u0173 atsparus dilimui ir korozijai, kad pailgintum\u0117te jo tarnavimo laik\u0105.<\/p>\n<h3>Saugos funkcijos<\/h3>\n<p>Renkantis str\u0117l\u0117s cilindr\u0105, niekada nereik\u0117t\u0173 aukoti saugumo. Ie\u0161kokite toki\u0173 funkcij\u0173 kaip apsauginiai vo\u017etuvai ir sl\u0117gio ma\u017einimo sistemos, kurios apsaugo tiek mechanizm\u0105, tiek operatorius darbo metu. Reguliarus techninis aptarnavimas ir saugos taisykli\u0173 laikymasis yra b\u016btini siekiant i\u0161vengti nelaiming\u0173 atsitikim\u0173.<\/p>\n<h3>Prie\u017ei\u016bra<\/h3>\n<p>Galiausiai, rinkdamiesi str\u0117l\u0117s cilindr\u0105, atsi\u017evelkite \u012f prie\u017ei\u016bros paprastum\u0105. Gerai suprojektuotas cilindras leid\u017eia lengvai pasiekti sandariklius ir vidinius komponentus, tod\u0117l lengviau atlikti \u012fprastinius patikrinimus ir remont\u0105. Rinkit\u0117s cilindrus, prie kuri\u0173 pridedami i\u0161sam\u016bs prie\u017ei\u016bros vadovai, kad laikui b\u0117gant b\u016bt\u0173 u\u017etikrintas optimalus veikimas.<\/p>\n<p><img decoding=\"async\" src=\"https:\/\/www.hydraulic-cylinders.net\/wp-content\/uploads\/2025\/04\/songte-oil-pipes-and-spare-parts.webp\" alt=\"Prie\u017ei\u016bros komponent\u0173 paveiksl\u0117lis\"><\/p>\n<h2>Str\u0117l\u0117s cilindro sandarikliai ir tepimas<\/h2>\n<p>Tinkamas sandarinimas ir tepimas yra b\u016btini efektyviam str\u0117l\u0117s cilindr\u0173 veikimui. Siekiant i\u0161vengti hidraulinio skys\u010dio nuot\u0117kio, naudojami \u012fvair\u016bs sandarikliai, \u012fskaitant st\u016bmokli\u0173 ir stryp\u0173 sandariklius. I\u0161 patvari\u0173 med\u017eiag\u0173, toki\u0173 kaip poliuretanas ir nitrilo kau\u010diukas, pagaminti sandarikliai padidina atsparum\u0105 dilimui ir u\u017etikrina ilgaam\u017ei\u0161kum\u0105. Cilindro korpusas ir srieginiai galai yra tiksliai apdirbami, siekiant pagerinti dilimo charakteristikas. Reguliarus hidraulin\u0117s alyvos papildymas yra labai svarbus tepimui, nes tai suma\u017eina trint\u012f ir dilim\u0105, pailgindama cilindro tarnavimo laik\u0105.<\/p>\n<h2>Reguliarus patikrinimas ir prevencin\u0117 prie\u017ei\u016bra<\/h2>\n<ul>\n<li><strong>Reguliar\u016bs patikrinimai:<\/strong> Da\u017enai vizualiai patikrinkite, ar n\u0117ra susid\u0117v\u0117jimo ar pa\u017eeidim\u0173 po\u017eymi\u0173. Ie\u0161kokite skys\u010di\u0173 nuot\u0117ki\u0173 ir \u012fsitikinkite, kad visi komponentai nepa\u017eeisti. Ankstyvas problem\u0173 nustatymas gali pad\u0117ti i\u0161vengti brangaus remonto.<\/li>\n<li><strong>Tepimas:<\/strong> Palaikykite tinkam\u0105 tepim\u0105 pagal gamintojo nurodymus. Reguliariai tepkite hidraulin\u0119 alyv\u0105, kad u\u017etikrintum\u0117te skland\u0173 veikim\u0105 ir i\u0161vengtum\u0117te cilindro perkaitimo.<\/li>\n<li><strong>Sandariklio keitimas:<\/strong> Steb\u0117kite sandarikli\u0173 b\u016bkl\u0119 ir pakeiskite juos, kai atsiranda susid\u0117v\u0117jimo po\u017eymi\u0173. Tinkamas sandarinimas yra labai svarbus norint palaikyti hidraulin\u012f sl\u0117g\u012f ir na\u0161um\u0105.<\/li>\n<\/ul>\n<h2>Str\u0117l\u0117s cilindro montavimo gair\u0117s<\/h2>\n<p>Tinkamas str\u0117l\u0117s cilindro montavimas yra labai svarbus optimaliam veikimui. Pirmiausia \u012fsitikinkite, kad tvirtinimo laikikliai yra tinkamai sulygiuoti. Naudokite tinkamas tvirtinimo atramas, kad pritvirtintum\u0117te cilindr\u0105 ir i\u0161vengtum\u0117te bet kokio jud\u0117jimo darbo metu. Priver\u017edami var\u017etus, laikykit\u0117s gamintojo nurodyt\u0173 sukimo moment\u0173 nurodym\u0173, kad nepa\u017eeistum\u0117te komponent\u0173. \u012esitikinkite, kad hidraulin\u0117s linijos yra tinkamai prijungtos ir kad n\u0117ra sulenkim\u0173 ar suspaudim\u0173. Po montavimo atlikite bandom\u0105j\u012f paleidim\u0105, kad \u012fsitikintum\u0117te, jog veikia skland\u017eiai, ir patikrinkite, ar n\u0117ra nuot\u0117ki\u0173.<\/p>\n<h2>\u012eprastos prie\u017ei\u016bros u\u017eduotys<\/h2>\n<ul>\n<li><strong>Reguliar\u016bs patikrinimai:<\/strong> Da\u017enos patikros padeda nustatyti galimas problemas, kol jos dar nepa\u016bm\u0117jo. Eksploatacijos metu ie\u0161kokite susid\u0117v\u0117jimo po\u017eymi\u0173, skys\u010di\u0173 nuot\u0117kio ir ne\u012fprast\u0173 gars\u0173.<\/li>\n<li><strong>Tinkamas tepimas:<\/strong> Labai svarbu palaikyti tinkam\u0105 hidraulin\u0117s alyvos lyg\u012f. \u012esitikinkite, kad alyva yra \u0161vari ir be ter\u0161al\u0173, ir keiskite j\u0105 pagal poreik\u012f, kad u\u017etikrintum\u0117te efektyv\u0173 veikim\u0105.<\/li>\n<li><strong>Sandariklio keitimo ir kalibravimo patikrinimai:<\/strong> Reguliariai keiskite susid\u0117v\u0117jusius sandariklius, kad i\u0161vengtum\u0117te nuot\u0117ki\u0173. Be to, atlikite kalibravimo patikrinimus, kad \u012fsitikintum\u0117te, jog cilindras veikia pagal nurodytus parametrus, taip padidindami saug\u0105 ir efektyvum\u0105.<\/li>\n<\/ul>\n<h2>Saugos aspektai ir aplinkos veiksniai<\/h2>\n<p>Naudojant str\u0117l\u0117s cilindrus, saugos priemon\u0117s yra nepaprastai svarbios. Operatoriai tur\u0117t\u0173 b\u016bti apmokyti tinkamai elgtis su jais ir juos valdyti, kad b\u016bt\u0173 i\u0161vengta nelaiming\u0173 atsitikim\u0173. Saugos protokol\u0173, toki\u0173 kaip apsaugini\u0173 priemoni\u0173 d\u0117v\u0117jimas ir saugaus atstumo nuo judan\u010di\u0173 dali\u0173 laikymasis, \u012fgyvendinimas gali suma\u017einti rizik\u0105. Be to, reik\u0117t\u0173 atsi\u017evelgti \u012f aplinkosaugos aspektus, u\u017etikrinant, kad hidrauliniai skys\u010diai b\u016bt\u0173 tinkamai tvarkomi ir \u0161alinami, kad b\u016bt\u0173 i\u0161vengta u\u017eter\u0161imo.<\/p>\n<h2>Da\u017eniausiai pasitaikan\u010di\u0173 problem\u0173 \u0161alinimas<\/h2>\n<ul>\n<li><strong>Nesandar\u016bs sandarikliai:<\/strong> Jei hidraulinis skystis teka, patikrinkite, ar tarpin\u0117s nepa\u017eeistos ir ar jos nenusid\u0117v\u0117jusios. Nedelsdami pakeiskite tarpines, kad i\u0161vengtum\u0117te tolesnio skys\u010dio praradimo ir palaikytum\u0117te sistemos sl\u0117g\u012f.<\/li>\n<li><strong>L\u0117tas veikimas:<\/strong> Jei cilindras juda l\u0117tai, patikrinkite, ar n\u0117ra \u017eemo hidraulin\u0117s alyvos lygio ir ar hidraulin\u0117se linijose n\u0117ra u\u017esikim\u0161im\u0173. \u012esitikinkite, kad sistema yra tinkamai sutepta ir joje n\u0117ra \u0161iuk\u0161li\u0173.<\/li>\n<li><strong>Ne\u012fprasti garsai:<\/strong> Triuk\u0161mai eksploatacijos metu gali rodyti vidin\u012f susid\u0117v\u0117jim\u0105 arba nepakankam\u0105 tepim\u0105. Atlikite kruop\u0161t\u0173 patikrinim\u0105 ir nedelsdami pa\u0161alinkite visas mechanines problemas.<\/li>\n<\/ul>\n<h2>Trik\u010di\u0173 \u0161alinimo patarimai<\/h2>\n<p>Nor\u0117dami efektyviai pa\u0161alinti str\u0117l\u0117s cilindro problemas, prad\u0117kite nuo \u012fprastini\u0173 patikrinim\u0173. Reguliar\u016bs patikrinimai gali pad\u0117ti anksti nustatyti ir i\u0161spr\u0119sti problemas, taip sutrumpinant prastovas. \u012egyvendinkite prevencines priemones, pvz., palaikykite tinkam\u0105 skys\u010di\u0173 lyg\u012f ir keiskite susid\u0117v\u0117jusius sandariklius, kad suma\u017eintum\u0117te galimas komplikacijas. Tvarkingas technin\u0117s prie\u017ei\u016bros \u017eurnalas taip pat gali pad\u0117ti steb\u0117ti cilindro veikim\u0105 ir numatyti, kada reikia atlikti technin\u0119 prie\u017ei\u016br\u0105.<\/p>\n<p><img decoding=\"async\" src=\"https:\/\/www.hydraulic-cylinders.net\/wp-content\/uploads\/2025\/04\/songte-bushings-with-all-kinds-of-excavator-models.webp\" alt=\"Ekskavatori\u0173 \u012fvor\u0117s (vaizdas)\"><\/p>\n<h2>Apie m\u016bs\u0173 \u012fmon\u0119<\/h2>\n<p>Esame pirmaujantis pakaitini\u0173 hidraulini\u0173 cilindr\u0173 gamintojas, si\u016blantis plat\u0173 gamini\u0173 asortiment\u0105, skirt\u0105 tiek vidaus, tiek tarptautinei rinkai. M\u016bs\u0173 \u012fsipareigojimas siekti meistri\u0161kumo atsispindi kruop\u0161\u010diose gamybos strategijose, kurias palaiko pa\u017eangi skaitmenin\u0117 \u012franga ir kokyb\u0117s kontrol\u0117s sistemos. M\u016bs\u0173 technini\u0173 ekspert\u0173 komanda nuolat tobulina gamybos paj\u0117gumus, u\u017etikrindama auk\u0161t\u0105 efektyvum\u0105, tikslum\u0105 ir kokyb\u0119. Teikiame individualiai pritaikytas paslaugas, tarptautinius sertifikatus ir i\u0161skirtin\u012f aptarnavim\u0105 po pardavimo, tod\u0117l esame pageidaujamas pasirinkimas hidraulini\u0173 cilindr\u0173 sprendimams.<\/p>\n<p><img decoding=\"async\" src=\"https:\/\/www.hydraulic-cylinders.net\/wp-content\/uploads\/2025\/04\/songte-company-4.webp\" alt=\"\u012emon\u0117s paveiksl\u0117lis 1\"><br \/>\n<img decoding=\"async\" src=\"https:\/\/www.hydraulic-cylinders.net\/wp-content\/uploads\/2025\/04\/songte-company-3.webp\" alt=\"\u012emon\u0117s paveiksl\u0117lis 2\"><\/p>\n<p>Autorius: lyl<\/p>","protected":false},"excerpt":{"rendered":"<p>Boom Cylinder For Carter CT260-8C Introduction to Boom Cylinder The Boom Cylinder is a vital component in hydraulic systems, particularly in heavy machinery like excavators, backhoe loaders, and front loaders. It is designed to control the movement of the bucket, enabling it to lift, lower, and tilt effectively. This functionality enhances material handling tasks and [&hellip;]<\/p>","protected":false},"featured_media":17871,"comment_status":"open","ping_status":"closed","template":"","meta":{"_et_pb_use_builder":"","_et_pb_old_content":"","_et_gb_content_width":""},"product_brand":[],"product_cat":[1546],"product_tag":[1547,1496],"class_list":{"0":"post-19518","1":"product","2":"type-product","3":"status-publish","4":"has-post-thumbnail","6":"product_cat-boom-cylinders","7":"product_tag-boom-cylinders","8":"product_tag-hydraulic-cylinders","10":"first","11":"instock","12":"shipping-taxable","13":"product-type-simple"},"amp_enabled":true,"_links":{"self":[{"href":"https:\/\/www.hydraulic-cylinders.net\/lt\/wp-json\/wp\/v2\/product\/19518","targetHints":{"allow":["GET"]}}],"collection":[{"href":"https:\/\/www.hydraulic-cylinders.net\/lt\/wp-json\/wp\/v2\/product"}],"about":[{"href":"https:\/\/www.hydraulic-cylinders.net\/lt\/wp-json\/wp\/v2\/types\/product"}],"replies":[{"embeddable":true,"href":"https:\/\/www.hydraulic-cylinders.net\/lt\/wp-json\/wp\/v2\/comments?post=19518"}],"wp:featuredmedia":[{"embeddable":true,"href":"https:\/\/www.hydraulic-cylinders.net\/lt\/wp-json\/wp\/v2\/media\/17871"}],"wp:attachment":[{"href":"https:\/\/www.hydraulic-cylinders.net\/lt\/wp-json\/wp\/v2\/media?parent=19518"}],"wp:term":[{"taxonomy":"product_brand","embeddable":true,"href":"https:\/\/www.hydraulic-cylinders.net\/lt\/wp-json\/wp\/v2\/product_brand?post=19518"},{"taxonomy":"product_cat","embeddable":true,"href":"https:\/\/www.hydraulic-cylinders.net\/lt\/wp-json\/wp\/v2\/product_cat?post=19518"},{"taxonomy":"product_tag","embeddable":true,"href":"https:\/\/www.hydraulic-cylinders.net\/lt\/wp-json\/wp\/v2\/product_tag?post=19518"}],"curies":[{"name":"wp","href":"https:\/\/api.w.org\/{rel}","templated":true}]}}