{"id":19519,"date":"2025-04-07T06:51:59","date_gmt":"2025-04-07T06:51:59","guid":{"rendered":"https:\/\/www.hydraulic-cylinders.net\/product\/boom-cylinder-for-carter-ct45-7b\/"},"modified":"2025-04-07T06:52:01","modified_gmt":"2025-04-07T06:52:01","slug":"boom-cylinder-for-carter-ct45-7b","status":"publish","type":"product","link":"https:\/\/www.hydraulic-cylinders.net\/lt\/produktas\/boom-cylinder-for-carter-ct45-7b\/","title":{"rendered":"Str\u0117l\u0117s cilindras Carter CT45-7B"},"content":{"rendered":"<h1>Str\u0117l\u0117s cilindras Carter CT45-7B<\/h1>\n<h2>\u012evadas \u012f str\u0117l\u0117s cilindrus<\/h2>\n<p>Str\u0117l\u0117s cilindras yra specializuotas hidraulinis cilindras, skirtas valdyti kau\u0161\u0173 jud\u0117jim\u0105 sunkiosiose ma\u0161inose, tokiose kaip ekskavatoriai, ekskavatoriniai krautuvai ir frontaliniai krautuvai. \u0160is gyvybi\u0161kai svarbus komponentas leid\u017eia pakelti, nuleisti ir pakreipti kau\u0161\u0105, o tai yra b\u016btina efektyviam med\u017eiag\u0173 tvarkymui. Naudodamas hidraulin\u012f sl\u0117g\u012f, str\u0117l\u0117s cilindras u\u017etikrina reikiam\u0105 j\u0117g\u0105 sklandiems ir tiksliems judesiams, leisdamas operatoriams lengvai atlikti \u012fvairias operacijas. Jo konstrukcija ir funkcionalumas vaidina lemiam\u0105 vaidmen\u012f bendram hidraulini\u0173 sistem\u0173 veikimui.<\/p>\n<p><img decoding=\"async\" src=\"https:\/\/www.hydraulic-cylinders.net\/wp-content\/uploads\/2025\/04\/songte-company-1.webp\" alt=\"Str\u0117l\u0117s cilindras\" \/><\/p>\n<h2>Str\u0117l\u0117s cilindro savyb\u0117s<\/h2>\n<ul>\n<li><strong>Didelis stiprumas ir ilgaam\u017ei\u0161kumas:<\/strong> Pagamintas i\u0161 didelio stiprumo plieno arba aliuminio, str\u0117l\u0117s cilindras yra suprojektuotas taip, kad atlaikyt\u0173 auk\u0161t\u0105 sl\u0117g\u012f ir dideles apkrovas, tod\u0117l tinka at\u0161iaurioms darbo s\u0105lygoms. Konstrukcijoje atsi\u017evelgiama \u012f atsparum\u0105 dilimui ir apsaug\u0105 nuo korozijos, taip pailginant cilindro tarnavimo laik\u0105.<\/li>\n<li><strong>Efektyvus hidraulinis valdymas:<\/strong> Naudodamas hidraulinio skys\u010dio sl\u0117g\u012f, str\u0117l\u0117s cilindras u\u017etikrina skland\u0173 ir jautr\u0173 tiesin\u012f jud\u0117jim\u0105, suteikdamas didel\u0119 st\u016bmimo ir traukimo j\u0117g\u0105, idealiai tinkan\u010di\u0105 sunkiems objektams ir sud\u0117tingoms u\u017eduotims atlikti.<\/li>\n<li><strong>\u012evair\u016bs tipai:<\/strong> Str\u0117l\u0117s cilindrai tiekiami tiek vienpusio veikimo (veikiantys viena kryptimi), tiek dvipusio veikimo (veikiantys abiem kryptimis) versij\u0173, pritaikyt\u0173 \u012fvairiems eksploatavimo poreikiams. Kai kurie modeliai yra teleskopiniai, tod\u0117l juos galima labiau i\u0161tiesti nedidinant i\u0161orini\u0173 matmen\u0173, tod\u0117l jie puikiai tinka naudoti ribotoje erdv\u0117je.<\/li>\n<li><strong>Individuali gamyba:<\/strong> Mes si\u016blome galimyb\u0119 pagaminti \u0161\u012f gamin\u012f tiksliai, u\u017etikrindami, kad m\u016bs\u0173 hidrauliniai cilindrai puikiai pakeis esamus modelius ir patenkins konkre\u010dius m\u016bs\u0173 klient\u0173 poreikius.<\/li>\n<li><strong>Visapusi\u0161ka parama:<\/strong> M\u016bs\u0173 gaminiams teikiama tvirta klient\u0173 aptarnavimo paslauga, siekiant u\u017etikrinti optimal\u0173 na\u0161um\u0105 ir ilgaam\u017ei\u0161kum\u0105.<\/li>\n<\/ul>\n<p><img decoding=\"async\" src=\"https:\/\/www.hydraulic-cylinders.net\/wp-content\/uploads\/2025\/04\/songte-cylinder-head-with-all-kinds-excavator-models.webp\" alt=\"Hidraulinio cilindro galvut\u0117\" \/><\/p>\n<h2>Str\u0117l\u0117s cilindro pritaikymas<\/h2>\n<h3>Statybin\u0117 \u012franga<\/h3>\n<p>Statybin\u0117se ma\u0161inose, tokiose kaip ekskavatoriai, str\u0117l\u0117s cilindrai yra labai svarb\u016bs kasant, kraunant ir perkeliant \u017eem\u0119 ar \u0161iuk\u0161les. Sukurtas hidraulinis sl\u0117gis leid\u017eia tiksliai valdyti kau\u0161o jud\u0117jim\u0105, tod\u0117l lengviau efektyviai atlikti sunkias u\u017eduotis. Ekskavatoriniai krautuvai str\u0117l\u0117s cilindrus naudoja ne tik kasimo darbams, bet ir med\u017eiagoms kelti bei perkelti, taip padidindami bendr\u0105 veiklos na\u0161um\u0105.<\/p>\n<h3>\u017dem\u0117s \u016bkio technika<\/h3>\n<p>\u017dem\u0117s \u016bkio aplinkoje frontaliniai krautuvai su str\u0117l\u0117s cilindrais naudojami dirvo\u017eemiui, \u0161ienui ir kitoms med\u017eiagoms semti, kelti ir transportuoti. \u0160i\u0173 cilindr\u0173 geb\u0117jimas efektyviai atlikti u\u017eduotis, tokias kaip gr\u016bd\u0173 krovimas ar pa\u0161ar\u0173 perk\u0117limas, b\u016bt\u0173 atliktos greitai, o tai prisideda prie didesnio \u016bkio produktyvumo ir efektyvumo.<\/p>\n<h3>Ekskavatoriai<\/h3>\n<p>Ekskavatoriai kasimo veiksmams atlikti labai reikalingi str\u0117l\u0117s cilindrai. Hidraulin\u0117 sistema leid\u017eia kau\u0161ui efektyviai \u012fsiskverbti \u012f \u017eem\u0119, tod\u0117l galima greitai i\u0161kasti dirvo\u017eem\u012f ir kitas med\u017eiagas. \u0160i\u0173 cilindr\u0173 u\u017etikrinamas tikslumas ir galia yra b\u016btini norint laiku u\u017ebaigti projektus, taip pagerinant na\u0161um\u0105 statybviet\u0117je.<\/p>\n<h3>Krautuvai<\/h3>\n<p>Priekiniuose krautuvuose str\u0117l\u0117s cilindrai palengvina krovini\u0173 k\u0117lim\u0105 ir i\u0161vertim\u0105. \u0160i funkcija yra labai svarbi statybos ir med\u017eiag\u0173 tvarkymo darbams, u\u017etikrinant, kad med\u017eiagos b\u016bt\u0173 perkeliamos efektyviai ir saugiai. Krautuv\u0173 str\u0117l\u0117s cilindr\u0173 efektyvumas yra gyvybi\u0161kai svarbus \u012fvairiuose pramon\u0117s sektoriuose, \u012fskaitant statybas ir atliek\u0173 tvarkym\u0105.<\/p>\n<h2>Projektavimo aspektai ir atrankos kriterijai<\/h2>\n<ul>\n<li><strong>Keliamoji galia:<\/strong> Str\u0117l\u0117s cilindro keliamoji galia yra labai svarbus jo konstrukcijos veiksnys. Jis turi atlaikyti did\u017eiausi\u0105 numatom\u0105 svor\u012f eksploatacijos metu nerizikuodamas sugesti. Tam reikia kruop\u0161taus projektavimo, siekiant u\u017etikrinti, kad med\u017eiagos ir konstrukcijos metodai atitikt\u0173 konkre\u010di\u0173 pritaikym\u0173 reikalavimus.<\/li>\n<li><strong>Sandarinimas:<\/strong> Tinkamas sandarinimas yra b\u016btinas norint palaikyti hidraulin\u012f sl\u0117g\u012f ir i\u0161vengti nuot\u0117ki\u0173. Konstrukcijoje turi b\u016bti auk\u0161tos kokyb\u0117s sandarikliai, tokie kaip st\u016bmokli\u0173 ir kot\u0173 sandarikliai, pagaminti i\u0161 patvari\u0173 med\u017eiag\u0173, toki\u0173 kaip poliuretanas arba nitrilo kau\u010diukas. \u0160ie sandarikliai apsaugo nuo u\u017eter\u0161imo ir pailgina hidraulin\u0117s sistemos tarnavimo laik\u0105.<\/li>\n<li><strong>Patvarumas:<\/strong> Str\u0117l\u0117s cilindro ilgaam\u017ei\u0161kumui \u012ftakos turi naudojamos med\u017eiagos ir gamybos kokyb\u0117. Labai svarbu pasirinkti komponentus, kurie b\u016bt\u0173 atspar\u016bs nusid\u0117v\u0117jimui ir aplinkos veiksniams, siekiant u\u017etikrinti patikim\u0105 veikim\u0105 sud\u0117tingomis s\u0105lygomis.<\/li>\n<li><strong>Saugumas:<\/strong> Siekiant i\u0161vengti katastrofi\u0161k\u0173 gedim\u0173, \u012f konstrukcij\u0105 tur\u0117t\u0173 b\u016bti integruotos saugos funkcijos. Tai apima u\u017etikrinim\u0105, kad balionas gal\u0117t\u0173 atlaikyti netik\u0117tas apkrovas ir kad b\u016bt\u0173 \u012frengti saugos mechanizmai operatoriams apsaugoti eksploatacijos metu.<\/li>\n<li><strong>Prieinamumas prie prie\u017ei\u016bros:<\/strong> Konstrukcija tur\u0117t\u0173 b\u016bti tokia, kad b\u016bt\u0173 lengva pri\u017ei\u016br\u0117ti ir tikrinti. Tokios savyb\u0117s kaip nuimami galiniai dangteliai arba prieigos angos gali palengvinti \u012fprastinius patikrinimus ir remont\u0105, u\u017etikrinant, kad cilindras i\u0161likt\u0173 nepriekai\u0161tingos darbin\u0117s b\u016bkl\u0117s.<\/li>\n<\/ul>\n<p><img decoding=\"async\" src=\"https:\/\/www.hydraulic-cylinders.net\/wp-content\/uploads\/2025\/04\/songte-oil-pipes-and-spare-parts.webp\" alt=\"Hidraulin\u0117s alyvos vamzd\u017eiai ir atsargin\u0117s dalys\" \/><\/p>\n<h2>Str\u0117l\u0117s cilindr\u0173 sandarinimas ir tepimas<\/h2>\n<p>Efektyvus sandarinimas ir tepimas yra gyvybi\u0161kai svarb\u016bs str\u0117l\u0117s cilindr\u0173 veikimui ir ilgaam\u017ei\u0161kumui. \u012evair\u016bs sandarinimo komponentai, \u012fskaitant st\u016bmokli\u0173 ir stryp\u0173 sandariklius, atlieka lemiam\u0105 vaidmen\u012f palaikant hidraulin\u012f sl\u0117g\u012f. Sandarikliai paprastai gaminami i\u0161 atspari\u0173 dilimui med\u017eiag\u0173, toki\u0173 kaip poliuretanas ir nitrilo kau\u010diukas, kurios u\u017etikrina puik\u0173 patvarum\u0105 ir apsaug\u0105 nuo aplinkos poveikio. Be to, cilindro korpusas ir srieginiai galai yra kruop\u0161\u010diai apdorojami, siekiant padidinti atsparum\u0105 dilimui ir u\u017etikrinti sandarum\u0105.<\/p>\n<p>Reguliarus tepimas yra b\u016btinas siekiant suma\u017einti trint\u012f ir dilim\u0105 hidraulin\u0117je sistemoje. B\u016btina periodi\u0161kai u\u017epildyti cilindr\u0105 tinkama hidrauline alyva, kad b\u016bt\u0173 i\u0161laikytas optimalus veikimas. Tepimo nepaisymas gali sukelti prie\u0161laikin\u012f susid\u0117v\u0117jim\u0105 ir gedimus, d\u0117l to gali prireikti brangaus remonto ir prastov\u0173.<\/p>\n<h2>Reguliarus patikrinimas ir prevencin\u0117 prie\u017ei\u016bra<\/h2>\n<ul>\n<li><strong>Reguliar\u016bs patikrinimai:<\/strong> Reik\u0117t\u0173 reguliariai atlikti patikrinimus, siekiant patikrinti, ar n\u0117ra susid\u0117v\u0117jimo, nuot\u0117ki\u0173 ar pa\u017eeidim\u0173 po\u017eymi\u0173. Ankstyvas problem\u0173 nustatymas leid\u017eia laiku atlikti remont\u0105 ir u\u017etikrina saug\u0173 eksploatavim\u0105.<\/li>\n<li><strong>Tinkamas tepimas:<\/strong> Tepimas turi b\u016bti atliekamas pagal gamintojo rekomendacijas. U\u017etikrinus, kad hidraulin\u0117 alyva b\u016bt\u0173 \u0161vari ir tinkamo lygio, bus i\u0161vengta eksploatacini\u0173 problem\u0173 ir pailgintas cilindro tarnavimo laikas.<\/li>\n<li><strong>Sandariklio keitimas:<\/strong> Tarpikliai tur\u0117t\u0173 b\u016bti pakeisti, kai atsiranda susid\u0117v\u0117jimo po\u017eymi\u0173. Tinkamai veikiantys tarpikliai yra labai svarb\u016bs hidraulin\u0117s sistemos efektyvumui, nes jie apsaugo nuo alyvos nuot\u0117kio ir palaiko sl\u0117g\u012f.<\/li>\n<\/ul>\n<h2>Str\u0117l\u0117s cilindr\u0173 montavimo gair\u0117s<\/h2>\n<p>Tinkamas str\u0117l\u0117s cilindr\u0173 montavimas yra b\u016btinas optimaliam veikimui. Montavimo metu \u012fsitikinkite, kad cilindras yra tinkamai sulygiuotas; neteisingas sulygiavimas gali sukelti prie\u0161laikin\u012f susid\u0117v\u0117jim\u0105 ir gedim\u0105. Rekomenduojama naudoti tinkamus tvirtinimo laikiklius, kad cilindras b\u016bt\u0173 pritvirtintas vietoje ir nejud\u0117t\u0173 ar vibruot\u0173, o tai gal\u0117t\u0173 sukelti \u017eal\u0105.<\/p>\n<p>Montuodami atid\u017eiai atkreipkite d\u0117mes\u012f \u012f sukimo momento specifikacijas, kad i\u0161vengtum\u0117te perver\u017eimo, nes tai gali pakenkti cilindro vientisumui. \u012esitikinkite, kad visos hidraulin\u0117s jungtys yra tvirtos ir be nuot\u0117ki\u0173, ir prie\u0161 naudodami patikrinkite, ar hidraulinio skys\u010dio lygis yra tinkamas. Vadovaujantis gamintojo montavimo gair\u0117mis, pailg\u0117s str\u0117l\u0117s cilindro tarnavimo laikas ir bus efektyvesnis.<\/p>\n<h2>Str\u0117l\u0117s cilindr\u0173 prie\u017ei\u016bros u\u017eduotys<\/h2>\n<ul>\n<li><strong>Reguliarus steb\u0117jimas:<\/strong> Reguliariai tikrinkite hidraulin\u0119 sistem\u0105 ir cilindrus, ar n\u0117ra susid\u0117v\u0117jimo, nuot\u0117ki\u0173 ar pa\u017eeidim\u0173 po\u017eymi\u0173. Nedelsdami nustatykite ir spr\u0119skite problemas, kad i\u0161vengtum\u0117te tolesni\u0173 komplikacij\u0173.<\/li>\n<li><strong>Tinkamas tepimas:<\/strong> Laikykit\u0117s tinkam\u0173 tepimo interval\u0173 ir u\u017etikrinkite, kad b\u016bt\u0173 naudojama auk\u0161tos kokyb\u0117s hidraulin\u0117 alyva. Reguliarus tepimas suma\u017eina trint\u012f ir susid\u0117v\u0117jim\u0105, pagerindamas hidraulini\u0173 komponent\u0173 veikim\u0105.<\/li>\n<li><strong>Sandariklio keitimas:<\/strong> Steb\u0117kite sandariklius, ar n\u0117ra susid\u0117v\u0117jimo po\u017eymi\u0173, ir prireikus juos pakeiskite, kad i\u0161vengtum\u0117te nuot\u0117ki\u0173 ir palaikytum\u0117te hidraulin\u012f sl\u0117g\u012f. Tai labai svarbu norint i\u0161laikyti cilindro efektyvum\u0105.<\/li>\n<\/ul>\n<h2>Saugos aspektai ir aplinkos veiksniai<\/h2>\n<p>Dirbant su hidraulin\u0117mis sistemomis, saugos priemon\u0117s yra nepaprastai svarbios. Operatoriai tur\u0117t\u0173 b\u016bti apmokyti suprasti su hidraulin\u0117mis ma\u0161inomis susijusi\u0105 rizik\u0105, \u012fskaitant galim\u0105 staig\u0173 sl\u0117gio i\u0161leidim\u0105 ar nuot\u0117k\u012f. Tinkam\u0173 saugos protokol\u0173, pavyzd\u017eiui, asmenini\u0173 apsaugos priemoni\u0173 (AAP) naudojimo ir tinkamo mokymo, \u012fgyvendinimas padeda suma\u017einti rizik\u0105.<\/p>\n<p>Taip pat reik\u0117t\u0173 atsi\u017evelgti \u012f aplinkosaugos aspektus. Tinkamas hidraulini\u0173 skys\u010di\u0173 tvarkymas ir \u0161alinimas suma\u017eina poveik\u012f aplinkai ir atitinka reglamentus. Reguliarus techninis aptarnavimas ir savalaikis remontas yra b\u016btini saugiam darbui \u012fvairiomis aplinkos s\u0105lygomis.<\/p>\n<h2>Da\u017eniausiai pasitaikan\u010di\u0173 problem\u0173 \u0161alinimas<\/h2>\n<ul>\n<li><strong>Hidrauliniai nuot\u0117kiai:<\/strong> Nuot\u0117kiai gali atsirasti d\u0117l susid\u0117v\u0117jusi\u0173 sandarikli\u0173 arba pa\u017eeist\u0173 \u017earn\u0173. Nedelsdami patikrinkite ir pakeiskite visas pa\u017eeistas dalis.<\/li>\n<li><strong>Galios praradimas:<\/strong> Jei cilindras neveikia pakankamai stipriai, patikrinkite, ar n\u0117ra \u017eemo hidraulinio skys\u010dio lygio ir ar n\u0117ra galim\u0173 u\u017esikim\u0161im\u0173 hidraulin\u0117se linijose.<\/li>\n<li><strong>Nenuoseklus jud\u0117jimas:<\/strong> Tai gali atsirasti d\u0117l oro hidraulin\u0117je sistemoje arba d\u0117l nepakankamo tepimo. I\u0161leiskite or\u0105 i\u0161 hidraulin\u0117s sistemos ir u\u017etikrinkite tinkam\u0105 tepimo lyg\u012f.<\/li>\n<\/ul>\n<h2>Patarimai, kaip efektyviai spr\u0119sti problemas<\/h2>\n<p>Norint efektyviai diagnozuoti ir i\u0161spr\u0119sti hidraulikos problemas, visada prad\u0117kite nuo kruop\u0161taus patikrinimo. Sistemoje ie\u0161kokite matom\u0173 susid\u0117v\u0117jimo, nuot\u0117ki\u0173 ar u\u017esikim\u0161im\u0173 po\u017eymi\u0173. Reguliarus techninis aptarnavimas yra labai svarbus siekiant u\u017ekirsti keli\u0105 problemoms, kol jos nepa\u016bm\u0117jo. Technin\u0117s prie\u017ei\u016bros darb\u0173 ir steb\u0117jim\u0173 \u017eurnalas gali pad\u0117ti nustatyti modelius ir pasikartojan\u010dias problemas.<\/p>\n<p>\u012egyvendinant prevencines priemones, tokias kaip \u012fprasti patikrinimai ir savalaikis remontas, sutrump\u0117ja prastova ir u\u017etikrinamas efektyvus hidraulini\u0173 sistem\u0173 veikimas. Visada perskaitykite gamintojo rekomendacijas, kad gautum\u0117te konkre\u010di\u0173 patarim\u0173 d\u0117l trik\u010di\u0173 \u0161alinimo ir rekomenduojamos praktikos.<\/p>\n<p><img decoding=\"async\" src=\"https:\/\/www.hydraulic-cylinders.net\/wp-content\/uploads\/2025\/04\/songte-bushings-with-all-kinds-of-excavator-models.webp\" alt=\"Ekskavatori\u0173 modeli\u0173 \u012fvor\u0117s\" \/><\/p>\n<h2>Apie m\u016bs\u0173 \u012fmon\u0119<\/h2>\n<p>Specializuojam\u0117s pakaitini\u0173 hidraulini\u0173 cilindr\u0173 gamyboje ir \u012fsitvirtinome kaip pirmaujantis gamintojas ir didmeninis platintojas tiek vidaus, tiek tarptautin\u0117se rinkose. M\u016bs\u0173 \u012fsipareigojimas siekti meistri\u0161kumo atsispindi tiksliose gamybos valdymo strategijose ir pa\u017eangi\u0173 technologij\u0173 bei auk\u0161\u010diausios klas\u0117s \u012frangos naudojime.<\/p>\n<p>Tur\u0117dami kvalifikuot\u0173 specialist\u0173 komand\u0105 ir d\u0117mes\u012f kokybei, nuolat tobuliname savo gamybos platform\u0105, kad patenkintume \u012fvairius klient\u0173 poreikius. M\u016bs\u0173 tarptautiniai sertifikatai ir individualios paslaugos dar labiau sustiprina m\u016bs\u0173 reputacij\u0105 pramon\u0117je, u\u017etikrindami, kad patenkiname ir vir\u0161ijame klient\u0173 l\u016bkes\u010dius.<\/p>\n<p>Did\u017eiuojam\u0117s gal\u0117dami u\u017etikrinti auk\u0161t\u0105 kiekvieno m\u016bs\u0173 gaminamo produkto efektyvum\u0105, tikslum\u0105 ir kokyb\u0119, u\u017etikrindami, kad m\u016bs\u0173 klientai gaut\u0173 geriausius \u012fmanomus hidraulinius sprendimus.<\/p>\n<p><img decoding=\"async\" src=\"https:\/\/www.hydraulic-cylinders.net\/wp-content\/uploads\/2025\/04\/songte-company-4.webp\" alt=\"\u012emon\u0117s ap\u017evalga\" \/><br \/>\n<img decoding=\"async\" src=\"https:\/\/www.hydraulic-cylinders.net\/wp-content\/uploads\/2025\/04\/songte-company-3.webp\" alt=\"\u012emon\u0117s gamyba\" \/><\/p>\n<p>Autorius: lyl<\/p>","protected":false},"excerpt":{"rendered":"<p>Boom Cylinder For Carter CT45-7B Introduction to Boom Cylinders The Boom Cylinder is a specialized hydraulic cylinder designed for controlling the motion of buckets in heavy machinery such as excavators, backhoe loaders, and front-end loaders. This vital component enables the lifting, lowering, and tilting of the bucket, which is essential for efficient material handling tasks. [&hellip;]<\/p>","protected":false},"featured_media":17872,"comment_status":"open","ping_status":"closed","template":"","meta":{"_et_pb_use_builder":"","_et_pb_old_content":"","_et_gb_content_width":""},"product_brand":[],"product_cat":[1546],"product_tag":[1547,1496],"class_list":{"0":"post-19519","1":"product","2":"type-product","3":"status-publish","4":"has-post-thumbnail","6":"product_cat-boom-cylinders","7":"product_tag-boom-cylinders","8":"product_tag-hydraulic-cylinders","10":"first","11":"instock","12":"shipping-taxable","13":"product-type-simple"},"amp_enabled":true,"_links":{"self":[{"href":"https:\/\/www.hydraulic-cylinders.net\/lt\/wp-json\/wp\/v2\/product\/19519","targetHints":{"allow":["GET"]}}],"collection":[{"href":"https:\/\/www.hydraulic-cylinders.net\/lt\/wp-json\/wp\/v2\/product"}],"about":[{"href":"https:\/\/www.hydraulic-cylinders.net\/lt\/wp-json\/wp\/v2\/types\/product"}],"replies":[{"embeddable":true,"href":"https:\/\/www.hydraulic-cylinders.net\/lt\/wp-json\/wp\/v2\/comments?post=19519"}],"wp:featuredmedia":[{"embeddable":true,"href":"https:\/\/www.hydraulic-cylinders.net\/lt\/wp-json\/wp\/v2\/media\/17872"}],"wp:attachment":[{"href":"https:\/\/www.hydraulic-cylinders.net\/lt\/wp-json\/wp\/v2\/media?parent=19519"}],"wp:term":[{"taxonomy":"product_brand","embeddable":true,"href":"https:\/\/www.hydraulic-cylinders.net\/lt\/wp-json\/wp\/v2\/product_brand?post=19519"},{"taxonomy":"product_cat","embeddable":true,"href":"https:\/\/www.hydraulic-cylinders.net\/lt\/wp-json\/wp\/v2\/product_cat?post=19519"},{"taxonomy":"product_tag","embeddable":true,"href":"https:\/\/www.hydraulic-cylinders.net\/lt\/wp-json\/wp\/v2\/product_tag?post=19519"}],"curies":[{"name":"wp","href":"https:\/\/api.w.org\/{rel}","templated":true}]}}