{"id":19520,"date":"2025-04-07T06:52:01","date_gmt":"2025-04-07T06:52:01","guid":{"rendered":"https:\/\/www.hydraulic-cylinders.net\/product\/boom-cylinder-for-carter-ct70-8g\/"},"modified":"2025-04-07T06:52:03","modified_gmt":"2025-04-07T06:52:03","slug":"boom-cylinder-for-carter-ct70-8g","status":"publish","type":"product","link":"https:\/\/www.hydraulic-cylinders.net\/lt\/produktas\/boom-cylinder-for-carter-ct70-8g\/","title":{"rendered":"Str\u0117l\u0117s cilindras Carter CT70-8G"},"content":{"rendered":"<h1>Str\u0117l\u0117s cilindras Carter CT70-8G<\/h1>\n<h2>Kau\u0161o cilindro supratimas<\/h2>\n<p>\u201eCarter CT70-8G\u201c str\u0117l\u0117s cilindras yra specializuotas hidraulinis cilindras, skirtas valdyti kau\u0161\u0173 jud\u0117jim\u0105 sunkiosiose technikose, tokiose kaip ekskavatoriai, ekskavatoriniai krautuvai ir frontaliniai krautuvai. \u0160is hidraulinis komponentas leid\u017eia kau\u0161ui pakilti, nuleisti ir pakreipti, taip palengvinant efektyv\u0173 med\u017eiag\u0173 tvarkym\u0105. Kau\u0161o cilindras atlieka labai svarb\u0173 vaidmen\u012f hidraulin\u0117se sistemose, naudodamas susl\u0117gt\u0105 skyst\u012f, kad u\u017etikrint\u0173 tiksl\u0173 valdym\u0105 ir galingus judesius, reikalingus \u012fvairioms statybos ir \u017eem\u0117s \u016bkio u\u017eduotims.<\/p>\n<p><img decoding=\"async\" src=\"https:\/\/www.hydraulic-cylinders.net\/wp-content\/uploads\/2025\/04\/songte-company-1.webp\" alt=\"Str\u0117l\u0117s cilindro vaizdas\"><\/p>\n<h3>Pagrindin\u0117s savyb\u0117s<\/h3>\n<ul>\n<li><strong>Didelis stiprumas ir ilgaam\u017ei\u0161kumas:<\/strong> Pagaminti i\u0161 didelio stiprumo plieno arba aliuminio, \u0161ie cilindrai gali atlaikyti auk\u0161t\u0105 sl\u0117g\u012f ir dideles apkrovas, tinkami at\u0161iaurioms darbo aplinkoms ir u\u017etikrina ilgalaik\u012f patvarum\u0105.<\/li>\n<li><strong>Efektyvus hidraulinis valdymas:<\/strong> Cilindras naudoja hidraulin\u0117s alyvos sl\u0117g\u012f, kad skland\u017eiai i\u0161skleist\u0173 ir atitraukt\u0173, greitai reaguot\u0173 \u012f valdymo komandas ir u\u017etikrint\u0173 galingas st\u016bmimo bei traukimo j\u0117gas, b\u016btinas sunkioms ir sud\u0117tingoms u\u017eduotims atlikti.<\/li>\n<li><strong>\u012evair\u016bs tipai:<\/strong> Galima rinktis vienpusio veikimo (veikia viena kryptimi) ir dvipusio veikimo (veikia abiem kryptimis) variantus, tod\u0117l galima pritaikyti pagal eksploatacinius poreikius, o kai kurie modeliai sukurti teleskopiniam i\u0161st\u016bmimui, kad b\u016bt\u0173 didesnis pasiekiamumas ribotose erdv\u0117se.<\/li>\n<\/ul>\n<p>Mes gaminame \u0161\u012f gamin\u012f, o m\u016bs\u0173 cilindrai gali puikiai pakeisti \u012fvairius hidraulinius cilindrus.<\/p>\n<p><img decoding=\"async\" src=\"https:\/\/www.hydraulic-cylinders.net\/wp-content\/uploads\/2025\/04\/songte-cylinder-head-with-all-kinds-excavator-models.webp\" alt=\"Hidraulinio cilindro keitimas\"><\/p>\n<h2>Str\u0117l\u0117s cilindro pritaikymas<\/h2>\n<h3>Statybin\u0117 \u012franga<\/h3>\n<p>Ekskavatoriuose str\u0117l\u0117s cilindrai yra b\u016btini kasant, kraunant ir perkeliant \u017eem\u0119 ar \u0161iuk\u0161les. Jie atlieka gyvybi\u0161kai svarb\u0173 vaidmen\u012f tiek kasant, tiek keliant ekskavatoriuose-krautuvuose, u\u017etikrindami skland\u0173 darbo efektyvum\u0105.<\/p>\n<h3>\u017dem\u0117s \u016bkio technika<\/h3>\n<p>Priekiniuose krautuvuose naudojami str\u0117l\u0117s cilindrai yra labai svarb\u016bs dirvo\u017eemio, \u0161ieno ir kit\u0173 med\u017eiag\u0173 k\u0117limui, k\u0117limui ir transportavimui. Jie suteikia reikiam\u0105 j\u0117g\u0105, kad b\u016bt\u0173 galima efektyviai atlikti \u012fvairias \u017eem\u0117s \u016bkio u\u017eduotis.<\/p>\n<h3>Ekskavatoriai<\/h3>\n<p>Str\u0117l\u0117s cilindrai leid\u017eia kau\u0161ui \u012fsiskverbti \u012f dirv\u0105 kasimo metu, tod\u0117l operatoriai gali kasti giliau ir efektyviau, o tai labai svarbu statyboms ir aik\u0161tel\u0117s paruo\u0161imui.<\/p>\n<h3>Krautuvai<\/h3>\n<p>Priekiniuose krautuvuose \u0161ie cilindrai padeda kelti ir i\u0161versti krovinius, optimizuodami med\u017eiag\u0173 tvarkym\u0105 ir gerindami na\u0161um\u0105 darbo vietose.<\/p>\n<h2>Projektavimo aspektai ir atrankos kriterijai<\/h2>\n<h3>Keliamoji galia<\/h3>\n<p>Renkantis str\u0117l\u0117s cilindr\u0105, labai svarbu atsi\u017evelgti \u012f jo keliam\u0105j\u0105 gali\u0105, kuri lemia, kiek svorio cilindras gali saugiai atlaikyti. Tinkamai \u012fvertintas cilindras u\u017etikrina eksploatavimo saug\u0105 ir efektyvum\u0105, apsaugodamas nuo gedim\u0173 dirbant su didele apkrova.<\/p>\n<h3>Sandarinimas<\/h3>\n<p>Sandarinimas yra dar vienas labai svarbus aspektas, nes auk\u0161tos kokyb\u0117s sandarikliai apsaugo nuo skys\u010di\u0173 nuot\u0117kio ir u\u017eter\u0161imo, u\u017etikrindami hidraulin\u0117s sistemos ilgaam\u017ei\u0161kum\u0105 ir patikimum\u0105. Sandarinimo med\u017eiag\u0173 pasirinkimas turi \u012ftakos na\u0161umui, ypa\u010d sud\u0117tingomis s\u0105lygomis.<\/p>\n<h3>Patvarumas<\/h3>\n<p>Hidrauliniams cilindrams, veikiantiems sud\u0117tingomis s\u0105lygomis, ilgaam\u017ei\u0161kumas yra labai svarbus. Reik\u0117t\u0173 atsi\u017evelgti \u012f tokius veiksnius kaip atsparumas dilimui ir korozijai, nes \u0161ie elementai tiesiogiai veikia cilindro tarnavimo laik\u0105 ir na\u0161um\u0105.<\/p>\n<h3>Saugumas<\/h3>\n<p>Saugos priemon\u0117s, tokios kaip sl\u0117gio ma\u017einimo vo\u017etuvai ir tvirta konstrukcija, yra gyvybi\u0161kai svarbios siekiant i\u0161vengti nelaiming\u0173 atsitikim\u0173 ir su\u017ealojim\u0173 eksploatacijos metu. U\u017etikrinti, kad \u0161ios funkcijos b\u016bt\u0173 \u012fdiegtos ir veikt\u0173, yra b\u016btina bet kurioje hidraulin\u0117je sistemoje.<\/p>\n<h3>Prie\u017ei\u016bra<\/h3>\n<p>Dar vienas svarbus veiksnys yra lengva prie\u017ei\u016bra. Pasirinkus cilindrus, kuriuos galima lengvai ap\u017ei\u016br\u0117ti, sutepti ir pakeisti dalis, suma\u017e\u0117s prastovas ir prie\u017ei\u016bros i\u0161laidos, taip padidinant bendr\u0105 na\u0161um\u0105.<\/p>\n<p><img decoding=\"async\" src=\"https:\/\/www.hydraulic-cylinders.net\/wp-content\/uploads\/2025\/04\/songte-oil-pipes-and-spare-parts.webp\" alt=\"Naftos vamzd\u017eiai ir atsargin\u0117s dalys\"><\/p>\n<h2>Sandarinimas ir tepimas<\/h2>\n<p>Tinkamas sandarinimas ir tepimas yra b\u016btini hidraulini\u0173 cilindr\u0173 ilgaam\u017ei\u0161kumui ir efektyvumui. Skys\u010dio vientisumui palaikyti naudojami \u012fvair\u016bs sandarikliai, pavyzd\u017eiui, st\u016bmokli\u0173 ir kot\u0173 sandarikliai. I\u0161 patvari\u0173 med\u017eiag\u0173, toki\u0173 kaip poliuretanas ir nitrilo kau\u010diukas, pagaminti sandarikliai padidina atsparum\u0105 dilimui. Be to, cilindro korpusas ir srieginiai galai yra kruop\u0161\u010diai apdorojami, siekiant padidinti atsparum\u0105 dilimui. Norint u\u017etikrinti skland\u0173 veikim\u0105 ir i\u0161vengti dilimo, b\u016btina reguliariai tepti hidrauline alyva.<\/p>\n<h2>Prevencin\u0117s prie\u017ei\u016bros priemon\u0117s<\/h2>\n<ul>\n<li>Reguliariai tikrinkite hidraulines linijas ir jungtis, ar n\u0117ra nuot\u0117ki\u0173.<\/li>\n<li>\u012esitikinkite, kad sandarikliai yra geros b\u016bkl\u0117s, ir prireikus juos pakeiskite.<\/li>\n<li>Steb\u0117kite hidraulinio skys\u010dio lyg\u012f ir kokyb\u0119; prireikus papildykite arba pakeiskite.<\/li>\n<\/ul>\n<h2>\u012erengimo gair\u0117s<\/h2>\n<p>Str\u0117l\u0117s cilindro montavimas reikalauja tikslumo, kad b\u016bt\u0173 u\u017etikrintas optimalus veikimas. Pirmiausia \u012fsitikinkite, kad darbo vieta yra laisva ir yra reikalingi \u012frankiai. Sulygiuokite cilindr\u0105 su tvirtinimo laikikliais, u\u017etikrindami, kad visi var\u017etai ir jungiamosios detal\u0117s b\u016bt\u0173 tinkamai i\u0161d\u0117stytos. Naudokite tinkamus tvirtinimo laikiklius, kad tvirtai pritvirtintum\u0117te cilindr\u0105. \u012edieg\u0119, prie\u0161 paleisdami \u012frang\u0105, patikrinkite, ar jis suderintas ir veikia. Reguliar\u016bs patikrinimai po \u012frengimo pad\u0117s anksti nustatyti bet kokias problemas.<\/p>\n<h2>\u012eprastos prie\u017ei\u016bros u\u017eduotys<\/h2>\n<h3>Reguliar\u016bs patikrinimai<\/h3>\n<p>Reguliar\u016bs patikrinimai yra labai svarb\u016bs norint nustatyti galimas problemas, kol jos nepa\u016bm\u0117jo. Patikrinkite, ar n\u0117ra susid\u0117v\u0117jimo, nuot\u0117ki\u0173 ar pa\u017eeidim\u0173, kurie gal\u0117t\u0173 sutrikdyti veikim\u0105. \u0160i\u0173 patikrinim\u0173 grafiko laikymasis gali pad\u0117ti atlikti aktyvi\u0105 technin\u0119 prie\u017ei\u016br\u0105 ir suma\u017einti nenumatyt\u0173 prastov\u0173 laik\u0105.<\/p>\n<h3>Tinkamas tepimas<\/h3>\n<p>Tinkamas tepimas yra labai svarbus norint u\u017etikrinti skland\u0173 hidraulinio cilindro veikim\u0105. \u012esitikinkite, kad hidraulin\u0117s alyvos lygis yra rekomenduojamas, ir tepkite j\u0105 nuosekliai, kad i\u0161vengtum\u0117te trinties ir dilimo tarp judan\u010di\u0173 dali\u0173. Reguliarus tepimas prailgins cilindro tarnavimo laik\u0105.<\/p>\n<h3>Sandariklio keitimas<\/h3>\n<p>Tarpikli\u0173 keitimas yra labai svarbus norint i\u0161laikyti sistemos vientisum\u0105. Laikui b\u0117gant, sandarikliams susid\u0117v\u0117jus, jie gali sukelti nuot\u0117kius ir suma\u017einti na\u0161um\u0105. Reguliarus sandarikli\u0173 keitimas pad\u0117s i\u0161laikyti optimal\u0173 veikim\u0105 ir i\u0161vengti hidraulinio skys\u010dio praradimo.<\/p>\n<p><img decoding=\"async\" src=\"https:\/\/www.hydraulic-cylinders.net\/wp-content\/uploads\/2025\/04\/songte-chushion-collar.webp\" alt=\"Pagalv\u0117l\u0117s apykakl\u0117s vaizdas\"><\/p>\n<h2>Saugos aspektai ir aplinkos veiksniai<\/h2>\n<p>Dirbant su hidraulin\u0117mis sistemomis, saugos priemon\u0117s yra nepaprastai svarbios. Visada laikykit\u0117s gamintojo nurodym\u0173 ir naudokite saugos priemones, kad i\u0161vengtum\u0117te nelaiming\u0173 atsitikim\u0173. Be to, atsi\u017evelkite \u012f hidraulini\u0173 skys\u010di\u0173 poveik\u012f aplinkai ir \u012fdiekite perdirbimo bei \u0161alinimo metodus, kurie suma\u017eint\u0173 \u017eal\u0105 aplinkai.<\/p>\n<h2>Da\u017eniausiai pasitaikan\u010di\u0173 problem\u0173 \u0161alinimas<\/h2>\n<ul>\n<li><strong>Nuot\u0117kis:<\/strong> Patikrinkite sandariklius ir jungiam\u0105sias detales, ar n\u0117ra pa\u017eeidim\u0173; prireikus pakeiskite.<\/li>\n<li><strong>Nereaguojantis veiksmas:<\/strong> \u012esitikinkite, kad hidraulinio skys\u010dio lygis yra pakankamas, ir patikrinkite, ar sistemoje n\u0117ra u\u017esikim\u0161im\u0173.<\/li>\n<li><strong>Per didelis triuk\u0161mas:<\/strong> Patikrinkite, ar sistemoje n\u0117ra oro arba susid\u0117v\u0117jusi\u0173 komponent\u0173; i\u0161leiskite or\u0105 i\u0161 sistemos ir prireikus pakeiskite pa\u017eeistas dalis.<\/li>\n<\/ul>\n<h2>Trik\u010di\u0173 \u0161alinimo patarimai<\/h2>\n<p>Efektyvus trik\u010di\u0173 \u0161alinimas apima sistemingus hidraulin\u0117s sistemos patikrinimus. Prad\u0117kite nuo bet koki\u0173 ne\u012fprast\u0173 simptom\u0173 nustatymo ir j\u0173 galim\u0173 prie\u017eas\u010di\u0173 atsekimo. \u012egyvendinkite prevencines priemones, pvz., reguliari\u0105 technin\u0119 prie\u017ei\u016br\u0105 ir patikrinimus, kad suma\u017eintum\u0117te da\u017eniausiai pasitaikan\u010dias problemas ir u\u017etikrintum\u0117te ilgalaik\u012f patikimum\u0105 bei efektyvum\u0105.<\/p>\n<p><img decoding=\"async\" src=\"https:\/\/www.hydraulic-cylinders.net\/wp-content\/uploads\/2025\/04\/songte-bushings-with-all-kinds-of-excavator-models.webp\" alt=\"\u012evori\u0173 vaizdas\"><\/p>\n<h2>Apie m\u016bs\u0173 \u012fmon\u0119<\/h2>\n<p>Esame pirmaujantis pakaitini\u0173 hidraulini\u0173 cilindr\u0173 gamintojas, si\u016blantis plat\u0173 gamini\u0173 asortiment\u0105 vidaus ir tarptautin\u0117se rinkose. M\u016bs\u0173 \u012fsipareigojimas siekti meistri\u0161kumo akivaizdus i\u0161 rafinuot\u0173 gamybos strategij\u0173 ir pa\u017eangios skaitmenin\u0117s gamybos \u012frangos bei profesionali\u0173 bandym\u0173 sistem\u0173 naudojimo. Didel\u012f d\u0117mes\u012f skirdami kokybei, m\u016bs\u0173 produktai yra sukurti taip, kad efektyviai patenkint\u0173 \u012fvairius klient\u0173 poreikius.<\/p>\n<h3>Ekspertiz\u0117<\/h3>\n<p>M\u016bs\u0173 komandos patirtis projektuojant ir gaminant hidraulinius cilindrus u\u017etikrina auk\u0161tus standartus ir na\u0161umo patikimum\u0105.<\/p>\n<h3>Tarptautiniai sertifikatai<\/h3>\n<p>Laikom\u0117s tarptautini\u0173 standart\u0173, tod\u0117l u\u017etikriname, kad m\u016bs\u0173 produktai atitikt\u0173 grie\u017etus kokyb\u0117s ir saugos reikalavimus.<\/p>\n<h3>Individual\u016bs u\u017esakymai<\/h3>\n<p>Si\u016blome individualiai pritaikytus sprendimus, pritaikytus konkretiems klient\u0173 reikalavimams, padidindami pritaikymo lankstum\u0105.<\/p>\n<h3>Pa\u017eangi gamybos \u012franga<\/h3>\n<p>M\u016bs\u0173 moderniausi gamybos \u012frenginiai leid\u017eia u\u017etikrinti tiksli\u0105 gamyb\u0105 ir kokyb\u0119.<\/p>\n<h3>Aptarnavimas po pardavimo<\/h3>\n<p>Teikiame visapusi\u0161k\u0105 garantin\u012f aptarnavim\u0105, siekdami u\u017etikrinti klient\u0173 pasitenkinim\u0105 ir produkto patikimum\u0105.<\/p>\n<p><img decoding=\"async\" src=\"https:\/\/www.hydraulic-cylinders.net\/wp-content\/uploads\/2025\/04\/songte-company-4.webp\" alt=\"\u012emon\u0117s \u012fvaizdis\"><br \/>\n<img decoding=\"async\" src=\"https:\/\/www.hydraulic-cylinders.net\/wp-content\/uploads\/2025\/04\/songte-company-3.webp\" alt=\"\u012emon\u0117s \u012fvaizdis\"><\/p>\n<p>Autorius lyl<\/p>","protected":false},"excerpt":{"rendered":"<p>Boom Cylinder For Carter CT70-8G Understanding the Bucket Cylinder The Boom Cylinder for Carter CT70-8G is a specialized hydraulic cylinder designed to control the movement of buckets in heavy machinery such as excavators, backhoe loaders, and front loaders. This hydraulic component allows the bucket to lift, lower, and tilt, facilitating the efficient handling of materials. [&hellip;]<\/p>","protected":false},"featured_media":17873,"comment_status":"open","ping_status":"closed","template":"","meta":{"_et_pb_use_builder":"","_et_pb_old_content":"","_et_gb_content_width":""},"product_brand":[],"product_cat":[1546],"product_tag":[1547,1496],"class_list":{"0":"post-19520","1":"product","2":"type-product","3":"status-publish","4":"has-post-thumbnail","6":"product_cat-boom-cylinders","7":"product_tag-boom-cylinders","8":"product_tag-hydraulic-cylinders","10":"first","11":"instock","12":"shipping-taxable","13":"product-type-simple"},"amp_enabled":true,"_links":{"self":[{"href":"https:\/\/www.hydraulic-cylinders.net\/lt\/wp-json\/wp\/v2\/product\/19520","targetHints":{"allow":["GET"]}}],"collection":[{"href":"https:\/\/www.hydraulic-cylinders.net\/lt\/wp-json\/wp\/v2\/product"}],"about":[{"href":"https:\/\/www.hydraulic-cylinders.net\/lt\/wp-json\/wp\/v2\/types\/product"}],"replies":[{"embeddable":true,"href":"https:\/\/www.hydraulic-cylinders.net\/lt\/wp-json\/wp\/v2\/comments?post=19520"}],"wp:featuredmedia":[{"embeddable":true,"href":"https:\/\/www.hydraulic-cylinders.net\/lt\/wp-json\/wp\/v2\/media\/17873"}],"wp:attachment":[{"href":"https:\/\/www.hydraulic-cylinders.net\/lt\/wp-json\/wp\/v2\/media?parent=19520"}],"wp:term":[{"taxonomy":"product_brand","embeddable":true,"href":"https:\/\/www.hydraulic-cylinders.net\/lt\/wp-json\/wp\/v2\/product_brand?post=19520"},{"taxonomy":"product_cat","embeddable":true,"href":"https:\/\/www.hydraulic-cylinders.net\/lt\/wp-json\/wp\/v2\/product_cat?post=19520"},{"taxonomy":"product_tag","embeddable":true,"href":"https:\/\/www.hydraulic-cylinders.net\/lt\/wp-json\/wp\/v2\/product_tag?post=19520"}],"curies":[{"name":"wp","href":"https:\/\/api.w.org\/{rel}","templated":true}]}}