{"id":19521,"date":"2025-04-07T06:52:03","date_gmt":"2025-04-07T06:52:03","guid":{"rendered":"https:\/\/www.hydraulic-cylinders.net\/product\/boom-cylinder-for-carter-ct85-8a-8b\/"},"modified":"2025-04-07T06:52:06","modified_gmt":"2025-04-07T06:52:06","slug":"boom-cylinder-for-carter-ct85-8a-8b","status":"publish","type":"product","link":"https:\/\/www.hydraulic-cylinders.net\/lt\/produktas\/boom-cylinder-for-carter-ct85-8a-8b\/","title":{"rendered":"Str\u0117l\u0117s cilindras Carter CT85-8A-8B"},"content":{"rendered":"<h1>Str\u0117l\u0117s cilindras Carter CT85-8A-8B<\/h1>\n<h2>\u012evadas \u012f str\u0117l\u0117s cilindrus<\/h2>\n<p>The <strong>Str\u0117l\u0117s cilindras<\/strong> yra labai svarbus hidraulini\u0173 sistem\u0173 komponentas, specialiai sukurtas valdyti kau\u0161\u0173 jud\u0117jim\u0105 \u012fvairiose sunkiosiose ma\u0161inose, tokiose kaip ekskavatoriai, ekskavatoriniai krautuvai ir frontaliniai krautuvai. \u0160ie cilindrai leid\u017eia kau\u0161\u0105 pakelti, nuleisti ir pakreipti, o tai palengvina med\u017eiag\u0173 tvarkymo u\u017eduotis. Str\u0117l\u0117s cilindr\u0173 funkcionalumas yra b\u016btinas efektyviam ir veiksmingam darbui statybos ir \u017eem\u0117s kasimo projektuose.<\/p>\n<p><img decoding=\"async\" src=\"https:\/\/www.hydraulic-cylinders.net\/wp-content\/uploads\/2025\/04\/songte-company-1.webp\" alt=\"Str\u0117l\u0117s cilindras\" \/><\/p>\n<h3>Kas yra str\u0117l\u0117s cilindras?<\/h3>\n<p>Str\u0117l\u0117s cilindras yra hidraulinio cilindro tipas, naudojamas sunkiosios \u012frangos str\u0117l\u0117s ar svirties vertikaliems ir horizontaliems judesiams valdyti. \u0160ie cilindrai, konvertuodami hidraulin\u012f sl\u0117g\u012f \u012f tiesin\u012f judes\u012f, suteikia reikiam\u0105 gali\u0105 k\u0117limo ir kasimo operacijoms atlikti. Str\u0117l\u0117s cilindr\u0173 konstrukcijai ir konstrukcijai naudojamos didelio stiprumo med\u017eiagos, kad jos atlaikyt\u0173 ekstremalias eksploatavimo s\u0105lygas, kartu u\u017etikrinant patvarum\u0105 ir patikimum\u0105.<\/p>\n<h2>Str\u0117l\u0117s cilindro savyb\u0117s<\/h2>\n<ul>\n<li><strong>Didelis stiprumas ir ilgaam\u017ei\u0161kumas:<\/strong> Pagaminti i\u0161 didelio stiprumo plieno arba aliuminio, \u0161ie cilindrai gali atlaikyti auk\u0161t\u0105 sl\u0117g\u012f ir dideles apkrovas, tod\u0117l tinkami naudoti at\u0161iauriomis darbo s\u0105lygomis.<\/li>\n<li><strong>Efektyvus hidraulinis valdymas:<\/strong> Str\u0117l\u0117s cilindras veikia skland\u017eiai, naudodamas hidraulin\u0117s alyvos sl\u0117g\u012f, kad greitai i\u0161skleist\u0173 ir atitraukt\u0173 str\u0117l\u0119, taip u\u017etikrindamas tvirt\u0105 st\u016bmimo ir traukimo j\u0117g\u0105 sunkioms med\u017eiagoms tvarkyti.<\/li>\n<li><strong>\u012evair\u016bs tipai:<\/strong> Cilindrai tiekiami vienpusio ir dvipusio veikimo variant\u0173, kad atitikt\u0173 skirtingus eksploatacinius reikalavimus, o kai kurie modeliai si\u016blo teleskopines konstrukcijas, kad b\u016bt\u0173 galima pasiekti didesn\u012f atstum\u0105 nedidinant i\u0161orini\u0173 matmen\u0173.<\/li>\n<li><strong>Pritaikomas dizainas:<\/strong> Str\u0117l\u0117s cilindrus galima pritaikyti prie konkre\u010di\u0173 technikos reikalavim\u0173, u\u017etikrinant optimal\u0173 na\u0161um\u0105 \u012fvairiose srityse.<\/li>\n<li><strong>Nereikalingas prie\u017ei\u016brai:<\/strong> \u0160ie cilindrai sukurti taip, kad b\u016bt\u0173 lengva pri\u017ei\u016br\u0117ti, juos galima paprastai ap\u017ei\u016br\u0117ti ir remontuoti, taip u\u017etikrinant ilg\u0105 tarnavimo laik\u0105.<\/li>\n<\/ul>\n<h2>M\u016bs\u0173 gamybos paj\u0117gumai<\/h2>\n<p>Mes specializuojam\u0117s auk\u0161tos kokyb\u0117s str\u0117l\u0117s cilindr\u0173 gamyboje ir galime pasi\u016blyti puikius esam\u0173 hidraulini\u0173 cilindr\u0173 pakaitalus rinkoje.<\/p>\n<p><img decoding=\"async\" src=\"https:\/\/www.hydraulic-cylinders.net\/wp-content\/uploads\/2025\/04\/songte-cylinder-head-with-all-kinds-excavator-models.webp\" alt=\"Hidraulini\u0173 cilindr\u0173 gamyba\" \/><\/p>\n<h2>Str\u0117l\u0117s cilindro pritaikymas<\/h2>\n<h3>Statybin\u0117 \u012franga<\/h3>\n<p>Ekskavatoriuose str\u0117l\u0117s cilindrai yra b\u016btini kasant, kraunant ir perkeliant grunt\u0105 ar \u0161iuk\u0161les. Jie suteikia reikiam\u0105 j\u0117g\u0105, kad kau\u0161as \u012fsiskverbt\u0173 \u012f \u017eem\u0119 ir efektyviai pakelt\u0173 sunkius krovinius. \u0160i\u0173 cilindr\u0173 si\u016blomas tikslus valdymas leid\u017eia operatoriams atlikti sud\u0117tingus judesius, tod\u0117l jie yra ne\u012fkainojami statybos darbuose.<\/p>\n<h3>\u017dem\u0117s \u016bkio technika<\/h3>\n<p>Priekiniuose krautuvuose str\u0117l\u0117s cilindrai yra atsakingi u\u017e dirvo\u017eemio, \u0161ieno ir kit\u0173 med\u017eiag\u0173 k\u0117lim\u0105, k\u0117lim\u0105 ir transportavim\u0105. Galimyb\u0117 valdyti kau\u0161o kamp\u0105 ir auk\u0161t\u012f u\u017etikrina efektyv\u0173 pakrovim\u0105 ir i\u0161krovim\u0105, o tai labai svarbu \u017eem\u0117s \u016bkio darbuose, kur laikas ir efektyvumas yra gyvybi\u0161kai svarb\u016bs.<\/p>\n<h3>Ekskavatoriai<\/h3>\n<p>The boom cylinder enables excavators to penetrate soil with the bucket, making excavation tasks quick and effective. The hydraulic system&#8217;s responsiveness allows for detailed excavation work, ensuring that projects are completed to specifications and within deadlines.<\/p>\n<h3>Krautuvai<\/h3>\n<p>Priekiniuose krautuvuose str\u0117l\u0117s cilindrai padeda efektyviai pakelti ir i\u0161versti med\u017eiagas. \u0160i\u0173 cilindr\u0173 tiekiama hidraulin\u0117 galia u\u017etikrina, kad sunkias med\u017eiagas b\u016bt\u0173 galima lengvai tvarkyti, o tai pagerina na\u0161um\u0105 darbo vietoje.<\/p>\n<h2>Projektavimo aspektai ir atrankos kriterijai<\/h2>\n<h3>Keliamoji galia<\/h3>\n<p>Renkantis str\u0117l\u0117s cilindr\u0105, b\u016btina atsi\u017evelgti \u012f jo keliam\u0105j\u0105 gali\u0105. Cilindras turi geb\u0117ti pakelti ir i\u0161laikyti maksimal\u0173 med\u017eiag\u0173, kurias jis tvarkys, svor\u012f, nerizikuodamas sugesti. Tai apima ne tik med\u017eiag\u0173 svor\u012f, bet ir dinamines j\u0117gas, atsirandan\u010dias veikimo metu.<\/p>\n<h3>Sandarumas ir ilgaam\u017ei\u0161kumas<\/h3>\n<p>Effective sealing is vital to prevent hydraulic fluid leaks, which can lead to reduced performance and increased maintenance needs. High-quality seals must be used to ensure durability, and the materials should withstand the operational environment&#8217;s wear and tear.<\/p>\n<h3>Saugos funkcijos<\/h3>\n<p>Projektuojant str\u0117l\u0117s cilindrus, svarbiausia yra saugumas. Siekiant i\u0161vengti nelaiming\u0173 atsitikim\u0173 d\u0117l hidraulini\u0173 gedim\u0173, tur\u0117t\u0173 b\u016bti integruotos tokios funkcijos kaip apsauga nuo perkrovos ir tinkami apsauginiai vo\u017etuvai.<\/p>\n<h3>Prie\u017ei\u016bra ir remonto galimyb\u0117s<\/h3>\n<p>Gerai suprojektuotas cilindras tur\u0117t\u0173 b\u016bti lengvai pri\u017ei\u016brimas ir remontuojamas. Siekiant suma\u017einti prastovas ir u\u017etikrinti skland\u0173 darb\u0105, tur\u0117t\u0173 b\u016bti lengvai prieinamos prieigos vietos sandarikliams ir jungiamosioms detal\u0117ms patikrinti ir pakeisti.<\/p>\n<p><img decoding=\"async\" src=\"https:\/\/www.hydraulic-cylinders.net\/wp-content\/uploads\/2025\/04\/songte-oil-pipes-and-spare-parts.webp\" alt=\"Hidraulini\u0173 cilindr\u0173 dalys\" \/><\/p>\n<h2>Sandarinimas ir tepimas<\/h2>\n<p>Tinkamas sandarinimas ir tepimas yra labai svarb\u016bs str\u0117l\u0117s cilindr\u0173 ilgaam\u017ei\u0161kumui ir efektyvumui. Siekiant suma\u017einti nuot\u0117k\u012f, naudojami \u012fvair\u016bs sandarikliai, pavyzd\u017eiui, st\u016bmokli\u0173 ir stryp\u0173 sandarikliai. D\u0117l atsparumo dilimui da\u017eniausiai naudojami sandarikliai, pagaminti i\u0161 toki\u0173 med\u017eiag\u0173 kaip poliuretanas ir nitrilo kau\u010diukas. Be to, cilindro korpusas ir srieginiai galiniai pavir\u0161iai yra kruop\u0161\u010diai apdirbti, siekiant padidinti atsparum\u0105 dilimui. Norint u\u017etikrinti skland\u0173 veikim\u0105 ir i\u0161vengti dilimo, b\u016btina reguliariai tepti hidrauline alyva.<\/p>\n<h2>Prevencin\u0117s prie\u017ei\u016bros priemon\u0117s<\/h2>\n<ul>\n<li><strong>Reguliar\u016bs patikrinimai:<\/strong> Patikrinkite, ar n\u0117ra cilindro ir jo komponent\u0173 susid\u0117v\u0117jimo, nuot\u0117kio ar pa\u017eeidim\u0173 po\u017eymi\u0173. Ankstyvas aptikimas gali pad\u0117ti i\u0161vengti dideli\u0173 gedim\u0173.<\/li>\n<li><strong>Tinkamas tepimas:<\/strong> Reguliariai papildykite hidraulin\u0117s alyvos lyg\u012f ir naudokite tinkamo tipo alyv\u0105, kad i\u0161laikytum\u0117te efektyv\u0173 veikim\u0105.<\/li>\n<li><strong>Sandariklio keitimas:<\/strong> Steb\u0117kite tarpikli\u0173 susid\u0117v\u0117jim\u0105 ir prireikus pakeiskite juos, kad i\u0161vengtum\u0117te hidraulinio skys\u010dio nuot\u0117kio ir i\u0161laikytum\u0117te na\u0161um\u0105.<\/li>\n<\/ul>\n<h2>Diegimo vadovas<\/h2>\n<p>Tinkamas str\u0117l\u0117s cilindro montavimas yra labai svarbus optimaliam veikimui. Pirmiausia \u012fsitikinkite, kad cilindro ir mechanizmo tvirtinimo pavir\u0161iai yra \u0161var\u016bs ir be \u0161iuk\u0161li\u0173. Naudokite tinkamus tvirtinimo laikiklius, kad pritvirtintum\u0117te cilindr\u0105 vietoje, u\u017etikrindami, kad jis b\u016bt\u0173 tinkamai sulygiuotas su hidraulin\u0117mis linijomis. Prie\u0161 naudodami patikrinkite, ar visos hidraulin\u0117s jungtys yra sandarios ir be nuot\u0117ki\u0173. Po montavimo svarbu i\u0161bandyti sistem\u0105, kad \u012fsitikintum\u0117te, jog cilindras veikia skland\u017eiai ir efektyviai.<\/p>\n<h2>\u012eprastos prie\u017ei\u016bros u\u017eduotys<\/h2>\n<h3>Reguliar\u016bs patikrinimai<\/h3>\n<p>Reguliar\u016bs patikrinimai yra labai svarb\u016bs norint anksti nustatyti galimas problemas. Patikrinkite, ar n\u0117ra susid\u0117v\u0117jimo ar pa\u017eeidimo po\u017eymi\u0173, ir \u012fsitikinkite, kad hidraulin\u0117 sistema veikia tinkamai. Ankstyvas aptikimas gali pad\u0117ti i\u0161vengti brangaus remonto ir u\u017etikrinti saugum\u0105.<\/p>\n<h3>Tinkamas tepimas<\/h3>\n<p>Maintaining proper lubrication is crucial for the smooth operation of the boom cylinder. Regularly check the hydraulic oil levels and ensure the correct type of oil is used, as this will significantly enhance the cylinder&#8217;s performance and lifespan.<\/p>\n<h3>Tarpikli\u0173 keitimas ir kalibravimo patikrinimai<\/h3>\n<p>Susid\u0117v\u0117jusi\u0173 sandarikli\u0173 keitimas yra b\u016btinas norint i\u0161vengti hidraulinio skys\u010dio nuot\u0117kio. Be to, atliekant kalibravimo patikrinimus u\u017etikrinamas optimalus cilindro veikimas, i\u0161laikant efektyvum\u0105 ir saug\u0105 eksploatacijos metu.<\/p>\n<p><img decoding=\"async\" src=\"https:\/\/www.hydraulic-cylinders.net\/wp-content\/uploads\/2025\/04\/songte-chushion-collar.webp\" alt=\"Pagalv\u0117l\u0117s apykakl\u0117\" \/><\/p>\n<h2>Saugos aspektai ir aplinkos veiksniai<\/h2>\n<p>Naudojant str\u0117l\u0117s cilindrus, labai svarbu \u012fdiegti saugos priemones. Operatoriai tur\u0117t\u0173 b\u016bti apmokyti tinkamai juos naudoti, kad b\u016bt\u0173 suma\u017einta nelaiming\u0173 atsitikim\u0173 tikimyb\u0117. Aplinkos veiksniai, tokie kaip ekstremali temperat\u016bra ir dr\u0117gm\u0117, gali tur\u0117ti \u012ftakos hidraulini\u0173 sistem\u0173 veikimui, tod\u0117l reikia imtis apsaugos priemoni\u0173, kad b\u016bt\u0173 u\u017etikrintas j\u0173 ilgaam\u017ei\u0161kumas.<\/p>\n<h2>Trik\u010di\u0173 \u0161alinimas ir da\u017eniausiai pasitaikan\u010dios problemos<\/h2>\n<ul>\n<li><strong>Hidraulinio skys\u010dio nuot\u0117kis:<\/strong> Tai gali sukelti susid\u0117v\u0117j\u0119 sandarikliai arba pa\u017eeistos \u017earnos. Patikrinkite ir prireikus pakeiskite sandariklius.<\/li>\n<li><strong>L\u0117tas veikimas:<\/strong> Jei cilindras veikia l\u0117tai, patikrinkite hidraulin\u0117s alyvos lyg\u012f ir \u012fsitikinkite, kad sistemoje n\u0117ra u\u017esikim\u0161im\u0173.<\/li>\n<li><strong>Ne\u012fprasti garsai:<\/strong> Triuk\u0161mai veikimo metu gali rodyti vidinius pa\u017eeidimus arba tepimo tr\u016bkum\u0105. Nedelsdami i\u0161tirkite ir pa\u0161alinkite bet kokius sutrikimus.<\/li>\n<\/ul>\n<h2>Trik\u010di\u0173 \u0161alinimo patarimai<\/h2>\n<p>Nor\u0117dami efektyviai diagnozuoti str\u0117l\u0117s cilindro problemas, pirmiausia patikrinkite hidraulinio skys\u010dio lyg\u012f ir patikrinkite, ar n\u0117ra nuot\u0117ki\u0173. Reguliarus techninis aptarnavimas gali pad\u0117ti i\u0161vengti daugelio problem\u0173. Jei problemos i\u0161lieka, kreipkit\u0117s \u012f specialist\u0105 d\u0117l i\u0161samios diagnostikos ir remonto.<\/p>\n<p><img decoding=\"async\" src=\"https:\/\/www.hydraulic-cylinders.net\/wp-content\/uploads\/2025\/04\/songte-bushings-with-all-kinds-of-excavator-models.webp\" alt=\"Ekskavatoriaus \u012fvor\u0117s\" \/><\/p>\n<h2>\u012emon\u0117s ap\u017evalga<\/h2>\n<p>Esame pirmaujantis pakaitini\u0173 hidraulini\u0173 cilindr\u0173 gamintojas, gerai \u012fsitvirtin\u0119s vidaus ir tarptautin\u0117se rinkose. M\u016bs\u0173 \u012fsipareigojimas siekti meistri\u0161kumo atsispindi \u012fvairiame gamini\u0173 asortimente. Taikome kruop\u0161\u010diai suderint\u0105 gamybos strategij\u0105, kurioje pabr\u0117\u017eiama kokyb\u0117 ir tikslumas. M\u016bs\u0173 kvalifikuoti technikai ir pa\u017eangi skaitmenin\u0117 gamybos \u012franga didina m\u016bs\u0173 gamybos paj\u0117gumus, u\u017etikrindami, kad efektyviai patenkintume \u012fvairius klient\u0173 poreikius.<\/p>\n<h3>Profesionalumas ir tarptautinis sertifikavimas<\/h3>\n<p>M\u016bs\u0173 gaminiai atitinka tarptautinius standartus, tod\u0117l m\u016bs\u0173 klientams teikiame ramyb\u0119. Si\u016blome pritaikomas paslaugas, kad patenkintume konkre\u010dius poreikius, ir u\u017etikriname kokyb\u0117s kontrol\u0119 kiekviename gamybos etape.<\/p>\n<h3>Gamybos \u012franga<\/h3>\n<p>M\u016bs\u0173 moderniausia gamybos \u012franga u\u017etikrina auk\u0161t\u0105 gamybos efektyvum\u0105 ir tikslum\u0105. Tai leid\u017eia mums i\u0161laikyti auk\u0161t\u0105 gamini\u0173 kokyb\u0119, laikantis gamybos termin\u0173.<\/p>\n<h3>Aptarnavimas po pardavimo<\/h3>\n<p>Did\u017eiuojam\u0117s savo patikimu aptarnavimu po pardavimo, u\u017etikrinan\u010diu klient\u0173 pasitenkinim\u0105 teikdami patikim\u0105 aptarnavim\u0105 ir konsultacijas po pirkimo. M\u016bs\u0173 komanda visada pasiruo\u0161usi atsakyti \u012f visus klausimus ar r\u016bpes\u010dius.<\/p>\n<p><img decoding=\"async\" src=\"https:\/\/www.hydraulic-cylinders.net\/wp-content\/uploads\/2025\/04\/songte-company-4.webp\" alt=\"Hidraulini\u0173 cilindr\u0173 \u012fmon\u0117\" \/><br \/>\n<img decoding=\"async\" src=\"https:\/\/www.hydraulic-cylinders.net\/wp-content\/uploads\/2025\/04\/songte-company-3.webp\" alt=\"\u012emon\u0117s ap\u017evalga\" \/><\/p>\n<p>Autorius: lyl<\/p>","protected":false},"excerpt":{"rendered":"<p>Boom Cylinder For Carter CT85-8A-8B Introduction to Boom Cylinders The Boom Cylinder is a crucial component in hydraulic systems, specifically designed to control the motion of buckets in various heavy machinery, such as excavators, backhoe loaders, and front loaders. These cylinders enable the bucket to lift, lower, and tilt, which facilitates material handling tasks. The [&hellip;]<\/p>","protected":false},"featured_media":17874,"comment_status":"open","ping_status":"closed","template":"","meta":{"_et_pb_use_builder":"","_et_pb_old_content":"","_et_gb_content_width":""},"product_brand":[],"product_cat":[1546],"product_tag":[1547,1496],"class_list":{"0":"post-19521","1":"product","2":"type-product","3":"status-publish","4":"has-post-thumbnail","6":"product_cat-boom-cylinders","7":"product_tag-boom-cylinders","8":"product_tag-hydraulic-cylinders","10":"first","11":"instock","12":"shipping-taxable","13":"product-type-simple"},"amp_enabled":true,"_links":{"self":[{"href":"https:\/\/www.hydraulic-cylinders.net\/lt\/wp-json\/wp\/v2\/product\/19521","targetHints":{"allow":["GET"]}}],"collection":[{"href":"https:\/\/www.hydraulic-cylinders.net\/lt\/wp-json\/wp\/v2\/product"}],"about":[{"href":"https:\/\/www.hydraulic-cylinders.net\/lt\/wp-json\/wp\/v2\/types\/product"}],"replies":[{"embeddable":true,"href":"https:\/\/www.hydraulic-cylinders.net\/lt\/wp-json\/wp\/v2\/comments?post=19521"}],"wp:featuredmedia":[{"embeddable":true,"href":"https:\/\/www.hydraulic-cylinders.net\/lt\/wp-json\/wp\/v2\/media\/17874"}],"wp:attachment":[{"href":"https:\/\/www.hydraulic-cylinders.net\/lt\/wp-json\/wp\/v2\/media?parent=19521"}],"wp:term":[{"taxonomy":"product_brand","embeddable":true,"href":"https:\/\/www.hydraulic-cylinders.net\/lt\/wp-json\/wp\/v2\/product_brand?post=19521"},{"taxonomy":"product_cat","embeddable":true,"href":"https:\/\/www.hydraulic-cylinders.net\/lt\/wp-json\/wp\/v2\/product_cat?post=19521"},{"taxonomy":"product_tag","embeddable":true,"href":"https:\/\/www.hydraulic-cylinders.net\/lt\/wp-json\/wp\/v2\/product_tag?post=19521"}],"curies":[{"name":"wp","href":"https:\/\/api.w.org\/{rel}","templated":true}]}}