{"id":19524,"date":"2025-04-07T06:52:37","date_gmt":"2025-04-07T06:52:37","guid":{"rendered":"https:\/\/www.hydraulic-cylinders.net\/product\/boom-cylinder-for-kym-ky55\/"},"modified":"2025-04-07T06:52:45","modified_gmt":"2025-04-07T06:52:45","slug":"boom-cylinder-for-kym-ky55","status":"publish","type":"product","link":"https:\/\/www.hydraulic-cylinders.net\/lt\/produktas\/boom-cylinder-for-kym-ky55\/","title":{"rendered":"Str\u0117l\u0117s cilindras, skirtas KYM KY55"},"content":{"rendered":"<h1>Str\u0117l\u0117s cilindras, skirtas KYM KY55<\/h1>\n<h2>\u012evadas \u012f str\u0117l\u0117s cilindr\u0105<\/h2>\n<p>Str\u0117l\u0117s cilindras yra gyvybi\u0161kai svarbus komponentas, specialiai sukurtas sunkiosioms ma\u0161inoms, leid\u017eiantis valdyti kau\u0161o judesius tokiose srityse kaip ekskavatoriai, ekskavatoriniai krautuvai ir frontaliniai krautuvai. \u0160ie hidrauliniai cilindrai leid\u017eia kau\u0161ui kelti, nuleisti ir pakreipti, taip palengvindami efektyv\u0173 med\u017eiag\u0173 tvarkym\u0105. Veikdamas kaip pavara, str\u0117l\u0117s cilindras hidraulin\u0119 energij\u0105 paver\u010dia mechanine j\u0117ga, u\u017etikrindamas skland\u0173 veikim\u0105 net ir esant didel\u0117ms apkrovoms. Naudodamas hidraulin\u012f sl\u0117g\u012f, cilindras atlieka labai svarb\u0173 vaidmen\u012f kasant ir keliant med\u017eiagas, tod\u0117l jis yra nepakei\u010diamas \u012fvairiose pramon\u0117s \u0161akose, \u012fskaitant statyb\u0105 ir \u017eem\u0117s \u016bk\u012f.<\/p>\n<p><img decoding=\"async\" src=\"https:\/\/www.hydraulic-cylinders.net\/wp-content\/uploads\/2025\/04\/songte-company-1.webp\" alt=\"Str\u0117l\u0117s cilindro vaizdas\" \/><\/p>\n<h2>Str\u0117l\u0117s cilindro savyb\u0117s<\/h2>\n<ul>\n<li>\n<h3>Didelis stiprumas ir ilgaam\u017ei\u0161kumas<\/h3>\n<p>Pagamintas i\u0161 didelio stiprumo plieno arba aliuminio, str\u0117l\u0117s cilindras yra suprojektuotas taip, kad atlaikyt\u0173 auk\u0161t\u0105 sl\u0117g\u012f ir dideles apkrovas. Jis skirtas veikti at\u0161iauriomis darbo s\u0105lygomis, pasi\u017eymi savyb\u0117mis, kurios padidina atsparum\u0105 dilimui ir apsaug\u0105 nuo korozijos, tod\u0117l pailgina tarnavimo laik\u0105.<\/p>\n<\/li>\n<li>\n<h3>Efektyvus hidraulinis valdymas<\/h3>\n<p>Cilindras naudoja hidraulin\u0117s alyvos sl\u0117g\u012f, kad u\u017etikrint\u0173 skland\u017eius ir greitai reaguojan\u010dius i\u0161pl\u0117timo ir atitraukimo veiksmus, u\u017etikrindamas stiprias st\u016bmimo ir traukimo galimybes. D\u0117l \u0161io efektyvumo jis tinka sunki\u0173 med\u017eiag\u0173 tvarkymui ir sud\u0117ting\u0173 operacij\u0173 atlikimui.<\/p>\n<\/li>\n<li>\n<h3>\u012evair\u016bs tipai<\/h3>\n<p>Priklausomai nuo eksploatacini\u0173 poreiki\u0173, klientai gali rinktis vieno veikimo (hidraulinis sl\u0117gis viena kryptimi) arba dvigubo veikimo (hidraulinis sl\u0117gis abiem kryptimis) cilindrus. Kai kurie modeliai yra teleskopiniai, tod\u0117l juos galima labiau i\u0161tiesti nedidinant i\u0161orini\u0173 matmen\u0173, tod\u0117l tai idealiai tinka tais atvejais, kai tr\u016bksta erdv\u0117s.<\/p>\n<\/li>\n<\/ul>\n<p>Mes gaminame \u0161\u012f gamin\u012f, o m\u016bs\u0173 si\u016blomi produktai puikiai pakei\u010dia \u012fvairius hidraulinius cilindrus.<\/p>\n<p><img decoding=\"async\" src=\"https:\/\/www.hydraulic-cylinders.net\/wp-content\/uploads\/2025\/04\/songte-cylinder-head-with-all-kinds-excavator-models.webp\" alt=\"Ekskavatori\u0173 modeliai\" \/><\/p>\n<h2>Str\u0117l\u0117s cilindro pritaikymas<\/h2>\n<ul>\n<li>\n<h3>Statybin\u0117 \u012franga<\/h3>\n<p>Ekskavatoriuose str\u0117l\u0117s cilindrai yra b\u016btini kasant, kraunant ir perkeliant \u017eem\u0119 ar \u0161iuk\u0161les. Jie leid\u017eia kau\u0161ui efektyviai \u012fsiskverbti \u012f \u017eem\u0119, kad b\u016bt\u0173 galima efektyviai atlikti kasimo darbus. Be to, ekskavatoriuose-krautuvuose jie padeda tiek kasimo, tiek k\u0117limo operacijose, padidindami ma\u0161inos universalum\u0105 ir na\u0161um\u0105.<\/p>\n<\/li>\n<li>\n<h3>\u017dem\u0117s \u016bkio technika<\/h3>\n<p>Priekiniuose krautuvuose str\u0117l\u0117s cilindrai palengvina dirvo\u017eemio, \u0161ieno ir kit\u0173 med\u017eiag\u0173 s\u0117mim\u0105, k\u0117lim\u0105 ir transportavim\u0105. J\u0173 patikimas veikimas yra labai svarbus atliekant \u017eem\u0117s \u016bkio darbus, tod\u0117l jie yra b\u016btini \u016bkininkams, kurie kasdien\u0117je veikloje naudoja sunki\u0105j\u0105 technik\u0105.<\/p>\n<\/li>\n<li>\n<h3>Ekskavatoriai<\/h3>\n<p>Str\u0117l\u0117s cilindras leid\u017eia ekskavatoriams atlikti kasimo judesius, leisdamas kau\u0161ui efektyviai \u012fsiskverbti \u012f dirv\u0105. \u0160i funkcija yra labai svarbi projektams, kuriems reikia kasti dirv\u0105, tod\u0117l str\u0117l\u0117s cilindras yra pagrindinis \u0161i\u0173 ma\u0161in\u0173 komponentas.<\/p>\n<\/li>\n<li>\n<h3>Krautuvai<\/h3>\n<p>Priekiniuose krautuvuose str\u0117l\u0117s cilindrai padeda efektyviai pakelti ir i\u0161versti krovinius. Jie suteikia reikiam\u0105 j\u0117g\u0105 kau\u0161ui pakreipti, u\u017etikrindami efektyv\u0173 med\u017eiag\u0173 tvarkym\u0105 ir optimizuodami apkrovos paskirstym\u0105, kad darbas b\u016bt\u0173 saugesnis.<\/p>\n<\/li>\n<\/ul>\n<h2>Projektavimo aspektai ir atrankos kriterijai<\/h2>\n<ul>\n<li>\n<h3>Keliamoji galia<\/h3>\n<p>Renkantis str\u0117l\u0117s cilindr\u0105, labai svarbu atsi\u017evelgti \u012f jo keliam\u0105j\u0105 gali\u0105, u\u017etikrinant, kad jis atlaikyt\u0173 numatyt\u0105 svor\u012f be gedimo rizikos. Tai apima konstrukcijoje naudot\u0173 med\u017eiag\u0173, cilindro matmen\u0173 ir hidraulinio sl\u0117gio, kur\u012f jis gali atlaikyti, \u012fvertinim\u0105.<\/p>\n<\/li>\n<li>\n<h3>Sandarinimo efektyvumas<\/h3>\n<p>Efektyvus sandarinimas yra nepaprastai svarbus siekiant i\u0161vengti hidraulinio skys\u010dio nuot\u0117kio ir u\u017etikrinti optimal\u0173 na\u0161um\u0105. Cilindrai turi b\u016bti apr\u016bpinti auk\u0161tos kokyb\u0117s sandarikliais, kurie gali atlaikyti itin didel\u012f sl\u0117g\u012f ir palaikyti tepim\u0105, o tai pailgina cilindro tarnavimo laik\u0105 ir efektyvum\u0105.<\/p>\n<\/li>\n<li>\n<h3>Patvarumas<\/h3>\n<p>Patvarumas yra pagrindinis str\u0117l\u0117s cilindr\u0173 konstrukcijos veiksnys. Jie turi b\u016bti atspar\u016bs nusid\u0117v\u0117jimui ir ply\u0161imams d\u0117l nuolatinio naudojimo at\u0161iauriomis s\u0105lygomis. Norint i\u0161laikyti ilgaam\u017ei\u0161kum\u0105, labai svarbu pasirinkti med\u017eiagas, kurios yra atsparios korozijai ir i\u0161orini\u0173 veiksni\u0173 poveikiui.<\/p>\n<\/li>\n<li>\n<h3>Saugos funkcijos<\/h3>\n<p>Saugumas niekada netur\u0117t\u0173 b\u016bti pa\u017eeid\u017eiamas. Str\u0117l\u0117s cilindrai turi tur\u0117ti \u012fmontuotas saugos funkcijas, skirtas i\u0161vengti nelaiming\u0173 atsitikim\u0173, pvz., sl\u0117gio ma\u017einimo vo\u017etuvus ir tvirtas konstrukcijas, kurios gali atlaikyti netik\u0117tas apkrovas ar sm\u016bgius, u\u017etikrinant operatori\u0173 ir ma\u0161in\u0173 saugum\u0105.<\/p>\n<\/li>\n<li>\n<h3>Prieinamumas prie prie\u017ei\u016bros<\/h3>\n<p>Hidraulini\u0173 cilindr\u0173 ilgaam\u017ei\u0161kumui gyvybi\u0161kai svarbus lengvas techninis aptarnavimas. Konstrukcija tur\u0117t\u0173 u\u017etikrinti lengv\u0105 prieig\u0105 prie toki\u0173 komponent\u0173 kaip sandarikliai ir jungiamosios detal\u0117s, kad b\u016bt\u0173 lengviau reguliariai tikrinti, pri\u017ei\u016br\u0117ti ir remontuoti, taip suma\u017einant prastovas.<\/p>\n<\/li>\n<\/ul>\n<p><img decoding=\"async\" src=\"https:\/\/www.hydraulic-cylinders.net\/wp-content\/uploads\/2025\/04\/songte-oil-pipes-and-spare-parts.webp\" alt=\"Naftos vamzd\u017eiai ir atsargin\u0117s dalys\" \/><\/p>\n<h2>Sandarinimas ir tepimas<\/h2>\n<p>Tinkamas sandarinimas ir tepimas yra labai svarb\u016bs str\u0117l\u0117s cilindr\u0173 veikimui ir ilgaam\u017ei\u0161kumui. Siekiant u\u017etikrinti, kad hidraulinis skystis likt\u0173 cilindre, naudojami \u012fvair\u016bs sandarikliai, pavyzd\u017eiui, st\u016bmokli\u0173 ir stryp\u0173 sandarikliai. Sandarikliai, pagaminti i\u0161 atspari\u0173 dilimui med\u017eiag\u0173, toki\u0173 kaip poliuretanas ir nitrilo kau\u010diukas, idealiai tinka susid\u0117v\u0117jimui suma\u017einti. Be to, cilindro korpusas ir srieginiai galai yra kruop\u0161\u010diai apdirbami, kad padid\u0117t\u0173 atsparumas abrazyviniams elementams. Reguliarus tepimas hidrauline alyva yra b\u016btinas norint u\u017etikrinti skland\u0173 veikim\u0105, suma\u017einti trint\u012f ir i\u0161vengti perkaitimo, taip pailginant cilindro tarnavimo laik\u0105.<\/p>\n<h2>Reguliarios patikros ir prevencin\u0117s prie\u017ei\u016bros priemon\u0117s<\/h2>\n<ul>\n<li>\n<h3>Reguliar\u016bs patikrinimai<\/h3>\n<p>Reik\u0117t\u0173 da\u017enai tikrinti str\u0117l\u0117s cilindr\u0105, kad b\u016bt\u0173 nustatyti bet kokie susid\u0117v\u0117jimo, nuot\u0117kio ar pa\u017eeidimo po\u017eymiai. Ankstyvas problem\u0173 nustatymas gali pad\u0117ti i\u0161vengti rimtesni\u0173 problem\u0173 ir brangaus remonto.<\/p>\n<\/li>\n<li>\n<h3>Tinkamas tepimas<\/h3>\n<p>Labai svarbu palaikyti tinkam\u0105 tepimo lyg\u012f hidraulin\u0117je sistemoje. \u012esitikinkite, kad hidraulin\u0117s alyvos lygis yra papildomas pagal poreik\u012f, kad i\u0161vengtum\u0117te perkaitimo ir per didelio komponent\u0173 susid\u0117v\u0117jimo.<\/p>\n<\/li>\n<li>\n<h3>Sandariklio keitimas<\/h3>\n<p>Tarpikliai tur\u0117t\u0173 b\u016bti reguliariai kei\u010diami, kad b\u016bt\u0173 i\u0161vengta hidraulinio skys\u010dio nuot\u0117kio. Sudarykite tarpikli\u0173 patikrinimo ir keitimo grafik\u0105, kad b\u016bt\u0173 u\u017etikrintas optimalus str\u0117l\u0117s cilindro veikimas.<\/p>\n<\/li>\n<\/ul>\n<h2>\u012erengimo gair\u0117s<\/h2>\n<p>Tinkamas str\u0117l\u0117s cilindro montavimas yra b\u016btinas optimaliam jo veikimui. Pirmiausia \u012fsitikinkite, kad cilindras yra tinkamai sulygiuotas su tvirtinimo ta\u0161kais, kad i\u0161vengtum\u0117te nesuderinamumo problem\u0173. Naudokite tinkamus tvirtinimo laikiklius, kad pritvirtintum\u0117te cilindr\u0105 vietoje, u\u017etikrindami, kad jis b\u016bt\u0173 tvirtai pritvirtintas, kad darbo metu nejud\u0117t\u0173. Labai svarbu teisingai prijungti hidraulines linijas, laikantis gamintojo sl\u0117gio ir skys\u010di\u0173 jung\u010di\u0173 specifikacij\u0173. \u012edieg\u0119, prie\u0161 naudodami mechanizm\u0105, atid\u017eiai patikrinkite visas jungtis ir nustatymus, \u012fsitikindami, kad viskas yra savo vietose, kad b\u016bt\u0173 galima saugiai ir efektyviai naudoti.<\/p>\n<h2>\u012eprastos prie\u017ei\u016bros u\u017eduotys<\/h2>\n<ul>\n<li>\n<h3>Reguliar\u016bs patikrinimai<\/h3>\n<p>Reguliariai atlikti patikrinimus yra labai svarbu norint nustatyti galimas problemas, kol jos nepa\u016bm\u0117jo. Ie\u0161kokite susid\u0117v\u0117jimo ar pa\u017eeidimo po\u017eymi\u0173 ir nedelsdami spr\u0119skite visas problemas, kad str\u0117l\u0117s cilindras ir toliau veikt\u0173 optimaliai.<\/p>\n<\/li>\n<li>\n<h3>Tinkamas tepimas<\/h3>\n<p>Norint i\u0161laikyti na\u0161um\u0105, b\u016btina naudoti tinkamo tipo ir kiekio hidraulin\u0119 alyv\u0105. Reguliariai papildykite tepalus ir u\u017etikrinkite, kad sistema b\u016bt\u0173 \u0161vari nuo ter\u0161al\u0173, siekiant apsaugoti str\u0117l\u0117s cilindro vientisum\u0105.<\/p>\n<\/li>\n<li>\n<h3>Tarpikli\u0173 keitimas ir kalibravimo patikrinimai<\/h3>\n<p>Reguliariai kei\u010diant tarpiklius ir atliekant kalibravimo patikrinimus u\u017etikrinamas sklandus sistemos veikimas. Tarpikliai tur\u0117t\u0173 b\u016bti patikrinti d\u0117l susid\u0117v\u0117jimo atliekant technin\u0119 prie\u017ei\u016br\u0105, o bet kokie hidraulin\u0117s sistemos sulygiavimo netikslumai tur\u0117t\u0173 b\u016bti nedelsiant i\u0161taisyti.<\/p>\n<\/li>\n<\/ul>\n<p><img decoding=\"async\" src=\"https:\/\/www.hydraulic-cylinders.net\/wp-content\/uploads\/2025\/04\/songte-chushion-collar.webp\" alt=\"Pagalv\u0117l\u0117s apykakl\u0117\" \/><\/p>\n<h2>Saugos aspektai ir aplinkos veiksniai<\/h2>\n<p>Dirbant su hidraulin\u0117mis sistemomis, saugos priemon\u0117s yra nepaprastai svarbios. Tinkamas mokymas valdyti ma\u0161inas su str\u0117l\u0117s cilindrais yra b\u016btinas siekiant suma\u017einti nelaiming\u0173 atsitikim\u0173 rizik\u0105. Operatoriai tur\u0117t\u0173 \u017einoti apie galimus pavojus, susijusius su hidrauliniu sl\u0117giu, ir u\u017etikrinti, kad visada b\u016bt\u0173 d\u0117vima saugos \u012franga. Be to, reik\u0117t\u0173 atsi\u017evelgti \u012f aplinkosaugos aspektus; ekologi\u0161k\u0173 hidraulini\u0173 skys\u010di\u0173 naudojimas gali suma\u017einti poveik\u012f aplinkai. Panaudot\u0105 alyv\u0105 ar skys\u010dius utilizuokite pagal vietinius reikalavimus, kad i\u0161vengtum\u0117te dirvo\u017eemio ar vandens \u0161altini\u0173 u\u017eter\u0161imo.<\/p>\n<h2>Da\u017eniausiai pasitaikan\u010di\u0173 problem\u0173 \u0161alinimas<\/h2>\n<ul>\n<li>\n<h3>Nuot\u0117kis<\/h3>\n<p>Hidraulinio skys\u010dio nuot\u0117kis gali rodyti susid\u0117v\u0117jusius sandariklius arba pa\u017eeistus komponentus. Patikrinkite, ar n\u0117ra sandarikli\u0173, ir prireikus pakeiskite. Patikrinkite jung\u010di\u0173 sandarum\u0105, kad i\u0161vengtum\u0117te nuot\u0117ki\u0173.<\/p>\n<\/li>\n<li>\n<h3>Suma\u017eintas na\u0161umas<\/h3>\n<p>Jei str\u0117l\u0117s cilindras neveikia taip, kaip tik\u0117tasi, patikrinkite hidraulinio skys\u010dio lyg\u012f ir kokyb\u0119. \u017demas arba u\u017eter\u0161tas skystis gali pakenkti veikimui. Be to, patikrinkite, ar n\u0117ra u\u017esikim\u0161im\u0173 hidraulin\u0117se linijose.<\/p>\n<\/li>\n<li>\n<h3>Netik\u0117ti garsai<\/h3>\n<p>Ne\u012fprasti garsai eksploatacijos metu gali reik\u0161ti vidinius pa\u017eeidimus arba \u017eem\u0105 tepimo lyg\u012f. I\u0161tirkite triuk\u0161mo \u0161altin\u012f ir nedelsdami j\u012f pa\u0161alinkite, kad i\u0161vengtum\u0117te tolesn\u0117s \u017ealos.<\/p>\n<\/li>\n<\/ul>\n<p>\u012egyvendinus prevencines priemones, tokias kaip reguliari ap\u017ei\u016bra ir savalaik\u0117 prie\u017ei\u016bra, galima gerokai suma\u017einti \u0161i\u0173 problem\u0173 atsiradimo tikimyb\u0119 ir u\u017etikrinti str\u0117l\u0117s cilindro patikimum\u0105.<\/p>\n<p><img decoding=\"async\" src=\"https:\/\/www.hydraulic-cylinders.net\/wp-content\/uploads\/2025\/04\/songte-bushings-with-all-kinds-of-excavator-models.webp\" alt=\"\u012evor\u0117s su ekskavatori\u0173 modeliais\" \/><\/p>\n<h2>Apie m\u016bs\u0173 \u012fmon\u0119<\/h2>\n<p>Esame pirmaujantis pakaitini\u0173 hidraulini\u0173 cilindr\u0173 gamintojas, \u017einomas d\u0117l plataus gamini\u0173 asortimento ir \u012fsipareigojimo kokybei. B\u016bdami vieni i\u0161 pirmaujan\u010di\u0173 gamintoj\u0173 ir didmeninink\u0173 vidaus ir tarptautin\u0117se rinkose, laikom\u0117s auk\u0161\u010diausi\u0173 meistri\u0161kumo standart\u0173. M\u016bs\u0173 sud\u0117tingos gamybos valdymo strategijos kartu su kvalifikuotu techniniu personalu ir pa\u017eangia gamybos \u012franga leid\u017eia mums tiekti auk\u0161tos kokyb\u0117s hidraulinius cilindrus. M\u016bs\u0173 gamybos procesai yra optimizuoti efektyvumui, tikslumui ir kokybei, u\u017etikrinant, kad patenkintume \u012fvairius m\u016bs\u0173 klient\u0173 poreikius.<\/p>\n<ul>\n<li>\n<h3>Ekspertiz\u0117 ir pramon\u0117s sertifikatai<\/h3>\n<p>Turime i\u0161sami\u0173 pramon\u0117s \u017eini\u0173 ir sertifikat\u0173, kurie patvirtina m\u016bs\u0173 \u012fsipareigojim\u0105 laikytis kokyb\u0117s ir saugos standart\u0173, u\u017etikrinant, kad m\u016bs\u0173 produktai b\u016bt\u0173 patikimi ir efektyv\u016bs.<\/p>\n<\/li>\n<li>\n<h3>Individual\u016bs u\u017esakymai<\/h3>\n<p>Si\u016blome individualius sprendimus, pritaikytus konkretiems klient\u0173 reikalavimams, didindami savo gamini\u0173 universalum\u0105 ir u\u017etikrindami klient\u0173 pasitenkinim\u0105.<\/p>\n<\/li>\n<li>\n<h3>Pa\u017eangi gamybos \u012franga<\/h3>\n<p>M\u016bs\u0173 moderniausi gamybos \u012frenginiai naudoja pa\u017eangiausias technologijas auk\u0161tos kokyb\u0117s hidrauliniams cilindrams gaminti, u\u017etikrindami kiekvieno \u012frenginio tikslum\u0105 ir na\u0161um\u0105.<\/p>\n<\/li>\n<li>\n<h3>I\u0161sami garantinio aptarnavimo paslauga<\/h3>\n<p>Mes teikiame nuolatin\u0119 param\u0105 ir paslaugas po pardavimo, u\u017etikrindami, kad m\u016bs\u0173 klientai gaut\u0173 pagalb\u0105, kai tik jos prireikia, taip skatindami ilgalaik\u0119 partneryst\u0119.<\/p>\n<\/li>\n<\/ul>\n<p><img decoding=\"async\" src=\"https:\/\/www.hydraulic-cylinders.net\/wp-content\/uploads\/2025\/04\/songte-company-4.webp\" alt=\"\u012emon\u0117s paveiksl\u0117lis 1\" \/><br \/>\n<img decoding=\"async\" src=\"https:\/\/www.hydraulic-cylinders.net\/wp-content\/uploads\/2025\/04\/songte-company-3.webp\" alt=\"\u012emon\u0117s paveiksl\u0117lis 2\" \/><\/p>\n<p>Autorius: lyl<\/p>","protected":false},"excerpt":{"rendered":"<p>Boom Cylinder For KYM KY55 Introduction to Boom Cylinder The Boom Cylinder is a vital component specifically designed for heavy machinery, enabling the control of bucket movements in applications such as excavators, backhoe loaders, and front-end loaders. These hydraulic cylinders allow the bucket to lift, lower, and tilt, facilitating efficient material handling tasks. Acting as [&hellip;]<\/p>","protected":false},"featured_media":17877,"comment_status":"open","ping_status":"closed","template":"","meta":{"_et_pb_use_builder":"","_et_pb_old_content":"","_et_gb_content_width":""},"product_brand":[],"product_cat":[1546],"product_tag":[1547,1496],"class_list":{"0":"post-19524","1":"product","2":"type-product","3":"status-publish","4":"has-post-thumbnail","6":"product_cat-boom-cylinders","7":"product_tag-boom-cylinders","8":"product_tag-hydraulic-cylinders","10":"first","11":"instock","12":"shipping-taxable","13":"product-type-simple"},"amp_enabled":true,"_links":{"self":[{"href":"https:\/\/www.hydraulic-cylinders.net\/lt\/wp-json\/wp\/v2\/product\/19524","targetHints":{"allow":["GET"]}}],"collection":[{"href":"https:\/\/www.hydraulic-cylinders.net\/lt\/wp-json\/wp\/v2\/product"}],"about":[{"href":"https:\/\/www.hydraulic-cylinders.net\/lt\/wp-json\/wp\/v2\/types\/product"}],"replies":[{"embeddable":true,"href":"https:\/\/www.hydraulic-cylinders.net\/lt\/wp-json\/wp\/v2\/comments?post=19524"}],"wp:featuredmedia":[{"embeddable":true,"href":"https:\/\/www.hydraulic-cylinders.net\/lt\/wp-json\/wp\/v2\/media\/17877"}],"wp:attachment":[{"href":"https:\/\/www.hydraulic-cylinders.net\/lt\/wp-json\/wp\/v2\/media?parent=19524"}],"wp:term":[{"taxonomy":"product_brand","embeddable":true,"href":"https:\/\/www.hydraulic-cylinders.net\/lt\/wp-json\/wp\/v2\/product_brand?post=19524"},{"taxonomy":"product_cat","embeddable":true,"href":"https:\/\/www.hydraulic-cylinders.net\/lt\/wp-json\/wp\/v2\/product_cat?post=19524"},{"taxonomy":"product_tag","embeddable":true,"href":"https:\/\/www.hydraulic-cylinders.net\/lt\/wp-json\/wp\/v2\/product_tag?post=19524"}],"curies":[{"name":"wp","href":"https:\/\/api.w.org\/{rel}","templated":true}]}}