{"id":19525,"date":"2025-04-07T06:52:47","date_gmt":"2025-04-07T06:52:47","guid":{"rendered":"https:\/\/www.hydraulic-cylinders.net\/product\/boom-cylinder-for-kym-ky50c\/"},"modified":"2025-04-07T06:52:50","modified_gmt":"2025-04-07T06:52:50","slug":"boom-cylinder-for-kym-ky50c","status":"publish","type":"product","link":"https:\/\/www.hydraulic-cylinders.net\/lt\/produktas\/boom-cylinder-for-kym-ky50c\/","title":{"rendered":"Str\u0117l\u0117s cilindras, skirtas KYM KY50C"},"content":{"rendered":"<h1>Str\u0117l\u0117s cilindras, skirtas KYM KY50C<\/h1>\n<h2>Produkto ap\u017evalga<\/h2>\n<p>KYM KY50C str\u0117l\u0117s cilindras yra specializuotas hidraulinis cilindras, skirtas valdyti str\u0117l\u0117s jud\u0117jim\u0105 sunkiosiose ma\u0161inose, tokiose kaip ekskavatoriai, ekskavatoriniai krautuvai ir frontaliniai krautuvai. Jis atlieka labai svarb\u0173 vaidmen\u012f atliekant med\u017eiag\u0173 tvarkymo u\u017eduotis, nes leid\u017eia str\u0117lei efektyviai pakilti, nuleisti ir pakreipti. \u0160is hidraulinis cilindras yra neatsiejama statybin\u0117s ir \u017eem\u0117s \u016bkio \u012frangos veikimo dalis, u\u017etikrinanti reikiam\u0105 j\u0117g\u0105, kad b\u016bt\u0173 galima patikimai atlikti sunkiasvores u\u017eduotis.<\/p>\n<p><img decoding=\"async\" src=\"https:\/\/www.hydraulic-cylinders.net\/wp-content\/uploads\/2025\/04\/songte-company-1.webp\" alt=\"KYM KY50C str\u0117l\u0117s cilindras\"><\/p>\n<h3>Str\u0117l\u0117s cilindr\u0173 funkcija ir svarba<\/h3>\n<p>Hidraulin\u0117se sistemose str\u0117l\u0117s cilindrai palengvina tiksl\u0173 valdym\u0105 ir jud\u0117jim\u0105, o tai yra labai svarbu \u012fvairioms reikm\u0117ms. Jie leid\u017eia manipuliuoti str\u0117l\u0117s kamp\u0105 ir pad\u0117t\u012f, tod\u0117l operatoriai gali lengvai atlikti tokias u\u017eduotis kaip kasimas, k\u0117limas ir med\u017eiag\u0173 transportavimas. \u0160is tikslumas yra ypa\u010d svarbus statybose, kur tikslumas gali labai paveikti projekto rezultatus.<\/p>\n<h2>Str\u0117l\u0117s cilindro savyb\u0117s<\/h2>\n<ul>\n<li><strong>Didelis stiprumas ir ilgaam\u017ei\u0161kumas:<\/strong> Pagaminti i\u0161 didelio stiprumo plieno arba aliuminio, \u0161ie cilindrai atlaiko dideles apkrovas ir auk\u0161t\u0105 sl\u0117g\u012f, tinka at\u0161iaurioms darbo aplinkoms, nes yra atspar\u016bs dilimui ir korozijai.<\/li>\n<li><strong>Efektyvus hidraulinis valdymas:<\/strong> \u0160ie cilindrai, naudodami hidraulin\u0117s alyvos sl\u0117g\u012f skland\u017eiam i\u0161st\u016bmimui ir \u012ftraukimui, greitai reaguoja \u012f valdymo komandas ir u\u017etikrina tvirt\u0105 st\u016bmimo bei traukimo j\u0117g\u0105, reikaling\u0105 sunkioms ir sud\u0117tingoms u\u017eduotims atlikti.<\/li>\n<li><strong>Tip\u0173 \u012fvairov\u0117:<\/strong> Galima \u012fsigyti vienpusio arba dvipusio veikimo konstrukcij\u0173, kad atitikt\u0173 konkre\u010dius eksploatacinius poreikius. Kai kurie modeliai yra teleskopiniai, tod\u0117l juos galima labiau i\u0161tiesti nedidinant i\u0161orini\u0173 matmen\u0173, tod\u0117l jie idealiai tinka u\u017edaroms erdv\u0117ms.<\/li>\n<li><strong>Individuali gamyba:<\/strong> \u0160\u012f gamin\u012f galime pagaminti tobulai, u\u017etikrindami, kad m\u016bs\u0173 hidrauliniai cilindrai idealiai pakeist\u0173 \u012fvairius modelius.<\/li>\n<li><strong>Universalios taikymo sritys:<\/strong> Tinka \u012fvairiems mechanizmams, pagerinant j\u0173 eksploatacines galimybes ir efektyvum\u0105.<\/li>\n<\/ul>\n<p><img decoding=\"async\" src=\"https:\/\/www.hydraulic-cylinders.net\/wp-content\/uploads\/2025\/04\/songte-cylinder-head-with-all-kinds-excavator-models.webp\" alt=\"Hidraulinio cilindro galvut\u0117\"><\/p>\n<h2>Str\u0117l\u0117s cilindr\u0173 pritaikymas<\/h2>\n<h3>Statybin\u0117 \u012franga<\/h3>\n<p>Ekskavatoriuose str\u0117l\u0117s cilindrai yra labai svarb\u016bs kasant, kraunant ir perkeliant \u017eem\u0119 ar \u0161iuk\u0161les. Jie leid\u017eia tiksliai nustatyti ekskavatoriaus svirties pad\u0117t\u012f, tod\u0117l med\u017eiagas galima tvarkyti efektyviai ir efektyviai. Ekskavatoriniai krautuvai naudoja \u0161iuos cilindrus tiek kasimo, tiek k\u0117limo darbams atlikti, tod\u0117l jie yra nepakei\u010diami statybviet\u0117se.<\/p>\n<h3>\u017dem\u0117s \u016bkio technika<\/h3>\n<p>Priekiniai krautuvai naudoja str\u0117l\u0117s cilindrus dirvo\u017eemiui, \u0161ienui ir kitoms med\u017eiagoms semti, kelti ir transportuoti. Galimyb\u0117 valdyti str\u0117l\u0117s auk\u0161t\u012f ir kamp\u0105 u\u017etikrina, kad operatoriai gali tiksliai atlikti savo u\u017eduotis, optimizuodami na\u0161um\u0105 \u017eem\u0117s \u016bkio darb\u0173 metu.<\/p>\n<h3>Ekskavatoriai<\/h3>\n<p>Ekskavatoriuose str\u0117l\u0117s cilindrai leid\u017eia prasiskverbti \u012f dirvo\u017eem\u012f, palengvindami efektyvius kasimo veiksmus. \u0160i galimyb\u0117 yra b\u016btina atliekant \u012fvairius kasimo darbus \u2013 nuo \u200b\u200bpamat\u0173 kasimo iki kra\u0161tovaizd\u017eio tvarkymo projekt\u0173, \u2013 u\u017etikrinant, kad operatoriai gal\u0117t\u0173 efektyviai atlikti savo darb\u0105.<\/p>\n<h3>Krautuvai<\/h3>\n<p>Priekiniuose krautuvuose str\u0117l\u0117s cilindrai padeda efektyviai kelti ir i\u0161versti krovinius. J\u0173 konstrukcija leid\u017eia pasiekti didel\u0119 k\u0117limo gali\u0105, tod\u0117l ma\u0161ina gali lengvai tvarkyti sunkias med\u017eiagas, taip padidindama bendr\u0105 veiklos efektyvum\u0105.<\/p>\n<h2>Projektavimo aspektai ir atrankos kriterijai<\/h2>\n<h3>Keliamoji galia<\/h3>\n<p>Renkantis str\u0117l\u0117s cilindr\u0105, svarbiausias aspektas yra jo keliamoji galia, lemianti, kiek svorio jis gali efektyviai pakelti ir valdyti. Svarbu pasirinkti cilindr\u0105, kuris atitikt\u0173 arba vir\u0161yt\u0173 atliekam\u0173 u\u017eduo\u010di\u0173 reikalavimus, u\u017etikrindamas patikimum\u0105 ir saug\u0105 eksploatavimo metu.<\/p>\n<h3>Sandarinimo mechanizmas<\/h3>\n<p>Efektyvus sandarinimas yra labai svarbus norint i\u0161laikyti hidraulin\u012f skyst\u012f cilindre ir i\u0161vengti nuot\u0117ki\u0173. Auk\u0161tos kokyb\u0117s sandarikliai, pagaminti i\u0161 patvari\u0173 med\u017eiag\u0173, u\u017etikrina ilgaam\u017ei\u0161kum\u0105 ir optimal\u0173 na\u0161um\u0105, suma\u017eindami prie\u017ei\u016bros poreik\u012f ir padidindami bendr\u0105 cilindro efektyvum\u0105.<\/p>\n<h3>Patvarumas<\/h3>\n<p>Patvarumas yra pagrindinis veiksnys renkantis str\u0117l\u0117s cilindrus, nes jie da\u017enai veikia at\u0161iauriomis s\u0105lygomis. Pasirinkus cilindrus, pagamintus i\u0161 tvirt\u0173 konstrukcini\u0173 med\u017eiag\u0173 ir apdail\u0105, atspari\u0105 dilimui ir korozijai, galima gerokai pailginti j\u0173 tarnavimo laik\u0105, tod\u0117l jie yra vertinga investicija.<\/p>\n<h3>Saugos funkcijos<\/h3>\n<p>\u012erengiant saugos funkcijas, tokias kaip apsauga nuo perkrovos ir sl\u0117gio ma\u017einimo vo\u017etuvai, galima i\u0161vengti nelaiming\u0173 atsitikim\u0173 ir \u012frangos gedim\u0173. Siekiant u\u017etikrinti saugi\u0105 darbo aplink\u0105, labai svarbu u\u017etikrinti, kad pasirinktas balionas tur\u0117t\u0173 \u0161ias saugos priemones.<\/p>\n<h3>Prie\u017ei\u016bra ir tinkamumas naudoti<\/h3>\n<p>Konstrukcija, leid\u017eianti lengvai pri\u017ei\u016br\u0117ti ir remontuoti, yra labai svarbi norint i\u0161laikyti str\u0117l\u0117s cilindrus optimalioje b\u016bkl\u0117je. Galimyb\u0117 pasiekti komponentus patikrinimui ir techninei prie\u017ei\u016brai be didelio i\u0161montavimo gali sutaupyti laiko ir suma\u017einti prastovas darbo vietoje.<\/p>\n<p><img decoding=\"async\" src=\"https:\/\/www.hydraulic-cylinders.net\/wp-content\/uploads\/2025\/04\/songte-oil-pipes-and-spare-parts.webp\" alt=\"Hidraulini\u0173 cilindr\u0173 dalys\"><\/p>\n<h2>Sandarinimas ir tepimas<\/h2>\n<p>Tinkamas sandarinimas ir tepimas yra labai svarb\u016bs str\u0117l\u0117s cilindr\u0173 funkcionalumui ir ilgaam\u017ei\u0161kumui. Siekiant i\u0161vengti hidraulinio skys\u010dio nuot\u0117kio, naudojami \u012fvair\u016bs sandarikliai, \u012fskaitant st\u016bmokli\u0173 ir stryp\u0173 sandariklius. Sandarikliai, pagaminti i\u0161 atspari\u0173 dilimui med\u017eiag\u0173, toki\u0173 kaip poliuretanas ir nitrilo kau\u010diukas, padidina ilgaam\u017ei\u0161kum\u0105. Be to, cilindro korpusas ir srieginiai galai turi b\u016bti kruop\u0161\u010diai apdirbti, kad padid\u0117t\u0173 atsparumas dilimui. Reguliariai pildant hidraulin\u0119 alyv\u0105 u\u017etikrinamas pakankamas tepimas, kuris yra b\u016btinas skland\u017eiam darbui ir prie\u0161laikiniam nusid\u0117v\u0117jimui i\u0161vengti.<\/p>\n<h2>Reguliarus patikrinimas ir prevencin\u0117 prie\u017ei\u016bra<\/h2>\n<ul>\n<li><strong>Reguliar\u016bs patikrinimai:<\/strong> Reguliariai tikrinti hidraulin\u012f cilindr\u0105, ar n\u0117ra susid\u0117v\u0117jimo ar pa\u017eeidim\u0173 po\u017eymi\u0173, yra labai svarbu norint i\u0161laikyti na\u0161um\u0105. Ie\u0161kokite nuot\u0117ki\u0173, ne\u012fprast\u0173 gars\u0173 ar veikimo poky\u010di\u0173, kurie gali rodyti problem\u0105.<\/li>\n<li><strong>Tinkamas tepimas:<\/strong> Norint suma\u017einti trint\u012f ir dilim\u0105 tarp judan\u010di\u0173 dali\u0173, labai svarbu u\u017etikrinti, kad hidraulin\u0117 sistema b\u016bt\u0173 tinkamai sutepta tinkamo tipo ir kiekio hidrauline alyva.<\/li>\n<li><strong>Sandariklio keitimas:<\/strong> Reguliariai kei\u010diant susid\u0117v\u0117jusius sandariklius, galima i\u0161vengti nuot\u0117ki\u0173 ir i\u0161laikyti hidraulin\u0117s sistemos efektyvum\u0105. Svarbu atid\u017eiai steb\u0117ti sandariklius, ypa\u010d esant dideliam apkrovimui.<\/li>\n<\/ul>\n<h2>\u012erengimo gair\u0117s<\/h2>\n<p>Tinkamas str\u0117l\u0117s cilindro montavimas yra labai svarbus optimaliam veikimui u\u017etikrinti. \u012esitikinkite, kad tvirtinimo ta\u0161kai yra teisingai sulygiuoti, naudodami tinkamus laikiklius cilindrui pritvirtinti. Prie\u0161 montuodami, nuvalykite tvirtinimo pavir\u0161ius, kad i\u0161vengtum\u0117te u\u017eter\u0161imo. Laikykit\u0117s gamintojo nurodym\u0173 d\u0117l sukimo momento nustatym\u0173 ir \u012fsitikinkite, kad hidraulin\u0117s linijos yra tinkamai prijungtos, kad i\u0161vengtum\u0117te nuot\u0117ki\u0173. Po montavimo patikrinkite sistem\u0105 esant apkrovai, kad \u012fsitikintum\u0117te, jog cilindras veikia skland\u017eiai ir be joki\u0173 problem\u0173.<\/p>\n<h2>\u012eprastos prie\u017ei\u016bros u\u017eduotys<\/h2>\n<ul>\n<li><strong>Reguliarus patikrinimas:<\/strong> Reguliariai atliekant patikrinimus galima nustatyti nusid\u0117v\u0117jim\u0105, kol jis nesukelia gedimo. Ie\u0161kokite pa\u017eeidimo ar nuot\u0117kio po\u017eymi\u0173 ir \u012fvertinkite sandarikli\u0173 bei jungiam\u0173j\u0173 detali\u0173 b\u016bkl\u0119.<\/li>\n<li><strong>Tinkamas tepimas:<\/strong> Reguliarus tepimas tinkama hidrauline alyva u\u017etikrina skland\u0173 veikim\u0105 ir pailgina cilindro tarnavimo laik\u0105. \u012esitikinkite, kad alyvoje n\u0117ra ter\u0161al\u0173, nes priemai\u0161os gali sukelti susid\u0117v\u0117jim\u0105.<\/li>\n<li><strong>Sandariklio keitimas:<\/strong> Tarpikli\u0173 steb\u0117jimas ir keitimas, kai reikia, apsaugo nuo nuot\u0117ki\u0173 ir palaiko sistemos efektyvum\u0105. Patikrinim\u0173 metu atkreipkite d\u0117mes\u012f \u012f tarpikli\u0173 b\u016bkl\u0119, kad nustatytum\u0117te, kada juos reikia keisti.<\/li>\n<\/ul>\n<h2>Saugos aspektai ir aplinkos veiksniai<\/h2>\n<p>Dirbant su hidrauliniais cilindrais, saugos priemon\u0117s yra nepaprastai svarbios. Operatoriai tur\u0117t\u0173 b\u016bti apmokyti saugaus darbo su hidraulin\u0117mis sistemomis praktikos ir \u017einoti apie galimus pavojus, susijusius su hidraulin\u0117mis sistemomis. Tai apima hidraulinio skys\u010dio nuot\u0117kio rizikos supratim\u0105 ir \u0161varios darbo aplinkos palaikymo svarb\u0105 siekiant i\u0161vengti u\u017eter\u0161imo. Reguliar\u016bs mokymai ir saugos protokol\u0173 laikymasis gali \u017eymiai suma\u017einti nelaiming\u0173 atsitikim\u0173 skai\u010di\u0173 ir u\u017etikrinti saugi\u0105 darbo aplink\u0105.<\/p>\n<h2>Gedim\u0173 diagnostika ir da\u017eniausios problemos<\/h2>\n<ul>\n<li><strong>Hidraulini\u0173 skys\u010di\u0173 nuot\u0117kiai:<\/strong> Nuot\u0117kiai gali atsirasti d\u0117l susid\u0117v\u0117jusi\u0173 sandarikli\u0173 arba pa\u017eeist\u0173 \u017earn\u0173. Reguliariai tikrinkite jungtis ir cilindr\u0105, ar n\u0117ra skys\u010dio nuot\u0117kio po\u017eymi\u0173. Nedelsdami pa\u0161alinkite nuot\u0117kius, kad i\u0161vengtum\u0117te tolesn\u0117s \u017ealos.<\/li>\n<li><strong>Suma\u017eintas na\u0161umas:<\/strong> Jei cilindras skland\u017eiai nei\u0161siple\u010dia arba nesusitraukia, patikrinkite, ar n\u0117ra u\u017esikim\u0161im\u0173 arba ar n\u0117ra \u017eemo hidraulinio skys\u010dio lygio. \u012esitikinkite, kad sistema tinkamai sutepta ir kad hidraulin\u0117se linijose n\u0117ra oro ki\u0161eni\u0173.<\/li>\n<li><strong>Triuk\u0161mas veikimo metu:<\/strong> Ne\u012fprasti garsai gali rodyti hidraulin\u0117s sistemos problem\u0105. I\u0161tirkite triuk\u0161mo \u0161altin\u012f, nes tai gali rodyti tokias problemas kaip \u017eemas skys\u010di\u0173 lygis arba mechaninis susid\u0117v\u0117jimas.<\/li>\n<\/ul>\n<h2>Trik\u010di\u0173 \u0161alinimo patarimai<\/h2>\n<p>Nor\u0117dami efektyviai diagnozuoti ir i\u0161spr\u0119sti hidraulini\u0173 cilindr\u0173 problemas, pirmiausia atlikite i\u0161sam\u0173 vis\u0173 komponent\u0173 patikrinim\u0105. \u012esitikinkite, kad hidraulinio skys\u010dio lygis yra pakankamas ir kad n\u0117ra nuot\u0117ki\u0173. Jei veikimo problemos i\u0161lieka, per\u017ei\u016br\u0117kite gamintojo rekomendacijas d\u0117l trik\u010di\u0173 \u0161alinimo. Prevencin\u0117s priemon\u0117s, tokios kaip reguliari prie\u017ei\u016bra ir patikrinimai, gali pad\u0117ti suma\u017einti problem\u0173 atsiradim\u0105, u\u017etikrinant skland\u0173 ir efektyv\u0173 hidraulin\u0117s sistemos veikim\u0105.<\/p>\n<p><img decoding=\"async\" src=\"https:\/\/www.hydraulic-cylinders.net\/wp-content\/uploads\/2025\/04\/songte-bushings-with-all-kinds-of-excavator-models.webp\" alt=\"Ekskavatori\u0173 modeliai\"><\/p>\n<h2>Apie m\u016bs\u0173 \u012fmon\u0119<\/h2>\n<p>Esame pirmaujanti pakaitini\u0173 hidraulini\u0173 cilindr\u0173 gamintoja ir didmenin\u0117 platintoja, si\u016blanti plat\u0173 gamini\u0173 asortiment\u0105, skirt\u0105 patenkinti tiek vietin\u0117s, tiek tarptautin\u0117s rinkos poreikius. M\u016bs\u0173 \u012fsipareigojim\u0105 kokybei palaiko sud\u0117tinga gamybos valdymo strategija, kurioje pabr\u0117\u017eiamas tikslumas ir patikimumas. Sutelkdami d\u0117mes\u012f \u012f technologin\u0119 pa\u017eang\u0105, naudojame auk\u0161\u010diausios klas\u0117s skaitmenin\u0119 gamybos \u012frang\u0105 ir profesionalias bandym\u0173 sistemas, kad padidintume savo gamybos paj\u0117gumus. M\u016bs\u0173 patirtis ir atsidavimas dideliam efektyvumui, tikslumui ir kokybei leid\u017eia mums patenkinti \u012fvairius klient\u0173 poreikius.<\/p>\n<p><img decoding=\"async\" src=\"https:\/\/www.hydraulic-cylinders.net\/wp-content\/uploads\/2025\/04\/songte-company-4.webp\" alt=\"\u012emon\u0117s gamyba\"><br \/>\n<img decoding=\"async\" src=\"https:\/\/www.hydraulic-cylinders.net\/wp-content\/uploads\/2025\/04\/songte-company-3.webp\" alt=\"\u012emon\u0117s ap\u017evalga\"><\/p>\n<p>Nor\u0117dami gauti daugiau informacijos apie m\u016bs\u0173 paslaugas ir produktus, susisiekite su mumis tiesiogiai.<\/p>\n<p>Autorius: lyl<\/p>","protected":false},"excerpt":{"rendered":"<p>Boom Cylinder For KYM KY50C Product Overview The Boom Cylinder for KYM KY50C is a specialized hydraulic cylinder designed to control the movement of the boom in heavy machinery such as excavators, backhoe loaders, and front loaders. It plays a critical role in material handling tasks, enabling the boom to lift, lower, and tilt effectively. [&hellip;]<\/p>","protected":false},"featured_media":17878,"comment_status":"open","ping_status":"closed","template":"","meta":{"_et_pb_use_builder":"","_et_pb_old_content":"","_et_gb_content_width":""},"product_brand":[],"product_cat":[1546],"product_tag":[1547,1496],"class_list":{"0":"post-19525","1":"product","2":"type-product","3":"status-publish","4":"has-post-thumbnail","6":"product_cat-boom-cylinders","7":"product_tag-boom-cylinders","8":"product_tag-hydraulic-cylinders","10":"first","11":"instock","12":"shipping-taxable","13":"product-type-simple"},"amp_enabled":true,"_links":{"self":[{"href":"https:\/\/www.hydraulic-cylinders.net\/lt\/wp-json\/wp\/v2\/product\/19525","targetHints":{"allow":["GET"]}}],"collection":[{"href":"https:\/\/www.hydraulic-cylinders.net\/lt\/wp-json\/wp\/v2\/product"}],"about":[{"href":"https:\/\/www.hydraulic-cylinders.net\/lt\/wp-json\/wp\/v2\/types\/product"}],"replies":[{"embeddable":true,"href":"https:\/\/www.hydraulic-cylinders.net\/lt\/wp-json\/wp\/v2\/comments?post=19525"}],"wp:featuredmedia":[{"embeddable":true,"href":"https:\/\/www.hydraulic-cylinders.net\/lt\/wp-json\/wp\/v2\/media\/17878"}],"wp:attachment":[{"href":"https:\/\/www.hydraulic-cylinders.net\/lt\/wp-json\/wp\/v2\/media?parent=19525"}],"wp:term":[{"taxonomy":"product_brand","embeddable":true,"href":"https:\/\/www.hydraulic-cylinders.net\/lt\/wp-json\/wp\/v2\/product_brand?post=19525"},{"taxonomy":"product_cat","embeddable":true,"href":"https:\/\/www.hydraulic-cylinders.net\/lt\/wp-json\/wp\/v2\/product_cat?post=19525"},{"taxonomy":"product_tag","embeddable":true,"href":"https:\/\/www.hydraulic-cylinders.net\/lt\/wp-json\/wp\/v2\/product_tag?post=19525"}],"curies":[{"name":"wp","href":"https:\/\/api.w.org\/{rel}","templated":true}]}}