{"id":19526,"date":"2025-04-07T06:52:50","date_gmt":"2025-04-07T06:52:50","guid":{"rendered":"https:\/\/www.hydraulic-cylinders.net\/product\/boom-cylinder-for-kym-ky60f\/"},"modified":"2025-04-07T06:52:52","modified_gmt":"2025-04-07T06:52:52","slug":"boom-cylinder-for-kym-ky60f","status":"publish","type":"product","link":"https:\/\/www.hydraulic-cylinders.net\/lt\/produktas\/boom-cylinder-for-kym-ky60f\/","title":{"rendered":"Str\u0117l\u0117s cilindras, skirtas KYM KY60F"},"content":{"rendered":"<h1>Str\u0117l\u0117s cilindras, skirtas KYM KY60F<\/h1>\n<h2>Produkto ap\u017evalga<\/h2>\n<p>KYM KY60F str\u0117l\u0117s cilindras yra esminis hidraulinis komponentas, specialiai sukurtas valdyti kau\u0161o jud\u0117jim\u0105 sunkiojoje technikoje, tokioje kaip ekskavatoriai, ekskavatoriniai krautuvai ir frontaliniai krautuvai. \u0160is hidraulinis cilindras leid\u017eia kau\u0161\u0105 pakelti, nuleisti ir pakreipti, taip palengvindamas efektyv\u0173 med\u017eiag\u0173 tvarkym\u0105 \u012fvairiose statybos ir \u017eem\u0117s \u016bkio srityse. Kaip hidraulinis cilindras, jis veikia naudodamas susl\u0117gt\u0105 hidraulin\u012f skyst\u012f, kuris u\u017etikrina skland\u0173 ir galing\u0105 jud\u0117jim\u0105, u\u017etikrindamas, kad operatoriai gal\u0117t\u0173 tiksliai manevruoti sunkius krovinius.<\/p>\n<p><img decoding=\"async\" src=\"https:\/\/www.hydraulic-cylinders.net\/wp-content\/uploads\/2025\/04\/songte-company-1.webp\" alt=\"Str\u0117l\u0117s cilindras\"><\/p>\n<h2>Str\u0117l\u0117s cilindro savyb\u0117s<\/h2>\n<ul>\n<li><strong>Didelis stiprumas ir ilgaam\u017ei\u0161kumas:<\/strong> Paprastai pagamintas i\u0161 didelio stiprumo plieno arba aliuminio, \u0161is cilindras gali atlaikyti auk\u0161t\u0105 sl\u0117g\u012f ir dideles apkrovas, tod\u0117l tinka at\u0161iaurioms darbo aplinkoms. Jis suprojektuotas atsi\u017evelgiant \u012f atsparum\u0105 dilimui ir korozijai, taip pailginant jo tarnavimo laik\u0105.<\/li>\n<li><strong>Efektyvus hidraulinis valdymas:<\/strong> \u0160is cilindras, naudodamas hidraulin\u0117s alyvos sl\u0117g\u012f, u\u017etikrina skland\u017eius teleskopinius judesius ir greitai reaguoja \u012f valdymo komandas, u\u017etikrindamas galingas st\u016bmimo ir traukimo j\u0117gas, idealiai tinkan\u010dias sunkioms med\u017eiagoms tvarkyti ir sud\u0117tingoms u\u017eduotims atlikti.<\/li>\n<li><strong>\u012evair\u016bs tipai:<\/strong> Priklausomai nuo eksploatacini\u0173 poreiki\u0173, vartotojai gali rinktis vienpusio veikimo (veikian\u010dius viena kryptimi) arba dvipusio veikimo (veikian\u010dius abiem kryptimis) cilindrus. Kai kurie modeliai pasi\u017eymi teleskopin\u0117mis konstrukcijomis, kurios leid\u017eia didesn\u012f i\u0161pl\u0117tim\u0105 nedidinant i\u0161orini\u0173 matmen\u0173, tod\u0117l puikiai tinka naudoti ribotoje erdv\u0117je.<\/li>\n<li><strong>Individuali gamyba:<\/strong> M\u016bs\u0173 gamybos paj\u0117gumai leid\u017eia mums gaminti \u0161\u012f gamin\u012f, kuris puikiai pakeis esamus hidraulinius cilindrus, u\u017etikrindamas suderinamum\u0105 ir na\u0161um\u0105.<\/li>\n<\/ul>\n<p><img decoding=\"async\" src=\"https:\/\/www.hydraulic-cylinders.net\/wp-content\/uploads\/2025\/04\/songte-cylinder-head-with-all-kinds-excavator-models.webp\" alt=\"Cilindro galvut\u0117 ekskavatori\u0173 modeliams\"><\/p>\n<h2>Str\u0117l\u0117s cilindro pritaikymas<\/h2>\n<h3>Statybin\u0117 \u012franga<\/h3>\n<p>Statybin\u0117je technikoje str\u0117l\u0117s cilindras yra labai svarbus ekskavatoriams, nes jis padeda kasti, krauti ir perkelti dirvo\u017eem\u012f ar \u0161iuk\u0161les. Cilindro hidraulin\u0117 galia leid\u017eia efektyviai atlikti kasimo operacijas, tod\u0117l jis yra nepakei\u010diamas komponentas statybos projektuose \u2013 nuo \u200b\u200b\u200b\u200bnedideli\u0173 kra\u0161tovaizd\u017eio tvarkymo darb\u0173 iki didelio masto \u017eem\u0117s kasimo darb\u0173.<\/p>\n<h3>\u017dem\u0117s \u016bkio technika<\/h3>\n<p>Priekiniuose krautuvuose str\u0117l\u0117s cilindras atlieka gyvybi\u0161kai svarb\u0173 vaidmen\u012f semiant, keliant ir transportuojant dirvo\u017eem\u012f, \u0161ien\u0105 ir kitas med\u017eiagas. Jo geb\u0117jimas atlikti galingus k\u0117limo veiksmus padidina produktyvum\u0105 \u017eem\u0117s \u016bkio operacijose, leisdamas \u016bkininkams efektyviai valdyti i\u0161teklius ir supaprastinti savo darbo eig\u0105.<\/p>\n<h3>Ekskavatoriai<\/h3>\n<p>Str\u0117l\u0117s cilindras leid\u017eia kau\u0161ui \u012fsiskverbti \u012f \u017eem\u0119, palengvindamas ekskavatoriams reikaling\u0105 kasimo veiksm\u0105. \u0160i galimyb\u0117 yra b\u016btina atliekant \u012fvairias u\u017eduotis, tokias kaip tran\u0161\u0117j\u0173 kasimas, aik\u0161tel\u0117s paruo\u0161imas ir pamat\u0173 kasimas, ir labai prisideda prie kasimo \u012frangos efektyvumo.<\/p>\n<h3>Krautuvai<\/h3>\n<p>Priekiniuose krautuvuose str\u0117l\u0117s cilindrai padeda efektyviai kelti ir i\u0161krauti krovinius. Hidraulin\u0117 galia leid\u017eia operatoriams lengvai valdyti tokias med\u017eiagas kaip \u017evyras, sm\u0117lis ir kiti bir\u016bs daiktai, u\u017etikrinant skland\u0173 darb\u0105 pakrovimo ir i\u0161krovimo metu.<\/p>\n<h2>Projektavimo aspektai ir atrankos kriterijai<\/h2>\n<h3>Keliamoji galia<\/h3>\n<p>Renkantis str\u0117l\u0117s cilindr\u0105, svarbiausia suprasti jo keliam\u0105j\u0105 gali\u0105. Cilindras turi atlaikyti maksimali\u0105 apkrov\u0105, numatom\u0105 eksploatacijos metu. Tai rei\u0161kia, kad reikia atsi\u017evelgti tiek \u012f statines, tiek \u012f dinamines apkrovas, su kuriomis cilindras susidurs. Pasirinkus netinkamos keliamosios galios cilindr\u0105, jis gali prie\u0161laiki\u0161kai sugesti, kilti pavojus saugai ir brangiai kainuoti prastovos.<\/p>\n<h3>Sandarumas ir ilgaam\u017ei\u0161kumas<\/h3>\n<p>Str\u0117l\u0117s cilindro sandarinimo sistema yra labai svarbi norint i\u0161laikyti na\u0161um\u0105 ir ilgaam\u017ei\u0161kum\u0105. Auk\u0161tos kokyb\u0117s sandarikliai apsaugo nuo hidraulinio skys\u010dio nuot\u0117kio, u\u017etikrindami efektyv\u0173 veikim\u0105. Tinkam\u0173 sandarikli\u0173 med\u017eiag\u0173, toki\u0173 kaip poliuretanas ir nitrilo kau\u010diukas, pasirinkimas padidina patvarum\u0105 ir suma\u017eina prie\u017ei\u016bros poreik\u012f. Be to, cilindrai tur\u0117t\u0173 b\u016bti suprojektuoti taip, kad atlaikyt\u0173 aplinkos veiksni\u0173 sukelt\u0105 nusid\u0117v\u0117jim\u0105, o tai prisideda prie j\u0173 bendro tarnavimo laiko.<\/p>\n<h3>Saugos funkcijos<\/h3>\n<p>Sauga yra pagrindinis hidraulin\u0117s sistemos projektavimo r\u016bpestis. \u012etraukus tokias funkcijas kaip sl\u0117gio ma\u017einimo vo\u017etuvai ir saugos u\u017eraktai, galima i\u0161vengti nelaiming\u0173 atsitikim\u0173, kuriuos sukelia staig\u016bs sl\u0117gio \u0161uoliai ar \u012frangos gedimai. Gerai suprojektuotame cilindre tur\u0117t\u0173 b\u016bti \u0161ie saugos mechanizmai, skirti apsaugoti tiek operatori\u0173, tiek \u012frang\u0105.<\/p>\n<h3>Prieinamumas prie prie\u017ei\u016bros<\/h3>\n<p>Svarbus projektavimo aspektas yra u\u017etikrinti, kad cilindr\u0105 b\u016bt\u0173 lengva pri\u017ei\u016br\u0117ti. Tai apima reguliarius patikrinimus, tepim\u0105 ir galimyb\u0119 pakeisti susid\u0117v\u0117jusius sandariklius ar dalis be didelio i\u0161montavimo. Balionas, suprojektuotas atsi\u017evelgiant \u012f technin\u0119 prie\u017ei\u016br\u0105, padidins eksploatavimo efektyvum\u0105 ir suma\u017eins prastovas.<\/p>\n<p><img decoding=\"async\" src=\"https:\/\/www.hydraulic-cylinders.net\/wp-content\/uploads\/2025\/04\/songte-oil-pipes-and-spare-parts.webp\" alt=\"Hidrauliniai vamzd\u017eiai ir atsargin\u0117s dalys\"><\/p>\n<h2>Sandarinimas ir tepimas<\/h2>\n<p>Efektyvus sandarinimas ir tepimas yra labai svarb\u016bs str\u0117l\u0117s cilindro veikimui. \u012evair\u016bs sandarinimo komponentai, \u012fskaitant st\u016bmokli\u0173 ir stryp\u0173 sandariklius, tur\u0117t\u0173 b\u016bti parenkami atsi\u017evelgiant \u012f j\u0173 patvarum\u0105 ir atsparum\u0105 dilimui. Tokios med\u017eiagos kaip poliuretanas arba nitrilo kau\u010diukas da\u017eniausiai naudojamos d\u0117l j\u0173 stiprumo ir atsparumo hidrauliniams skys\u010diams. Cilindro korpusas ir srieginiai galiniai pavir\u0161iai turi b\u016bti tiksliai apdirbti, kad padid\u0117t\u0173 atsparumas dilimui ir b\u016bt\u0173 u\u017etikrinta, jog jie atlaikys at\u0161iaurias eksploatavimo s\u0105lygas.<\/p>\n<p>Taip pat b\u016btina reguliariai tepti hidrauline alyva. Tinkamas tepimas suma\u017eina trint\u012f ir nusid\u0117v\u0117jim\u0105, u\u017etikrindamas skland\u0173 veikim\u0105 ir pailgindamas cilindro tarnavimo laik\u0105. Operatoriai tur\u0117t\u0173 steb\u0117ti alyvos lyg\u012f ir reguliariai naudoti reikiam\u0105 hidraulinio skys\u010dio kiek\u012f, kad palaikyt\u0173 optimal\u0173 na\u0161um\u0105.<\/p>\n<h2>Reguliari prie\u017ei\u016bra ir prevencin\u0117s priemon\u0117s<\/h2>\n<ul>\n<li><strong>Reguliar\u016bs patikrinimai:<\/strong> Labai svarbu da\u017enai tikrinti str\u0117l\u0117s cilindr\u0105, ar n\u0117ra susid\u0117v\u0117jimo, nuot\u0117ki\u0173 ar pa\u017eeidim\u0173 po\u017eymi\u0173. Ankstyvas problem\u0173 nustatymas gali pad\u0117ti i\u0161vengti rimtesni\u0173 problem\u0173 ir brangaus remonto ateityje.<\/li>\n<li><strong>Tinkamas tepimas:<\/strong> Tinkamas cilindro sutepimas pad\u0117s i\u0161vengti prie\u0161laikinio susid\u0117v\u0117jimo. Operatoriai tur\u0117t\u0173 laikytis gamintojo rekomendacij\u0173 d\u0117l tepimo interval\u0173 ir naudojam\u0173 alyv\u0173 tip\u0173.<\/li>\n<li><strong>Sandariklio keitimas:<\/strong> Laikui b\u0117gant, sandarikliai gali susid\u0117v\u0117ti ir juos reikia keisti. Reguliarus sandarikli\u0173 tikrinimo ir keitimo grafikas gali \u017eymiai suma\u017einti hidraulini\u0173 nuot\u0117ki\u0173 rizik\u0105 ir i\u0161laikyti optimal\u0173 na\u0161um\u0105.<\/li>\n<\/ul>\n<h2>\u012erengimo gair\u0117s<\/h2>\n<p>Tinkamas str\u0117l\u0117s cilindro montavimas yra labai svarbus siekiant u\u017etikrinti optimal\u0173 na\u0161um\u0105 ir ilgaam\u017ei\u0161kum\u0105. Pirmiausia \u012fsitikinkite, kad tvirtinimo pavir\u0161iai yra \u0161var\u016bs ir be \u0161iuk\u0161li\u0173. Tinkamai sulygiuokite cilindr\u0105 su ma\u0161inos tvirtinimo ta\u0161kais, naudodami tinkamus tvirtinimo laikiklius, kad j\u012f pritvirtintum\u0117te. Svarbu vengti neteisingo sulygiavimo, nes tai gali sukelti netolyg\u0173 nusid\u0117v\u0117jim\u0105 ir galiausiai gedim\u0105.<\/p>\n<p>Montuodami laikykit\u0117s gamintojo nurodym\u0173 d\u0117l sukimo momento nustatym\u0173 ir \u012fsitikinkite, kad visos jungtys yra tvirtai priver\u017etos, kad neb\u016bt\u0173 nuot\u0117ki\u0173. Visada naudokite kalibruot\u0105 sukimo momento rakt\u0105, kad i\u0161vengtum\u0117te per didelio priver\u017eimo, kuris gali pa\u017eeisti cilindr\u0105. Po montavimo atlikite funkcin\u012f patikrinim\u0105, kad \u012fsitikintum\u0117te, jog cilindras veikia skland\u017eiai ir efektyviai.<\/p>\n<h2>\u012eprastos prie\u017ei\u016bros u\u017eduotys<\/h2>\n<h3>Reguliar\u016bs patikrinimai<\/h3>\n<p>Reguliar\u016bs patikrinimai yra labai svarb\u016bs norint nustatyti str\u0117l\u0117s cilindro susid\u0117v\u0117jim\u0105 ir galimus gedimus. Operatoriai tur\u0117t\u0173 atlikti vizualinius patikrinimus, ar n\u0117ra nuot\u0117ki\u0173 ar pa\u017eeidim\u0173 po\u017eymi\u0173, patikrinti \u017earn\u0173 ir jungiam\u0173j\u0173 detali\u0173 vientisum\u0105. Planuojant reguliarius technin\u0117s prie\u017ei\u016bros darbus, galima pasteb\u0117ti problemas, kol jos netapo rimtomis.<\/p>\n<h3>Tinkamas tepimas<\/h3>\n<p>Tinkamas tepimas yra b\u016btinas norint i\u0161laikyti str\u0117l\u0117s cilindro veikim\u0105. Operatoriai turi u\u017etikrinti, kad hidraulin\u0117s alyvos lygis b\u016bt\u0173 pakankamas ir kad alyva b\u016bt\u0173 \u0161vari. U\u017eter\u0161ta arba nepakankamas alyvos kiekis gali padidinti trint\u012f ir susid\u0117v\u0117jim\u0105. Optimaliam veikimui labai svarbu laikytis gamintojo tepimo grafiko.<\/p>\n<h3>Tarpikli\u0173 keitimas ir kalibravimo patikrinimai<\/h3>\n<p>Tarpikli\u0173 keitimas yra b\u016btina u\u017eduotis, nes laikui b\u0117gant tarpikliai gali susid\u0117v\u0117ti. Reguliariai tikrinkite tarpiklius, ar n\u0117ra susid\u0117v\u0117jimo po\u017eymi\u0173, ir prireikus juos pakeiskite. Be to, reik\u0117t\u0173 atlikti kalibravimo patikrinimus, siekiant u\u017etikrinti, kad cilindras veikt\u0173 pagal nurodytus parametrus. Tai padeda i\u0161laikyti efektyvum\u0105 ir pailginti hidraulin\u0117s sistemos tarnavimo laik\u0105.<\/p>\n<p><img decoding=\"async\" src=\"https:\/\/www.hydraulic-cylinders.net\/wp-content\/uploads\/2025\/04\/songte-chushion-collar.webp\" alt=\"Pagalv\u0117l\u0117s apykakl\u0117\"><\/p>\n<h2>Saugos aspektai ir aplinkos veiksniai<\/h2>\n<p>Dirbant su hidraulin\u0117mis sistemomis, saugos priemon\u0117s yra nepaprastai svarbios. Operatoriai tur\u0117t\u0173 b\u016bti apmokyti saugiai naudoti hidraulin\u0119 \u012frang\u0105 ir suprasti galimus pavojus, susijusius su auk\u0161to sl\u0117gio sistemomis. Tinkam\u0173 asmenini\u0173 apsaugos priemoni\u0173 (AAP) d\u0117v\u0117jimas yra b\u016btinas siekiant i\u0161vengti traum\u0173 eksploatavimo ar prie\u017ei\u016bros metu. Be to, reik\u0117t\u0173 atsi\u017evelgti \u012f aplinkos veiksnius; tur\u0117t\u0173 b\u016bti \u012fdiegtos tinkamos izoliavimo priemon\u0117s, kad b\u016bt\u0173 i\u0161vengta hidraulinio skys\u010dio i\u0161siliejimo, kuris gali b\u016bti \u017ealingas aplinkai.<\/p>\n<h2>Gedim\u0173 diagnostika ir da\u017eniausios problemos<\/h2>\n<ul>\n<li><strong>Nuot\u0117kis:<\/strong> Hidraulinio skys\u010dio nuot\u0117kiai yra da\u017ena problema, galinti rodyti susid\u0117v\u0117jusius sandariklius arba pa\u017eeistas \u017earnas. Operatoriai tur\u0117t\u0173 reguliariai tikrinti, ar n\u0117ra nuot\u0117ki\u0173, ir nedelsdami juos pa\u0161alinti, kad i\u0161vengt\u0173 sistemos gedim\u0173.<\/li>\n<li><strong>Suma\u017eintas na\u0161umas:<\/strong> Jei str\u0117l\u0117s cilindras nereaguoja efektyviai, tai gali b\u016bti d\u0117l \u017eemo hidraulinio skys\u010dio lygio, u\u017eter\u0161tos alyvos arba vidinio susid\u0117v\u0117jimo. Reguliar\u016bs patikrinimai ir savalaik\u0117 prie\u017ei\u016bra gali pad\u0117ti i\u0161spr\u0119sti \u0161ias problemas.<\/li>\n<li><strong>Ne\u012fprasti garsai:<\/strong> Ne\u012fprasti garsai veikimo metu, pavyzd\u017eiui, girg\u017ed\u0117jimas ar \u0161nyp\u0161timas, gali rodyti mechanines problemas. Operatoriai tur\u0117t\u0173 nedelsdami i\u0161tirti \u0161iuos garsus, nes jie gali rodyti rimtas problemas, \u012f kurias reikia atkreipti d\u0117mes\u012f.<\/li>\n<\/ul>\n<h2>Trik\u010di\u0173 \u0161alinimo patarimai<\/h2>\n<p>Siekdami veiksmingai diagnozuoti gedimus, operatoriai tur\u0117t\u0173 tvarkyti i\u0161sam\u0173 patikrinim\u0173 \u017eurnal\u0105, kuriame b\u016bt\u0173 galima sekti na\u0161umo problemas ir technin\u0117s prie\u017ei\u016bros istorij\u0105. Jei aptinkamas nuot\u0117kis, pirmiausia patikrinkite sandariklius ir jungiam\u0105sias detales ir pakeiskite visus susid\u0117v\u0117jusius komponentus. Jei na\u0161umas suma\u017e\u0117jo, \u012fsitikinkite, kad hidraulinio skys\u010dio lygis yra rekomenduojamas ir jis yra \u0161varus. Jei atsiranda ne\u012fprast\u0173 gars\u0173, nedelsdami nutraukite eksploatavim\u0105, kad i\u0161vengtum\u0117te tolesn\u0117s \u017ealos, ir kreipkit\u0117s \u012f technik\u0105 d\u0117l i\u0161samios analiz\u0117s.<\/p>\n<p>Prevencija yra labai svarbi; reguliari prie\u017ei\u016bra ir mokymai gali gerokai suma\u017einti galim\u0173 problem\u0173 rizik\u0105. Operatorius reik\u0117t\u0173 skatinti susipa\u017einti su technika ir laikytis rekomenduojam\u0173 technin\u0117s prie\u017ei\u016bros grafik\u0173, kad b\u016bt\u0173 u\u017etikrintas ilgaam\u017ei\u0161kumas ir patikimumas.<\/p>\n<p><img decoding=\"async\" src=\"https:\/\/www.hydraulic-cylinders.net\/wp-content\/uploads\/2025\/04\/songte-bushings-with-all-kinds-of-excavator-models.webp\" alt=\"Ekskavatori\u0173 modeli\u0173 \u012fvor\u0117s\"><\/p>\n<h2>Apie m\u016bs\u0173 \u012fmon\u0119<\/h2>\n<p>Esame pirmaujantis pakaitini\u0173 hidraulini\u0173 cilindr\u0173 gamintojas, si\u016blantis plat\u0173 gamini\u0173 asortiment\u0105, kuris \u012ftvirtino m\u016bs\u0173, kaip vieno i\u0161 geriausi\u0173 gamintoj\u0173 ir didmenini\u0173 platintoj\u0173, pozicij\u0105 tiek vidaus, tiek tarptautin\u0117se rinkose. Mes laikom\u0117s \u012fsipareigojimo siekti meistri\u0161kumo, remdamiesi rafinuotomis gamybos strategijomis ir pa\u017eangiais gamybos valdymo metodais.<\/p>\n<p>M\u016bs\u0173 \u012fmon\u0117 nuolat tobulina savo gamybos platform\u0105, pasitelkdama techninius specialistus, auk\u0161\u010diausios klas\u0117s skaitmenin\u0119 gamybos \u012frang\u0105 ir profesionalias testavimo sistemas. Tai u\u017etikrina auk\u0161\u010diausius gamybos kokyb\u0117s standartus. Turime tvirtus k\u016brybinius paj\u0117gumus ir laikom\u0117s didelio efektyvumo, tikslumo ir kokyb\u0117s princip\u0173, kad patenkintume \u012fvairius klient\u0173 poreikius.<\/p>\n<p>M\u016bs\u0173 patirtis apima \u012fvairius aspektus, \u012fskaitant specializacij\u0105 hidraulin\u0117se sistemose, tarptautinius sertifikatus, individualiai pritaikytas paslaugas, pa\u017eangi\u0105 gamybos \u012frang\u0105 ir neprilygstam\u0105 garantin\u012f aptarnavim\u0105.<\/p>\n<p><img decoding=\"async\" src=\"https:\/\/www.hydraulic-cylinders.net\/wp-content\/uploads\/2025\/04\/songte-company-4.webp\" alt=\"\u012emon\u0117s paveiksl\u0117lis 1\"><br \/>\n<img decoding=\"async\" src=\"https:\/\/www.hydraulic-cylinders.net\/wp-content\/uploads\/2025\/04\/songte-company-3.webp\" alt=\"\u012emon\u0117s paveiksl\u0117lis 2\"><\/p>\n<p>Autorius: lyl<\/p>","protected":false},"excerpt":{"rendered":"<p>Boom Cylinder For KYM KY60F Product Overview The Boom Cylinder for KYM KY60F is an essential hydraulic component designed specifically for controlling the movement of the bucket on heavy machinery such as excavators, backhoe loaders, and front-end loaders. This hydraulic cylinder enables the bucket to lift, lower, and tilt, facilitating efficient material handling tasks in [&hellip;]<\/p>","protected":false},"featured_media":17879,"comment_status":"open","ping_status":"closed","template":"","meta":{"_et_pb_use_builder":"","_et_pb_old_content":"","_et_gb_content_width":""},"product_brand":[],"product_cat":[1546],"product_tag":[1547,1496],"class_list":{"0":"post-19526","1":"product","2":"type-product","3":"status-publish","4":"has-post-thumbnail","6":"product_cat-boom-cylinders","7":"product_tag-boom-cylinders","8":"product_tag-hydraulic-cylinders","10":"first","11":"instock","12":"shipping-taxable","13":"product-type-simple"},"amp_enabled":true,"_links":{"self":[{"href":"https:\/\/www.hydraulic-cylinders.net\/lt\/wp-json\/wp\/v2\/product\/19526","targetHints":{"allow":["GET"]}}],"collection":[{"href":"https:\/\/www.hydraulic-cylinders.net\/lt\/wp-json\/wp\/v2\/product"}],"about":[{"href":"https:\/\/www.hydraulic-cylinders.net\/lt\/wp-json\/wp\/v2\/types\/product"}],"replies":[{"embeddable":true,"href":"https:\/\/www.hydraulic-cylinders.net\/lt\/wp-json\/wp\/v2\/comments?post=19526"}],"wp:featuredmedia":[{"embeddable":true,"href":"https:\/\/www.hydraulic-cylinders.net\/lt\/wp-json\/wp\/v2\/media\/17879"}],"wp:attachment":[{"href":"https:\/\/www.hydraulic-cylinders.net\/lt\/wp-json\/wp\/v2\/media?parent=19526"}],"wp:term":[{"taxonomy":"product_brand","embeddable":true,"href":"https:\/\/www.hydraulic-cylinders.net\/lt\/wp-json\/wp\/v2\/product_brand?post=19526"},{"taxonomy":"product_cat","embeddable":true,"href":"https:\/\/www.hydraulic-cylinders.net\/lt\/wp-json\/wp\/v2\/product_cat?post=19526"},{"taxonomy":"product_tag","embeddable":true,"href":"https:\/\/www.hydraulic-cylinders.net\/lt\/wp-json\/wp\/v2\/product_tag?post=19526"}],"curies":[{"name":"wp","href":"https:\/\/api.w.org\/{rel}","templated":true}]}}