{"id":19527,"date":"2025-04-07T06:52:52","date_gmt":"2025-04-07T06:52:52","guid":{"rendered":"https:\/\/www.hydraulic-cylinders.net\/product\/boom-cylinder-for-kym-ky85\/"},"modified":"2025-04-07T06:52:55","modified_gmt":"2025-04-07T06:52:55","slug":"boom-cylinder-for-kym-ky85","status":"publish","type":"product","link":"https:\/\/www.hydraulic-cylinders.net\/lt\/produktas\/boom-cylinder-for-kym-ky85\/","title":{"rendered":"Str\u0117l\u0117s cilindras, skirtas KYM KY85"},"content":{"rendered":"<h1>Str\u0117l\u0117s cilindras, skirtas KYM KY85<\/h1>\n<h2>\u012evadas \u012f str\u0117l\u0117s cilindr\u0105<\/h2>\n<p>Str\u0117l\u0117s cilindras yra labai svarbus hidraulini\u0173 sistem\u0173 komponentas, ypa\u010d sunkiosiose ma\u0161inose, tokiose kaip ekskavatoriai, ekskavatoriai ir frontaliniai krautuvai. \u0160is hidraulinis cilindras, specialiai sukurtas kau\u0161o jud\u0117jimui valdyti, leid\u017eia atlikti k\u0117limo, nuleidimo ir pakreipimo veiksmus, kurie yra b\u016btini efektyviam med\u017eiag\u0173 tvarkymui. Kau\u0161o cilindras atlieka pagrindin\u012f vaidmen\u012f \u012frangos, kurioje jis naudojamas, na\u0161umui ir efektyvumui.<\/p>\n<p><img decoding=\"async\" src=\"https:\/\/www.hydraulic-cylinders.net\/wp-content\/uploads\/2025\/04\/songte-company-1.webp\" alt=\"Str\u0117l\u0117s cilindras\"><\/p>\n<h3>Apibr\u0117\u017eimas ir ap\u017evalga<\/h3>\n<p>Str\u0117l\u0117s cilindras yra hidraulinio cilindro tipas, kuris veikia naudodamas hidraulin\u012f skyst\u012f mechaninei j\u0117gai sukurti. Jis daugiausia naudojamas sunkiosios technikos kau\u0161ui manevruoti, leid\u017eiant operatoriui atlikti tokias u\u017eduotis kaip kasimas, k\u0117limas ir med\u017eiag\u0173 transportavimas. Str\u0117l\u0117s cilindro konstrukcija ne tik u\u017etikrina skland\u0173 veikim\u0105, bet ir maksimaliai padidina efektyvum\u0105 \u012fvairiose srityse, tod\u0117l jis yra nepakei\u010diamas \u0161iuolaikin\u0117s statybos ir \u017eem\u0117s \u016bkio \u012frangos elementas.<\/p>\n<h2>Str\u0117l\u0117s cilindro savyb\u0117s<\/h2>\n<ul>\n<li><strong>Didelis stiprumas ir ilgaam\u017ei\u0161kumas:<\/strong> Pagamintas i\u0161 didelio stiprumo plieno arba aliuminio, str\u0117l\u0117s cilindras yra sukurtas taip, kad atlaikyt\u0173 auk\u0161t\u0105 sl\u0117g\u012f ir dideles apkrovas, tinka at\u0161iaurioms darbo aplinkoms ir yra atsparus dilimui bei korozijai, taip pailgindamas jo tarnavimo laik\u0105.<\/li>\n<li><strong>Efektyvus hidraulinis valdymas:<\/strong> Cilindras naudoja hidraulin\u0117s alyvos sl\u0117g\u012f, kad skland\u017eiai i\u0161skleist\u0173 ir atitraukt\u0173, greitai reaguot\u0173 \u012f valdymo komandas ir u\u017etikrint\u0173 galingas st\u016bmimo bei traukimo j\u0117gas, idealiai tinkan\u010dias sunkioms med\u017eiagoms tvarkyti ir sud\u0117tingoms u\u017eduotims atlikti.<\/li>\n<li><strong>Tip\u0173 \u012fvairov\u0117:<\/strong> Galima rinktis i\u0161 vienpusio veikimo (veikian\u010di\u0173 viena kryptimi) ir dvipusio veikimo (veikian\u010di\u0173 abiem kryptimis) cilindr\u0173, tod\u0117l galima patenkinti \u012fvairius eksploatacinius poreikius. Kai kurie modeliai yra teleskopiniai, kad b\u016bt\u0173 galima labiau i\u0161tiesti nedidinant i\u0161orini\u0173 matmen\u0173, tod\u0117l puikiai tinka naudoti ribotoje erdv\u0117je.<\/li>\n<\/ul>\n<p>M\u016bs\u0173 \u012fmon\u0117 specializuojasi \u0161i\u0173 gamini\u0173 gamyboje, teikdama puikius \u012fvairi\u0173 hidraulini\u0173 cilindr\u0173 pakaitalus.<\/p>\n<p><img decoding=\"async\" src=\"https:\/\/www.hydraulic-cylinders.net\/wp-content\/uploads\/2025\/04\/songte-cylinder-head-with-all-kinds-excavator-models.webp\" alt=\"Ekskavatori\u0173 modeliai\"><\/p>\n<h2>Str\u0117l\u0117s cilindro pritaikymas<\/h2>\n<ul>\n<li><strong>Statybin\u0117 \u012franga:<\/strong> Ekskavatoriuose str\u0117l\u0117s cilindrai yra gyvybi\u0161kai svarb\u016bs kasant, kraunant ir perkeliant \u017eem\u0119 ar \u0161iuk\u0161les. Jie palengvina kasimo ir k\u0117limo operacijas, u\u017etikrindami, kad ma\u0161ina gal\u0117t\u0173 efektyviai ir na\u0161iai atlikti u\u017eduotis.<\/li>\n<li><strong>\u017dem\u0117s \u016bkio technika:<\/strong> Priekiniuose krautuvuose naudojamas str\u0117l\u0117s cilindras padeda semti, kelti ir transportuoti dirvo\u017eem\u012f, \u0161ien\u0105 ir kitas med\u017eiagas, tod\u0117l yra b\u016btinas atliekant \u012fvairius \u017eem\u0117s \u016bkio darbus.<\/li>\n<li><strong>Ekskavatoriai:<\/strong> Str\u0117l\u0117s cilindras leid\u017eia kau\u0161ui \u012fsiskverbti \u012f dirv\u0105, kad b\u016bt\u0173 galima efektyviai kasti, o tai padidina bendr\u0105 ma\u0161inos na\u0161um\u0105.<\/li>\n<li><strong>Krautuvai:<\/strong> Priekiniuose krautuvuose str\u0117l\u0117s cilindrai padeda efektyviai pakelti ir i\u0161versti krovinius, tod\u0117l med\u017eiagos tvarkomos greitai ir darbo efektyvumas padid\u0117ja.<\/li>\n<\/ul>\n<h2>Projektavimo aspektai ir atrankos kriterijai<\/h2>\n<ul>\n<li><strong>Keliamoji galia:<\/strong> Str\u0117l\u0117s cilindras turi atlaikyti apkrovas, su kuriomis susidurs eksploatacijos metu. Kruop\u0161tus maksimalios apkrovos poreikio \u012fvertinimas u\u017etikrina saugum\u0105 ir patikimum\u0105 naudojimo metu.<\/li>\n<li><strong>Sandarinimas:<\/strong> Tinkamas sandarinimas yra labai svarbus siekiant i\u0161vengti skys\u010dio nuot\u0117kio, kuris gali suma\u017einti efektyvum\u0105 ir sukelti \u017eal\u0105. Auk\u0161tos kokyb\u0117s sandarikliai, pagaminti i\u0161 patvari\u0173 med\u017eiag\u0173, yra b\u016btini norint i\u0161laikyti hidraulin\u012f sl\u0117g\u012f.<\/li>\n<li><strong>Patvarumas:<\/strong> Projektuojant reik\u0117t\u0173 sutelkti d\u0117mes\u012f \u012f med\u017eiagas ir konstrukcijos metodus, kurie padidint\u0173 ilgaam\u017ei\u0161kum\u0105 ir atsparum\u0105 dilimui, u\u017etikrinant, kad cilindras atlaikyt\u0173 at\u0161iaurias eksploatavimo s\u0105lygas.<\/li>\n<li><strong>Saugumas:<\/strong> Siekiant apsaugoti operatorius ir \u012frang\u0105, \u012f konstrukcij\u0105 tur\u0117t\u0173 b\u016bti integruotos saugos priemon\u0117s. Tai apima sl\u0117gio ma\u017einimo vo\u017etuv\u0173 ir perkrovos apsaugos mechanizm\u0173 naudojim\u0105.<\/li>\n<li><strong>Prieinamumas prie prie\u017ei\u016bros:<\/strong> Konstrukcija tur\u0117t\u0173 b\u016bti tokia, kad b\u016bt\u0173 lengva pri\u017ei\u016br\u0117ti ir tikrinti. Komponentai tur\u0117t\u0173 b\u016bti i\u0161d\u0117styti taip, kad b\u016bt\u0173 lengva prieiti prie j\u0173 atliekant \u012fprastinius patikrinimus ir remont\u0105.<\/li>\n<\/ul>\n<p><img decoding=\"async\" src=\"https:\/\/www.hydraulic-cylinders.net\/wp-content\/uploads\/2025\/04\/songte-oil-pipes-and-spare-parts.webp\" alt=\"Naftos vamzd\u017eiai ir atsargin\u0117s dalys\"><\/p>\n<h2>Sandarinimas ir tepimas<\/h2>\n<p>Efektyvus sandarinimas ir tepimas yra labai svarb\u016bs optimaliam str\u0117l\u0117s cilindro veikimui. Naudojami \u012fvair\u016bs sandarinimo elementai, tokie kaip st\u016bmokli\u0173 ir stryp\u0173 sandarikliai, da\u017enai pagaminti i\u0161 atspari\u0173 dilimui med\u017eiag\u0173, toki\u0173 kaip poliuretanas ir nitrilo kau\u010diukas, kurios padidina patvarum\u0105. Cilindro korpusas ir srieginiai galiniai pavir\u0161iai yra kruop\u0161\u010diai apdorojami, siekiant pagerinti atsparum\u0105 dilimui. Norint suma\u017einti trint\u012f ir pailginti cilindro tarnavimo laik\u0105, b\u016btina reguliariai tepti tinkamu hidraulin\u0117s alyvos kiekiu. Netinkamas tepimas gali padidinti hidraulin\u0117s sistemos susid\u0117v\u0117jim\u0105 ir sukelti gedim\u0105.<\/p>\n<h2>Prevencin\u0117s prie\u017ei\u016bros priemon\u0117s<\/h2>\n<ul>\n<li><strong>Reguliar\u016bs patikrinimai:<\/strong> Reguliariai tikrinkite str\u0117l\u0117s cilindr\u0105, ar n\u0117ra susid\u0117v\u0117jimo, nuot\u0117ki\u0173 ar pa\u017eeidim\u0173 po\u017eymi\u0173. Ankstyvas aptikimas gali pad\u0117ti i\u0161vengti rimtesni\u0173 problem\u0173 ir brangaus remonto ateityje.<\/li>\n<li><strong>Tinkamas tepimas:<\/strong> U\u017etikrinkite, kad hidraulin\u0117s alyvos lygis b\u016bt\u0173 palaikomas, ir reguliariai tepkite tepalus, kad visos judan\u010dios dalys veikt\u0173 skland\u017eiai.<\/li>\n<li><strong>Sandariklio keitimas:<\/strong> Steb\u0117kite sandariklius, ar jie nesud\u0117v\u0117j\u0119, ir prireikus pakeiskite juos, kad i\u0161vengtum\u0117te skys\u010di\u0173 nuot\u0117kio ir i\u0161laikytum\u0117te cilindro veikim\u0105.<\/li>\n<\/ul>\n<h2>\u012erengimo gair\u0117s<\/h2>\n<p>Tinkamas str\u0117l\u0117s cilindro montavimas yra labai svarbus jo veikimui ir ilgaam\u017ei\u0161kumui. \u0160tai pagrindiniai \u017eingsniai, kuri\u0173 reikia laikytis:<\/p>\n<ul>\n<li>Prie\u0161 montuodami \u012fsitikinkite, kad visi komponentai yra \u0161var\u016bs ir be joki\u0173 \u0161iuk\u0161li\u0173.<\/li>\n<li>Tiksliai sulygiuokite cilindr\u0105 su tvirtinimo ta\u0161kais, kad i\u0161vengtum\u0117te per didelio \u012ftempimo eksploatacijos metu. Neteisingas sulygiavimas gali sukelti prie\u0161laikin\u012f susid\u0117v\u0117jim\u0105 arba gedim\u0105.<\/li>\n<li>Tvirtai pritvirtinkite cilindr\u0105 vietoje, naudodami atitinkamus tvirtinimo laikiklius, skirtus konkre\u010diam modeliui.<\/li>\n<li>Laikykit\u0117s gamintojo nurodym\u0173 d\u0117l sukimo momento nustatym\u0173, kad u\u017etikrintum\u0117te tvirtas jungtis ir nepa\u017eeistum\u0117te dali\u0173.<\/li>\n<li>\u012edieg\u0119 cilindr\u0105, prie\u0161 pilnai j\u012f paleisdami, patikrinkite jo veikim\u0105 esant \u017eemam sl\u0117giui, kad \u012fsitikintum\u0117te, jog jis tinkamai veikia.<\/li>\n<\/ul>\n<h2>Prie\u017ei\u016bros u\u017eduotys<\/h2>\n<ul>\n<li><strong>Reguliar\u016bs patikrinimai:<\/strong> Norint anksti nustatyti bet kokius pa\u017eeidimus, b\u016btini da\u017eni vizualiniai ir eksploataciniai patikrinimai. \u0160i u\u017eduotis tur\u0117t\u0173 apimti nuot\u0117ki\u0173, ne\u012fprast\u0173 gars\u0173 ir veikimo problem\u0173 patikrinim\u0105.<\/li>\n<li><strong>Tinkamas tepimas:<\/strong> Skland\u017eiam darbui labai svarbu palaikyti tinkam\u0105 hidraulin\u0117s alyvos lyg\u012f ir laiku sutepti visus judan\u010dius komponentus.<\/li>\n<li><strong>Sandariklio keitimas:<\/strong> Laikui b\u0117gant, sandarikliai gali susid\u0117v\u0117ti ir suma\u017einti cilindro efektyvum\u0105. Reguliariai tikrinkite, ar n\u0117ra susid\u0117v\u0117jimo po\u017eymi\u0173, ir prireikus keiskite sandariklius, kad i\u0161laikytum\u0117te na\u0161um\u0105.<\/li>\n<\/ul>\n<p>Kiekviena technin\u0117s prie\u017ei\u016bros u\u017eduotis yra b\u016btina siekiant u\u017etikrinti optimal\u0173 str\u0117l\u0117s cilindro veikim\u0105. Tinkamas suderinimas montavimo metu yra labai svarbus, kaip ir tinkam\u0173 tvirtinimo detali\u0173 naudojimas atramai. Reguliar\u016bs patikrinimai ir savalaikis remontas padidins cilindro ilgaam\u017ei\u0161kum\u0105, suma\u017eins prastovas ir technin\u0117s prie\u017ei\u016bros i\u0161laidas.<\/p>\n<p><img decoding=\"async\" src=\"https:\/\/www.hydraulic-cylinders.net\/wp-content\/uploads\/2025\/04\/songte-chushion-collar.webp\" alt=\"Pagalv\u0117l\u0117s apykakl\u0117\"><\/p>\n<h2>Saugos aspektai ir aplinkos veiksniai<\/h2>\n<p>Dirbant su hidraulin\u0117mis sistemomis, tokiomis kaip str\u0117l\u0117s cilindras, saugos priemon\u0117s yra nepaprastai svarbios. Operatoriai tur\u0117t\u0173 b\u016bti tinkamai apmokyti, kaip saugiai elgtis su \u012franga, ir suprasti su sl\u0117giu veikian\u010di\u0173 hidraulini\u0173 skys\u010di\u0173 keliam\u0105 rizik\u0105. Taip pat reik\u0117t\u0173 atsi\u017evelgti \u012f aplinkosaugos aspektus, pavyzd\u017eiui, u\u017etikrinti, kad bet kokie hidrauliniai nuot\u0117kiai b\u016bt\u0173 sulaikyti ir sutvarkyti, siekiant i\u0161vengti u\u017eter\u0161imo. Tinkamas hidraulini\u0173 skys\u010di\u0173 \u0161alinimas ir \u012frangos prie\u017ei\u016bra prisid\u0117s prie saugesn\u0117s ir tvaresn\u0117s darbo aplinkos.<\/p>\n<h2>Trik\u010di\u0173 \u0161alinimas ir da\u017eniausiai pasitaikan\u010dios problemos<\/h2>\n<ul>\n<li><strong>Skys\u010di\u0173 nuot\u0117kiai:<\/strong> Viena i\u0161 da\u017eniausiai pasitaikan\u010di\u0173 problem\u0173 yra hidraulinio skys\u010dio nuot\u0117kis, kuris gali rodyti susid\u0117v\u0117jusius sandariklius arba cilindro pa\u017eeidimus. Greitas nuot\u0117ki\u0173 pa\u0161alinimas yra labai svarbus norint i\u0161laikyti efektyvum\u0105.<\/li>\n<li><strong>Sl\u0117gio praradimas:<\/strong> Pastebimas darbin\u0117s galios suma\u017e\u0117jimas gali reik\u0161ti hidraulin\u0117s sistemos problemas, pvz., u\u017esikim\u0161imus ar pa\u017eeistus komponentus. \u0160i\u0173 problem\u0173 tyrimas ir sprendimas yra b\u016btinas norint atkurti funkcionalum\u0105.<\/li>\n<li><strong>Ne\u012fprasti garsai:<\/strong> Bet kokie keisti garsai eksploatacijos metu gali rodyti mechanin\u012f gedim\u0105 arba nepakankam\u0105 tepim\u0105. Triuk\u0161mo \u0161altinio nustatymas ir pa\u0161alinimas gali pad\u0117ti i\u0161vengti tolesn\u0117s \u017ealos.<\/li>\n<\/ul>\n<p>Laiku atliktas trik\u010di\u0173 \u0161alinimas gali pad\u0117ti i\u0161vengti nedideli\u0173 problem\u0173 peraugimo \u012f rimtesnes, u\u017etikrinant skland\u0173 ir efektyv\u0173 str\u0117l\u0117s cilindro veikim\u0105. Reguliar\u016bs technin\u0117s prie\u017ei\u016bros patikrinimai gali suma\u017einti \u0161i\u0173 problem\u0173 atsiradimo tikimyb\u0119.<\/p>\n<p><img decoding=\"async\" src=\"https:\/\/www.hydraulic-cylinders.net\/wp-content\/uploads\/2025\/04\/songte-bushings-with-all-kinds-of-excavator-models.webp\" alt=\"\u012evor\u0117s su ekskavatori\u0173 modeliais\"><\/p>\n<h2>\u012emon\u0117s ap\u017evalga<\/h2>\n<p>Esame pirmaujantis pakaitini\u0173 hidraulini\u0173 cilindr\u0173 gamintojas, \u012fsipareigoj\u0119s tiekti plat\u0173 gamini\u0173 asortiment\u0105, atitinkant\u012f tiek vietin\u0117s, tiek tarptautin\u0117s rinkos poreikius. M\u016bs\u0173 atsidavimas kokybei yra nepajudinamas, nes savo gamybos procesuose diegiame patobulintas gamybos valdymo strategijas. Pasitelkdami kvalifikuotus techninius darbuotojus, pa\u017eangi\u0105 skaitmenin\u0119 gamybos \u012frang\u0105 ir specializuotas bandym\u0173 sistemas, nuolat tobuliname savo gamybos paj\u0117gumus.<\/p>\n<p>D\u0117mesys auk\u0161tam efektyvumui, tikslumui ir kokybei leid\u017eia mums patenkinti \u012fvairiausius klient\u0173 reikalavimus. Si\u016blome individualius sprendimus, pritaikytus konkretiems poreikiams, ir u\u017etikriname tarptautin\u012f savo gamini\u0173 sertifikavim\u0105, suteikdami klientams ramyb\u0119.<\/p>\n<p><img decoding=\"async\" src=\"https:\/\/www.hydraulic-cylinders.net\/wp-content\/uploads\/2025\/04\/songte-company-4.webp\" alt=\"\u012emon\u0117s ap\u017evalga 1\"><br \/>\n<img decoding=\"async\" src=\"https:\/\/www.hydraulic-cylinders.net\/wp-content\/uploads\/2025\/04\/songte-company-3.webp\" alt=\"\u012emon\u0117s ap\u017evalga 2\"><\/p>\n<p>Autorius: lyl<\/p>","protected":false},"excerpt":{"rendered":"<p>Boom Cylinder For KYM KY85 Introduction to Boom Cylinder The Boom Cylinder is a crucial component in hydraulic systems, particularly in heavy machinery like excavators, backhoes, and front loaders. Designed specifically for controlling the movement of the bucket, this hydraulic cylinder enables lifting, lowering, and tilting actions that are essential for effective material handling tasks. [&hellip;]<\/p>","protected":false},"featured_media":17880,"comment_status":"open","ping_status":"closed","template":"","meta":{"_et_pb_use_builder":"","_et_pb_old_content":"","_et_gb_content_width":""},"product_brand":[],"product_cat":[1546],"product_tag":[1547,1496],"class_list":{"0":"post-19527","1":"product","2":"type-product","3":"status-publish","4":"has-post-thumbnail","6":"product_cat-boom-cylinders","7":"product_tag-boom-cylinders","8":"product_tag-hydraulic-cylinders","10":"first","11":"instock","12":"shipping-taxable","13":"product-type-simple"},"amp_enabled":true,"_links":{"self":[{"href":"https:\/\/www.hydraulic-cylinders.net\/lt\/wp-json\/wp\/v2\/product\/19527","targetHints":{"allow":["GET"]}}],"collection":[{"href":"https:\/\/www.hydraulic-cylinders.net\/lt\/wp-json\/wp\/v2\/product"}],"about":[{"href":"https:\/\/www.hydraulic-cylinders.net\/lt\/wp-json\/wp\/v2\/types\/product"}],"replies":[{"embeddable":true,"href":"https:\/\/www.hydraulic-cylinders.net\/lt\/wp-json\/wp\/v2\/comments?post=19527"}],"wp:featuredmedia":[{"embeddable":true,"href":"https:\/\/www.hydraulic-cylinders.net\/lt\/wp-json\/wp\/v2\/media\/17880"}],"wp:attachment":[{"href":"https:\/\/www.hydraulic-cylinders.net\/lt\/wp-json\/wp\/v2\/media?parent=19527"}],"wp:term":[{"taxonomy":"product_brand","embeddable":true,"href":"https:\/\/www.hydraulic-cylinders.net\/lt\/wp-json\/wp\/v2\/product_brand?post=19527"},{"taxonomy":"product_cat","embeddable":true,"href":"https:\/\/www.hydraulic-cylinders.net\/lt\/wp-json\/wp\/v2\/product_cat?post=19527"},{"taxonomy":"product_tag","embeddable":true,"href":"https:\/\/www.hydraulic-cylinders.net\/lt\/wp-json\/wp\/v2\/product_tag?post=19527"}],"curies":[{"name":"wp","href":"https:\/\/api.w.org\/{rel}","templated":true}]}}