{"id":19529,"date":"2025-04-07T06:52:58","date_gmt":"2025-04-07T06:52:58","guid":{"rendered":"https:\/\/www.hydraulic-cylinders.net\/product\/boom-cylinder-for-kym-ky50a\/"},"modified":"2025-04-07T06:53:00","modified_gmt":"2025-04-07T06:53:00","slug":"boom-cylinder-for-kym-ky50a","status":"publish","type":"product","link":"https:\/\/www.hydraulic-cylinders.net\/lt\/produktas\/boom-cylinder-for-kym-ky50a\/","title":{"rendered":"Str\u0117l\u0117s cilindras, skirtas KYM KY50A"},"content":{"rendered":"<h1>Str\u0117l\u0117s cilindras, skirtas KYM KY50A<\/h1>\n<h2>\u012evadas \u012f str\u0117l\u0117s cilindrus<\/h2>\n<p>Str\u0117l\u0117s cilindras yra hidraulinio cilindro tipas, specialiai sukurtas valdyti sunkiosios technikos, pvz., ekskavatori\u0173, ekskavatori\u0173 ir frontalini\u0173 krautuv\u0173, str\u0117l\u0117s jud\u0117jim\u0105. Jis leid\u017eia str\u0117lei kelti, nuleisti ir pakreipti, palengvindamas \u012fvairias med\u017eiag\u0173 tvarkymo u\u017eduotis. Str\u0117l\u0117s cilindras atlieka labai svarb\u0173 vaidmen\u012f hidraulin\u0117se sistemose, perduodamas hidraulinio skys\u010dio sl\u0117g\u012f mechaniniam darbui. D\u0117l tiksliosios in\u017einerijos \u0161ie cilindrai yra b\u016btini siekiant maksimaliai padidinti sunkiosios \u012frangos efektyvum\u0105 ir na\u0161um\u0105.<\/p>\n<p><img decoding=\"async\" src=\"https:\/\/www.hydraulic-cylinders.net\/wp-content\/uploads\/2025\/04\/songte-company-1.webp\" alt=\"Str\u0117l\u0117s cilindro vaizdas\"><\/p>\n<h2>Str\u0117l\u0117s cilindro savyb\u0117s<\/h2>\n<ul>\n<li><strong>Didelis stiprumas ir ilgaam\u017ei\u0161kumas:<\/strong> Paprastai pagaminti i\u0161 didelio stiprumo plieno arba aliuminio, \u0161ie cilindrai gali atlaikyti auk\u0161t\u0105 sl\u0117g\u012f ir dideles apkrovas, tod\u0117l idealiai tinka at\u0161iaurioms darbo s\u0105lygoms. Konstrukcijoje atsi\u017evelgiama \u012f atsparum\u0105 dilimui ir korozijai, tod\u0117l pailg\u0117ja j\u0173 tarnavimo laikas.<\/li>\n<li><strong>Efektyvus hidraulinis valdymas:<\/strong> Hidraulinio skys\u010dio sl\u0117gio panaudojimas leid\u017eia skland\u017eiai i\u0161skleisti ir atitraukti, greitai reaguoti \u012f valdymo komandas ir tuo pa\u010diu u\u017etikrinti didel\u0119 st\u016bmimo bei traukimo j\u0117g\u0105, tinkam\u0105 sunkiems kroviniams ir sud\u0117tingoms u\u017eduotims atlikti.<\/li>\n<li><strong>\u012evair\u016bs tipai:<\/strong> Str\u0117l\u0117s cilindrai b\u016bna vienpusio veikimo (hidraulin\u0117 j\u0117ga naudojama viena kryptimi) arba dvipusio veikimo (hidraulin\u0117 j\u0117ga naudojama dviem kryptimis), tod\u0117l atitinka \u012fvairius eksploatavimo poreikius. Kai kurie modeliai yra teleskopiniai, tod\u0117l juos galima labiau i\u0161tiesti nedidinant i\u0161orini\u0173 matmen\u0173, tod\u0117l jie idealiai tinka u\u017edaroms erdv\u0117ms.<\/li>\n<li><strong>Individuali gamyba:<\/strong> M\u016bs\u0173 gaminiai gali puikiai pakeisti esamus hidraulinius cilindrus, u\u017etikrindami suderinamum\u0105 ir na\u0161um\u0105.<\/li>\n<\/ul>\n<p><img decoding=\"async\" src=\"https:\/\/www.hydraulic-cylinders.net\/wp-content\/uploads\/2025\/04\/songte-cylinder-head-with-all-kinds-excavator-models.webp\" alt=\"Hidraulini\u0173 cilindr\u0173 variantai\"><\/p>\n<h2>Str\u0117l\u0117s cilindro pritaikymas<\/h2>\n<h3>Statybin\u0117 \u012franga<\/h3>\n<p>In excavators, boom cylinders are vital for digging, loading, and moving soil or debris. They facilitate both excavation and lifting, ensuring efficient operation on construction sites. The hydraulic system allows for precise control over the boom&#8217;s movement, enhancing productivity and safety in material handling tasks.<\/p>\n<h3>\u017dem\u0117s \u016bkio technika<\/h3>\n<p>Priekiniuose krautuvuose str\u0117l\u0117s cilindrai naudojami dirvo\u017eemiui, \u0161ienui ir kitoms med\u017eiagoms semti, kelti ir transportuoti. J\u0173 konstrukcija u\u017etikrina skland\u0173 veikim\u0105, o tai labai svarbu \u017eem\u0117s \u016bkio procesams. Galimyb\u0117 pakelti sunkius krovinius labai padidina na\u0161um\u0105 atliekant \u016bkininkavimo u\u017eduotis, tod\u0117l \u0161ie cilindrai yra nepakei\u010diami \u0161iuolaikiniame \u017eem\u0117s \u016bkyje.<\/p>\n<h3>Ekskavatoriai<\/h3>\n<p>In excavators, boom cylinders facilitate the digging action by allowing the bucket to penetrate the soil. They provide the necessary force to overcome soil resistance, enabling efficient digging and excavation. The hydraulic system&#8217;s effectiveness directly correlates with the boom cylinder&#8217;s performance, making it a key component in excavation tasks.<\/p>\n<h3>Krautuvai<\/h3>\n<p>Priekiniuose krautuvuose str\u0117l\u0117s cilindrai padeda efektyviai kelti ir i\u0161versti med\u017eiagas. J\u0173 geb\u0117jimas u\u017etikrinti didel\u0119 k\u0117limo j\u0117g\u0105 leid\u017eia efektyviai atlikti pakrovimo ir i\u0161krovimo procesus, sutrumpinant u\u017eduo\u010di\u0173 atlikimo laik\u0105 ir pastangas. \u0160ie cilindrai yra b\u016btini med\u017eiag\u0173 tvarkymui \u012fvairiose krovimo srityse.<\/p>\n<h2>Projektavimo aspektai ir atrankos kriterijai<\/h2>\n<h3>Keliamoji galia<\/h3>\n<p>Str\u0117l\u0117s cilindro keliamoji galia yra labai svarbus projektavimo aspektas. Ji turi b\u016bti parenkama atsi\u017evelgiant \u012f maksimal\u0173 svor\u012f, kur\u012f ji pakels eksploatacijos metu. Gamintojai pateikia specifikacijas, u\u017etikrindami, kad cilindras gali atlaikyti eksploatacines apkrovas be gedimo rizikos. Suprasti keliam\u0105j\u0105 gali\u0105 yra b\u016btina norint saugiai ir efektyviai valdyti ma\u0161inas.<\/p>\n<h3>Sandarinimo mechanizmai<\/h3>\n<p>Efektyvus sandarinimas yra labai svarbus siekiant i\u0161vengti hidraulinio skys\u010dio nuot\u0117kio, kuris gali pakenkti hidraulin\u0117s sistemos efektyvumui. Reik\u0117t\u0173 naudoti auk\u0161tos kokyb\u0117s sandariklius, tokius kaip st\u016bmokli\u0173 ir kot\u0173 sandarikliai, pagamintus i\u0161 patvari\u0173 med\u017eiag\u0173, toki\u0173 kaip poliuretanas arba nitrilo kau\u010diukas. Tinkamas sandarinimas padidina str\u0117l\u0117s cilindro ilgaam\u017ei\u0161kum\u0105 ir patikimum\u0105.<\/p>\n<h3>Patvarumas<\/h3>\n<p>Projektuojant str\u0117l\u0117s cilindrus, svarbiausia yra j\u0173 ilgaam\u017ei\u0161kumas, nes jie yra veikiami at\u0161iauri\u0173 s\u0105lyg\u0173 ir intensyvaus naudojimo. Gamintojai daugiausia d\u0117mesio skiria korozijai atspari\u0173 med\u017eiag\u0173 naudojimui ir cilindr\u0173, kurie gali atlaikyti abrazyvin\u0119 aplink\u0105, projektavimui. Patvari konstrukcija u\u017etikrina efektyv\u0173 cilindro veikim\u0105 laikui b\u0117gant, suma\u017einant prie\u017ei\u016bros ir keitimo i\u0161laidas.<\/p>\n<h3>Saugos funkcijos<\/h3>\n<p>\u012e str\u0117l\u0117s cilindro konstrukcij\u0105 b\u016btina \u012ftraukti saugos funkcijas, ypa\u010d dirbant su sunkiaisiais \u012frenginiais. Apsauginiai vo\u017etuvai, sl\u0117gio matuokliai ir kiti saugos \u012ftaisai padeda i\u0161vengti nelaiming\u0173 atsitikim\u0173 ir u\u017etikrinti stabil\u0173 veikim\u0105. Tur\u0117t\u0173 b\u016bti \u012fdiegtos tinkamos saugos priemon\u0117s, skirtos apsaugoti operatorius ir \u012frenginius naudojimo metu.<\/p>\n<h3>Prieinamumas prie prie\u017ei\u016bros<\/h3>\n<p>Str\u0117l\u0117s cilindr\u0173 projektavimas taip, kad juos b\u016bt\u0173 lengva pri\u017ei\u016br\u0117ti, yra labai svarbus ilgaam\u017ei\u0161kumui ir na\u0161umui. Tokios savyb\u0117s kaip lengvai prieinamos tepimo angos ir kei\u010diami sandarikliai leid\u017eia atlikti \u012fprastin\u0119 prie\u017ei\u016br\u0105 be ilg\u0173 prastov\u0173. Greita ir efektyvi prie\u017ei\u016bra yra optimalaus cilindr\u0173 veikimo pagrindas.<\/p>\n<p><img decoding=\"async\" src=\"https:\/\/www.hydraulic-cylinders.net\/wp-content\/uploads\/2025\/04\/songte-oil-pipes-and-spare-parts.webp\" alt=\"Hidraulini\u0173 cilindr\u0173 prie\u017ei\u016bros dalys\"><\/p>\n<h2>Cilindro sandarinimas ir tepimas<\/h2>\n<p>Sandarinimas ir tepimas yra labai svarb\u016bs efektyviam str\u0117l\u0117s cilindr\u0173 veikimui. Hidrauliniam skys\u010diui cilindre palaikyti naudojami \u012fvair\u016bs sandarikliai, \u012fskaitant st\u016bmokli\u0173 ir stryp\u0173 sandariklius. Sandarikliai, pagaminti i\u0161 atspari\u0173 dilimui med\u017eiag\u0173, toki\u0173 kaip poliuretanas ir nitrilo kau\u010diukas, gali atlaikyti eksploatacines apkrovas ir pailginti cilindro tarnavimo laik\u0105.<\/p>\n<p>Cilindro korpusas ir srieginiai galiniai pavir\u0161iai yra kruop\u0161\u010diai apdirbti, siekiant padidinti atsparum\u0105 dilimui, u\u017etikrinti sandarum\u0105 ir i\u0161vengti nuot\u0117ki\u0173. Norint u\u017etikrinti skland\u0173 veikim\u0105 ir i\u0161vengti dilimo, b\u016btina reguliariai tepti hidrauline alyva, tod\u0117l svarbu laikytis tinkamo tepimo grafiko.<\/p>\n<h2>Reguliarios patikros ir prevencin\u0117s prie\u017ei\u016bros priemon\u0117s<\/h2>\n<ul>\n<li><strong>Reguliar\u016bs patikrinimai:<\/strong> Labai svarbu da\u017enai tikrinti str\u0117l\u0117s cilindr\u0105, ar n\u0117ra susid\u0117v\u0117jimo, nuot\u0117kio ar pa\u017eeidim\u0173 po\u017eymi\u0173. Ankstyvas problem\u0173 nustatymas gali pad\u0117ti i\u0161vengti rimtesni\u0173 problem\u0173 ateityje.<\/li>\n<li><strong>Tinkamas tepimas:<\/strong> Reguliarus cilindro tepimas yra labai svarbus jo veikimui. Naudokite tinkamo tipo hidraulin\u0119 alyv\u0105 ir laikykit\u0117s rekomenduojam\u0173 tepimo interval\u0173.<\/li>\n<li><strong>Sandariklio keitimas:<\/strong> With time, seals can wear out and require replacement. Regular checks for seal integrity should be performed to maintain the cylinder&#8217;s performance and prevent fluid leakage.<\/li>\n<\/ul>\n<h2>Teisingo \u012frengimo gair\u0117s<\/h2>\n<p>Tinkamas str\u0117l\u0117s cilindro montavimas yra b\u016btinas optimaliam veikimui. Pirmiausia \u012fsitikinkite, kad visi komponentai yra \u0161var\u016bs ir be \u0161iuk\u0161li\u0173. Tinkamai sulygiuokite cilindr\u0105 su tvirtinimo ta\u0161kais, naudodami tinkamus tvirtinimo laikiklius, kad j\u012f pritvirtintum\u0117te. Neteisingas sulygiavimas gali sukelti prie\u0161laikin\u012f susid\u0117v\u0117jim\u0105 arba gedim\u0105.<\/p>\n<p>Once aligned, tighten all bolts to the manufacturer&#8217;s specifications, ensuring a secure fit. After installation, conduct a test run to monitor the cylinder&#8217;s operation. It is crucial to check for any leaks or unusual noises, which could indicate an installation issue. Following these steps will help ensure a successful installation and extend the lifespan of the boom cylinder.<\/p>\n<h2>Prie\u017ei\u016bros u\u017eduotys ir j\u0173 svarba<\/h2>\n<ul>\n<li><strong>Reguliar\u016bs patikrinimai:<\/strong> Reguliar\u016bs patikrinimai padeda pasteb\u0117ti galimas problemas, kol jos nepa\u016bm\u0117jo. Nusid\u0117v\u0117jimo ar pa\u017eeidimo po\u017eymi\u0173 tikrinimas u\u017etikrina skland\u0173 str\u0117l\u0117s cilindro veikim\u0105.<\/li>\n<li><strong>Tinkamas tepimas:<\/strong> Tinkamas tepimas yra labai svarbus norint suma\u017einti trint\u012f ir dilim\u0105. Rekomenduojamos hidraulin\u0117s alyvos naudojimas ir tinkamo tepimo grafiko laikymasis prailgins cilindro tarnavimo laik\u0105.<\/li>\n<li><strong>Sandariklio keitimo ir kalibravimo patikrinimai:<\/strong> Reguliariai kei\u010diant susid\u0117v\u0117jusius sandariklius i\u0161vengiama hidraulinio skys\u010dio nuostoli\u0173 ir palaikomas efektyvumas. Kalibravimo patikrinimai u\u017etikrina, kad cilindras veikt\u0173 pagal nurodytus parametrus, taip padidinant saugum\u0105 ir na\u0161um\u0105.<\/li>\n<\/ul>\n<h2>Saugos aspektai ir aplinkos veiksniai<\/h2>\n<p>Naudojant str\u0117l\u0117s cilindrus, labai svarbu \u012fdiegti saugos priemones. Operatoriai tur\u0117t\u0173 b\u016bti apmokyti tinkamai naudoti hidraulin\u0119 \u012frang\u0105 ir laikytis saugos protokol\u0173. Reguliar\u016bs technin\u0117s prie\u017ei\u016bros patikrinimai prisideda prie saugaus eksploatavimo ir suma\u017eina nelaiming\u0173 atsitikim\u0173 rizik\u0105. Be to, aplinkai nekenksming\u0173 praktik\u0173 laikymasis, pavyzd\u017eiui, tinkamas hidraulini\u0173 skys\u010di\u0173 utilizavimas ir nuot\u0117ki\u0173 nebuvimas, padeda siekti tvarumo pramonin\u0117se operacijose.<\/p>\n<h2>Da\u017eniausiai pasitaikan\u010di\u0173 problem\u0173 \u0161alinimas<\/h2>\n<ul>\n<li><strong>Nuot\u0117kis:<\/strong> Jei hidraulinis skystis teka, patikrinkite, ar sandarikliai n\u0117ra susid\u0117v\u0117j\u0119, ir prireikus juos pakeiskite. \u012esitikinkite, kad visos jungtys yra sandarios ir saugios.<\/li>\n<li><strong>Prastas na\u0161umas:<\/strong> Jei cilindras nereaguoja tinkamai, patikrinkite hidraulinio skys\u010dio lyg\u012f ir patikrinkite, ar sistemoje n\u0117ra oro. Gali prireikti nuorinti sistem\u0105.<\/li>\n<li><strong>Ne\u012fprasti garsai:<\/strong> Jei girdite girg\u017ed\u0117jim\u0105 ar bar\u0161k\u0117jim\u0105, tai gali rodyti netinkam\u0105 sulygiavim\u0105 arba vidin\u0119 \u017eal\u0105. Atlikite i\u0161sam\u0173 patikrinim\u0105, kad nustatytum\u0117te ir pa\u0161alintum\u0117te pagrindin\u0119 prie\u017east\u012f.<\/li>\n<\/ul>\n<h2>Trik\u010di\u0173 \u0161alinimo patarimai ir prevencin\u0117s priemon\u0117s<\/h2>\n<p>Norint efektyviai diagnozuoti ir i\u0161spr\u0119sti str\u0117l\u0117s cilindr\u0173 problemas, b\u016btina reguliariai atlikti technin\u0119 prie\u017ei\u016br\u0105. Patikrinim\u0173 ir remonto \u017eurnalo vedimas gali pad\u0117ti nustatyti pasikartojan\u010dias problemas. Be to, personalo apmokymas tinkamai eksploatuoti ir pri\u017ei\u016br\u0117ti suma\u017eina \u017emogi\u0161k\u0173j\u0173 klaid\u0173, kurios yra da\u017ena hidraulin\u0117s sistemos gedim\u0173 prie\u017eastis, rizik\u0105. Prevencini\u0173 priemoni\u0173, toki\u0173 kaip auk\u0161tos kokyb\u0117s komponent\u0173 naudojimas ir tinkamas montavimas, \u012fgyvendinimas pad\u0117s suma\u017einti galimas problemas.<\/p>\n<p><img decoding=\"async\" src=\"https:\/\/www.hydraulic-cylinders.net\/wp-content\/uploads\/2025\/04\/songte-bushings-with-all-kinds-of-excavator-models.webp\" alt=\"Hidraulini\u0173 cilindr\u0173 komponentai\"><\/p>\n<h2>Apie m\u016bs\u0173 \u012fmon\u0119<\/h2>\n<p>Esame pirmaujantis pakaitini\u0173 hidraulini\u0173 cilindr\u0173 gamintojas, si\u016blantis plat\u0173 gamini\u0173 asortiment\u0105, kuris leido mums tapti vienais i\u0161 pirmaujan\u010di\u0173 hidraulini\u0173 cilindr\u0173 gamintoj\u0173 ir didmeninink\u0173 tiek vidaus, tiek tarptautin\u0117se rinkose. M\u016bs\u0173 d\u0117mes\u012f i\u0161skirtinei kokybei palaiko patobulinta gamybos strategija ir pa\u017eangi\u0173 technologij\u0173 naudojimas, o tai didina m\u016bs\u0173 gamybos paj\u0117gumus. Nuolat stengiam\u0117s tobulinti savo gamybos platform\u0105, u\u017etikrindami, kad patenkintume \u012fvairius klient\u0173 poreikius dideliu efektyvumu, tikslumu ir kokybe.<\/p>\n<p>M\u016bs\u0173 \u012fmon\u0117 taip pat pabr\u0117\u017eia profesionalum\u0105 ir tarptautin\u012f sertifikavim\u0105, teikdama individualiai pritaikytas paslaugas, pritaikytas konkretiems klient\u0173 reikalavimams. Tur\u0117dami moderniausi\u0105 gamybos \u012frang\u0105 ir specializuot\u0105 garantinio aptarnavimo paslaug\u0105, esame \u012fsipareigoj\u0119 teikti geriausius \u012fmanomus hidraulinius sprendimus.<\/p>\n<p><img decoding=\"async\" src=\"https:\/\/www.hydraulic-cylinders.net\/wp-content\/uploads\/2025\/04\/songte-company-4.webp\" alt=\"\u012emon\u0117s ap\u017evalga\"><br \/>\n<img decoding=\"async\" src=\"https:\/\/www.hydraulic-cylinders.net\/wp-content\/uploads\/2025\/04\/songte-company-3.webp\" alt=\"\u012emon\u0117s patalpos\"><\/p>\n<p>Autorius: lyl<\/p>","protected":false},"excerpt":{"rendered":"<p>Boom Cylinder For KYM KY50A Introduction to Boom Cylinders A boom cylinder is a type of hydraulic cylinder specifically designed to control the movement of the boom of heavy machinery, such as excavators, backhoes, and front loaders. It enables the boom to lift, lower, and tilt, facilitating various material handling tasks. The boom cylinder plays [&hellip;]<\/p>","protected":false},"featured_media":17867,"comment_status":"open","ping_status":"closed","template":"","meta":{"_et_pb_use_builder":"","_et_pb_old_content":"","_et_gb_content_width":""},"product_brand":[],"product_cat":[1546],"product_tag":[1547,1496],"class_list":{"0":"post-19529","1":"product","2":"type-product","3":"status-publish","4":"has-post-thumbnail","6":"product_cat-boom-cylinders","7":"product_tag-boom-cylinders","8":"product_tag-hydraulic-cylinders","10":"first","11":"instock","12":"shipping-taxable","13":"product-type-simple"},"amp_enabled":true,"_links":{"self":[{"href":"https:\/\/www.hydraulic-cylinders.net\/lt\/wp-json\/wp\/v2\/product\/19529","targetHints":{"allow":["GET"]}}],"collection":[{"href":"https:\/\/www.hydraulic-cylinders.net\/lt\/wp-json\/wp\/v2\/product"}],"about":[{"href":"https:\/\/www.hydraulic-cylinders.net\/lt\/wp-json\/wp\/v2\/types\/product"}],"replies":[{"embeddable":true,"href":"https:\/\/www.hydraulic-cylinders.net\/lt\/wp-json\/wp\/v2\/comments?post=19529"}],"wp:featuredmedia":[{"embeddable":true,"href":"https:\/\/www.hydraulic-cylinders.net\/lt\/wp-json\/wp\/v2\/media\/17867"}],"wp:attachment":[{"href":"https:\/\/www.hydraulic-cylinders.net\/lt\/wp-json\/wp\/v2\/media?parent=19529"}],"wp:term":[{"taxonomy":"product_brand","embeddable":true,"href":"https:\/\/www.hydraulic-cylinders.net\/lt\/wp-json\/wp\/v2\/product_brand?post=19529"},{"taxonomy":"product_cat","embeddable":true,"href":"https:\/\/www.hydraulic-cylinders.net\/lt\/wp-json\/wp\/v2\/product_cat?post=19529"},{"taxonomy":"product_tag","embeddable":true,"href":"https:\/\/www.hydraulic-cylinders.net\/lt\/wp-json\/wp\/v2\/product_tag?post=19529"}],"curies":[{"name":"wp","href":"https:\/\/api.w.org\/{rel}","templated":true}]}}