{"id":19530,"date":"2025-04-07T06:53:00","date_gmt":"2025-04-07T06:53:00","guid":{"rendered":"https:\/\/www.hydraulic-cylinders.net\/product\/boom-cylinder-for-kym-ky60a\/"},"modified":"2025-04-07T06:53:02","modified_gmt":"2025-04-07T06:53:02","slug":"boom-cylinder-for-kym-ky60a","status":"publish","type":"product","link":"https:\/\/www.hydraulic-cylinders.net\/lt\/produktas\/boom-cylinder-for-kym-ky60a\/","title":{"rendered":"Str\u0117l\u0117s cilindras, skirtas KYM KY60A"},"content":{"rendered":"<h1>Str\u0117l\u0117s cilindras, skirtas KYM KY60A<\/h1>\n<h2>Str\u0117l\u0117s cilindro ap\u017evalga<\/h2>\n<p>Str\u0117l\u0117s cilindras yra labai svarbus hidraulini\u0173 sistem\u0173 komponentas, specialiai sukurtas valdyti kau\u0161o jud\u0117jim\u0105 sunkiosiose ma\u0161inose, tokiose kaip ekskavatoriai, ekskavatoriniai krautuvai ir frontaliniai krautuvai. \u0160is hidraulinis cilindras leid\u017eia kau\u0161\u0105 kelti, nuleisti ir pakreipti, taip palengvindamas efektyv\u0173 med\u017eiag\u0173 tvarkym\u0105. Kau\u0161o cilindras veikia naudodamas hidraulin\u012f skyst\u012f judesiui generuoti, o tai yra labai svarbu atliekant \u012fvairius statybos ir \u017eem\u0117s \u016bkio darbus. Jo konstrukcija u\u017etikrina patvarum\u0105 ir patikimum\u0105, tod\u0117l jis yra gyvybi\u0161kai svarbi bet kurios hidraulin\u0117s sistemos, naudojamos sunkiosioms operacijoms, dalis.<\/p>\n<p><img decoding=\"async\" src=\"https:\/\/www.hydraulic-cylinders.net\/wp-content\/uploads\/2025\/04\/songte-company-1.webp\" alt=\"Str\u0117l\u0117s cilindro vaizdas\"><\/p>\n<h3>Pagrindin\u0117s str\u0117l\u0117s cilindro savyb\u0117s<\/h3>\n<ul>\n<li><strong>Didelis stiprumas ir ilgaam\u017ei\u0161kumas:<\/strong> Pagamintas i\u0161 didelio stiprumo plieno arba aliuminio, str\u0117l\u0117s cilindras yra skirtas atlaikyti auk\u0161t\u0105 sl\u0117g\u012f ir dideles apkrovas, prisitaikant prie at\u0161iauri\u0173 darbo s\u0105lyg\u0173.<\/li>\n<li><strong>Efektyvus hidraulinis valdymas:<\/strong> Cilindras naudoja hidraulin\u0117s alyvos sl\u0117g\u012f, kad skland\u017eiai i\u0161skleist\u0173 ir atitraukt\u0173, tod\u0117l greitai reaguoti \u012f valdymo komandas ir u\u017etikrinti galingas st\u016bmimo bei traukimo j\u0117gas, tinkamas sunkioms ir sud\u0117tingoms u\u017eduotims atlikti.<\/li>\n<li><strong>\u012evair\u016bs tipai:<\/strong> Str\u0117l\u0117s cilindras, kur\u012f galima \u012fsigyti vienpusio veikimo (hidraulikos naudojimas viena kryptimi) ir dvipusio veikimo (hidraulikos naudojimas abiem kryptimis) variant\u0173, atitinka \u012fvairius eksploatacinius poreikius. Kai kurie modeliai pasi\u017eymi teleskopine konstrukcija, leid\u017eian\u010dia didesn\u012f i\u0161pl\u0117tim\u0105 nedidinant i\u0161orini\u0173 matmen\u0173, tod\u0117l tai idealiai tinka ribotos erdv\u0117s darbams.<\/li>\n<li><strong>Individuali gamyba:<\/strong> M\u016bs\u0173 \u012fmon\u0117 specializuojasi \u0161io produkto gamyboje, si\u016blydama puikius \u012fvairi\u0173 hidraulini\u0173 cilindr\u0173 pakaitalus.<\/li>\n<li><strong>Kokyb\u0117s u\u017etikrinimas:<\/strong> Kiekvienas cilindras gaminamas laikantis grie\u017et\u0173 kokyb\u0117s kontrol\u0117s priemoni\u0173, siekiant u\u017etikrinti optimal\u0173 na\u0161um\u0105 ir ilgaam\u017ei\u0161kum\u0105.<\/li>\n<\/ul>\n<p><img decoding=\"async\" src=\"https:\/\/www.hydraulic-cylinders.net\/wp-content\/uploads\/2025\/04\/songte-cylinder-head-with-all-kinds-excavator-models.webp\" alt=\"Ekskavatori\u0173 modeli\u0173 vaizdas\"><\/p>\n<h2>Str\u0117l\u0117s cilindro pritaikymas<\/h2>\n<h3>Statybin\u0117 \u012franga<\/h3>\n<p>In excavators, boom cylinders are essential for digging, loading, and moving earth or debris. The hydraulic pressure allows for precise control of the boom&#8217;s movement, which is crucial for efficient excavation work. In backhoe loaders, the bucket cylinder aids both digging and lifting, enhancing the machine&#8217;s versatility in various construction tasks.<\/p>\n<h3>\u017dem\u0117s \u016bkio technika<\/h3>\n<p>Priekiniuose krautuvuose str\u0117l\u0117s cilindrai naudojami dirvo\u017eemiui, \u0161ienui ir kitoms med\u017eiagoms semti, kelti ir transportuoti. Tvirta j\u0173 konstrukcija leid\u017eia \u016bkininkams efektyviai atlikti \u012fvairias \u017eem\u0117s \u016bkio u\u017eduotis, tokias kaip \u017eem\u0117s dirbimas ir krovimas, kurios yra b\u016btinos \u0161iuolaikin\u0117je \u016bkininkavimo veikloje.<\/p>\n<h3>Ekskavatoriai<\/h3>\n<p>Kau\u0161o cilindras leid\u017eia ekskavatoriui efektyviai \u012fsiskverbti \u012f dirv\u0105, tod\u0117l galima efektyviai atlikti kasimo darbus. \u0160i galimyb\u0117 yra labai svarbi didelio masto kasimo projektuose, kur reikalingas tikslumas ir galia, norint \u012fveikti sud\u0117tingas grunto s\u0105lygas.<\/p>\n<h3>Krautuvai<\/h3>\n<p>Priekiniuose krautuvuose str\u0117l\u0117s cilindras padeda efektyviai kelti ir i\u0161versti krovinius. Suteikdamas reikiam\u0105 hidraulin\u0119 j\u0117g\u0105, jis leid\u017eia operatoriams lengvai valdyti sunkias med\u017eiagas, u\u017etikrindamas produktyvum\u0105 pakrovimo ir i\u0161krovimo metu.<\/p>\n<h2>Projektavimo aspektai ir atrankos kriterijai<\/h2>\n<h3>Keliamoji galia<\/h3>\n<p>Vienas i\u0161 pagrindini\u0173 str\u0117l\u0117s cilindro projektavimo aspekt\u0173 yra jo keliamoji galia. \u0160is rodiklis nustato maksimal\u0173 svor\u012f, kur\u012f cilindras gali atlaikyti nepakenkdamas savo konstrukciniam vientisumui. In\u017einieriai turi tiksliai \u012fvertinti numatomas apkrovos s\u0105lygas, kad u\u017etikrint\u0173, jog cilindras b\u016bt\u0173 suprojektuotas su tinkama saugos riba, taip i\u0161vengiant gedim\u0173 eksploatacijos metu. Keliamoji galia taip pat turi \u012ftakos med\u017eiag\u0173 ir matmen\u0173 pasirinkimui gamybos procese. Tinkami skai\u010diavimai padeda i\u0161vengti per didelio nusid\u0117v\u0117jimo, galiausiai pailgindami cilindro tarnavimo laik\u0105.<\/p>\n<h3>Plomb\u0117s vientisumas<\/h3>\n<p>Sandariklio vientisumas yra gyvybi\u0161kai svarbus norint i\u0161laikyti hidraulini\u0173 cilindr\u0173 veikim\u0105. Efektyvus sandarinimas apsaugo nuo hidraulinio skys\u010dio nuot\u0117kio, d\u0117l kurio gali suma\u017e\u0117ti efektyvumas ir atsirasti sistemos gedim\u0173. Auk\u0161tos kokyb\u0117s sandarikliai, tokie kaip st\u016bmokli\u0173 ir kot\u0173 sandarikliai, tur\u0117t\u0173 b\u016bti pagaminti i\u0161 patvari\u0173 med\u017eiag\u0173, toki\u0173 kaip poliuretanas ir nitrilo kau\u010diukas, kad atlaikyt\u0173 nusid\u0117v\u0117jim\u0105 ir aplinkos veiksnius. Reguliar\u016bs technin\u0117s prie\u017ei\u016bros patikrinimai turi apimti sandarikli\u0173 patikrinim\u0105, nes pa\u017eeistas sandariklis gali sukelti katastrofi\u0161kus hidraulinius gedimus ir brangias prastovas. Tinkam\u0173 sandarikli\u0173 pasirinkimas cilindro eksploatavimo s\u0105lygoms u\u017etikrina ilgesn\u012f tarnavimo laik\u0105 ir patikimum\u0105.<\/p>\n<h3>Patvarumas<\/h3>\n<p>Atsi\u017evelgiant \u012f sud\u0117tingas aplinkos s\u0105lygas, kuriose jie da\u017enai naudojami, str\u0117l\u0117s cilindrams labai svarbus ilgaam\u017ei\u0161kumas. Naudojamos med\u017eiagos, tokios kaip didelio stiprumo plienas ir korozijai atsparios dangos, vaidina svarb\u0173 vaidmen\u012f u\u017etikrinant, kad cilindras atlaikyt\u0173 at\u0161iaurias s\u0105lygas ir b\u016bt\u0173 atsparus nusid\u0117v\u0117jimui laikui b\u0117gant. Gamintojai turi atsi\u017evelgti \u012f i\u0161orinius veiksnius, su kuriais susidurs cilindras, \u012fskaitant temperat\u016bros svyravimus, dr\u0117gm\u0119 ir chemin\u012f poveik\u012f. Gerai suprojektuotas cilindras ne tik atitinka eksploatacinius standartus, bet ir u\u017etikrina ilgaam\u017ei\u0161kum\u0105, suma\u017eindamas keitimo ir remonto da\u017enum\u0105, o tai prisideda prie bendro ekonomi\u0161kumo.<\/p>\n<h3>Saugos funkcijos<\/h3>\n<p>Projektuojant str\u0117l\u0117s cilindrus, svarbiausia yra saugumas. Tokios savyb\u0117s kaip sl\u0117gio ma\u017einimo vo\u017etuvai, saugos u\u017eraktai ir tvirta konstrukcija padeda i\u0161vengti nelaiming\u0173 atsitikim\u0173 eksploatacijos metu. Hidraulin\u0117s sistemos gali b\u016bti pavojingos, jei jos netinkamai valdomos, tod\u0117l labai svarbu \u012fdiegti saugos mechanizmus. Reguliarus bandymas ir saugos standart\u0173 laikymasis u\u017etikrina, kad str\u0117l\u0117s cilindrai veikt\u0173 tinkamai ir saugiai eksploatavimo aplinkoje. Ne ma\u017eiau svarbu apmokyti operatorius saugiai naudoti \u0161iuos cilindrus, siekiant suma\u017einti su hidrauline \u012franga susijusi\u0105 rizik\u0105.<\/p>\n<h3>Prie\u017ei\u016bra ir remonto galimyb\u0117s<\/h3>\n<p>Projektuojant atsi\u017evelgiant \u012f prie\u017ei\u016bros ir remonto galimybes, u\u017etikrinama, kad str\u0117l\u0117s cilindrus b\u016bt\u0173 galima lengvai aptarnauti prireikus. Komponentai tur\u0117t\u0173 b\u016bti suprojektuoti taip, kad juos b\u016bt\u0173 lengva i\u0161ardyti ir surinkti, taip u\u017etikrinant greit\u0105 remont\u0105 ir suma\u017einant ma\u0161inos prastovas. Prieigos ta\u0161kai tur\u0117t\u0173 b\u016bti strategi\u0161kai i\u0161d\u0117styti, kad b\u016bt\u0173 lengva atlikti technin\u0117s prie\u017ei\u016bros patikrinimus ir keitim\u0105. \u012egyvendinant technin\u0119 prie\u017ei\u016br\u0105 palengvinan\u010di\u0105 konstrukcij\u0105, ne tik padid\u0117ja cilindro ilgaam\u017ei\u0161kumas, bet ir prisidedama prie bendro ma\u0161inos efektyvumo, nes gerai pri\u017ei\u016brimos sistemos veikia geriau ir yra ma\u017eiau linkusios patirti netik\u0117t\u0173 gedim\u0173.<\/p>\n<p><img decoding=\"async\" src=\"https:\/\/www.hydraulic-cylinders.net\/wp-content\/uploads\/2025\/04\/songte-oil-pipes-and-spare-parts.webp\" alt=\"Hidraulini\u0173 dali\u0173 vaizdas\"><\/p>\n<h2>Sandarinimas ir tepimas<\/h2>\n<p>Efektyvus sandarinimas ir tepimas yra labai svarb\u016bs hidraulini\u0173 cilindr\u0173 ilgaam\u017ei\u0161kumui ir veikimui. \u012evair\u016bs sandarinimo komponentai, \u012fskaitant st\u016bmokli\u0173 ir kot\u0173 sandariklius, yra b\u016btini siekiant i\u0161vengti hidraulinio skys\u010dio nuot\u0117kio. Sandarikliai tur\u0117t\u0173 b\u016bti pagaminti i\u0161 atspari\u0173 dilimui med\u017eiag\u0173, toki\u0173 kaip poliuretanas ir nitrilo kau\u010diukas, kad padid\u0117t\u0173 patvarumas. Be to, cilindro korpusas ir srieginiai galai yra tiksliai apdirbti, siekiant pagerinti atsparum\u0105 dilimui ir sandarumo savybes.<\/p>\n<p>Reguliarus tepimas hidrauline alyva yra labai svarbus norint u\u017etikrinti skland\u0173 veikim\u0105. Operatoriai tur\u0117t\u0173 periodi\u0161kai tikrinti alyvos lyg\u012f ir \u012fpilti reikiam\u0105 kiek\u012f hidraulinio skys\u010dio, kad b\u016bt\u0173 palaikomas optimalus tepimas. Tinkamas tepimas suma\u017eina trint\u012f, apsaugo nuo prie\u0161laikinio vidini\u0173 komponent\u0173 susid\u0117v\u0117jimo ir u\u017etikrina efektyv\u0173 hidraulin\u0117s sistemos veikim\u0105.<\/p>\n<h2>Reguliarios patikros ir prevencin\u0117s prie\u017ei\u016bros strategijos<\/h2>\n<ul>\n<li><strong>Reguliar\u016bs patikrinimai:<\/strong> Reguliar\u016bs str\u0117l\u0117s cilindro patikrinimai padeda nustatyti galimas problemas, kol jos nepablog\u0117jo. Operatoriai tur\u0117t\u0173 reguliariai tikrinti, ar n\u0117ra nuot\u0117ki\u0173, susid\u0117v\u0117jimo ir pa\u017eeidim\u0173, u\u017etikrindami, kad visi komponentai veikt\u0173 tinkamai.<\/li>\n<li><strong>Tepimo grafikas:<\/strong> Establishing a lubrication schedule is vital for maintaining the cylinder&#8217;s performance. Regularly adding hydraulic oil as needed will minimize friction and wear, prolonging the cylinder&#8217;s life.<\/li>\n<li><strong>Sandariklio keitimas:<\/strong> Tarpikliai tur\u0117t\u0173 b\u016bti periodi\u0161kai kei\u010diami, siekiant i\u0161vengti nuot\u0117ki\u0173 ir i\u0161laikyti sistemos efektyvum\u0105. Operatoriai tur\u0117t\u0173 b\u016bti apmokyti atpa\u017einti tarpikli\u0173 gedimo po\u017eymius ir suprasti keitimo proces\u0105, u\u017etikrinant, kad b\u016bt\u0173 laiku imtasi veiksm\u0173 gedimams i\u0161vengti.<\/li>\n<\/ul>\n<h2>\u012erengimo gair\u0117s<\/h2>\n<p>Tinkamas str\u0117l\u0117s cilindro montavimas yra b\u016btinas optimaliam veikimui ir ilgaam\u017ei\u0161kumui. Pirmiausia, prie\u0161 montuodami, \u012fsitikinkite, kad visi komponentai yra \u0161var\u016bs ir be \u0161iuk\u0161li\u0173. Tinkamai sulygiuokite cilindr\u0105 su tvirtinimo laikikliais, kad i\u0161vengtum\u0117te bet koki\u0173 nesuderinamumo problem\u0173, kurios gali sukelti prie\u0161laikin\u012f susid\u0117v\u0117jim\u0105 ar gedim\u0105. Tinkam\u0173 montavimo atram\u0173 naudojimas padeda i\u0161laikyti tinkam\u0105 suderinim\u0105 montavimo proceso metu.<\/p>\n<p>Sulygin\u0119, tvirtai pritvirtinkite tvirtinimo var\u017etus pagal gamintojo specifikacijas. \u012edieg\u0119 atlikite sistemos sl\u0117gio bandym\u0105, kad \u012fsitikintum\u0117te, jog n\u0117ra nuot\u0117ki\u0173 ir kad cilindras veikia skland\u017eiai. Reguliariai tikrinkite, ar n\u0117ra jud\u0117jimo ar atsipalaidavimo po\u017eymi\u0173, ir u\u017etikrinkite, kad cilindras veikimo metu tvirtai laikyt\u0173si savo vietoje.<\/p>\n<h2>Prie\u017ei\u016bros u\u017eduotys<\/h2>\n<h3>Reguliar\u016bs patikrinimai<\/h3>\n<p>Reguliar\u016bs patikrinimai yra labai svarb\u016bs str\u0117l\u0117s cilindro ilgaam\u017ei\u0161kumui. Operatoriai tur\u0117t\u0173 b\u016bti apmokyti tikrinti, ar n\u0117ra susid\u0117v\u0117jimo, nuot\u0117ki\u0173 ar pa\u017eeidim\u0173 po\u017eymi\u0173. Ankstyvas problem\u0173 nustatymas gali pad\u0117ti i\u0161vengti brangaus remonto ir prastov\u0173. Hidraulini\u0173 \u017earn\u0173 ir jung\u010di\u0173 patikrinimas taip pat yra svarbus siekiant u\u017etikrinti tinkam\u0105 sistemos veikim\u0105.<\/p>\n<h3>Tinkamas tepimas<\/h3>\n<p>Lubrication is crucial for hydraulic system efficiency. Operators should maintain an appropriate level of hydraulic oil in the system and add oil as needed. Regular lubrication reduces friction between moving parts, prolonging the lifespan of the cylinder and improving overall performance. It is important to follow the manufacturer&#8217;s guidelines regarding the type and frequency of lubrication.<\/p>\n<h3>Sandariklio keitimas<\/h3>\n<p>Seal replacement is a critical maintenance task that should not be overlooked. Damaged or worn seals can lead to hydraulic fluid leaks, compromising the system&#8217;s efficiency. Operators should be trained to identify seal issues and perform timely replacements. Regularly scheduled maintenance should include a check of the seals to ensure they are in good condition.<\/p>\n<p><img decoding=\"async\" src=\"https:\/\/www.hydraulic-cylinders.net\/wp-content\/uploads\/2025\/04\/songte-chushion-collar.webp\" alt=\"Pagalv\u0117l\u0117s apykakl\u0117s vaizdas\"><\/p>\n<h2>Saugos aspektai ir aplinkos veiksniai<\/h2>\n<p>When operating hydraulic systems, safety measures are paramount. Operators must be aware of the potential risks associated with hydraulic equipment, including the dangers of high-pressure systems. Proper training and adherence to safety protocols are essential to minimize accidents. Additionally, environmental factors, such as exposure to harsh weather conditions and chemicals, should be considered in the design and maintenance of hydraulic cylinders. Implementing protective measures, such as corrosion-resistant coatings, can enhance the cylinder&#8217;s durability and safety.<\/p>\n<h2>Gedim\u0173 diagnostika ir da\u017eniausios problemos<\/h2>\n<ul>\n<li><strong>Hidrauliniai nuot\u0117kiai:<\/strong> Nuot\u0117kiai yra da\u017ena hidraulini\u0173 sistem\u0173 problema, kuri\u0105 gali sukelti susid\u0117v\u0117j\u0119 sandarikliai arba pa\u017eeistos \u017earnos. Reguliar\u016bs patikrinimai ir savalaikis sandarikli\u0173 keitimas yra labai svarb\u016bs siekiant i\u0161vengti nuot\u0117ki\u0173 plitimo.<\/li>\n<li><strong>Galios praradimas:<\/strong> Jei str\u0117l\u0117s cilindro galia suma\u017e\u0117ja, tai gali reik\u0161ti \u017eem\u0105 hidraulinio skys\u010dio lyg\u012f arba sugedus\u012f siurbl\u012f. Operatoriai tur\u0117t\u0173 tikrinti skys\u010dio lyg\u012f ir steb\u0117ti siurblio veikim\u0105, kad gal\u0117t\u0173 greitai i\u0161spr\u0119sti visas problemas.<\/li>\n<li><strong>Ne\u012fprasti garsai:<\/strong> Ne\u012fprasti garsai veikimo metu gali signalizuoti apie vidin\u012f susid\u0117v\u0117jim\u0105 ar pa\u017eeidimus. Triuk\u0161mo \u0161altinio tyrimas ir technin\u0117s prie\u017ei\u016bros patikrinimai gali pad\u0117ti nustatyti ir i\u0161spr\u0119sti problem\u0105.<\/li>\n<\/ul>\n<h2>Trik\u010di\u0173 \u0161alinimo patarimai<\/h2>\n<p>Siekdami veiksmingo trik\u010di\u0173 \u0161alinimo, operatoriai tur\u0117t\u0173 taikyti sisteming\u0105 po\u017ei\u016br\u012f problemoms nustatyti ir spr\u0119sti. Prad\u0117kite nuo kruop\u0161taus hidraulin\u0117s sistemos patikrinimo, patikrinkite, ar n\u0117ra nuot\u0117ki\u0173, \u017eemo skys\u010di\u0173 lygio ir pa\u017eeist\u0173 komponent\u0173. Greitas \u0161i\u0173 problem\u0173 sprendimas gali pad\u0117ti i\u0161vengti tolesni\u0173 komplikacij\u0173.<\/p>\n<p>Reguliar\u016bs technin\u0117s prie\u017ei\u016bros patikrinimai yra b\u016btini siekiant suma\u017einti galimas problemas. Operatoriai tur\u0117t\u0173 susipa\u017einti su da\u017eniausiai pasitaikan\u010diais hidraulini\u0173 problem\u0173 simptomais ir b\u016bti pasireng\u0119 atlikti \u012fprastinius patikrinimus bei remont\u0105 pagal poreik\u012f. Prevencin\u0117s priemon\u0117s, tokios kaip savalaikis sandarikli\u0173 keitimas ir tinkamas tepimas, gali \u017eymiai suma\u017einti hidraulin\u0117s sistemos problem\u0173 tikimyb\u0119.<\/p>\n<p><img decoding=\"async\" src=\"https:\/\/www.hydraulic-cylinders.net\/wp-content\/uploads\/2025\/04\/songte-bushings-with-all-kinds-of-excavator-models.webp\" alt=\"\u012evori\u0173 vaizdas\"><\/p>\n<h2>\u012emon\u0117s ap\u017evalga<\/h2>\n<p>Esame gamintojas, kurio specializacija \u2013 pakaitiniai hidrauliniai cilindrai. Si\u016blome plat\u0173 gamini\u0173 asortiment\u0105, kuris leid\u017eia mums b\u016bti vienais i\u0161 pirmaujan\u010di\u0173 gamintoj\u0173 ir didmeninink\u0173 tiek vidaus, tiek tarptautin\u0117se rinkose. Siekdami nepriekai\u0161tingos kokyb\u0117s, vadovaujam\u0117s rafinuota gamybos valdymo strategija, apiman\u010dia pa\u017eangi\u0105 gamybos \u012frang\u0105 ir profesionalias aptikimo sistemas. D\u0117mesys nuolatiniam tobul\u0117jimui didina m\u016bs\u0173 gamybos paj\u0117gumus, u\u017etikrindamas, kad patenkintume \u012fvairius klient\u0173 poreikius dideliu efektyvumu, tikslumu ir kokybe.<\/p>\n<h3>Profesionalumas<\/h3>\n<p>M\u016bs\u0173 komand\u0105 sudaro kvalifikuoti specialistai, atsidav\u0119 teikti auk\u0161tos kokyb\u0117s hidraulinius sprendimus. Gamybos procesuose taikome grie\u017etus standartus, u\u017etikrindami, kad m\u016bs\u0173 gaminiai atitikt\u0173 auk\u0161\u010diausius pramon\u0117s standartus.<\/p>\n<h3>Tarptautiniai sertifikatai<\/h3>\n<p>M\u016bs\u0173 gaminiai yra sertifikuoti pagal \u012fvairius tarptautinius standartus, atspindin\u010dius m\u016bs\u0173 \u012fsipareigojim\u0105 kokybei ir saugai. \u0160is sertifikatas u\u017etikrina m\u016bs\u0173 klientams, kad jie gauna patikimus ir reikalavimus atitinkan\u010dius hidraulinius sprendimus.<\/p>\n<h3>Individual\u016bs u\u017esakymai<\/h3>\n<p>Si\u016blome individualias gamybos paslaugas, kad patenkintume konkre\u010dius klient\u0173 poreikius. M\u016bs\u0173 gamybos lankstumas leid\u017eia mums patenkinti unikalius reikalavimus, i\u0161laikant kokyb\u0119 ir efektyvum\u0105.<\/p>\n<h3>Pa\u017eangi gamybos \u012franga<\/h3>\n<p>M\u016bs\u0173 moderniausios gamybos \u012fmon\u0117s apr\u016bpintos naujausiomis technologijomis, siekiant u\u017etikrinti kiekvieno m\u016bs\u0173 gaminamo produkto tikslum\u0105 ir kokyb\u0119. Nuolat investuojame \u012f nauj\u0105 \u012frang\u0105, siekdami didinti savo gamybos paj\u0117gumus.<\/p>\n<h3>Aptarnavimas po pardavimo<\/h3>\n<p>Savo klientams teikiame visapusi\u0161k\u0105 garantin\u012f aptarnavim\u0105, u\u017etikrindami, kad jie gaut\u0173 reikiam\u0105 pagalb\u0105 po pirkimo. M\u016bs\u0173 klient\u0173 aptarnavimo komanda pasirengusi atsakyti \u012f visus klausimus ir suteikti technin\u0119 pagalb\u0105.<\/p>\n<p><img decoding=\"async\" src=\"https:\/\/www.hydraulic-cylinders.net\/wp-content\/uploads\/2025\/04\/songte-company-4.webp\" alt=\"\u012emon\u0117s paveiksl\u0117lis 1\"><br \/>\n<img decoding=\"async\" src=\"https:\/\/www.hydraulic-cylinders.net\/wp-content\/uploads\/2025\/04\/songte-company-3.webp\" alt=\"\u012emon\u0117s paveiksl\u0117lis 2\"><\/p>\n<p>Autorius: lyl<\/p>","protected":false},"excerpt":{"rendered":"<p>Boom Cylinder For KYM KY60A Overview of Boom Cylinder The Boom Cylinder is a crucial component in hydraulic systems, specifically designed to control the movement of the bucket in heavy machinery such as excavators, backhoe loaders, and front loaders. This hydraulic cylinder allows the bucket to lift, lower, and tilt, facilitating efficient material handling tasks. [&hellip;]<\/p>","protected":false},"featured_media":17868,"comment_status":"open","ping_status":"closed","template":"","meta":{"_et_pb_use_builder":"","_et_pb_old_content":"","_et_gb_content_width":""},"product_brand":[],"product_cat":[1546],"product_tag":[1547,1496],"class_list":{"0":"post-19530","1":"product","2":"type-product","3":"status-publish","4":"has-post-thumbnail","6":"product_cat-boom-cylinders","7":"product_tag-boom-cylinders","8":"product_tag-hydraulic-cylinders","10":"first","11":"instock","12":"shipping-taxable","13":"product-type-simple"},"amp_enabled":true,"_links":{"self":[{"href":"https:\/\/www.hydraulic-cylinders.net\/lt\/wp-json\/wp\/v2\/product\/19530","targetHints":{"allow":["GET"]}}],"collection":[{"href":"https:\/\/www.hydraulic-cylinders.net\/lt\/wp-json\/wp\/v2\/product"}],"about":[{"href":"https:\/\/www.hydraulic-cylinders.net\/lt\/wp-json\/wp\/v2\/types\/product"}],"replies":[{"embeddable":true,"href":"https:\/\/www.hydraulic-cylinders.net\/lt\/wp-json\/wp\/v2\/comments?post=19530"}],"wp:featuredmedia":[{"embeddable":true,"href":"https:\/\/www.hydraulic-cylinders.net\/lt\/wp-json\/wp\/v2\/media\/17868"}],"wp:attachment":[{"href":"https:\/\/www.hydraulic-cylinders.net\/lt\/wp-json\/wp\/v2\/media?parent=19530"}],"wp:term":[{"taxonomy":"product_brand","embeddable":true,"href":"https:\/\/www.hydraulic-cylinders.net\/lt\/wp-json\/wp\/v2\/product_brand?post=19530"},{"taxonomy":"product_cat","embeddable":true,"href":"https:\/\/www.hydraulic-cylinders.net\/lt\/wp-json\/wp\/v2\/product_cat?post=19530"},{"taxonomy":"product_tag","embeddable":true,"href":"https:\/\/www.hydraulic-cylinders.net\/lt\/wp-json\/wp\/v2\/product_tag?post=19530"}],"curies":[{"name":"wp","href":"https:\/\/api.w.org\/{rel}","templated":true}]}}