{"id":19535,"date":"2025-04-07T06:53:13","date_gmt":"2025-04-07T06:53:13","guid":{"rendered":"https:\/\/www.hydraulic-cylinders.net\/product\/boom-cylinder-for-pengpu-sw210e\/"},"modified":"2025-04-07T06:53:16","modified_gmt":"2025-04-07T06:53:16","slug":"boom-cylinder-for-pengpu-sw210e","status":"publish","type":"product","link":"https:\/\/www.hydraulic-cylinders.net\/lt\/produktas\/boom-cylinder-for-pengpu-sw210e\/","title":{"rendered":"Pengpu SW210E str\u0117l\u0117s cilindras"},"content":{"rendered":"<h1>Pengpu SW210E str\u0117l\u0117s cilindras<\/h1>\n<h2>Produkto ap\u017evalga<\/h2>\n<p>\u201ePengpu SW210E\u201c str\u0117l\u0117s cilindras yra specializuotas hidraulinis cilindras, skirtas valdyti str\u0117l\u0117s jud\u0117jim\u0105 \u012fvairiose sunkiosiose ma\u0161inose, tokiose kaip ekskavatoriai, ekskavatoriniai krautuvai ir frontaliniai krautuvai. \u0160is esminis komponentas leid\u017eia str\u0117lei kelti, nuleisti ir pakreipti, taip palengvindamas efektyv\u0173 med\u017eiag\u0173 tvarkym\u0105. Kaip hidraulinio cilindro tipas, str\u0117l\u0117s cilindras atlieka gyvybi\u0161kai svarb\u0173 vaidmen\u012f hidraulin\u0117se sistemose, nes leid\u017eia tiksliai valdyti ir efektyviai dirbti sud\u0117tingomis s\u0105lygomis.<\/p>\n<p><img decoding=\"async\" src=\"https:\/\/www.hydraulic-cylinders.net\/wp-content\/uploads\/2025\/04\/songte-company-1.webp\" alt=\"Str\u0117l\u0117s cilindro vaizdas\"><\/p>\n<h2>Str\u0117l\u0117s cilindro savyb\u0117s<\/h2>\n<ul>\n<li><strong>Didelis stiprumas ir ilgaam\u017ei\u0161kumas:<\/strong> Paprastai pagaminti i\u0161 didelio stiprumo plieno arba aliuminio, \u0161ie cilindrai gali atlaikyti auk\u0161t\u0105 sl\u0117g\u012f ir dideles apkrovas, tuo pa\u010diu metu yra atspar\u016bs dilimui ir korozijai, taip pailgindami j\u0173 tarnavimo laik\u0105.<\/li>\n<li><strong>Efektyvus hidraulinis valdymas:<\/strong> Str\u0117l\u0117s cilindras naudoja hidraulin\u0117s alyvos sl\u0117g\u012f, kad str\u0117l\u0117 skland\u017eiai i\u0161skleist\u0173 ir atitraukt\u0173 str\u0117l\u0119, greitai reaguot\u0173 \u012f valdymo komandas ir u\u017etikrint\u0173 didel\u0119 st\u016bmimo bei traukimo j\u0117g\u0105, tinkam\u0105 sunkioms ir sud\u0117tingoms u\u017eduotims.<\/li>\n<li><strong>\u012evair\u016bs tipai:<\/strong> Galima \u012fsigyti vienpusio veikimo (veikian\u010di\u0173 viena kryptimi) arba dvipusio veikimo (veikian\u010di\u0173 abiem kryptimis) konfig\u016bracij\u0173, kad b\u016bt\u0173 patenkinti \u012fvair\u016bs eksploataciniai poreikiai, o kai kurie modeliai pasi\u017eymi teleskopin\u0117mis konstrukcijomis, u\u017etikrinan\u010diomis didesn\u012f i\u0161pl\u0117tim\u0105 nedidinant i\u0161orini\u0173 matmen\u0173, tod\u0117l idealiai tinka naudoti ribotoje erdv\u0117je.<\/li>\n<li><strong>Individuali gamyba:<\/strong> M\u016bs\u0173 gaminiai gali puikiai pakeisti esamus hidraulinius cilindrus, u\u017etikrindami suderinamum\u0105 ir patikimum\u0105.<\/li>\n<li><strong>Grie\u017etas testavimas:<\/strong> Kiekvienas cilindras yra kruop\u0161\u010diai i\u0161bandomas, siekiant u\u017etikrinti, kad jis atitikt\u0173 visus pramon\u0117s standartus, susijusius su saugumu, efektyvumu ir ilgaam\u017ei\u0161kumu.<\/li>\n<\/ul>\n<p><img decoding=\"async\" src=\"https:\/\/www.hydraulic-cylinders.net\/wp-content\/uploads\/2025\/04\/songte-cylinder-head-with-all-kinds-excavator-models.webp\" alt=\"Cilindro pakeitimo paveiksl\u0117lis\"><\/p>\n<h2>Taikymo scenarijai<\/h2>\n<h3>Statybin\u0117 \u012franga<\/h3>\n<p>Statybin\u0117je technikoje str\u0117l\u0117s cilindrai randami ekskavatoriuose, kur jie yra labai svarb\u016bs kasant, kraunant ir perkeliant grunt\u0105 ar \u0161iuk\u0161les. Ekskavatoriuose krautuvuose str\u0117l\u0117s cilindras padeda tiek atliekant kasimo, tiek k\u0117limo darbus, kurie yra b\u016btini ruo\u0161iant statybviet\u0119 ir transportuojant med\u017eiagas.<\/p>\n<h3>\u017dem\u0117s \u016bkio technika<\/h3>\n<p>Priekiniuose krautuvuose str\u0117l\u0117s cilindrai atlieka gyvybi\u0161kai svarb\u0173 vaidmen\u012f semiant, keliant ir transportuojant dirvo\u017eem\u012f, \u0161ien\u0105 ir kitas med\u017eiagas, taip padidindami \u012fvairi\u0173 \u017eem\u0117s \u016bkio u\u017eduo\u010di\u0173 ir operacij\u0173 efektyvum\u0105.<\/p>\n<h3>Ekskavatoriai<\/h3>\n<p>Str\u0117l\u0117s cilindras leid\u017eia kau\u0161ui \u012fsiskverbti \u012f dirv\u0105, atliekant kasimo veiksmus, kurie yra labai svarb\u016bs statybos projektuose ir \u017eem\u0117s pl\u0117troje. \u0160i funkcija optimizuoja veiklos efektyvum\u0105 ir veiksmingum\u0105 atliekant \u012fvairias kasimo u\u017eduotis.<\/p>\n<h3>Krautuvai<\/h3>\n<p>Priekiniuose krautuvuose str\u0117l\u0117s cilindrai padeda efektyviai pakelti ir i\u0161versti krovinius, o tai labai svarbu tvarkant med\u017eiagas \u012fvairiose pramon\u0117s \u0161akose, u\u017etikrinant, kad sunkias med\u017eiagas b\u016bt\u0173 galima greitai ir saugiai perkelti.<\/p>\n<h2>Projektavimo aspektai ir atrankos kriterijai<\/h2>\n<h3>Keliamoji galia<\/h3>\n<p>Str\u0117l\u0117s cilindro keliamoji galia yra labai svarbus aspektas, lemiantis jo geb\u0117jim\u0105 kelti ir manevruoti sunkias med\u017eiagas. Tinkamos keliamosios galios pasirinkimas u\u017etikrina saug\u0173 ir efektyv\u0173 veikim\u0105, suma\u017eina cilindro gedimo ir galim\u0173 avarij\u0173 rizik\u0105. Svarbu \u012fvertinti maksimali\u0105 apkrov\u0105, kuri\u0105 cilindras patirs eksploatacijos metu, ir pasirinkti cilindr\u0105, kurio vardin\u0117 vert\u0117 vir\u0161ija \u0161i\u0105 rib\u0105, kad b\u016bt\u0173 u\u017etikrintas patikimumas ir saugumas.<\/p>\n<h3>Sandarinimo efektyvumas<\/h3>\n<p>Sandarumo savyb\u0117s yra gyvybi\u0161kai svarbios norint i\u0161vengti hidraulinio skys\u010dio nuot\u0117kio ir palaikyti sl\u0117g\u012f cilindre. Reikia pasirinkti tinkamus sandariklius, kad jie atlaikyt\u0173 darbin\u0119 aplink\u0105, temperat\u016br\u0105 ir sl\u0117g\u012f. Auk\u0161tos kokyb\u0117s sandarikliai taip pat prisideda prie cilindro ilgaam\u017ei\u0161kumo, nes suma\u017eina vidini\u0173 komponent\u0173 susid\u0117v\u0117jim\u0105.<\/p>\n<h3>Patvarumas<\/h3>\n<p>Patvarumas yra pagrindinis str\u0117l\u0117s cilindr\u0173 konstrukcijos veiksnys, nes jie da\u017enai veikia at\u0161iauriomis s\u0105lygomis. Med\u017eiagos turi b\u016bti parenkamos atsi\u017evelgiant \u012f j\u0173 tvirtum\u0105, atsparum\u0105 korozijai ir dilimui. Didesnis patvarumas lemia ilgesn\u012f tarnavimo laik\u0105 ir ma\u017eesnes prie\u017ei\u016bros i\u0161laidas, tod\u0117l tai yra labai svarbus aspektas renkantis cilindr\u0105.<\/p>\n<h3>Saugos funkcijos<\/h3>\n<p>Saugumas hidraulin\u0117se sistemose yra svarbiausias dalykas. Str\u0117l\u0117s cilindrai tur\u0117t\u0173 tur\u0117ti tokias funkcijas kaip apsauga nuo perkrovos, sl\u0117gio ma\u017einimo vo\u017etuvai ir gedim\u0173 prevencijos mechanizmai, siekiant i\u0161vengti nelaiming\u0173 atsitikim\u0173. U\u017etikrinus, kad \u0161ios saugos funkcijos b\u016bt\u0173 \u012ftrauktos \u012f konstrukcij\u0105, padedama apsaugoti operatorius ir ma\u0161inas darbo metu.<\/p>\n<h3>Prie\u017ei\u016bra ir remonto galimyb\u0117s<\/h3>\n<p>Svarbus projektavimo aspektas yra prie\u017ei\u016bros ir remonto paprastumas. Komponentai tur\u0117t\u0173 b\u016bti suprojektuoti taip, kad juos b\u016bt\u0173 lengva pasiekti ir pakeisti, taip u\u017etikrinant efektyvi\u0105 prie\u017ei\u016bros tvark\u0105. Siekiant palaikyti optimali\u0105 cilindro darbin\u0119 b\u016bkl\u0119, tur\u0117t\u0173 b\u016bti nustatyti reguliarios prie\u017ei\u016bros protokolai, kurie pailgina jo tarnavimo laik\u0105 ir pagerina na\u0161um\u0105.<\/p>\n<p><img decoding=\"async\" src=\"https:\/\/www.hydraulic-cylinders.net\/wp-content\/uploads\/2025\/04\/songte-oil-pipes-and-spare-parts.webp\" alt=\"Hidraulini\u0173 komponent\u0173 vaizdas\"><\/p>\n<h2>Sandarinimas ir tepimas<\/h2>\n<p>Siekiant optimalaus na\u0161umo, str\u0117l\u0117s cilindruose naudojami \u012fvair\u016bs sandarinimo elementai, \u012fskaitant st\u016bmokli\u0173 ir kot\u0173 sandariklius. \u0160ie sandarikliai da\u017eniausiai gaminami i\u0161 patvari\u0173 med\u017eiag\u0173, toki\u0173 kaip poliuretanas ir nitrilo kau\u010diukas, kurios laikui b\u0117gant yra atsparios dilimui. Cilindro korpusas ir sriegi\u0173 pavir\u0161iai yra kruop\u0161\u010diai apdorojami, siekiant padidinti j\u0173 atsparum\u0105 dilimui ir u\u017etikrinti sandarum\u0105. Reguliarus tepimas hidrauline alyva yra b\u016btinas, nes ji u\u017etikrina reikiam\u0105 sklandum\u0105 ir padeda i\u0161vengti judan\u010di\u0173 dali\u0173 dilimo, u\u017etikrindama skland\u0173 veikim\u0105.<\/p>\n<h2>Reguliar\u016bs patikrinimai ir prevencin\u0117 prie\u017ei\u016bra<\/h2>\n<ul>\n<li><strong>\u012eprastiniai patikrinimai:<\/strong> Labai svarbu reguliariai tikrinti str\u0117l\u0117s cilindr\u0105, ar n\u0117ra susid\u0117v\u0117jimo, nuot\u0117ki\u0173 ar pa\u017eeidim\u0173 po\u017eymi\u0173. Ankstyvas aptikimas gali pad\u0117ti i\u0161vengti rimtesni\u0173 problem\u0173, kurioms gali prireikti brangaus remonto ar keitimo.<\/li>\n<li><strong>Tinkamas tepimas:<\/strong> U\u017etikrinus, kad cilindras b\u016bt\u0173 tinkamai suteptas tinkama hidrauline alyva, i\u0161vengiama vidini\u0173 komponent\u0173 trinties ir susid\u0117v\u0117jimo, tod\u0117l u\u017etikrinamas sklandus veikimas ir pailginamas cilindro tarnavimo laikas.<\/li>\n<li><strong>Sandariklio keitimas:<\/strong> Tarpikliai tur\u0117t\u0173 b\u016bti patikrinti ir prireikus pakeisti, nes susid\u0117v\u0117j\u0119 tarpikliai gali sukelti skys\u010di\u0173 nuot\u0117k\u012f ir suma\u017einti na\u0161um\u0105. Reguliarus keitimas padeda i\u0161laikyti hidraulin\u0117s sistemos vientisum\u0105.<\/li>\n<\/ul>\n<h2>\u012erengimo gair\u0117s<\/h2>\n<p>Tinkamas montavimas yra labai svarbus efektyviam str\u0117l\u0117s cilindro veikimui. Laikykit\u0117s \u0161i\u0173 nurodym\u0173:<\/p>\n<ol>\n<li>\u012esitikinkite, kad montavimo vieta yra \u0161vari ir joje n\u0117ra \u0161iuk\u0161li\u0173, kurios gal\u0117t\u0173 trukdyti cilindro veikimui.<\/li>\n<li>Tiksliai sulygiuokite cilindr\u0105 su tvirtinimo laikikliais, kad i\u0161vengtum\u0117te nesuderinamumo, kuris gali sukelti prie\u0161laikin\u012f susid\u0117v\u0117jim\u0105 ar gedim\u0105.<\/li>\n<li>Cilindrui pritvirtinti naudokite tinkamus tvirtinimo laikiklius ir tvirtinimo detales, u\u017etikrindami tvirt\u0105 ir stabil\u0173 montavim\u0105.<\/li>\n<li>\u012edieg\u0119 cilindr\u0105, patikrinkite j\u012f esant \u017eemam sl\u0117giui, kad patikrintum\u0117te, ar n\u0117ra nuot\u0117ki\u0173, ir prie\u0161 pilnai \u012fjungdami patikrinkite jo sulygiavim\u0105.<\/li>\n<li>Pirmojo naudojimo metu steb\u0117kite cilindr\u0105, kad \u012fsitikintum\u0117te, jog viskas veikia skland\u017eiai, ir nedelsdami i\u0161spr\u0119skite visas problemas.<\/li>\n<\/ol>\n<p><img decoding=\"async\" src=\"https:\/\/www.hydraulic-cylinders.net\/wp-content\/uploads\/2025\/04\/songte-chushion-collar.webp\" alt=\"Pagalv\u0117l\u0117s apykakl\u0117s vaizdas\"><\/p>\n<h2>Saugos aspektai ir aplinkos veiksniai<\/h2>\n<p>Dirbant su hidraulin\u0117mis sistemomis, labai svarbu \u012fdiegti saugos priemones, siekiant i\u0161vengti nelaiming\u0173 atsitikim\u0173. Operatoriai visada turi d\u0117v\u0117ti tinkamas asmenines apsaugos priemones (AAP) ir b\u016bti apmokyti hidraulini\u0173 sistem\u0173 saugos proced\u016br\u0173. Be to, reik\u0117t\u0173 atsi\u017evelgti \u012f aplinkos veiksnius, pavyzd\u017eiui, u\u017etikrinti, kad hidrauliniai skys\u010diai b\u016bt\u0173 surinkti ir tinkamai utilizuoti, siekiant i\u0161vengti aplinkos u\u017eter\u0161imo.<\/p>\n<h2>Gedim\u0173 diagnostika ir da\u017eniausios problemos<\/h2>\n<ul>\n<li><strong>Nuot\u0117kis:<\/strong> Viena da\u017ena hidraulini\u0173 cilindr\u0173 problema yra nuot\u0117kis, da\u017enai atsirandantis d\u0117l susid\u0117v\u0117jusi\u0173 sandarikli\u0173 arba cilindro korpuso pa\u017eeidimo. Reguliariai tikrinkite sandariklius ir prireikus juos pakeiskite, kad i\u0161vengtum\u0117te nuot\u0117ki\u0173.<\/li>\n<li><strong>Na\u0161umo problemos:<\/strong> Jei cilindras nereaguoja tinkamai, tai gali b\u016bti d\u0117l hidrauliniame skystyje \u012fstrigusio oro arba nepakankamo tepimo. I\u0161leiskite or\u0105 i\u0161 sistemos ir u\u017etikrinkite tinkam\u0105 tepim\u0105, kad atkurtum\u0117te veikim\u0105.<\/li>\n<li><strong>Triuk\u0161mingas veikimas:<\/strong> Ne\u012fprasti garsai veikimo metu gali rodyti mechanines problemas arba \u017eem\u0105 hidraulinio skys\u010dio lyg\u012f. Patikrinkite, ar skys\u010dio lygis tinkamas, ir ap\u017ei\u016br\u0117kite, ar n\u0117ra mechanini\u0173 gedim\u0173, kuriuos reik\u0117t\u0173 remontuoti.<\/li>\n<\/ul>\n<h2>Trik\u010di\u0173 \u0161alinimo patarimai<\/h2>\n<p>Nor\u0117dami efektyviai diagnozuoti ir i\u0161spr\u0119sti str\u0117l\u0117s cilindro problemas, laikykit\u0117s \u0161i\u0173 patarim\u0173:<\/p>\n<ul>\n<li>Reguliariai tikrinkite hidraulinio skys\u010dio lyg\u012f ir palaikykite tinkam\u0105 jo kiek\u012f, kad i\u0161vengtum\u0117te eksploatacini\u0173 problem\u0173.<\/li>\n<li>Steb\u0117kite, ar n\u0117ra nusid\u0117v\u0117jimo po\u017eymi\u0173, ir nedelsdami juos pa\u0161alinkite, kad suma\u017eintum\u0117te gedimo rizik\u0105.<\/li>\n<li>\u012egyvendinkite reguliarius technin\u0117s prie\u017ei\u016bros grafikus, kad u\u017etikrintum\u0117te ilgalaik\u012f patikimum\u0105 ir na\u0161um\u0105.<\/li>\n<\/ul>\n<p><img decoding=\"async\" src=\"https:\/\/www.hydraulic-cylinders.net\/wp-content\/uploads\/2025\/04\/songte-bushings-with-all-kinds-of-excavator-models.webp\" alt=\"\u012evori\u0173 vaizdas\"><\/p>\n<h2>Apie m\u016bs\u0173 \u012fmon\u0119<\/h2>\n<p>Esame pirmaujantis pakaitini\u0173 hidraulini\u0173 cilindr\u0173 gamintojas, si\u016blantis plat\u0173 gamini\u0173 asortiment\u0105, skirt\u0105 vidaus ir tarptautinei rinkai. M\u016bs\u0173 \u012fsipareigojimas siekti meistri\u0161kumo atsispindi rafinuotose gamybos strategijose ir pa\u017eangi\u0173 technologij\u0173 naudojime. Siekdami patenkinti \u012fvairius klient\u0173 poreikius, orientuojam\u0117s \u012f auk\u0161t\u0105 efektyvum\u0105, tikslum\u0105 ir kokyb\u0119.<\/p>\n<ul>\n<li><strong>Specializacija:<\/strong> M\u016bs\u0173 patirtis hidraulini\u0173 cilindr\u0173 gamyboje leid\u017eia mums pasi\u016blyti individualius sprendimus, atitinkan\u010dius konkre\u010dius reikalavimus.<\/li>\n<li><strong>Tarptautinis sertifikatas:<\/strong> M\u016bs\u0173 gaminiai atitinka tarptautinius kokyb\u0117s standartus, u\u017etikrinan\u010dius patikimum\u0105 ir saugum\u0105.<\/li>\n<li><strong>Pritaikymo paslaugos:<\/strong> Si\u016blome individualius sprendimus, pritaikytus unikaliems veiklos poreikiams.<\/li>\n<li><strong>Pa\u017eangiausia \u012franga:<\/strong> M\u016bs\u0173 gamybos \u012frenginiai apr\u016bpinti pa\u017eangiomis technologijomis, kurios padidina gamybos tikslum\u0105 ir efektyvum\u0105.<\/li>\n<li><strong>Aptarnavimas po pardavimo:<\/strong> Mes teikiame patikim\u0105 garantinio aptarnavimo paslaug\u0105, kad u\u017etikrintume klient\u0173 pasitenkinim\u0105 ir i\u0161spr\u0119stume visus su produktais susijusius klausimus.<\/li>\n<\/ul>\n<p><img decoding=\"async\" src=\"https:\/\/www.hydraulic-cylinders.net\/wp-content\/uploads\/2025\/04\/songte-company-4.webp\" alt=\"\u012emon\u0117s paveiksl\u0117lis 1\"><br \/>\n<img decoding=\"async\" src=\"https:\/\/www.hydraulic-cylinders.net\/wp-content\/uploads\/2025\/04\/songte-company-3.webp\" alt=\"\u012emon\u0117s paveiksl\u0117lis 2\"><\/p>\n<p>Autorius: lyl<\/p>","protected":false},"excerpt":{"rendered":"<p>Boom Cylinder For Pengpu SW210E Product Overview The boom cylinder for the Pengpu SW210E is a specialized hydraulic cylinder designed to control the movement of the boom in various heavy machinery like excavators, backhoe loaders, and front-end loaders. This essential component enables the boom to lift, lower, and tilt, facilitating efficient material handling tasks. As [&hellip;]<\/p>","protected":false},"featured_media":17873,"comment_status":"open","ping_status":"closed","template":"","meta":{"_et_pb_use_builder":"","_et_pb_old_content":"","_et_gb_content_width":""},"product_brand":[],"product_cat":[1546],"product_tag":[1547,1496],"class_list":{"0":"post-19535","1":"product","2":"type-product","3":"status-publish","4":"has-post-thumbnail","6":"product_cat-boom-cylinders","7":"product_tag-boom-cylinders","8":"product_tag-hydraulic-cylinders","10":"first","11":"instock","12":"shipping-taxable","13":"product-type-simple"},"amp_enabled":true,"_links":{"self":[{"href":"https:\/\/www.hydraulic-cylinders.net\/lt\/wp-json\/wp\/v2\/product\/19535","targetHints":{"allow":["GET"]}}],"collection":[{"href":"https:\/\/www.hydraulic-cylinders.net\/lt\/wp-json\/wp\/v2\/product"}],"about":[{"href":"https:\/\/www.hydraulic-cylinders.net\/lt\/wp-json\/wp\/v2\/types\/product"}],"replies":[{"embeddable":true,"href":"https:\/\/www.hydraulic-cylinders.net\/lt\/wp-json\/wp\/v2\/comments?post=19535"}],"wp:featuredmedia":[{"embeddable":true,"href":"https:\/\/www.hydraulic-cylinders.net\/lt\/wp-json\/wp\/v2\/media\/17873"}],"wp:attachment":[{"href":"https:\/\/www.hydraulic-cylinders.net\/lt\/wp-json\/wp\/v2\/media?parent=19535"}],"wp:term":[{"taxonomy":"product_brand","embeddable":true,"href":"https:\/\/www.hydraulic-cylinders.net\/lt\/wp-json\/wp\/v2\/product_brand?post=19535"},{"taxonomy":"product_cat","embeddable":true,"href":"https:\/\/www.hydraulic-cylinders.net\/lt\/wp-json\/wp\/v2\/product_cat?post=19535"},{"taxonomy":"product_tag","embeddable":true,"href":"https:\/\/www.hydraulic-cylinders.net\/lt\/wp-json\/wp\/v2\/product_tag?post=19535"}],"curies":[{"name":"wp","href":"https:\/\/api.w.org\/{rel}","templated":true}]}}