{"id":19536,"date":"2025-04-07T06:53:16","date_gmt":"2025-04-07T06:53:16","guid":{"rendered":"https:\/\/www.hydraulic-cylinders.net\/product\/boom-cylinder-for-pengpu-sw240e\/"},"modified":"2025-04-07T06:53:18","modified_gmt":"2025-04-07T06:53:18","slug":"boom-cylinder-for-pengpu-sw240e","status":"publish","type":"product","link":"https:\/\/www.hydraulic-cylinders.net\/lt\/produktas\/boom-cylinder-for-pengpu-sw240e\/","title":{"rendered":"Pengpu SW240E str\u0117l\u0117s cilindras"},"content":{"rendered":"<h1>Pengpu SW240E str\u0117l\u0117s cilindras<\/h1>\n<h2>Produkto ap\u017evalga<\/h2>\n<p>The <strong>Pengpu SW240E str\u0117l\u0117s cilindras<\/strong> yra esminis hidraulinis komponentas, skirtas valdyti kau\u0161\u0173 jud\u0117jim\u0105 sunkiosiose ma\u0161inose, tokiose kaip ekskavatoriai, ekskavatoriai ir frontaliniai krautuvai. \u0160is hidraulinis cilindras leid\u017eia kau\u0161ui pakelti, nuleisti ir pakreipti, taip palengvindamas efektyv\u0173 med\u017eiag\u0173 tvarkym\u0105. B\u016bdamas svarbia hidraulini\u0173 sistem\u0173 dalimi, jis paver\u010dia hidraulin\u0119 energij\u0105 mechaniniu judesiu, u\u017etikrindamas tiksl\u0173 ir galing\u0105 veikim\u0105.<\/p>\n<p><img decoding=\"async\" src=\"https:\/\/www.hydraulic-cylinders.net\/wp-content\/uploads\/2025\/04\/songte-company-1.webp\" alt=\"Str\u0117l\u0117s cilindras\" \/><\/p>\n<h3>Kau\u0161o cilindr\u0173 supratimas<\/h3>\n<p>Kau\u0161\u0173 cilindrai yra hidrauliniai cilindrai, specialiai sukurti sunkiosios technikos darbams. Jie suteikia reikiam\u0105 j\u0117g\u0105, kad kau\u0161as gal\u0117t\u0173 efektyviai jud\u0117ti. Naudodami sl\u0117gin\u0119 hidraulin\u0119 alyv\u0105, \u0161ie cilindrai pasiekia skland\u0173 ir kontroliuojam\u0105 veikim\u0105, tod\u0117l jie yra gyvybi\u0161kai svarb\u016bs statybos ir \u017eem\u0117s \u016bkio technikai.<\/p>\n<h2>Pagrindin\u0117s savyb\u0117s<\/h2>\n<ul>\n<li><strong>Didelis stiprumas ir ilgaam\u017ei\u0161kumas:<\/strong> Pagamintas i\u0161 didelio stiprumo plieno arba aliuminio, str\u0117l\u0117s cilindras yra skirtas atlaikyti auk\u0161t\u0105 sl\u0117g\u012f ir dideles apkrovas, tod\u0117l tinka at\u0161iaurioms darbo s\u0105lygoms.<\/li>\n<li><strong>Efektyvus hidraulinis valdymas:<\/strong> Cilindras naudoja hidraulin\u012f sl\u0117g\u012f, kad skland\u017eiai i\u0161skleist\u0173 ir atitraukt\u0173, tod\u0117l greitai reaguoti \u012f operatoriaus komandas ir u\u017etikrinti dideles st\u016bmimo bei traukimo j\u0117gas.<\/li>\n<li><strong>\u012evair\u016bs tipai:<\/strong> \u0160ie cilindrai, tiekiami vienpusio ir dvipusio veikimo konfig\u016bracij\u0173, atitinka \u012fvairius eksploatacinius reikalavimus. Kai kurie modeliai yra teleskopiniai, tod\u0117l galima pasiekti didesn\u012f atstum\u0105 nepadidinant bendro dyd\u017eio.<\/li>\n<li><strong>Tikslioji in\u017einerija:<\/strong> Kiekvienas str\u0117l\u0117s cilindras suprojektuotas taip, kad b\u016bt\u0173 u\u017etikrintas grie\u017etas tolerancijos diapazonas, u\u017etikrinantis optimal\u0173 veikim\u0105 ir ilgaam\u017ei\u0161kum\u0105 atliekant sud\u0117tingas u\u017eduotis.<\/li>\n<li><strong>Pritaikomos parinktys:<\/strong> \u0160\u012f gamin\u012f galime pagaminti pagal konkre\u010dius pritaikymus ar reikalavimus, u\u017etikrindami puik\u0173 atitikim\u0105 j\u016bs\u0173 hidraulin\u0117ms sistemoms.<\/li>\n<\/ul>\n<p><img decoding=\"async\" src=\"https:\/\/www.hydraulic-cylinders.net\/wp-content\/uploads\/2025\/04\/songte-cylinder-head-with-all-kinds-excavator-models.webp\" alt=\"Str\u0117l\u0117s cilindro galvut\u0117\" \/><\/p>\n<h2>Parai\u0161kos<\/h2>\n<h3>Statybin\u0117 \u012franga<\/h3>\n<p>Ekskavatoriuose str\u0117l\u0117s cilindrai yra labai svarb\u016bs kasant, kraunant ir transportuojant grunt\u0105 ar \u0161iuk\u0161les. J\u0173 patikimas veikimas leid\u017eia efektyviai dirbti tvarkant sunkias med\u017eiagas. Ekskavatoriams-krautuvams \u0161ie cilindrai padeda ne tik atliekant kasimo darbus, bet ir k\u0117limo operacijas, u\u017etikrindami universalum\u0105 ir na\u0161um\u0105 darbo vietose.<\/p>\n<h3>\u017dem\u0117s \u016bkio technika<\/h3>\n<p>Priekiniai krautuvai naudoja str\u0117l\u0117s cilindrus dirvo\u017eemiui, \u0161ienui ir kitoms med\u017eiagoms semti, kelti ir transportuoti. \u0160ie hidrauliniai cilindrai pagerina \u017eem\u0117s \u016bkio technikos na\u0161um\u0105, tod\u0117l tokios u\u017eduotys kaip pas\u0117li\u0173 pakrovimas ir i\u0161krovimas tampa efektyvesn\u0117s.<\/p>\n<h3>Ekskavatoriai<\/h3>\n<p>Str\u0117l\u0117s cilindras leid\u017eia kau\u0161ui \u012fsiskverbti \u012f \u017eem\u0119, palengvindamas kasimo darbus. Jo tvirtumas ir patikimumas yra gyvybi\u0161kai svarb\u016bs norint greitai ir efektyviai perkelti didelius grunto kiekius.<\/p>\n<h3>Krautuvai<\/h3>\n<p>Priekiniuose krautuvuose str\u0117l\u0117s cilindrai atlieka svarb\u0173 vaidmen\u012f efektyviai pakeliant ir i\u0161ver\u010diant krovinius. J\u0173 konstrukcija u\u017etikrina, kad med\u017eiagas b\u016bt\u0173 galima lengvai tvarkyti, o tai padidina bendr\u0105 na\u0161um\u0105.<\/p>\n<h2>Projektavimo aspektai ir atrankos kriterijai<\/h2>\n<h3>Keliamoji galia<\/h3>\n<p>Renkantis str\u0117l\u0117s cilindr\u0105, labai svarbu \u012fvertinti jo keliam\u0105j\u0105 gali\u0105. \u012esitikinkite, kad cilindras gali atlaikyti maksimal\u0173 med\u017eiag\u0173, su kuriomis jis dirbs, svor\u012f. Perkrova gali sukelti prie\u0161laikin\u012f gedim\u0105 ir pavoj\u0173 saugai.<\/p>\n<h3>Sandarumo vientisumas<\/h3>\n<p>Svarbus konstrukcijos elementas yra sandarinimo sistema. Tinkami sandarikliai apsaugo nuo hidraulinio skys\u010dio nuot\u0117kio, u\u017etikrindami efektyv\u0173 veikim\u0105 ir apsaugodami aplink\u0105 nuo u\u017eter\u0161imo. Apsvarstykite cilindrus su auk\u0161tos kokyb\u0117s sandarikliais, pagamintais i\u0161 patvari\u0173 med\u017eiag\u0173.<\/p>\n<h3>Patvarumas<\/h3>\n<p>Str\u0117l\u0117s cilindrams ilgaam\u017ei\u0161kumas yra labai svarbus, nes jie atlaiko at\u0161iaurias darbo s\u0105lygas. Pasirinkus cilindrus, pagamintus i\u0161 med\u017eiag\u0173, atspari\u0173 dilimui, korozijai ir nuovargiui, galima gerokai pailginti j\u0173 tarnavimo laik\u0105.<\/p>\n<h3>Saugos funkcijos<\/h3>\n<p>Saugos mechanizmai, tokie kaip sl\u0117gio ma\u017einimo vo\u017etuvai ir avariniai \u012ftaisai, yra gyvybi\u0161kai svarb\u016bs hidrauliniuose cilindruose. Jie apsaugo nuo avarij\u0173 ir \u012frangos pa\u017eeidim\u0173, u\u017etikrindami, kad cilindras veikt\u0173 saugiose ribose.<\/p>\n<h3>Prieinamumas prie prie\u017ei\u016bros<\/h3>\n<p>Svarbu projektuoti taip, kad b\u016bt\u0173 lengva pri\u017ei\u016br\u0117ti. Pasirinkite cilindrus, prie kuri\u0173 b\u016bt\u0173 lengva prieiti prie komponent\u0173 ap\u017ei\u016brai, valymui ir remontui. Tai gali pad\u0117ti suma\u017einti prastovas ir prie\u017ei\u016bros i\u0161laidas.<\/p>\n<p><img decoding=\"async\" src=\"https:\/\/www.hydraulic-cylinders.net\/wp-content\/uploads\/2025\/04\/songte-oil-pipes-and-spare-parts.webp\" alt=\"Hidraulin\u0117s dalys\" \/><\/p>\n<h2>Sandarinimas ir tepimas<\/h2>\n<p>Str\u0117l\u0117s cilindr\u0173 sandarinimo sistemose naudojami \u012fvair\u016bs sandarikliai, \u012fskaitant st\u016bmokli\u0173 ir kot\u0173 sandariklius, pagamintus i\u0161 atspari\u0173 dilimui med\u017eiag\u0173, toki\u0173 kaip poliuretanas ir nitrilo kau\u010diukas. \u0160ie sandarikliai apsaugo nuo hidraulinio skys\u010dio nuot\u0117kio ir palaiko sistemos sl\u0117g\u012f. Be to, cilindro korpusas ir srieginiai galai yra kruop\u0161\u010diai apdirbami, siekiant padidinti atsparum\u0105 dilimui. Reguliariai pildami tinkam\u0105 hidraulin\u0119 alyv\u0105 tepimui, b\u016btina u\u017etikrinti cilindro ilgaam\u017ei\u0161kum\u0105 ir efektyvum\u0105.<\/p>\n<h2>Prevencin\u0117s prie\u017ei\u016bros priemon\u0117s<\/h2>\n<ul>\n<li><strong>Reguliarus patikrinimas:<\/strong> Reguliariai patikrinkite, ar n\u0117ra nuot\u0117ki\u0173 ir susid\u0117v\u0117jimo, u\u017etikrindami, kad visi komponentai veikt\u0173 tinkamai.<\/li>\n<li><strong>Tinkamas tepimas:<\/strong> Palaikykite hidraulinio skys\u010dio lyg\u012f ir u\u017etikrinkite savalaik\u012f sandarikli\u0173 bei judan\u010di\u0173 dali\u0173 sutepim\u0105, kad b\u016bt\u0173 i\u0161vengta trinties ir susid\u0117v\u0117jimo.<\/li>\n<li><strong>Sandariklio keitimas:<\/strong> Patikrinkite, ar sandarikliai n\u0117ra susid\u0117v\u0117j\u0119, ir prireikus pakeiskite juos, kad i\u0161laikytum\u0117te cilindro vientisum\u0105 ir veikim\u0105.<\/li>\n<\/ul>\n<h2>Produkto \u012frengimo gair\u0117s<\/h2>\n<p>Nor\u0117dami tinkamai sumontuoti str\u0117l\u0117s cilindr\u0105, atlikite \u0161iuos veiksmus:<\/p>\n<ol>\n<li>\u012esitikinkite, kad darbo vieta yra laisva ir saugi montavimui.<\/li>\n<li>Cilindrui pritvirtinti naudokite atitinkamus tvirtinimo laikiklius, u\u017etikrindami tinkam\u0105 suderinim\u0105 su kitais hidrauliniais komponentais.<\/li>\n<li>Prijunkite hidraulines \u017earnas pagal gamintojo specifikacijas, u\u017etikrindami, kad jungtyse neb\u016bt\u0173 nuot\u0117ki\u0173.<\/li>\n<li>Prie\u0161 \u012fjungdami hidraulin\u0119 sistem\u0105, dar kart\u0105 patikrinkite visas jungtis ir lygiavim\u0105.<\/li>\n<li>Atlikite bandom\u0105j\u012f paleidim\u0105, kad \u012fsitikintum\u0117te, jog veikia tinkamai, ir nedelsdami i\u0161spr\u0119skite visas problemas.<\/li>\n<\/ol>\n<h2>\u012eprastos prie\u017ei\u016bros u\u017eduotys<\/h2>\n<ul>\n<li><strong>Reguliar\u016bs patikrinimai:<\/strong> Da\u017enas nuot\u0117ki\u0173 ir susid\u0117v\u0117jimo patikrinimas gali pad\u0117ti pasteb\u0117ti problemas, kol jos dar nepa\u016bm\u0117jo.<\/li>\n<li><strong>Tinkamas tepimas:<\/strong> Sandarikli\u0173 sutepimas yra labai svarbus norint i\u0161vengti susid\u0117v\u0117jimo ir pailginti cilindro tarnavimo laik\u0105.<\/li>\n<li><strong>Sandariklio keitimas ir kalibravimas:<\/strong> Reguliariai kei\u010diant sandariklius ir kalibruojant cilindr\u0105, u\u017etikrinamas optimalus veikimas ir saugumas.<\/li>\n<\/ul>\n<h2>Saugos aspektai ir aplinkos veiksniai<\/h2>\n<p>Naudojant hidraulines sistemas, saugos priemon\u0117s yra nepaprastai svarbios. U\u017etikrinkite tinkam\u0105 operatori\u0173 mokym\u0105 ir laikykit\u0117s saugos nurodym\u0173, kad i\u0161vengtum\u0117te nelaiming\u0173 atsitikim\u0173. Be to, atsi\u017evelkite \u012f hidraulini\u0173 skys\u010di\u0173 poveik\u012f aplinkai ir stenkit\u0117s suma\u017einti nuot\u0117kius bei i\u0161siliejimus, laikydamiesi taisykli\u0173 ir geriausios praktikos.<\/p>\n<h2>Trik\u010di\u0173 \u0161alinimas ir da\u017eniausiai pasitaikan\u010dios problemos<\/h2>\n<ul>\n<li><strong>Nuot\u0117kis:<\/strong> Nustatykite nuot\u0117kio \u0161altin\u012f, kuris gali b\u016bti d\u0117l susid\u0117v\u0117jusi\u0173 sandarikli\u0173 arba pa\u017eeist\u0173 \u017earn\u0173. Pakeiskite sandariklius ir patikrinkite \u017earn\u0173 vientisum\u0105.<\/li>\n<li><strong>L\u0117tas veikimas:<\/strong> Tai gali rodyti \u017eem\u0105 hidraulinio skys\u010dio lyg\u012f arba u\u017esikim\u0161im\u0105 hidraulin\u0117se linijose. Patikrinkite skys\u010dio lyg\u012f ir \u012fsitikinkite, kad linijos \u0161varios.<\/li>\n<li><strong>Ne\u012fprasti garsai:<\/strong> Triuk\u0161mai gali rodyti vidinius pa\u017eeidimus arba ma\u017e\u0105 skys\u010di\u0173 kiek\u012f. Nedelsdami i\u0161tirkite ir i\u0161spr\u0119skite visas problemas.<\/li>\n<\/ul>\n<h2>Gedim\u0173 \u0161alinimo patarimai<\/h2>\n<p>Norint veiksmingai diagnozuoti ir i\u0161spr\u0119sti problemas, pirmiausia atlikite i\u0161samius patikrinimus, kad nustatytum\u0117te problemas. Imkit\u0117s prevencini\u0173 priemoni\u0173, pavyzd\u017eiui, palaikykite tinkam\u0105 skys\u010di\u0173 lyg\u012f ir reguliariai pri\u017ei\u016br\u0117kite vanden\u012f, kad suma\u017eintum\u0117te b\u016bsim\u0173 problem\u0173 rizik\u0105.<\/p>\n<p><img decoding=\"async\" src=\"https:\/\/www.hydraulic-cylinders.net\/wp-content\/uploads\/2025\/04\/songte-bushings-with-all-kinds-of-excavator-models.webp\" alt=\"\u012evor\u0117s\" \/><\/p>\n<h2>\u012emon\u0117s ap\u017evalga<\/h2>\n<p>Esame pirmaujantis pakaitini\u0173 hidraulini\u0173 cilindr\u0173 gamintojas ir didmenininkas, si\u016blantis plat\u0173 gamini\u0173 asortiment\u0105, kuris leido mums tapti pagrindiniu \u017eaid\u0117ju tiek vidaus, tiek tarptautin\u0117se rinkose. M\u016bs\u0173 \u012fsipareigojim\u0105 kokybei u\u017etikrina kruop\u0161\u010dios gamybos valdymo strategijos, pa\u017eangi\u0173 technologij\u0173, kvalifikuoto personalo ir grie\u017et\u0173 bandym\u0173 sistem\u0173 naudojimas. Siekdami patenkinti \u012fvairius klient\u0173 poreikius, teikiame pirmenyb\u0119 auk\u0161tam efektyvumui, tikslumui ir kokybei.<\/p>\n<p><img decoding=\"async\" src=\"https:\/\/www.hydraulic-cylinders.net\/wp-content\/uploads\/2025\/04\/songte-company-4.webp\" alt=\"\u012emon\u0117s ap\u017evalga 1\" \/><br \/>\n<img decoding=\"async\" src=\"https:\/\/www.hydraulic-cylinders.net\/wp-content\/uploads\/2025\/04\/songte-company-3.webp\" alt=\"\u012emon\u0117s ap\u017evalga 2\" \/><\/p>\n<p>M\u016bs\u0173 profesionalumas, tarptautiniai sertifikatai, individualiai pritaikytos paslaugos ir i\u0161skirtinis aptarnavimas po pardavimo dar labiau pabr\u0117\u017eia m\u016bs\u0173 \u012fsipareigojim\u0105 siekti meistri\u0161kumo hidraulini\u0173 cilindr\u0173 gamyboje.<\/p>\n<p>Autorius: lyl<\/p>","protected":false},"excerpt":{"rendered":"<p>Boom Cylinder For Pengpu SW240E Product Overview The Boom Cylinder For Pengpu SW240E is an essential hydraulic component designed to control the movement of buckets in heavy machinery such as excavators, backhoes, and front loaders. This hydraulic cylinder enables the bucket to lift, lower, and tilt, facilitating efficient material handling tasks. Acting as a critical [&hellip;]<\/p>","protected":false},"featured_media":17874,"comment_status":"open","ping_status":"closed","template":"","meta":{"_et_pb_use_builder":"","_et_pb_old_content":"","_et_gb_content_width":""},"product_brand":[],"product_cat":[1546],"product_tag":[1547,1496],"class_list":{"0":"post-19536","1":"product","2":"type-product","3":"status-publish","4":"has-post-thumbnail","6":"product_cat-boom-cylinders","7":"product_tag-boom-cylinders","8":"product_tag-hydraulic-cylinders","10":"first","11":"instock","12":"shipping-taxable","13":"product-type-simple"},"amp_enabled":true,"_links":{"self":[{"href":"https:\/\/www.hydraulic-cylinders.net\/lt\/wp-json\/wp\/v2\/product\/19536","targetHints":{"allow":["GET"]}}],"collection":[{"href":"https:\/\/www.hydraulic-cylinders.net\/lt\/wp-json\/wp\/v2\/product"}],"about":[{"href":"https:\/\/www.hydraulic-cylinders.net\/lt\/wp-json\/wp\/v2\/types\/product"}],"replies":[{"embeddable":true,"href":"https:\/\/www.hydraulic-cylinders.net\/lt\/wp-json\/wp\/v2\/comments?post=19536"}],"wp:featuredmedia":[{"embeddable":true,"href":"https:\/\/www.hydraulic-cylinders.net\/lt\/wp-json\/wp\/v2\/media\/17874"}],"wp:attachment":[{"href":"https:\/\/www.hydraulic-cylinders.net\/lt\/wp-json\/wp\/v2\/media?parent=19536"}],"wp:term":[{"taxonomy":"product_brand","embeddable":true,"href":"https:\/\/www.hydraulic-cylinders.net\/lt\/wp-json\/wp\/v2\/product_brand?post=19536"},{"taxonomy":"product_cat","embeddable":true,"href":"https:\/\/www.hydraulic-cylinders.net\/lt\/wp-json\/wp\/v2\/product_cat?post=19536"},{"taxonomy":"product_tag","embeddable":true,"href":"https:\/\/www.hydraulic-cylinders.net\/lt\/wp-json\/wp\/v2\/product_tag?post=19536"}],"curies":[{"name":"wp","href":"https:\/\/api.w.org\/{rel}","templated":true}]}}