{"id":19538,"date":"2025-04-07T06:53:21","date_gmt":"2025-04-07T06:53:21","guid":{"rendered":"https:\/\/www.hydraulic-cylinders.net\/product\/boom-cylinder-for-pengpu-sw330es\/"},"modified":"2025-04-07T06:53:23","modified_gmt":"2025-04-07T06:53:23","slug":"boom-cylinder-for-pengpu-sw330es","status":"publish","type":"product","link":"https:\/\/www.hydraulic-cylinders.net\/lt\/produktas\/boom-cylinder-for-pengpu-sw330es\/","title":{"rendered":"Pengpu SW330ES str\u0117l\u0117s cilindras"},"content":{"rendered":"<h1>Pengpu SW330ES str\u0117l\u0117s cilindras<\/h1>\n<h2>Str\u0117l\u0117s cilindro supratimas<\/h2>\n<p>Str\u0117l\u0117s cilindras yra esminis hidraulini\u0173 sistem\u0173 komponentas, specialiai sukurtas valdyti kau\u0161\u0173 jud\u0117jim\u0105 sunkiosiose ma\u0161inose, tokiose kaip ekskavatoriai, ekskavatoriniai krautuvai ir frontaliniai krautuvai. \u0160is hidraulinis cilindras palengvina kau\u0161o k\u0117lim\u0105, nuleidim\u0105 ir pakreipim\u0105, tod\u0117l jis yra nepakei\u010diamas \u012frankis med\u017eiag\u0173 tvarkymo u\u017eduotims. Naudodami sl\u0117gio veikiam\u0105 hidraulin\u012f skyst\u012f, \u0161ie cilindrai gali generuoti didel\u0119 j\u0117g\u0105, leisdami operatoriams tiksliai ir efektyviai atlikti net ir sud\u0117tingiausias u\u017eduotis.<\/p>\n<p><img decoding=\"async\" src=\"https:\/\/www.hydraulic-cylinders.net\/wp-content\/uploads\/2025\/04\/songte-company-1.webp\" alt=\"Str\u0117l\u0117s cilindras\"><\/p>\n<h2>Pagrindin\u0117s str\u0117l\u0117s cilindro savyb\u0117s<\/h2>\n<ul>\n<li><strong>Didelis stiprumas ir ilgaam\u017ei\u0161kumas:<\/strong> Paprastai i\u0161 didelio stiprumo plieno arba aliuminio pagamintas str\u0117l\u0117s cilindras gali atlaikyti didel\u012f sl\u0117g\u012f ir dideles apkrovas. Jo konstrukcijoje integruotas atsparumas dilimui ir apsauga nuo korozijos, siekiant pailginti jo tarnavimo laik\u0105.<\/li>\n<li><strong>Efektyvus hidraulinis valdymas:<\/strong> \u0160is cilindras naudoja hidraulin\u0117s alyvos sl\u0117g\u012f, kad skland\u017eiai i\u0161skleist\u0173 ir atitraukt\u0173, greitai reaguot\u0173 \u012f operatoriaus komandas ir u\u017etikrint\u0173 didel\u0119 traukimo bei st\u016bmimo j\u0117g\u0105, tod\u0117l tinka sunkioms ir sud\u0117tingoms u\u017eduotims atlikti.<\/li>\n<li><strong>\u012evair\u016bs galimi tipai:<\/strong> Priklausomai nuo eksploatacini\u0173 poreiki\u0173, vartotojai gali rinktis vienpusio veikimo (hidraulin\u012f sl\u0117g\u012f naudojant viena kryptimi) arba dvipusio veikimo (hidraulin\u012f sl\u0117g\u012f naudojant abiem kryptimis) cilindrus. Kai kurie modeliai pasi\u017eymi teleskopin\u0117mis konstrukcijomis, kurios leid\u017eia didesn\u012f i\u0161pl\u0117tim\u0105 nedidinant i\u0161orini\u0173 matmen\u0173, tod\u0117l jie idealiai tinka naudoti ribotoje erdv\u0117je.<\/li>\n<\/ul>\n<h2>Gamybos paj\u0117gumai<\/h2>\n<p>M\u016bs\u0173 \u012fmon\u0117 gali gaminti \u0161\u012f gamin\u012f, u\u017etikrindama, kad m\u016bs\u0173 cilindrai puikiai pakeis esamus hidraulinius cilindrus.<\/p>\n<p><img decoding=\"async\" src=\"https:\/\/www.hydraulic-cylinders.net\/wp-content\/uploads\/2025\/04\/songte-cylinder-head-with-all-kinds-excavator-models.webp\" alt=\"Ekskavatori\u0173 modeliai\"><\/p>\n<h2>Str\u0117l\u0117s cilindro pritaikymas<\/h2>\n<h3>Statybin\u0117 \u012franga<\/h3>\n<p>Ekskavatoriuose str\u0117l\u0117s cilindras yra labai svarbus kasant, kraunant ir perkeliant grunt\u0105 ar \u0161iuk\u0161les. Jo geb\u0117jimas i\u0161skleisti ir susitraukti leid\u017eia efektyviai atlikti kasimo ir k\u0117limo darbus, o ekskavatoriniuose krautuvuose jis padeda atlikti tiek kasimo, tiek k\u0117limo darbus.<\/p>\n<h3>\u017dem\u0117s \u016bkio technika<\/h3>\n<p>Priekiniuose krautuvuose \u0161ie cilindrai naudojami dirvo\u017eemiui, \u0161ienui ir kitoms med\u017eiagoms semti, kelti ir transportuoti, taip supaprastinant \u0161ias u\u017eduotis ir didinant \u017eem\u0117s \u016bkio darb\u0173 na\u0161um\u0105.<\/p>\n<h3>Ekskavatoriai<\/h3>\n<p>Str\u0117l\u0117s cilindras leid\u017eia kau\u0161ui efektyviai \u012fsiskverbti \u012f \u017eem\u0119, tod\u0117l galima efektyviai kasti \u012fvairiuose reljefuose. Tvirta konstrukcija u\u017etikrina ilgalaik\u012f na\u0161um\u0105 net ir sud\u0117tingomis s\u0105lygomis.<\/p>\n<h3>Krautuvai<\/h3>\n<p>Priekiniuose krautuvuose str\u0117l\u0117s cilindras padeda efektyviai kelti ir i\u0161versti krovinius, taip pagerindamas med\u017eiag\u0173 tvarkymo galimybes statybviet\u0117se ir pramon\u0117je.<\/p>\n<h2>Projektavimo aspektai ir atrankos kriterijai<\/h2>\n<h3>Keliamoji galia<\/h3>\n<p>Labai svarbu \u012fvertinti str\u0117l\u0117s cilindro keliam\u0105j\u0105 gali\u0105, nes jis turi atlaikyti tvarkom\u0173 med\u017eiag\u0173 svor\u012f nepakenkdamas saugumui ar na\u0161umui. Perkrova gali sukelti cilindro gedim\u0105, o tai kelia didel\u0119 rizik\u0105. Renkantis cilindr\u0105, b\u016btina atsi\u017evelgti tiek \u012f maksimali\u0105 apkrov\u0105, kuri\u0105 jis gali atlaikyti, tiek \u012f jo eksploatacines ribas.<\/p>\n<h3>Sandarumo vientisumas<\/h3>\n<p>Sandarinimo vientisumas yra gyvybi\u0161kai svarbus efektyviam hidraulini\u0173 sistem\u0173 veikimui. Auk\u0161tos kokyb\u0117s sandarikliai apsaugo nuo hidraulinio skys\u010dio nuot\u0117kio, o tai yra labai svarbu palaikant sl\u0117g\u012f ir u\u017etikrinant efektyv\u0173 sistemos veikim\u0105. \u012evairios sandarinimo technologijos, tokios kaip st\u016bmokli\u0173 sandarikliai ir kot\u0173 sandarikliai, tur\u0117t\u0173 b\u016bti parenkamos atsi\u017evelgiant \u012f konkre\u010dias darbo s\u0105lygas, siekiant suma\u017einti nusid\u0117v\u0117jim\u0105 ir padidinti patvarum\u0105.<\/p>\n<h3>Patvarumas<\/h3>\n<p>Str\u0117l\u0117s cilindro patvarumui \u012ftakos turi naudojamos med\u017eiagos ir gamybos procesai. Auk\u0161tos kokyb\u0117s med\u017eiagos ir tiksli in\u017einerija u\u017etikrina ilgesn\u012f tarnavimo laik\u0105 ir suma\u017eina prie\u017ei\u016bros poreik\u012f. Svarbu pasirinkti cilindrus, sukurtus atlaikyti at\u0161iaurias aplinkos s\u0105lygas, tokias kaip ekstremali temperat\u016bra ir korozij\u0105 sukelian\u010dios med\u017eiagos.<\/p>\n<h3>Saugos funkcijos<\/h3>\n<p>Labai svarbu \u012f str\u0117l\u0117s cilindro konstrukcij\u0105 \u012ftraukti saugos funkcijas. Tai apima sl\u0117gio ma\u017einimo vo\u017etuv\u0173 \u012frengim\u0105, siekiant i\u0161vengti per didelio sl\u0117gio, ir u\u017etikrinim\u0105, kad visi komponentai atitikt\u0173 atitinkamus saugos standartus. Siekiant i\u0161laikyti \u0161i\u0173 funkcij\u0173 vientisum\u0105 ir u\u017etikrinti saug\u0173 veikim\u0105, reikia reguliariai atlikti saugos patikrinimus.<\/p>\n<h3>Prie\u017ei\u016bra<\/h3>\n<p>Renkantis str\u0117l\u0117s cilindr\u0105, labai svarbus veiksnys yra prie\u017ei\u016bros paprastumas. Komponentai tur\u0117t\u0173 b\u016bti suprojektuoti taip, kad b\u016bt\u0173 lengva prieiti prie j\u0173, jog b\u016bt\u0173 galima atlikti \u012fprastinius patikrinimus ir remont\u0105. Efektyvus prie\u017ei\u016bros planas tur\u0117t\u0173 apimti planinius patikrinimus ir prevencines priemones, skirtas susid\u0117v\u0117jimui ir nusid\u0117v\u0117jimui pa\u0161alinti, kol jis nesukelia sistemos gedim\u0173.<\/p>\n<p><img decoding=\"async\" src=\"https:\/\/www.hydraulic-cylinders.net\/wp-content\/uploads\/2025\/04\/songte-oil-pipes-and-spare-parts.webp\" alt=\"Naftos vamzd\u017eiai ir atsargin\u0117s dalys\"><\/p>\n<h2>Sandarinimas ir tepimas<\/h2>\n<p>\u012evairi\u0173 sandarinimo element\u0173, toki\u0173 kaip st\u016bmokli\u0173 ir kot\u0173 sandarikliai, naudojimas yra b\u016btinas norint i\u0161laikyti hidraulini\u0173 cilindr\u0173 efektyvum\u0105. D\u0117l atsparumo dilimui pirmenyb\u0117 teikiama i\u0161 patvari\u0173 med\u017eiag\u0173, toki\u0173 kaip poliuretanas ir nitrilo kau\u010diukas, pagamintiems sandarikliams. Cilindro korpusas ir srieginiai galai turi b\u016bti kruop\u0161\u010diai apdirbti, kad padid\u0117t\u0173 atsparumas dilimui. Norint i\u0161vengti judan\u010di\u0173 dali\u0173 trinties ir dilimo, reikia reguliariai tepti hidrauline alyva, kad b\u016bt\u0173 u\u017etikrintas optimalus cilindro veikimas ir ilgaam\u017ei\u0161kumas.<\/p>\n<h2>Prevencin\u0117s prie\u017ei\u016bros priemon\u0117s<\/h2>\n<ul>\n<li><strong>Reguliar\u016bs patikrinimai:<\/strong> Reguliariai atliekant patikrinimus, galima anksti aptikti problemas, kol jos neperauga \u012f rimtesnes. Reguliariai tikrinkite, ar n\u0117ra nuot\u0117ki\u0173, susid\u0117v\u0117jimo ir bendro sistemos vientisumo.<\/li>\n<li><strong>Tinkamas tepimas:<\/strong> \u012esitikinkite, kad cilindras yra tinkamai suteptas pagal gamintojo specifikacijas. D\u0117l tepimo tr\u016bkumo gali padid\u0117ti trintis ir susidaryti prie\u0161laikinis susid\u0117v\u0117jimas.<\/li>\n<li><strong>Sandariklio keitimas:<\/strong> Reguliariai tikrinkite sandariklius, ar n\u0117ra nusid\u0117v\u0117jimo po\u017eymi\u0173, ir prireikus pakeiskite juos, kad i\u0161vengtum\u0117te hidraulinio skys\u010dio nuot\u0117kio ir i\u0161laikytum\u0117te sistemos efektyvum\u0105.<\/li>\n<\/ul>\n<h2>Diegimo vadovas<\/h2>\n<p>Str\u0117l\u0117s cilindro montavimas reikalauja kruop\u0161taus d\u0117mesio detal\u0117ms, siekiant u\u017etikrinti tinkam\u0105 veikim\u0105 ir saug\u0105. Prad\u0117kite surinkdami visus reikalingus \u012frankius ir saugos \u012frang\u0105. Tinkamai sulygiuokite cilindr\u0105 su tvirtinimo ta\u0161kais, u\u017etikrindami, kad jis b\u016bt\u0173 tiesus ir tvirtas. Montavimo metu cilindrui stabilizuoti patartina naudoti tinkamus tvirtinimo laikiklius. Tinkamai \u012fsta\u010dius cilindr\u0105, priver\u017ekite visas jungtis neperver\u017edami, nes tai gali pa\u017eeisti komponentus. \u012edieg\u0119 ir prie\u0161 naudodami mechanizm\u0105, patikrinkite, ar n\u0117ra nesuderinamumo ar nuot\u0117ki\u0173.<\/p>\n<h2>\u012eprastos prie\u017ei\u016bros u\u017eduotys<\/h2>\n<ul>\n<li><strong>Reguliar\u016bs patikrinimai:<\/strong> Suplanuokite \u012fprastinius patikrinimus, kad steb\u0117tum\u0117te bendr\u0105 str\u0117l\u0117s cilindro b\u016bkl\u0119, \u012fskaitant vizualin\u012f patikrinim\u0105, ar n\u0117ra nuot\u0117ki\u0173 ar pa\u017eeidim\u0173.<\/li>\n<li><strong>Tepimas:<\/strong> \u012ediekite reguliar\u0173 tepimo grafik\u0105, kad judan\u010dios dalys b\u016bt\u0173 gerai suteptos, taip suma\u017einant nusid\u0117v\u0117jim\u0105 ir pagerinant na\u0161um\u0105.<\/li>\n<li><strong>Sandariklio keitimas:<\/strong> Sudarykite atsargini\u0173 sandarikli\u0173 inventori\u0173 ir sukurkite aktyv\u0173 keitimo grafik\u0105, kad i\u0161vengtum\u0117te nuot\u0117ki\u0173 ir sistemos neefektyvumo.<\/li>\n<\/ul>\n<h2>Saugos aspektai ir aplinkos veiksniai<\/h2>\n<p>Dirbant su hidraulin\u0117mis sistemomis, labai svarbu laikytis saugos priemoni\u0173, kad b\u016bt\u0173 i\u0161vengta nelaiming\u0173 atsitikim\u0173 ir su\u017ealojim\u0173. Dirbdami su hidrauliniais cilindrais, visada d\u0117v\u0117kite tinkamas asmenines apsaugos priemones (AAP), tokias kaip pir\u0161tin\u0117s ir akiniai. Be to, u\u017etikrinkite, kad darbo aplinkoje neb\u016bt\u0173 pavoj\u0173, kurie gal\u0117t\u0173 sukelti nelaimingus atsitikimus. Taip pat labai svarbu tinkamai apmokyti operatorius apie saug\u0173 hidraulini\u0173 sistem\u0173 naudojim\u0105 ir galimus pavojus.<\/p>\n<h2>Da\u017eniausiai pasitaikan\u010di\u0173 problem\u0173 \u0161alinimas<\/h2>\n<ul>\n<li><strong>Nuot\u0117kis:<\/strong> Jei aptinkamas nuot\u0117kis, nedelsdami izoliuokite sistem\u0105 ir patikrinkite, ar n\u0117ra pa\u017eeidim\u0173 tarpin\u0117se ir jungtyse.<\/li>\n<li><strong>Na\u0161umo problemos:<\/strong> Jei cilindras nereaguoja tinkamai, patikrinkite hidraulinio skys\u010dio lyg\u012f ir filtro b\u016bkl\u0119. \u017demas skys\u010dio lygis gali suma\u017einti na\u0161um\u0105.<\/li>\n<li><strong>Triuk\u0161mas veikimo metu:<\/strong> Ne\u012fprasti garsai gali rodyti or\u0105 hidraulin\u0117je sistemoje arba nepakankam\u0105 tepim\u0105. I\u0161leiskite or\u0105 i\u0161 sistemos ir patikrinkite tepimo lyg\u012f.<\/li>\n<\/ul>\n<h2>Trik\u010di\u0173 \u0161alinimo patarimai<\/h2>\n<p>Norint efektyviai diagnozuoti problemas, registruokite visas na\u0161umo problemas, nurodydami, kada jos kyla ir kokiomis s\u0105lygomis. \u0160i informacija gali pad\u0117ti nustatyti modelius, kurie rodo konkre\u010dias prie\u017eastis. \u012ediekite prevencin\u0117s prie\u017ei\u016bros grafik\u0105, kad reguliariai tikrintum\u0117te galimas problemas, u\u017etikrintum\u0117te optimal\u0173 sistemos veikim\u0105 ir suma\u017eintum\u0117te netik\u0117t\u0173 gedim\u0173 skai\u010di\u0173.<\/p>\n<p><img decoding=\"async\" src=\"https:\/\/www.hydraulic-cylinders.net\/wp-content\/uploads\/2025\/04\/songte-bushings-with-all-kinds-of-excavator-models.webp\" alt=\"\u012evor\u0117s su ekskavatori\u0173 modeliais\"><\/p>\n<h2>Apie m\u016bs\u0173 \u012fmon\u0119<\/h2>\n<p>Esame pakaitini\u0173 hidraulini\u0173 cilindr\u0173 gamintojas, si\u016blantis plat\u0173 gamini\u0173 asortiment\u0105 ir tap\u0119s vienu i\u0161 pirmaujan\u010di\u0173 gamintoj\u0173 bei didmeninink\u0173 tiek vidaus, tiek tarptautin\u0117se rinkose. Siekiame nepriekai\u0161tingos kokyb\u0117s, pasitelkdami patobulint\u0105 gamybos cecho strategij\u0105 ir skaitmenin\u0119 auk\u0161\u010diausios klas\u0117s gamybos \u012frang\u0105, nuolat tobulindami savo gamybos platform\u0105. Sutelkdami d\u0117mes\u012f \u012f kokybi\u0161kus gamybos mar\u0161rutus ir tvirtus k\u016brybinius paj\u0117gumus, stengiam\u0117s efektyviai ir tiksliai patenkinti \u012fvairius klient\u0173 poreikius.<\/p>\n<p><img decoding=\"async\" src=\"https:\/\/www.hydraulic-cylinders.net\/wp-content\/uploads\/2025\/04\/songte-company-4.webp\" alt=\"\u012emon\u0117s ap\u017evalga\"><br \/>\n<img decoding=\"async\" src=\"https:\/\/www.hydraulic-cylinders.net\/wp-content\/uploads\/2025\/04\/songte-company-3.webp\" alt=\"\u012emon\u0117s patalpos\"><\/p>\n<p>M\u016bs\u0173 patirtis apima profesin\u0119 kvalifikacij\u0105, tarptautinius sertifikatus, individualiai pritaikytas paslaugas ir pa\u017eangi\u0105 gamybos \u012frang\u0105, kuri\u0105 papildo specializuotas aptarnavimas po pardavimo, siekiant u\u017etikrinti klient\u0173 pasitenkinim\u0105 ir nepriekai\u0161ting\u0105 produkt\u0173 kokyb\u0119.<\/p>\n<p>Autorius: lyl<\/p>","protected":false},"excerpt":{"rendered":"<p>Boom Cylinder For Pengpu SW330ES Understanding the Boom Cylinder The Boom Cylinder is an essential component in hydraulic systems, specifically designed for controlling the movement of buckets in heavy machinery such as excavators, backhoe loaders, and front loaders. This hydraulic cylinder facilitates the lifting, lowering, and tilting of the bucket, making it an indispensable tool [&hellip;]<\/p>","protected":false},"featured_media":17876,"comment_status":"open","ping_status":"closed","template":"","meta":{"_et_pb_use_builder":"","_et_pb_old_content":"","_et_gb_content_width":""},"product_brand":[],"product_cat":[1546],"product_tag":[1547,1496],"class_list":{"0":"post-19538","1":"product","2":"type-product","3":"status-publish","4":"has-post-thumbnail","6":"product_cat-boom-cylinders","7":"product_tag-boom-cylinders","8":"product_tag-hydraulic-cylinders","10":"first","11":"instock","12":"shipping-taxable","13":"product-type-simple"},"amp_enabled":true,"_links":{"self":[{"href":"https:\/\/www.hydraulic-cylinders.net\/lt\/wp-json\/wp\/v2\/product\/19538","targetHints":{"allow":["GET"]}}],"collection":[{"href":"https:\/\/www.hydraulic-cylinders.net\/lt\/wp-json\/wp\/v2\/product"}],"about":[{"href":"https:\/\/www.hydraulic-cylinders.net\/lt\/wp-json\/wp\/v2\/types\/product"}],"replies":[{"embeddable":true,"href":"https:\/\/www.hydraulic-cylinders.net\/lt\/wp-json\/wp\/v2\/comments?post=19538"}],"wp:featuredmedia":[{"embeddable":true,"href":"https:\/\/www.hydraulic-cylinders.net\/lt\/wp-json\/wp\/v2\/media\/17876"}],"wp:attachment":[{"href":"https:\/\/www.hydraulic-cylinders.net\/lt\/wp-json\/wp\/v2\/media?parent=19538"}],"wp:term":[{"taxonomy":"product_brand","embeddable":true,"href":"https:\/\/www.hydraulic-cylinders.net\/lt\/wp-json\/wp\/v2\/product_brand?post=19538"},{"taxonomy":"product_cat","embeddable":true,"href":"https:\/\/www.hydraulic-cylinders.net\/lt\/wp-json\/wp\/v2\/product_cat?post=19538"},{"taxonomy":"product_tag","embeddable":true,"href":"https:\/\/www.hydraulic-cylinders.net\/lt\/wp-json\/wp\/v2\/product_tag?post=19538"}],"curies":[{"name":"wp","href":"https:\/\/api.w.org\/{rel}","templated":true}]}}