{"id":19539,"date":"2025-04-07T06:53:23","date_gmt":"2025-04-07T06:53:23","guid":{"rendered":"https:\/\/www.hydraulic-cylinders.net\/product\/boom-cylinder-for-pushhm-pz35-7\/"},"modified":"2025-04-07T06:53:26","modified_gmt":"2025-04-07T06:53:26","slug":"boom-cylinder-for-pushhm-pz35-7","status":"publish","type":"product","link":"https:\/\/www.hydraulic-cylinders.net\/lt\/produktas\/boom-cylinder-for-pushhm-pz35-7\/","title":{"rendered":"Str\u0117l\u0117s cilindras, skirtas \u201ePushhm PZ35-7\u201c"},"content":{"rendered":"<h1>Str\u0117l\u0117s cilindras, skirtas \u201ePushhm PZ35-7\u201c<\/h1>\n<h2>Produkto ap\u017evalga<\/h2>\n<p>\u201ePushhm PZ35-7\u201c str\u0117l\u0117s cilindras yra labai svarbus hidraulini\u0173 sistem\u0173, skirt\u0173 sunkiosios technikos kau\u0161\u0173 jud\u0117jimui valdyti, komponentas. \u0160is specializuotas hidraulinis cilindras leid\u017eia pakelti, nuleisti ir pakreipti kau\u0161us \u012fvairiose srityse, \u012fskaitant ekskavatorius, ekskavatorinius krautuvus ir frontalinius krautuvus. Pagrindin\u0117 jo funkcija \u2013 u\u017etikrinti efektyv\u0173 med\u017eiag\u0173 tvarkym\u0105, u\u017etikrinant tiksl\u0173 jud\u0117jim\u0105 ir valdym\u0105.<\/p>\n<p><img decoding=\"async\" src=\"https:\/\/www.hydraulic-cylinders.net\/wp-content\/uploads\/2025\/04\/songte-company-1.webp\" alt=\"Str\u0117l\u0117s cilindras\" \/><\/p>\n<h3>Kas yra kibiro cilindras?<\/h3>\n<p>Kau\u0161o cilindras yra hidraulinio cilindro tipas, specialiai sukurtas sunkiosios technikos kau\u0161ams valdyti. \u0160ie cilindrai atlieka gyvybi\u0161kai svarb\u0173 vaidmen\u012f hidraulin\u0117se sistemose, nes leid\u017eia efektyviai valdyti kau\u0161o pad\u0117t\u012f. Naudodami sl\u0117gio veikiam\u0105 hidraulin\u012f skyst\u012f, kau\u0161o cilindrai gali generuoti reikiam\u0105 j\u0117g\u0105, kad b\u016bt\u0173 galima tiksliai pakelti ir perkelti sunkius krovinius. J\u0173 konstrukcija orientuota \u012f patvarum\u0105 ir efektyvum\u0105, tod\u0117l jie yra nepakei\u010diami statybose, \u017eem\u0117s \u016bkyje ir pramon\u0117je.<\/p>\n<h2>Str\u0117l\u0117s cilindro savyb\u0117s<\/h2>\n<ul>\n<li><strong>Didelis stiprumas ir ilgaam\u017ei\u0161kumas:<\/strong> \u0160ie cilindrai, pagaminti i\u0161 didelio stiprumo plieno arba aliuminio, yra sukurti taip, kad atlaikyt\u0173 auk\u0161t\u0105 sl\u0117g\u012f ir dideles apkrovas, prisitaikyt\u0173 prie at\u0161iauri\u0173 darbo s\u0105lyg\u0173 ir prailgint\u0173 tarnavimo laik\u0105 d\u0117l atsparumo dilimui ir apsaugos nuo korozijos.<\/li>\n<li><strong>Efektyvus hidraulinis valdymas:<\/strong> Jie u\u017etikrina skland\u0173 i\u0161st\u016bmim\u0105 ir \u012ftraukim\u0105 naudojant hidraulin\u0117s alyvos sl\u0117g\u012f, tod\u0117l greitai reaguoja \u012f valdymo \u012fvestis ir u\u017etikrina didel\u0119 st\u016bmimo bei traukimo j\u0117g\u0105, idealiai tinkan\u010di\u0105 sunkiems k\u0117limo darbams ir sud\u0117tingoms u\u017eduotims.<\/li>\n<li><strong>\u012evair\u016bs tipai:<\/strong> \u0160ie cilindrai, tiekiami vienpusio veikimo (veikiantys viena kryptimi) ir dvipusio veikimo (veikiantys abiem kryptimis) konfig\u016bracij\u0173, gali b\u016bti pritaikyti konkretiems eksploatavimo poreikiams, o kai kurie modeliai pasi\u017eymi teleskopin\u0117mis konstrukcijomis, kad b\u016bt\u0173 galima pasiekti didesn\u012f atstum\u0105 nedidinant i\u0161orini\u0173 matmen\u0173.<\/li>\n<\/ul>\n<h3>Gamybos paj\u0117gumai<\/h3>\n<p>Turime patirties gaminti \u0161\u012f gamin\u012f, tod\u0117l m\u016bs\u0173 hidrauliniai cilindrai puikiai pakeis esamus modelius. M\u016bs\u0173 \u012fsipareigojimas kokybei u\u017etikrina patikim\u0105 veikim\u0105 sud\u0117tingose \u200b\u200b\u200b\u200bs\u0105lygose.<\/p>\n<p><img decoding=\"async\" src=\"https:\/\/www.hydraulic-cylinders.net\/wp-content\/uploads\/2025\/04\/songte-cylinder-head-with-all-kinds-excavator-models.webp\" alt=\"Cilindro galvut\u0117\" \/><\/p>\n<h2>Str\u0117l\u0117s cilindro pritaikymas<\/h2>\n<ul>\n<li><strong>Statybin\u0117 \u012franga:<\/strong> Ekskavatoriuose str\u0117l\u0117s cilindrai yra labai svarb\u016bs kasant, kraunant ir transportuojant grunt\u0105 ar \u0161iuk\u0161les. Jie suteikia reikiam\u0105 k\u0117limo j\u0117g\u0105, kad b\u016bt\u0173 galima efektyviai perkelti sunkias med\u017eiagas, u\u017etikrinant skland\u0173 darb\u0105 statybviet\u0117se.<\/li>\n<li><strong>\u017dem\u0117s \u016bkio technika:<\/strong> \u0160ie cilindrai, naudojami frontaliniuose krautuvuose, palengvina dirvo\u017eemio, \u0161ieno ir kit\u0173 med\u017eiag\u0173 s\u0117mim\u0105, k\u0117lim\u0105 ir transportavim\u0105, taip \u017eymiai padidindami \u017eem\u0117s \u016bkio darb\u0173 na\u0161um\u0105.<\/li>\n<li><strong>Ekskavatoriai:<\/strong> Str\u0117l\u0117s cilindras leid\u017eia kau\u0161ui \u012fsiskverbti \u012f \u017eem\u0119, tod\u0117l galima efektyviai atlikti kasimo darbus. D\u0117l hidraulini\u0173 galimybi\u0173 jis yra b\u016btinas \u012fvairiems kasimo projektams.<\/li>\n<li><strong>Krautuvai:<\/strong> Priekiniuose krautuvuose str\u0117l\u0117s cilindrai padeda efektyviai kelti ir i\u0161versti krovinius, tod\u0117l jie yra gyvybi\u0161kai svarb\u016bs med\u017eiag\u0173 tvarkymui statybose ir kra\u0161tovaizd\u017eio tvarkyme.<\/li>\n<\/ul>\n<h2>Projektavimo aspektai ir atrankos kriterijai<\/h2>\n<ul>\n<li><strong>Keliamoji galia:<\/strong> Str\u0117l\u0117s cilindro konstrukcija turi atlaikyti maksimali\u0105 apkrov\u0105, su kuria jis susidurs eksploatacijos metu. Tinkamos keliamosios galios cilindro pasirinkimas u\u017etikrina saug\u0173 ir efektyv\u0173 veikim\u0105, suma\u017einant gedimo rizik\u0105.<\/li>\n<li><strong>Sandarinimas:<\/strong> Tinkami sandarinimo mechanizmai yra b\u016btini siekiant i\u0161vengti hidraulinio skys\u010dio nuot\u0117ki\u0173, kurie gali pakenkti na\u0161umui ir saugai. Auk\u0161tos kokyb\u0117s sandarikliai, tokie kaip st\u016bmokli\u0173 ir kot\u0173 sandarikliai, pagaminti i\u0161 patvari\u0173 med\u017eiag\u0173, padidina patikimum\u0105 ir tarnavimo laik\u0105.<\/li>\n<li><strong>Patvarumas:<\/strong> Tvirta konstrukcija yra labai svarbi ilgalaikiam veikimui sud\u0117tingomis s\u0105lygomis. Med\u017eiag\u0173, toki\u0173 kaip didelio stiprumo plienas, pasirinkimas turi \u012ftakos cilindro geb\u0117jimui atlaikyti nusid\u0117v\u0117jim\u0105, ply\u0161im\u0105 ir aplinkos veiksnius.<\/li>\n<li><strong>Saugumas:<\/strong> Saugos priemon\u0117s, tokios kaip sl\u0117gio ma\u017einimo vo\u017etuvai ir tvirti tvirtinimo ta\u0161kai, yra gyvybi\u0161kai svarbios u\u017etikrinant eksploatavimo saug\u0105. Eksploatavimo aplinkos supratimas padeda pasirinkti balionus, atitinkan\u010dius saugos standartus.<\/li>\n<li><strong>Prie\u017ei\u016bra:<\/strong> Projektuojant tur\u0117t\u0173 b\u016bti lengva pri\u017ei\u016br\u0117ti ir remontuoti, atlikti \u012fprastinius patikrinimus ir keisti dalis be ilg\u0173 prastov\u0173. Tai apima ir komponent\u0173 prieinamumo bei moduli\u0161kumo aspektus.<\/li>\n<\/ul>\n<p><img decoding=\"async\" src=\"https:\/\/www.hydraulic-cylinders.net\/wp-content\/uploads\/2025\/04\/songte-oil-pipes-and-spare-parts.webp\" alt=\"Naftos vamzd\u017eiai ir atsargin\u0117s dalys\" \/><\/p>\n<h2>Sandarinimas ir tepimas<\/h2>\n<p>Efektyvus sandarinimas ir tepimas yra labai svarb\u016bs str\u0117l\u0117s cilindro veikimui. Siekiant i\u0161vengti hidraulinio skys\u010dio nuot\u0117kio, naudojami \u012fvair\u016bs sandarinimo elementai, tokie kaip st\u016bmokli\u0173 ir stryp\u0173 sandarikliai. \u0160ie sandarikliai paprastai gaminami i\u0161 atspari\u0173 dilimui med\u017eiag\u0173, toki\u0173 kaip poliuretanas ir nitrilo kau\u010diukas, siekiant padidinti j\u0173 ilgaam\u017ei\u0161kum\u0105.<\/p>\n<p>Cilindro korpusas ir srieginiai galai yra tiksliai apdirbami, siekiant pagerinti atsparum\u0105 dilimui ir sandarinimo efektyvum\u0105. Norint suma\u017einti trint\u012f ir dilim\u0105, u\u017etikrinti skland\u0173 veikim\u0105 ir pailginti cilindro komponent\u0173 tarnavimo laik\u0105, b\u016btina reguliariai tepti hidrauline alyva.<\/p>\n<h2>Prie\u017ei\u016bros priemon\u0117s<\/h2>\n<ul>\n<li><strong>Reguliar\u016bs patikrinimai:<\/strong> Atlikite reguliarius patikrinimus, kad nustatytum\u0117te susid\u0117v\u0117jimo, nuot\u0117ki\u0173 ar pa\u017eeidim\u0173 po\u017eymius. Ankstyvas problem\u0173 nustatymas leid\u017eia laiku atlikti remont\u0105, u\u017ekirsti keli\u0105 tolesnei \u017ealai ir u\u017etikrinti pastov\u0173 veikim\u0105.<\/li>\n<li><strong>Tinkamas tepimas:<\/strong> Visada u\u017etikrinkite pakankam\u0105 hidraulin\u0117s alyvos lyg\u012f. Tepimo tr\u016bkumas padidina trint\u012f ir susid\u0117v\u0117jim\u0105, o tai \u017eymiai sutrumpina hidraulini\u0173 komponent\u0173 tarnavimo laik\u0105.<\/li>\n<li><strong>Sandariklio keitimas:<\/strong> Reguliariai tikrinkite sandariklius, ar jie nesusid\u0117v\u0117j\u0119, ir prireikus juos pakeiskite, kad i\u0161laikytum\u0117te hidraulin\u012f vientisum\u0105 ir i\u0161vengtum\u0117te nuot\u0117ki\u0173. Norint u\u017etikrinti saug\u0173 ir efektyv\u0173 veikim\u0105, b\u016btina u\u017etikrinti ger\u0105 sandarikli\u0173 b\u016bkl\u0119.<\/li>\n<\/ul>\n<h2>\u012erengimo gair\u0117s<\/h2>\n<p>Tinkamas str\u0117l\u0117s cilindro montavimas yra labai svarbus optimaliam veikimui. Prad\u0117kite tiksliai sulygiuodami cilindr\u0105 su mechanizmo tvirtinimo ta\u0161kais. Naudokite tinkamus montavimo laikiklius, kad pritvirtintum\u0117te cilindr\u0105 vietoje, u\u017etikrindami, kad jis b\u016bt\u0173 tinkamai sulygiuotas, kad i\u0161vengtum\u0117te nereikalingo komponent\u0173 \u012ftempimo.<\/p>\n<p>Patikrinkite visas hidraulines jungtis ir \u012fsitikinkite, kad jos yra sandarios, kad neb\u016bt\u0173 nuot\u0117ki\u0173. Po \u012frengimo patikrinkite hidraulin\u0119 sistem\u0105, kad \u012fsitikintum\u0117te, jog ji veikia skland\u017eiai ir ar cilindras tinkamai reaguoja \u012f komandas. Reguliariai steb\u0117kite \u012frengim\u0105, ar n\u0117ra koki\u0173 nors nesuderinamumo ar susid\u0117v\u0117jimo po\u017eymi\u0173.<\/p>\n<h2>\u012eprastos prie\u017ei\u016bros u\u017eduotys<\/h2>\n<ul>\n<li><strong>Reguliar\u016bs patikrinimai:<\/strong> Suplanuokite \u012fprastinius patikrinimus, kad steb\u0117tum\u0117te str\u0117l\u0117s cilindro ir aplinkini\u0173 komponent\u0173 b\u016bkl\u0119. Toks aktyvus po\u017ei\u016bris padeda nustatyti galimas problemas, kol jos nepablog\u0117jo.<\/li>\n<li><strong>Tinkamas tepimas:<\/strong> B\u016btina laikytis gamintojo rekomendacij\u0173 d\u0117l tepimo da\u017enumo ir tipo. Tinkamas tepimas suma\u017eina trint\u012f ir susid\u0117v\u0117jim\u0105, u\u017etikrindamas efektyv\u0173 veikim\u0105.<\/li>\n<li><strong>Sandariklio keitimo ir kalibravimo patikrinimai:<\/strong> Reguliariai tikrinkite ir keiskite sandariklius, kad i\u0161laikytum\u0117te hidraulin\u0117s sistemos vientisum\u0105. Kalibravimo patikrinimai u\u017etikrina, kad cilindras veikt\u0173 pagal nurodytus parametrus, ir taip i\u0161vengtum\u0117te eksploatacini\u0173 gedim\u0173.<\/li>\n<\/ul>\n<p><img decoding=\"async\" src=\"https:\/\/www.hydraulic-cylinders.net\/wp-content\/uploads\/2025\/04\/songte-chushion-collar.webp\" alt=\"Pagalv\u0117l\u0117s apykakl\u0117\" \/><\/p>\n<h2>Saugos aspektai ir aplinkos veiksniai<\/h2>\n<p>Naudojant hidraulinius cilindrus, svarbu suprasti saugos priemones, kad b\u016bt\u0173 i\u0161vengta nelaiming\u0173 atsitikim\u0173 ir u\u017etikrintas operatori\u0173 bei ma\u0161in\u0173 saugumas. Reguliariai mokoma apie saugaus eksploatavimo praktik\u0105 ir tinkam\u0105 \u012frangos naudojim\u0105, kad b\u016bt\u0173 suma\u017einta su hidraulin\u0117mis sistemomis susijusi rizika.<\/p>\n<h2>Gedim\u0173 diagnostika ir da\u017eniausios problemos<\/h2>\n<ul>\n<li><strong>Nuot\u0117kis:<\/strong> Hidraulini\u0173 cilindr\u0173 nuot\u0117ki\u0173 nustatymas yra labai svarbus. Da\u017eni po\u017eymiai yra skys\u010dio kaupimasis aplink cilindro pagrind\u0105 arba netik\u0117tas skys\u010dio lygio suma\u017e\u0117jimas. Nedelsdami pa\u0161alinkite nuot\u0117kius, kad i\u0161vengtum\u0117te eksploatacini\u0173 neefektyvumo.<\/li>\n<li><strong>Prastas na\u0161umas:<\/strong> Jei cilindras juda l\u0117tai arba reaguoja nepastoviai, tai gali rodyti \u017eem\u0105 hidraulinio skys\u010dio lyg\u012f arba sistemos u\u017eter\u0161tum\u0105. Reguliarus techninis aptarnavimas ir skys\u010di\u0173 patikrinimai gali pad\u0117ti i\u0161vengti \u0161i\u0173 problem\u0173.<\/li>\n<li><strong>Triuk\u0161mingas veikimas:<\/strong> Ne\u012fprasti garsai eksploatacijos metu gali rodyti vidin\u012f susid\u0117v\u0117jim\u0105 arba nepakankam\u0105 tepim\u0105. I\u0161tirkite triuk\u0161mo \u0161altin\u012f ir atlikite reikiamus technin\u0117s prie\u017ei\u016bros darbus, kad i\u0161spr\u0119stum\u0117te problem\u0105.<\/li>\n<\/ul>\n<h2>Trik\u010di\u0173 \u0161alinimo patarimai<\/h2>\n<p>Nor\u0117dami efektyviai diagnozuoti ir i\u0161spr\u0119sti str\u0117l\u0117s cilindro problemas, vadovaukit\u0117s \u0161iais trik\u010di\u0173 \u0161alinimo patarimais:<\/p>\n<ul>\n<li>Reguliariai tikrinkite hidraulinio skys\u010dio lyg\u012f ir kokyb\u0119, kad u\u017etikrintum\u0117te optimal\u0173 na\u0161um\u0105.<\/li>\n<li>Patikrinkite sandariklius ir jungtis, ar n\u0117ra susid\u0117v\u0117jimo ar pa\u017eeidim\u0173, kad i\u0161vengtum\u0117te nuot\u0117ki\u0173.<\/li>\n<li>Steb\u0117kite cilindro veikim\u0105, ar n\u0117ra ne\u012fprast\u0173 gars\u0173 ar veikimo problem\u0173, ir nedelsdami jas pa\u0161alinkite, kad i\u0161vengtum\u0117te tolesn\u0117s \u017ealos.<\/li>\n<\/ul>\n<p><img decoding=\"async\" src=\"https:\/\/www.hydraulic-cylinders.net\/wp-content\/uploads\/2025\/04\/songte-bushings-with-all-kinds-of-excavator-models.webp\" alt=\"\u012evor\u0117s\" \/><\/p>\n<h2>Apie m\u016bs\u0173 \u012fmon\u0119<\/h2>\n<p>Esame pirmaujantis pakaitini\u0173 hidraulini\u0173 cilindr\u0173 gamintojas, si\u016blantis plat\u0173 gamini\u0173 asortiment\u0105 tiek vidaus, tiek tarptautin\u0117ms rinkoms. M\u016bs\u0173 \u012fsipareigojim\u0105 siekti meistri\u0161kumo palaiko rafinuota gamybos strategija, naudojant pa\u017eangias technologijas ir kvalifikuotus specialistus, siekiant sukurti auk\u0161tos kokyb\u0117s hidraulinius sprendimus.<\/p>\n<p>Mes teikiame pirmenyb\u0119 kokyb\u0117s kontrolei, u\u017etikrindami, kad kiekvienas produktas atitikt\u0173 grie\u017etus tarptautinius standartus. M\u016bs\u0173 individualiai pritaikytos aptarnavimo galimyb\u0117s leid\u017eia patenkinti \u012fvairius klient\u0173 poreikius, o m\u016bs\u0173 moderni gamybos \u012franga ir specializuotas aptarnavimas po pardavimo u\u017etikrina klient\u0173 pasitenkinim\u0105.<\/p>\n<p><img decoding=\"async\" src=\"https:\/\/www.hydraulic-cylinders.net\/wp-content\/uploads\/2025\/04\/songte-company-4.webp\" alt=\"\u012emon\u0117s ap\u017evalga\" \/><br \/>\n<img decoding=\"async\" src=\"https:\/\/www.hydraulic-cylinders.net\/wp-content\/uploads\/2025\/04\/songte-company-3.webp\" alt=\"Gamybos \u012fmon\u0117\" \/><\/p>\n<p>Autorius: lyl<\/p>","protected":false},"excerpt":{"rendered":"<p>Boom Cylinder For Pushhm PZ35-7 Product Overview The Boom Cylinder For Pushhm PZ35-7 is a critical component in hydraulic systems designed to control the movement of heavy machinery buckets. This specialized hydraulic cylinder enables the lifting, lowering, and tilting of buckets in various applications, including excavators, backhoe loaders, and front-end loaders. Its primary function is [&hellip;]<\/p>","protected":false},"featured_media":17877,"comment_status":"open","ping_status":"closed","template":"","meta":{"_et_pb_use_builder":"","_et_pb_old_content":"","_et_gb_content_width":""},"product_brand":[],"product_cat":[1546],"product_tag":[1547,1496],"class_list":{"0":"post-19539","1":"product","2":"type-product","3":"status-publish","4":"has-post-thumbnail","6":"product_cat-boom-cylinders","7":"product_tag-boom-cylinders","8":"product_tag-hydraulic-cylinders","10":"first","11":"instock","12":"shipping-taxable","13":"product-type-simple"},"amp_enabled":true,"_links":{"self":[{"href":"https:\/\/www.hydraulic-cylinders.net\/lt\/wp-json\/wp\/v2\/product\/19539","targetHints":{"allow":["GET"]}}],"collection":[{"href":"https:\/\/www.hydraulic-cylinders.net\/lt\/wp-json\/wp\/v2\/product"}],"about":[{"href":"https:\/\/www.hydraulic-cylinders.net\/lt\/wp-json\/wp\/v2\/types\/product"}],"replies":[{"embeddable":true,"href":"https:\/\/www.hydraulic-cylinders.net\/lt\/wp-json\/wp\/v2\/comments?post=19539"}],"wp:featuredmedia":[{"embeddable":true,"href":"https:\/\/www.hydraulic-cylinders.net\/lt\/wp-json\/wp\/v2\/media\/17877"}],"wp:attachment":[{"href":"https:\/\/www.hydraulic-cylinders.net\/lt\/wp-json\/wp\/v2\/media?parent=19539"}],"wp:term":[{"taxonomy":"product_brand","embeddable":true,"href":"https:\/\/www.hydraulic-cylinders.net\/lt\/wp-json\/wp\/v2\/product_brand?post=19539"},{"taxonomy":"product_cat","embeddable":true,"href":"https:\/\/www.hydraulic-cylinders.net\/lt\/wp-json\/wp\/v2\/product_cat?post=19539"},{"taxonomy":"product_tag","embeddable":true,"href":"https:\/\/www.hydraulic-cylinders.net\/lt\/wp-json\/wp\/v2\/product_tag?post=19539"}],"curies":[{"name":"wp","href":"https:\/\/api.w.org\/{rel}","templated":true}]}}