{"id":19540,"date":"2025-04-07T06:53:26","date_gmt":"2025-04-07T06:53:26","guid":{"rendered":"https:\/\/www.hydraulic-cylinders.net\/product\/boom-cylinder-for-pushhm-pz60-7b\/"},"modified":"2025-04-07T06:53:28","modified_gmt":"2025-04-07T06:53:28","slug":"boom-cylinder-for-pushhm-pz60-7b","status":"publish","type":"product","link":"https:\/\/www.hydraulic-cylinders.net\/lt\/produktas\/boom-cylinder-for-pushhm-pz60-7b\/","title":{"rendered":"Str\u0117l\u0117s cilindras, skirtas \u201ePushhm PZ60-7B\u201c"},"content":{"rendered":"<h1>Str\u0117l\u0117s cilindras, skirtas \u201ePushhm PZ60-7B\u201c<\/h1>\n<h2>Produkto ap\u017evalga<\/h2>\n<p>The <strong>Str\u0117l\u0117s cilindras, skirtas \u201ePushhm PZ60-7B\u201c<\/strong> yra gyvybi\u0161kai svarbus hidraulini\u0173 sistem\u0173 komponentas, specialiai sukurtas sunkiosios technikos kau\u0161\u0173 jud\u0117jimui valdyti. \u0160ie cilindrai leid\u017eia pakelti, nuleisti ir pakreipti kau\u0161us tokioje \u012frangoje kaip ekskavatoriai, ekskavatoriniai krautuvai ir frontaliniai krautuvai, palengvindami \u012fvairias med\u017eiag\u0173 tvarkymo u\u017eduotis.<\/p>\n<p><img decoding=\"async\" src=\"https:\/\/www.hydraulic-cylinders.net\/wp-content\/uploads\/2025\/04\/songte-company-1.webp\" alt=\"Ekskavatori\u0173 str\u0117l\u0117s cilindras\"><\/p>\n<h3>Kas yra kibiro cilindras?<\/h3>\n<p>Kau\u0161o cilindras yra hidraulinio cilindro tipas, atliekantis labai svarb\u0173 vaidmen\u012f sunkiosios technikos valdyme. Jame yra hidraulinis skystis, kuris sukuria sl\u0117g\u012f, u\u017etikrindamas skland\u0173 ir efektyv\u0173 jud\u0117jim\u0105. Kau\u0161o cilindr\u0173 konstrukcija u\u017etikrina, kad jie atlaikyt\u0173 auk\u0161t\u0105 sl\u0117g\u012f ir dideles apkrovas, tod\u0117l jie yra b\u016btini atliekant u\u017eduotis statybose, \u017eem\u0117s \u016bkyje ir kitose srityse. J\u0173 geb\u0117jimas valdyti dinaminius kau\u0161\u0173 judesius padeda kasti, kelti ir transportuoti med\u017eiagas, taip padidinant na\u0161um\u0105 darbo vietose.<\/p>\n<h2>Str\u0117l\u0117s cilindro savyb\u0117s<\/h2>\n<ul>\n<li><strong>Didelis stiprumas ir ilgaam\u017ei\u0161kumas:<\/strong> Paprastai \u0161ie cilindrai gaminami i\u0161 didelio stiprumo plieno arba aliuminio, jie gali atlaikyti didel\u012f sl\u0117g\u012f ir dideles apkrovas, tod\u0117l tinkami at\u0161iaurioms darbo aplinkoms. J\u0173 konstrukcija skirta atsparumui dilimui ir apsaugai nuo korozijos, siekiant pailginti j\u0173 tarnavimo laik\u0105.<\/li>\n<li><strong>Efektyvus hidraulinis valdymas:<\/strong> Naudojant hidraulin\u0117s alyvos sl\u0117g\u012f, \u0161ie cilindrai u\u017etikrina skland\u0173 i\u0161st\u016bmim\u0105 ir \u012ftraukim\u0105, greitai reaguodami \u012f veikimo komandas ir u\u017etikrindami galing\u0105 st\u016bmimo ir traukimo j\u0117g\u0105, idealiai tinkan\u010di\u0105 sunkioms ir sud\u0117tingoms u\u017eduotims atlikti.<\/li>\n<li><strong>\u012evair\u016bs tipai:<\/strong> Galima rinktis vienpusio veikimo (hidraulin\u0117 sistema naudojama viena kryptimi) arba dvipusio veikimo (hidraulin\u0117 sistema naudojama abiem kryptimis) modelius, kad atitikt\u0173 \u012fvairius eksploatacinius poreikius. Kai kurie modeliai yra teleskopiniai, tod\u0117l juos galima labiau i\u0161tiesti nedidinant i\u0161orini\u0173 matmen\u0173, tod\u0117l jie tinka naudoti ribotoje erdv\u0117je.<\/li>\n<li><strong>Pritaikomi sprendimai:<\/strong> Mes gaminame gaminius, kurie gali puikiai pakeisti esamus hidraulinius cilindrus, u\u017etikrindami suderinamum\u0105 ir na\u0161um\u0105.<\/li>\n<li><strong>Tikslioji in\u017einerija:<\/strong> Kiekvienas cilindras yra suprojektuotas tiksliai, kad b\u016bt\u0173 u\u017etikrintas optimalus veikimas ir patikimumas sud\u0117tingomis s\u0105lygomis.<\/li>\n<\/ul>\n<p><img decoding=\"async\" src=\"https:\/\/www.hydraulic-cylinders.net\/wp-content\/uploads\/2025\/04\/songte-cylinder-head-with-all-kinds-excavator-models.webp\" alt=\"Cilindro galvut\u0117 ekskavatoriams\"><\/p>\n<h2>Taikymo scenarijai<\/h2>\n<h3>Statybin\u0117 \u012franga<\/h3>\n<p>Ekskavatoriuose str\u0117l\u0117s cilindrai yra b\u016btini kasant, kraunant ir perkeliant \u017eem\u0119 ar \u0161iuk\u0161les. Jie leid\u017eia kau\u0161ui \u012fsiskverbti \u012f \u017eem\u0119, u\u017etikrinant efektyvius kasimo procesus. Ekskavatoriuose-krautuvuose \u0161ie cilindrai ne tik padeda kasti, bet ir atlikti k\u0117limo operacijas, suteikdami universalumo statybos darbams.<\/p>\n<h3>\u017dem\u0117s \u016bkio technika<\/h3>\n<p>Priekiniai krautuvai naudoja str\u0117l\u0117s cilindrus dirvo\u017eemiui, \u0161ienui ir kitoms med\u017eiagoms semti, kelti ir transportuoti. \u0160i galimyb\u0117 padidina \u017eem\u0117s \u016bkio darb\u0173 na\u0161um\u0105, nes leid\u017eia greitai tvarkyti med\u017eiagas ir jas perkelti i\u0161 vieno lauko \u012f kit\u0105.<\/p>\n<h3>Ekskavatoriai<\/h3>\n<p>Ekskavatoriuose str\u0117l\u0117s cilindras leid\u017eia kasti kau\u0161\u0105, leisdamas jam \u012fsiskverbti \u012f dirv\u0105. \u0160i funkcija yra labai svarbi norint efektyviai perkelti didelius \u017eem\u0117s kiekius statyb\u0173 projekt\u0173 metu, taip pagerinant bendr\u0105 efektyvum\u0105.<\/p>\n<h3>Krautuvai<\/h3>\n<p>Priekiniuose krautuvuose \u0161ie cilindrai padeda efektyviai pakelti ir i\u0161versti krovinius. J\u0173 konstrukcija u\u017etikrina stabil\u0173 veikim\u0105, leid\u017eiant\u012f efektyviai tvarkyti med\u017eiagas \u012fvairiame auk\u0161tyje.<\/p>\n<h2>Projektavimo aspektai ir atrankos kriterijai<\/h2>\n<h3>Keliamoji galia<\/h3>\n<p>Vienas i\u0161 pagrindini\u0173 str\u0117l\u0117s cilindr\u0173 projektavimo aspekt\u0173 yra j\u0173 keliamoji galia. Svarbu pasirinkti cilindr\u0105, kuris gal\u0117t\u0173 atlaikyti maksimal\u0173 svor\u012f, numatom\u0105 eksploatacijos metu. Tai apima sl\u0117gio ir j\u0117gos, reikalingos konkretiems kroviniams pakelti, apskai\u010diavim\u0105, laikantis saugos standart\u0173. In\u017einieriai turi u\u017etikrinti, kad naudojamos med\u017eiagos gal\u0117t\u0173 atlaikyti tokias j\u0117gas nedeformuodamos ir nesuirdamos.<\/p>\n<h3>Sandarinimo mechanizmai<\/h3>\n<p>Efektyvus sandarinimas yra labai svarbus norint palaikyti hidraulin\u012f sl\u0117g\u012f ir i\u0161vengti nuot\u0117ki\u0173. Siekiant u\u017etikrinti tvirt\u0105 prigludim\u0105, naudojami auk\u0161tos kokyb\u0117s sandarikliai, tokie kaip st\u016bmokli\u0173 ir kot\u0173 sandarikliai, pagaminti i\u0161 patvari\u0173 med\u017eiag\u0173, toki\u0173 kaip poliuretanas arba nitrilo kau\u010diukas. B\u016btina reguliariai tikrinti \u0161iuos sandariklius, kad b\u016bt\u0173 i\u0161vengta hidraulinio skys\u010dio praradimo, kuris gali sukelti sistemos gedim\u0105.<\/p>\n<h3>Patvarumas<\/h3>\n<p>Str\u0117l\u0117s cilindr\u0173 ilgaam\u017ei\u0161kumas yra gyvybi\u0161kai svarbus, ypa\u010d kai jie naudojami sud\u0117tingomis s\u0105lygomis. Jie turi b\u016bti atspar\u016bs dilimui, korozijai ir ekstremalioms temperat\u016broms. Gamintojai da\u017enai naudoja apsaugines dangas ir parenka med\u017eiagas, kurios atlaiko at\u0161iaurias s\u0105lygas, taip pailgindami cilindr\u0173 tarnavimo cikl\u0105.<\/p>\n<h3>Saugos funkcijos<\/h3>\n<p>Projektuojant str\u0117l\u0117s cilindrus, saugos aspektai apima \u012fmontuotus apsauginius vo\u017etuvus, kurie apsaugo nuo per didelio sl\u0117gio ir u\u017etikrina, kad technika veikt\u0173 saugiose ribose. Tinkamas projektas gali suma\u017einti nelaiming\u0173 atsitikim\u0173 rizik\u0105 eksploatacijos metu, apsaugodamas tiek \u012frang\u0105, tiek operatori\u0173.<\/p>\n<h3>Prie\u017ei\u016bra<\/h3>\n<p>Dar vienas svarbus veiksnys yra lengva prie\u017ei\u016bra. Cilindrai tur\u0117t\u0173 b\u016bti suprojektuoti taip, kad b\u016bt\u0173 lengva pasiekti svarbiausius komponentus \u012fprastiems patikrinimams ir remontui. Reguliarus techninis aptarnavimas suma\u017eina prastovas ir pagerina ma\u0161in\u0173 veikimo efektyvum\u0105.<\/p>\n<p><img decoding=\"async\" src=\"https:\/\/www.hydraulic-cylinders.net\/wp-content\/uploads\/2025\/04\/songte-oil-pipes-and-spare-parts.webp\" alt=\"Hidrauliniai komponentai\"><\/p>\n<h2>Sandarinimas ir tepimas<\/h2>\n<p>Efektyvus sandarinimas ir tepimas yra labai svarb\u016bs str\u0117l\u0117s cilindr\u0173 veikimui ir ilgaam\u017ei\u0161kumui. \u012evair\u016bs sandarikliai, pavyzd\u017eiui, st\u016bmokli\u0173 ir stryp\u0173 sandarikliai, naudojami siekiant i\u0161vengti hidraulinio skys\u010dio nuot\u0117kio ir palaikyti sl\u0117g\u012f. Sandarikliai da\u017enai gaminami i\u0161 patvari\u0173 med\u017eiag\u0173, toki\u0173 kaip poliuretanas ir nitrilo kau\u010diukas, kurios pasi\u017eymi puikiu atsparumu dilimui. Cilindro korpusas ir srieginiai galiniai pavir\u0161iai kruop\u0161\u010diai apdorojami, kad padid\u0117t\u0173 j\u0173 patvarumas. Norint suma\u017einti trint\u012f ir dilim\u0105, u\u017etikrinti skland\u0173 veikim\u0105 ir pailginti cilindro tarnavimo laik\u0105, b\u016btina reguliariai tepti pakankamu kiekiu hidraulin\u0117s alyvos.<\/p>\n<h2>Prevencin\u0117s prie\u017ei\u016bros priemon\u0117s<\/h2>\n<ul>\n<li><strong>Reguliar\u016bs patikrinimai:<\/strong> Da\u017enai tikrinkite hidraulin\u0119 sistem\u0105, ar n\u0117ra nuot\u0117ki\u0173, pa\u017eeidim\u0173 ar susid\u0117v\u0117jimo. Ap\u017ei\u016br\u0117kite sandariklius ir jungtis, kad \u012fsitikintum\u0117te, jog jie nepa\u017eeisti ir tinkamai veikia.<\/li>\n<li><strong>Tepimo grafikas:<\/strong> Sudarykite hidraulin\u0117s alyvos tepimo grafik\u0105, u\u017etikrindami, kad cilindrai b\u016bt\u0173 tinkamai sutepti, siekiant suma\u017einti trint\u012f ir susid\u0117v\u0117jim\u0105.<\/li>\n<li><strong>Sandariklio keitimas:<\/strong> Steb\u0117kite sandarikli\u0173 veikim\u0105 ir nedelsdami pakeiskite susid\u0117v\u0117jusius ar pa\u017eeistus sandariklius, kad i\u0161vengtum\u0117te nuot\u0117ki\u0173 ir i\u0161laikytum\u0117te efektyvum\u0105.<\/li>\n<\/ul>\n<h2>\u012erengimo gair\u0117s<\/h2>\n<p>Tinkamas str\u0117l\u0117s cilindro montavimas yra labai svarbus optimaliam veikimui. Pirmiausia \u012fsitikinkite, kad tvirtinimo pavir\u0161iai yra \u0161var\u016bs ir be \u0161iuk\u0161li\u0173. Tinkamai sulygiuokite cilindr\u0105 su tvirtinimo laikikliais, naudodami tinkamas atramas, kad jis laikyt\u0173si vietoje. Priver\u017ekite var\u017etus pagal gamintojo specifikacijas, u\u017etikrindami, kad neb\u016bt\u0173 nesuderinamumo. Po montavimo patikrinkite, ar n\u0117ra nuot\u0117ki\u0173 ir ar sistema tinkamai veikia. Po montavimo b\u016btini reguliar\u016bs patikrinimai, siekiant \u012fsitikinti, kad cilindras veikia skland\u017eiai ir efektyviai.<\/p>\n<h2>Prie\u017ei\u016bros u\u017eduotys<\/h2>\n<ul>\n<li><strong>Reguliar\u016bs patikrinimai:<\/strong> Da\u017enos patikros padeda nustatyti galimas problemas, kol jos netapo rimtomis. Ie\u0161kokite susid\u0117v\u0117jimo ir pa\u017eeidimo po\u017eymi\u0173, ypa\u010d sandarikli\u0173 ir jung\u010di\u0173. Taip pat reik\u0117t\u0173 patikrinti tinkam\u0105 sulygiavim\u0105, kad b\u016bt\u0173 u\u017etikrintas sklandus veikimas.<\/li>\n<li><strong>Tinkamas tepimas:<\/strong> Reguliariai tepkite cilindrus, kad u\u017etikrintum\u0117te tinkam\u0105 hidraulin\u0117s alyvos lyg\u012f. Tai padeda suma\u017einti trint\u012f ir susid\u0117v\u0117jim\u0105, pailgindama j\u0173 tarnavimo laik\u0105.<\/li>\n<li><strong>Sandariklio keitimas:<\/strong> Laikui b\u0117gant, tarpin\u0117s gali susid\u0117v\u0117ti d\u0117l sl\u0117gio ir aplinkos veiksni\u0173. Reguliariai tikrinkite tarpines, ar n\u0117ra pa\u017eeidim\u0173, ir prireikus jas pakeiskite, kad i\u0161vengtum\u0117te nuot\u0117ki\u0173 ir u\u017etikrintum\u0117te efektyv\u0173 veikim\u0105.<\/li>\n<\/ul>\n<h2>Saugos aspektai ir aplinkos veiksniai<\/h2>\n<p>Naudojant str\u0117l\u0117s cilindrus, b\u016btina laikytis saugos priemoni\u0173. Operatoriai tur\u0117t\u0173 b\u016bti apmokyti atpa\u017einti galimus pavojus, susijusius su hidraulin\u0117mis sistemomis. Siekiant suma\u017einti nelaiming\u0173 atsitikim\u0173 rizik\u0105, turi b\u016bti nustatyti tinkami tvarkymo ir eksploatavimo protokolai. Be to, projektuojant hidraulines sistemas, reik\u0117t\u0173 atsi\u017evelgti \u012f aplinkos veiksnius. U\u017etikrinus, kad hidrauliniai skys\u010diai b\u016bt\u0173 biologi\u0161kai skaid\u016bs, ir suma\u017einus i\u0161siliejim\u0105, galima apsaugoti aplink\u0105.<\/p>\n<h2>Da\u017eniausiai pasitaikan\u010di\u0173 problem\u0173 \u0161alinimas<\/h2>\n<ul>\n<li><strong>Nuot\u0117kis:<\/strong> Jei hidraulinis skystis teka, patikrinkite, ar sandarikliai ir jungtys n\u0117ra pa\u017eeisti. Pakeiskite visas susid\u0117v\u0117jusias dalis, kad i\u0161vengtum\u0117te tolesnio nuot\u0117kio.<\/li>\n<li><strong>L\u0117tas jud\u0117jimas:<\/strong> L\u0117tai veikiantis cilindras gali rodyti nepakankam\u0105 hidraulinio skys\u010dio kiek\u012f. Patikrinkite skys\u010dio lyg\u012f ir, jei reikia, papildykite degal\u0173. Taip pat patikrinkite, ar sistemoje n\u0117ra u\u017esikim\u0161im\u0173, kurie gali trukdyti srautui.<\/li>\n<li><strong>N\u0117ra jud\u0117jimo:<\/strong> Jei cilindras nejuda, patikrinkite, ar hidraulinis siurblys ir valdymo vo\u017etuvai n\u0117ra suged\u0119. \u012esitikinkite, kad hidraulinei sistemai tiekiama energija.<\/li>\n<\/ul>\n<h2>Trik\u010di\u0173 \u0161alinimo patarimai<\/h2>\n<p>Nor\u0117dami efektyviai diagnozuoti ir i\u0161spr\u0119sti str\u0117l\u0117s cilindr\u0173 problemas, pirmiausia atlikite i\u0161sam\u0173 vis\u0173 komponent\u0173 patikrinim\u0105. Ie\u0161kokite matom\u0173 susid\u0117v\u0117jimo, nuot\u0117ki\u0173 ar pa\u017eeidim\u0173 po\u017eymi\u0173. \u012esitikinkite, kad visos jungtys yra tvirtos ir kad hidraulinio skys\u010dio lygis yra pakankamas. \u012egyvendinkite prevencines priemones, pvz., \u012fprastinius technin\u0117s prie\u017ei\u016bros patikrinimus, kad anksti nustatytum\u0117te galimas problemas. I\u0161sam\u016bs technin\u0117s prie\u017ei\u016bros darb\u0173 \u012fra\u0161ai gali pad\u0117ti steb\u0117ti cilindro veikim\u0105 ir numatyti b\u016bsimas problemas.<\/p>\n<p><img decoding=\"async\" src=\"https:\/\/www.hydraulic-cylinders.net\/wp-content\/uploads\/2025\/04\/songte-bushings-with-all-kinds-of-excavator-models.webp\" alt=\"Ekskavatori\u0173 \u012fvor\u0117s\"><\/p>\n<h2>Apie m\u016bs\u0173 \u012fmon\u0119<\/h2>\n<p>Esame pakaitini\u0173 hidraulini\u0173 cilindr\u0173 gamintojas, si\u016blantis plat\u0173 gamini\u0173 asortiment\u0105. B\u016bdami vieni i\u0161 pirmaujan\u010di\u0173 hidraulini\u0173 cilindr\u0173 gamintoj\u0173 ir platintoj\u0173 tiek vidaus, tiek tarptautin\u0117se rinkose, laikom\u0117s auk\u0161\u010diausios kokyb\u0117s principo. M\u016bs\u0173 gamybos valdymo strategija pagr\u012fsta tikslios gamybos dirbtuv\u0117mis, kuriose naudojamos pa\u017eangios technologijos ir auk\u0161\u010diausios klas\u0117s gamybos \u012franga. M\u016bs\u0173 kvalifikuota technin\u0117 komanda kartu su profesionaliomis bandym\u0173 sistemomis didina m\u016bs\u0173 gamybos paj\u0117gumus, leisdama mums patenkinti \u012fvairius klient\u0173 poreikius.<\/p>\n<p><img decoding=\"async\" src=\"https:\/\/www.hydraulic-cylinders.net\/wp-content\/uploads\/2025\/04\/songte-company-4.webp\" alt=\"\u012emon\u0117s ap\u017evalga\"><br \/>\n<img decoding=\"async\" src=\"https:\/\/www.hydraulic-cylinders.net\/wp-content\/uploads\/2025\/04\/songte-company-3.webp\" alt=\"Gamybos \u012fmon\u0117\"><\/p>\n<h3>Profesionalumas<\/h3>\n<p>M\u016bs\u0173 komanda turi didel\u0119 patirt\u012f hidraulini\u0173 sistem\u0173 srityje, tod\u0117l u\u017etikriname auk\u0161tos kokyb\u0117s gamini\u0173, pritaikyt\u0173 konkretiems klient\u0173 reikalavimams, tiekim\u0105. Turime tarptautinius sertifikatus, kurie patvirtina m\u016bs\u0173 \u012fsipareigojim\u0105 laikytis kokyb\u0117s ir saugos standart\u0173.<\/p>\n<h3>Individual\u016bs u\u017esakymai<\/h3>\n<p>Si\u016blome pritaikomus sprendimus, kad patenkintume \u012fvairius veiklos poreikius. Nesvarbu, ar tai konkret\u016bs matmenys, ar unikalus dizainas, m\u016bs\u0173 in\u017einieriai glaud\u017eiai bendradarbiauja su klientais, kad sukurt\u0173 geriausi\u0105 variant\u0105.<\/p>\n<h3>Gamybos \u012franga<\/h3>\n<p>M\u016bs\u0173 moderniausia gamybos \u012fmon\u0117 apr\u016bpinta pa\u017eangia \u012franga ir \u012frankiais, leid\u017eian\u010diais mums efektyviai gaminti didelio tikslumo hidraulinius cilindrus.<\/p>\n<h3>Aptarnavimas po pardavimo<\/h3>\n<p>Mes teikiame pirmenyb\u0119 klient\u0173 pasitenkinimui ir teikiame i\u0161skirtin\u0119 garantinio aptarnavimo paslaug\u0105. M\u016bs\u0173 atsidavusi komanda visada pasiruo\u0161usi pad\u0117ti atsakyti \u012f visus klausimus ar i\u0161kilusius klausimus po pirkimo, u\u017etikrindama skland\u017ei\u0105 patirt\u012f m\u016bs\u0173 klientams.<\/p>\n<p>Autorius: lyl<\/p>","protected":false},"excerpt":{"rendered":"<p>Boom Cylinder For Pushhm PZ60-7B Product Overview The Boom Cylinder For Pushhm PZ60-7B is a vital component in hydraulic systems, specifically designed to control the movement of heavy machinery buckets. These cylinders enable the lifting, lowering, and tilting of buckets in equipment such as excavators, backhoe loaders, and front-end loaders, facilitating various material handling tasks. [&hellip;]<\/p>","protected":false},"featured_media":17878,"comment_status":"open","ping_status":"closed","template":"","meta":{"_et_pb_use_builder":"","_et_pb_old_content":"","_et_gb_content_width":""},"product_brand":[],"product_cat":[1546],"product_tag":[1547,1496],"class_list":{"0":"post-19540","1":"product","2":"type-product","3":"status-publish","4":"has-post-thumbnail","6":"product_cat-boom-cylinders","7":"product_tag-boom-cylinders","8":"product_tag-hydraulic-cylinders","10":"first","11":"instock","12":"shipping-taxable","13":"product-type-simple"},"amp_enabled":true,"_links":{"self":[{"href":"https:\/\/www.hydraulic-cylinders.net\/lt\/wp-json\/wp\/v2\/product\/19540","targetHints":{"allow":["GET"]}}],"collection":[{"href":"https:\/\/www.hydraulic-cylinders.net\/lt\/wp-json\/wp\/v2\/product"}],"about":[{"href":"https:\/\/www.hydraulic-cylinders.net\/lt\/wp-json\/wp\/v2\/types\/product"}],"replies":[{"embeddable":true,"href":"https:\/\/www.hydraulic-cylinders.net\/lt\/wp-json\/wp\/v2\/comments?post=19540"}],"wp:featuredmedia":[{"embeddable":true,"href":"https:\/\/www.hydraulic-cylinders.net\/lt\/wp-json\/wp\/v2\/media\/17878"}],"wp:attachment":[{"href":"https:\/\/www.hydraulic-cylinders.net\/lt\/wp-json\/wp\/v2\/media?parent=19540"}],"wp:term":[{"taxonomy":"product_brand","embeddable":true,"href":"https:\/\/www.hydraulic-cylinders.net\/lt\/wp-json\/wp\/v2\/product_brand?post=19540"},{"taxonomy":"product_cat","embeddable":true,"href":"https:\/\/www.hydraulic-cylinders.net\/lt\/wp-json\/wp\/v2\/product_cat?post=19540"},{"taxonomy":"product_tag","embeddable":true,"href":"https:\/\/www.hydraulic-cylinders.net\/lt\/wp-json\/wp\/v2\/product_tag?post=19540"}],"curies":[{"name":"wp","href":"https:\/\/api.w.org\/{rel}","templated":true}]}}