{"id":19542,"date":"2025-04-07T06:53:35","date_gmt":"2025-04-07T06:53:35","guid":{"rendered":"https:\/\/www.hydraulic-cylinders.net\/product\/boom-cylinder-for-pushhm-pz165-8\/"},"modified":"2025-04-07T06:53:38","modified_gmt":"2025-04-07T06:53:38","slug":"boom-cylinder-for-pushhm-pz165-8","status":"publish","type":"product","link":"https:\/\/www.hydraulic-cylinders.net\/lt\/produktas\/boom-cylinder-for-pushhm-pz165-8\/","title":{"rendered":"Str\u0117l\u0117s cilindras, skirtas \u201ePushhm PZ165-8\u201c"},"content":{"rendered":"<h1>Str\u0117l\u0117s cilindras, skirtas \u201ePushhm PZ165-8\u201c<\/h1>\n<h2>Produkto ap\u017evalga<\/h2>\n<p>\u201ePushhm PZ165-8\u201c str\u0117l\u0117s cilindras yra specializuotas hidraulinis cilindras, skirtas valdyti kau\u0161o jud\u0117jim\u0105 \u012fvairiose sunkiosiose ma\u0161inose, tokiose kaip ekskavatoriai, ekskavatoriai ir frontaliniai krautuvai. \u0160is hidraulinis cilindras leid\u017eia kau\u0161\u0105 pakelti, nuleisti ir pakreipti, tod\u0117l med\u017eiag\u0173 tvarkymo darbai atliekami efektyviai ir efektyviai.<\/p>\n<p><img decoding=\"async\" src=\"https:\/\/www.hydraulic-cylinders.net\/wp-content\/uploads\/2025\/04\/songte-company-1.webp\" alt=\"Str\u0117l\u0117s cilindras\" \/><\/p>\n<h3>Kau\u0161o cilindr\u0173 apibr\u0117\u017eimas ir svarba<\/h3>\n<p>Kau\u0161\u0173 cilindrai yra esminiai hidraulini\u0173 sistem\u0173 komponentai, leid\u017eiantys tiksliai valdyti statybose, \u017eem\u0117s \u016bkyje ir kitose sunkiosiose srityse naudojamas ma\u0161inas. \u0160ie cilindrai yra sukurti taip, kad atlaikyt\u0173 auk\u0161t\u0105 sl\u0117g\u012f, tod\u0117l idealiai tinka sunkiems kroviniams kelti ir valdyti. J\u0173 konstrukcija u\u017etikrina skland\u0173 ir kontroliuojam\u0105 jud\u0117jim\u0105, kuris yra nepaprastai svarbus atliekant tokias u\u017eduotis kaip kasimas, k\u0117limas ir pakreipimas. Suteikdami reikiam\u0105 j\u0117g\u0105, kau\u0161\u0173 cilindrai \u017eenkliai prisideda prie bendro \u012fvairi\u0173 sunki\u0173j\u0173 \u012frengini\u0173 na\u0161umo ir efektyvumo, leisdami operatoriams lengvai atlikti sud\u0117tingas u\u017eduotis.<\/p>\n<h2>Str\u0117l\u0117s cilindro savyb\u0117s<\/h2>\n<ul>\n<li><strong>Didelis stiprumas ir ilgaam\u017ei\u0161kumas:<\/strong> Paprastai pagaminti i\u0161 didelio stiprumo plieno arba aliuminio, \u0161ie cilindrai gali atlaikyti auk\u0161t\u0105 sl\u0117g\u012f ir dideles apkrovas, kartu b\u016bdami atspar\u016bs at\u0161iaurioms darbo aplinkoms, tod\u0117l pailgina savo tarnavimo laik\u0105.<\/li>\n<li><strong>Efektyvus hidraulinis valdymas:<\/strong> Naudojant hidraulin\u0117s alyvos sl\u0117g\u012f skland\u017eiam i\u0161st\u016bmimui ir \u012ftraukimui, cilindrai greitai reaguoja \u012f veikimo komandas, u\u017etikrindami galingas st\u016bmimo ir traukimo j\u0117gas, tinkamas sunki\u0173 med\u017eiag\u0173 tvarkymui.<\/li>\n<li><strong>\u012evair\u016bs tipai:<\/strong> Galima \u012fsigyti tiek vienpusio veikimo (veikian\u010dio viena kryptimi), tiek dvigubo veikimo (veikian\u010dio dviem kryptimis) konfig\u016bracij\u0173. Kai kurie modeliai yra teleskopiniai, tod\u0117l juos galima labiau i\u0161tiesti nedidinant i\u0161orini\u0173 matmen\u0173, tod\u0117l jie idealiai tinka naudoti ribotoje erdv\u0117je.<\/li>\n<li><strong>Individuali gamyba:<\/strong> \u0160\u012f gamin\u012f gaminame taip, kad idealiai pakeist\u0173 esamus hidraulinius cilindrus, u\u017etikrindami suderinamum\u0105 ir na\u0161um\u0105.<\/li>\n<li><strong>I\u0161sami parai\u0161ka:<\/strong> Sukurta \u012fvairioms pramon\u0117s reikm\u0117ms \u2013 nuo \u200b\u200bstatyb\u0173 iki \u017eem\u0117s \u016bkio, u\u017etikrinant universalum\u0105, atsi\u017evelgiant \u012f skirtingus eksploatavimo poreikius.<\/li>\n<\/ul>\n<p><img decoding=\"async\" src=\"https:\/\/www.hydraulic-cylinders.net\/wp-content\/uploads\/2025\/04\/songte-cylinder-head-with-all-kinds-excavator-models.webp\" alt=\"Ekskavatori\u0173 modeliai\" \/><\/p>\n<h2>Taikymo scenarijai<\/h2>\n<h3>Statybin\u0117 \u012franga<\/h3>\n<p>Ekskavatoriuose str\u0117l\u0117s cilindras yra labai svarbus kasant, kraunant ir transportuojant grunt\u0105 ar \u0161iuk\u0161les. Jo geb\u0117jimas efektyviai valdyti kau\u0161\u0105 u\u017etikrina, kad operatoriai gal\u0117t\u0173 greitai ir tiksliai atlikti savo u\u017eduotis. Ekskavatoriuose-krautuvuose kau\u0161o cilindras padeda ne tik kasant, bet ir pak\u0117lus \u017eem\u0119, tod\u0117l jis yra universalus statybini\u0173 ma\u0161in\u0173 komponentas.<\/p>\n<h3>\u017dem\u0117s \u016bkio technika<\/h3>\n<p>Priekiniams krautuvams kau\u0161o cilindrai yra b\u016btini dirvo\u017eemio, \u0161ieno ir kit\u0173 med\u017eiag\u0173 k\u0117limui, k\u0117limui ir transportavimui. \u0160i\u0173 cilindr\u0173 efektyvumas tiesiogiai veikia \u017eem\u0117s \u016bkio produktyvum\u0105, leisdamas \u016bkininkams lengvai ir greitai tvarkyti birias med\u017eiagas.<\/p>\n<h3>Ekskavatoriai<\/h3>\n<p>Kau\u0161o cilindras leid\u017eia ekskavatoriams efektyviai \u012fsiskverbti \u012f \u017eem\u0119, palengvindamas efektyvius kasimo darbus. Jis suteikia reikiam\u0105 j\u0117g\u0105 pralau\u017eti kietus dirvo\u017eemio sluoksnius, pagerindamas bendr\u0105 ekskavatoriaus na\u0161um\u0105 statybos darb\u0173 metu.<\/p>\n<h3>Krautuvai<\/h3>\n<p>Priekiniuose krautuvuose str\u0117l\u0117s cilindras padeda efektyviai pakelti ir i\u0161versti krovinius. \u0160i galimyb\u0117 yra labai svarbi \u012fvairiose srityse, pavyzd\u017eiui, kra\u0161tovaizd\u017eio tvarkyme ir statybose, kur med\u017eiagas reikia tiksliai perkelti ir pad\u0117ti.<\/p>\n<h2>Projektavimo aspektai ir atrankos kriterijai<\/h2>\n<h3>Keliamoji galia<\/h3>\n<p>Renkantis str\u0117l\u0117s cilindr\u0105, svarbiausias aspektas yra keliamoji galia. Cilindras turi atlaikyti maksimali\u0105 apkrov\u0105, su kuria susidurs eksploatavimo metu. Nepakankama keliamoji galia gali sukelti mechaninius gedimus, kurie kelia pavoj\u0173 saugai eksploatavimo metu. Tod\u0117l reikia atlikti kruop\u0161\u010dius skai\u010diavimus ir specifikacijas, atsi\u017evelgiant \u012f numatomas eksploatacines apkrovas.<\/p>\n<h3>Sandarumas ir ilgaam\u017ei\u0161kumas<\/h3>\n<p>Sandarinimas yra dar vienas svarbus aspektas, nes jis apsaugo nuo hidraulinio skys\u010dio nuot\u0117kio, kuris yra b\u016btinas efektyviam darbui. Pasirinkti sandarikliai turi b\u016bti suderinami su naudojamu hidrauliniu skys\u010diu, o cilindro konstrukcija tur\u0117t\u0173 b\u016bti pritaikyta tvirtiems sandarinimo sprendimams, kurie atlaiko nusid\u0117v\u0117jim\u0105 ir at\u0161iaurias s\u0105lygas. Patvarios med\u017eiagos ir kokybi\u0161ki sandarinimo mechanizmai prailgina cilindro tarnavimo laik\u0105 ir palaiko eksploatacin\u012f efektyvum\u0105.<\/p>\n<h3>Sauga ir prie\u017ei\u016bra<\/h3>\n<p>\u012e str\u0117l\u0117s cilindro konstrukcij\u0105 turi b\u016bti integruotos saugos funkcijos. Siekiant i\u0161vengti perkrovos ir galim\u0173 pavoj\u0173, reikia numatyti tinkamus saugos mechanizmus, tokius kaip sl\u0117gio ma\u017einimo vo\u017etuvai. Be to, konstrukcija tur\u0117t\u0173 u\u017etikrinti lengv\u0105 prieig\u0105 prie technin\u0117s prie\u017ei\u016bros, u\u017etikrinant, kad \u012fprastiniai patikrinimai ir remontas b\u016bt\u0173 atliekami be dideli\u0173 prastov\u0173 ar sunkum\u0173.<\/p>\n<p><img decoding=\"async\" src=\"https:\/\/www.hydraulic-cylinders.net\/wp-content\/uploads\/2025\/04\/songte-oil-pipes-and-spare-parts.webp\" alt=\"Hidraulin\u0117s dalys\" \/><\/p>\n<h2>Sandarinimas ir tepimas<\/h2>\n<p>Efektyvus sandarinimas ir tepimas yra gyvybi\u0161kai svarb\u016bs hidraulini\u0173 cilindr\u0173 ilgaam\u017ei\u0161kumui ir veikimui. \u012evair\u016bs sandarinimo komponentai, tokie kaip st\u016bmokli\u0173 ir kot\u0173 sandarikliai, yra b\u016btini norint palaikyti hidraulin\u012f sl\u0117g\u012f ir i\u0161vengti nuot\u0117ki\u0173. Sandarinimo med\u017eiagos, tokios kaip poliuretanas ir nitrilo kau\u010diukas, da\u017eniausiai naudojamos d\u0117l j\u0173 ilgaam\u017ei\u0161kumo ir atsparumo dilimui. Be to, cilindro korpusas ir srieginiai galiniai pavir\u0161iai reikalauja tikslaus apdirbimo, kad padid\u0117t\u0173 atsparumas dilimui.<\/p>\n<p>Reguliarus tepimas hidrauline alyva yra b\u016btinas norint u\u017etikrinti skland\u0173 veikim\u0105 ir suma\u017einti trint\u012f. Operatoriai tur\u0117t\u0173 laikytis rekomenduojam\u0173 tepimo grafik\u0173, kad i\u0161laikyt\u0173 optimal\u0173 na\u0161um\u0105 ir i\u0161vengt\u0173 prie\u0161laikinio sandarikli\u0173 ir kit\u0173 komponent\u0173 susid\u0117v\u0117jimo.<\/p>\n<h2>Prevencin\u0117s prie\u017ei\u016bros priemon\u0117s<\/h2>\n<ul>\n<li><strong>Reguliar\u016bs patikrinimai:<\/strong> Reguliariai tikrinkite, ar n\u0117ra hidraulinio cilindro susid\u0117v\u0117jimo po\u017eymi\u0173, nuot\u0117ki\u0173 ir bendros b\u016bkl\u0117s. Ankstyvas problem\u0173 nustatymas gali pad\u0117ti i\u0161vengti brangaus remonto ir prastov\u0173.<\/li>\n<li><strong>Tinkamas tepimas:<\/strong> \u012esitikinkite, kad hidraulinio skys\u010dio lygis yra optimalus, ir kad jis kei\u010diamas pagal gamintojo nurodymus, siekiant i\u0161vengti u\u017eter\u0161imo ir i\u0161laikyti na\u0161um\u0105.<\/li>\n<li><strong>Sandarinimo keitimas:<\/strong> Laiku kei\u010diami sandarikliai yra b\u016btini siekiant i\u0161vengti nuot\u0117ki\u0173 ir palaikyti hidraulin\u012f sl\u0117g\u012f. Operatoriai tur\u0117t\u0173 laikytis sandarikli\u0173 tikrinimo ir keitimo grafiko.<\/li>\n<\/ul>\n<h2>\u012erengimo gair\u0117s<\/h2>\n<p>Tinkamas str\u0117l\u0117s cilindro montavimas yra labai svarbus optimaliam veikimui. Pirmiausia \u012fsitikinkite, kad cilindras yra tinkamai sulygiuotas. Neteisingas sulygiavimas gali sukelti netolyg\u0173 nusid\u0117v\u0117jim\u0105 ir galim\u0105 gedim\u0105. Naudokite tinkamus tvirtinimo laikiklius, kad tvirtai pritvirtintum\u0117te cilindr\u0105 vietoje.<\/p>\n<p>Prie\u0161 montuodami patikrinkite, ar visi komponentai yra \u0161var\u016bs ir be \u0161iuk\u0161li\u0173. Prie\u0161 \u012fd\u0117dami sandariklius, u\u017etepkite plon\u0105 hidraulinio skys\u010dio sluoksn\u012f, kad suma\u017eintum\u0117te trint\u012f eksploatacijos metu. Po montavimo atlikite bandom\u0105j\u012f veikim\u0105, kad \u012fsitikintum\u0117te, jog cilindras veikia skland\u017eiai, be nuot\u0117ki\u0173 ar ne\u012fprast\u0173 gars\u0173.<\/p>\n<h2>\u012eprastos prie\u017ei\u016bros u\u017eduotys<\/h2>\n<h3>Reguliar\u016bs patikrinimai<\/h3>\n<p>Reguliar\u016bs patikrinimai yra labai svarb\u016bs norint nustatyti galimas problemas, kol jos nepablog\u0117jo. Patikrinkite, ar n\u0117ra nuot\u0117ki\u0173, susid\u0117v\u0117jimo ir bendro hidraulinio cilindro veikimo. Dokumentuokite i\u0161vadas ir nedelsdami spr\u0119skite visus technin\u0117s prie\u017ei\u016bros poreikius, kad i\u0161vengtum\u0117te eksploatavimo sutrikim\u0173.<\/p>\n<h3>Tinkamas tepimas<\/h3>\n<p>Nuosekliai naudokite tinkamo tipo ir kiekio hidraulin\u0119 alyv\u0105 pagal gamintojo specifikacijas. Tinkamas tepimas suma\u017eina trint\u012f ir pailgina sandarikli\u0173 bei judan\u010di\u0173 dali\u0173 tarnavimo laik\u0105. Visada patikrinkite, ar n\u0117ra alyvos u\u017eter\u0161imo po\u017eymi\u0173, ir prireikus keiskite skyst\u012f.<\/p>\n<h3>Tarpikli\u0173 keitimas ir kalibravimo patikrinimai<\/h3>\n<p>Reguliariai keiskite susid\u0117v\u0117jusius sandariklius, kad i\u0161laikytum\u0117te hidraulin\u0117s sistemos vientisum\u0105. Taip pat reik\u0117t\u0173 atlikti kalibravimo patikrinimus, siekiant u\u017etikrinti, kad cilindras veikt\u0173 pagal nurodytus parametrus. Netinkamas kalibravimas gali sukelti neefektyvum\u0105 ir padid\u0117jus\u012f susid\u0117v\u0117jim\u0105.<\/p>\n<p><img decoding=\"async\" src=\"https:\/\/www.hydraulic-cylinders.net\/wp-content\/uploads\/2025\/04\/songte-chushion-collar.webp\" alt=\"Pagalv\u0117l\u0117s apykakl\u0117\" \/><\/p>\n<h2>Saugos aspektai ir aplinkos veiksniai<\/h2>\n<p>Dirbant su hidraulin\u0117mis sistemomis, saugos priemon\u0117s yra labai svarbios. Operatoriai visada turi d\u0117v\u0117ti tinkamas asmenines apsaugos priemones ir laikytis saugos nurodym\u0173, kad i\u0161vengt\u0173 nelaiming\u0173 atsitikim\u0173. Taip pat b\u016btina suprasti hidraulini\u0173 skys\u010di\u0173 poveik\u012f aplinkai; tod\u0117l, siekiant kuo labiau suma\u017einti ekologin\u0119 \u017eal\u0105, reikia tinkamai juos \u0161alinti ir tvarkyti.<\/p>\n<h2>Da\u017eniausiai pasitaikan\u010di\u0173 problem\u0173 \u0161alinimas<\/h2>\n<ul>\n<li><strong>Nuot\u0117kis:<\/strong> Nustatykite nuot\u0117kio \u0161altin\u012f ap\u017ei\u016br\u0117dami sandariklius ir jungiam\u0105sias detales. Pakeiskite susid\u0117v\u0117jusius arba pa\u017eeistus sandariklius, kad atkurtum\u0117te vientisum\u0105.<\/li>\n<li><strong>Na\u0161umo problemos:<\/strong> Jei cilindras juda l\u0117tai, patikrinkite hidraulinio skys\u010dio lyg\u012f ir ar n\u0117ra galim\u0173 u\u017esikim\u0161im\u0173 linijose.<\/li>\n<li><strong>Ne\u012fprasti garsai:<\/strong> Triuk\u0161mai gali rodyti vidinius pa\u017eeidimus arba nepakankam\u0105 tepim\u0105. Atlikite i\u0161sam\u0173 patikrinim\u0105, kad nustatytum\u0117te problem\u0105.<\/li>\n<\/ul>\n<p>Greitai spr\u0119sdami \u0161ias da\u017enas problemas, operatoriai gali u\u017etikrinti ilgalaik\u012f str\u0117l\u0117s cilindro veikim\u0105 ir i\u0161vengti brangaus remonto.<\/p>\n<p><img decoding=\"async\" src=\"https:\/\/www.hydraulic-cylinders.net\/wp-content\/uploads\/2025\/04\/songte-bushings-with-all-kinds-of-excavator-models.webp\" alt=\"\u012evor\u0117s\" \/><\/p>\n<h2>\u012emon\u0117s ap\u017evalga<\/h2>\n<p>Esame pirmaujantis pakaitini\u0173 hidraulini\u0173 cilindr\u0173 gamintojas, si\u016blantis plat\u0173 gamini\u0173 asortiment\u0105, kad patenkintume vietin\u0117s ir tarptautin\u0117s rinkos poreikius. M\u016bs\u0173 \u012fsipareigojimas siekti meistri\u0161kumo skatina mus \u012fgyvendinti rafinuotas gamybos strategijas, pasitelkiant pa\u017eangias technologijas ir kvalifikuot\u0105 darbo j\u0117g\u0105, siekiant padidinti gamybos efektyvum\u0105 ir gamini\u0173 kokyb\u0119.<\/p>\n<p>Mes teikiame pirmenyb\u0119 profesionaliai patir\u010diai, tarptautiniams sertifikatams ir individualiai pritaikytoms paslaugoms, pritaikytoms m\u016bs\u0173 klient\u0173 poreikiams. M\u016bs\u0173 moderni gamybos \u012franga ir i\u0161samus garantinio aptarnavimo servisas u\u017etikrina, kad efektyviai patenkintume \u012fvairius klient\u0173 reikalavimus.<\/p>\n<p><img decoding=\"async\" src=\"https:\/\/www.hydraulic-cylinders.net\/wp-content\/uploads\/2025\/04\/songte-company-4.webp\" alt=\"\u012emon\u0117s ap\u017evalga\" \/><br \/>\n<img decoding=\"async\" src=\"https:\/\/www.hydraulic-cylinders.net\/wp-content\/uploads\/2025\/04\/songte-company-3.webp\" alt=\"Gamybos procesas\" \/><\/p>\n<p>Autorius: lyl<\/p>","protected":false},"excerpt":{"rendered":"<p>Boom Cylinder For Pushhm PZ165-8 Product Overview The Boom Cylinder for Pushhm PZ165-8 is a specialized hydraulic cylinder designed to control the movement of the bucket in various heavy machinery, such as excavators, backhoes, and front loaders. This hydraulic cylinder allows the bucket to lift, lower, and tilt, facilitating material handling tasks efficiently and effectively. [&hellip;]<\/p>","protected":false},"featured_media":17880,"comment_status":"open","ping_status":"closed","template":"","meta":{"_et_pb_use_builder":"","_et_pb_old_content":"","_et_gb_content_width":""},"product_brand":[],"product_cat":[1546],"product_tag":[1547,1496],"class_list":{"0":"post-19542","1":"product","2":"type-product","3":"status-publish","4":"has-post-thumbnail","6":"product_cat-boom-cylinders","7":"product_tag-boom-cylinders","8":"product_tag-hydraulic-cylinders","10":"first","11":"instock","12":"shipping-taxable","13":"product-type-simple"},"amp_enabled":true,"_links":{"self":[{"href":"https:\/\/www.hydraulic-cylinders.net\/lt\/wp-json\/wp\/v2\/product\/19542","targetHints":{"allow":["GET"]}}],"collection":[{"href":"https:\/\/www.hydraulic-cylinders.net\/lt\/wp-json\/wp\/v2\/product"}],"about":[{"href":"https:\/\/www.hydraulic-cylinders.net\/lt\/wp-json\/wp\/v2\/types\/product"}],"replies":[{"embeddable":true,"href":"https:\/\/www.hydraulic-cylinders.net\/lt\/wp-json\/wp\/v2\/comments?post=19542"}],"wp:featuredmedia":[{"embeddable":true,"href":"https:\/\/www.hydraulic-cylinders.net\/lt\/wp-json\/wp\/v2\/media\/17880"}],"wp:attachment":[{"href":"https:\/\/www.hydraulic-cylinders.net\/lt\/wp-json\/wp\/v2\/media?parent=19542"}],"wp:term":[{"taxonomy":"product_brand","embeddable":true,"href":"https:\/\/www.hydraulic-cylinders.net\/lt\/wp-json\/wp\/v2\/product_brand?post=19542"},{"taxonomy":"product_cat","embeddable":true,"href":"https:\/\/www.hydraulic-cylinders.net\/lt\/wp-json\/wp\/v2\/product_cat?post=19542"},{"taxonomy":"product_tag","embeddable":true,"href":"https:\/\/www.hydraulic-cylinders.net\/lt\/wp-json\/wp\/v2\/product_tag?post=19542"}],"curies":[{"name":"wp","href":"https:\/\/api.w.org\/{rel}","templated":true}]}}