{"id":19545,"date":"2025-04-07T06:53:50","date_gmt":"2025-04-07T06:53:50","guid":{"rendered":"https:\/\/www.hydraulic-cylinders.net\/product\/boom-cylinder-for-pushhm-pz330-8\/"},"modified":"2025-04-07T06:53:52","modified_gmt":"2025-04-07T06:53:52","slug":"boom-cylinder-for-pushhm-pz330-8","status":"publish","type":"product","link":"https:\/\/www.hydraulic-cylinders.net\/lt\/produktas\/boom-cylinder-for-pushhm-pz330-8\/","title":{"rendered":"Str\u0117l\u0117s cilindras, skirtas \u201ePushhm PZ330-8\u201c"},"content":{"rendered":"<h1>Str\u0117l\u0117s cilindras, skirtas \u201ePushhm PZ330-8\u201c<\/h1>\n<h2>Produkto ap\u017evalga<\/h2>\n<p>\u201ePushhm PZ330-8\u201c str\u0117l\u0117s cilindras yra specializuotas hidraulinis cilindras, skirtas valdyti kau\u0161o jud\u0117jim\u0105 \u012fvairiose sunkiosios technikos srityse. \u0160ie cilindrai atlieka labai svarb\u0173 vaidmen\u012f hidraulin\u0117se sistemose, nes leid\u017eia pakelti, nuleisti ir pakreipti kau\u0161us, tod\u0117l jie yra nepakei\u010diami med\u017eiag\u0173 tvarkymo u\u017eduotims.<\/p>\n<p><img decoding=\"async\" src=\"https:\/\/www.hydraulic-cylinders.net\/wp-content\/uploads\/2025\/04\/songte-company-1.webp\" alt=\"Hidraulinis cilindras\" \/><\/p>\n<h3>Apibr\u0117\u017eimas ir funkcionalumas<\/h3>\n<p>Kau\u0161o cilindras, dar \u017einomas kaip str\u0117l\u0117s cilindras, yra integruotas \u012f sunki\u0105j\u0105 technik\u0105, toki\u0105 kaip ekskavatoriai, ekskavatoriniai krautuvai ir frontaliniai krautuvai. Jis atsakingas u\u017e vertikal\u0173 kau\u0161o jud\u0117jim\u0105 ir reguliavim\u0105, leid\u017eiant operatoriams efektyviai atlikti tokias u\u017eduotis kaip kasimas, k\u0117limas ir med\u017eiag\u0173 transportavimas. Hidraulin\u0117 sistema veikia naudodama susl\u0117gt\u0105 skyst\u012f, tod\u0117l judesiai yra skland\u016bs ir kontroliuojami, o tai yra labai svarbu dirbant su sunkiais kroviniais ir sud\u0117tingu reljefu.<\/p>\n<h2>Str\u0117l\u0117s cilindro savyb\u0117s<\/h2>\n<ul>\n<li><strong>Didelis stiprumas ir ilgaam\u017ei\u0161kumas:<\/strong> Pagaminti i\u0161 didelio stiprumo plieno arba aliuminio, \u0161ie cilindrai gali atlaikyti auk\u0161t\u0105 sl\u0117g\u012f ir dideles apkrovas, tuo pa\u010diu metu yra atspar\u016bs dilimui ir korozijai.<\/li>\n<li><strong>Efektyvus hidraulinis valdymas:<\/strong> Hidraulin\u0117s alyvos naudojimas u\u017etikrina skland\u0173 ir greit\u0105 i\u0161pl\u0117tim\u0105 ir \u012ftraukim\u0105, suteikdamas galingas st\u016bmimo ir traukimo galimybes, idealiai tinkan\u010dias sud\u0117tingoms u\u017eduotims.<\/li>\n<li><strong>\u012evair\u016bs tipai:<\/strong> \u0160ie cilindrai, tiekiami vienpusio arba dvipusio veikimo konfig\u016bracij\u0173, atitinka \u012fvairius eksploatacinius poreikius. Kai kurie modeliai yra teleskopiniai, tod\u0117l galima pasiekti didesn\u012f atstum\u0105 nepadidinant i\u0161orini\u0173 matmen\u0173.<\/li>\n<li><strong>Pritaikomi dizainai:<\/strong> M\u016bs\u0173 gamybos paj\u0117gumai leid\u017eia pritaikyti sprendimus, atitinkan\u010dius konkre\u010dius reikalavimus, u\u017etikrinant optimal\u0173 na\u0161um\u0105 \u012fvairiose srityse.<\/li>\n<li><strong>Universalios taikymo sritys:<\/strong> Tinka \u012fvairioms ma\u0161inoms, didinant veiklos efektyvum\u0105 tokiuose sektoriuose kaip statyba, \u017eem\u0117s \u016bkis ir kasyba.<\/li>\n<\/ul>\n<p><img decoding=\"async\" src=\"https:\/\/www.hydraulic-cylinders.net\/wp-content\/uploads\/2025\/04\/songte-cylinder-head-with-all-kinds-excavator-models.webp\" alt=\"Ekskavatori\u0173 modeliai\" \/><\/p>\n<h2>Taikymo scenarijai<\/h2>\n<h3>Statybin\u0117 \u012franga<\/h3>\n<p>Ekskavatoriuose str\u0117l\u0117s cilindras yra gyvybi\u0161kai svarbus kasant, kraunant ir perkeliant grunt\u0105 ar \u0161iuk\u0161les. Jis leid\u017eia operatoriams i\u0161kasti gilias tran\u0161\u0117jas ir kelti sunkias med\u017eiagas, tod\u0117l jis yra b\u016btinas bet kurioje statybviet\u0117je.<\/p>\n<h3>\u017dem\u0117s \u016bkio technika<\/h3>\n<p>Priekiniuose krautuvuose str\u0117l\u0117s cilindras naudojamas dirvo\u017eemiui, \u0161ienui ir kitoms med\u017eiagoms semti, kelti ir transportuoti. Tvirta konstrukcija leid\u017eia efektyviai atlikti \u017eem\u0117s \u016bkio u\u017eduotis ir padidinti na\u0161um\u0105 \u016bkininkavimo operacijose.<\/p>\n<h3>Ekskavatoriai<\/h3>\n<p>Kau\u0161o cilindras yra labai svarbus, kad kau\u0161as gal\u0117t\u0173 \u012fsiskverbti \u012f dirv\u0105 ir taip palengvinti efektyvius kasimo darbus. D\u0117l hidraulini\u0173 galimybi\u0173 ekskavatorius lengvai susidoroja su sunkiomis dirvo\u017eemio s\u0105lygomis.<\/p>\n<h3>Krautuvai<\/h3>\n<p>Priekiniuose krautuvuose \u0161ie cilindrai padeda efektyviai pakelti ir i\u0161versti krovinius, o tai labai svarbu atliekant \u012fvairias u\u017eduotis \u2013 nuo \u200b\u200bmed\u017eiag\u0173 transportavimo iki objekto valdymo. J\u0173 patikimumas u\u017etikrina skland\u0173 darb\u0105 be pertr\u016bki\u0173.<\/p>\n<h2>Projektavimo aspektai ir atrankos kriterijai<\/h2>\n<h3>Keliamoji galia<\/h3>\n<p>Renkantis str\u0117l\u0117s cilindr\u0105, labai svarbu suprasti keliam\u0105j\u0105 gali\u0105. Cilindras turi atlaikyti maksimali\u0105 apkrov\u0105 nepakenkdamas saugumui ar na\u0161umui. Tam reikia atid\u017eiai \u012fvertinti \u012frang\u0105, su kuria jis bus naudojamas, taip pat u\u017eduo\u010di\u0173 pob\u016bd\u012f.<\/p>\n<h3>Sandarinimo mechanizmai<\/h3>\n<p>Efektyvus sandarinimas yra b\u016btinas siekiant i\u0161vengti hidraulinio skys\u010dio nuot\u0117ki\u0173, kurie gali sukelti na\u0161umo problem\u0173 ir pavoj\u0173 saugai. Kokybi\u0161k\u0173 sandarinimo med\u017eiag\u0173, toki\u0173 kaip poliuretanas ir nitrilo kau\u010diukas, pasirinkimas u\u017etikrina ilgaam\u017ei\u0161kum\u0105 ir patikimum\u0105, suma\u017eindamas nuot\u0117ki\u0173 rizik\u0105.<\/p>\n<h3>Patvarumas<\/h3>\n<p>Patvarumas yra pagrindinis hidraulini\u0173 cilindr\u0173 konstrukcijos veiksnys. Jie turi atlaikyti at\u0161iaurias darbo s\u0105lygas, \u012fskaitant ekstremalias temperat\u016bras ir abrazyvines med\u017eiagas. Auk\u0161tos kokyb\u0117s med\u017eiag\u0173 ir pa\u017eangi\u0173 gamybos proces\u0173 naudojimas pailgina cilindro tarnavimo laik\u0105.<\/p>\n<h3>Saugos funkcijos<\/h3>\n<p>Svarbiausia, kad \u012f str\u0117l\u0117s cilindr\u0173 konstrukcij\u0105 b\u016bt\u0173 \u012ftrauktos saugos funkcijos. Tai apima sl\u0117gio ma\u017einimo vo\u017etuvus ir gedim\u0173 prevencijos mechanizmus, kurie apsaugo nuo katastrofi\u0161k\u0173 gedim\u0173. Siekiant u\u017etikrinti, kad \u0161ios funkcijos veikt\u0173 tinkamai, reik\u0117t\u0173 reguliariai atlikti saugos vertinimus.<\/p>\n<h3>Prie\u017ei\u016bra ir tinkamumas naudoti<\/h3>\n<p>Labai svarbu suprojektuoti cilindrus taip, kad juos b\u016bt\u0173 lengva pri\u017ei\u016br\u0117ti. Tai apima prieigos ta\u0161k\u0173 tepimui ir patikrai, taip pat pa\u017eeist\u0173 dali\u0173 keitimo paprastum\u0105. Gerai suprojektuotas cilindras ne tik veiks efektyviai, bet ir supaprastins prie\u017ei\u016bros u\u017eduotis.<\/p>\n<p><img decoding=\"async\" src=\"https:\/\/www.hydraulic-cylinders.net\/wp-content\/uploads\/2025\/04\/songte-oil-pipes-and-spare-parts.webp\" alt=\"Naftos vamzd\u017eiai ir atsargin\u0117s dalys\" \/><\/p>\n<h2>Sandarinimas ir tepimas<\/h2>\n<p>Tinkamas sandarinimas ir tepimas yra gyvybi\u0161kai svarb\u016bs efektyviam hidraulini\u0173 cilindr\u0173 veikimui. \u012evair\u016bs sandarikliai, tokie kaip st\u016bmokli\u0173 ir kot\u0173 sandarikliai, naudojami sl\u0117giui palaikyti ir skys\u010di\u0173 nuot\u0117kiui i\u0161vengti. Sandarikliai, pagaminti i\u0161 atspari\u0173 dilimui med\u017eiag\u0173, toki\u0173 kaip poliuretanas ir nitrilo kau\u010diukas, prailgina cilindro tarnavimo cikl\u0105. Cilindro korpusas ir srieginiai galai yra kruop\u0161\u010diai apdirbti, siekiant padidinti atsparum\u0105 dilimui. Reguliarus tepimas hidrauline alyva yra b\u016btinas norint suma\u017einti trint\u012f ir dilim\u0105, u\u017etikrinti skland\u0173 cilindro veikim\u0105 ir ilgaam\u017ei\u0161kum\u0105.<\/p>\n<h2>Reguliarus patikrinimas ir prevencin\u0117 prie\u017ei\u016bra<\/h2>\n<ul>\n<li><strong>Reguliar\u016bs patikrinimai:<\/strong> \u012eprasto patikrinimo grafiko \u012fgyvendinimas padeda anksti nustatyti galimas problemas, o tai gali pad\u0117ti i\u0161vengti brangaus remonto ir prastov\u0173.<\/li>\n<li><strong>Tinkamas tepimas:<\/strong> Tinkamas tepimas suma\u017eina judan\u010di\u0173 dali\u0173 susid\u0117v\u0117jim\u0105 ir darbin\u0119 trint\u012f, \u017eymiai pailgindamas cilindro tarnavimo laik\u0105.<\/li>\n<li><strong>Sandariklio keitimas:<\/strong> Reguliariai keisti susid\u0117v\u0117jusius sandariklius yra b\u016btina norint i\u0161laikyti hidraulin\u012f efektyvum\u0105 ir i\u0161vengti nuot\u0117ki\u0173, u\u017etikrinant optimal\u0173 na\u0161um\u0105.<\/li>\n<\/ul>\n<h2>\u012erengimo gair\u0117s<\/h2>\n<p>Correct installation of the boom cylinder is crucial for its performance and longevity. Ensure that the mounting brackets are securely fastened and that the cylinder is aligned properly with the attachment points. Using appropriate installation fixtures will help in maintaining the correct alignment. After installation, it is essential to check for leaks and perform a functional test to ensure everything is operating as intended. Additionally, familiarize yourself with the manufacturer&#8217;s instructions for specific requirements related to hydraulic connections and torque specifications.<\/p>\n<p><img decoding=\"async\" src=\"https:\/\/www.hydraulic-cylinders.net\/wp-content\/uploads\/2025\/04\/songte-chushion-collar.webp\" alt=\"Pagalv\u0117l\u0117s apykakl\u0117\" \/><\/p>\n<h2>Saugos aspektai ir aplinkos veiksniai<\/h2>\n<p>Dirbant su hidrauliniais cilindrais, labai svarbu teikti pirmenyb\u0119 saugai. Operatoriai tur\u0117t\u0173 b\u016bti apmokyti suprasti rizik\u0105 ir laikytis tinkam\u0173 protokol\u0173, kai dirba su sunkia technika. Reguliarus hidraulini\u0173 sistem\u0173 tikrinimas, ar n\u0117ra nuot\u0117ki\u0173 ir gedim\u0173, padeda palaikyti saugos standartus. Be to, reik\u0117t\u0173 atsi\u017evelgti \u012f aplinkos veiksnius, siekiant i\u0161vengti hidraulini\u0173 skys\u010di\u0173 u\u017eter\u0161imo, kuris gali pakenkti tiek ma\u0161inoms, tiek aplinkai.<\/p>\n<h2>Trik\u010di\u0173 \u0161alinimas ir da\u017eniausiai pasitaikan\u010dios problemos<\/h2>\n<ul>\n<li><strong>Nuot\u0117kis:<\/strong> Da\u017en\u0105 problem\u0105, kuri\u0105 da\u017enai sukelia susid\u0117v\u0117j\u0119 sandarikliai arba pa\u017eeistos jungiamosios detal\u0117s, galima i\u0161spr\u0119sti pakei\u010diant sandariklius arba priver\u017eiant jungtis.<\/li>\n<li><strong>L\u0117tas veikimas:<\/strong> Jei cilindras veikia l\u0117tai, tai gali b\u016bti d\u0117l \u017eemo hidraulinio skys\u010dio lygio arba oro sistemoje; patikrinkite skys\u010dio lyg\u012f ir prireikus i\u0161leiskite i\u0161 sistemos or\u0105.<\/li>\n<li><strong>Ne\u012fprasti garsai:<\/strong> Ne\u012fprasti garsai gali rodyti vidinius pa\u017eeidimus arba nepakankam\u0105 tepim\u0105; patikrinkite, ar cilindras n\u0117ra susid\u0117v\u0117j\u0119s, ir u\u017etikrinkite tinkam\u0105 tepim\u0105.<\/li>\n<\/ul>\n<h2>Trik\u010di\u0173 \u0161alinimo patarimai<\/h2>\n<p>To effectively troubleshoot issues with hydraulic cylinders, it&#8217;s crucial to follow a systematic approach. Start with visual inspections for leaks or damages, and check fluid levels regularly. If problems persist, consult the manufacturer&#8217;s guidelines for specific diagnostic steps. Preemptive measures, such as regular maintenance and following operational limits, can significantly reduce the likelihood of issues arising in the first place.<\/p>\n<p><img decoding=\"async\" src=\"https:\/\/www.hydraulic-cylinders.net\/wp-content\/uploads\/2025\/04\/songte-bushings-with-all-kinds-of-excavator-models.webp\" alt=\"\u012evor\u0117s su ekskavatori\u0173 modeliais\" \/><\/p>\n<h2>Apie m\u016bs\u0173 \u012fmon\u0119<\/h2>\n<p>Esame pirmaujantis pakaitini\u0173 hidraulini\u0173 cilindr\u0173 gamintojas, si\u016blantis plat\u0173 gamini\u0173 asortiment\u0105, kuris \u012ftvirtino m\u016bs\u0173, kaip geriausio tiek\u0117jo, pozicij\u0105 tiek vidaus, tiek tarptautin\u0117se rinkose. M\u016bs\u0173 \u012fsipareigojimas kokybei matyti i\u0161 kruop\u0161\u010di\u0173 gamybos proces\u0173, kuriuose naudojamos pa\u017eangios technologijos ir kvalifikuoti darbuotojai. Siekdami meistri\u0161kumo, stengiam\u0117s patenkinti \u012fvairius klient\u0173 poreikius, si\u016blydami novatori\u0161kus sprendimus ir patikimus produktus.<\/p>\n<h3>Ekspertiz\u0117 ir specializacija<\/h3>\n<p>M\u016bs\u0173 ekspert\u0173 komanda turi ilgamet\u0119 patirt\u012f \u0161ioje srityje, tod\u0117l u\u017etikriname, kad tiekiame auk\u0161tos kokyb\u0117s produktus, pritaikytus konkretiems reikalavimams. Investuojame \u012f mokslinius tyrimus ir pl\u0117tr\u0105, kad neatsiliktume nuo rinkos tendencij\u0173 ir technologin\u0117s pa\u017eangos.<\/p>\n<h3>Tarptautinis sertifikavimas<\/h3>\n<p>M\u016bs\u0173 gaminiai atitinka tarptautinius standartus ir sertifikatus, patvirtindami m\u016bs\u0173 \u012fsipareigojim\u0105 kokybei ir saugai. Siekdami i\u0161laikyti savo gerbiamus sertifikatus, reguliariai atliekame auditus ir vertinimus.<\/p>\n<h3>Individual\u016bs u\u017esakymai<\/h3>\n<p>Si\u016blome pritaikomus hidraulinius sprendimus, kad patenkintume skirtingus klient\u0173 poreikius, u\u017etikrindami, kad kiekvienas produktas puikiai atitikt\u0173 j\u0173 eksploatacinius reikalavimus.<\/p>\n<h3>Pa\u017eangi gamybos \u012franga<\/h3>\n<p>Naudodami moderniausi\u0105 gamybos \u012frang\u0105, didiname gamybos efektyvum\u0105 ir kartu palaikome auk\u0161tus kokyb\u0117s standartus. M\u016bs\u0173 \u012frenginiai pritaikyti \u012fvairiems gamybos mastams.<\/p>\n<h3>I\u0161sami garantinio aptarnavimo paslauga<\/h3>\n<p>M\u016bs\u0173 \u012fsipareigojimas u\u017etikrinti klient\u0173 pasitenkinim\u0105 neapsiriboja vien pardavimu. Teikiame visapusi\u0161k\u0105 garantin\u012f aptarnavim\u0105, \u012fskaitant \u012frengimo konsultacijas, prie\u017ei\u016bros paslaugas ir savalaik\u0119 pagalb\u0105 visais klausimais.<\/p>\n<p><img decoding=\"async\" src=\"https:\/\/www.hydraulic-cylinders.net\/wp-content\/uploads\/2025\/04\/songte-company-4.webp\" alt=\"\u012emon\u0117s ap\u017evalga 1\" \/><br \/>\n<img decoding=\"async\" src=\"https:\/\/www.hydraulic-cylinders.net\/wp-content\/uploads\/2025\/04\/songte-company-3.webp\" alt=\"\u012emon\u0117s ap\u017evalga 2\" \/><\/p>\n<p>Autorius: lyl<\/p>","protected":false},"excerpt":{"rendered":"<p>Boom Cylinder For Pushhm PZ330-8 Product Overview The Boom Cylinder for Pushhm PZ330-8 is a specialized hydraulic cylinder designed to control the movement of the bucket in various heavy machinery applications. These cylinders play a critical role in hydraulic systems, allowing for the lifting, lowering, and tilting of buckets, making them indispensable for material handling [&hellip;]<\/p>","protected":false},"featured_media":17868,"comment_status":"open","ping_status":"closed","template":"","meta":{"_et_pb_use_builder":"","_et_pb_old_content":"","_et_gb_content_width":""},"product_brand":[],"product_cat":[1546],"product_tag":[1547,1496],"class_list":{"0":"post-19545","1":"product","2":"type-product","3":"status-publish","4":"has-post-thumbnail","6":"product_cat-boom-cylinders","7":"product_tag-boom-cylinders","8":"product_tag-hydraulic-cylinders","10":"first","11":"instock","12":"shipping-taxable","13":"product-type-simple"},"amp_enabled":true,"_links":{"self":[{"href":"https:\/\/www.hydraulic-cylinders.net\/lt\/wp-json\/wp\/v2\/product\/19545","targetHints":{"allow":["GET"]}}],"collection":[{"href":"https:\/\/www.hydraulic-cylinders.net\/lt\/wp-json\/wp\/v2\/product"}],"about":[{"href":"https:\/\/www.hydraulic-cylinders.net\/lt\/wp-json\/wp\/v2\/types\/product"}],"replies":[{"embeddable":true,"href":"https:\/\/www.hydraulic-cylinders.net\/lt\/wp-json\/wp\/v2\/comments?post=19545"}],"wp:featuredmedia":[{"embeddable":true,"href":"https:\/\/www.hydraulic-cylinders.net\/lt\/wp-json\/wp\/v2\/media\/17868"}],"wp:attachment":[{"href":"https:\/\/www.hydraulic-cylinders.net\/lt\/wp-json\/wp\/v2\/media?parent=19545"}],"wp:term":[{"taxonomy":"product_brand","embeddable":true,"href":"https:\/\/www.hydraulic-cylinders.net\/lt\/wp-json\/wp\/v2\/product_brand?post=19545"},{"taxonomy":"product_cat","embeddable":true,"href":"https:\/\/www.hydraulic-cylinders.net\/lt\/wp-json\/wp\/v2\/product_cat?post=19545"},{"taxonomy":"product_tag","embeddable":true,"href":"https:\/\/www.hydraulic-cylinders.net\/lt\/wp-json\/wp\/v2\/product_tag?post=19545"}],"curies":[{"name":"wp","href":"https:\/\/api.w.org\/{rel}","templated":true}]}}