{"id":19547,"date":"2025-04-07T06:53:55","date_gmt":"2025-04-07T06:53:55","guid":{"rendered":"https:\/\/www.hydraulic-cylinders.net\/product\/boom-cylinder-for-nante-nt18\/"},"modified":"2025-04-07T06:53:57","modified_gmt":"2025-04-07T06:53:57","slug":"boom-cylinder-for-nante-nt18","status":"publish","type":"product","link":"https:\/\/www.hydraulic-cylinders.net\/lt\/produktas\/boom-cylinder-for-nante-nt18\/","title":{"rendered":"Str\u0117l\u0117s cilindras, skirtas Nante NT18"},"content":{"rendered":"<h1>Str\u0117l\u0117s cilindras, skirtas Nante NT18<\/h1>\n<h2>Str\u0117l\u0117s cilindro ap\u017evalga<\/h2>\n<p>Str\u0117l\u0117s cilindras, dar \u017einomas kaip kau\u0161o cilindras, yra labai svarbus sunkiosios technikos hidraulini\u0173 sistem\u0173 komponentas. \u0160ie cilindrai valdo kau\u0161o jud\u0117jim\u0105 \u012fvairiose ma\u0161inose, tokiose kaip ekskavatoriai, ekskavatoriniai krautuvai ir frontaliniai krautuvai. J\u0173 pagrindin\u0117 funkcija \u2013 leisti kau\u0161ui pakilti, nuleisti ir pakreipti, o tai palengvina efektyv\u0173 med\u017eiag\u0173 tvarkym\u0105.<\/p>\n<p>I\u0161 esm\u0117s str\u0117l\u0117s cilindras veikia naudodamas hidraulin\u012f skyst\u012f, kuris sukuria sl\u0117g\u012f, kuris judina st\u016bmokl\u012f cilindro viduje. \u0160is jud\u0117jimas u\u017etikrina tiksl\u0173 valdym\u0105, reikaling\u0105 sunkiems kroviniams kelti ir manevruoti, tod\u0117l jis yra nepakei\u010diamas statybose, \u017eem\u0117s \u016bkyje ir kitose pramon\u0117s \u0161akose, kuriose naudojama sunkioji technika.<\/p>\n<p><img decoding=\"async\" src=\"https:\/\/www.hydraulic-cylinders.net\/wp-content\/uploads\/2025\/04\/songte-company-1.webp\" alt=\"Str\u0117l\u0117s cilindro vaizdas\"><\/p>\n<h2>Pagrindin\u0117s str\u0117l\u0117s cilindro savyb\u0117s<\/h2>\n<ul>\n<li><strong>Didelis stiprumas ir ilgaam\u017ei\u0161kumas:<\/strong> Paprastai pagaminti i\u0161 didelio stiprumo plieno arba aliuminio, \u0161ie cilindrai gali atlaikyti auk\u0161t\u0105 sl\u0117g\u012f ir dideles apkrovas, tod\u0117l tinkami at\u0161iaurioms darbo s\u0105lygoms. Jie sukurti taip, kad b\u016bt\u0173 atspar\u016bs dilimui ir korozijai, tod\u0117l pailg\u0117ja j\u0173 tarnavimo laikas.<\/li>\n<li><strong>Efektyvus hidraulinis valdymas:<\/strong> Str\u0117l\u0117s cilindras naudoja hidraulin\u0117s alyvos sl\u0117g\u012f, kad str\u0117l\u0117 skland\u017eiai i\u0161skleist\u0173 ir atitraukt\u0173, tod\u0117l greitai reaguoja \u012f valdymo komandas ir u\u017etikrina galingas st\u016bmimo bei traukimo galimybes, idealiai tinkan\u010dias sunkiems daiktams tvarkyti ir sud\u0117tingoms u\u017eduotims atlikti.<\/li>\n<li><strong>Tip\u0173 \u012fvairov\u0117:<\/strong> Priklausomai nuo pritaikymo, yra vienpusio veikimo (hidraulinis veikimas viena kryptimi) ir dvipusio veikimo (hidraulinis veikimas abiem kryptimis) cilindrai. Kai kurie modeliai yra teleskopiniai, tod\u0117l juos galima labiau i\u0161tiesti nedidinant i\u0161orini\u0173 matmen\u0173, o tai naudinga tais atvejais, kai erdv\u0117 ribota.<\/li>\n<li><strong>Individuali gamyba:<\/strong> M\u016bs\u0173 gaminiai gali puikiai pakeisti esamus hidraulinius cilindrus, u\u017etikrindami suderinamum\u0105 ir funkcionalum\u0105.<\/li>\n<\/ul>\n<p><img decoding=\"async\" src=\"https:\/\/www.hydraulic-cylinders.net\/wp-content\/uploads\/2025\/04\/songte-cylinder-head-with-all-kinds-excavator-models.webp\" alt=\"Ekskavatori\u0173 modeliai\"><\/p>\n<h2>Str\u0117l\u0117s cilindro pritaikymas<\/h2>\n<h3>Statybin\u0117 \u012franga<\/h3>\n<p>Statybin\u0117se ma\u0161inose, tokiose kaip ekskavatoriai, str\u0117l\u0117s cilindrai yra b\u016btini kasant, kraunant ir perkeliant \u017eem\u0119 ar \u0161iuk\u0161les. Jie leid\u017eia operatoriams tiksliai atlikti sud\u0117tingas u\u017eduotis. Ekskavatoriuose-krautuvuose \u0161ie cilindrai ne tik padeda kasant, bet ir k\u0117limo operacijose. Str\u0117l\u0117s cilindr\u0173 integravimas \u0161iose ma\u0161inose padidina na\u0161um\u0105 ir efektyvum\u0105 statybviet\u0117se.<\/p>\n<h3>\u017dem\u0117s \u016bkio technika<\/h3>\n<p>\u017dem\u0117s \u016bkio aplinkoje str\u0117l\u0117s cilindrai naudojami priekiniuose krautuvuose dirvo\u017eemiui, \u0161ienui ir kitoms med\u017eiagoms semti, kelti ir transportuoti. Tvirta j\u0173 konstrukcija u\u017etikrina, kad jie gali atlikti sud\u0117tingas u\u017eduotis, da\u017enai atliekamas \u017eem\u0117s \u016bkio operacijose, i\u0161laikant patikimum\u0105 ir paprast\u0105 naudojim\u0105.<\/p>\n<h3>Ekskavatoriai<\/h3>\n<p>Ekskavatoriuose str\u0117l\u0117s cilindrai palengvina kasimo veiksmus, leisdami kau\u0161ui efektyviai \u012fsiskverbti \u012f \u017eem\u0119. Jie suteikia reikiam\u0105 j\u0117g\u0105 pramu\u0161ti kiet\u0105 dirvo\u017eem\u012f ir uolienas, tod\u0117l yra gyvybi\u0161kai svarbus \u012fvairaus masto kasimo projekt\u0173 elementas.<\/p>\n<h3>Krautuvai<\/h3>\n<p>Priekiniuose krautuvuose str\u0117l\u0117s cilindrai labai padeda efektyviai kelti ir i\u0161versti krovinius. Jie leid\u017eia operatoriams lengvai perkelti sunkias med\u017eiagas, taip padidinant bendr\u0105 ma\u0161inos na\u0161um\u0105 ir sutrumpinant \u012fvairi\u0173 u\u017eduo\u010di\u0173 atlikimo laik\u0105.<\/p>\n<h2>Projektavimo aspektai ir atrankos kriterijai<\/h2>\n<ul>\n<li><strong>Keliamoji galia:<\/strong> Renkantis str\u0117l\u0117s cilindr\u0105, labai svarbu suprasti keliam\u0105j\u0105 gali\u0105. Ji lemia maksimal\u0173 svor\u012f, kur\u012f cilindras gali atlaikyti nepakenkdamas na\u0161umui ar saugumui. Pasirinkus cilindr\u0105, kuris atitinka arba vir\u0161ija reikiam\u0105 keliam\u0105j\u0105 gali\u0105, u\u017etikrinamas patikimumas ir ilgaam\u017ei\u0161kumas.<\/li>\n<li><strong>Sandarinimo mechanizmai:<\/strong> Sandarinimo sistemos efektyvumas yra gyvybi\u0161kai svarbus siekiant i\u0161vengti hidraulinio skys\u010dio nuot\u0117kio. Auk\u0161tos kokyb\u0117s sandarikliai, pagaminti i\u0161 patvari\u0173 med\u017eiag\u0173, toki\u0173 kaip poliuretanas arba nitrilo kau\u010diukas, padeda palaikyti sl\u0117g\u012f ir suma\u017einti prie\u017ei\u016bros poreik\u012f.<\/li>\n<li><strong>Patvarumas:<\/strong> Str\u0117l\u0117s cilindr\u0173 konstrukcijoje naudojamos med\u017eiagos turi b\u016bti atsparios dilimui ir korozijai. Tai ypa\u010d svarbu at\u0161iauriomis s\u0105lygomis, kai d\u0117l nepalanki\u0173 s\u0105lyg\u0173 gali per anksti sugesti prastesn\u0117s kokyb\u0117s komponentai.<\/li>\n<li><strong>Saugos funkcijos:<\/strong> Saugumas hidraulin\u0117se sistemose yra svarbiausias dalykas. Str\u0117l\u0117s cilindruose tur\u0117t\u0173 b\u016bti \u012ftaisai, apsaugantys nuo per didelio i\u0161sitempimo ir staigi\u0173 gedim\u0173. \u0160ie saugos mechanizmai u\u017etikrina operatoriaus saugum\u0105 ir ma\u0161inos vientisum\u0105.<\/li>\n<li><strong>Prieinamumas prie prie\u017ei\u016bros:<\/strong> Geras dizainas tur\u0117t\u0173 u\u017etikrinti lengv\u0105 cilindro prie\u017ei\u016br\u0105 ir patikr\u0105. Savyb\u0117s, leid\u017eian\u010dios reguliariai tikrinti cilindr\u0105, gali \u017eymiai pailginti jo tarnavimo laik\u0105 ir na\u0161um\u0105.<\/li>\n<\/ul>\n<p><img decoding=\"async\" src=\"https:\/\/www.hydraulic-cylinders.net\/wp-content\/uploads\/2025\/04\/songte-oil-pipes-and-spare-parts.webp\" alt=\"Hidrauliniai komponentai\"><\/p>\n<h2>Sandarinimas ir tepimas<\/h2>\n<p>Sandarinimas ir tepimas yra labai svarb\u016bs str\u0117l\u0117s cilindro veikimo aspektai. Siekiant u\u017etikrinti, kad hidraulinis skystis likt\u0173 cilindre, naudojami \u012fvair\u016bs sandarikliai, \u012fskaitant st\u016bmoklio ir strypo sandariklius. \u0160ie sandarikliai da\u017enai gaminami i\u0161 atspari\u0173 dilimui med\u017eiag\u0173, toki\u0173 kaip poliuretanas ir nitrilo kau\u010diukas, kurios u\u017etikrina puik\u0173 patvarum\u0105.<\/p>\n<p>Cilindro korpusas ir srieginiai galiniai pavir\u0161iai yra kruop\u0161\u010diai apdirbti, siekiant padidinti atsparum\u0105 dilimui. Reguliarus tepimas tinkamo tipo ir kiekio hidrauline alyva yra b\u016btinas norint suma\u017einti trint\u012f ir u\u017etikrinti skland\u0173 veikim\u0105. Neatlikus \u0161i\u0173 prie\u017ei\u016bros darb\u0173, gali atsirasti prie\u0161laikinis susid\u0117v\u0117jimas ir galimi sistemos gedimai.<\/p>\n<h2>Reguliarus patikrinimas ir prevencin\u0117 prie\u017ei\u016bra<\/h2>\n<ul>\n<li><strong>\u012eprastin\u0117 ap\u017ei\u016bra:<\/strong> Reguliariai tikrinkite str\u0117l\u0117s cilindr\u0105, ar n\u0117ra susid\u0117v\u0117jimo, nuot\u0117ki\u0173 ar pa\u017eeidim\u0173 po\u017eymi\u0173. \u0160i prevencin\u0117 priemon\u0117 gali pad\u0117ti nustatyti galimas problemas, kol jos netapo rimtomis, ir u\u017etikrinti nepertraukiam\u0105 darb\u0105.<\/li>\n<li><strong>Tinkamas tepimas:<\/strong> \u012esitikinkite, kad hidraulin\u0117s alyvos lygis yra tinkamas ir tinkama eksploatavimo s\u0105lygoms. Reguliariai tikrinant ir palaikant tinkam\u0105 tepimo lyg\u012f, i\u0161vengiama sandarikli\u0173 ir komponent\u0173 susid\u0117v\u0117jimo.<\/li>\n<li><strong>Sandariklio keitimas:<\/strong> Steb\u0117kite sandarikli\u0173 b\u016bkl\u0119 ir prireikus juos pakeiskite. Susid\u0117v\u0117j\u0119 arba pa\u017eeisti sandarikliai gali sukelti nuot\u0117kius ir suma\u017einti na\u0161um\u0105, o tai gali paveikti vis\u0105 hidraulin\u0119 sistem\u0105.<\/li>\n<\/ul>\n<h2>\u012erengimo gair\u0117s<\/h2>\n<p>Tinkamas str\u0117l\u0117s cilindro montavimas yra labai svarbus optimaliam veikimui ir ilgaam\u017ei\u0161kumui. Tai apima tinkam\u0105 cilindro sulygiavim\u0105 ir montavim\u0105, kad b\u016bt\u0173 i\u0161vengta per didelio komponent\u0173 \u012ftempimo. Montavimo metu:<\/p>\n<ul>\n<li>\u012esitikinkite, kad cilindras tinkamai sulygiuotas su tvirtinimo ta\u0161kais. Neteisingas sulygiavimas gali sukelti prie\u0161laikin\u012f susid\u0117v\u0117jim\u0105 ir gedim\u0105.<\/li>\n<li>Cilindrui tvirtai pritvirtinti naudokite tinkamus tvirtinimo laikiklius. Tai u\u017etikrina stabilum\u0105 eksploatacijos metu.<\/li>\n<li>Kad i\u0161laikytum\u0117te mazgo vientisum\u0105, laikykit\u0117s gamintojo nurodym\u0173 d\u0117l sukimo momento nustatym\u0173 ir montavimo proced\u016br\u0173.<\/li>\n<li>\u012edieg\u0119 cilindr\u0105, atlikite bandom\u0105j\u012f paleidim\u0105, kad \u012fsitikintum\u0117te, jog jis veikia skland\u017eiai ir be joki\u0173 problem\u0173.<\/li>\n<\/ul>\n<p><img decoding=\"async\" src=\"https:\/\/www.hydraulic-cylinders.net\/wp-content\/uploads\/2025\/04\/songte-chushion-collar.webp\" alt=\"Str\u0117l\u0117s cilindro montavimas\"><\/p>\n<h2>Saugos aspektai ir aplinkos veiksniai<\/h2>\n<p>Naudojant str\u0117l\u0117s cilindrus, labai svarbu laikytis saugos priemoni\u0173, siekiant i\u0161vengti nelaiming\u0173 atsitikim\u0173 ir u\u017etikrinti operatori\u0173 bei pa\u0161alini\u0173 asmen\u0173 saugum\u0105. Tinkamas mokymas naudotis hidraulin\u0117mis sistemomis ir \u012frangos apribojim\u0173 supratimas yra b\u016btini siekiant suma\u017einti rizik\u0105. Be to, naudojant aplinkai nekenksmingus hidraulinius skys\u010dius galima suma\u017einti poveik\u012f aplinkai, taip skatinant tvari\u0105 veiklos praktik\u0105.<\/p>\n<h2>Trik\u010di\u0173 \u0161alinimas ir da\u017eniausiai pasitaikan\u010dios problemos<\/h2>\n<ul>\n<li><strong>Skys\u010di\u0173 nuot\u0117kiai:<\/strong> Jei pasteb\u0117jote hidraulinio skys\u010dio telkinius aplink cilindr\u0105, patikrinkite, ar tarpin\u0117s nepa\u017eeistos ar nenusid\u0117v\u0117jusios. Nedelsdami pakeiskite tarpines, kad i\u0161vengtum\u0117te tolesnio nuot\u0117kio.<\/li>\n<li><strong>Suma\u017eintas na\u0161umas:<\/strong> Jei str\u0117l\u0117s cilindras nereaguoja taip, kaip tik\u0117tasi, patikrinkite hidraulinio skys\u010dio lyg\u012f ir \u012fsitikinkite, kad sistemoje n\u0117ra oro ki\u0161eni\u0173. Gali prireikti i\u0161leisti i\u0161 sistemos or\u0105.<\/li>\n<li><strong>Triuk\u0161mingas veikimas:<\/strong> Per didelis triuk\u0161mas veikimo metu gali rodyti tepimo tr\u016bkum\u0105 arba pa\u017eeistus vidinius komponentus. \u012evertinkite tepimo lyg\u012f ir patikrinkite, ar n\u0117ra mechanini\u0173 problem\u0173.<\/li>\n<\/ul>\n<h2>Trik\u010di\u0173 \u0161alinimo patarimai ir sprendimai<\/h2>\n<p>Norint efektyviai diagnozuoti ir i\u0161spr\u0119sti str\u0117l\u0117s cilindr\u0173 problemas:<\/p>\n<ul>\n<li>Reguliariai tikrinkite skys\u010di\u0173 lyg\u012f ir prireikus papildykite. Tinkamas skys\u010di\u0173 lygis gali pad\u0117ti i\u0161vengti daugelio eksploatacini\u0173 problem\u0173.<\/li>\n<li>Atlikite profilaktin\u0119 sandarikli\u0173 ir tepimo sistem\u0173 prie\u017ei\u016br\u0105, kad i\u0161vengtum\u0117te susid\u0117v\u0117jimo, kuris gali sukelti nuot\u0117kius ar na\u0161umo problemas.<\/li>\n<li>Dokumentuokite visus na\u0161umo poky\u010dius ir atlikite i\u0161samius patikrinimus, kad nustatytum\u0117te modelius ar pasikartojan\u010dias problemas, kurios gal\u0117t\u0173 rodyti pagrindines problemas.<\/li>\n<\/ul>\n<p><img decoding=\"async\" src=\"https:\/\/www.hydraulic-cylinders.net\/wp-content\/uploads\/2025\/04\/songte-bushings-with-all-kinds-of-excavator-models.webp\" alt=\"Ekskavatoriaus \u012fvor\u0117s\"><\/p>\n<h2>Apie m\u016bs\u0173 \u012fmon\u0119<\/h2>\n<p>Esame pirmaujantis pakaitini\u0173 hidraulini\u0173 cilindr\u0173 gamintojas, si\u016blantis plat\u0173 gamini\u0173 asortiment\u0105, kuris leid\u017eia mums b\u016bti tarp geriausi\u0173 tiek\u0117j\u0173 tiek vidaus, tiek tarptautin\u0117se rinkose. M\u016bs\u0173 \u012fsipareigojimas siekti meistri\u0161kumo grind\u017eiamas rafinuotu gamybos procesu ir grie\u017eta kokyb\u0117s kontrole. Pasitelkdami kvalifikuotus darbuotojus, moderniausi\u0105 skaitmenin\u0119 gamybos \u012frang\u0105 ir pa\u017eangias bandym\u0173 sistemas, nuolat tobuliname savo gamybos paj\u0117gumus, kad patenkintume \u012fvairius klient\u0173 poreikius.<\/p>\n<p>D\u0117mesys profesionaliam aptarnavimui, tarptautiniams sertifikatams ir individualiems sprendimams leid\u017eia mums patenkinti \u012fvairius rinkos poreikius. M\u016bs\u0173 gamybos \u012frenginiai apr\u016bpinti naujausiomis technologijomis, u\u017etikrinan\u010diomis auk\u0161t\u0105 efektyvum\u0105, tikslum\u0105 ir kokyb\u0119 kiekviename m\u016bs\u0173 pristatomame produkte. Be to, teikiame puik\u0173 aptarnavim\u0105 po pardavimo, kad pad\u0117tume savo klientams efektyviai pri\u017ei\u016br\u0117ti savo hidraulines sistemas.<\/p>\n<p><img decoding=\"async\" src=\"https:\/\/www.hydraulic-cylinders.net\/wp-content\/uploads\/2025\/04\/songte-company-4.webp\" alt=\"\u012emon\u0117s ap\u017evalga\"><br \/>\n<img decoding=\"async\" src=\"https:\/\/www.hydraulic-cylinders.net\/wp-content\/uploads\/2025\/04\/songte-company-3.webp\" alt=\"\u012emon\u0117s gamybos \u012frenginiai\"><\/p>\n<p>Autorius: lyl<\/p>","protected":false},"excerpt":{"rendered":"<p>Boom Cylinder For Nante NT18 Overview of Boom Cylinder The boom cylinder, also known as the bucket cylinder, is a critical component in hydraulic systems used in heavy machinery. These cylinders control the movement of the bucket on various machines such as excavators, backhoe loaders, and front loaders. Their primary function is to enable the [&hellip;]<\/p>","protected":false},"featured_media":17870,"comment_status":"open","ping_status":"closed","template":"","meta":{"_et_pb_use_builder":"","_et_pb_old_content":"","_et_gb_content_width":""},"product_brand":[],"product_cat":[1546],"product_tag":[1547,1496],"class_list":{"0":"post-19547","1":"product","2":"type-product","3":"status-publish","4":"has-post-thumbnail","6":"product_cat-boom-cylinders","7":"product_tag-boom-cylinders","8":"product_tag-hydraulic-cylinders","10":"first","11":"instock","12":"shipping-taxable","13":"product-type-simple"},"amp_enabled":true,"_links":{"self":[{"href":"https:\/\/www.hydraulic-cylinders.net\/lt\/wp-json\/wp\/v2\/product\/19547","targetHints":{"allow":["GET"]}}],"collection":[{"href":"https:\/\/www.hydraulic-cylinders.net\/lt\/wp-json\/wp\/v2\/product"}],"about":[{"href":"https:\/\/www.hydraulic-cylinders.net\/lt\/wp-json\/wp\/v2\/types\/product"}],"replies":[{"embeddable":true,"href":"https:\/\/www.hydraulic-cylinders.net\/lt\/wp-json\/wp\/v2\/comments?post=19547"}],"wp:featuredmedia":[{"embeddable":true,"href":"https:\/\/www.hydraulic-cylinders.net\/lt\/wp-json\/wp\/v2\/media\/17870"}],"wp:attachment":[{"href":"https:\/\/www.hydraulic-cylinders.net\/lt\/wp-json\/wp\/v2\/media?parent=19547"}],"wp:term":[{"taxonomy":"product_brand","embeddable":true,"href":"https:\/\/www.hydraulic-cylinders.net\/lt\/wp-json\/wp\/v2\/product_brand?post=19547"},{"taxonomy":"product_cat","embeddable":true,"href":"https:\/\/www.hydraulic-cylinders.net\/lt\/wp-json\/wp\/v2\/product_cat?post=19547"},{"taxonomy":"product_tag","embeddable":true,"href":"https:\/\/www.hydraulic-cylinders.net\/lt\/wp-json\/wp\/v2\/product_tag?post=19547"}],"curies":[{"name":"wp","href":"https:\/\/api.w.org\/{rel}","templated":true}]}}