{"id":19548,"date":"2025-04-07T06:53:57","date_gmt":"2025-04-07T06:53:57","guid":{"rendered":"https:\/\/www.hydraulic-cylinders.net\/product\/boom-cylinder-for-nante-nt20\/"},"modified":"2025-04-07T06:54:00","modified_gmt":"2025-04-07T06:54:00","slug":"boom-cylinder-for-nante-nt20","status":"publish","type":"product","link":"https:\/\/www.hydraulic-cylinders.net\/lt\/produktas\/boom-cylinder-for-nante-nt20\/","title":{"rendered":"Nante NT20 str\u0117l\u0117s cilindras"},"content":{"rendered":"<h1>Nante NT20 str\u0117l\u0117s cilindras<\/h1>\n<h2>\u012evadas \u012f str\u0117l\u0117s cilindr\u0105<\/h2>\n<p>Specialiai \u201eNante NT20\u201c sukurtas str\u0117l\u0117s cilindras yra labai svarbus hidraulini\u0173 sistem\u0173 komponentas. \u0160is hidraulinis cilindras skirtas valdyti kau\u0161\u0173 jud\u0117jim\u0105 \u012fvairiose sunkiosiose ma\u0161inose, \u012fskaitant ekskavatorius, ekskavatorinius krautuvus ir frontalinius krautuvus. Jis leid\u017eia kau\u0161ui pakelti, nuleisti ir pakreipti, taip efektyviai atliekant med\u017eiag\u0173 tvarkymo u\u017eduotis. Kau\u0161o cilindras yra hidraulin\u0117 pavara, kuri hidraulin\u0119 energij\u0105 paver\u010dia mechaniniu judesiu, b\u016btinu atliekant \u012fvairias operacijas sunkiomis s\u0105lygomis.<\/p>\n<p><img decoding=\"async\" src=\"https:\/\/www.hydraulic-cylinders.net\/wp-content\/uploads\/2025\/04\/songte-company-1.webp\" alt=\"Str\u0117l\u0117s cilindras\"><\/p>\n<h2>Str\u0117l\u0117s cilindro savyb\u0117s<\/h2>\n<ul>\n<li><strong>Didelis stiprumas ir ilgaam\u017ei\u0161kumas:<\/strong> Paprastai pagaminti i\u0161 didelio stiprumo plieno arba aliuminio, \u0161ie cilindrai gali atlaikyti didel\u012f sl\u0117g\u012f ir dideles apkrovas, tod\u0117l tinkami naudoti at\u0161iauriomis darbo s\u0105lygomis. Projektuojant taip pat atsi\u017evelgiama \u012f atsparum\u0105 dilimui ir korozijai, tod\u0117l j\u0173 tarnavimo laikas gerokai pailg\u0117ja.<\/li>\n<li><strong>Efektyvus hidraulinis valdymas:<\/strong> Naudodamas hidraulin\u0117s alyvos sl\u0117g\u012f, cilindras skland\u017eiai i\u0161traukiamas ir atitraukiamas, tod\u0117l galima greitai reaguoti \u012f valdymo komandas ir u\u017etikrinti galingas st\u016bmimo bei traukimo j\u0117gas. Tai idealiai tinka sunki\u0173 med\u017eiag\u0173 tvarkymui ir sud\u0117tingoms eksploatavimo u\u017eduotims atlikti.<\/li>\n<li><strong>\u012evair\u016bs tipai:<\/strong> Galima rinktis vienpusio veikimo (veikian\u010dius viena kryptimi) arba dvipusio veikimo (veikian\u010dius abiem kryptimis) konfig\u016bracijas, tod\u0117l galima pritaikyti pagal eksploatacinius poreikius. Kai kurie modeliai pasi\u017eymi teleskopin\u0117mis konstrukcijomis, leid\u017eian\u010diomis didesn\u012f i\u0161pl\u0117tim\u0105 nedidinant i\u0161orini\u0173 matmen\u0173, tod\u0117l puikiai tinka naudoti ribotoje erdv\u0117je.<\/li>\n<li><strong>Tikslioji in\u017einerija:<\/strong> Pagaminta itin tiksliai, siekiant u\u017etikrinti efektyv\u0173 veikim\u0105 ir ilgaam\u017ei\u0161kum\u0105, o konstrukcijoje numatytos pa\u017eangios in\u017einerin\u0117s technologijos optimaliam na\u0161umui u\u017etikrinti.<\/li>\n<li><strong>Pritaikomos parinktys:<\/strong> \u0160\u012f gamin\u012f galime pagaminti pagal j\u016bs\u0173 konkre\u010dius reikalavimus, puikiai pakei\u010diant \u012fvairius hidraulinius cilindrus.<\/li>\n<\/ul>\n<p><img decoding=\"async\" src=\"https:\/\/www.hydraulic-cylinders.net\/wp-content\/uploads\/2025\/04\/songte-cylinder-head-with-all-kinds-excavator-models.webp\" alt=\"Hidraulini\u0173 cilindr\u0173 tipai\"><\/p>\n<h2>Str\u0117l\u0117s cilindro pritaikymas<\/h2>\n<h3>Statybin\u0117 \u012franga<\/h3>\n<p>Ekskavatoriuose str\u0117l\u0117s cilindrai yra gyvybi\u0161kai svarb\u016bs kasant, kraunant ir perkeliant \u017eem\u0119 ar \u0161iuk\u0161les. Jie leid\u017eia kau\u0161ui efektyviai \u012fsiskverbti \u012f dirv\u0105, o tai labai svarbu atliekant \u017eem\u0117s kasimo darbus. Ekskavatoriuose-krautuvuose str\u0117l\u0117s cilindras padeda tiek kasti, tiek kelti, tod\u0117l tai yra daugiafunkcis \u012frankis statybose.<\/p>\n<h3>\u017dem\u0117s \u016bkio technika<\/h3>\n<p>Priekiniai krautuvai naudoja str\u0117l\u0117s cilindrus dirvo\u017eemiui, \u0161ienui ir kitoms med\u017eiagoms semti, kelti ir transportuoti. D\u0117l savo universalumo jie yra b\u016btini \u012fvairiems \u017eem\u0117s \u016bkio darbams, padedant \u016bkininkams efektyviai atlikti savo u\u017eduotis.<\/p>\n<h3>Ekskavatoriai<\/h3>\n<p>In excavators, the bucket cylinder facilitates the digging action by allowing the bucket to penetrate the ground. This capability is essential for various projects, including land clearing, grading, and trenching, making the boom cylinder an indispensable part of the excavator&#8217;s operation.<\/p>\n<h3>Krautuvai<\/h3>\n<p>Priekiniuose krautuvuose str\u0117l\u0117s cilindrai padeda efektyviai kelti ir i\u0161versti med\u017eiagas. Jie suteikia reikiam\u0105 j\u0117g\u0105 pakelti sunkius krovinius, o tai labai svarbu statybose, kra\u0161tovaizd\u017eio tvarkymo ir kitose sunkiose u\u017eduotyse.<\/p>\n<h2>Projektavimo aspektai ir atrankos kriterijai<\/h2>\n<h3>Keliamoji galia<\/h3>\n<p>Renkantis str\u0117l\u0117s cilindr\u0105, vienas i\u0161 svarbiausi\u0173 veiksni\u0173 yra jo keliamoji galia. Cilindras turi atlaikyti maksimal\u0173 svor\u012f, su kuriuo susidurs eksploatacijos metu. Tam reikia suprasti darbo aplink\u0105, mechanizm\u0173, prie kuri\u0173 jis bus pritvirtintas, tip\u0105 ir konkre\u010dias u\u017eduotis, kurias jis atliks. Netinkamo keliamosios galios cilindro pasirinkimas gali sukelti mechaninius gedimus ir potencialiai pavojingas situacijas. Tinkami in\u017eineriniai skai\u010diavimai ir bandymai yra b\u016btini siekiant u\u017etikrinti, kad cilindras atitikt\u0173 visus eksploatavimo reikalavimus, padidinant saug\u0105 ir na\u0161um\u0105.<\/p>\n<h3>Sandarinimo mechanizmai<\/h3>\n<p>Effective sealing is paramount in maintaining the integrity of hydraulic systems. The choice of seals\u2014including piston seals, rod seals, and others\u2014determines the cylinder&#8217;s ability to prevent hydraulic fluid leakage. High-quality seals made from durable materials like polyurethane or nitrile rubber are essential to ensure longevity and performance. Additionally, the surface finish of the cylinder body and threaded ends must be meticulously crafted to improve wear resistance and reduce the risk of leaks. Regular maintenance and inspection of these seals are crucial to ensuring the hydraulic system operates efficiently.<\/p>\n<h3>Patvarumas ir prie\u017ei\u016bra<\/h3>\n<p>Renkantis str\u0117l\u0117s cilindr\u0105, svarbiausias aspektas yra patvarumas. Darbin\u0117 aplinka gali b\u016bti at\u0161iauri \u2013 dulk\u0117s, dr\u0117gm\u0117 ir ekstremalios temperat\u016bros. Tod\u0117l labai svarbu pasirinkti med\u017eiagas, kurios atlaikyt\u0173 \u0161ias s\u0105lygas. Reguliari technin\u0117 prie\u017ei\u016bra, \u012fskaitant susid\u0117v\u0117jusi\u0173 komponent\u0173 patikr\u0105 ir savalaik\u012f keitim\u0105, vaidina svarb\u0173 vaidmen\u012f prailginant cilindro tarnavimo laik\u0105. Laikydamiesi technin\u0117s prie\u017ei\u016bros grafik\u0173, i\u0161vengsite netik\u0117t\u0173 gedim\u0173 ir brangi\u0173 prastov\u0173, o tai galiausiai prisid\u0117s prie mechanizm\u0173, kuriuos jis palaiko, efektyvumo.<\/p>\n<p><img decoding=\"async\" src=\"https:\/\/www.hydraulic-cylinders.net\/wp-content\/uploads\/2025\/04\/songte-oil-pipes-and-spare-parts.webp\" alt=\"Hidraulini\u0173 cilindr\u0173 dalys\"><\/p>\n<h2>Sandarinimas ir tepimas<\/h2>\n<p>Str\u0117l\u0117s cilindr\u0173 sandarinimas ir tepimas yra labai svarb\u016bs j\u0173 veikimui ir ilgaam\u017ei\u0161kumui. \u012evair\u016bs sandarikliai, pavyzd\u017eiui, st\u016bmokli\u0173 ir stryp\u0173 sandarikliai, yra skirti hidraulin\u0117s sistemos vientisumui palaikyti. Svarbu pasirinkti sandariklius, pagamintus i\u0161 didelio susid\u0117v\u0117jimo med\u017eiag\u0173, toki\u0173 kaip poliuretanas ir nitrilo kau\u010diukas, kad b\u016bt\u0173 padidintas patvarumas. Be to, cilindro korpusas ir srieginiai galai turi b\u016bti kruop\u0161\u010diai apdorojami, kad b\u016bt\u0173 padidintas atsparumas dilimui ir u\u017etikrintas efektyvus sandarikli\u0173 veikimas laikui b\u0117gant. Norint suma\u017einti trint\u012f, susid\u0117v\u0117jim\u0105 ir i\u0161vengti pa\u017eeidim\u0173, b\u016btina reguliariai tepti tinkama hidrauline alyva. Tepimo praktika tur\u0117t\u0173 apimti alyvos lygio steb\u0117jim\u0105 ir alyvos keitim\u0105 rekomenduojamais intervalais, siekiant u\u017etikrinti optimal\u0173 veikim\u0105.<\/p>\n<h2>Reguliar\u016bs patikrinimai ir prevencin\u0117 prie\u017ei\u016bra<\/h2>\n<ul>\n<li><strong>Planiniai patikrinimai:<\/strong> Reik\u0117t\u0173 atlikti \u012fprastinius hidraulini\u0173 cilindr\u0173 patikrinimus, kad b\u016bt\u0173 nustatyti bet kokie susid\u0117v\u0117jimo, nuot\u0117ki\u0173 ar pa\u017eeidim\u0173 po\u017eymiai. Reguliar\u016bs patikrinimai gali pad\u0117ti aptikti galimas problemas, kol jos nesukels dideli\u0173 gedim\u0173.<\/li>\n<li><strong>Tepimo praktika:<\/strong> Svarbu palaikyti tinkam\u0105 tepimo lyg\u012f, kaip nurodyta gamintojo. Tinkamas tepimas suma\u017eina trint\u012f ir pailgina cilindro tarnavimo laik\u0105.<\/li>\n<li><strong>Sandariklio keitimas:<\/strong> Tarpikliai tur\u0117t\u0173 b\u016bti reguliariai tikrinami, ar n\u0117ra susid\u0117v\u0117jimo po\u017eymi\u0173, ir prireikus kei\u010diami. Tai labai svarbu norint i\u0161laikyti hidraulin\u012f vientisum\u0105 ir u\u017etikrinti efektyv\u0173 veikim\u0105.<\/li>\n<\/ul>\n<h2>\u012erengimo gair\u0117s<\/h2>\n<p>Teisingas str\u0117l\u0117s cilindr\u0173 montavimas yra b\u016btinas siekiant u\u017etikrinti optimal\u0173 na\u0161um\u0105 ir saug\u0105. Pirmiausia \u012fsitikinkite, kad tvirtinimo pavir\u0161iai yra \u0161var\u016bs ir be \u0161iuk\u0161li\u0173. Tinkamai sulygiuokite cilindr\u0105 su mechanizmu, kad i\u0161vengtum\u0117te nesuderinamumo problem\u0173, kurios gali sukelti pernelyg didel\u012f nusid\u0117v\u0117jim\u0105. Naudokite tinkamus tvirtinimo laikiklius, kad pritvirtintum\u0117te cilindr\u0105 vietoje, u\u017etikrindami, kad jis b\u016bt\u0173 tvirtai pritvirtintas be per didel\u0117s j\u0117gos. Priver\u017edami var\u017etus, laikykit\u0117s gamintojo nurodym\u0173 d\u0117l sukimo momento specifikacij\u0173. Sumontav\u0119 atlikite i\u0161sam\u0173 patikrinim\u0105, kad \u012fsitikintum\u0117te, jog viskas yra tinkamai pad\u0117ta ir veikia. Sistemos bandymas kontroliuojamomis s\u0105lygomis gali pad\u0117ti anksti nustatyti galimas problemas.<\/p>\n<h2>Prie\u017ei\u016bros u\u017eduotys<\/h2>\n<h3>Reguliar\u016bs patikrinimai<\/h3>\n<p>Reguliar\u016bs patikrinimai yra labai svarb\u016bs norint anksti nustatyti problemas. Ie\u0161kokite nuot\u0117ki\u0173, ne\u012fprast\u0173 gars\u0173 ar susid\u0117v\u0117jimo po\u017eymi\u0173. \u0160ie patikrinimai tur\u0117t\u0173 b\u016bti sistemingi ir dokumentuojami, kad b\u016bt\u0173 galima steb\u0117ti baliono b\u016bkl\u0119 laikui b\u0117gant.<\/p>\n<h3>Tinkamas tepimas<\/h3>\n<p>Ensure that the cylinder is adequately lubricated according to the manufacturer&#8217;s specifications. This includes using the right type of hydraulic oil and applying it at designated intervals to keep the seals and moving parts functioning smoothly.<\/p>\n<h3>Tarpikli\u0173 keitimas ir kalibravimo patikrinimai<\/h3>\n<p>Reguliariai tikrinkite sandariklius, ar jie nesusid\u0117v\u0117j\u0119, ir prireikus juos pakeiskite. Taip pat periodi\u0161kai reik\u0117t\u0173 atlikti kalibravimo patikrinimus, siekiant u\u017etikrinti, kad cilindras veikt\u0173 pagal numatytas specifikacijas. Tai labai svarbu norint i\u0161laikyti na\u0161um\u0105 ir i\u0161vengti gedim\u0173.<\/p>\n<p><img decoding=\"async\" src=\"https:\/\/www.hydraulic-cylinders.net\/wp-content\/uploads\/2025\/04\/songte-chushion-collar.webp\" alt=\"Cilindro montavimas\"><\/p>\n<h2>Saugos aspektai ir aplinkos veiksniai<\/h2>\n<p>Naudojant str\u0117l\u0117s cilindrus, labai svarbu teikti pirmenyb\u0119 saugos priemon\u0117ms. Tai apima su hidraulin\u0117mis sistemomis susijusios galimos rizikos supratim\u0105 ir strategij\u0173, skirt\u0173 jai su\u0161velninti, \u012fgyvendinim\u0105. U\u017etikrinkite, kad operatoriai b\u016bt\u0173 apmokyti atpa\u017einti pavojus, naudoti tinkamas apsaugos priemones ir laikytis nustatyt\u0173 saugos protokol\u0173. Be to, reik\u0117t\u0173 atsi\u017evelgti \u012f aplinkosaugos aspektus, pvz., tinkam\u0105 hidraulini\u0173 skys\u010di\u0173 \u0161alinim\u0105 ir nuot\u0117ki\u0173 ma\u017einim\u0105, siekiant apsaugoti aplinkines ekosistemas. Saugos ir aplinkosaugos atsakomyb\u0117s pabr\u0117\u017eimas gali smarkiai paveikti bendr\u0105 hidraulini\u0173 operacij\u0173 efektyvum\u0105 ir tvarum\u0105.<\/p>\n<h2>Trik\u010di\u0173 \u0161alinimas ir da\u017eniausiai pasitaikan\u010dios problemos<\/h2>\n<ul>\n<li><strong>Nuot\u0117kis:<\/strong> Jei yra pastebimas nuot\u0117kis, tai gali rodyti susid\u0117v\u0117jusius sandariklius arba pa\u017eeistus komponentus. Norint i\u0161spr\u0119sti \u0161i\u0105 problem\u0105, gali tekti patikrinti ir pakeisti sandariklius.<\/li>\n<li><strong>L\u0117tas veikimas:<\/strong> Jei cilindras veikia l\u0117tai, tai gali b\u016bti d\u0117l \u017eemo hidraulinio skys\u010dio lygio arba sistemoje \u012fstrigusio oro. Patikrinkite skys\u010dio lyg\u012f ir i\u0161leiskite or\u0105 i\u0161 sistemos, kad u\u017etikrintum\u0117te efektyv\u0173 veikim\u0105.<\/li>\n<li><strong>Ne\u012fprasti garsai:<\/strong> Ne\u012fprasti garsai veikimo metu gali rodyti mechanin\u012f gedim\u0105 arba nepakankam\u0105 tepim\u0105. Patikrinkite, ar cilindras nepa\u017eeistas, ir u\u017etikrinkite, kad b\u016bt\u0173 tinkamai tepamas.<\/li>\n<\/ul>\n<h2>Problem\u0173 sprendimo patarimai<\/h2>\n<p>Diagnozuojant str\u0117l\u0117s cilindr\u0173 problemas, svarbu taikyti sisteming\u0105 metod\u0105. Prad\u0117kite nuo skys\u010di\u0173 lygio patikrinimo ir \u012fsitikinkite, kad sistemoje n\u0117ra oro. Reguliari prie\u017ei\u016bros praktika, pavyzd\u017eiui, savalaikis sandarikli\u0173 keitimas ir tepimas, gali pad\u0117ti i\u0161vengti daugelio da\u017eniausiai pasitaikan\u010di\u0173 problem\u0173. I\u0161samus prie\u017ei\u016bros \u017eurnalas taip pat gali pad\u0117ti nustatyti pasikartojan\u010dias problemas, o tai leid\u017eia imtis veiksmingesni\u0173 prevencini\u0173 priemoni\u0173.<\/p>\n<p><img decoding=\"async\" src=\"https:\/\/www.hydraulic-cylinders.net\/wp-content\/uploads\/2025\/04\/songte-bushings-with-all-kinds-of-excavator-models.webp\" alt=\"Str\u0117l\u0117s cilindro trik\u010di\u0173 \u0161alinimas\"><\/p>\n<h2>\u012emon\u0117s ap\u017evalga<\/h2>\n<p>Esame pirmaujanti pakaitini\u0173 hidraulini\u0173 cilindr\u0173 gamintoja ir didmenin\u0117 platintoja, aptarnaujanti tiek vidaus, tiek tarptautines rinkas. Platus gamini\u0173 asortimentas leido mums tapti vienu i\u0161 pirmaujan\u010di\u0173 gamintoj\u0173 pramon\u0117je. Orientuojam\u0117s \u012f nepriekai\u0161ting\u0105 kokyb\u0119, naudodami patobulint\u0105 gamybos cech\u0105 su pramonin\u0117s gamybos valdymo strategija. M\u016bs\u0173 \u012fmon\u0117 nuolat tobulina savo gamybos platform\u0105, integruodama techninius talentus, pa\u017eangi\u0105 skaitmenin\u0119 gamybos \u012frang\u0105 ir profesionalias testavimo sistemas. \u0160is \u012fsipareigojimas paskatino mus sukurti stiprius k\u016brybinius paj\u0117gumus, u\u017etikrinant, kad \u012fvairius klient\u0173 poreikius patenkintume dideliu efektyvumu, tikslumu ir kokybe.<\/p>\n<p><img decoding=\"async\" src=\"https:\/\/www.hydraulic-cylinders.net\/wp-content\/uploads\/2025\/04\/songte-company-4.webp\" alt=\"\u012emon\u0117s gamyba\"><br \/>\n<img decoding=\"async\" src=\"https:\/\/www.hydraulic-cylinders.net\/wp-content\/uploads\/2025\/04\/songte-company-3.webp\" alt=\"\u012emon\u0117s gamybos \u012frenginiai\"><\/p>\n<h2>I\u0161vada<\/h2>\n<p>Apibendrinant galima teigti, kad \u201eNante NT20\u201c str\u0117l\u0117s cilindras yra gyvybi\u0161kai svarbus \u012fvairi\u0173 hidraulini\u0173 sistem\u0173 komponentas, u\u017etikrinantis patikim\u0105 ir efektyv\u0173 na\u0161um\u0105. Jo savybi\u0173, pritaikymo ir prie\u017ei\u016bros reikalavim\u0173 supratimas u\u017etikrina optimal\u0173 veikim\u0105 ir ilgaam\u017ei\u0161kum\u0105. M\u016bs\u0173 \u012fmon\u0117 yra pasirengusi teikti auk\u0161tos kokyb\u0117s hidraulinius sprendimus, atitinkan\u010dius j\u016bs\u0173 konkre\u010dius poreikius.<\/p>\n<p>Autorius: lyl<\/p>","protected":false},"excerpt":{"rendered":"<p>Boom Cylinder For Nante NT20 Introduction to Boom Cylinder The Boom Cylinder, specifically designed for the Nante NT20, is a critical component in hydraulic systems. This hydraulic cylinder is specialized for controlling the movement of buckets in various heavy machinery, including excavators, backhoe loaders, and front-end loaders. It enables the bucket to lift, lower, and [&hellip;]<\/p>","protected":false},"featured_media":17871,"comment_status":"open","ping_status":"closed","template":"","meta":{"_et_pb_use_builder":"","_et_pb_old_content":"","_et_gb_content_width":""},"product_brand":[],"product_cat":[1546],"product_tag":[1547,1496],"class_list":{"0":"post-19548","1":"product","2":"type-product","3":"status-publish","4":"has-post-thumbnail","6":"product_cat-boom-cylinders","7":"product_tag-boom-cylinders","8":"product_tag-hydraulic-cylinders","10":"first","11":"instock","12":"shipping-taxable","13":"product-type-simple"},"amp_enabled":true,"_links":{"self":[{"href":"https:\/\/www.hydraulic-cylinders.net\/lt\/wp-json\/wp\/v2\/product\/19548","targetHints":{"allow":["GET"]}}],"collection":[{"href":"https:\/\/www.hydraulic-cylinders.net\/lt\/wp-json\/wp\/v2\/product"}],"about":[{"href":"https:\/\/www.hydraulic-cylinders.net\/lt\/wp-json\/wp\/v2\/types\/product"}],"replies":[{"embeddable":true,"href":"https:\/\/www.hydraulic-cylinders.net\/lt\/wp-json\/wp\/v2\/comments?post=19548"}],"wp:featuredmedia":[{"embeddable":true,"href":"https:\/\/www.hydraulic-cylinders.net\/lt\/wp-json\/wp\/v2\/media\/17871"}],"wp:attachment":[{"href":"https:\/\/www.hydraulic-cylinders.net\/lt\/wp-json\/wp\/v2\/media?parent=19548"}],"wp:term":[{"taxonomy":"product_brand","embeddable":true,"href":"https:\/\/www.hydraulic-cylinders.net\/lt\/wp-json\/wp\/v2\/product_brand?post=19548"},{"taxonomy":"product_cat","embeddable":true,"href":"https:\/\/www.hydraulic-cylinders.net\/lt\/wp-json\/wp\/v2\/product_cat?post=19548"},{"taxonomy":"product_tag","embeddable":true,"href":"https:\/\/www.hydraulic-cylinders.net\/lt\/wp-json\/wp\/v2\/product_tag?post=19548"}],"curies":[{"name":"wp","href":"https:\/\/api.w.org\/{rel}","templated":true}]}}