{"id":19549,"date":"2025-04-07T06:54:00","date_gmt":"2025-04-07T06:54:00","guid":{"rendered":"https:\/\/www.hydraulic-cylinders.net\/product\/boom-cylinder-for-nante-nt25\/"},"modified":"2025-04-07T06:54:02","modified_gmt":"2025-04-07T06:54:02","slug":"boom-cylinder-for-nante-nt25","status":"publish","type":"product","link":"https:\/\/www.hydraulic-cylinders.net\/lt\/produktas\/boom-cylinder-for-nante-nt25\/","title":{"rendered":"Nante NT25 str\u0117l\u0117s cilindras"},"content":{"rendered":"<h1>Nante NT25 str\u0117l\u0117s cilindras<\/h1>\n<h2>Produkto ap\u017evalga<\/h2>\n<p>\u201eNante NT25\u201c str\u0117l\u0117s cilindras yra specializuotas hidraulinis cilindras, skirtas pirmiausia valdyti kau\u0161\u0173 jud\u0117jim\u0105 \u012fvairiose sunkiosiose ma\u0161inose, tokiose kaip ekskavatoriai, ekskavatoriniai krautuvai ir frontaliniai krautuvai. \u0160is hidraulinis cilindras atlieka labai svarb\u0173 vaidmen\u012f leid\u017eiant kau\u0161ui pakelti, nuleisti ir pakreipti, taip palengvinant efektyv\u0173 med\u017eiag\u0173 tvarkym\u0105. D\u0117l tvirtos konstrukcijos ir pa\u017eangios hidraulin\u0117s technologijos operatoriai gali atlikti sud\u0117tingas operacijas tiksliai ir lengvai.<\/p>\n<p><img decoding=\"async\" src=\"https:\/\/www.hydraulic-cylinders.net\/wp-content\/uploads\/2025\/04\/songte-company-1.webp\" alt=\"Nante NT25 str\u0117l\u0117s cilindras\"><\/p>\n<h3>Apibr\u0117\u017eimas ir funkcionalumas<\/h3>\n<p>Kau\u0161o cilindras yra hidraulinio cilindro tipas, specialiai sukurtas naudoti sunkiosiose ma\u0161inose. Jo pagrindin\u0117 funkcija yra valdyti kau\u0161o jud\u0117jim\u0105, leid\u017eiant kelti, nuleisti ir pakreipti, o tai yra labai svarbu atliekant tokias u\u017eduotis kaip kasimas, pakrovimas ir med\u017eiag\u0173 transportavimas. Panaudodami hidraulinio skys\u010dio gali\u0105, \u0161ie cilindrai suteikia reikiam\u0105 j\u0117g\u0105, kad sunkioji \u012franga veikt\u0173 efektyviai, tod\u0117l jie yra nepakei\u010diami statybose, \u017eem\u0117s \u016bkyje ir kasyboje.<\/p>\n<h2>Pagrindin\u0117s str\u0117l\u0117s cilindro savyb\u0117s<\/h2>\n<ul>\n<li><strong>Didelis stiprumas ir ilgaam\u017ei\u0161kumas:<\/strong> Paprastai i\u0161 didelio stiprumo plieno arba aliuminio pagamintas str\u0117l\u0117s cilindras gali atlaikyti didel\u012f sl\u0117g\u012f ir dideles apkrovas, tod\u0117l tinka at\u0161iaurioms darbo s\u0105lygoms.<\/li>\n<li><strong>Efektyvus hidraulinis valdymas:<\/strong> Naudoja hidraulin\u0117s alyvos sl\u0117g\u012f skland\u017eiam i\u0161pl\u0117timui ir \u012ftraukimui, tod\u0117l greitai reaguoti \u012f operatoriaus komandas ir u\u017etikrinti dideles st\u016bmimo bei traukimo j\u0117gas.<\/li>\n<li><strong>\u012evair\u016bs tipai:<\/strong> Galima \u012fsigyti vienpusio veikimo (hidraulinis valdymas viena kryptimi) arba dvipusio veikimo (hidraulinis valdymas dviem kryptimis) konfig\u016bracij\u0173, pritaikyt\u0173 \u012fvairiems eksploatavimo poreikiams. Kai kurie modeliai yra teleskopiniai, tod\u0117l juos galima labiau i\u0161tiesti nedidinant i\u0161orini\u0173 matmen\u0173, tod\u0117l jie idealiai tinka naudoti ribotoje erdv\u0117je.<\/li>\n<li><strong>Individuali gamyba:<\/strong> Turime galimyb\u0119 pagaminti \u0161\u012f gamin\u012f, u\u017etikrinant puik\u0173 esam\u0173 hidraulini\u0173 cilindr\u0173 pakeitim\u0105.<\/li>\n<li><strong>Patobulintas na\u0161umas:<\/strong> Sukurti optimizuoti na\u0161um\u0105 sud\u0117tingose \u200b\u200b\u200b\u200bs\u0105lygose, m\u016bs\u0173 cilindrai yra pagaminti taip, kad tarnaut\u0173 ilgai ir u\u017etikrint\u0173 nuoseklius rezultatus.<\/li>\n<\/ul>\n<p><img decoding=\"async\" src=\"https:\/\/www.hydraulic-cylinders.net\/wp-content\/uploads\/2025\/04\/songte-cylinder-head-with-all-kinds-excavator-models.webp\" alt=\"Ekskavatori\u0173 modeliai\"><\/p>\n<h2>Str\u0117l\u0117s cilindro taikymo scenarijai<\/h2>\n<h3>Statybin\u0117 \u012franga<\/h3>\n<p>Ekskavatoriuose str\u0117l\u0117s cilindrai yra labai svarb\u016bs atliekant tokias u\u017eduotis kaip kasimas, krovimas ir \u017eem\u0117s ar \u0161iuk\u0161li\u0173 perk\u0117limas. J\u0173 patikimas veikimas u\u017etikrina, kad kau\u0161as gali efektyviai \u012fsiskverbti \u012f \u017eem\u0119, palengvindamas efektyvius kasimo darbus. Ekskavatoriuose-krautuvuose kau\u0161o cilindras padeda tiek kasant, tiek keliant med\u017eiagas, tod\u0117l jis yra universalus komponentas statybos projektuose.<\/p>\n<h3>\u017dem\u0117s \u016bkio technika<\/h3>\n<p>Priekiniai krautuvai naudoja str\u0117l\u0117s cilindrus dirvo\u017eemiui, \u0161ienui ir kitoms med\u017eiagoms semti, kelti ir transportuoti. Galimyb\u0117 reguliuoti kau\u0161o pad\u0117t\u012f leid\u017eia efektyviai pakrauti ir i\u0161krauti, taip padidinant \u017eem\u0117s \u016bkio darb\u0173 na\u0161um\u0105.<\/p>\n<h3>Ekskavatoriai<\/h3>\n<p>Ekskavatoriuose kau\u0161o cilindras leid\u017eia kau\u0161ui \u012fsiskverbti \u012f dirv\u0105, o tai yra labai svarbu norint efektyviai atlikti kasimo veiksmus. \u0160i galimyb\u0117 leid\u017eia operatoriams i\u0161kasti giliau ir perkelti daugiau med\u017eiagos per trumpesn\u012f laik\u0105, taip pagerinant bendr\u0105 darbo efektyvum\u0105.<\/p>\n<h3>Krautuvai<\/h3>\n<p>Priekiniuose krautuvuose str\u0117l\u0117s cilindrai padeda efektyviai kelti ir i\u0161versti krovinius. \u0160i\u0173 cilindr\u0173 u\u017etikrinamas tikslus jud\u0117jimas u\u017etikrina, kad operatoriai gali tiksliai tvarkyti \u012fvairias med\u017eiagas, suma\u017eindami j\u0173 i\u0161siliejim\u0105 ir padidindami na\u0161um\u0105.<\/p>\n<h2>Projektavimo aspektai ir atrankos standartai<\/h2>\n<h3>Keliamoji galia<\/h3>\n<p>Renkantis str\u0117l\u0117s cilindr\u0105, keliamoji galia yra labai svarbus veiksnys. Cilindras turi atlaikyti maksimali\u0105 apkrov\u0105, numatom\u0105 eksploatacijos metu. \u012evertinus apkrovos rodiklius ir i\u0161band\u017eius cilindrus realiomis darbo s\u0105lygomis, bus u\u017etikrintas saugumas ir funkcionalumas.<\/p>\n<h3>Sandarinimo efektyvumas<\/h3>\n<p>Efektyvus sandarinimas yra labai svarbus siekiant i\u0161vengti hidraulinio skys\u010dio nuot\u0117kio, kuris gali sukelti na\u0161umo problem\u0173 ir pavoj\u0173 aplinkai. Hidrauliniam sl\u0117giui palaikyti ir cilindrui apsaugoti nuo purvo ir \u0161iuk\u0161li\u0173 reikia naudoti auk\u0161tos kokyb\u0117s sandariklius.<\/p>\n<h3>Patvarumas<\/h3>\n<p>Patvarumas yra b\u016btinas bet kuriam hidrauliniam komponentui, ypa\u010d at\u0161iauriomis eksploatavimo s\u0105lygomis. Med\u017eiag\u0173 pasirinkimas ir pavir\u0161iaus apdorojimas atlieka svarb\u0173 vaidmen\u012f didinant str\u0117l\u0117s cilindro ilgaam\u017ei\u0161kum\u0105, u\u017etikrinant, kad jis atlaikyt\u0173 nusid\u0117v\u0117jim\u0105.<\/p>\n<h3>Saugos funkcijos<\/h3>\n<p>Siekiant i\u0161vengti nelaiming\u0173 atsitikim\u0173 ir \u012frangos gedim\u0173, b\u016btina \u012ftraukti saugos funkcijas. Tai apima mechanizmus, kurie apsaugo nuo per didelio i\u0161sipl\u0117timo, ir sl\u0117gio ma\u017einimo vo\u017etuvus, kad b\u016bt\u0173 i\u0161vengta per didelio sl\u0117gio padid\u0117jimo.<\/p>\n<h3>Prieinamumas prie prie\u017ei\u016bros<\/h3>\n<p>Suprojektavus \u012frengin\u012f taip, kad b\u016bt\u0173 lengva j\u012f pri\u017ei\u016br\u0117ti ir ap\u017ei\u016br\u0117ti. Tokios savyb\u0117s kaip greito atlaisvinimo kai\u0161\u010diai ir lengvai pasiekiami tepimo ta\u0161kai gali \u017eymiai suma\u017einti prastovas ir prie\u017ei\u016bros i\u0161laidas.<\/p>\n<p><img decoding=\"async\" src=\"https:\/\/www.hydraulic-cylinders.net\/wp-content\/uploads\/2025\/04\/songte-oil-pipes-and-spare-parts.webp\" alt=\"Naftos vamzd\u017eiai ir atsargin\u0117s dalys\"><\/p>\n<h2>Hidraulinio cilindro sandarinimas ir tepimas<\/h2>\n<p>Efektyvus sandarinimas ir tepimas yra labai svarb\u016bs optimaliam str\u0117l\u0117s cilindro veikimui. Hidraulinio skys\u010dio nuot\u0117kiams i\u0161vengti ir sl\u0117giui palaikyti naudojami \u012fvair\u016bs sandarikliai, pavyzd\u017eiui, st\u016bmokli\u0173 ir stryp\u0173 sandarikliai. Sandarikliai, pagaminti i\u0161 patvari\u0173 med\u017eiag\u0173, toki\u0173 kaip poliuretanas ir nitrilo kau\u010diukas, parenkami d\u0117l j\u0173 atsparumo dilimui ir ilgaam\u017ei\u0161kumo.<\/p>\n<p>Cilindro korpusas ir srieginiai galiniai pavir\u0161iai yra kruop\u0161\u010diai apdirbami, siekiant padidinti atsparum\u0105 dilimui ir u\u017etikrinti ilgesn\u012f tarnavimo laik\u0105. Reguliarus tepimas tinkama hidrauline alyva yra b\u016btinas norint suma\u017einti judan\u010di\u0173 dali\u0173 trint\u012f ir dilim\u0105, u\u017etikrinti skland\u0173 veikim\u0105 ir patikimum\u0105.<\/p>\n<h2>Reguliarios patikros ir prevencin\u0117s prie\u017ei\u016bros priemon\u0117s<\/h2>\n<ul>\n<li><strong>Reguliarus patikrinimas:<\/strong> Atlikite reguliarius patikrinimus, kad nustatytum\u0117te bet kokius susid\u0117v\u0117jimo, nuot\u0117kio ar pa\u017eeidimo po\u017eymius. Ankstyvas aptikimas gali pad\u0117ti i\u0161vengti brangaus remonto ir u\u017etikrinti nepertraukiam\u0105 veikim\u0105.<\/li>\n<li><strong>Tinkamas tepimas:<\/strong> \u012esitikinkite, kad cilindras yra tinkamai suteptas rekomenduojama hidrauline alyva. Nepakankamas sutepimas gali padidinti trint\u012f ir sukelti prie\u0161laikin\u012f gedim\u0105.<\/li>\n<li><strong>Sandariklio keitimas:<\/strong> Reguliariai tikrinkite ir prireikus keiskite sandariklius. Susid\u0117v\u0117j\u0119 sandarikliai gali sukelti nuot\u0117kius ir hidraulinio sl\u0117gio suma\u017e\u0117jim\u0105, o tai turi \u012ftakos veikimui.<\/li>\n<\/ul>\n<h2>\u012erengimo gair\u0117s<\/h2>\n<p>Tinkamas str\u0117l\u0117s cilindro montavimas yra labai svarbus optimaliam veikimui. Pirmiausia \u012fsitikinkite, kad visi komponentai yra \u0161var\u016bs ir be \u0161iuk\u0161li\u0173. Tinkamai sulygiuokite cilindr\u0105 su tvirtinimo ta\u0161kais, naudodami tinkamus tvirtinimo laikiklius. \u012esitikinkite, kad hidraulin\u0117s linijos yra tinkamai prijungtos, vengiant lenkim\u0173 ar staigi\u0173 pos\u016bki\u0173, kurie gal\u0117t\u0173 trukdyti skys\u010dio tek\u0117jimui.<\/p>\n<p>\u012erengus cilindr\u0105, patikrinkite jo veikim\u0105, kad \u012fsitikintum\u0117te, jog jis skland\u017eiai ir be kli\u016b\u010di\u0173 i\u0161traukiamas ir susitraukia. Steb\u0117kite, ar n\u0117ra nuot\u0117kio ar ne\u012fprast\u0173 gars\u0173, ir nedelsdami spr\u0119skite visas problemas, kad i\u0161laikytum\u0117te veikimo efektyvum\u0105.<\/p>\n<h2>\u012eprastos prie\u017ei\u016bros u\u017eduotys<\/h2>\n<ul>\n<li><strong>Reguliar\u016bs patikrinimai:<\/strong> Reguliar\u016bs patikrinimai yra labai svarb\u016bs norint nustatyti galimas problemas, kol jos netapo rimtomis. Ie\u0161kokite susid\u0117v\u0117jimo, korozijos ar skys\u010di\u0173 nuot\u0117kio po\u017eymi\u0173 ir nedelsdami juos pa\u0161alinkite.<\/li>\n<li><strong>Tinkamas tepimas:<\/strong> Tinkamas tepimas yra b\u016btinas str\u0117l\u0117s cilindro veikimui palaikyti. \u012esitikinkite, kad hidraulin\u0117s alyvos kiekis yra iki rekomenduojamo lygio, ir keiskite j\u0105 pagal gamintojo nurodyt\u0105 grafik\u0105.<\/li>\n<li><strong>Sandariklio keitimo ir kalibravimo patikrinimai:<\/strong> Reguliariai tikrinkite sandariklius, ar jie nesusid\u0117v\u0117j\u0119, ir prireikus juos pakeiskite. Kalibravimo patikrinimai u\u017etikrina, kad cilindras veikt\u0173 pagal nurodytus parametrus, taip padidindami saug\u0105 ir na\u0161um\u0105.<\/li>\n<\/ul>\n<h2>Saugos aspektai ir aplinkos veiksniai<\/h2>\n<p>Naudojant hidraulinius cilindrus, labai svarbu \u012fdiegti saugos priemones. Operatoriai tur\u0117t\u0173 b\u016bti apmokyti tinkam\u0173 naudojimo b\u016bd\u0173, kad suma\u017e\u0117t\u0173 nelaiming\u0173 atsitikim\u0173 rizika. Reguliar\u016bs saugos auditai gali pad\u0117ti nustatyti galimus pavojus ir patobulinti darbo protokolus, u\u017etikrinant saugesn\u0119 darbo aplink\u0105. Be to, siekiant apsaugoti tiek \u012frang\u0105, tiek aplinkin\u0119 ekosistem\u0105, b\u016btini aplinkosaugos aspektai, pavyzd\u017eiui, hidraulinio skys\u010dio nuot\u0117kio prevencija.<\/p>\n<h2>Trik\u010di\u0173 \u0161alinimas ir da\u017eniausiai pasitaikan\u010dios problemos<\/h2>\n<ul>\n<li><strong>Nuot\u0117kis:<\/strong> Hidraulinio skys\u010dio nuot\u0117kis gali atsirasti d\u0117l susid\u0117v\u0117jusi\u0173 tarpikli\u0173 arba cilindro pa\u017eeidimo. Reguliarus patikrinimas ir savalaikis tarpikli\u0173 keitimas yra labai svarb\u016bs.<\/li>\n<li><strong>L\u0117tas veikimas:<\/strong> Jei cilindras juda l\u0117tai, tai gali rodyti \u017eem\u0105 hidraulinio skys\u010dio lyg\u012f arba u\u017esikim\u0161im\u0105 hidraulin\u0117se linijose. Patikrinkite skys\u010dio lyg\u012f ir ap\u017ei\u016br\u0117kite, ar n\u0117ra kli\u016b\u010di\u0173.<\/li>\n<li><strong>Ne\u012fprasti garsai:<\/strong> Triuk\u0161mai veikimo metu gali signalizuoti apie mechanines problemas. Patikrinkite, ar n\u0117ra atsilaisvinusi\u0173 komponent\u0173 arba vidini\u0173 cilindro pa\u017eeidim\u0173.<\/li>\n<\/ul>\n<h2>Problem\u0173 sprendimo ir prevencini\u0173 priemoni\u0173 patarimai<\/h2>\n<p>Nor\u0117dami veiksmingai diagnozuoti ir i\u0161spr\u0119sti problemas, operatoriai tur\u0117t\u0173 vesti cilindro veikimo \u017eurnal\u0105, atkreipdami d\u0117mes\u012f \u012f visus nukrypimus nuo normos. \u012egyvendinkite prevencines priemones, tokias kaip \u012fprastin\u0117 technin\u0117 prie\u017ei\u016bra ir patikrinimai, kad suma\u017eintum\u0117te galim\u0173 problem\u0173 rizik\u0105. Personalo apmokymas tinkamai valdyti taip pat gali pad\u0117ti suma\u017einti hidraulin\u0117s sistemos apkrov\u0105 ir pailginti jos tarnavimo laik\u0105.<\/p>\n<p><img decoding=\"async\" src=\"https:\/\/www.hydraulic-cylinders.net\/wp-content\/uploads\/2025\/04\/songte-bushings-with-all-kinds-of-excavator-models.webp\" alt=\"\u012evor\u0117s su ekskavatori\u0173 modeliais\"><\/p>\n<h2>Apie m\u016bs\u0173 \u012fmon\u0119<\/h2>\n<p>Esame pirmaujantis hidraulini\u0173 cilindr\u0173 gamintojas ir didmenininkas, si\u016blantis plat\u0173 gamini\u0173 asortiment\u0105. M\u016bs\u0173 \u012fsipareigojimas siekti meistri\u0161kumo skatina mus laikytis grie\u017et\u0173 kokyb\u0117s standart\u0173 gamybos procesuose. Naudodami pa\u017eangi\u0105 skaitmenin\u0119 gamybos \u012frang\u0105 ir profesionalias bandym\u0173 sistemas, nuolat tobuliname savo gamybos paj\u0117gumus.<\/p>\n<p>M\u016bs\u0173 patirtis apima individualiai pritaikyt\u0173 sprendim\u0173 teikim\u0105, siekiant patenkinti \u012fvairius klient\u0173 poreikius. Tur\u0117dami kvalifikuot\u0173 specialist\u0173 komand\u0105 ir atsidavim\u0105 klient\u0173 pasitenkinimui, u\u017etikriname, kad m\u016bs\u0173 gaminiai yra labai efektyv\u016bs, tiksl\u016bs ir patikimi. M\u016bs\u0173 tarptautiniai sertifikatai atspindi m\u016bs\u0173 \u012fsipareigojim\u0105 kokybei ir saugai, tod\u0117l esame patikimas partneris hidraulini\u0173 cilindr\u0173 rinkoje.<\/p>\n<p><img decoding=\"async\" src=\"https:\/\/www.hydraulic-cylinders.net\/wp-content\/uploads\/2025\/04\/songte-company-4.webp\" alt=\"\u012emon\u0117s ap\u017evalga\"><br \/>\n<img decoding=\"async\" src=\"https:\/\/www.hydraulic-cylinders.net\/wp-content\/uploads\/2025\/04\/songte-company-3.webp\" alt=\"\u012emon\u0117s patalpos\"><\/p>\n<p>Autorius: lyl<\/p>","protected":false},"excerpt":{"rendered":"<p>Boom Cylinder For Nante NT25 Product Overview The Boom Cylinder for Nante NT25 is a specialized hydraulic cylinder designed primarily for controlling the movement of buckets in various heavy machinery, such as excavators, backhoe loaders, and front loaders. This hydraulic cylinder plays a critical role in enabling the bucket to lift, lower, and tilt, facilitating [&hellip;]<\/p>","protected":false},"featured_media":17872,"comment_status":"open","ping_status":"closed","template":"","meta":{"_et_pb_use_builder":"","_et_pb_old_content":"","_et_gb_content_width":""},"product_brand":[],"product_cat":[1546],"product_tag":[1547,1496],"class_list":{"0":"post-19549","1":"product","2":"type-product","3":"status-publish","4":"has-post-thumbnail","6":"product_cat-boom-cylinders","7":"product_tag-boom-cylinders","8":"product_tag-hydraulic-cylinders","10":"first","11":"instock","12":"shipping-taxable","13":"product-type-simple"},"amp_enabled":true,"_links":{"self":[{"href":"https:\/\/www.hydraulic-cylinders.net\/lt\/wp-json\/wp\/v2\/product\/19549","targetHints":{"allow":["GET"]}}],"collection":[{"href":"https:\/\/www.hydraulic-cylinders.net\/lt\/wp-json\/wp\/v2\/product"}],"about":[{"href":"https:\/\/www.hydraulic-cylinders.net\/lt\/wp-json\/wp\/v2\/types\/product"}],"replies":[{"embeddable":true,"href":"https:\/\/www.hydraulic-cylinders.net\/lt\/wp-json\/wp\/v2\/comments?post=19549"}],"wp:featuredmedia":[{"embeddable":true,"href":"https:\/\/www.hydraulic-cylinders.net\/lt\/wp-json\/wp\/v2\/media\/17872"}],"wp:attachment":[{"href":"https:\/\/www.hydraulic-cylinders.net\/lt\/wp-json\/wp\/v2\/media?parent=19549"}],"wp:term":[{"taxonomy":"product_brand","embeddable":true,"href":"https:\/\/www.hydraulic-cylinders.net\/lt\/wp-json\/wp\/v2\/product_brand?post=19549"},{"taxonomy":"product_cat","embeddable":true,"href":"https:\/\/www.hydraulic-cylinders.net\/lt\/wp-json\/wp\/v2\/product_cat?post=19549"},{"taxonomy":"product_tag","embeddable":true,"href":"https:\/\/www.hydraulic-cylinders.net\/lt\/wp-json\/wp\/v2\/product_tag?post=19549"}],"curies":[{"name":"wp","href":"https:\/\/api.w.org\/{rel}","templated":true}]}}