{"id":19550,"date":"2025-04-07T06:54:02","date_gmt":"2025-04-07T06:54:02","guid":{"rendered":"https:\/\/www.hydraulic-cylinders.net\/product\/boom-cylinder-for-nante-nt45\/"},"modified":"2025-04-07T06:54:05","modified_gmt":"2025-04-07T06:54:05","slug":"boom-cylinder-for-nante-nt45","status":"publish","type":"product","link":"https:\/\/www.hydraulic-cylinders.net\/lt\/produktas\/boom-cylinder-for-nante-nt45\/","title":{"rendered":"Nante NT45 str\u0117l\u0117s cilindras"},"content":{"rendered":"<h1>Nante NT45 str\u0117l\u0117s cilindras<\/h1>\n<h2>Produkto apibr\u0117\u017eimas ir ap\u017evalga<\/h2>\n<p>\u201eNante NT45\u201c str\u0117l\u0117s cilindras yra specializuotas hidraulinis cilindras, skirtas ekskavatoriaus kau\u0161\u0173 ir kit\u0173 sunkiosios technikos pried\u0173 jud\u0117jimui valdyti. \u0160ie cilindrai yra labai svarb\u016bs kau\u0161\u0173 k\u0117limui, nuleidimui ir pakreipimui, palengvinant \u012fvairias med\u017eiag\u0173 tvarkymo u\u017eduotis. Kaip pagrindinis hidraulini\u0173 sistem\u0173 komponentas, str\u0117l\u0117s cilindras suteikia esmin\u0119 j\u0117g\u0105, reikaling\u0105 \u0161iems veiksmams efektyviai atlikti.<\/p>\n<p>Hidrauliniai cilindrai, tokie kaip str\u0117l\u0117s cilindras, veikia hidraulin\u0119 energij\u0105 paversdami mechanine energija. Sunkiosiose ma\u0161inose, tokiose kaip ekskavatoriai, ekskavatoriai ir frontaliniai krautuvai, \u0161ie cilindrai leid\u017eia tiksliai jud\u0117ti ir valdyti, u\u017etikrindami, kad operatoriai gal\u0117t\u0173 saugiai ir efektyviai atlikti u\u017eduotis. Str\u0117l\u0117s cilindro konstrukcija orientuota \u012f auk\u0161t\u0105 na\u0161um\u0105, kartu atlaikant sud\u0117ting\u0173 darbo s\u0105lyg\u0173 reikalavimus.<\/p>\n<p><img decoding=\"async\" src=\"https:\/\/www.hydraulic-cylinders.net\/wp-content\/uploads\/2025\/04\/songte-company-1.webp\" alt=\"Str\u0117l\u0117s cilindras, skirtas Nante NT45\"><\/p>\n<h2>Pagrindin\u0117s str\u0117l\u0117s cilindro savyb\u0117s<\/h2>\n<ul>\n<li><strong>Didelis stiprumas ir ilgaam\u017ei\u0161kumas:<\/strong> Constructed from high-strength steel or aluminum, designed to withstand high pressure and heavy loads while adapting to harsh working conditions. The design incorporates wear resistance and corrosion protection, extending the product&#8217;s lifespan.<\/li>\n<li><strong>Efektyvus hidraulinis valdymas:<\/strong> Naudoja hidraulin\u0117s alyvos sl\u0117g\u012f skland\u017eiam i\u0161st\u016bmimui ir \u012ftraukimui, gali greitai reaguoti \u012f valdymo komandas ir u\u017etikrinti didel\u0119 st\u016bmimo bei traukimo j\u0117g\u0105, tinkam\u0105 sunki\u0173 med\u017eiag\u0173 tvarkymui ir sud\u0117tingoms u\u017eduotims atlikti.<\/li>\n<li><strong>Tip\u0173 \u012fvairov\u0117:<\/strong> Galima \u012fsigyti vienpusio veikimo (veikian\u010di\u0173 viena kryptimi) arba dvipusio veikimo (veikian\u010di\u0173 abiem kryptimis) konfig\u016bracij\u0173, kad b\u016bt\u0173 patenkinti \u012fvair\u016bs eksploatavimo poreikiai. Kai kurie modeliai pasi\u017eymi teleskopin\u0117mis konstrukcijomis, leid\u017eian\u010diomis didesn\u012f i\u0161pl\u0117tim\u0105 nedidinant i\u0161orini\u0173 matmen\u0173, tod\u0117l idealiai tinka naudoti ribotoje erdv\u0117je.<\/li>\n<\/ul>\n<p>M\u016bs\u0173 \u012fmon\u0117 gamina \u0161\u012f gamin\u012f, ir m\u016bs\u0173 gaminiai gali puikiai pakeisti \u0161iuos hidraulinius cilindrus.<\/p>\n<p><img decoding=\"async\" src=\"https:\/\/www.hydraulic-cylinders.net\/wp-content\/uploads\/2025\/04\/songte-cylinder-head-with-all-kinds-excavator-models.webp\" alt=\"Hidraulinio cilindro galvut\u0117\"><\/p>\n<h2>Str\u0117l\u0117s cilindro pritaikymas<\/h2>\n<h3>Statybin\u0117 \u012franga<\/h3>\n<p>Ekskavatoriuose str\u0117l\u0117s cilindras yra neatsiejama kasimo, krovimo ir grunto ar \u0161iuk\u0161li\u0173 perk\u0117limo dalis. Jo vaidmuo apima ir pagalb\u0105 atliekant k\u0117limo veiksmus ekskavatoriniuose krautuvuose, leid\u017eiant operatoriams kasti giliau ir lengvai valdyti med\u017eiagas. \u0160i\u0173 cilindr\u0173 u\u017etikrinamas efektyvumas daro juos nepakei\u010diamais statybviet\u0117se.<\/p>\n<h3>\u017dem\u0117s \u016bkio technika<\/h3>\n<p>Priekiniuose krautuvuose str\u0117l\u0117s cilindrai naudojami dirvo\u017eemiui, \u0161ienui ir kitoms med\u017eiagoms semti, kelti ir transportuoti. J\u0173 tvirta konstrukcija padeda atlikti \u017eem\u0117s \u016bkio u\u017eduotis, supaprastina operacijas ir padidina \u016bkininkavimo veiklos produktyvum\u0105.<\/p>\n<h3>Ekskavatoriai<\/h3>\n<p>Str\u0117l\u0117s cilindras palengvina kasimo judes\u012f, leisdamas kau\u0161ui efektyviai \u012fsiskverbti \u012f \u017eem\u0119. \u0160i savyb\u0117 yra labai svarbi \u012fvairiuose kasimo projektuose, u\u017etikrinant tikslum\u0105 ir efektyvum\u0105 \u0161alinant med\u017eiag\u0105.<\/p>\n<h3>Krautuvai<\/h3>\n<p>Priekiniuose krautuvuose str\u0117l\u0117s cilindrai padeda efektyviai pakelti ir i\u0161versti krovinius. \u0160i funkcija yra gyvybi\u0161kai svarbi \u012fvairiose srityse \u2013 nuo \u200b\u200bstatyb\u0173 iki atliek\u0173 tvarkymo, nes u\u017etikrina tiek gali\u0105, tiek valdym\u0105 darbo metu.<\/p>\n<h2>Projektavimo aspektai ir atrankos kriterijai<\/h2>\n<h3>Keliamoji galia<\/h3>\n<p>When selecting a boom cylinder, it is essential to assess its load capacity to ensure it can handle the weights involved in specific tasks. Calculating the required force and understanding the machinery&#8217;s specifications will guide the selection process, ensuring the cylinder operates within safe limits.<\/p>\n<h3>Sandarumo vientisumas<\/h3>\n<p>Svarbus hidraulini\u0173 cilindr\u0173 konstrukcijos veiksnys yra sandarumo vientisumas. Tinkami sandarikliai apsaugo nuo hidraulinio skys\u010dio nuot\u0117kio, kuris gali pakenkti efektyvumui ir saugai. Auk\u0161tos kokyb\u0117s sandarikliai, pagaminti i\u0161 toki\u0173 med\u017eiag\u0173 kaip poliuretanas ir nitrilo kau\u010diukas, padidina patvarum\u0105 ir u\u017etikrina pastov\u0173 veikim\u0105 esant sl\u0117giui.<\/p>\n<h3>Patvarumas<\/h3>\n<p>Konstrukcijos ilgaam\u017ei\u0161kumas pasiekiamas naudojant tvirtas med\u017eiagas ir pa\u017eangius in\u017einerinius metodus. Hidrauliniai cilindrai turi atlaikyti nuolatinio jud\u0117jimo ir intensyvaus naudojimo sukeliam\u0105 nusid\u0117v\u0117jim\u0105. Pasirinkus gaminius su apsaugin\u0117mis dangomis ir apdorotais pavir\u0161iais, pailg\u0117ja j\u0173 tarnavimo laikas sud\u0117tingomis s\u0105lygomis.<\/p>\n<h3>Saugos funkcijos<\/h3>\n<p>Saugumas yra svarbiausias hidraulin\u0117s sistemos projektavimo aspektas. \u012etraukus tokias funkcijas kaip sl\u0117gio ma\u017einimo vo\u017etuvai ir apsaugos nuo perkrovos mechanizmai, i\u0161vengiama nelaiming\u0173 atsitikim\u0173 ir \u012frangos gedim\u0173, u\u017etikrinant saug\u0173 naudotoj\u0173 ir aplinkini\u0173 darbuotoj\u0173 darb\u0105.<\/p>\n<h3>Prie\u017ei\u016bra ir tinkamumas naudoti<\/h3>\n<p>Labai svarbu projektuoti taip, kad b\u016bt\u0173 lengva pri\u017ei\u016br\u0117ti. Hidrauliniai cilindrai tur\u0117t\u0173 b\u016bti lengvai ap\u017ei\u016brimi ir aptarnaujami, taip suma\u017einant prastovas ir eksploatavimo i\u0161laidas. Lengvai prieinami ir kei\u010diami komponentai padidina cilindro naudojimo patogum\u0105 ir ilgaam\u017ei\u0161kum\u0105.<\/p>\n<p><img decoding=\"async\" src=\"https:\/\/www.hydraulic-cylinders.net\/wp-content\/uploads\/2025\/04\/songte-oil-pipes-and-spare-parts.webp\" alt=\"Hidraulin\u0117s alyvos vamzd\u017eiai ir atsargin\u0117s dalys\"><\/p>\n<h2>Sandarinimas ir tepimas<\/h2>\n<p>Efektyvus sandarinimas ir tepimas yra gyvybi\u0161kai svarb\u016bs hidraulini\u0173 cilindr\u0173 veikimui. Naudojant \u012fvairius sandariklius, tokius kaip st\u016bmokliniai ir kot\u0173 sandarikliai, u\u017etikrinamas sandarumas nuo sl\u0117gio ir i\u0161vengiama hidraulinio skys\u010dio nuot\u0117kio. Didelio atsparumo dilimui med\u017eiag\u0173, toki\u0173 kaip poliuretanas ir nitrilo kau\u010diukas, pasirinkimas prisideda prie \u0161i\u0173 sandarikli\u0173 ilgaam\u017ei\u0161kumo.<\/p>\n<p>Cilindro korpusas ir srieginiai galiniai pavir\u0161iai yra kruop\u0161\u010diai apdirbti, siekiant padidinti atsparum\u0105 dilimui ir u\u017etikrinti ilgaam\u017ei\u0161kum\u0105 esant didel\u0117ms apkrovoms. Reguliariai papildyti hidraulin\u0119 alyv\u0105 tepimui yra labai svarbu, nes tai u\u017etikrina skland\u0173 veikim\u0105 ir apsaugo nuo perkaitimo, pailgindama hidraulinio cilindro tarnavimo laik\u0105.<\/p>\n<h2>Prevencin\u0117s prie\u017ei\u016bros priemon\u0117s<\/h2>\n<ul>\n<li><strong>Reguliar\u016bs patikrinimai:<\/strong> Atlikite reguliarius patikrinimus, kad anksti nustatytum\u0117te galim\u0105 susid\u0117v\u0117jim\u0105 ar pa\u017eeidimus, u\u017etikrindami, kad cilindras i\u0161likt\u0173 optimalios darbin\u0117s b\u016bkl\u0117s.<\/li>\n<li><strong>Tinkamas tepimas:<\/strong> Naudokite tinkam\u0105 hidraulin\u0119 alyv\u0105 ir u\u017etikrinkite, kad sandarikliai ir judan\u010dios dalys b\u016bt\u0173 reguliariai sutepamos, kad b\u016bt\u0173 i\u0161laikytas efektyvumas ir i\u0161vengta gedim\u0173.<\/li>\n<li><strong>Sandariklio keitimas:<\/strong> Kad i\u0161laikytum\u0117te hidraulin\u0117s sistemos vientisum\u0105, keiskite sandariklius rekomenduojamais intervalais arba aptikus nuot\u0117kius.<\/li>\n<\/ul>\n<h2>\u012erengimo gair\u0117s<\/h2>\n<p>Tinkamas str\u0117l\u0117s cilindro montavimas yra labai svarbus optimaliam veikimui. Pirmiausia \u012fsitikinkite, kad visi komponentai yra \u0161var\u016bs ir be \u0161iuk\u0161li\u0173. Tinkamas sulygiavimas yra b\u016btinas; cilindrui pritvirtinti naudokite tinkamus tvirtinimo laikiklius. Sulygiuokite cilindr\u0105 su mechanizmu, kad i\u0161vengtum\u0117te per didelio sistemos \u012ftempimo.<\/p>\n<p>Prie\u0161 montuodami patikrinkite vis\u0173 hidraulini\u0173 jung\u010di\u0173 vientisum\u0105 ir \u012fsitikinkite, kad n\u0117ra nuot\u0117ki\u0173. \u012ereng\u0119 patikrinkite veikim\u0105 kelis kartus perjungdami str\u0117l\u0119, kad \u012fsitikintum\u0117te, jog juda skland\u017eiai ir kad visos saugos funkcijos veikia tinkamai. \u0160i\u0173 gairi\u0173 laikymasis pad\u0117s u\u017etikrinti efektyv\u0173 hidraulinio cilindro veikim\u0105 ir ilgaam\u017ei\u0161kum\u0105.<\/p>\n<h2>\u012eprastos prie\u017ei\u016bros u\u017eduotys<\/h2>\n<ul>\n<li><strong>Reguliarus patikrinimas:<\/strong> B\u016btina da\u017enai tikrinti, ar n\u0117ra susid\u0117v\u0117jimo ar pa\u017eeidim\u0173. Ap\u017ei\u016br\u0117kite sandariklius, \u017earnas ir jungtis, steb\u0117kite, ar n\u0117ra nuot\u0117kio po\u017eymi\u0173, kad i\u0161vengtum\u0117te didesni\u0173 problem\u0173.<\/li>\n<li><strong>Tinkamas tepimas:<\/strong> \u012esitikinkite, kad visos judan\u010dios dalys yra tinkamai suteptos tinkama hidrauline alyva, kad b\u016bt\u0173 u\u017etikrintas sklandus veikimas ir i\u0161vengta nusid\u0117v\u0117jimo.<\/li>\n<li><strong>Sandariklio keitimas:<\/strong> Reguliariai keisti sandariklius yra labai svarbu norint i\u0161laikyti sistemos vientisum\u0105. Steb\u0117kite sandarikli\u0173 b\u016bkl\u0119 ir prireikus juos keiskite, kad i\u0161vengtum\u0117te nuot\u0117ki\u0173.<\/li>\n<\/ul>\n<p>Optimaliam veikimui labai svarbu tinkamai sulygiuoti montavimo metu. Naudokite tinkamus tvirtinimo laikiklius, kad pritvirtintum\u0117te cilindr\u0105 ir i\u0161vengtum\u0117te bet kokio i\u0161lygiavimo, kuris gali sukelti prie\u0161laikin\u012f susid\u0117v\u0117jim\u0105. Reguliar\u016bs patikrinimai, remontas ir susid\u0117v\u0117jusi\u0173 komponent\u0173 keitimas \u017eymiai pailgins hidraulinio cilindro tarnavimo laik\u0105.<\/p>\n<p><img decoding=\"async\" src=\"https:\/\/www.hydraulic-cylinders.net\/wp-content\/uploads\/2025\/04\/songte-chushion-collar.webp\" alt=\"Pagalv\u0117l\u0117s apykakl\u0117\"><\/p>\n<h2>Saugos aspektai ir aplinkos veiksniai<\/h2>\n<p>Dirbant su hidrauline \u012franga, \u012fskaitant str\u0117l\u0117s cilindr\u0105, b\u016btinos saugos priemon\u0117s. Operatoriai visada turi \u017einoti aplink\u0105 ir u\u017etikrinti, kad \u0161alia nieko neb\u016bt\u0173, kai ma\u0161ina veikia. Tinkamas mokymas ir saugos protokol\u0173 laikymasis padeda i\u0161vengti nelaiming\u0173 atsitikim\u0173 ir su\u017ealojim\u0173.<\/p>\n<h2>Trik\u010di\u0173 \u0161alinimas ir da\u017eniausiai pasitaikan\u010dios problemos<\/h2>\n<ul>\n<li><strong>Nuot\u0117kis:<\/strong> Hidraulinio skys\u010dio nuot\u0117kis gali rodyti susid\u0117v\u0117jusius sandariklius ar jungtis. Patikrinkite ir prireikus pakeiskite sandariklius, kad i\u0161spr\u0119stum\u0117te \u0161i\u0105 problem\u0105.<\/li>\n<li><strong>Nepakankamas jud\u0117jimas:<\/strong> Jei cilindras tinkamai nei\u0161sitraukia arba nesusitraukia, tai gali b\u016bti d\u0117l nepakankamo hidraulinio skys\u010dio arba u\u017esikim\u0161imo. Patikrinkite skys\u010dio lyg\u012f ir pa\u0161alinkite i\u0161 sistemos or\u0105.<\/li>\n<li><strong>Triuk\u0161mingas veikimas:<\/strong> Ne\u012fprasti garsai gali signalizuoti apie mechanines problemas, tokias kaip susid\u0117v\u0117jusios dalys arba \u017eemas skys\u010di\u0173 lygis. Nedelsdami i\u0161tirkite ir pa\u0161alinkite bet kokius sutrikimus.<\/li>\n<\/ul>\n<h2>Gedim\u0173 sprendimo patarimai<\/h2>\n<p>Nor\u0117dami efektyviai diagnozuoti ir pa\u0161alinti problemas, operatoriai tur\u0117t\u0173 atlikti sistemingus patikrinimus. Prad\u0117kite nuo skys\u010di\u0173 lygio patikrinimo ir \u012fsitikinkite, kad visos jungtys yra tvirtos. Jei atsiranda nuot\u0117ki\u0173, nedelsdami pakeiskite sandariklius, kad i\u0161vengtum\u0117te skys\u010di\u0173 praradimo.<\/p>\n<p>Reguliarus technin\u0117s prie\u017ei\u016bros grafikas gali pad\u0117ti i\u0161vengti daugelio galim\u0173 problem\u0173. Tinkamas operatori\u0173 mokymas atpa\u017einti ankstyvus gedimo po\u017eymius gali sutaupyti laiko ir sutaupyti i\u0161laid\u0173, susijusi\u0173 su dideliais remonto darbais.<\/p>\n<p><img decoding=\"async\" src=\"https:\/\/www.hydraulic-cylinders.net\/wp-content\/uploads\/2025\/04\/songte-bushings-with-all-kinds-of-excavator-models.webp\" alt=\"\u012evor\u0117s su ekskavatori\u0173 modeliais\"><\/p>\n<h2>Apie m\u016bs\u0173 \u012fmon\u0119<\/h2>\n<p>Esame pakaitini\u0173 hidraulini\u0173 cilindr\u0173 gamintojas, si\u016blantis plat\u0173 gamini\u0173 asortiment\u0105. M\u016bs\u0173 \u012fmon\u0117 tapo pirmaujan\u010dia hidraulini\u0173 cilindr\u0173 gamintoja ir didmenine platintoja tiek vidaus, tiek tarptautin\u0117se rinkose. Siekiame nepriekai\u0161tingos kokyb\u0117s ir vadovaujam\u0117s rafinuota gamybos valdymo strategija.<\/p>\n<p>M\u016bs\u0173 \u012fsipareigojimas diegti inovacijas akivaizdus investuojant \u012f kvalifikuotus techninius darbuotojus, pa\u017eangi\u0105 skaitmenin\u0119 gamybos \u012frang\u0105 ir specializuotas testavimo sistemas. Tai leid\u017eia mums nuolat tobulinti gamybos platform\u0105 ir gerinti gamini\u0173 kokyb\u0119. Did\u017eiuojam\u0117s savo geb\u0117jimu u\u017etikrinti didel\u012f efektyvum\u0105, tikslum\u0105 ir auk\u0161\u010diausi\u0105 kokyb\u0119, kad patenkintume \u012fvairius klient\u0173 poreikius.<\/p>\n<p>Si\u016blome individualiai pritaikytas paslaugas, tarptautinius sertifikatus ir patikim\u0105 garantin\u012f aptarnavim\u0105, u\u017etikrindami, kad m\u016bs\u0173 klientai gaut\u0173 geriausius \u012fmanomus produktus ir paslaugas.<\/p>\n<p><img decoding=\"async\" src=\"https:\/\/www.hydraulic-cylinders.net\/wp-content\/uploads\/2025\/04\/songte-company-4.webp\" alt=\"\u012emon\u0117s ap\u017evalga\"><br \/>\n<img decoding=\"async\" src=\"https:\/\/www.hydraulic-cylinders.net\/wp-content\/uploads\/2025\/04\/songte-company-3.webp\" alt=\"\u012emon\u0117s patalpos\"><\/p>\n<p>Autorius: lyl<\/p>","protected":false},"excerpt":{"rendered":"<p>Boom Cylinder For Nante NT45 Product Definition and Overview The Boom Cylinder for Nante NT45 is a specialized hydraulic cylinder designed for controlling the movement of excavator buckets and other heavy machinery attachments. These cylinders are crucial in enabling the lifting, lowering, and tilting of buckets, facilitating various material handling tasks. As a key component [&hellip;]<\/p>","protected":false},"featured_media":17873,"comment_status":"open","ping_status":"closed","template":"","meta":{"_et_pb_use_builder":"","_et_pb_old_content":"","_et_gb_content_width":""},"product_brand":[],"product_cat":[1546],"product_tag":[1547,1496],"class_list":{"0":"post-19550","1":"product","2":"type-product","3":"status-publish","4":"has-post-thumbnail","6":"product_cat-boom-cylinders","7":"product_tag-boom-cylinders","8":"product_tag-hydraulic-cylinders","10":"first","11":"instock","12":"shipping-taxable","13":"product-type-simple"},"amp_enabled":true,"_links":{"self":[{"href":"https:\/\/www.hydraulic-cylinders.net\/lt\/wp-json\/wp\/v2\/product\/19550","targetHints":{"allow":["GET"]}}],"collection":[{"href":"https:\/\/www.hydraulic-cylinders.net\/lt\/wp-json\/wp\/v2\/product"}],"about":[{"href":"https:\/\/www.hydraulic-cylinders.net\/lt\/wp-json\/wp\/v2\/types\/product"}],"replies":[{"embeddable":true,"href":"https:\/\/www.hydraulic-cylinders.net\/lt\/wp-json\/wp\/v2\/comments?post=19550"}],"wp:featuredmedia":[{"embeddable":true,"href":"https:\/\/www.hydraulic-cylinders.net\/lt\/wp-json\/wp\/v2\/media\/17873"}],"wp:attachment":[{"href":"https:\/\/www.hydraulic-cylinders.net\/lt\/wp-json\/wp\/v2\/media?parent=19550"}],"wp:term":[{"taxonomy":"product_brand","embeddable":true,"href":"https:\/\/www.hydraulic-cylinders.net\/lt\/wp-json\/wp\/v2\/product_brand?post=19550"},{"taxonomy":"product_cat","embeddable":true,"href":"https:\/\/www.hydraulic-cylinders.net\/lt\/wp-json\/wp\/v2\/product_cat?post=19550"},{"taxonomy":"product_tag","embeddable":true,"href":"https:\/\/www.hydraulic-cylinders.net\/lt\/wp-json\/wp\/v2\/product_tag?post=19550"}],"curies":[{"name":"wp","href":"https:\/\/api.w.org\/{rel}","templated":true}]}}