{"id":19552,"date":"2025-04-07T06:54:07","date_gmt":"2025-04-07T06:54:07","guid":{"rendered":"https:\/\/www.hydraulic-cylinders.net\/product\/boom-cylinder-for-nante-nt130uu\/"},"modified":"2025-04-07T06:54:10","modified_gmt":"2025-04-07T06:54:10","slug":"boom-cylinder-for-nante-nt130uu","status":"publish","type":"product","link":"https:\/\/www.hydraulic-cylinders.net\/lt\/produktas\/boom-cylinder-for-nante-nt130uu\/","title":{"rendered":"Str\u0117l\u0117s cilindras, skirtas Nante NT130UU"},"content":{"rendered":"<h1>Str\u0117l\u0117s cilindras, skirtas Nante NT130UU<\/h1>\n<h2>Produkto ap\u017evalga<\/h2>\n<p>\u201eNante NT130UU\u201c str\u0117l\u0117s cilindras yra labai svarbus hidraulini\u0173 sistem\u0173 komponentas, specialiai sukurtas sunkiosios technikos kau\u0161\u0173 jud\u0117jimui valdyti. \u0160ie hidrauliniai cilindrai yra gyvybi\u0161kai svarb\u016bs ekskavatoriams, ekskavatoriniams krautuvams ir frontaliniams krautuvams, nes jie palengvina efektyv\u0173 kau\u0161o k\u0117lim\u0105, nuleidim\u0105 ir pakreipim\u0105, kad b\u016bt\u0173 supaprastintos med\u017eiag\u0173 tvarkymo u\u017eduotys.<\/p>\n<p>Kau\u0161o cilindras yra hidraulinio cilindro tipas, veikiantis esant auk\u0161tam sl\u0117giui, kad valdyt\u0173 \u012frangos pried\u0173 jud\u0117jim\u0105. Jis atlieka svarb\u0173 vaidmen\u012f \u012fvairiose srityse, leisdamas operatoriams lengvai atlikti tokias u\u017eduotis kaip kasimas, krovimas ir med\u017eiag\u0173 transportavimas.<\/p>\n<p><img decoding=\"async\" src=\"https:\/\/www.hydraulic-cylinders.net\/wp-content\/uploads\/2025\/04\/songte-company-1.webp\" alt=\"Str\u0117l\u0117s cilindras, skirtas Nante NT130UU\"><\/p>\n<h2>Str\u0117l\u0117s cilindro savyb\u0117s<\/h2>\n<ul>\n<li>\n<h3>Didelis stiprumas ir ilgaam\u017ei\u0161kumas<\/h3>\n<p>    Paprastai pagaminti i\u0161 didelio stiprumo plieno arba aliuminio, \u0161ie cilindrai gali atlaikyti auk\u0161t\u0105 sl\u0117g\u012f ir dideles apkrovas, tod\u0117l tinka at\u0161iaurioms darbo s\u0105lygoms. J\u0173 konstrukcija atsi\u017evelgia \u012f atsparum\u0105 dilimui ir korozijai, tod\u0117l pailg\u0117ja j\u0173 tarnavimo laikas.<\/li>\n<li>\n<h3>Efektyvus hidraulinis valdymas<\/h3>\n<p>    Hidraulin\u0117s alyvos sl\u0117gio panaudojimas leid\u017eia skland\u017eiai jud\u0117ti teleskopiniu b\u016bdu, u\u017etikrinant greit\u0105 reakcij\u0105 \u012f valdymo komandas ir galingas st\u016bmimo bei traukimo j\u0117gas, tinkamas sunkiems kroviniams ir sud\u0117tingoms u\u017eduotims valdyti.<\/li>\n<li>\n<h3>\u012evair\u016bs tipai<\/h3>\n<p>    Cilindrus galima pasirinkti atsi\u017evelgiant \u012f eksploatacinius poreikius, pavyzd\u017eiui, vienpusio veikimo (hidraulin\u0117 sistema naudojama viena kryptimi) arba dvipusio veikimo (hidraulin\u0117 sistema naudojama abiem kryptimis). Kai kurie modeliai yra teleskopiniai, tod\u0117l juos galima labiau prailginti nedidinant i\u0161orini\u0173 matmen\u0173, tod\u0117l jie idealiai tinka naudoti ribotoje erdv\u0117je.<\/li>\n<\/ul>\n<p>M\u016bs\u0173 gaminys puikiai pakei\u010dia \u0161iuos hidraulinius cilindrus.<\/p>\n<p><img decoding=\"async\" src=\"https:\/\/www.hydraulic-cylinders.net\/wp-content\/uploads\/2025\/04\/songte-cylinder-head-with-all-kinds-excavator-models.webp\" alt=\"Pakaitinis str\u0117l\u0117s cilindras\"><\/p>\n<h2>Parai\u0161kos<\/h2>\n<ul>\n<li>\n<h3>Statybin\u0117 \u012franga<\/h3>\n<p>    Ekskavatoriuose str\u0117l\u0117s cilindras yra b\u016btinas kasant, kraunant ir perkeliant \u017eem\u0119 ar \u0161iuk\u0161les. Jis leid\u017eia kau\u0161ui lengvai \u012fsiskverbti \u012f \u017eem\u0119, tod\u0117l kasimo darbai tampa efektyv\u016bs. Ekskavatoriuose-krautuvuose kau\u0161o cilindras padeda tiek kasant, tiek kelti, u\u017etikrindamas universalum\u0105.<\/h3>\n<\/li>\n<li>\n<h3>\u017dem\u0117s \u016bkio technika<\/h3>\n<p>    \u0160ie cilindrai, naudojami frontaliniuose krautuvuose, yra labai svarb\u016bs dirvo\u017eemiui, \u0161ienui ir kitoms med\u017eiagoms semti, kelti ir transportuoti. Jie padidina \u017eem\u0117s \u016bkio darb\u0173 na\u0161um\u0105, nes leid\u017eia greitai ir efektyviai tvarkyti med\u017eiagas.<\/h3>\n<\/li>\n<li>\n<h3>Ekskavatoriai<\/h3>\n<p>    Str\u0117l\u0117s cilindras leid\u017eia kau\u0161ui giliai \u012fsikasti \u012f dirv\u0105, tod\u0117l lengviau atlikti efektyvius kasimo darbus. Tvirta konstrukcija u\u017etikrina, kad kau\u0161as atlaikyt\u0173 sud\u0117tingas dirvo\u017eemio s\u0105lygas, tod\u0117l tai ne\u012fkainojamas turtas statybose ir kasybos darbuose.<\/h3>\n<\/li>\n<li>\n<h3>Krautuvai<\/h3>\n<p>    Priekiniuose krautuvuose \u0161ie cilindrai padeda efektyviai kelti ir i\u0161versti krovinius. J\u0173 patikimas veikimas u\u017etikrina skland\u0173 darb\u0105, suma\u017eina prastovas ir padidina na\u0161um\u0105.<\/h3>\n<\/li>\n<\/ul>\n<h2>Projektavimo aspektai ir atrankos kriterijai<\/h2>\n<ul>\n<li>\n<h3>Keliamoji galia<\/h3>\n<p>    Labai svarbu \u012fvertinti str\u0117l\u0117s cilindro keliam\u0105j\u0105 gali\u0105. Jis turi atlaikyti did\u017eiausias apkrovas, tik\u0117tinas eksploatacijos metu. Tai apima med\u017eiag\u0173 svorio, k\u0117limo metu veikian\u010di\u0173 j\u0117g\u0173 supratim\u0105 ir cilindro tinkamumo \u0161ioms s\u0105lygoms u\u017etikrinim\u0105. Gerai suprojektuotas cilindras, vir\u0161ijantis reikiam\u0105 keliam\u0105j\u0105 gali\u0105, suma\u017eina gedimo rizik\u0105, d\u0117l kurios gali kilti brangi\u0173 prastov\u0173 ir remonto darb\u0173.<\/h3>\n<\/li>\n<li>\n<h3>Sandarinimo efektyvumas<\/h3>\n<p>    Sandarinimas vaidina labai svarb\u0173 vaidmen\u012f hidraulini\u0173 cilindr\u0173 veikimui ir ilgaam\u017ei\u0161kumui. Auk\u0161tos kokyb\u0117s sandarikliai apsaugo nuo hidraulinio skys\u010dio nuot\u0117kio, o tai yra b\u016btina norint palaikyti sl\u0117g\u012f ir efektyvum\u0105. Priklausomai nuo konstrukcijos, naudojami \u012fvair\u016bs sandarikli\u0173 tipai, pavyzd\u017eiui, st\u016bmokli\u0173 ir kot\u0173 sandarikliai. Efektyvus sandarinimas suma\u017eina prie\u017ei\u016bros poreik\u012f ir padidina eksploatavimo patikimum\u0105.<\/h3>\n<\/li>\n<li>\n<h3>Patvarumas<\/h3>\n<p>    Str\u0117l\u0117s cilindro patvarumui \u012ftakos turi jo konstrukcijoje naudojamos med\u017eiagos ir dangos. Didelio stiprumo med\u017eiagos, atsparios dilimui ir korozijai, u\u017etikrina, kad cilindras atlaikyt\u0173 at\u0161iaurias s\u0105lygas. Be to, galima naudoti apsaugines dangas, kurios padidina pavir\u0161iaus atsparum\u0105, pailgina \u012frangos tarnavimo laik\u0105 ir suma\u017eina prie\u017ei\u016bros i\u0161laidas.<\/h3>\n<\/li>\n<li>\n<h3>Saugos funkcijos<\/h3>\n<p>    Saugumas hidraulin\u0117se sistemose yra svarbiausias dalykas. Projektuojant turi b\u016bti numatytos saugos funkcijos, skirtos u\u017ekirsti keli\u0105 atsitiktiniam \u012fsijungimui ir apsaugoti nuo perkrovos. Tai apima apsauginius vo\u017etuvus ir sl\u0117gio ma\u017einimo mechanizmus, kurie padeda suma\u017einti su hidrauliniais gedimais susijusi\u0105 rizik\u0105.<\/h3>\n<\/li>\n<li>\n<h3>Prie\u017ei\u016bra<\/h3>\n<p>    Gerai suprojektuotas str\u0117l\u0117s cilindras taip pat tur\u0117t\u0173 palengvinti technin\u0119 prie\u017ei\u016br\u0105. B\u016btini prieigos ta\u0161kai sandarikliams ar komponentams patikrinti ir pakeisti. \u012egyvendinant konstrukcij\u0105, kuri leid\u017eia atlikti paprastus technin\u0117s prie\u017ei\u016bros procesus, u\u017etikrinamas veiklos efektyvumas ir suma\u017einamos prastova.<\/h3>\n<\/li>\n<\/ul>\n<p><img decoding=\"async\" src=\"https:\/\/www.hydraulic-cylinders.net\/wp-content\/uploads\/2025\/04\/songte-oil-pipes-and-spare-parts.webp\" alt=\"Hidraulini\u0173 cilindr\u0173 dalys\"><\/p>\n<h2>Sandarinimas ir tepimas<\/h2>\n<p>Efektyvus sandarinimas yra gyvybi\u0161kai svarbus norint i\u0161laikyti hidraulini\u0173 cilindr\u0173 veikim\u0105. Siekiant u\u017etikrinti optimal\u0173 veikim\u0105, naudojami \u012fvair\u016bs sandarinimo elementai, tokie kaip st\u016bmokli\u0173 ir kot\u0173 sandarikliai. Sandarikliai, pagaminti i\u0161 patvari\u0173 med\u017eiag\u0173, toki\u0173 kaip poliuretanas ir nitrilo kau\u010diukas, parenkami d\u0117l j\u0173 atsparumo dilimui, kuris yra labai svarbus cilindro ilgaam\u017ei\u0161kumui.<\/p>\n<p>Cilindro korpusas ir srieginiai galiniai pavir\u0161iai yra tiksliai apdirbami, siekiant padidinti atsparum\u0105 dilimui. Taip pat b\u016btina reguliariai tepti; b\u016btina periodi\u0161kai papildyti hidraulin\u0117s alyvos, kad visos judan\u010dios dalys veikt\u0173 skland\u017eiai. Tinkamas tepimas ne tik suma\u017eina trint\u012f, bet ir apsaugo nuo perkaitimo bei pailgina cilindro tarnavimo laik\u0105.<\/p>\n<h2>Reguliarus patikrinimas ir prevencin\u0117 prie\u017ei\u016bra<\/h2>\n<ul>\n<li>\n<h3>Reguliar\u016bs patikrinimai<\/h3>\n<p>    Labai svarbu reguliariai atlikti patikras, kad b\u016bt\u0173 galima nustatyti galimas problemas, kol jos netapo rimtomis. Nusid\u0117v\u0117jimo, nuot\u0117ki\u0173 ar pa\u017eeidim\u0173 po\u017eymi\u0173 patikra tur\u0117t\u0173 b\u016bti \u012fprastin\u0117s prie\u017ei\u016bros grafiko dalis. Ankstyvas aptikimas padeda i\u0161laikyti na\u0161um\u0105 ir i\u0161vengti brangaus remonto.<\/h3>\n<\/li>\n<li>\n<h3>Tinkamas tepimas<\/h3>\n<p>    Tinkamas tepimas yra gyvybi\u0161kai svarbus skland\u017eiam hidraulini\u0173 cilindr\u0173 veikimui. Naudojant tinkamo tipo hidraulin\u0119 alyv\u0105 ir u\u017etikrinant tinkam\u0105 jos lyg\u012f, i\u0161vengiama vidini\u0173 komponent\u0173 susid\u0117v\u0117jimo. Svarbu laikytis tepimo grafiko, kad b\u016bt\u0173 u\u017etikrintas optimalus veikimas.<\/h3>\n<\/li>\n<li>\n<h3>Tarpikli\u0173 keitimas ir kalibravimo patikrinimai<\/h3>\n<p>    Tarpikliai yra susid\u0117vintys elementai, kuriuos galiausiai reik\u0117s pakeisti. Reguliariai tikrinant ir kei\u010diant tarpiklius pagal poreik\u012f, i\u0161vengiama nuot\u0117ki\u0173 ir palaikomas hidraulinis sl\u0117gis. Kalibravimo patikrinimai u\u017etikrina, kad cilindras veikt\u0173 pagal nurodytus parametrus, o tai yra labai svarbu na\u0161umui ir saugai.<\/h3>\n<\/li>\n<\/ul>\n<p>Montuojant labai svarbu tinkamai sulygiuoti cilindr\u0105. Cilindrui pritvirtinti naudokite tinkamus tvirtinimo laikiklius ir u\u017etikrinkite, kad jis b\u016bt\u0173 tinkamai pad\u0117tas, kad komponentai neb\u016bt\u0173 per daug \u012ftempti. Laikykit\u0117s rekomenduojam\u0173 patikrinimo, remonto ir keitimo proced\u016br\u0173, kad u\u017etikrintum\u0117te ilgaam\u017ei\u0161kum\u0105 ir veikim\u0105.<\/p>\n<p><img decoding=\"async\" src=\"https:\/\/www.hydraulic-cylinders.net\/wp-content\/uploads\/2025\/04\/songte-chushion-collar.webp\" alt=\"Hidraulinio cilindro pagalv\u0117l\u0117s apykakl\u0117\"><\/p>\n<h2>Saugos aspektai ir aplinkos veiksniai<\/h2>\n<p>Dirbant su hidraulin\u0117mis sistemomis, saugos priemon\u0117s yra nepaprastai svarbios. Tinkamas operatori\u0173 mokymas, reguliar\u016bs saugos patikrinimai ir eksploatavimo gairi\u0173 laikymasis padeda suma\u017einti rizik\u0105. U\u017etikrinus, kad saugos priemon\u0117s b\u016bt\u0173 \u012fdiegtos ir veikt\u0173, suma\u017e\u0117ja nelaiming\u0173 atsitikim\u0173 tikimyb\u0117 ir padid\u0117ja bendras eksploatavimo saugumas.<\/p>\n<h2>Trik\u010di\u0173 \u0161alinimas ir da\u017eniausiai pasitaikan\u010dios problemos<\/h2>\n<ul>\n<li>\n<h3>Nuot\u0117kio problemos<\/h3>\n<p>    Viena i\u0161 da\u017eniausiai pasitaikan\u010di\u0173 problem\u0173 yra nuot\u0117kis, da\u017enai atsirandantis d\u0117l susid\u0117v\u0117jusi\u0173 sandarikli\u0173 arba netinkamo montavimo. Reguliar\u016bs patikrinimai gali pad\u0117ti anksti nustatyti nuot\u0117kius. Jei aptinkamas nuot\u0117kis, reikia nedelsiant imtis veiksm\u0173, kad prireikus b\u016bt\u0173 pakeisti sandarikliai arba priver\u017etos jungtys.<\/h3>\n<\/li>\n<li>\n<h3>L\u0117tas veikimas<\/h3>\n<p>    Jei cilindras veikia l\u0117tai, tai gali rodyti \u017eem\u0105 hidraulinio skys\u010dio lyg\u012f arba u\u017esikim\u0161imus sistemoje. Patikrinkite skys\u010dio lyg\u012f ir ap\u017ei\u016br\u0117kite, ar n\u0117ra \u017earn\u0173 ar jung\u010di\u0173 u\u017esikim\u0161im\u0173, kurie gal\u0117t\u0173 trukdyti srautui. Tinkamas hidraulinio skys\u010dio lygis yra b\u016btinas norint i\u0161laikyti na\u0161um\u0105.<\/h3>\n<\/li>\n<li>\n<h3>Triuk\u0161mingas veikimas<\/h3>\n<p>    Ne\u012fprasti garsai eksploatacijos metu gali rodyti mechanines problemas. Tai gali b\u016bti d\u0117l nepakankamo tepimo, oro hidraulin\u0117je sistemoje arba pa\u017eeist\u0173 komponent\u0173. Laiku i\u0161tyrus triuk\u0161mo \u0161altin\u012f, galima i\u0161vengti tolesn\u0117s \u017ealos ir u\u017etikrinti skland\u0173 veikim\u0105.<\/h3>\n<\/li>\n<\/ul>\n<p>Norint i\u0161spr\u0119sti \u0161ias problemas, svarbu parengti prevencin\u0117s prie\u017ei\u016bros plan\u0105, kuris apimt\u0173 reguliarius patikrinimus ir skub\u0173 d\u0117mes\u012f bet kokiems gedim\u0173 po\u017eymiams. Prevencin\u0117s priemon\u0117s, tokios kaip kokybi\u0161k\u0173 skys\u010di\u0173 ir komponent\u0173 naudojimas, gali \u017eymiai suma\u017einti gedimo rizik\u0105.<\/p>\n<p><img decoding=\"async\" src=\"https:\/\/www.hydraulic-cylinders.net\/wp-content\/uploads\/2025\/04\/songte-bushings-with-all-kinds-of-excavator-models.webp\" alt=\"Hidraulini\u0173 sistem\u0173 \u012fvor\u0117s\"><\/p>\n<h2>\u012emon\u0117s ap\u017evalga<\/h2>\n<p>Esame gamintojas, kurio specializacija \u2013 pakaitiniai hidrauliniai cilindrai. Si\u016blome plat\u0173 gamini\u0173 asortiment\u0105, kuris leid\u017eia mums tapti pirmaujan\u010diais gamintojais ir didmeniniais platintojais tiek vidaus, tiek tarptautin\u0117se rinkose. Laikom\u0117s grie\u017et\u0173 kokyb\u0117s standart\u0173 ir taikome pa\u017eangias gamybos valdymo strategijas. M\u016bs\u0173 patirtis kyla i\u0161 kvalifikuot\u0173 specialist\u0173, auk\u0161\u010diausios klas\u0117s skaitmenin\u0117s gamybos \u012frangos ir i\u0161sami\u0173 bandym\u0173 sistem\u0173, kurios didina m\u016bs\u0173 gamybos paj\u0117gumus, derinio.<\/p>\n<p>M\u016bs\u0173 \u012fsipareigojimas kokybei atsispindi efektyviuose, tiksliuose ir auk\u0161tos kokyb\u0117s gamybos principuose, atsi\u017evelgdami \u012f \u012fvairius klient\u0173 poreikius. Mes orientuojam\u0117s \u012f nuolatin\u012f tobul\u0117jim\u0105 ir inovacijas, u\u017etikrindami, kad m\u016bs\u0173 produktai i\u0161likt\u0173 pramon\u0117s lyderiai.<\/p>\n<p><img decoding=\"async\" src=\"https:\/\/www.hydraulic-cylinders.net\/wp-content\/uploads\/2025\/04\/songte-company-4.webp\" alt=\"\u012emon\u0117s patalpos\"><br \/>\n<img decoding=\"async\" src=\"https:\/\/www.hydraulic-cylinders.net\/wp-content\/uploads\/2025\/04\/songte-company-3.webp\" alt=\"Gamybos linija\"><\/p>\n<p>Autorius: lyl<\/p>","protected":false},"excerpt":{"rendered":"<p>Boom Cylinder For Nante NT130UU Product Overview The Boom Cylinder for Nante NT130UU is a crucial component in hydraulic systems, specifically designed for controlling the movement of heavy machinery buckets. These hydraulic cylinders are vital for excavators, backhoe loaders, and front loaders, facilitating efficient lifting, lowering, and tilting of the bucket to streamline material handling [&hellip;]<\/p>","protected":false},"featured_media":17875,"comment_status":"open","ping_status":"closed","template":"","meta":{"_et_pb_use_builder":"","_et_pb_old_content":"","_et_gb_content_width":""},"product_brand":[],"product_cat":[1546],"product_tag":[1547,1496],"class_list":{"0":"post-19552","1":"product","2":"type-product","3":"status-publish","4":"has-post-thumbnail","6":"product_cat-boom-cylinders","7":"product_tag-boom-cylinders","8":"product_tag-hydraulic-cylinders","10":"first","11":"instock","12":"shipping-taxable","13":"product-type-simple"},"amp_enabled":true,"_links":{"self":[{"href":"https:\/\/www.hydraulic-cylinders.net\/lt\/wp-json\/wp\/v2\/product\/19552","targetHints":{"allow":["GET"]}}],"collection":[{"href":"https:\/\/www.hydraulic-cylinders.net\/lt\/wp-json\/wp\/v2\/product"}],"about":[{"href":"https:\/\/www.hydraulic-cylinders.net\/lt\/wp-json\/wp\/v2\/types\/product"}],"replies":[{"embeddable":true,"href":"https:\/\/www.hydraulic-cylinders.net\/lt\/wp-json\/wp\/v2\/comments?post=19552"}],"wp:featuredmedia":[{"embeddable":true,"href":"https:\/\/www.hydraulic-cylinders.net\/lt\/wp-json\/wp\/v2\/media\/17875"}],"wp:attachment":[{"href":"https:\/\/www.hydraulic-cylinders.net\/lt\/wp-json\/wp\/v2\/media?parent=19552"}],"wp:term":[{"taxonomy":"product_brand","embeddable":true,"href":"https:\/\/www.hydraulic-cylinders.net\/lt\/wp-json\/wp\/v2\/product_brand?post=19552"},{"taxonomy":"product_cat","embeddable":true,"href":"https:\/\/www.hydraulic-cylinders.net\/lt\/wp-json\/wp\/v2\/product_cat?post=19552"},{"taxonomy":"product_tag","embeddable":true,"href":"https:\/\/www.hydraulic-cylinders.net\/lt\/wp-json\/wp\/v2\/product_tag?post=19552"}],"curies":[{"name":"wp","href":"https:\/\/api.w.org\/{rel}","templated":true}]}}