{"id":19556,"date":"2025-04-07T06:54:18","date_gmt":"2025-04-07T06:54:18","guid":{"rendered":"https:\/\/www.hydraulic-cylinders.net\/product\/boom-cylinder-for-yanmar-vi35-6b\/"},"modified":"2025-04-07T06:54:20","modified_gmt":"2025-04-07T06:54:20","slug":"boom-cylinder-for-yanmar-vi35-6b","status":"publish","type":"product","link":"https:\/\/www.hydraulic-cylinders.net\/lt\/produktas\/boom-cylinder-for-yanmar-vi35-6b\/","title":{"rendered":"Str\u0117l\u0117s cilindras Yanmar VI35-6B"},"content":{"rendered":"<h1>Str\u0117l\u0117s cilindras Yanmar VI35-6B<\/h1>\n<h2>\u012evadas \u012f kau\u0161o cilindrus<\/h2>\n<p>\u201eYanmar VI35-6B\u201c str\u0117l\u0117s cilindras yra labai svarbus sunkiosios technikos hidraulini\u0173 sistem\u0173 komponentas. \u0160is hidraulinis cilindras specialiai valdo kau\u0161o jud\u0117jim\u0105 \u012fvairioje sunkiojoje technikoje, pavyzd\u017eiui, ekskavatoriuose, ekskavatoriniuose krautuvams ir frontaliniams krautuvams. Jis leid\u017eia kau\u0161ui kelti, nuleisti ir pakreipti, taip efektyviai atliekant med\u017eiag\u0173 tvarkymo u\u017eduotis. Kau\u0161o cilindras yra sukurtas taip, kad atlaikyt\u0173 auk\u0161t\u0105 sl\u0117g\u012f ir dideles apkrovas dirbant at\u0161iauriomis s\u0105lygomis, taip pailgindamas jo tarnavimo laik\u0105 ir patikimum\u0105.<\/p>\n<p><img decoding=\"async\" src=\"https:\/\/www.hydraulic-cylinders.net\/wp-content\/uploads\/2025\/04\/songte-company-1.webp\" alt=\"Str\u0117l\u0117s cilindro vaizdas\" \/><\/p>\n<h2>Str\u0117l\u0117s cilindro savyb\u0117s<\/h2>\n<ul>\n<li>\n<h3>Didelis stiprumas ir ilgaam\u017ei\u0161kumas<\/h3>\n<p>Paprastai i\u0161 didelio stiprumo plieno arba aliuminio pagamintas str\u0117l\u0117s cilindras gali atlaikyti auk\u0161t\u0105 sl\u0117g\u012f ir dideles apkrovas. Jis suprojektuotas taip, kad b\u016bt\u0173 atsparus dilimui ir korozijai, u\u017etikrinant ilgesn\u012f tarnavimo laik\u0105 net ir sud\u0117tingomis s\u0105lygomis.<\/p>\n<\/li>\n<li>\n<h3>Efektyvus hidraulinis valdymas<\/h3>\n<p>\u0160is cilindras naudoja hidraulin\u0117s alyvos sl\u0117g\u012f, kad skland\u017eiai i\u0161siskleist\u0173 ir susitraukt\u0173. Jis greitai reaguoja \u012f valdymo komandas, u\u017etikrindamas didel\u0119 st\u016bmimo ir traukimo j\u0117g\u0105, idealiai tinkan\u010di\u0105 sunki\u0173 med\u017eiag\u0173 tvarkymui ir sud\u0117tingoms u\u017eduotims atlikti.<\/p>\n<\/li>\n<li>\n<h3>\u012evair\u016bs tipai<\/h3>\n<p>Str\u0117l\u0117s cilindras, tiekiamas vienpusio veikimo (veikiantis viena kryptimi) arba dvipusio veikimo (veikiantis abiem kryptimis) konstrukcij\u0173, gali b\u016bti pritaikytas \u012fvairiems eksploatavimo poreikiams. Kai kurie modeliai yra teleskopiniai, tod\u0117l galima labiau prailginti nedidinant i\u0161orini\u0173 matmen\u0173, tod\u0117l tinka naudoti ribotoje erdv\u0117je.<\/p>\n<\/li>\n<\/ul>\n<p>M\u016bs\u0173 gaminiai gali puikiai pakeisti \u0161iuos hidraulinius cilindrus.<\/p>\n<p><img decoding=\"async\" src=\"https:\/\/www.hydraulic-cylinders.net\/wp-content\/uploads\/2025\/04\/songte-cylinder-head-with-all-kinds-excavator-models.webp\" alt=\"Cilindro galvut\u0117s vaizdas\" \/><\/p>\n<h2>Str\u0117l\u0117s cilindro pritaikymas<\/h2>\n<ul>\n<li>\n<h3>Statybin\u0117 \u012franga<\/h3>\n<p>Ekskavatoriuose str\u0117l\u0117s cilindrai yra gyvybi\u0161kai svarb\u016bs kasant, kraunant ir perkeliant grunt\u0105 ar \u0161iuk\u0161les. Jie leid\u017eia kau\u0161ui kasti, tod\u0117l jis efektyviai \u012fsiskverbia \u012f \u017eem\u0119. Hidraulinio cilindro tvirtumas ir tikslumas u\u017etikrina, kad operatoriai gali lengvai atlikti sunkias u\u017eduotis.<\/p>\n<\/li>\n<li>\n<h3>\u017dem\u0117s \u016bkio technika<\/h3>\n<p>Priekiniuose krautuvuose \u0161ie cilindrai naudojami dirvo\u017eemiui, \u0161ienui ir kitoms med\u017eiagoms semti, kelti ir transportuoti. Str\u0117l\u0117s cilindro efektyvumas padidina na\u0161um\u0105 \u017eem\u0117s \u016bkyje, tod\u0117l jis yra esminis komponentas atliekant \u012fvairius \u016bkininkavimo darbus.<\/p>\n<\/li>\n<li>\n<h3>Ekskavatoriai<\/h3>\n<p>Str\u0117l\u0117s cilindras leid\u017eia kau\u0161ui \u012fsiskverbti \u012f dirv\u0105, efektyviai atliekant kasimo darbus. \u0160i galimyb\u0117 yra labai svarbi tiek statybose, tiek \u017eem\u0117s \u016bkyje, u\u017etikrinant, kad projektai b\u016bt\u0173 u\u017ebaigti greitai ir efektyviai.<\/p>\n<\/li>\n<li>\n<h3>Krautuvai<\/h3>\n<p>Priekiniuose krautuvuose str\u0117l\u0117s cilindrai padeda efektyviai kelti ir i\u0161versti krovinius. J\u0173 patikimumas ir tvirtumas yra labai svarb\u016bs siekiant maksimaliai padidinti krautuvo operacij\u0173 na\u0161um\u0105, tod\u0117l jie yra nepakei\u010diami statybviet\u0117se ir med\u017eiag\u0173 tvarkymo darbuose.<\/p>\n<\/li>\n<\/ul>\n<h2>Projektavimo aspektai ir atrankos kriterijai<\/h2>\n<ul>\n<li>\n<h3>Keliamoji galia<\/h3>\n<p>Renkantis str\u0117l\u0117s cilindr\u0105, labai svarbu \u012fvertinti jo keliam\u0105j\u0105 gali\u0105. Cilindras turi atlaikyti did\u017eiausias eksploatavimo metu numatomas apkrovas. Perkrova gali sukelti cilindro gedim\u0105, d\u0117l kurio gali sugesti eksploatacija ir kilti pavojus saugai. Cilindro su pakankama saugos riba pasirinkimas u\u017etikrina patikimum\u0105 ir efektyvum\u0105 dirbant su didel\u0117mis apkrovomis.<\/p>\n<\/li>\n<li>\n<h3>Sandarumo vientisumas<\/h3>\n<p>Patikima sandarinimo sistema yra b\u016btina efektyviam veikimui. Sandarinimo komponentai turi u\u017ekirsti keli\u0105 hidraulinio skys\u010dio nuot\u0117kiui ir u\u017eter\u0161imui, kuris gali pakenkti sistemos efektyvumui. Auk\u0161tos kokyb\u0117s sandarikliai, pagaminti i\u0161 patvari\u0173 med\u017eiag\u0173, toki\u0173 kaip poliuretanas ir nitrilo kau\u010diukas, yra b\u016btini optimaliam veikimui ir ilgaam\u017ei\u0161kumui palaikyti.<\/p>\n<\/li>\n<li>\n<h3>Patvarumas<\/h3>\n<p>Patvarumas yra labai svarbus veiksnys projektuojant str\u0117l\u0117s cilindrus. Jie turi atlaikyti at\u0161iaurias s\u0105lygas, \u012fskaitant ekstremalias temperat\u016bras ir abrazyvines med\u017eiagas. Med\u017eiag\u0173 pasirinkimas ir pavir\u0161iaus apdorojimas daro didel\u0119 \u012ftak\u0105 cilindro atsparumui dilimui ir korozijai, o tai turi \u012ftakos jo tarnavimo laikui ir eksploatavimo efektyvumui.<\/p>\n<\/li>\n<li>\n<h3>Saugos funkcijos<\/h3>\n<p>Hidraulinio cilindro konstrukcijoje labai svarbu \u012ftraukti saugos funkcijas. Tai apima sl\u0117gio ma\u017einimo vo\u017etuvus, kurie apsaugo nuo per didelio sl\u0117gio ir u\u017etikrina, kad cilindras gal\u0117t\u0173 be gedim\u0173 atlaikyti netik\u0117tas apkrovas. D\u0117mesys saugai padeda apsaugoti tiek ma\u0161inas, tiek j\u0173 operatorius, suma\u017einant nelaiming\u0173 atsitikim\u0173 rizik\u0105.<\/p>\n<\/li>\n<li>\n<h3>Prieinamumas prie prie\u017ei\u016bros<\/h3>\n<p>Lengva prieiga techninei prie\u017ei\u016brai yra svarbus projektavimo aspektas. Greita prieiga prie sandarikli\u0173, hidraulini\u0173 linij\u0173 ir kit\u0173 komponent\u0173 leid\u017eia atlikti \u012fprastinius patikrinimus ir laiku atlikti remont\u0105. Gerai suprojektuotas cilindras palengvina technin\u0119 prie\u017ei\u016br\u0105, suma\u017eina prastovas ir pailgina \u012frangos tarnavimo laik\u0105.<\/p>\n<\/li>\n<\/ul>\n<p><img decoding=\"async\" src=\"https:\/\/www.hydraulic-cylinders.net\/wp-content\/uploads\/2025\/04\/songte-oil-pipes-and-spare-parts.webp\" alt=\"Hidraulini\u0173 dali\u0173 vaizdas\" \/><\/p>\n<h2>Sandarinimas ir tepimas<\/h2>\n<p>Efektyvus sandarinimas ir tepimas yra labai svarb\u016bs optimaliam str\u0117l\u0117s cilindro veikimui. Siekiant u\u017etikrinti skland\u0173 veikim\u0105, naudojami \u012fvair\u016bs sandarikliai, \u012fskaitant st\u016bmoklio ir strypo sandariklius. Sandarikliai, pagaminti i\u0161 atspari\u0173 dilimui med\u017eiag\u0173, toki\u0173 kaip poliuretanas ir nitrilo kau\u010diukas, u\u017etikrina ilgaam\u017ei\u0161kum\u0105 at\u0161iauriomis s\u0105lygomis. Cilindro korpusas ir srieginiai galai yra kruop\u0161\u010diai apdirbti, siekiant padidinti atsparum\u0105 dilimui. Reguliarus tepimas hidrauline alyva yra b\u016btinas siekiant suma\u017einti trint\u012f ir dilim\u0105, u\u017etikrinant skland\u0173 hidraulin\u0117s sistemos veikim\u0105 ir ilgaam\u017ei\u0161kum\u0105.<\/p>\n<h2>Prevencin\u0117s prie\u017ei\u016bros priemon\u0117s<\/h2>\n<ul>\n<li>\n<h3>Reguliar\u016bs patikrinimai<\/h3>\n<p>Reguliar\u016bs str\u0117l\u0117s cilindro patikrinimai yra labai svarb\u016bs norint nustatyti susid\u0117v\u0117jim\u0105 ir galimas problemas, kol jos nepa\u016bm\u0117jo. Ie\u0161kokite nuot\u0117kio, korozijos ar sandarikli\u0173 bei komponent\u0173 pa\u017eeidim\u0173 po\u017eymi\u0173. Ankstyvas aptikimas gali pad\u0117ti i\u0161vengti brangaus remonto ir padidinti \u012frangos saug\u0105.<\/p>\n<\/li>\n<li>\n<h3>Tinkamas tepimas<\/h3>\n<p>Tinkamas hidraulin\u0117s sistemos tepimas yra b\u016btinas optimaliam veikimui. Reguliariai tikrinkite ir prireikus papildykite hidraulin\u0117s alyvos lyg\u012f, kad palaikytum\u0117te efektyv\u0173 veikim\u0105. Nepakankamas tepimas gali padidinti susid\u0117v\u0117jim\u0105 ir sukelti sistemos gedim\u0105.<\/p>\n<\/li>\n<li>\n<h3>Sandariklio keitimas<\/h3>\n<p>Laikui b\u0117gant, sandarikliai gali susid\u0117v\u0117ti ir juos reikia pakeisti. Reguliariai tikrinkite sandariklius, ar n\u0117ra pa\u017eeidim\u0173 ar nusid\u0117v\u0117jimo po\u017eymi\u0173. Savalaikis sandarikli\u0173 keitimas yra labai svarbus norint i\u0161laikyti hidraulin\u012f vientisum\u0105 ir i\u0161vengti nuot\u0117ki\u0173, u\u017etikrinant, kad sistema veikt\u0173.<\/p>\n<\/li>\n<\/ul>\n<h2>\u012erengimo gair\u0117s<\/h2>\n<p>Tinkamas str\u0117l\u0117s cilindro montavimas yra b\u016btinas optimaliam veikimui ir ilgaam\u017ei\u0161kumui. Pirmiausia \u012fsitikinkite, kad visi komponentai yra \u0161var\u016bs ir be \u0161iuk\u0161li\u0173. Tinkamai sulygiuokite cilindr\u0105 su tvirtinimo laikikliais, kad i\u0161vengtum\u0117te per didelio cilindro \u012ftempimo. Naudokite tinkamus tvirtinimo laikiklius, kad tvirtai pritvirtintum\u0117te cilindr\u0105. Montuodami \u012fsitikinkite, kad hidraulin\u0117s linijos yra tinkamai prijungtos, be joki\u0173 sulenkim\u0173 ar susisukim\u0173. Po montavimo atlikite i\u0161sam\u0173 sistemos patikrinim\u0105 ir i\u0161bandykite j\u0105, kad patikrintum\u0117te veikim\u0105 ir ar n\u0117ra nuot\u0117ki\u0173. Laikydamiesi \u0161i\u0173 veiksm\u0173 u\u017etikrinsite efektyv\u0173 cilindro veikim\u0105 ir pailginsite jo tarnavimo laik\u0105.<\/p>\n<h2>Prie\u017ei\u016bros u\u017eduotys<\/h2>\n<ul>\n<li>\n<h3>Reguliar\u016bs patikrinimai<\/h3>\n<p>Norint \u012fvertinti hidraulin\u0117s sistemos b\u016bkl\u0119, b\u016btina reguliariai j\u0105 tikrinti. Patikrinkite, ar n\u0117ra nuot\u0117ki\u0173, ne\u012fprast\u0173 gars\u0173 ar na\u0161umo problem\u0173. Reguliarus steb\u0117jimas padeda anksti nustatyti problemas ir i\u0161vengti didel\u0117s \u017ealos.<\/p>\n<\/li>\n<li>\n<h3>Tepimas<\/h3>\n<p>Reguliarus cilindro tepimas yra b\u016btinas norint u\u017etikrinti skland\u0173 veikim\u0105. Reguliariai tikrinkite hidraulin\u0117s alyvos lyg\u012f ir prireikus papildykite. Tinkamo tipo hidraulin\u0117s alyvos naudojimas yra labai svarbus norint i\u0161laikyti optimal\u0173 na\u0161um\u0105 ir i\u0161vengti nusid\u0117v\u0117jimo.<\/p>\n<\/li>\n<li>\n<h3>Sandariklio keitimas<\/h3>\n<p>Tarpikliai tur\u0117t\u0173 b\u016bti da\u017enai tikrinami d\u0117l susid\u0117v\u0117jimo ir kei\u010diami pagal poreik\u012f. Tinkamai pri\u017ei\u016brimi tarpikliai apsaugo nuo nuot\u0117ki\u0173 ir pagerina cilindro efektyvum\u0105. \u012esitikinkite, kad kei\u010diami tarpikliai yra suderinami su cilindro tipu, kad b\u016bt\u0173 i\u0161laikytas optimalus veikimas.<\/p>\n<\/li>\n<\/ul>\n<p><img decoding=\"async\" src=\"https:\/\/www.hydraulic-cylinders.net\/wp-content\/uploads\/2025\/04\/songte-chushion-collar.webp\" alt=\"Pagalv\u0117l\u0117s apykakl\u0117s vaizdas\" \/><\/p>\n<h2>Saugos aspektai ir aplinkos veiksniai<\/h2>\n<p>Naudojant hidraulinius cilindrus, b\u016btina \u012fdiegti saugos priemones, siekiant i\u0161vengti nelaiming\u0173 atsitikim\u0173 ir u\u017etikrinti operatoriaus saug\u0105. \u012esitikinkite, kad visos apsaugos priemon\u0117s yra vietoje, o operatoriai yra apmokyti saugaus naudojimo praktikos. Reguliariai tikrinkite hidraulines \u017earnas ir jungtis, ar n\u0117ra pa\u017eeidim\u0173, nes nuot\u0117kiai gali kelti pavoj\u0173 aplinkai. Be to, tinkamas hidraulini\u0173 skys\u010di\u0173 utilizavimas yra labai svarbus siekiant suma\u017einti poveik\u012f aplinkai. Teikdami pirmenyb\u0119 saugos ir aplinkosaugos aspektams, galite sukurti saugesn\u0119 ir tvaresn\u0119 darbo aplink\u0105.<\/p>\n<h2>Trik\u010di\u0173 \u0161alinimas ir da\u017eniausiai pasitaikan\u010dios problemos<\/h2>\n<ul>\n<li>\n<h3>Hidraulinio skys\u010dio nuot\u0117kis<\/h3>\n<p>Nuot\u0117kiai gali atsirasti d\u0117l susid\u0117v\u0117jusi\u0173 sandarikli\u0173 arba pa\u017eeist\u0173 hidraulini\u0173 linij\u0173. Reguliariai tikrinkite sandariklius ir prireikus juos pakeiskite. \u012esitikinkite, kad visos jungtys yra sandarios, kad i\u0161vengtum\u0117te skys\u010dio praradimo.<\/p>\n<\/li>\n<li>\n<h3>Nenuoseklus cilindro jud\u0117jimas<\/h3>\n<p>Jei str\u0117l\u0117s cilindras skland\u017eiai nei\u0161siple\u010dia arba nesusitraukia, patikrinkite hidraulinio skys\u010dio lyg\u012f ir sandarikli\u0173 vientisum\u0105. Oras hidraulin\u0117je sistemoje taip pat gali sukelti netolyg\u0173 veikim\u0105, tod\u0117l sistem\u0105 gali tekti nuorinti.<\/p>\n<\/li>\n<li>\n<h3>Perkaitimas<\/h3>\n<p>Perkaitim\u0105 gali sukelti per didel\u0117 apkrova arba nepakankamas tepimas. \u012esitikinkite, kad cilindras n\u0117ra perkrautas ir kad hidraulin\u0117s alyvos lygis yra pakankamas. Reguliariai tikrinkite, ar n\u0117ra susid\u0117v\u0117jimo po\u017eymi\u0173, ir prireikus pakeiskite komponentus.<\/p>\n<\/li>\n<\/ul>\n<h2>Trik\u010di\u0173 \u0161alinimo patarimai<\/h2>\n<p>Nor\u0117dami efektyviai diagnozuoti ir i\u0161spr\u0119sti str\u0117l\u0117s cilindro problemas, pirmiausia atlikite sisteming\u0105 vis\u0173 komponent\u0173 patikrinim\u0105. Ie\u0161kokite susid\u0117v\u0117jimo, nuot\u0117ki\u0173 ar sandarikli\u0173 pa\u017eeidim\u0173 po\u017eymi\u0173. Reguliariai atlikite technin\u0119 prie\u017ei\u016br\u0105, kad i\u0161vengtum\u0117te problem\u0173 dar joms neatsiradus. Jei problemos i\u0161lieka, kreipkit\u0117s pagalbos \u012f kvalifikuot\u0105 specialist\u0105. Prevencin\u0117s priemon\u0117s, pvz., technin\u0117s prie\u017ei\u016bros grafik\u0173 laikymasis ir kokybi\u0161k\u0173 komponent\u0173 naudojimas, gali \u017eymiai suma\u017einti problem\u0173 atsiradimo tikimyb\u0119.<\/p>\n<p><img decoding=\"async\" src=\"https:\/\/www.hydraulic-cylinders.net\/wp-content\/uploads\/2025\/04\/songte-bushings-with-all-kinds-of-excavator-models.webp\" alt=\"\u012evori\u0173 vaizdas\" \/><\/p>\n<h2>Apie m\u016bs\u0173 \u012fmon\u0119<\/h2>\n<p>Esame pakaitini\u0173 hidraulini\u0173 cilindr\u0173 gamintojas, si\u016blantis plat\u0173 gamini\u0173 asortiment\u0105, kuris mus pozicionuoja kaip vien\u0105 i\u0161 pirmaujan\u010di\u0173 gamintoj\u0173 ir didmeninink\u0173 vidaus ir tarptautin\u0117se rinkose. Laikom\u0117s auk\u0161\u010diausios kokyb\u0117s, kuri\u0105 palaiko patobulintos gamybos valdymo strategijos. M\u016bs\u0173 \u012fmon\u0117 nuolat tobulina savo gamybos paj\u0117gumus, pasitelkdama kvalifikuotus darbuotojus, pa\u017eangi\u0105 skaitmenin\u0119 gamybos \u012frang\u0105 ir profesionali\u0105 testavimo sistem\u0105. Esame \u012fsipareigoj\u0119 u\u017etikrinti auk\u0161t\u0105 efektyvum\u0105, tikslum\u0105 ir kokyb\u0119, kad patenkintume \u012fvairius klient\u0173 poreikius.<\/p>\n<ul>\n<li>\n<h3>Profesionalumas<\/h3>\n<p>M\u016bs\u0173 komand\u0105 sudaro hidraulikos ir in\u017einerijos ekspertai, u\u017etikrinantys, kad m\u016bs\u0173 gaminiai atitikt\u0173 auk\u0161\u010diausius na\u0161umo ir patikimumo standartus.<\/p>\n<\/li>\n<li>\n<h3>Tarptautinis sertifikavimas<\/h3>\n<p>M\u016bs\u0173 gaminiai yra sertifikuoti pagal tarptautinius kokyb\u0117s standartus, u\u017etikrinant klientams j\u0173 ilgaam\u017ei\u0161kum\u0105 ir efektyvum\u0105.<\/p>\n<\/li>\n<li>\n<h3>Individual\u016bs u\u017esakymai<\/h3>\n<p>Si\u016blome individualius sprendimus, pritaikytus konkretiems poreikiams, taip didindami savo galimybes aptarnauti \u012fvairias pramon\u0117s \u0161akas.<\/p>\n<\/li>\n<li>\n<h3>Pa\u017eangi gamybos \u012franga<\/h3>\n<p>M\u016bs\u0173 moderniausios gamybos \u012fmon\u0117s naudoja naujausias technologijas, kad u\u017etikrint\u0173 kiekvieno gaminio tikslum\u0105 ir kokyb\u0119.<\/p>\n<\/li>\n<li>\n<h3>Aptarnavimas po pardavimo<\/h3>\n<p>Teikiame visapusi\u0161k\u0105 garantin\u012f aptarnavim\u0105, u\u017etikrindami, kad m\u016bs\u0173 klientai gaut\u0173 pagalb\u0105 visada, kai jos reikia, ir pagerindami bendr\u0105 j\u0173 patirt\u012f.<\/p>\n<\/li>\n<\/ul>\n<p><img decoding=\"async\" src=\"https:\/\/www.hydraulic-cylinders.net\/wp-content\/uploads\/2025\/04\/songte-company-4.webp\" alt=\"\u012emon\u0117s paveiksl\u0117lis 1\" \/><br \/>\n<img decoding=\"async\" src=\"https:\/\/www.hydraulic-cylinders.net\/wp-content\/uploads\/2025\/04\/songte-company-3.webp\" alt=\"\u012emon\u0117s paveiksl\u0117lis 2\" \/><\/p>\n<p>Autorius: lyl<\/p>","protected":false},"excerpt":{"rendered":"<p>Boom Cylinder For Yanmar VI35-6B Introduction to Bucket Cylinders The Boom Cylinder for Yanmar VI35-6B is a crucial component in hydraulic systems used in heavy machinery. This hydraulic cylinder specifically controls the movement of the bucket on various heavy equipment such as excavators, backhoe loaders, and front loaders. It allows the bucket to lift, lower, [&hellip;]<\/p>","protected":false},"featured_media":17879,"comment_status":"open","ping_status":"closed","template":"","meta":{"_et_pb_use_builder":"","_et_pb_old_content":"","_et_gb_content_width":""},"product_brand":[],"product_cat":[1546],"product_tag":[1547,1496],"class_list":{"0":"post-19556","1":"product","2":"type-product","3":"status-publish","4":"has-post-thumbnail","6":"product_cat-boom-cylinders","7":"product_tag-boom-cylinders","8":"product_tag-hydraulic-cylinders","10":"first","11":"instock","12":"shipping-taxable","13":"product-type-simple"},"amp_enabled":true,"_links":{"self":[{"href":"https:\/\/www.hydraulic-cylinders.net\/lt\/wp-json\/wp\/v2\/product\/19556","targetHints":{"allow":["GET"]}}],"collection":[{"href":"https:\/\/www.hydraulic-cylinders.net\/lt\/wp-json\/wp\/v2\/product"}],"about":[{"href":"https:\/\/www.hydraulic-cylinders.net\/lt\/wp-json\/wp\/v2\/types\/product"}],"replies":[{"embeddable":true,"href":"https:\/\/www.hydraulic-cylinders.net\/lt\/wp-json\/wp\/v2\/comments?post=19556"}],"wp:featuredmedia":[{"embeddable":true,"href":"https:\/\/www.hydraulic-cylinders.net\/lt\/wp-json\/wp\/v2\/media\/17879"}],"wp:attachment":[{"href":"https:\/\/www.hydraulic-cylinders.net\/lt\/wp-json\/wp\/v2\/media?parent=19556"}],"wp:term":[{"taxonomy":"product_brand","embeddable":true,"href":"https:\/\/www.hydraulic-cylinders.net\/lt\/wp-json\/wp\/v2\/product_brand?post=19556"},{"taxonomy":"product_cat","embeddable":true,"href":"https:\/\/www.hydraulic-cylinders.net\/lt\/wp-json\/wp\/v2\/product_cat?post=19556"},{"taxonomy":"product_tag","embeddable":true,"href":"https:\/\/www.hydraulic-cylinders.net\/lt\/wp-json\/wp\/v2\/product_tag?post=19556"}],"curies":[{"name":"wp","href":"https:\/\/api.w.org\/{rel}","templated":true}]}}