{"id":19558,"date":"2025-04-07T06:54:23","date_gmt":"2025-04-07T06:54:23","guid":{"rendered":"https:\/\/www.hydraulic-cylinders.net\/product\/boom-cylinder-for-yanmar-sv025-6\/"},"modified":"2025-04-07T06:54:25","modified_gmt":"2025-04-07T06:54:25","slug":"boom-cylinder-for-yanmar-sv025-6","status":"publish","type":"product","link":"https:\/\/www.hydraulic-cylinders.net\/lt\/produktas\/boom-cylinder-for-yanmar-sv025-6\/","title":{"rendered":"Str\u0117l\u0117s cilindras Yanmar SV025-6"},"content":{"rendered":"<h1>Str\u0117l\u0117s cilindras Yanmar SV025-6<\/h1>\n<h2>Str\u0117l\u0117s cilindro supratimas<\/h2>\n<p>Str\u0117l\u0117s cilindras yra esminis hidraulinis komponentas, specialiai sukurtas valdyti kau\u0161\u0173 jud\u0117jim\u0105 sunkiosiose ma\u0161inose, tokiose kaip ekskavatoriai, ekskavatoriniai krautuvai ir frontaliniai krautuvai. \u0160is hidraulinis cilindras leid\u017eia atlikti k\u0117limo, nuleidimo ir pakreipimo judesius, taip efektyviai palengvindamas med\u017eiag\u0173 tvarkymo u\u017eduotis.<\/p>\n<p>Sukurti atlaikyti sud\u0117tingas statybvie\u010di\u0173 ir \u017eem\u0117s kasimo aik\u0161teli\u0173 s\u0105lygas, str\u0117l\u0117s cilindrai atlieka itin svarb\u0173 vaidmen\u012f hidraulin\u0117se sistemose. J\u0173 pagrindin\u0117 funkcija \u2013 hidraulin\u012f sl\u0117g\u012f paversti mechanine j\u0117ga, leid\u017eian\u010dia operatoriams tiksliai valdyti \u012frang\u0105. Naudojant hidraulin\u0119 alyv\u0105 kaip terp\u0119, \u0161ie cilindrai pasiekia skland\u017eius ir kontroliuojamus judesius, tod\u0117l yra nepakei\u010diami operatoriams, tvarkantiems sunkius krovinius.<\/p>\n<p><img decoding=\"async\" src=\"https:\/\/www.hydraulic-cylinders.net\/wp-content\/uploads\/2025\/04\/songte-company-1.webp\" alt=\"Str\u0117l\u0117s cilindras\" \/><\/p>\n<h2>Pagrindin\u0117s str\u0117l\u0117s cilindro savyb\u0117s<\/h2>\n<ul>\n<li><strong>Didelis stiprumas ir ilgaam\u017ei\u0161kumas:<\/strong> Paprastai pagaminti i\u0161 didelio stiprumo plieno arba aliuminio, \u0161ie cilindrai gali atlaikyti auk\u0161t\u0105 sl\u0117g\u012f ir dideles apkrovas, gerai prisitaikydami prie at\u0161iauri\u0173 darbo s\u0105lyg\u0173. J\u0173 konstrukcijoje pabr\u0117\u017eiamas atsparumas dilimui ir apsauga nuo korozijos, taip pailginant j\u0173 tarnavimo laik\u0105.<\/li>\n<li><strong>Efektyvus hidraulinis valdymas:<\/strong> Str\u0117l\u0117s cilindras naudoja hidraulin\u0117s alyvos sl\u0117g\u012f, kad b\u016bt\u0173 u\u017etikrintas sklandus str\u0117l\u0117s i\u0161skleidimas ir \u012ftraukimas, u\u017etikrinant greit\u0105 reakcij\u0105 \u012f operatoriaus komandas ir tvirtas st\u016bmimo bei traukimo j\u0117gas atliekant sunkias u\u017eduotis.<\/li>\n<li><strong>\u012evair\u016bs tipai:<\/strong> Str\u0117l\u0117s cilindrus galima pasirinkti vienpusio veikimo (hidraulin\u0117 j\u0117ga veikia viena kryptimi) arba dvipusio veikimo (veikia abiem kryptimis), kad b\u016bt\u0173 patenkinti \u012fvair\u016bs eksploataciniai poreikiai. Kai kurie modeliai yra teleskopiniai, tod\u0117l juos galima labiau i\u0161tiesti nedidinant i\u0161orini\u0173 matmen\u0173, tod\u0117l tai idealiai tinka naudoti ribotoje erdv\u0117je.<\/li>\n<li><strong>Individuali gamyba:<\/strong> Mes specializuojam\u0117s str\u0117l\u0117s cilindr\u0173, kurie puikiai pakei\u010dia kitus hidraulinius cilindrus, gamyboje, u\u017etikrindami suderinamum\u0105 ir optimal\u0173 na\u0161um\u0105.<\/li>\n<li><strong>Universalios taikymo sritys:<\/strong> \u0160ie cilindrai yra skirti \u012fvairioms sunkiosioms ma\u0161inoms, tod\u0117l jie yra b\u016btini daugelyje pramon\u0117s \u0161ak\u0173.<\/li>\n<\/ul>\n<p><img decoding=\"async\" src=\"https:\/\/www.hydraulic-cylinders.net\/wp-content\/uploads\/2025\/04\/songte-cylinder-head-with-all-kinds-excavator-models.webp\" alt=\"Ekskavatori\u0173 modeliai\" \/><\/p>\n<h2>Str\u0117l\u0117s cilindro pritaikymas<\/h2>\n<h3>Statybin\u0117 \u012franga<\/h3>\n<p>Ekskavatoriuose str\u0117l\u0117s cilindrai yra labai svarb\u016bs kasant, kraunant ir perkeliant \u017eem\u0119 ar \u0161iuk\u0161les. Jie suteikia reikiam\u0105 j\u0117g\u0105 kau\u0161ui nuleisti ir pakelti, leisdami operatoriams efektyviai atlikti u\u017eduotis. Ekskavatoriuose-krautuvuose \u0161ie cilindrai padeda ne tik kasti, bet ir kelti med\u017eiagas, tod\u0117l jie yra universal\u016bs statybos darbuose.<\/p>\n<h3>\u017dem\u0117s \u016bkio technika<\/h3>\n<p>Priekiniuose krautuvuose str\u0117l\u0117s cilindrai naudojami dirvo\u017eemiui, \u0161ienui ir kitoms med\u017eiagoms semti, kelti ir transportuoti. Tvirta j\u0173 konstrukcija padeda \u016bkininkams susidoroti su sunkiais kroviniais, pagerindama \u016bkio produktyvum\u0105 ir efektyvum\u0105. Sklandus str\u0117l\u0117s cilindr\u0173 veikimas u\u017etikrina, kad technika gal\u0117t\u0173 atlikti \u012fvairias u\u017eduotis be trikd\u017ei\u0173.<\/p>\n<h3>Ekskavatoriai<\/h3>\n<p>Ekskavatoriuose str\u0117l\u0117s cilindras leid\u017eia kau\u0161ui efektyviai \u012fsiskverbti \u012f dirv\u0105, u\u017etikrinant efektyv\u0173 kasim\u0105. \u0160i funkcija yra gyvybi\u0161kai svarbi kasimo projektuose, kur reikalingas tikslumas ir galia, kad b\u016bt\u0173 galima greitai ir saugiai perkelti didelius med\u017eiagos kiekius.<\/p>\n<h3>Krautuvai<\/h3>\n<p>Priekiniuose krautuvuose str\u0117l\u0117s cilindrai palengvina efektyv\u0173 krovini\u0173 k\u0117lim\u0105 ir i\u0161vertim\u0105. Jie leid\u017eia operatoriams pakelti kau\u0161\u0105, kad b\u016bt\u0173 galima i\u0161versti med\u017eiagas auk\u0161tyje, taip pagerinant darbo eig\u0105 ir sutrumpinant darbo laik\u0105 statybviet\u0117je.<\/p>\n<h2>Projektavimo aspektai ir atrankos kriterijai<\/h2>\n<h3>Keliamoji galia<\/h3>\n<p>Renkantis str\u0117l\u0117s cilindr\u0105, labai svarbu suprasti keliam\u0105j\u0105 gali\u0105. Tai rei\u0161kia maksimal\u0173 svor\u012f, kur\u012f cilindras gali atlaikyti i\u0161laikant eksploatacin\u012f efektyvum\u0105. Keliamoji galia priklauso nuo toki\u0173 veiksni\u0173 kaip cilindro dydis, med\u017eiagos stiprumas ir hidraulinio sl\u0117gio ribos. Svarbu pasirinkti cilindr\u0105, kurio keliamoji galia b\u016bt\u0173 pakankama, kad jis ne tik atitikt\u0173 eksploatacinius reikalavimus, bet ir u\u017etikrint\u0173 saugum\u0105 naudojimo metu.<\/p>\n<h3>Sandarumo vientisumas<\/h3>\n<p>Sandarinimas vaidina gyvybi\u0161kai svarb\u0173 vaidmen\u012f hidraulini\u0173 cilindr\u0173 veikime. Tinkami sandarikliai apsaugo nuo hidraulinio skys\u010dio nuot\u0117kio, d\u0117l kurio gali suma\u017e\u0117ti efektyvumas ir b\u016bti pa\u017eeista technika. Sandarikliai turi b\u016bti pagaminti i\u0161 patvari\u0173 med\u017eiag\u0173, kurios gali atlaikyti ekstremalias temperat\u016bras ir sl\u0117gio svyravimus. Tinkamas sandarinimas u\u017etikrina ilgesn\u012f cilindro eksploatavimo laik\u0105 ir didesn\u012f patikimum\u0105.<\/p>\n<h3>Patvarumas<\/h3>\n<p>Patvarumas yra labai svarbus hidraulini\u0173 cilindr\u0173 konstrukcijos veiksnys. Konstrukcijoje naudojamos med\u017eiagos turi b\u016bti atsparios dilimui, korozijai ir kitiems aplinkos veiksniams. Tai ypa\u010d svarbu cilindrams, veikiamiems at\u0161iauriomis s\u0105lygomis, kai dulki\u0173, dr\u0117gm\u0117s ir chemini\u0173 med\u017eiag\u0173 poveikis gali neigiamai paveikti na\u0161um\u0105. Pasirinkus patvar\u0173 str\u0117l\u0117s cilindr\u0105, u\u017etikrinamas pastovus veikimas ir suma\u017einamas da\u017eno keitimo poreikis.<\/p>\n<h3>Saugos funkcijos<\/h3>\n<p>Projektuojant ir renkantis hidraulinius cilindrus, saugumas visada tur\u0117t\u0173 b\u016bti prioritetas. B\u016btina \u012ftraukti saugos elementus, tokius kaip sl\u0117gio ma\u017einimo vo\u017etuvai ir tvirti tvirtinimo elementai, kad b\u016bt\u0173 i\u0161vengta nelaiming\u0173 atsitikim\u0173 eksploatacijos metu. \u0160ios savyb\u0117s ne tik apsaugo \u012frang\u0105, bet ir u\u017etikrina \u0161alia dirban\u010di\u0173 operatori\u0173 saugum\u0105.<\/p>\n<h3>Prieinamumas prie prie\u017ei\u016bros<\/h3>\n<p>Dar vienas svarbus aspektas yra prie\u017ei\u016bros paprastumas. Gerai suprojektuotas str\u0117l\u0117s cilindras tur\u0117t\u0173 u\u017etikrinti lengv\u0105 prieig\u0105 prie svarbiausi\u0173 komponent\u0173, kad b\u016bt\u0173 galima atlikti \u012fprastinius patikrinimus ir technin\u0119 prie\u017ei\u016br\u0105. Tai ne tik palengvina reguliari\u0105 prie\u017ei\u016br\u0105, bet ir prisideda prie cilindro ilgaam\u017ei\u0161kumo bei bendro \u012frangos efektyvumo.<\/p>\n<p><img decoding=\"async\" src=\"https:\/\/www.hydraulic-cylinders.net\/wp-content\/uploads\/2025\/04\/songte-oil-pipes-and-spare-parts.webp\" alt=\"Hidrauliniai komponentai\" \/><\/p>\n<h2>Sandarinimas ir tepimas<\/h2>\n<p>\u012evairi\u0173 sandarinimo komponent\u0173, \u012fskaitant st\u016bmokli\u0173 ir kot\u0173 sandariklius, naudojimas yra nepaprastai svarbus norint i\u0161laikyti hidraulini\u0173 cilindr\u0173 vientisum\u0105. Sandarikliai, pagaminti i\u0161 patvari\u0173 med\u017eiag\u0173, toki\u0173 kaip poliuretanas ir nitrilo kau\u010diukas, yra b\u016btini norint u\u017etikrinti atsparum\u0105 dilimui. Cilindro korpusas ir srieginiai galiniai pavir\u0161iai yra tiksliai apdirbami, siekiant padidinti atsparum\u0105 dilimui ir taip pailginti cilindro eksploatavimo laik\u0105.<\/p>\n<p>Reguliarus tepimas yra b\u016btinas norint i\u0161laikyti optimal\u0173 na\u0161um\u0105. Labai svarbu u\u017etikrinti, kad b\u016bt\u0173 pripildyta pakankamai hidraulin\u0117s alyvos, kad cilindras skland\u017eiai jud\u0117t\u0173. Tepimo nepaisymas gali padidinti trint\u012f, susid\u0117v\u0117jim\u0105 ir galimus gedimus, tod\u0117l svarbu \u012ftraukti \u012fprast\u0105 tepimo grafik\u0105.<\/p>\n<h2>Reguliarus patikrinimas ir prevencin\u0117 prie\u017ei\u016bra<\/h2>\n<ul>\n<li><strong>Reguliar\u016bs patikrinimai:<\/strong> Reguliariai atliekami patikrinimai yra labai svarb\u016bs norint anksti nustatyti bet kokius susid\u0117v\u0117jimo ar pa\u017eeidimo po\u017eymius. Operatoriai tur\u0117t\u0173 vizualiai patikrinti, ar \u012frangai veikiant n\u0117ra nuot\u0117ki\u0173, \u012ftr\u016bkim\u0173 ar ne\u012fprast\u0173 gars\u0173, ir nedelsdami spr\u0119sti visas problemas.<\/li>\n<li><strong>Tinkamas tepimas:<\/strong> Optimaliam veikimui labai svarbu u\u017etikrinti tinkam\u0105 cilindr\u0173 sutepim\u0105. Operatoriai tur\u0117t\u0173 laikytis gamintojo nurodym\u0173 d\u0117l tepalo tipo ir naudojimo da\u017enumo, kad i\u0161laikyt\u0173 efektyvum\u0105.<\/li>\n<li><strong>Sandariklio keitimas:<\/strong> Laikui b\u0117gant, sandarikliai gali susid\u0117v\u0117ti ir juos reikia keisti. Reguliariai tikrinant sandariklius, ar jie nesusid\u0117v\u0117j\u0119, ir u\u017etikrinant, kad jie b\u016bt\u0173 greitai pakeisti, galima i\u0161vengti nuot\u0117ki\u0173 ir i\u0161laikyti hidraulin\u012f efektyvum\u0105.<\/li>\n<\/ul>\n<h2>\u012erengimo gair\u0117s<\/h2>\n<p>Tinkamas str\u0117l\u0117s cilindro montavimas yra labai svarbus optimaliam veikimui. \u0160tai keli \u017eingsniai, kuri\u0173 reikia imtis:<\/p>\n<ul>\n<li>Prie\u0161 montuodami \u012fsitikinkite, kad tvirtinimo laikikliai ir pavir\u0161iai yra \u0161var\u016bs ir be \u0161iuk\u0161li\u0173. Tai suma\u017eins pa\u017eeidimo rizik\u0105 montavimo metu.<\/li>\n<li>Tiksliai sulygiuokite cilindr\u0105 su tvirtinimo ta\u0161kais. Neteisingas sulygiavimas gali sukelti cilindro \u012ftempim\u0105, o tai turi \u012ftakos jo veikimui ir ilgaam\u017ei\u0161kumui.<\/li>\n<li>Cilindrui pritvirtinti naudokite tinkamus tvirtinimo laikiklius, u\u017etikrindami, kad jis b\u016bt\u0173 tvirtai pritvirtintas, nenaudojant per didel\u0117s j\u0117gos, kuri gal\u0117t\u0173 j\u012f pa\u017eeisti.<\/li>\n<li>Dar kart\u0105 patikrinkite vis\u0173 hidraulini\u0173 linij\u0173 ir jung\u010di\u0173 sandarum\u0105, kad i\u0161vengtum\u0117te nuot\u0117ki\u0173. Bet kokios atsilaisvinusios jungtys gali sukelti sistemos neefektyvum\u0105 ir galimus gedimus.<\/li>\n<li>\u012edieg\u0119, atlikite bandom\u0105j\u012f paleidim\u0105, kad \u012fsitikintum\u0117te, jog cilindras veikia skland\u017eiai ir efektyviai, ir patikrinkite, ar n\u0117ra galim\u0173 problem\u0173.<\/li>\n<\/ul>\n<h2>\u012eprastos prie\u017ei\u016bros u\u017eduotys<\/h2>\n<ul>\n<li><strong>Reguliar\u016bs patikrinimai:<\/strong> Reguliar\u016bs vizualiniai patikrinimai gali pad\u0117ti anksti aptikti bet kokius susid\u0117v\u0117jimo ar nuot\u0117ki\u0173 po\u017eymius, taip u\u017ekertant keli\u0105 rimtesn\u0117ms problemoms ateityje. Visada steb\u0117kite hidraulinio skys\u010dio lyg\u012f ir ie\u0161kokite bet koki\u0173 veikimo sutrikim\u0173.<\/li>\n<li><strong>Tepimas:<\/strong> Tinkamas tepimas yra b\u016btinas norint u\u017etikrinti skland\u0173 cilindro veikim\u0105. Gamintojo nurodym\u0173 d\u0117l tepalo tipo ir da\u017enumo laikymasis pagerins na\u0161um\u0105 ir ilgaam\u017ei\u0161kum\u0105.<\/li>\n<li><strong>Sandariklio keitimas:<\/strong> Reik\u0117t\u0173 reguliariai tikrinti sandariklius. Jei pastebite koki\u0173 nors nusid\u0117v\u0117jimo po\u017eymi\u0173, b\u016btina nedelsiant juos pakeisti, kad b\u016bt\u0173 i\u0161laikytas hidraulinis efektyvumas ir i\u0161vengta nuot\u0117ki\u0173.<\/li>\n<\/ul>\n<h2>Saugos aspektai ir aplinkos veiksniai<\/h2>\n<p>Eksploatuojant hidraulinius cilindrus, saugos priemon\u0117s yra nepaprastai svarbios. Operatoriai tur\u0117t\u0173 b\u016bti apmokyti suprasti saugos protokol\u0173 svarb\u0105, \u012fskaitant tinkam\u0173 asmenini\u0173 apsaugos priemoni\u0173 (AAP) d\u0117v\u0117jim\u0105 ir galim\u0173 pavoj\u0173, susijusi\u0173 su cilindr\u0173 eksploatavimu, supratim\u0105. Tur\u0117t\u0173 b\u016bti reguliariai rengiami saugos mokymai, siekiant u\u017etikrinti, kad visi darbuotojai \u017einot\u0173 proced\u016bras ir gal\u0117t\u0173 veiksmingai reaguoti \u012f avarines situacijas.<\/p>\n<h2>Da\u017eniausiai pasitaikan\u010di\u0173 problem\u0173 \u0161alinimas<\/h2>\n<ul>\n<li><strong>Nuot\u0117kis:<\/strong> Viena i\u0161 da\u017eniausi\u0173 hidraulini\u0173 cilindr\u0173 problem\u0173 yra nuot\u0117kis. Jei pastebimas skys\u010dio nuot\u0117kis, tai gali b\u016bti d\u0117l susid\u0117v\u0117jusi\u0173 sandarikli\u0173 arba pa\u017eeist\u0173 jung\u010di\u0173. Greitas sandarikli\u0173 identifikavimas ir pakeitimas gali i\u0161spr\u0119sti \u0161i\u0105 problem\u0105.<\/li>\n<li><strong>Nenuoseklus veikimas:<\/strong> Jei str\u0117l\u0117s cilindras veikia nepastoviai, tai gali rodyti hidraulinio skys\u010dio lygio problemas arba u\u017esikim\u0161imus hidraulin\u0117se linijose. Labai svarbu patikrinti skys\u010dio lyg\u012f ir u\u017etikrinti, kad linijos b\u016bt\u0173 \u0161varios.<\/li>\n<li><strong>L\u0117tas atsakas:<\/strong> L\u0117t\u0105 reakcij\u0105 veikimo metu gali lemti oras hidraulin\u0117je sistemoje arba nepakankamas hidraulinio skys\u010dio kiekis. \u0160i\u0105 problem\u0105 galima i\u0161spr\u0119sti i\u0161leidus sistem\u0105 orui pa\u0161alinti ir papild\u017eius hidraulin\u012f skyst\u012f.<\/li>\n<\/ul>\n<p>Prevencini\u0173 priemoni\u0173, toki\u0173 kaip reguliari technin\u0117 prie\u017ei\u016bra, laikymasis gali gerokai suma\u017einti \u0161i\u0173 problem\u0173 tikimyb\u0119. Operatoriai tur\u0117t\u0173 b\u016bti iniciatyv\u016bs atlikdami technin\u0119 prie\u017ei\u016br\u0105 ir laikytis nustatyt\u0173 proced\u016br\u0173, kad u\u017etikrint\u0173 hidraulin\u0117s sistemos veikim\u0105.<\/p>\n<p><img decoding=\"async\" src=\"https:\/\/www.hydraulic-cylinders.net\/wp-content\/uploads\/2025\/04\/songte-bushings-with-all-kinds-of-excavator-models.webp\" alt=\"Ekskavatoriaus \u012fvor\u0117s\" \/><\/p>\n<h2>Apie m\u016bs\u0173 \u012fmon\u0119<\/h2>\n<p>Esame pirmaujanti hidraulini\u0173 cilindr\u0173 gamintoja ir didmeninink\u0117, specializuojam\u0117s teikdama auk\u0161tos kokyb\u0117s alternatyvas. Platus gamini\u0173 asortimentas leid\u017eia mums b\u016bti vienais i\u0161 pirmaujan\u010di\u0173 \u017eaid\u0117j\u0173 tiek vidaus, tiek tarptautin\u0117se rinkose. Vadovaudamiesi meistri\u0161kumo principu, taikome rafinuotas gamybos strategijas, naudodami pa\u017eangi\u0105 skaitmenin\u0119 \u012frang\u0105 ir profesionalias bandym\u0173 sistemas.<\/p>\n<p>M\u016bs\u0173 \u012fsipareigojimas kokybei atsispindi investicijose \u012f kvalifikuot\u0105 personal\u0105 ir novatori\u0161kas gamybos technologijas, kurios tobulina m\u016bs\u0173 gamybos platformas ir didina gamini\u0173 kokyb\u0119. Siekdami efektyvumo, tikslumo ir auk\u0161tos kokyb\u0117s, mes patenkiname \u012fvairius klient\u0173 poreikius, si\u016blydami individualiai pritaikytus sprendimus.<\/p>\n<p><img decoding=\"async\" src=\"https:\/\/www.hydraulic-cylinders.net\/wp-content\/uploads\/2025\/04\/songte-company-4.webp\" alt=\"\u012emon\u0117s ap\u017evalga\" \/><br \/>\n<img decoding=\"async\" src=\"https:\/\/www.hydraulic-cylinders.net\/wp-content\/uploads\/2025\/04\/songte-company-3.webp\" alt=\"Gamybos \u012frenginiai\" \/><\/p>\n<p>Apibendrinant, m\u016bs\u0173 \u012fmon\u0117 i\u0161siskiria profesionalumu, tarptautiniais sertifikatais, individuali\u0173 klient\u0173 aptarnavimu, pa\u017eangia gamybos \u012franga ir i\u0161skirtiniu aptarnavimu po pardavimo.<\/p>\n<p>Autorius: lyl<\/p>","protected":false},"excerpt":{"rendered":"<p>Boom Cylinder For Yanmar SV025-6 Understanding the Boom Cylinder The boom cylinder is an essential hydraulic component, specifically designed for controlling the movement of buckets in heavy machinery such as excavators, backhoe loaders, and front loaders. This hydraulic cylinder allows for lifting, lowering, and tilting motions, thereby facilitating material handling tasks efficiently. Constructed to endure [&hellip;]<\/p>","protected":false},"featured_media":17881,"comment_status":"open","ping_status":"closed","template":"","meta":{"_et_pb_use_builder":"","_et_pb_old_content":"","_et_gb_content_width":""},"product_brand":[],"product_cat":[1546],"product_tag":[1547,1496],"class_list":{"0":"post-19558","1":"product","2":"type-product","3":"status-publish","4":"has-post-thumbnail","6":"product_cat-boom-cylinders","7":"product_tag-boom-cylinders","8":"product_tag-hydraulic-cylinders","10":"first","11":"instock","12":"shipping-taxable","13":"product-type-simple"},"amp_enabled":true,"_links":{"self":[{"href":"https:\/\/www.hydraulic-cylinders.net\/lt\/wp-json\/wp\/v2\/product\/19558","targetHints":{"allow":["GET"]}}],"collection":[{"href":"https:\/\/www.hydraulic-cylinders.net\/lt\/wp-json\/wp\/v2\/product"}],"about":[{"href":"https:\/\/www.hydraulic-cylinders.net\/lt\/wp-json\/wp\/v2\/types\/product"}],"replies":[{"embeddable":true,"href":"https:\/\/www.hydraulic-cylinders.net\/lt\/wp-json\/wp\/v2\/comments?post=19558"}],"wp:featuredmedia":[{"embeddable":true,"href":"https:\/\/www.hydraulic-cylinders.net\/lt\/wp-json\/wp\/v2\/media\/17881"}],"wp:attachment":[{"href":"https:\/\/www.hydraulic-cylinders.net\/lt\/wp-json\/wp\/v2\/media?parent=19558"}],"wp:term":[{"taxonomy":"product_brand","embeddable":true,"href":"https:\/\/www.hydraulic-cylinders.net\/lt\/wp-json\/wp\/v2\/product_brand?post=19558"},{"taxonomy":"product_cat","embeddable":true,"href":"https:\/\/www.hydraulic-cylinders.net\/lt\/wp-json\/wp\/v2\/product_cat?post=19558"},{"taxonomy":"product_tag","embeddable":true,"href":"https:\/\/www.hydraulic-cylinders.net\/lt\/wp-json\/wp\/v2\/product_tag?post=19558"}],"curies":[{"name":"wp","href":"https:\/\/api.w.org\/{rel}","templated":true}]}}