{"id":19559,"date":"2025-04-07T06:54:25","date_gmt":"2025-04-07T06:54:25","guid":{"rendered":"https:\/\/www.hydraulic-cylinders.net\/product\/boom-cylinder-for-yanmar-sv100\/"},"modified":"2025-04-07T06:54:27","modified_gmt":"2025-04-07T06:54:27","slug":"boom-cylinder-for-yanmar-sv100","status":"publish","type":"product","link":"https:\/\/www.hydraulic-cylinders.net\/lt\/produktas\/boom-cylinder-for-yanmar-sv100\/","title":{"rendered":"Str\u0117l\u0117s cilindras Yanmar SV100"},"content":{"rendered":"<h1>Str\u0117l\u0117s cilindras Yanmar SV100<\/h1>\n<h2>Str\u0117l\u0117s cilindro supratimas<\/h2>\n<p>Str\u0117l\u0117s cilindras yra labai svarbus sunkiosios technikos komponentas, specialiai sukurtas kau\u0161\u0173 jud\u0117jimui valdyti \u012fvairiose srityse. \u0160is hidraulinis cilindras leid\u017eia pakelti, nuleisti ir pakreipti kau\u0161us, tod\u0117l jis yra b\u016btinas med\u017eiag\u0173 tvarkymo u\u017eduotims \u012fvairiose pramon\u0117s \u0161akose.<\/p>\n<p><img decoding=\"async\" src=\"https:\/\/www.hydraulic-cylinders.net\/wp-content\/uploads\/2025\/04\/songte-company-1.webp\" alt=\"Str\u0117l\u0117s cilindro vaizdas\"><\/p>\n<p>In hydraulic systems, boom cylinders play a pivotal role by converting hydraulic pressure into mechanical force. They are utilized in a wide range of heavy equipment, including excavators, backhoe loaders, and front-end loaders, facilitating efficient operations in construction, agriculture, and material handling. Essentially, a bucket cylinder consists of a cylinder body, piston, and rod. The hydraulic fluid pressure acts on the piston, which moves the rod to extend or retract, thus controlling the bucket&#8217;s position.<\/p>\n<h2>Pagrindin\u0117s str\u0117l\u0117s cilindro savyb\u0117s<\/h2>\n<ul>\n<li>\n<h3>Didelis stiprumas ir ilgaam\u017ei\u0161kumas<\/h3>\n<p>Paprastai i\u0161 didelio stiprumo plieno arba aliuminio pagamintas str\u0117l\u0117s cilindras gali atlaikyti didel\u012f sl\u0117g\u012f ir dideles apkrovas. Jo konstrukcija atsi\u017evelg\u0117 \u012f atsparum\u0105 dilimui ir apsaug\u0105 nuo korozijos, u\u017etikrinant ilgaam\u017ei\u0161kum\u0105 net ir at\u0161iauriomis darbo s\u0105lygomis.<\/li>\n<li>\n<h3>Efektyvus hidraulinis valdymas<\/h3>\n<p>Cilindras naudoja hidraulin\u0117s alyvos sl\u0117g\u012f, kad skland\u017eiai i\u0161skleist\u0173 ir atitraukt\u0173, greitai reaguot\u0173 \u012f valdymo komandas ir u\u017etikrint\u0173 didel\u0119 st\u016bmimo bei traukimo j\u0117g\u0105, idealiai tinkan\u010di\u0105 sunkioms ir sud\u0117tingoms u\u017eduotims atlikti.<\/li>\n<li>\n<h3>Tip\u0173 \u012fvairov\u0117<\/h3>\n<p>\u0160ie cilindrai, tiekiami vienpusio veikimo (hidraulin\u0117 galia naudojama viena kryptimi) arba dvipusio veikimo (hidraulin\u0117 galia naudojama abiem kryptimis), atitinka skirtingus eksploatacinius poreikius. Kai kurie modeliai yra teleskopiniai, tod\u0117l juos galima labiau i\u0161tiesti nedidinant i\u0161orini\u0173 matmen\u0173, tod\u0117l jie tinka naudoti ribotoje erdv\u0117je.<\/li>\n<\/ul>\n<p>Mes gaminame \u0161iuos gaminius, u\u017etikrindami puik\u0173 esam\u0173 hidraulini\u0173 cilindr\u0173 pakeitim\u0105.<\/p>\n<p><img decoding=\"async\" src=\"https:\/\/www.hydraulic-cylinders.net\/wp-content\/uploads\/2025\/04\/songte-cylinder-head-with-all-kinds-excavator-models.webp\" alt=\"Hidraulinio cilindro gamybos vaizdas\"><\/p>\n<h2>Str\u0117l\u0117s cilindro pritaikymas<\/h2>\n<ul>\n<li>\n<h3>Statybin\u0117 \u012franga<\/h3>\n<p>Ekskavatoriuose randami str\u0117l\u0117s cilindrai yra gyvybi\u0161kai svarb\u016bs kasant, kraunant ir perkeliant grunt\u0105 ar \u0161iuk\u0161les. Ekskavatoriuose-krautuvuose \u0161ie cilindrai padeda tiek kasti, tiek kelti, u\u017etikrindami efektyv\u0173 \u017eem\u0117s kasim\u0105. J\u0173 tvirtas veikimas u\u017etikrina patikimum\u0105 sud\u0117tingoje statyb\u0173 aplinkoje.<\/h3>\n<\/li>\n<li>\n<h3>\u017dem\u0117s \u016bkio technika<\/h3>\n<p>Priekiniuose krautuvuose naudojami str\u0117l\u0117s cilindrai padeda semti, kelti ir transportuoti tokias med\u017eiagas kaip dirvo\u017eemis ir \u0161ienas. J\u0173 patikimas veikimas padidina \u017eem\u0117s \u016bkio darb\u0173 na\u0161um\u0105, leisdamas efektyviai valdyti i\u0161teklius \u016bkiuose ir ran\u010dose.<\/h3>\n<\/li>\n<li>\n<h3>Ekskavatoriai<\/h3>\n<p>Ekskavatoriuose str\u0117l\u0117s cilindras leid\u017eia kau\u0161ui efektyviai \u012fsiskverbti \u012f \u017eem\u0119, palengvindamas kasimo darbus. D\u0117l savo reagavimo grei\u010dio ir tvirtumo jie yra nepakei\u010diama bet kurio kasimo projekto dalis.<\/h3>\n<\/li>\n<li>\n<h3>Krautuvai<\/h3>\n<p>Priekiniuose krautuvuose str\u0117l\u0117s cilindrai padeda efektyviai pakelti ir i\u0161versti krovinius. J\u0173 konstrukcija u\u017etikrina skland\u0173 veikim\u0105, pagerindama bendr\u0105 pakrovimo ir i\u0161krovimo u\u017eduo\u010di\u0173 na\u0161um\u0105.<\/h3>\n<\/li>\n<\/ul>\n<h2>Projektavimo aspektai ir atrankos kriterijai<\/h2>\n<ul>\n<li>\n<h3>Keliamoji galia<\/h3>\n<p>Str\u0117l\u0117s cilindro keliamoji galia yra labai svarbi. Ji lemia svor\u012f, kur\u012f jis gali saugiai pakelti ir valdyti. Tinkamo keliamosios galios cilindro pasirinkimas u\u017etikrina saugum\u0105 ir apsaugo nuo mechanini\u0173 gedim\u0173 eksploatacijos metu.<\/h3>\n<\/li>\n<li>\n<h3>Sandarinimo efektyvumas<\/h3>\n<p>Efektyvus sandarinimas yra gyvybi\u0161kai svarbus norint palaikyti hidraulin\u012f sl\u0117g\u012f ir i\u0161vengti skys\u010di\u0173 nuot\u0117kio. Auk\u0161tos kokyb\u0117s sandarikliai, atlaikantys eksploatavimo aplink\u0105, pailgina cilindro tarnavimo laik\u0105 ir suma\u017eina prie\u017ei\u016bros da\u017enum\u0105.<\/h3>\n<\/li>\n<li>\n<h3>Patvarumas<\/h3>\n<p>Str\u0117l\u0117s cilindr\u0173 konstrukcijoje naudojamos med\u017eiagos daro didel\u0119 \u012ftak\u0105 j\u0173 ilgaam\u017ei\u0161kumui. Didelio stiprumo lydiniai ir apsaugin\u0117s dangos gali padidinti atsparum\u0105 dilimui, korozijai ir nuovargiui, u\u017etikrindamos patikim\u0105 veikim\u0105 laikui b\u0117gant.<\/h3>\n<\/li>\n<li>\n<h3>Saugos funkcijos<\/h3>\n<p>Saugos mechanizmai, tokie kaip apsauga nuo perkrovos ir sl\u0117gio ma\u017einimo vo\u017etuvai, yra b\u016btini siekiant i\u0161vengti nelaiming\u0173 atsitikim\u0173 ir \u012frangos pa\u017eeidim\u0173. \u0160ios savyb\u0117s padidina eksploatavimo saug\u0105 atliekant med\u017eiag\u0173 tvarkymo u\u017eduotis.<\/h3>\n<\/li>\n<li>\n<h3>Prieinamumas prie prie\u017ei\u016bros<\/h3>\n<p>Labai svarbu suprojektuoti cilindrus taip, kad juos b\u016bt\u0173 lengva pasiekti atliekant technin\u0119 prie\u017ei\u016br\u0105. Lygus pavir\u0161ius ir lengvai pasiekiami aptarnavimo ta\u0161kai palengvina reguliarius patikrinimus, u\u017etikrinant optimali\u0105 \u012frangos darbin\u0119 b\u016bkl\u0119.<\/h3>\n<\/li>\n<\/ul>\n<p><img decoding=\"async\" src=\"https:\/\/www.hydraulic-cylinders.net\/wp-content\/uploads\/2025\/04\/songte-oil-pipes-and-spare-parts.webp\" alt=\"Hidraulini\u0173 cilindr\u0173 atsargini\u0173 dali\u0173 vaizdas\"><\/p>\n<h2>Cilindro sandarinimas ir tepimas<\/h2>\n<p>Str\u0117l\u0117s cilindr\u0173 veikimas ir ilgaam\u017ei\u0161kumas labai priklauso nuo efektyvaus sandarinimo ir tepimo. Hidraulinio skys\u010dio vientisumui palaikyti naudojami \u012fvair\u016bs sandarinimo komponentai, tokie kaip st\u016bmokli\u0173 ir stryp\u0173 sandarikliai. D\u0117l savo atsparumo dilimui da\u017eniausiai naudojamos tokios med\u017eiagos kaip poliuretanas ir nitrilo kau\u010diukas.<\/p>\n<p>Cilindro korpusas ir srieginiai galiniai pavir\u0161iai yra kruop\u0161\u010diai apdirbami, siekiant padidinti atsparum\u0105 dilimui ir u\u017etikrinti sandarum\u0105 esant sl\u0117giui. Reguliarus tepimas tinkama hidrauline alyva yra b\u016btinas norint suma\u017einti trint\u012f ir dilim\u0105, taip u\u017etikrinant skland\u0173 veikim\u0105. Tinkami tepimo intervalai tur\u0117t\u0173 b\u016bti nustatyti atsi\u017evelgiant \u012f eksploatavimo poreikius ir gamintojo rekomendacijas, kad b\u016bt\u0173 i\u0161laikytas optimalus veikimas.<\/p>\n<h2>Reguliarios patikros ir prevencin\u0117s prie\u017ei\u016bros priemon\u0117s<\/h2>\n<ul>\n<li>\n<h3>Reguliar\u016bs patikrinimai<\/h3>\n<p>Labai svarbu periodi\u0161kai tikrinti str\u0117l\u0117s cilindr\u0105, ar n\u0117ra nuot\u0117ki\u0173, susid\u0117v\u0117jimo ir pa\u017eeidim\u0173. Ankstyvas problem\u0173 nustatymas gali pad\u0117ti i\u0161vengti brangaus remonto ir prastov\u0173, u\u017etikrinant skland\u0173 darb\u0105.<\/h3>\n<\/li>\n<li>\n<h3>Tinkamas tepimas<\/h3>\n<p>Tinkamas cilindro sutepimas yra labai svarbus norint suma\u017einti trint\u012f ir nusid\u0117v\u0117jim\u0105. Tinkamo tipo ir kiekio hidraulin\u0117s alyvos naudojimas gali \u017eymiai pailginti cilindro tarnavimo laik\u0105.<\/h3>\n<\/li>\n<li>\n<h3>Sandariklio keitimas<\/h3>\n<p>Reguliariai tikrinant ir kei\u010diant tarpiklius pagal poreik\u012f, galima i\u0161vengti hidraulinio skys\u010dio nuot\u0117kio ir palaikyti sl\u0117g\u012f sistemoje, u\u017etikrinant efektyv\u0173 veikim\u0105 vis\u0105 laik\u0105.<\/h3>\n<\/li>\n<\/ul>\n<h2>Str\u0117l\u0117s cilindro montavimo gair\u0117s<\/h2>\n<p>Tinkamas str\u0117l\u0117s cilindro montavimas yra labai svarbus optimaliam veikimui. Prie\u0161 surinkdami \u012fsitikinkite, kad visi komponentai yra \u0161var\u016bs ir nepa\u017eeisti. Tiksliai sulygiuokite cilindr\u0105, kad i\u0161vengtum\u0117te nesuderinamumo, kuris gali sukelti prie\u0161laikin\u012f susid\u0117v\u0117jim\u0105 ir gedim\u0105.<\/p>\n<p>Cilindrui pritvirtinti naudokite tinkamus tvirtinimo laikiklius, u\u017etikrindami stabilum\u0105 eksploatacijos metu. Laikykit\u0117s gamintojo nurodym\u0173 d\u0117l sukimo momento nustatym\u0173 ir prijungimo detali\u0173. \u012edieg\u0119 atlikite funkcionalumo bandym\u0105, kad \u012fsitikintum\u0117te, jog cilindras veikia skland\u017eiai ir efektyviai.<\/p>\n<h2>\u012eprastos prie\u017ei\u016bros u\u017eduotys<\/h2>\n<ul>\n<li>\n<h3>Periodin\u0117s patikros<\/h3>\n<p>Reguliar\u016bs patikrinimai padeda anksti nustatyti galimas problemas, u\u017etikrinti savalaik\u012f remont\u0105 ir suma\u017einti \u012frangos gedim\u0173 rizik\u0105.<\/h3>\n<\/li>\n<li>\n<h3>Tinkamas tepimas<\/h3>\n<p>Tinkam\u0173 tepal\u0173 naudojimas ir tinkamo alyvos lygio palaikymas yra labai svarb\u016bs skland\u017eiam cilindr\u0173 veikimui ir ilgaam\u017ei\u0161kumui.<\/h3>\n<\/li>\n<li>\n<h3>Tarpikli\u0173 keitimas ir kalibravimo patikrinimai<\/h3>\n<p>Reguliar\u016bs sandarikli\u0173 patikrinimai ir keitimas kartu su hidraulin\u0117s sistemos kalibravimu u\u017etikrina, kad cilindras veikt\u0173 pagal norimus parametrus, padidindamas saug\u0105 ir funkcionalum\u0105.<\/h3>\n<\/li>\n<\/ul>\n<h2>Saugos aspektai ir aplinkos veiksniai<\/h2>\n<p>Dirbant su str\u0117l\u0117s cilindrais, labai svarbu laikytis saugos priemoni\u0173, \u012fskaitant tinkam\u0105 operatori\u0173 mokym\u0105 ir reguliar\u0173 \u012frangos patikrinim\u0105. U\u017etikrinus, kad b\u016bt\u0173 sumontuoti apsauginiai \u012ftaisai ir kad visos hidraulin\u0117s jungtys b\u016bt\u0173 tvirtos, galima i\u0161vengti nelaiming\u0173 atsitikim\u0173. Be to, aplinkos veiksniai, tokie kaip darbo aplinkos temperat\u016bra, gali tur\u0117ti \u012ftakos hidraulini\u0173 sistem\u0173 veikimui ir patikimumui.<\/p>\n<h2>Trik\u010di\u0173 \u0161alinimas ir da\u017eniausiai pasitaikan\u010dios problemos<\/h2>\n<ul>\n<li>\n<h3>Hidraulinio skys\u010dio nuot\u0117kis<\/h3>\n<p>Patikrinkite, ar sandarikliai ir jungtys n\u0117ra susid\u0117v\u0117j\u0119 ir nepa\u017eeisti. Prireikus pakeiskite sandariklius, kad i\u0161vengtum\u0117te skys\u010di\u0173 praradimo.<\/h3>\n<\/li>\n<li>\n<h3>L\u0117tas cilindro jud\u0117jimas<\/h3>\n<p>Patikrinkite hidraulinio skys\u010dio lyg\u012f ir \u012fsitikinkite, kad hidraulin\u0117se linijose n\u0117ra u\u017esikim\u0161im\u0173. Jei reikia, i\u0161valykite arba pakeiskite filtrus.<\/h3>\n<\/li>\n<li>\n<h3>Netik\u0117tas cilindro elgesys<\/h3>\n<p>Patikrinkite valdymo sistem\u0105 ir \u012fsitikinkite, kad visi valdikliai veikia tinkamai. Ie\u0161kokite oro po\u017eymi\u0173 hidrauliniame skystyje, nes tai gali tur\u0117ti \u012ftakos veikimui.<\/h3>\n<\/li>\n<\/ul>\n<p>Greitas \u0161i\u0173 problem\u0173 sprendimas gali suma\u017einti prastovas ir pailginti str\u0117l\u0117s cilindro eksploatavimo laik\u0105.<\/p>\n<p><img decoding=\"async\" src=\"https:\/\/www.hydraulic-cylinders.net\/wp-content\/uploads\/2025\/04\/songte-bushings-with-all-kinds-of-excavator-models.webp\" alt=\"Vaizdo trik\u010di\u0173 \u0161alinimas\"><\/p>\n<h2>Apie m\u016bs\u0173 \u012fmon\u0119<\/h2>\n<p>Esame \u017einomas pakaitini\u0173 hidraulini\u0173 cilindr\u0173 gamintojas, si\u016blantis plat\u0173 gamini\u0173 asortiment\u0105. M\u016bs\u0173 \u012fsipareigojimas siekti meistri\u0161kumo leido mums tapti pirmaujan\u010diu gamintoju ir didmeniniu platintoju tiek vidaus, tiek tarptautin\u0117se rinkose. Mes teikiame pirmenyb\u0119 auk\u0161tiems kokyb\u0117s standartams, kuriuos palaiko patobulinta gamybos valdymo strategija.<\/p>\n<p>Tur\u0117dami kvalifikuot\u0105 technin\u012f personal\u0105 ir pa\u017eangi\u0105 gamybos \u012frang\u0105, nuolat tobuliname savo gamybos paj\u0117gumus. M\u016bs\u0173 grie\u017etos kokyb\u0117s kontrol\u0117s sistemos u\u017etikrina, kad \u012fvairius klient\u0173 poreikius patenkintume dideliu efektyvumu ir tikslumu.<\/p>\n<p><img decoding=\"async\" src=\"https:\/\/www.hydraulic-cylinders.net\/wp-content\/uploads\/2025\/04\/songte-company-4.webp\" alt=\"\u012emon\u0117s paveiksl\u0117lis 1\"><br \/>\n<img decoding=\"async\" src=\"https:\/\/www.hydraulic-cylinders.net\/wp-content\/uploads\/2025\/04\/songte-company-3.webp\" alt=\"\u012emon\u0117s paveiksl\u0117lis 2\"><\/p>\n<p>M\u016bs\u0173 paslaugos apima individualiai pritaikytus sprendimus, tarptautinius sertifikatus ir specializuot\u0105 garantin\u012f aptarnavim\u0105, u\u017etikrinant klient\u0173 pasitenkinim\u0105 ir pasitik\u0117jim\u0105 m\u016bs\u0173 produktais.<\/p>\n<p>Autorius: lyl<\/p>","protected":false},"excerpt":{"rendered":"<p>Boom Cylinder For Yanmar SV100 Understanding the Boom Cylinder The boom cylinder is a critical component in heavy machinery, specifically designed for controlling the movement of buckets in various applications. This hydraulic cylinder enables the lifting, lowering, and tilting of buckets, making it essential for material handling tasks across numerous industries. In hydraulic systems, boom [&hellip;]<\/p>","protected":false},"featured_media":17867,"comment_status":"open","ping_status":"closed","template":"","meta":{"_et_pb_use_builder":"","_et_pb_old_content":"","_et_gb_content_width":""},"product_brand":[],"product_cat":[1546],"product_tag":[1547,1496],"class_list":{"0":"post-19559","1":"product","2":"type-product","3":"status-publish","4":"has-post-thumbnail","6":"product_cat-boom-cylinders","7":"product_tag-boom-cylinders","8":"product_tag-hydraulic-cylinders","10":"first","11":"instock","12":"shipping-taxable","13":"product-type-simple"},"amp_enabled":true,"_links":{"self":[{"href":"https:\/\/www.hydraulic-cylinders.net\/lt\/wp-json\/wp\/v2\/product\/19559","targetHints":{"allow":["GET"]}}],"collection":[{"href":"https:\/\/www.hydraulic-cylinders.net\/lt\/wp-json\/wp\/v2\/product"}],"about":[{"href":"https:\/\/www.hydraulic-cylinders.net\/lt\/wp-json\/wp\/v2\/types\/product"}],"replies":[{"embeddable":true,"href":"https:\/\/www.hydraulic-cylinders.net\/lt\/wp-json\/wp\/v2\/comments?post=19559"}],"wp:featuredmedia":[{"embeddable":true,"href":"https:\/\/www.hydraulic-cylinders.net\/lt\/wp-json\/wp\/v2\/media\/17867"}],"wp:attachment":[{"href":"https:\/\/www.hydraulic-cylinders.net\/lt\/wp-json\/wp\/v2\/media?parent=19559"}],"wp:term":[{"taxonomy":"product_brand","embeddable":true,"href":"https:\/\/www.hydraulic-cylinders.net\/lt\/wp-json\/wp\/v2\/product_brand?post=19559"},{"taxonomy":"product_cat","embeddable":true,"href":"https:\/\/www.hydraulic-cylinders.net\/lt\/wp-json\/wp\/v2\/product_cat?post=19559"},{"taxonomy":"product_tag","embeddable":true,"href":"https:\/\/www.hydraulic-cylinders.net\/lt\/wp-json\/wp\/v2\/product_tag?post=19559"}],"curies":[{"name":"wp","href":"https:\/\/api.w.org\/{rel}","templated":true}]}}