{"id":19560,"date":"2025-04-07T06:54:28","date_gmt":"2025-04-07T06:54:28","guid":{"rendered":"https:\/\/www.hydraulic-cylinders.net\/product\/boom-cylinder-for-yanmar-vi35-5b\/"},"modified":"2025-04-07T06:54:30","modified_gmt":"2025-04-07T06:54:30","slug":"boom-cylinder-for-yanmar-vi35-5b","status":"publish","type":"product","link":"https:\/\/www.hydraulic-cylinders.net\/lt\/produktas\/boom-cylinder-for-yanmar-vi35-5b\/","title":{"rendered":"Str\u0117l\u0117s cilindras Yanmar VI35-5B"},"content":{"rendered":"<h1>Str\u0117l\u0117s cilindras Yanmar VI35-5B<\/h1>\n<h2>\u012evadas \u012f str\u0117l\u0117s cilindr\u0105<\/h2>\n<p>Str\u0117l\u0117s cilindras yra esminis hidraulinis komponentas, specialiai sukurtas sunkiosioms ma\u0161inoms. Vis\u0173 pirma, \u0161io tipo cilindras naudojamas kau\u0161\u0173 jud\u0117jimui valdyti \u012fvairioje \u012frangoje, \u012fskaitant ekskavatorius, ekskavatorinius krautuvus ir frontalinius krautuvus. Pagrindin\u0117 jo funkcija \u2013 leisti kau\u0161ui pakilti, nuleisti ir pakreipti, o tai palengvina efektyv\u0173 med\u017eiag\u0173 tvarkym\u0105. \u0160ie cilindrai yra gyvybi\u0161kai svarbi hidraulini\u0173 sistem\u0173 dalis, leid\u017eianti atlikti galingus ir tikslius judesius, reikalingus statybos ir \u017eem\u0117s \u016bkio darbams.<\/p>\n<p><img decoding=\"async\" src=\"https:\/\/www.hydraulic-cylinders.net\/wp-content\/uploads\/2025\/04\/songte-company-1.webp\" alt=\"Str\u0117l\u0117s cilindro vaizdas\"><\/p>\n<h2>Str\u0117l\u0117s cilindro savyb\u0117s<\/h2>\n<ul>\n<li>\n<h3>Didelis stiprumas ir ilgaam\u017ei\u0161kumas<\/h3>\n<p>Paprastai i\u0161 didelio stiprumo plieno arba aliuminio pagamintas str\u0117l\u0117s cilindras yra suprojektuotas taip, kad atlaikyt\u0173 auk\u0161t\u0105 sl\u0117g\u012f ir dideles apkrovas, tod\u0117l tinka at\u0161iaurioms darbo aplinkoms. Jo konstrukcijoje atsi\u017evelgiama \u012f atsparum\u0105 dilimui ir korozijai, siekiant pailginti jo tarnavimo laik\u0105.<\/p>\n<\/li>\n<li>\n<h3>Efektyvus hidraulinis valdymas<\/h3>\n<p>\u0160is cilindras naudoja hidraulin\u0117s alyvos sl\u0117g\u012f, kad skland\u017eiai i\u0161stumt\u0173 ir atitraukt\u0173. Jis greitai reaguoja \u012f valdymo komandas, u\u017etikrindamas galingas st\u016bmimo ir traukimo j\u0117gas, kurios yra b\u016btinos tvarkant sunkias med\u017eiagas ir atliekant sud\u0117tingas u\u017eduotis.<\/p>\n<\/li>\n<li>\n<h3>\u012evair\u016bs tipai<\/h3>\n<p>Str\u0117l\u0117s cilindras, tiekiamas vienpusio veikimo (hidraulin\u0117 galia naudojama viena kryptimi) arba dvipusio veikimo (hidraulin\u0117 galia naudojama abiem kryptimis) konfig\u016bracijomis, atitinka \u012fvairius eksploatacinius reikalavimus. Kai kurie modeliai gali b\u016bti teleskopin\u0117s konstrukcijos, leid\u017eian\u010dios didesn\u012f i\u0161pl\u0117tim\u0105 nedidinant i\u0161orini\u0173 matmen\u0173, tod\u0117l idealiai tinka naudoti ribotoje erdv\u0117je.<\/p>\n<\/li>\n<li>\n<h3>Individuali gamyba<\/h3>\n<p>Mes turime galimyb\u0119 pagaminti \u0161\u012f produkt\u0105, u\u017etikrindami, kad m\u016bs\u0173 cilindrai puikiai pakeis esamus hidraulinius cilindrus ir skland\u017eiai integruosime j\u012f \u012f j\u016bs\u0173 \u012frang\u0105.<\/p>\n<\/li>\n<li>\n<h3>Suderinamumas su \u012fvairiais modeliais<\/h3>\n<p>M\u016bs\u0173 cilindrai sukurti taip, kad b\u016bt\u0173 suderinami su \u012fvairiais ekskavatori\u0173 modeliais, u\u017etikrinant universalum\u0105 ir lankstum\u0105 pritaikymo srityje.<\/p>\n<\/li>\n<\/ul>\n<p><img decoding=\"async\" src=\"https:\/\/www.hydraulic-cylinders.net\/wp-content\/uploads\/2025\/04\/songte-cylinder-head-with-all-kinds-excavator-models.webp\" alt=\"Ekskavatoriaus suderinamumo vaizdas\"><\/p>\n<h2>Str\u0117l\u0117s cilindro pritaikymas<\/h2>\n<ul>\n<li>\n<h3>Statybin\u0117 \u012franga<\/h3>\n<p>Ekskavatoriuose str\u0117l\u0117s cilindrai atlieka labai svarb\u0173 vaidmen\u012f kasant, kraunant ir perkeliant grunt\u0105 ar \u0161iuk\u0161les. Jie palengvina ne tik \u017eem\u0117s kasimo, bet ir k\u0117limo darbus, tod\u0117l yra nepakei\u010diami statybviet\u0117se. \u0160i\u0173 cilindr\u0173 tikslumas ir galia u\u017etikrina, kad sunkiasvor\u0117s operacijos gali b\u016bti atliekamos efektyviai, o tai prisideda prie bendro statybos projekt\u0173 na\u0161umo.<\/p>\n<\/li>\n<li>\n<h3>\u017dem\u0117s \u016bkio technika<\/h3>\n<p>Priekiniuose krautuvuose str\u0117l\u0117s cilindrai naudojami dirvo\u017eemiui, \u0161ienui ir kitoms med\u017eiagoms semti, kelti ir transportuoti. D\u0117l tvirtos konstrukcijos jie gali atlaikyti \u017eem\u0117s \u016bkio darb\u0173 stres\u0105, tod\u0117l yra patikimas pasirinkimas \u016bkininkams. \u0160i galimyb\u0117 padidina produktyvum\u0105 atliekant \u012fvairias \u017eem\u0117s \u016bkio u\u017eduotis \u2013 nuo \u200b\u200bpakrovimo iki i\u0161krovimo, ir palengvina geresn\u012f i\u0161tekli\u0173 valdym\u0105 \u016bkiuose.<\/p>\n<\/li>\n<li>\n<h3>Ekskavatoriai<\/h3>\n<p>Ekskavatoriuose str\u0117l\u0117s cilindras leid\u017eia kau\u0161ui efektyviai \u012fsiskverbti \u012f dirv\u0105, tod\u0117l galima giliai kasti. \u0160is veiksmas yra b\u016btinas kasimo procesuose, tokiuose kaip pamat\u0173 kasimas ar tran\u0161\u0117j\u0173 kasimas, kai reikia tiksliai kontroliuoti kau\u0161o gyl\u012f ir kamp\u0105. Str\u0117l\u0117s cilindro tiekiama hidraulin\u0117 galia padidina bendr\u0105 kasimo operacij\u0173 efektyvum\u0105.<\/p>\n<\/li>\n<li>\n<h3>Krautuvai<\/h3>\n<p>Priekiniuose krautuvuose str\u0117l\u0117s cilindrai padeda kelti ir i\u0161versti med\u017eiagas. Galimyb\u0117 pakelti kau\u0161\u0105 auk\u0161tai palengvina efektyv\u0173 \u012fvairi\u0173 med\u017eiag\u0173, nesvarbu, ar tai b\u016bt\u0173 \u017eem\u0117, \u017evyras ar kiti sunk\u016bs kroviniai, i\u0161krovim\u0105. \u0160i funkcija yra gyvybi\u0161kai svarbi statybose ir kra\u0161tovaizd\u017eio tvarkyme, kur greitas med\u017eiag\u0173 tvarkymas yra b\u016btinas norint laikytis projekto termin\u0173.<\/p>\n<\/li>\n<\/ul>\n<h2>Projektavimo aspektai ir atrankos kriterijai<\/h2>\n<ul>\n<li>\n<h3>Keliamoji galia<\/h3>\n<p>Renkantis str\u0117l\u0117s cilindr\u0105, labai svarbu suprasti keliam\u0105j\u0105 gali\u0105. Tai lemia, kok\u012f svor\u012f cilindras gali saugiai atlaikyti. B\u016btina \u012fvertinti med\u017eiag\u0173, kurios bus perkeliamos, r\u016b\u0161is ir maksimalius mechanizm\u0173 keliamos apkrovos reikalavimus. Cilindro perkrova gali sukelti gedimus ir pavoj\u0173 saugai. Gamintojai da\u017enai nurodo keliamosios galios \u012fvertinimus, kuri\u0173 reikia laikytis siekiant optimalaus na\u0161umo.<\/p>\n<\/li>\n<li>\n<h3>Plomb\u0117s vientisumas<\/h3>\n<p>Sandariklio vientisumas yra gyvybi\u0161kai svarbus hidraulini\u0173 cilindr\u0173 ilgaam\u017ei\u0161kumui ir efektyvumui. Auk\u0161tos kokyb\u0117s sandarikliai apsaugo nuo hidraulinio skys\u010dio nutek\u0117jimo, o tai ne tik u\u017etikrina skland\u0173 veikim\u0105, bet ir apsaugo vidinius komponentus nuo ter\u0161al\u0173. Tinkamos sandariklio b\u016bkl\u0117s palaikymas yra labai svarbus, nes susid\u0117v\u0117j\u0119 sandarikliai gali suma\u017einti na\u0161um\u0105 ir padidinti cilindro nusid\u0117v\u0117jim\u0105. Reik\u0117t\u0173 reguliariai tikrinti, ar sandarikliai yra geros b\u016bkl\u0117s.<\/p>\n<\/li>\n<li>\n<h3>Patvarumas<\/h3>\n<p>Renkantis str\u0117l\u0117s cilindr\u0105, svarbiausias aspektas yra patvarumas. Gamyboje naudojamos med\u017eiagos turi b\u016bti atsparios nusid\u0117v\u0117jimui eksploatavimo s\u0105lygomis. Cilindrai, kurie yra veikiami at\u0161iauri\u0173 aplinkos s\u0105lyg\u0173, pavyzd\u017eiui, didelio dulki\u0173 kiekio ar korozij\u0105 sukelian\u010di\u0173 element\u0173, tur\u0117t\u0173 b\u016bti pagaminti i\u0161 med\u017eiag\u0173, kurios pasi\u017eymi didesniu atsparumu \u0161iems veiksniams. \u0160is aspektas pailgina cilindro tarnavimo laik\u0105 ir suma\u017eina da\u017eno keitimo poreik\u012f.<\/p>\n<\/li>\n<li>\n<h3>Saugos funkcijos<\/h3>\n<p>Saugumas yra svarbiausias dalykas bet kurioje hidraulin\u0117je sistemoje. Str\u0117l\u0117s cilindrai tur\u0117t\u0173 b\u016bti suprojektuoti su saugos funkcijomis, kurios u\u017ekerta keli\u0105 netik\u0117tiems gedimams. Tai apima sl\u0117gio ma\u017einimo vo\u017etuvus, kurie gali pad\u0117ti reguliuoti sistemos sl\u0117g\u012f ir i\u0161vengti perkrovos. Be to, tinkamas montavimas ir prie\u017ei\u016bra yra labai svarb\u016bs siekiant u\u017etikrinti tinkam\u0105 saugos funkcij\u0173 veikim\u0105. Hidraulini\u0173 ma\u0161in\u0173 operatoriams rekomenduojama reguliariai mokytis ir laikytis saugos protokol\u0173.<\/p>\n<\/li>\n<li>\n<h3>Prie\u017ei\u016bra<\/h3>\n<p>Renkantis str\u0117l\u0117s cilindr\u0105, dar vienas svarbus veiksnys yra prie\u017ei\u016bros paprastumas. Komponentai tur\u0117t\u0173 b\u016bti lengvai prieinami reguliarios prie\u017ei\u016bros u\u017eduotims, \u012fskaitant tepim\u0105 ir patikrinimus. Konstrukcija tur\u0117t\u0173 leisti lengvai pakeisti sandariklius ir kitas dalis, kurios laikui b\u0117gant gali susid\u0117v\u0117ti. \u012eprasta prie\u017ei\u016bra gali padidinti efektyvum\u0105 ir suma\u017einti prastovas d\u0117l remonto.<\/p>\n<\/li>\n<\/ul>\n<p><img decoding=\"async\" src=\"https:\/\/www.hydraulic-cylinders.net\/wp-content\/uploads\/2025\/04\/songte-oil-pipes-and-spare-parts.webp\" alt=\"Hidraulini\u0173 dali\u0173 vaizdas\"><\/p>\n<h2>Str\u0117l\u0117s cilindro sandarinimas ir tepimas<\/h2>\n<p>Str\u0117l\u0117s cilindro veikimas labai priklauso nuo efektyvaus sandarinimo ir tepimo. \u012evair\u016bs sandarinimo komponentai, tokie kaip st\u016bmokli\u0173 ir stryp\u0173 sandarikliai, naudojami sl\u0117giui palaikyti ir hidraulinio skys\u010dio nuot\u0117kiui i\u0161vengti. Sandarikliai, pagaminti i\u0161 atspari\u0173 dilimui med\u017eiag\u0173, toki\u0173 kaip poliuretanas ir nitrilo kau\u010diukas, u\u017etikrina ilgaam\u017ei\u0161kum\u0105 ir patikimum\u0105. Cilindro korpuso ir sriegini\u0173 gal\u0173 pavir\u0161iai yra kruop\u0161\u010diai apdorojami, kad padid\u0117t\u0173 atsparumas dilimui. Reguliarus tepimas hidrauline alyva yra b\u016btinas, nes tai ne tik u\u017etikrina skland\u0173 veikim\u0105, bet ir apsaugo vidinius komponentus nuo nusid\u0117v\u0117jimo. Tinkami tepimo intervalai tur\u0117t\u0173 b\u016bti nustatyti atsi\u017evelgiant \u012f eksploatavimo s\u0105lygas, kad b\u016bt\u0173 pailgintas cilindro tarnavimo laikas.<\/p>\n<h2>Reguliarios patikros ir prevencin\u0117s prie\u017ei\u016bros priemon\u0117s<\/h2>\n<ul>\n<li>\n<h3>Reguliar\u016bs patikrinimai<\/h3>\n<p>Reguliariai tikrinti str\u0117l\u0117s cilindr\u0105 yra labai svarbu. Operatoriai darbo metu tur\u0117t\u0173 tikrinti, ar n\u0117ra susid\u0117v\u0117jimo po\u017eymi\u0173, nuot\u0117ki\u0173 ir ne\u012fprast\u0173 gars\u0173. Ankstyvas problem\u0173 nustatymas gali pad\u0117ti i\u0161vengti rimtesni\u0173 problem\u0173 ateityje. \u012eprasto tikrinimo grafiko nustatymas gali pad\u0117ti i\u0161laikyti cilindro veikim\u0105 ir u\u017etikrinti saug\u0173 eksploatavim\u0105.<\/p>\n<\/li>\n<li>\n<h3>Tinkamas tepimas<\/h3>\n<p>Tinkamas tepimas yra b\u016btinas skland\u017eiam str\u0117l\u0117s cilindro veikimui. Operatoriai tur\u0117t\u0173 laikytis gamintojo rekomendacij\u0173 d\u0117l tepimo interval\u0173 ir naudojamos hidraulin\u0117s alyvos tip\u0173. Tinkamas alyvos kiekis padeda suma\u017einti trint\u012f ir susid\u0117v\u0117jim\u0105, pailgindamas cilindro tarnavimo laik\u0105.<\/p>\n<\/li>\n<li>\n<h3>Sandariklio keitimas<\/h3>\n<p>Reguliariai keisti sandariklius yra labai svarbu siekiant i\u0161vengti nuot\u0117ki\u0173 ir i\u0161laikyti cilindro vientisum\u0105. Operatoriai tur\u0117t\u0173 steb\u0117ti sandarikli\u0173 b\u016bkl\u0119 ir juos pakeisti vos pasteb\u0117j\u0119 pirmuosius susid\u0117v\u0117jimo po\u017eymius. Proaktyvus sandarikli\u0173 prie\u017ei\u016bros metodas gali pad\u0117ti i\u0161vengti hidraulinio skys\u010dio praradimo ir u\u017etikrinti pastov\u0173 veikim\u0105.<\/p>\n<\/li>\n<\/ul>\n<p><img decoding=\"async\" src=\"https:\/\/www.hydraulic-cylinders.net\/wp-content\/uploads\/2025\/04\/songte-chushion-collar.webp\" alt=\"Pagalv\u0117l\u0117s apykakl\u0117s vaizdas\"><\/p>\n<h2>Saugos aspektai ir aplinkos veiksniai<\/h2>\n<p>Naudojant hidraulinius cilindrus, saugos priemon\u0117s yra nepaprastai svarbios. Operatoriai tur\u0117t\u0173 b\u016bti gerai informuoti apie galimus pavojus, susijusius su hidraulin\u0117mis sistemomis, \u012fskaitant auk\u0161to sl\u0117gio skys\u010di\u0173 nuot\u0117kio rizik\u0105. Tinkamas mokymas ir saugos protokol\u0173 laikymasis gali pad\u0117ti suma\u017einti \u0161i\u0105 rizik\u0105. Be to, renkantis str\u0117l\u0117s cilindro med\u017eiagas ir sandariklius, reik\u0117t\u0173 atsi\u017evelgti \u012f aplinkos veiksnius, tokius kaip ekstremali\u0173 temperat\u016br\u0173 ir korozij\u0105 sukelian\u010di\u0173 med\u017eiag\u0173 poveikis. U\u017etikrinus, kad komponentas b\u016bt\u0173 suprojektuotas konkre\u010diai jo darbo aplinkai, padid\u0117ja saugumas ir funkcionalumas.<\/p>\n<h2>Gedim\u0173 diagnostika ir da\u017eniausios problemos<\/h2>\n<ul>\n<li>\n<h3>Nuot\u0117kio problemos<\/h3>\n<p>Viena i\u0161 da\u017eniausi\u0173 hidraulini\u0173 cilindr\u0173 problem\u0173 yra nuot\u0117kis. Tai gali atsirasti d\u0117l susid\u0117v\u0117jusi\u0173 sandarikli\u0173 arba paties cilindro pa\u017eeidimo. Operatoriai tur\u0117t\u0173 da\u017enai tikrinti, ar n\u0117ra skys\u010di\u0173 nuot\u0117kio, ir ap\u017ei\u016br\u0117ti sandariklius, ar n\u0117ra susid\u0117v\u0117jimo po\u017eymi\u0173. Laiku pa\u0161alinus nuot\u0117kius, galima i\u0161vengti tolesn\u0117s \u017ealos ir i\u0161laikyti sistemos efektyvum\u0105.<\/p>\n<\/li>\n<li>\n<h3>Suma\u017eintas na\u0161umas<\/h3>\n<p>Jei str\u0117l\u0117s cilindras nereaguoja taip, kaip tik\u0117tasi, tai gali rodyti tokias problemas kaip \u017eemas hidraulinio skys\u010dio lygis arba vidiniai nuot\u0117kiai. Operatoriai tur\u0117t\u0173 reguliariai tikrinti hidraulinio skys\u010dio lyg\u012f ir ie\u0161koti sistemoje nuot\u0117ki\u0173 po\u017eymi\u0173. Optimaliam na\u0161umui u\u017etikrinti labai svarbu u\u017etikrinti, kad hidraulinis skystis b\u016bt\u0173 \u0161varus ir tinkamo lygio.<\/p>\n<\/li>\n<li>\n<h3>Keisti garsai<\/h3>\n<p>Ne\u012fprasti garsai eksploatacijos metu gali signalizuoti apie mechanines str\u0117l\u0117s cilindro problemas. Operatoriai tur\u0117t\u0173 atkreipti d\u0117mes\u012f \u012f bet kokius girg\u017ed\u0117jimo ar girg\u017ed\u0117jimo garsus, nes jie gali rodyti, kad komponentai yra netinkamai suderinti arba juos reikia sutepti. Laiku atkreipus d\u0117mes\u012f \u012f tokius garsus galima i\u0161vengti tolesni\u0173 mechanini\u0173 gedim\u0173.<\/p>\n<\/li>\n<\/ul>\n<p>Vadovaudamiesi \u0161iomis diagnostikos gair\u0117mis, operatoriai gali efektyviai nustatyti problemas ir imtis taisom\u0173j\u0173 priemoni\u0173, u\u017etikrindami nuolatin\u012f patikim\u0105 str\u0117l\u0117s cilindr\u0173 veikim\u0105.<\/p>\n<p><img decoding=\"async\" src=\"https:\/\/www.hydraulic-cylinders.net\/wp-content\/uploads\/2025\/04\/songte-bushings-with-all-kinds-of-excavator-models.webp\" alt=\"\u012evori\u0173 vaizdas\"><\/p>\n<h2>I\u0161vada<\/h2>\n<p>Esame pirmaujantis hidraulini\u0173 cilindr\u0173 gamintojas, si\u016blantis plat\u0173 gamini\u0173 asortiment\u0105, atitinkant\u012f tiek vietin\u0117s, tiek tarptautin\u0117s rinkos poreikius. M\u016bs\u0173 \u012fsipareigojim\u0105 u\u017etikrinti puiki\u0105 kokyb\u0119 palaiko rafinuota gamybos praktika ir strateginis po\u017ei\u016bris \u012f gamybos valdym\u0105. Sutelkdami d\u0117mes\u012f \u012f auk\u0161t\u0105 efektyvum\u0105, tikslum\u0105 ir kokyb\u0119, siekiame patenkinti \u012fvairius klient\u0173 poreikius. M\u016bs\u0173 sertifikatai ir individual\u016bs u\u017esakymai atspindi m\u016bs\u0173 atsidavim\u0105 profesionaliems standartams, o pa\u017eangi gamybos \u012franga u\u017etikrina, kad i\u0161liktume pramon\u0117s prie\u0161akyje. Taip pat teikiame i\u0161sami\u0105 garantinio aptarnavimo paslaug\u0105, kad u\u017etikrintume klient\u0173 pasitenkinim\u0105.<\/p>\n<p><img decoding=\"async\" src=\"https:\/\/www.hydraulic-cylinders.net\/wp-content\/uploads\/2025\/04\/songte-company-4.webp\" alt=\"\u012emon\u0117s \u012fvaizdis\"><br \/>\n<img decoding=\"async\" src=\"https:\/\/www.hydraulic-cylinders.net\/wp-content\/uploads\/2025\/04\/songte-company-3.webp\" alt=\"\u012emon\u0117s \u012fvaizdis\"><\/p>\n<p>Autorius: lyl<\/p>","protected":false},"excerpt":{"rendered":"<p>Boom Cylinder For Yanmar VI35-5B Introduction to Boom Cylinder The Boom Cylinder is an essential hydraulic component designed specifically for heavy machinery. In particular, this type of cylinder is used to control the movement of buckets in various equipment, including excavators, backhoe loaders, and front-end loaders. Its primary function is to enable the bucket to [&hellip;]<\/p>","protected":false},"featured_media":17868,"comment_status":"open","ping_status":"closed","template":"","meta":{"_et_pb_use_builder":"","_et_pb_old_content":"","_et_gb_content_width":""},"product_brand":[],"product_cat":[1546],"product_tag":[1547,1496],"class_list":{"0":"post-19560","1":"product","2":"type-product","3":"status-publish","4":"has-post-thumbnail","6":"product_cat-boom-cylinders","7":"product_tag-boom-cylinders","8":"product_tag-hydraulic-cylinders","10":"first","11":"instock","12":"shipping-taxable","13":"product-type-simple"},"amp_enabled":true,"_links":{"self":[{"href":"https:\/\/www.hydraulic-cylinders.net\/lt\/wp-json\/wp\/v2\/product\/19560","targetHints":{"allow":["GET"]}}],"collection":[{"href":"https:\/\/www.hydraulic-cylinders.net\/lt\/wp-json\/wp\/v2\/product"}],"about":[{"href":"https:\/\/www.hydraulic-cylinders.net\/lt\/wp-json\/wp\/v2\/types\/product"}],"replies":[{"embeddable":true,"href":"https:\/\/www.hydraulic-cylinders.net\/lt\/wp-json\/wp\/v2\/comments?post=19560"}],"wp:featuredmedia":[{"embeddable":true,"href":"https:\/\/www.hydraulic-cylinders.net\/lt\/wp-json\/wp\/v2\/media\/17868"}],"wp:attachment":[{"href":"https:\/\/www.hydraulic-cylinders.net\/lt\/wp-json\/wp\/v2\/media?parent=19560"}],"wp:term":[{"taxonomy":"product_brand","embeddable":true,"href":"https:\/\/www.hydraulic-cylinders.net\/lt\/wp-json\/wp\/v2\/product_brand?post=19560"},{"taxonomy":"product_cat","embeddable":true,"href":"https:\/\/www.hydraulic-cylinders.net\/lt\/wp-json\/wp\/v2\/product_cat?post=19560"},{"taxonomy":"product_tag","embeddable":true,"href":"https:\/\/www.hydraulic-cylinders.net\/lt\/wp-json\/wp\/v2\/product_tag?post=19560"}],"curies":[{"name":"wp","href":"https:\/\/api.w.org\/{rel}","templated":true}]}}