{"id":19561,"date":"2025-04-07T06:54:31","date_gmt":"2025-04-07T06:54:31","guid":{"rendered":"https:\/\/www.hydraulic-cylinders.net\/product\/boom-cylinder-for-yanmar-v55-6\/"},"modified":"2025-04-07T06:54:37","modified_gmt":"2025-04-07T06:54:37","slug":"boom-cylinder-for-yanmar-v55-6","status":"publish","type":"product","link":"https:\/\/www.hydraulic-cylinders.net\/lt\/produktas\/boom-cylinder-for-yanmar-v55-6\/","title":{"rendered":"Str\u0117l\u0117s cilindras Yanmar V55-6"},"content":{"rendered":"<h1>Str\u0117l\u0117s cilindras Yanmar V55-6<\/h1>\n<h2>\u012evadas \u012f str\u0117l\u0117s cilindr\u0105<\/h2>\n<p>Str\u0117l\u0117s cilindras yra gyvybi\u0161kai svarbus sunkiosios technikos komponentas, specialiai sukurtas tokioms ma\u0161inoms kaip ekskavatoriai, ekskavatoriniai krautuvai ir frontaliniai krautuvai. Jis atlieka lemiam\u0105 vaidmen\u012f valdant kau\u0161o jud\u0117jim\u0105, leid\u017eiant jam pakilti, nuleisti ir pakreipti. \u0160i funkcija yra b\u016btina efektyviam med\u017eiag\u0173 tvarkymui \u012fvairiose srityse, \u012fskaitant statybos ir \u017eem\u0117s \u016bkio darbus.<\/p>\n<p><img decoding=\"async\" src=\"https:\/\/www.hydraulic-cylinders.net\/wp-content\/uploads\/2025\/04\/songte-company-1.webp\" alt=\"Str\u0117l\u0117s cilindras Yanmar V55-6\" \/><\/p>\n<h3>Apibr\u0117\u017eimas ir ap\u017evalga<\/h3>\n<p>The boom cylinder, also known as a bucket cylinder, is a type of hydraulic cylinder specifically used for controlling the motions of heavy machinery buckets. It is crucial in hydraulic systems, enabling various movements by converting hydraulic energy into mechanical energy. The boom cylinder allows operators to precisely control the bucket&#8217;s position, ensuring accuracy and efficiency in lifting and moving materials.<\/p>\n<h2>Str\u0117l\u0117s cilindro savyb\u0117s<\/h2>\n<ul>\n<li><strong>Didelis stiprumas ir ilgaam\u017ei\u0161kumas:<\/strong> Pagamintas i\u0161 didelio stiprumo plieno arba aliuminio, jis gali atlaikyti didel\u012f sl\u0117g\u012f ir dideles apkrovas. Jo konstrukcija atsi\u017evelg\u0117 \u012f atsparum\u0105 dilimui ir korozijai, tod\u0117l jo tarnavimo laikas gerokai pailg\u0117ja.<\/li>\n<li><strong>Efektyvus hidraulinis valdymas:<\/strong> Naudoja hidraulin\u0117s alyvos sl\u0117g\u012f skland\u017eiam i\u0161st\u016bmimui ir atitraukimui, greitai reaguodamas \u012f valdymo komandas ir u\u017etikrindamas galing\u0105 st\u016bmimo ir traukimo j\u0117g\u0105, idealiai tinkan\u010di\u0105 sunkiems daiktams tvarkyti ir sud\u0117tingoms u\u017eduotims atlikti.<\/li>\n<li><strong>Tip\u0173 \u012fvairov\u0117:<\/strong> Galima \u012fsigyti vienpusio veikimo (hidraulin\u0117 sistema naudojama viena kryptimi) arba dvipusio veikimo (hidraulin\u0117 sistema naudojama abiem kryptimis) konfig\u016bracij\u0173, kad atitikt\u0173 skirtingus eksploatacinius poreikius. Kai kurie modeliai pasi\u017eymi teleskopin\u0117mis konstrukcijomis, leid\u017eian\u010diomis didesn\u012f i\u0161pl\u0117tim\u0105 nedidinant i\u0161orini\u0173 matmen\u0173, tod\u0117l tinka naudoti ribotoje erdv\u0117je.<\/li>\n<\/ul>\n<h3>M\u016bs\u0173 gamybos paj\u0117gumai<\/h3>\n<p>Mes specializuojam\u0117s \u0161io produkto gamyboje, u\u017etikrindami, kad m\u016bs\u0173 cilindrai puikiai pakeis esamus hidraulinius cilindrus.<\/p>\n<p><img decoding=\"async\" src=\"https:\/\/www.hydraulic-cylinders.net\/wp-content\/uploads\/2025\/04\/songte-cylinder-head-with-all-kinds-excavator-models.webp\" alt=\"Hidraulinis cilindras ekskavatoriams\" \/><\/p>\n<h2>Str\u0117l\u0117s cilindro pritaikymas<\/h2>\n<h3>Statybin\u0117 \u012franga<\/h3>\n<p>Ekskavatoriuose str\u0117l\u0117s cilindrai yra b\u016btini kasant, kraunant ir perkeliant \u017eem\u0119 ar \u0161iuk\u0161les. Jie leid\u017eia atlikti tikslius kasimo veiksmus, u\u017etikrindami, kad operatorius gal\u0117t\u0173 efektyviai i\u0161kasti reikiamas med\u017eiagas. Ekskavatoriuose-krautuvuose str\u0117l\u0117s cilindras padeda tiek kasti, tiek kelti, tod\u0117l yra nepakei\u010diama statybos darb\u0173 dalis.<\/p>\n<h3>\u017dem\u0117s \u016bkio technika<\/h3>\n<p>Priekiniuose krautuvuose str\u0117l\u0117s cilindrai padeda semti, kelti ir transportuoti dirvo\u017eem\u012f, \u0161ien\u0105 ir kitas med\u017eiagas. \u0160ios funkcijos yra gyvybi\u0161kai svarbios efektyviam \u016bkio darbui, u\u017etikrinant, kad sunkius krovinius b\u016bt\u0173 galima lengvai ir tiksliai perkelti.<\/p>\n<h3>Ekskavatoriai<\/h3>\n<p>Ekskavatoriuose str\u0117l\u0117s cilindras leid\u017eia kau\u0161ui \u012fsiskverbti \u012f dirv\u0105, palengvindamas kasimo veiksm\u0105. Tvirta konstrukcija u\u017etikrina, kad kau\u0161as atlaikyt\u0173 \u012ftempius, susijusius su \u012fsiskverbimu \u012f kiet\u0105 grunt\u0105, tod\u0117l tai yra labai svarbus \u017eem\u0117s kasimo darb\u0173 komponentas.<\/p>\n<h3>Krautuvai<\/h3>\n<p>Priekiniuose krautuvuose str\u0117l\u0117s cilindrai padeda efektyviai pakelti ir i\u0161versti krovinius. J\u0173 geb\u0117jimas u\u017etikrinti didel\u0119 k\u0117limo gali\u0105 u\u017etikrina, kad operatoriai gali efektyviai valdyti med\u017eiag\u0173 transportavim\u0105, didindami na\u0161um\u0105 darbo vietoje.<\/p>\n<h2>Projektavimo aspektai ir atrankos kriterijai<\/h2>\n<h3>Keliamoji galia<\/h3>\n<p>Str\u0117l\u0117s cilindro keliamoji galia yra labai svarbus jo konstrukcijos veiksnys. Jis turi atlaikyti maksimal\u0173 svor\u012f, su kuriuo susidurs eksploatacijos metu. Gamintojai paprastai pateikia keliamosios galios \u012fvertinimus, pagr\u012fstus grie\u017etais bandymais, siekdami u\u017etikrinti saug\u0105 ir patikimum\u0105. Tinkamos keliamosios galios pasirinkimas yra labai svarbus siekiant i\u0161vengti galim\u0173 gedim\u0173 atliekant sunkias operacijas.<\/p>\n<h3>Sandarinimo mechanizmai<\/h3>\n<p>Effective sealing is essential for maintaining the hydraulic system&#8217;s integrity. The choice of seals, such as piston seals and rod seals, impacts the operational efficiency and longevity of the cylinder. Seals made from high-quality materials like polyurethane or nitrile rubber minimize wear and prevent leaks, thus ensuring optimal performance. Regular inspections of seals are necessary to catch any signs of wear early, which can save costs on repairs in the long run.<\/p>\n<h3>Patvarumas<\/h3>\n<p>Projektuojant str\u0117l\u0117s cilindrus, svarbiausias aspektas yra patvarumas. Jie turi atlaikyti at\u0161iaurias aplinkos s\u0105lygas, \u012fskaitant ekstremalias temperat\u016bras, dr\u0117gm\u0119 ir chemini\u0173 med\u017eiag\u0173 poveik\u012f. Med\u017eiagos ir dangos parenkamos specialiai atsi\u017evelgiant \u012f j\u0173 atsparum\u0105 korozijai ir dilimui. Patvari konstrukcija ne tik prailgina cilindro tarnavimo laik\u0105, bet ir suma\u017eina prastovas d\u0117l prie\u017ei\u016bros ar keitimo poreikio.<\/p>\n<h3>Saugos funkcijos<\/h3>\n<p>Saugumas yra svarbiausias hidraulini\u0173 cilindr\u0173 konstrukcijoje. Tokios savyb\u0117s kaip apsauga nuo perkrovos ir sl\u0117gio ma\u017einimo vo\u017etuvai padeda apsaugoti nuo netik\u0117t\u0173 gedim\u0173. \u0160ios saugos priemon\u0117s u\u017etikrina, kad operatoriai gal\u0117t\u0173 dirbti u\u017etikrintai, suma\u017eindamos nelaiming\u0173 atsitikim\u0173 ir su\u017ealojim\u0173 rizik\u0105 darbo vietoje.<\/p>\n<h3>Prie\u017ei\u016bros paprastumas<\/h3>\n<p>Designing boom cylinders for easy maintenance and repair is crucial for prolonged use and efficiency. Incorporating accessible components and clear service guidelines allows for quicker repairs, minimizing downtime. Manufacturers should consider the end-user&#8217;s maintenance capabilities when designing the cylinder, ensuring that it can be serviced effectively without requiring specialized tools or training.<\/p>\n<p><img decoding=\"async\" src=\"https:\/\/www.hydraulic-cylinders.net\/wp-content\/uploads\/2025\/04\/songte-oil-pipes-and-spare-parts.webp\" alt=\"Hidraulini\u0173 cilindr\u0173 dalys\" \/><\/p>\n<h2>Sandarinimas ir tepimas<\/h2>\n<p>Efektyvus sandarinimas ir tepimas yra b\u016btini norint i\u0161laikyti str\u0117l\u0117s cilindr\u0173 veikim\u0105. \u012evair\u016bs sandarinimo elementai, tokie kaip st\u016bmokli\u0173 ir stryp\u0173 sandarikliai, yra labai svarb\u016bs siekiant i\u0161vengti hidraulinio skys\u010dio nuot\u0117kio. Labai svarbu pasirinkti sandariklius, pagamintus i\u0161 patvari\u0173 med\u017eiag\u0173, toki\u0173 kaip poliuretanas ir nitrilo kau\u010diukas, kurios u\u017etikrina puik\u0173 atsparum\u0105 dilimui. Cilindro korpusas ir srieginiai galai yra kruop\u0161\u010diai apdirbti, siekiant padidinti patvarum\u0105 ir atsparum\u0105 dilimui. Reguliarus tepimas tinkama hidrauline alyva yra b\u016btinas norint u\u017etikrinti skland\u0173 cilindro veikim\u0105 ir suma\u017einti trint\u012f, kuri gali sukelti prie\u0161laikin\u012f susid\u0117v\u0117jim\u0105 ir gedim\u0105.<\/p>\n<h2>Prevencin\u0117s prie\u017ei\u016bros priemon\u0117s<\/h2>\n<ul>\n<li><strong>Reguliar\u016bs patikrinimai:<\/strong> Reguliar\u016bs hidraulin\u0117s sistemos patikrinimai gali pad\u0117ti nustatyti ankstyvus susid\u0117v\u0117jimo ar pa\u017eeidimo po\u017eymius. Patikrinkite, ar n\u0117ra nuot\u0117ki\u0173, \u012ftempimo ta\u0161k\u0173 ir bendr\u0105 veikim\u0105.<\/li>\n<li><strong>Tinkamas tepimas:<\/strong> Tinkamas tepimo lygis yra labai svarbus norint suma\u017einti cilindro nusid\u0117v\u0117jim\u0105 ir pailginti jo tarnavimo laik\u0105. \u012esitikinkite, kad naudojama tinkama hidraulin\u0117 alyva ir kad jos lygis b\u016bt\u0173 reguliariai tikrinamas.<\/li>\n<li><strong>Sandariklio keitimas:<\/strong> Reguliariai tikrinkite sandariklius, ar n\u0117ra susid\u0117v\u0117jimo po\u017eymi\u0173, ir nedelsdami juos pakeiskite, kad i\u0161vengtum\u0117te nuot\u0117ki\u0173 ir i\u0161laikytum\u0117te sistemos efektyvum\u0105.<\/li>\n<\/ul>\n<h2>\u012erengimo gair\u0117s<\/h2>\n<p>Correct installation of the boom cylinder is crucial for optimal performance. Begin by ensuring that the cylinder is properly aligned with the mounting brackets. Use appropriate mounting supports to secure the cylinder in position. It is important to follow the manufacturer&#8217;s specifications for torque settings and alignment tolerances. Once installed, check the hydraulic connections to ensure there are no leaks. After installation, it is advisable to run the system through its full range of motion to confirm proper functionality and detect any issues early on.<\/p>\n<h2>\u012eprastos prie\u017ei\u016bros u\u017eduotys<\/h2>\n<ul>\n<li><strong>Reguliar\u016bs patikrinimai:<\/strong> Atlikdami \u012fprastinius patikrinimus, galite nustatyti galimas problemas, kol jos nepa\u016bm\u0117jo. Ie\u0161kokite cilindro ir aplinkini\u0173 komponent\u0173 susid\u0117v\u0117jimo, nuot\u0117ki\u0173 ar nuovargio po\u017eymi\u0173.<\/li>\n<li><strong>Tinkamas tepimas:<\/strong> Consistent lubrication is essential to reduce friction and wear. Ensure that the correct type and amount of hydraulic oil are used, and follow the manufacturer&#8217;s guidelines for lubrication frequency.<\/li>\n<li><strong>Sandariklio keitimo ir kalibravimo patikrinimai:<\/strong> Reguliariai tikrinkite sandariklius, ar jie nesusid\u0117v\u0117j\u0119, ir prireikus juos pakeiskite. Kalibravimo patikrinimai u\u017etikrina, kad cilindras veikt\u0173 pagal nurodytus parametrus, i\u0161laikant sistemos efektyvum\u0105 ir saug\u0105.<\/li>\n<\/ul>\n<p>Tinkamas montavimas, tepimas ir reguliavimas yra labai svarb\u016bs siekiant u\u017etikrinti str\u0117l\u0117s cilindro ilgaam\u017ei\u0161kum\u0105 ir efektyvum\u0105. Montuodami \u012fsitikinkite, kad cilindras yra teisingai sulygiuotas ir tvirtai pritvirtintas naudojant tinkamas atramas. Reik\u0117t\u0173 grie\u017etai laikytis rekomenduojam\u0173 komponent\u0173 tikrinimo, remonto ir keitimo praktik\u0173. \u0160i\u0173 strategij\u0173 \u012fgyvendinimas prailgins str\u0117l\u0117s cilindro tarnavimo laik\u0105 ir na\u0161um\u0105.<\/p>\n<p><img decoding=\"async\" src=\"https:\/\/www.hydraulic-cylinders.net\/wp-content\/uploads\/2025\/04\/songte-chushion-collar.webp\" alt=\"Hidraulini\u0173 cilindr\u0173 pagalv\u0117l\u0117s apykakl\u0117\" \/><\/p>\n<h2>Saugos aspektai ir aplinkos veiksniai<\/h2>\n<p>Naudojant str\u0117l\u0117s cilindrus, itin svarbu \u012fdiegti saugos priemones. Operatoriai tur\u0117t\u0173 b\u016bti apmokyti saugaus darbo praktikos, kad b\u016bt\u0173 suma\u017einta nelaiming\u0173 atsitikim\u0173 rizika. Be to, labai svarbu suprasti aplinkos veiksnius, galin\u010dius tur\u0117ti \u012ftakos hidraulini\u0173 cilindr\u0173 veikimui, pvz., temperat\u016bros svyravimus ir pavojing\u0173 med\u017eiag\u0173 poveik\u012f. Reguliar\u016bs saugos auditai gali pad\u0117ti nustatyti galim\u0105 rizik\u0105 ir u\u017etikrinti saugos taisykli\u0173 laikym\u0105si.<\/p>\n<h2>Gedim\u0173 diagnostika ir da\u017eniausios problemos<\/h2>\n<ul>\n<li><strong>Hidrauliniai nuot\u0117kiai:<\/strong> Nuot\u0117kiai gali atsirasti d\u0117l susid\u0117v\u0117jusi\u0173 sandarikli\u0173 arba pa\u017eeist\u0173 komponent\u0173. Reguliar\u016bs patikrinimai ir savalaikis keitimas gali i\u0161spr\u0119sti \u0161i\u0105 problem\u0105.<\/li>\n<li><strong>L\u0117tas veikimas:<\/strong> Jei cilindras veikia l\u0117tai, tai gali rodyti \u017eem\u0105 hidraulinio skys\u010dio lyg\u012f arba u\u017eter\u0161tum\u0105. B\u016btina reguliariai pri\u017ei\u016br\u0117ti ir tikrinti skys\u010dius.<\/li>\n<li><strong>Ne\u012fprasti garsai:<\/strong> Triuk\u0161mai eksploatacijos metu gali rodyti mechanin\u012f susid\u0117v\u0117jim\u0105 arba oro buvim\u0105 hidraulin\u0117je sistemoje. Greitas \u0161i\u0173 problem\u0173 nustatymas ir sprendimas gali pad\u0117ti i\u0161vengti tolesn\u0117s \u017ealos.<\/li>\n<\/ul>\n<h2>Trik\u010di\u0173 \u0161alinimo patarimai ir sprendimai<\/h2>\n<p>Nor\u0117dami efektyviai diagnozuoti ir i\u0161spr\u0119sti str\u0117l\u0117s cilindr\u0173 problemas, operatoriai tur\u0117t\u0173 laikytis konkre\u010di\u0173 veiksm\u0173. Prad\u0117kite nuo hidraulinio skys\u010dio lygio patikrinimo ir patikrinkite, ar n\u0117ra nuot\u0117ki\u0173. Jei pastebimas l\u0117tas veikimas, \u012fvertinkite sistemos u\u017eter\u0161tum\u0105 ir prireikus pakeiskite skys\u010dius. Ne\u012fprastus garsus reik\u0117t\u0173 i\u0161tirti ap\u017ei\u016brint sandariklius ir mechaninius komponentus, ar jie n\u0117ra susid\u0117v\u0117j\u0119 ar nepa\u017eeisti. \u012egyvendinus prevencines priemones, tokias kaip \u012fprastin\u0117 prie\u017ei\u016bra ir eksploatavimo gairi\u0173 laikymasis, galima \u017eymiai suma\u017einti \u0161i\u0173 problem\u0173 atsiradim\u0105.<\/p>\n<p><img decoding=\"async\" src=\"https:\/\/www.hydraulic-cylinders.net\/wp-content\/uploads\/2025\/04\/songte-bushings-with-all-kinds-of-excavator-models.webp\" alt=\"Hidraulini\u0173 cilindr\u0173 \u012fvor\u0117s\" \/><\/p>\n<h2>\u012emon\u0117s ap\u017evalga<\/h2>\n<p>Esame pirmaujantis pakaitini\u0173 hidraulini\u0173 cilindr\u0173 gamintojas, specializuojantis \u012fvairiuose gaminiuose. M\u016bs\u0173 \u012fmon\u0117 \u012fsitvirtino kaip pagrindin\u0117 \u017eaid\u0117ja vidaus ir tarptautin\u0117se hidraulini\u0173 cilindr\u0173 gamybos ir didmenin\u0117s prekybos rinkose. Mes laikom\u0117s auk\u0161\u010diausios kokyb\u0117s standart\u0173 ir taikome patobulintas gamybos valdymo strategijas. Sutelkdami d\u0117mes\u012f \u012f tiksli\u0105j\u0105 gamyb\u0105, pa\u017eangi\u0105 skaitmenin\u0119 \u012frang\u0105 ir profesionalias bandym\u0173 sistemas, nuolat tobuliname savo gamybos paj\u0117gumus. M\u016bs\u0173 tvirti paj\u0117gumai u\u017etikrina, kad mes patenkiname \u012fvairius m\u016bs\u0173 klient\u0173 poreikius dideliu efektyvumu, tikslumu ir kokybe.<\/p>\n<p><img decoding=\"async\" src=\"https:\/\/www.hydraulic-cylinders.net\/wp-content\/uploads\/2025\/04\/songte-company-4.webp\" alt=\"\u012emon\u0117s ap\u017evalga 1\" \/><br \/>\n<img decoding=\"async\" src=\"https:\/\/www.hydraulic-cylinders.net\/wp-content\/uploads\/2025\/04\/songte-company-3.webp\" alt=\"\u012emon\u0117s ap\u017evalga 2\" \/><\/p>\n<h2>I\u0161vada<\/h2>\n<p>\u012esipareigoj\u0119 teikti profesional\u0173 aptarnavim\u0105, tur\u0117ti tarptautinius sertifikatus ir pritaikyti individualius sprendimus, u\u017etikriname, kad m\u016bs\u0173 produktai i\u0161siskirt\u0173 rinkoje. M\u016bs\u0173 moderniausi gamybos \u012frenginiai ir specializuotas garantinio aptarnavimo centras dar labiau padidina m\u016bs\u0173 patikimum\u0105 ir klient\u0173 pasitenkinim\u0105.<\/p>\n<p>Autorius: lyl<\/p>","protected":false},"excerpt":{"rendered":"<p>Boom Cylinder For Yanmar V55-6 Introduction to Boom Cylinder The Boom Cylinder is a vital component in heavy machinery, specifically designed for machines like excavators, backhoe loaders, and front loaders. It plays a crucial role in controlling the movement of the bucket, allowing it to lift, lower, and tilt. This functionality is essential for efficient [&hellip;]<\/p>","protected":false},"featured_media":17869,"comment_status":"open","ping_status":"closed","template":"","meta":{"_et_pb_use_builder":"","_et_pb_old_content":"","_et_gb_content_width":""},"product_brand":[],"product_cat":[1546],"product_tag":[1547,1496],"class_list":{"0":"post-19561","1":"product","2":"type-product","3":"status-publish","4":"has-post-thumbnail","6":"product_cat-boom-cylinders","7":"product_tag-boom-cylinders","8":"product_tag-hydraulic-cylinders","10":"first","11":"instock","12":"shipping-taxable","13":"product-type-simple"},"amp_enabled":true,"_links":{"self":[{"href":"https:\/\/www.hydraulic-cylinders.net\/lt\/wp-json\/wp\/v2\/product\/19561","targetHints":{"allow":["GET"]}}],"collection":[{"href":"https:\/\/www.hydraulic-cylinders.net\/lt\/wp-json\/wp\/v2\/product"}],"about":[{"href":"https:\/\/www.hydraulic-cylinders.net\/lt\/wp-json\/wp\/v2\/types\/product"}],"replies":[{"embeddable":true,"href":"https:\/\/www.hydraulic-cylinders.net\/lt\/wp-json\/wp\/v2\/comments?post=19561"}],"wp:featuredmedia":[{"embeddable":true,"href":"https:\/\/www.hydraulic-cylinders.net\/lt\/wp-json\/wp\/v2\/media\/17869"}],"wp:attachment":[{"href":"https:\/\/www.hydraulic-cylinders.net\/lt\/wp-json\/wp\/v2\/media?parent=19561"}],"wp:term":[{"taxonomy":"product_brand","embeddable":true,"href":"https:\/\/www.hydraulic-cylinders.net\/lt\/wp-json\/wp\/v2\/product_brand?post=19561"},{"taxonomy":"product_cat","embeddable":true,"href":"https:\/\/www.hydraulic-cylinders.net\/lt\/wp-json\/wp\/v2\/product_cat?post=19561"},{"taxonomy":"product_tag","embeddable":true,"href":"https:\/\/www.hydraulic-cylinders.net\/lt\/wp-json\/wp\/v2\/product_tag?post=19561"}],"curies":[{"name":"wp","href":"https:\/\/api.w.org\/{rel}","templated":true}]}}