{"id":19563,"date":"2025-04-07T06:54:40","date_gmt":"2025-04-07T06:54:40","guid":{"rendered":"https:\/\/www.hydraulic-cylinders.net\/product\/boom-cylinder-for-yanmar-vib65\/"},"modified":"2025-04-07T06:54:49","modified_gmt":"2025-04-07T06:54:49","slug":"boom-cylinder-for-yanmar-vib65","status":"publish","type":"product","link":"https:\/\/www.hydraulic-cylinders.net\/lt\/produktas\/boom-cylinder-for-yanmar-vib65\/","title":{"rendered":"Str\u0117l\u0117s cilindras, skirtas \u201eYanmar VIB65\u201c"},"content":{"rendered":"<h1>Str\u0117l\u0117s cilindras, skirtas \u201eYanmar VIB65\u201c<\/h1>\n<h2>Produkto ap\u017evalga<\/h2>\n<p>\u201eYanmar VIB65\u201c str\u0117l\u0117s cilindras yra gyvybi\u0161kai svarbus hidraulinis komponentas, specialiai sukurtas sunkiosioms ma\u0161inoms, ypa\u010d ekskavatoriams, ekskavatoriniams krautuvams ir frontaliniams krautuvams. \u0160is hidraulinis cilindras leid\u017eia str\u0117lei pakelti, nuleisti ir pakreipti kau\u0161\u0105, taip palengvinant efektyv\u0173 med\u017eiag\u0173 tvarkym\u0105. Hidraulin\u0117je sistemoje str\u0117l\u0117s cilindrai atlieka labai svarb\u0173 vaidmen\u012f, paversdami hidraulin\u012f sl\u0117g\u012f mechanine j\u0117ga, kad b\u016bt\u0173 galima skland\u017eiai atlikti \u012fvairias operacijas. Jie yra b\u016btini tokioms u\u017eduotims kaip kasimas, k\u0117limas ir med\u017eiag\u0173 perk\u0117limas, u\u017etikrinant tiksl\u0173 valdym\u0105 ir na\u0161um\u0105 sud\u0117tingoje darbo aplinkoje.<\/p>\n<p><img decoding=\"async\" src=\"https:\/\/www.hydraulic-cylinders.net\/wp-content\/uploads\/2025\/04\/songte-company-1.webp\" alt=\"Str\u0117l\u0117s cilindras, skirtas \u201eYanmar VIB65\u201c\"><\/p>\n<h2>Str\u0117l\u0117s cilindro savyb\u0117s<\/h2>\n<ul>\n<li><strong>Didelis stiprumas ir ilgaam\u017ei\u0161kumas:<\/strong> Pagamintas i\u0161 didelio stiprumo plieno arba aliuminio, \u0161is cilindras gali atlaikyti auk\u0161t\u0105 sl\u0117g\u012f ir dideles apkrovas, tod\u0117l tinka at\u0161iaurioms darbo s\u0105lygoms.<\/li>\n<li><strong>Efektyvus hidraulinis valdymas:<\/strong> Cilindras naudoja hidraulin\u0117s alyvos sl\u0117g\u012f, kad skland\u017eiai i\u0161skleist\u0173 ir atitraukt\u0173, greitai reaguot\u0173 \u012f valdymo komandas ir u\u017etikrint\u0173 galing\u0105 st\u016bmimo bei traukimo j\u0117g\u0105.<\/li>\n<li><strong>\u012evair\u016bs tipai:<\/strong> Galima rinktis vienpusio veikimo (hidraulin\u0117 sistema naudojama viena kryptimi) arba dvipusio veikimo (hidraulin\u0117 sistema naudojama abiem kryptimis) konfig\u016bracijas, pritaikytas \u012fvairiems eksploatavimo poreikiams.<\/li>\n<li><strong>Kompakti\u0161kas dizainas:<\/strong> Kai kurie modeliai pasi\u017eymi teleskopin\u0117mis konstrukcijomis, kurios leid\u017eia didesn\u012f i\u0161pl\u0117tim\u0105 nepadidinant i\u0161orini\u0173 matmen\u0173, tod\u0117l idealiai tinka naudoti ribotoje erdv\u0117je.<\/li>\n<li><strong>Atsparumas korozijai:<\/strong> Sukurtas su atsparumu dilimui ir antikorozin\u0117mis savyb\u0117mis, kurios prailgina tarnavimo laik\u0105, u\u017etikrina ilgaam\u017ei\u0161kum\u0105 ir patikimum\u0105.<\/li>\n<\/ul>\n<h2>Gamybos paj\u0117gumai<\/h2>\n<p>Specializuojam\u0117s \u201eYanmar VIB65\u201c str\u0117l\u0117s cilindr\u0173 gamyboje ir si\u016blome gaminius, kurie puikiai pakei\u010dia esamus hidraulinius cilindrus \u012fvairiose ma\u0161inose.<\/p>\n<p><img decoding=\"async\" src=\"https:\/\/www.hydraulic-cylinders.net\/wp-content\/uploads\/2025\/04\/songte-cylinder-head-with-all-kinds-excavator-models.webp\" alt=\"Hidraulini\u0173 cilindr\u0173 modeliai\"><\/p>\n<h2>Taikymo scenarijai<\/h2>\n<h3>Statybin\u0117 \u012franga<\/h3>\n<p>Ekskavatoriuose str\u0117l\u0117s cilindras yra b\u016btinas kasimo ir krovimo operacijoms. Jis leid\u017eia operatoriui efektyviai perkelti kau\u0161\u0105, tiksliai i\u0161kasant dirvo\u017eem\u012f ar \u0161iuk\u0161les. Tas pats pasakytina ir apie ekskavatorinius krautuvus, kur str\u0117l\u0117s cilindras padeda atlikti tiek kasimo, tiek k\u0117limo darbus, u\u017etikrindamas universalum\u0105 statybviet\u0117se.<\/p>\n<h3>\u017dem\u0117s \u016bkio technika<\/h3>\n<p>Priekiniai krautuvai naudoja str\u0117l\u0117s cilindrus tokioms med\u017eiagoms kaip dirvo\u017eemis ir \u0161ienas semti, kelti ir transportuoti. Str\u0117l\u0117s cilindro patikimumas \u017eem\u0117s \u016bkio aplinkoje u\u017etikrina, kad tokios operacijos kaip pakrovimas ir i\u0161krovimas b\u016bt\u0173 atliekamos skland\u017eiai, o tai padidina \u016bki\u0173 produktyvum\u0105.<\/p>\n<h3>Ekskavatoriai<\/h3>\n<p>Ekskavatoriuose str\u0117l\u0117s cilindras leid\u017eia kau\u0161ui efektyviai \u012fsiskverbti \u012f \u017eem\u0119, palengvindamas kasimo proces\u0105. Efektyvus jo veikimas yra labai svarbus atliekant \u012fvairias kasimo u\u017eduotis, u\u017etikrinant, kad sunkius krovinius b\u016bt\u0173 galima lengvai valdyti.<\/p>\n<h3>Krautuvai<\/h3>\n<p>Priekiniuose krautuvuose str\u0117l\u0117s cilindrai padeda efektyviai pakelti ir i\u0161versti med\u017eiagas. J\u0173 vaidmuo gyvybi\u0161kai svarbus statybose ir kra\u0161tovaizd\u017eio tvarkyme, kur greitas ir efektyvus med\u017eiag\u0173 perk\u0117limas gali smarkiai paveikti projekto terminus.<\/p>\n<h2>Projektavimo aspektai ir atrankos kriterijai<\/h2>\n<h3>Keliamoji galia<\/h3>\n<p>Renkantis str\u0117l\u0117s cilindr\u0105, b\u016btina atsi\u017evelgti \u012f jo keliam\u0105j\u0105 gali\u0105. Cilindras turi atlaikyti did\u017eiausias apkrovas, su kuriomis susidurs eksploatacijos metu, taip u\u017etikrinant saugum\u0105 ir efektyvum\u0105 atliekant sunkias u\u017eduotis.<\/p>\n<h3>Sandarumo vientisumas<\/h3>\n<p>Hidrauliniuose cilindruose sandarinimas yra labai svarbus siekiant i\u0161vengti nuot\u0117ki\u0173 ir palaikyti sl\u0117g\u012f. Norint u\u017etikrinti cilindro ilgaam\u017ei\u0161kum\u0105 ir suma\u017einti prie\u017ei\u016bros poreik\u012f, reikia naudoti auk\u0161tos kokyb\u0117s sandariklius.<\/p>\n<h3>Patvarumas<\/h3>\n<p>Patvarumas yra labai svarbus veiksnys, nes str\u0117l\u0117s cilindras turi atlaikyti at\u0161iaurias s\u0105lygas. Gamyboje naudojamos med\u017eiagos turi b\u016bti atsparios dilimui ir korozijai, taip pailginant gaminio tarnavimo laik\u0105.<\/p>\n<h3>Saugos funkcijos<\/h3>\n<p>Saugumas hidraulin\u0117se sistemose yra svarbiausias dalykas. Projektuojant tur\u0117t\u0173 b\u016bti numatytos funkcijos, kurios suma\u017eina avarij\u0173 rizik\u0105, pavyzd\u017eiui, sl\u0117gio ma\u017einimo vo\u017etuvai ir gedim\u0173 prevencijos mechanizmai, siekiant i\u0161vengti katastrofi\u0161k\u0173 gedim\u0173.<\/p>\n<h3>Prie\u017ei\u016bra<\/h3>\n<p>Labai svarbu suprojektuoti str\u0117l\u0117s cilindr\u0105 taip, kad j\u012f b\u016bt\u0173 lengva pri\u017ei\u016br\u0117ti. Komponentai tur\u0117t\u0173 b\u016bti lengvai prieinami ap\u017ei\u016brai, remontui ir keitimui, taip u\u017etikrinant efektyvi\u0105 prie\u017ei\u016br\u0105 ir suma\u017einant prastovas.<\/p>\n<p><img decoding=\"async\" src=\"https:\/\/www.hydraulic-cylinders.net\/wp-content\/uploads\/2025\/04\/songte-oil-pipes-and-spare-parts.webp\" alt=\"Hidraulini\u0173 cilindr\u0173 komponentai\"><\/p>\n<h2>Sandarinimas ir tepimas<\/h2>\n<p>Efektyvus sandarinimas ir tepimas yra gyvybi\u0161kai svarb\u016bs str\u0117l\u0117s cilindro veikimui. Sl\u0117giui palaikyti ir nuot\u0117kiams i\u0161vengti naudojami \u012fvair\u016bs sandarikliai, pavyzd\u017eiui, st\u016bmoklio sandarinimo \u017eiedai ir strypo sandarikliai. Tokios med\u017eiagos kaip poliuretanas ir nitrilo kau\u010diukas yra pageidaujamos d\u0117l j\u0173 ilgaam\u017ei\u0161kumo ir atsparumo dilimui. Cilindro korpusas ir srieginiai galai yra kruop\u0161\u010diai apdorojami, kad padid\u0117t\u0173 atsparumas dilimui. Taip pat svarbu reguliariai pildyti hidraulin\u0119 alyv\u0105 tepimui, kad b\u016bt\u0173 u\u017etikrintas sklandus veikimas ir i\u0161vengta vidini\u0173 komponent\u0173 perkaitimo bei susid\u0117v\u0117jimo.<\/p>\n<h2>Reguliarus patikrinimas ir prevencin\u0117 prie\u017ei\u016bra<\/h2>\n<ul>\n<li><strong>\u012eprastiniai patikrinimai:<\/strong> Reguliariai tikrinkite str\u0117l\u0117s cilindr\u0105, ar n\u0117ra susid\u0117v\u0117jimo ar pa\u017eeidim\u0173 po\u017eymi\u0173. Darbo metu ie\u0161kokite nuot\u0117ki\u0173 ar ne\u012fprast\u0173 gars\u0173, kurie gali rodyti problemas.<\/li>\n<li><strong>Tinkamas tepimas:<\/strong> U\u017etikrinkite, kad visos judan\u010dios dalys b\u016bt\u0173 reguliariai sutepamos. Tai padeda i\u0161laikyti optimal\u0173 na\u0161um\u0105 ir suma\u017einti nusid\u0117v\u0117jim\u0105.<\/li>\n<li><strong>Sandariklio keitimas:<\/strong> Reguliariai tikrinkite sandariklius ir prireikus juos pakeiskite, kad i\u0161vengtum\u0117te hidraulinio skys\u010dio nuot\u0117kio ir palaikytum\u0117te sl\u0117g\u012f sistemoje.<\/li>\n<\/ul>\n<h2>\u012erengimo gair\u0117s<\/h2>\n<p>Tinkamas str\u0117l\u0117s cilindro montavimas yra labai svarbus optimaliam veikimui. Pirmiausia \u012fsitikinkite, kad tvirtinimo pavir\u0161iai yra \u0161var\u016bs ir be \u0161iuk\u0161li\u0173. Tinkamai sulygiuokite cilindr\u0105, naudodami tinkamus tvirtinimo laikiklius, kad j\u012f pritvirtintum\u0117te. B\u016btina laikytis gamintojo nurodym\u0173 d\u0117l sukimo momento nustatym\u0173 ir sulygiavimo tolerancij\u0173. \u012edieg\u0119 atlikite i\u0161sam\u0173 patikrinim\u0105, kad visi komponentai b\u016bt\u0173 tinkamai surinkti, ir atlikite bandom\u0105j\u012f va\u017eiavim\u0105, kad patikrintum\u0117te veikim\u0105.<\/p>\n<h2>\u012eprastos prie\u017ei\u016bros u\u017eduotys<\/h2>\n<ul>\n<li><strong>Reguliar\u016bs patikrinimai:<\/strong> Reguliariai tikrinkite, ar n\u0117ra nusid\u0117v\u0117jimo ar pa\u017eeidim\u0173, \u012f kuriuos reikia atkreipti d\u0117mes\u012f.<\/li>\n<li><strong>Tinkamas tepimas:<\/strong> Siekiant u\u017etikrinti skland\u0173 veikim\u0105 ir ilgaam\u017ei\u0161kum\u0105, tinkamai sutepkite visas judan\u010dias dalis.<\/li>\n<li><strong>Sandariklio keitimas:<\/strong> Reguliariai tikrinkite ir keiskite sandariklius, kad i\u0161vengtum\u0117te nuot\u0117ki\u0173 ir palaikytum\u0117te sistemos sl\u0117g\u012f.<\/li>\n<\/ul>\n<p>Tinkamas montavimas ir i\u0161lyginimas yra labai svarb\u016bs. Naudokite tinkamus tvirtinimo laikiklius ir u\u017etikrinkite, kad cilindras b\u016bt\u0173 tinkamai i\u0161lygintas, kad i\u0161vengtum\u0117te per didelio komponent\u0173 \u012ftempimo.<\/p>\n<h2>Saugos aspektai ir aplinkos veiksniai<\/h2>\n<p>Naudojant hidraulines sistemas, saugos priemon\u0117s yra nepaprastai svarbios. Tinkamas operatori\u0173 mokymas, kaip elgtis su hidraulin\u0117mis ma\u0161inomis, ir saugos protokol\u0173 laikymasis gali pad\u0117ti i\u0161vengti nelaiming\u0173 atsitikim\u0173. Be to, norint u\u017etikrinti tvar\u0173 veikim\u0105, b\u016btini aplinkosaugos aspektai, pavyzd\u017eiui, hidraulini\u0173 skys\u010di\u0173 i\u0161siliejimo tvarkymas ir tinkamas sen\u0173 sandarikli\u0173 bei dali\u0173 utilizavimas.<\/p>\n<h2>Gedim\u0173 diagnostika ir da\u017eniausios problemos<\/h2>\n<ul>\n<li><strong>Nuot\u0117kis:<\/strong> Nustatykite bet kokius nuot\u0117kio \u0161altinius aplink sandariklius ar jungiam\u0105sias detales, kurie gali reik\u0161ti susid\u0117v\u0117jusius komponentus, kuriuos reikia pakeisti.<\/li>\n<li><strong>Sl\u0117gio praradimas:<\/strong> Steb\u0117kite sl\u0117gio lyg\u012f; sl\u0117gio kritimas gali rodyti vidinius gedimus arba nuot\u0117kius, \u012f kuriuos reikia nedelsiant atkreipti d\u0117mes\u012f.<\/li>\n<li><strong>Ne\u012fprasti garsai:<\/strong> \u012esiklausykite \u012f bet kokius girg\u017ed\u0117jimo ar bar\u0161k\u0117jimo garsus, kurie gali rodyti netinkam\u0105 sulygiavim\u0105 arba tepimo tr\u016bkum\u0105.<\/li>\n<\/ul>\n<h2>Trik\u010di\u0173 \u0161alinimo patarimai<\/h2>\n<p>\u0160alinant str\u0117l\u0117s cilindro problemas, prad\u0117kite nuo problemos \u0161altinio izoliavimo, kad nustatytum\u0117te jos \u0161altin\u012f. Patikrinkite, ar n\u0117ra nuot\u0117ki\u0173, ar n\u0117ra susid\u0117v\u0117jusi\u0173 sandarikli\u0173 ir jungiam\u0173j\u0173 detali\u0173. Reguliari prie\u017ei\u016bra, pvz., judan\u010di\u0173 dali\u0173 tepimas ir nesuderinamumo patikrinimas, gali pad\u0117ti i\u0161vengti galim\u0173 problem\u0173. Profilaktin\u0117s prie\u017ei\u016bros grafiko \u012fgyvendinimas \u017eymiai suma\u017eins dideli\u0173 gedim\u0173 tikimyb\u0119.<\/p>\n<p><img decoding=\"async\" src=\"https:\/\/www.hydraulic-cylinders.net\/wp-content\/uploads\/2025\/04\/songte-bushings-with-all-kinds-of-excavator-models.webp\" alt=\"Ekskavatoriaus komponentai\"><\/p>\n<h2>\u012emon\u0117s ap\u017evalga<\/h2>\n<p>Esame pirmaujanti atsargini\u0173 hidraulini\u0173 cilindr\u0173, \u012fskaitant \u201eYanmar VIB65\u201c str\u0117l\u0117s cilindrus, gamintoja ir didmeninink\u0117, si\u016blanti plat\u0173 gamini\u0173 asortiment\u0105. M\u016bs\u0173 \u012fsipareigojim\u0105 kokybei pabr\u0117\u017eia patobulinti gamybos procesai ir pramon\u0117s valdymo strategijos. Pasitelkdami kvalifikuotus technikus, auk\u0161\u010diausios klas\u0117s skaitmenin\u0119 gamybos \u012frang\u0105 ir specializuotas bandym\u0173 sistemas, nuolat tobuliname savo gamybos paj\u0117gumus ir gamini\u0173 kokyb\u0119, efektyviai patenkindami \u012fvairius klient\u0173 poreikius. M\u016bs\u0173 specializacija apima profesionalias paslaugas, tarptautinius sertifikatus ir individualiai pritaikytus sprendimus, skirtus klient\u0173 pasitenkinimui u\u017etikrinti.<\/p>\n<p><img decoding=\"async\" src=\"https:\/\/www.hydraulic-cylinders.net\/wp-content\/uploads\/2025\/04\/songte-company-4.webp\" alt=\"\u012emon\u0117s ap\u017evalga\"><br \/>\n<img decoding=\"async\" src=\"https:\/\/www.hydraulic-cylinders.net\/wp-content\/uploads\/2025\/04\/songte-company-3.webp\" alt=\"Gamybos \u012fmon\u0117\"><\/p>\n<p>Autorius: lyl<\/p>","protected":false},"excerpt":{"rendered":"<p>Boom Cylinder For Yanmar VIB65 Product Overview The Boom Cylinder for Yanmar VIB65 is a vital hydraulic component designed specifically for heavy machinery, particularly used in excavators, backhoe loaders, and front loaders. This hydraulic cylinder allows the boom to elevate, lower, and tilt the bucket, facilitating efficient material handling tasks. In a hydraulic system, boom [&hellip;]<\/p>","protected":false},"featured_media":17871,"comment_status":"open","ping_status":"closed","template":"","meta":{"_et_pb_use_builder":"","_et_pb_old_content":"","_et_gb_content_width":""},"product_brand":[],"product_cat":[1546],"product_tag":[1547,1496],"class_list":{"0":"post-19563","1":"product","2":"type-product","3":"status-publish","4":"has-post-thumbnail","6":"product_cat-boom-cylinders","7":"product_tag-boom-cylinders","8":"product_tag-hydraulic-cylinders","10":"first","11":"instock","12":"shipping-taxable","13":"product-type-simple"},"amp_enabled":true,"_links":{"self":[{"href":"https:\/\/www.hydraulic-cylinders.net\/lt\/wp-json\/wp\/v2\/product\/19563","targetHints":{"allow":["GET"]}}],"collection":[{"href":"https:\/\/www.hydraulic-cylinders.net\/lt\/wp-json\/wp\/v2\/product"}],"about":[{"href":"https:\/\/www.hydraulic-cylinders.net\/lt\/wp-json\/wp\/v2\/types\/product"}],"replies":[{"embeddable":true,"href":"https:\/\/www.hydraulic-cylinders.net\/lt\/wp-json\/wp\/v2\/comments?post=19563"}],"wp:featuredmedia":[{"embeddable":true,"href":"https:\/\/www.hydraulic-cylinders.net\/lt\/wp-json\/wp\/v2\/media\/17871"}],"wp:attachment":[{"href":"https:\/\/www.hydraulic-cylinders.net\/lt\/wp-json\/wp\/v2\/media?parent=19563"}],"wp:term":[{"taxonomy":"product_brand","embeddable":true,"href":"https:\/\/www.hydraulic-cylinders.net\/lt\/wp-json\/wp\/v2\/product_brand?post=19563"},{"taxonomy":"product_cat","embeddable":true,"href":"https:\/\/www.hydraulic-cylinders.net\/lt\/wp-json\/wp\/v2\/product_cat?post=19563"},{"taxonomy":"product_tag","embeddable":true,"href":"https:\/\/www.hydraulic-cylinders.net\/lt\/wp-json\/wp\/v2\/product_tag?post=19563"}],"curies":[{"name":"wp","href":"https:\/\/api.w.org\/{rel}","templated":true}]}}