{"id":19564,"date":"2025-04-07T06:54:50","date_gmt":"2025-04-07T06:54:50","guid":{"rendered":"https:\/\/www.hydraulic-cylinders.net\/product\/boom-cylinder-for-yishan-ys70\/"},"modified":"2025-04-07T06:54:52","modified_gmt":"2025-04-07T06:54:52","slug":"boom-cylinder-for-yishan-ys70","status":"publish","type":"product","link":"https:\/\/www.hydraulic-cylinders.net\/lt\/produktas\/boom-cylinder-for-yishan-ys70\/","title":{"rendered":"Str\u0117l\u0117s cilindras Yishan YS70"},"content":{"rendered":"<h1>Str\u0117l\u0117s cilindras Yishan YS70<\/h1>\n<h2>\u012evadas \u012f str\u0117l\u0117s cilindr\u0105<\/h2>\n<p>Str\u0117l\u0117s cilindras yra labai svarbus hidraulini\u0173 sistem\u0173 komponentas, specialiai sukurtas valdyti kau\u0161\u0173 jud\u0117jim\u0105 sunkiosiose ma\u0161inose, tokiose kaip ekskavatoriai, ekskavatoriniai krautuvai ir frontaliniai krautuvai. Jis leid\u017eia pakelti, nuleisti ir pakreipti kau\u0161\u0105, taip palengvindamas efektyv\u0173 med\u017eiag\u0173 tvarkym\u0105. \u0160io tipo hidraulinis cilindras atlieka svarb\u0173 vaidmen\u012f gerinant statybin\u0117s \u012frangos na\u0161um\u0105 ir universalum\u0105.<\/p>\n<p>Kaip hidraulinis cilindras, str\u0117l\u0117s cilindras naudoja hidraulin\u012f skyst\u012f tiesiniam jud\u0117jimui sukurti. Valdydami hidraulinio skys\u010dio sl\u0117g\u012f, operatoriai gali atlikti tikslius judesius, kurie yra b\u016btini atliekant tokias u\u017eduotis kaip kasimas, krovimas ir med\u017eiag\u0173 transportavimas.<\/p>\n<p><img decoding=\"async\" src=\"https:\/\/www.hydraulic-cylinders.net\/wp-content\/uploads\/2025\/04\/songte-company-1.webp\" alt=\"Str\u0117l\u0117s cilindro vaizdas\" \/><\/p>\n<h2>Str\u0117l\u0117s cilindro savyb\u0117s<\/h2>\n<ul>\n<li>\n<h3>Didelis stiprumas ir ilgaam\u017ei\u0161kumas<\/h3>\n<p>Paprastai i\u0161 didelio stiprumo plieno arba aliuminio pagamintas str\u0117l\u0117s cilindras yra suprojektuotas taip, kad atlaikyt\u0173 auk\u0161t\u0105 sl\u0117g\u012f ir dideles apkrovas, tod\u0117l tinka at\u0161iaurioms darbo s\u0105lygoms. Konstrukcijoje atsi\u017evelgiama \u012f atsparum\u0105 dilimui ir apsaug\u0105 nuo korozijos, taip pailginant jo tarnavimo laik\u0105.<\/li>\n<li>\n<h3>Efektyvus hidraulinis valdymas<\/h3>\n<p>Str\u0117l\u0117s cilindras naudoja hidraulin\u0117s alyvos sl\u0117g\u012f, kad str\u0117l\u0117 skland\u017eiai i\u0161skleist\u0173 ir atitraukt\u0173 str\u0117l\u0119, greitai reaguot\u0173 \u012f operatoriaus komandas ir u\u017etikrint\u0173 galingas st\u016bmimo bei traukimo j\u0117gas, kurios idealiai tinka sunkiems daiktams tvarkyti ir sud\u0117tingoms u\u017eduotims atlikti.<\/li>\n<li>\n<h3>\u012evair\u016bs cilindr\u0173 tipai<\/h3>\n<p>Str\u0117l\u0117s cilindrai b\u016bna \u012fvairi\u0173 tip\u0173, \u012fskaitant vienpusio veikimo (veikian\u010dius viena kryptimi) ir dvigubo veikimo (veikian\u010dius abiem kryptimis) cilindrus. Kai kurie modeliai yra teleskopiniai, tod\u0117l juos galima labiau i\u0161tiesti nedidinant i\u0161orini\u0173 matmen\u0173, tod\u0117l jie tinka naudoti ank\u0161tose erdv\u0117se.<\/li>\n<\/ul>\n<p>M\u016bs\u0173 gaminiai gali puikiai pakeisti esamus hidraulinius cilindrus, u\u017etikrindami suderinamum\u0105 ir patikimum\u0105.<\/p>\n<p><img decoding=\"async\" src=\"https:\/\/www.hydraulic-cylinders.net\/wp-content\/uploads\/2025\/04\/songte-cylinder-head-with-all-kinds-excavator-models.webp\" alt=\"Ekskavatori\u0173 modeliai\" \/><\/p>\n<h2>Str\u0117l\u0117s cilindro pritaikymas<\/h2>\n<h3>Statybin\u0117 \u012franga<\/h3>\n<p>Ekskavatoriuose str\u0117l\u0117s cilindrai yra gyvybi\u0161kai svarb\u016bs kasant, kraunant ir perkeliant \u017eem\u0119 ar \u0161iuk\u0161les. Hidraulin\u0117 sistema leid\u017eia tiksliai valdyti kau\u0161o jud\u0117jim\u0105, tod\u0117l operatoriai gali efektyviai atlikti \u012fvairias u\u017eduotis. Ekskavatoriuose-krautuvuose str\u0117l\u0117s cilindras padeda tiek kasant, tiek keliant, taip padidindamas ma\u0161inos universalum\u0105.<\/p>\n<h3>\u017dem\u0117s \u016bkio technika<\/h3>\n<p>Priekiniuose krautuvuose str\u0117l\u0117s cilindrai naudojami dirvo\u017eemiui, \u0161ienui ir kitoms med\u017eiagoms semti, kelti ir transportuoti. \u0160ie cilindrai, u\u017etikrindami efektyv\u0173 k\u0117lim\u0105 ir i\u0161vertim\u0105, \u017eymiai padidina produktyvum\u0105 \u016bkiuose ir \u017eem\u0117s \u016bkio aplinkoje.<\/p>\n<h3>Ekskavatoriai<\/h3>\n<p>Str\u0117l\u0117s cilindrai leid\u017eia kau\u0161ui efektyviai \u012fsiskverbti \u012f dirv\u0105, palengvindami kasimo darbus. Hidraulin\u0117 j\u0117ga leid\u017eia kau\u0161ui panaudoti reikiam\u0105 j\u0117g\u0105, kad pralau\u017et\u0173 kietus pavir\u0161ius, tod\u0117l tai yra esminis elementas statybose ir \u017eem\u0117s pl\u0117troje.<\/p>\n<h3>Krautuvai<\/h3>\n<p>Priekiniuose krautuvuose str\u0117l\u0117s cilindrai padeda efektyviai kelti ir i\u0161versti krovinius. J\u0173 konstrukcija leid\u017eia skland\u017eiai sukioti ir valdyti str\u0117l\u0119, taip pagerindama krautuvo eksploatacines galimybes \u012fvairiose srityse.<\/p>\n<h2>Projektavimo aspektai ir atrankos kriterijai<\/h2>\n<h3>Keliamoji galia<\/h3>\n<p>Renkantis str\u0117l\u0117s cilindr\u0105, vienas i\u0161 svarbiausi\u0173 veiksni\u0173 yra keliamoji galia. Ji lemia maksimal\u0173 svor\u012f, kur\u012f cilindras gali atlaikyti nepakenkdamas konstrukcijos vientisumui. Didel\u0117ms apkrovoms skirtas cilindras turi b\u016bti grie\u017etai i\u0161bandytas, siekiant u\u017etikrinti patikimum\u0105 ir saugum\u0105 ekstremaliomis s\u0105lygomis.<\/p>\n<h3>Sandarumo vientisumas<\/h3>\n<p>Sandarinimas vaidina gyvybi\u0161kai svarb\u0173 vaidmen\u012f hidraulin\u0117s sistemos efektyvumui. Tinkam\u0173 sandarikli\u0173 pasirinkimas padeda i\u0161vengti hidraulinio skys\u010dio nuot\u0117kio, u\u017etikrina optimal\u0173 na\u0161um\u0105 ir suma\u017eina prie\u017ei\u016bros i\u0161laidas. Auk\u0161tos kokyb\u0117s sandarinimo med\u017eiag\u0173, toki\u0173 kaip poliuretanas ir nitrilo kau\u010diukas, naudojimas padidina patvarum\u0105 ir atsparum\u0105 dilimui.<\/p>\n<h3>Patvarumas<\/h3>\n<p>Hidrauliniams cilindrams, veikiamiems at\u0161iauriomis s\u0105lygomis, ilgaam\u017ei\u0161kumas yra labai svarbus. Korozijai ir dilimui atsparios med\u017eiagos ir dangos pailgina str\u0117l\u0117s cilindro tarnavimo laik\u0105, tod\u0117l operatoriams tai yra ekonomi\u0161kesn\u0117 investicija.<\/p>\n<h3>Saugos standartai<\/h3>\n<p>Saugos standart\u0173 laikymasis projektuojant str\u0117l\u0117s cilindrus yra labai svarbus siekiant u\u017etikrinti operatoriaus saug\u0105 ir \u012frangos ilgaam\u017ei\u0161kum\u0105. Atitiktis pramon\u0117s reglamentams padidina produkto patikimum\u0105 rinkoje.<\/p>\n<h3>Prieinamumas prie prie\u017ei\u016bros<\/h3>\n<p>Str\u0117l\u0117s cilindr\u0173 projektavimas taip, kad juos b\u016bt\u0173 lengva pri\u017ei\u016br\u0117ti, yra labai svarbus siekiant suma\u017einti prastovas. Funkcijos, leid\u017eian\u010dios lengvai juos ap\u017ei\u016br\u0117ti, tepti ir keisti dalis, prisideda prie bendro veiklos efektyvumo.<\/p>\n<p><img decoding=\"async\" src=\"https:\/\/www.hydraulic-cylinders.net\/wp-content\/uploads\/2025\/04\/songte-oil-pipes-and-spare-parts.webp\" alt=\"Naftos vamzd\u017eiai ir atsargin\u0117s dalys\" \/><\/p>\n<h2>Sandarinimas ir tepimas<\/h2>\n<p>Efektyvus sandarinimas yra nepaprastai svarbus siekiant u\u017etikrinti skland\u0173 str\u0117l\u0117s cilindr\u0173 veikim\u0105. Naudojami \u012fvair\u016bs sandarikliai, \u012fskaitant st\u016bmokli\u0173 ir stryp\u0173 sandariklius, kurie da\u017enai gaminami i\u0161 atspari\u0173 dilimui med\u017eiag\u0173, toki\u0173 kaip poliuretanas ir nitrilo kau\u010diukas. Cilindro korpusas ir srieginiai galai yra kruop\u0161\u010diai apdirbami, siekiant padidinti atsparum\u0105 dilimui ir u\u017etikrinti ilgalaik\u012f veikim\u0105. Norint i\u0161laikyti sandarikli\u0173 ir paties cilindro funkcionalum\u0105, i\u0161vengti eksploatacini\u0173 problem\u0173 ir pailginti gaminio tarnavimo laik\u0105, reikia reguliariai tepti tinkama hidrauline alyva.<\/p>\n<h2>Prevencin\u0117s prie\u017ei\u016bros priemon\u0117s<\/h2>\n<ul>\n<li>\n<h3>Reguliar\u016bs patikrinimai<\/h3>\n<p>Labai svarbu da\u017enai tikrinti str\u0117l\u0117s cilindr\u0105, ar n\u0117ra susid\u0117v\u0117jimo, nuot\u0117ki\u0173 ar pa\u017eeidim\u0173 po\u017eymi\u0173. Ankstyvas problem\u0173 nustatymas leid\u017eia laiku atlikti remont\u0105 ir i\u0161vengti rimtesni\u0173 problem\u0173, kurios gali sukelti brangias prastovas.<\/h3>\n<\/li>\n<li>\n<h3>Tinkamas tepimas<\/h3>\n<p>Tinkamas judan\u010di\u0173 dali\u0173 tepimas yra labai svarbus norint suma\u017einti trint\u012f ir nusid\u0117v\u0117jim\u0105. Reguliarus hidraulinio skys\u010dio lygio tikrinimas ir papildymas pad\u0117s palaikyti optimal\u0173 veikimo efektyvum\u0105.<\/h3>\n<\/li>\n<li>\n<h3>Sandariklio keitimas<\/h3>\n<p>Laikui b\u0117gant, sandarikliai gali susid\u0117v\u0117ti ir juos gali tekti keisti. Tinkamo sandariklio keitimo laiko nustatymas gali pad\u0117ti i\u0161vengti nuot\u0117ki\u0173 ir i\u0161laikyti sistemos vientisum\u0105.<\/h3>\n<\/li>\n<\/ul>\n<h2>\u012erengimo gair\u0117s<\/h2>\n<p>Teisingas str\u0117l\u0117s cilindro montavimas yra labai svarbus jo veikimui ir ilgaam\u017ei\u0161kumui. Pirmiausia \u012fsitikinkite, kad cilindras yra tinkamai sulygiuotas su mechanizmu, kad komponentai neb\u016bt\u0173 pernelyg \u012ftempti. Naudokite tinkamus tvirtinimo laikiklius, kad pritvirtintum\u0117te cilindr\u0105 vietoje \u2013 tai pad\u0117s i\u0161laikyti sulygiavim\u0105 ir suma\u017einti vibracij\u0105 darbo metu. Prijungdami hidraulines linijas, laikykit\u0117s gamintojo nurodym\u0173, vengdami sulenkim\u0173 ar staigi\u0173 lenkim\u0173, kurie gali apriboti skys\u010dio sraut\u0105. Galiausiai, po montavimo patikrinkite hidraulin\u0119 sistem\u0105, kad \u012fsitikintum\u0117te, jog str\u0117l\u0117s cilindras veikia skland\u017eiai ir be nuot\u0117ki\u0173.<\/p>\n<h2>\u012eprastos prie\u017ei\u016bros u\u017eduotys<\/h2>\n<h3>Reguliar\u016bs patikrinimai<\/h3>\n<p>Reguliar\u016bs patikrinimai padeda nustatyti galimas problemas, kol jos nepa\u016bm\u0117jo. Patikrinim\u0173 metu ie\u0161kokite susid\u0117v\u0117jimo, nuot\u0117ki\u0173 ar pa\u017eeidim\u0173 po\u017eymi\u0173. Technin\u0117s prie\u017ei\u016bros \u017eurnalas gali pad\u0117ti steb\u0117ti na\u0161um\u0105 ir laikui b\u0117gant aptikti d\u0117sningumus.<\/p>\n<h3>Tinkamas tepimas<\/h3>\n<p>Tinkamas tepimo lygis yra labai svarbus skland\u017eiam str\u0117l\u0117s cilindro veikimui. \u012esitikinkite, kad tepalai naudojami pagal gamintojo rekomendacijas, kad nesugest\u0173 sandarikliai ir kiti komponentai.<\/p>\n<h3>Tarpikli\u0173 keitimas ir kalibravimo patikrinimai<\/h3>\n<p>Reguliar\u016bs kalibravimo patikrinimai u\u017etikrina optimal\u0173 str\u0117l\u0117s cilindro efektyvum\u0105. Jei kalibravimas rodo veikimo neatitikimus, gali tekti pakeisti sandariklius arba sureguliuoti hidraulin\u0119 sistem\u0105, kad b\u016bt\u0173 atkurtas tinkamas veikimas.<\/p>\n<p><img decoding=\"async\" src=\"https:\/\/www.hydraulic-cylinders.net\/wp-content\/uploads\/2025\/04\/songte-chushion-collar.webp\" alt=\"Pagalv\u0117l\u0117s apykakl\u0117\" \/><\/p>\n<h2>Saugos aspektai ir aplinkos veiksniai<\/h2>\n<p>Dirbant su hidraulin\u0117mis sistemomis, itin svarbu \u012fgyvendinti saugos priemones. Visada u\u017etikrinkite, kad operatoriai b\u016bt\u0173 apmokyti saugiai naudoti str\u0117l\u0117s cilindrus. \u012eranga tur\u0117t\u0173 b\u016bti reguliariai tikrinama, siekiant i\u0161vengti nelaiming\u0173 atsitikim\u0173, susijusi\u0173 su \u012frangos gedimais. Be to, atsi\u017evelkite \u012f hidraulini\u0173 skys\u010di\u0173 poveik\u012f aplinkai ir, jei \u012fmanoma, rinkit\u0117s biologi\u0161kai skaid\u017eias alternatyvas, kad suma\u017eintum\u0117te \u017eal\u0105 aplinkai.<\/p>\n<h2>Trik\u010di\u0173 \u0161alinimas ir da\u017eniausiai pasitaikan\u010dios problemos<\/h2>\n<ul>\n<li>\n<h3>Nuot\u0117kis<\/h3>\n<p>Nuot\u0117kiai gali atsirasti d\u0117l susid\u0117v\u0117jusi\u0173 sandarikli\u0173 arba pa\u017eeist\u0173 komponent\u0173. Nor\u0117dami tai i\u0161spr\u0119sti, patikrinkite, ar sandarikliai n\u0117ra susid\u0117v\u0117j\u0119, ir prireikus juos pakeiskite, \u012fsitikindami, kad visos jungtys yra sandarios ir saugios.<\/h3>\n<\/li>\n<li>\n<h3>Nenuoseklus na\u0161umas<\/h3>\n<p>Jei str\u0117l\u0117s cilindras veikia netolygiai, patikrinkite hidraulinio skys\u010dio lyg\u012f ir patikrinkite, ar sistemoje n\u0117ra oro. Norint u\u017etikrinti pastov\u0173 sl\u0117gio tiekim\u0105, gali tekti i\u0161leisti i\u0161 sistemos or\u0105.<\/h3>\n<\/li>\n<li>\n<h3>Perkaitimas<\/h3>\n<p>Hidraulinio skys\u010dio perkaitimas gali rodyti sistemos au\u0161inimo problem\u0105. Tinkamo skys\u010dio lygio u\u017etikrinimas ir au\u0161inimo sistemos patikrinimas, ar n\u0117ra u\u017esikim\u0161im\u0173, gali pad\u0117ti i\u0161spr\u0119sti \u0161i\u0105 problem\u0105.<\/h3>\n<\/li>\n<\/ul>\n<p>\u012ediegus prevencines priemones, galima gerokai suma\u017einti \u0161i\u0173 problem\u0173 atsiradimo tikimyb\u0119 ir taip padidinti bendr\u0105 str\u0117l\u0117s cilindro patikimum\u0105.<\/p>\n<p><img decoding=\"async\" src=\"https:\/\/www.hydraulic-cylinders.net\/wp-content\/uploads\/2025\/04\/songte-bushings-with-all-kinds-of-excavator-models.webp\" alt=\"\u012evor\u0117s su ekskavatori\u0173 modeliais\" \/><\/p>\n<h2>Apie m\u016bs\u0173 \u012fmon\u0119<\/h2>\n<p>Esame pirmaujantis hidraulini\u0173 cilindr\u0173 gamintojas ir didmenininkas, siekiantis teikti auk\u0161tos kokyb\u0117s alternatyvas \u012fvairioms reikm\u0117ms. Platus gamini\u0173 asortimentas ir \u012fsipareigojimas siekti meistri\u0161kumo pavert\u0117 mus \u017eymiu \u017eaid\u0117ju tiek vidaus, tiek tarptautin\u0117se rinkose. Laikom\u0117s grie\u017et\u0173 kokyb\u0117s standart\u0173 ir naudojame pa\u017eangias gamybos technologijas, u\u017etikrindami, kad m\u016bs\u0173 gaminiai atitikt\u0173 \u012fvairius klient\u0173 poreikius.<\/p>\n<p>M\u016bs\u0173 patirt\u012f papildo kvalifikuota darbo j\u0117ga, moderni skaitmenin\u0117 gamybos \u012franga ir patikimos testavimo sistemos, kurios didina m\u016bs\u0173 gamybos paj\u0117gumus. Mes teikiame pirmenyb\u0119 kokybei, efektyvumui ir tikslumui, tod\u0117l galime efektyviai patenkinti unikalius klient\u0173 reikalavimus. M\u016bs\u0173 reputacija grind\u017eiama patikimumu, novatori\u0161kais sprendimais ir i\u0161skirtiniu aptarnavimu po pardavimo.<\/p>\n<p><img decoding=\"async\" src=\"https:\/\/www.hydraulic-cylinders.net\/wp-content\/uploads\/2025\/04\/songte-company-4.webp\" alt=\"\u012emon\u0117s paveiksl\u0117lis 1\" \/><br \/>\n<img decoding=\"async\" src=\"https:\/\/www.hydraulic-cylinders.net\/wp-content\/uploads\/2025\/04\/songte-company-3.webp\" alt=\"\u012emon\u0117s paveiksl\u0117lis 2\" \/><\/p>\n<p>Autorius: lyl<\/p>","protected":false},"excerpt":{"rendered":"<p>Boom Cylinder For Yishan YS70 Introduction to Boom Cylinder The Boom Cylinder is a crucial component in hydraulic systems, specifically designed for controlling the movement of buckets in heavy machinery such as excavators, backhoe loaders, and front loaders. It allows for the lifting, lowering, and tilting of the bucket, facilitating efficient material handling tasks. This [&hellip;]<\/p>","protected":false},"featured_media":17872,"comment_status":"open","ping_status":"closed","template":"","meta":{"_et_pb_use_builder":"","_et_pb_old_content":"","_et_gb_content_width":""},"product_brand":[],"product_cat":[1546],"product_tag":[1547,1496],"class_list":{"0":"post-19564","1":"product","2":"type-product","3":"status-publish","4":"has-post-thumbnail","6":"product_cat-boom-cylinders","7":"product_tag-boom-cylinders","8":"product_tag-hydraulic-cylinders","10":"first","11":"instock","12":"shipping-taxable","13":"product-type-simple"},"amp_enabled":true,"_links":{"self":[{"href":"https:\/\/www.hydraulic-cylinders.net\/lt\/wp-json\/wp\/v2\/product\/19564","targetHints":{"allow":["GET"]}}],"collection":[{"href":"https:\/\/www.hydraulic-cylinders.net\/lt\/wp-json\/wp\/v2\/product"}],"about":[{"href":"https:\/\/www.hydraulic-cylinders.net\/lt\/wp-json\/wp\/v2\/types\/product"}],"replies":[{"embeddable":true,"href":"https:\/\/www.hydraulic-cylinders.net\/lt\/wp-json\/wp\/v2\/comments?post=19564"}],"wp:featuredmedia":[{"embeddable":true,"href":"https:\/\/www.hydraulic-cylinders.net\/lt\/wp-json\/wp\/v2\/media\/17872"}],"wp:attachment":[{"href":"https:\/\/www.hydraulic-cylinders.net\/lt\/wp-json\/wp\/v2\/media?parent=19564"}],"wp:term":[{"taxonomy":"product_brand","embeddable":true,"href":"https:\/\/www.hydraulic-cylinders.net\/lt\/wp-json\/wp\/v2\/product_brand?post=19564"},{"taxonomy":"product_cat","embeddable":true,"href":"https:\/\/www.hydraulic-cylinders.net\/lt\/wp-json\/wp\/v2\/product_cat?post=19564"},{"taxonomy":"product_tag","embeddable":true,"href":"https:\/\/www.hydraulic-cylinders.net\/lt\/wp-json\/wp\/v2\/product_tag?post=19564"}],"curies":[{"name":"wp","href":"https:\/\/api.w.org\/{rel}","templated":true}]}}