{"id":19568,"date":"2025-04-07T06:55:02","date_gmt":"2025-04-07T06:55:02","guid":{"rendered":"https:\/\/www.hydraulic-cylinders.net\/product\/boom-cylinder-for-john-deere-e260lc\/"},"modified":"2025-04-07T06:55:04","modified_gmt":"2025-04-07T06:55:04","slug":"boom-cylinder-for-john-deere-e260lc","status":"publish","type":"product","link":"https:\/\/www.hydraulic-cylinders.net\/lt\/produktas\/boom-cylinder-for-john-deere-e260lc\/","title":{"rendered":"Str\u0117l\u0117s cilindras, skirtas John Deere E260LC"},"content":{"rendered":"<h1>Str\u0117l\u0117s cilindras, skirtas John Deere E260LC<\/h1>\n<h2>\u012evadas \u012f str\u0117l\u0117s cilindrus<\/h2>\n<p>Str\u0117l\u0117s cilindras yra labai svarbus hidraulini\u0173 sistem\u0173 komponentas, specialiai sukurtas valdyti kau\u0161\u0173 jud\u0117jim\u0105 \u012fvairiose sunkiosiose ma\u0161inose, tokiose kaip ekskavatoriai, ekskavatoriniai krautuvai ir frontaliniai krautuvai. \u0160is hidraulinis cilindras leid\u017eia kau\u0161ui pakelti, nuleisti ir pakreipti, taip palengvindamas efektyv\u0173 med\u017eiag\u0173 tvarkym\u0105. Naudodami susl\u0117gt\u0105 hidraulin\u012f skyst\u012f, str\u0117l\u0117s cilindrai valdo kau\u0161o jud\u0117jim\u0105, leisdami operatoriams tiksliai ir lengvai atlikti kasimo, krovimo ir transportavimo operacijas.<\/p>\n<p><img decoding=\"async\" src=\"https:\/\/www.hydraulic-cylinders.net\/wp-content\/uploads\/2025\/04\/songte-company-1.webp\" alt=\"Str\u0117l\u0117s cilindras\"><\/p>\n<h2>Pagrindin\u0117s str\u0117l\u0117s cilindro savyb\u0117s<\/h2>\n<ul>\n<li><strong>Didelis stiprumas ir ilgaam\u017ei\u0161kumas:<\/strong> \u0160ie cilindrai, pagaminti i\u0161 didelio stiprumo plieno arba aliuminio, yra sukurti taip, kad atlaikyt\u0173 auk\u0161t\u0105 sl\u0117g\u012f ir dideles apkrovas, tod\u0117l tinkami naudoti at\u0161iauriomis darbo s\u0105lygomis. J\u0173 konstrukcijoje integruotas atsparumas dilimui ir apsauga nuo korozijos, siekiant pailginti j\u0173 tarnavimo laik\u0105.<\/li>\n<li><strong>Efektyvus hidraulinis valdymas:<\/strong> Cilindras naudoja hidraulinio skys\u010dio sl\u0117g\u012f, kad skland\u017eiai i\u0161skleist\u0173 ir atitraukt\u0173, greitai reaguot\u0173 \u012f operatoriaus komandas ir u\u017etikrint\u0173 galing\u0105 st\u016bmimo bei traukimo j\u0117g\u0105, reikaling\u0105 sunkioms ir sud\u0117tingoms u\u017eduotims atlikti.<\/li>\n<li><strong>\u012evair\u016bs tipai:<\/strong> Str\u0117l\u0117s cilindrai gali b\u016bti pritaikyti prie \u012fvairi\u0173 eksploatacini\u0173 poreiki\u0173 \u2013 vienpusio veikimo (hidraulikos naudojimas viena kryptimi) arba dvipusio veikimo (hidraulikos naudojimas abiem kryptimis). Kai kurie modeliai yra teleskopiniai, tod\u0117l juos galima labiau prailginti nedidinant i\u0161orini\u0173 matmen\u0173, o tai idealiai tinka naudoti ribotoje erdv\u0117je.<\/li>\n<li><strong>Suderinamumas:<\/strong> M\u016bs\u0173 gaminiai puikiai pakei\u010dia \u012fvairius hidraulinius cilindrus, u\u017etikrindami skland\u0173 integravim\u0105 ir na\u0161um\u0105.<\/li>\n<\/ul>\n<p><img decoding=\"async\" src=\"https:\/\/www.hydraulic-cylinders.net\/wp-content\/uploads\/2025\/04\/songte-cylinder-head-with-all-kinds-excavator-models.webp\" alt=\"Ekskavatori\u0173 modeliai\"><\/p>\n<h2>Str\u0117l\u0117s cilindr\u0173 pritaikymas<\/h2>\n<h3>Statybin\u0117 \u012franga<\/h3>\n<p>Ekskavatoriuose str\u0117l\u0117s cilindrai yra b\u016btini kasant, kraunant ir perkeliant grunt\u0105 ar \u0161iuk\u0161les. J\u0173 geb\u0117jimas tiekti reikiam\u0105 hidraulin\u0119 gali\u0105 leid\u017eia operatoriams efektyviai atlikti kasimo darbus. Ekskavatoriuose-krautuvuose \u0161ie cilindrai padeda ne tik kasti, bet ir kelti med\u017eiagas, tod\u0117l jie universal\u016bs atliekant statybos darbus.<\/p>\n<h3>\u017dem\u0117s \u016bkio technika<\/h3>\n<p>Priekiniuose krautuvuose str\u0117l\u0117s cilindrai naudojami dirvo\u017eemiui, \u0161ienui ir kitoms med\u017eiagoms semti, kelti ir transportuoti. Tvirta j\u0173 konstrukcija u\u017etikrina, kad jie gali atlikti \u017eem\u0117s \u016bkio darbus, o tai leid\u017eia \u016bkininkams padidinti savo veiklos produktyvum\u0105 ir efektyvum\u0105.<\/p>\n<h3>Ekskavatoriai<\/h3>\n<p>Str\u0117l\u0117s cilindras atlieka labai svarb\u0173 vaidmen\u012f, kad kau\u0161as gal\u0117t\u0173 \u012fsiskverbti \u012f \u017eem\u0119 kasimo metu. Palengvindami kasimo judes\u012f, \u0161ie cilindrai pagerina bendr\u0105 ekskavatori\u0173 na\u0161um\u0105 \u012fvairiomis dirvo\u017eemio s\u0105lygomis, tod\u0117l jie yra ne\u012fkainojami statybos ir kra\u0161tovaizd\u017eio tvarkymo projektuose.<\/p>\n<h3>Krautuvai<\/h3>\n<p>Priekiniuose krautuvuose str\u0117l\u0117s cilindrai padeda efektyviai kelti ir i\u0161versti krovinius. J\u0173 hidraulinis paj\u0117gumas leid\u017eia skland\u017eiai pakrauti ir i\u0161krauti med\u017eiagas, o tai yra gyvybi\u0161kai svarbu \u012fvairioms pramon\u0117s \u0161akoms, \u012fskaitant statyb\u0105 ir atliek\u0173 tvarkym\u0105.<\/p>\n<h2>Projektavimo aspektai ir atrankos kriterijai<\/h2>\n<h3>Keliamoji galia<\/h3>\n<p>Renkantis str\u0117l\u0117s cilindr\u0105, vienas i\u0161 pagrindini\u0173 aspekt\u0173 yra jo keliamoji galia. Svarbu pasirinkti cilindr\u0105, kuris gal\u0117t\u0173 atlaikyti maksimal\u0173 numatom\u0105 svor\u012f eksploatacijos metu nepakenkiant saugumui ar na\u0161umui. Keliamoji galia turi atitikti mechanizm\u0173, kuriems jis bus naudojamas, specifikacijas, u\u017etikrinant, kad jis gal\u0117t\u0173 efektyviai veikti esant didel\u0117ms apkrovoms.<\/p>\n<h3>Sandarinimo technologija<\/h3>\n<p>Kitas svarbus projektavimo aspektas yra sandarinimo technologija. Auk\u0161tos kokyb\u0117s sandarikliai apsaugo nuo hidraulinio skys\u010dio nutek\u0117jimo, palaikydami sl\u0117g\u012f ir efektyvum\u0105 sistemoje. Sandarinimo med\u017eiag\u0173, toki\u0173 kaip poliuretanas arba nitrilo kau\u010diukas, pasirinkimas yra labai svarbus u\u017etikrinant ilgaam\u017ei\u0161kum\u0105 ir na\u0161um\u0105, nes \u0161ios med\u017eiagos pasi\u017eymi puikiu atsparumu dilimui ir ilgaam\u017ei\u0161kumu, tod\u0117l reikia re\u010diau keisti sandariklius.<\/p>\n<h3>Patvarumas<\/h3>\n<p>At\u0161iauriomis darbo s\u0105lygomis patvarumas yra svarbiausias dalykas. Str\u0117l\u0117s cilindrai turi b\u016bti suprojektuoti taip, kad atlaikyt\u0173 ekstremalias s\u0105lygas, \u012fskaitant auk\u0161t\u0105 sl\u0117g\u012f, auk\u0161t\u0105 temperat\u016br\u0105 ir korozini\u0173 element\u0173 poveik\u012f. Tai gali apimti specializuot\u0173 dang\u0173 ir med\u017eiag\u0173, kurios padidina atsparum\u0105 dilimui, korozijai ir aplinkos veiksniams, naudojim\u0105, taip pailgindamos tarnavimo laik\u0105.<\/p>\n<h3>Saugos funkcijos<\/h3>\n<p>Projektuojant str\u0117l\u0117s cilindrus, sauga yra labai svarbus aspektas. Tokios savyb\u0117s kaip sl\u0117gio ma\u017einimo vo\u017etuvai ir tvirta konstrukcija gali pad\u0117ti i\u0161vengti katastrofi\u0161k\u0173 gedim\u0173, u\u017etikrinant operatori\u0173 apsaug\u0105 darbo metu. Saugos priemoni\u0173 \u012fgyvendinimas ne tik apsaugo personal\u0105, bet ir apsaugo ma\u0161inas nuo pa\u017eeidim\u0173.<\/p>\n<h3>Prieinamumas prie prie\u017ei\u016bros<\/h3>\n<p>Galiausiai, esminis projektavimo kriterijus yra paprastas techninis aptarnavimas. Gerai suprojektuotas str\u0117l\u0117s cilindras tur\u0117t\u0173 u\u017etikrinti lengv\u0105 prieig\u0105 prie pagrindini\u0173 komponent\u0173 ap\u017ei\u016brai ir techninei prie\u017ei\u016brai, taip suma\u017einant prastovas ir palengvinant reguliari\u0105 technin\u0119 prie\u017ei\u016br\u0105. Toks prieinamumas gali \u017eymiai padidinti mechanizm\u0173 veikimo efektyvum\u0105, u\u017etikrinant optimali\u0105 j\u0173 darbin\u0119 b\u016bkl\u0119.<\/p>\n<p><img decoding=\"async\" src=\"https:\/\/www.hydraulic-cylinders.net\/wp-content\/uploads\/2025\/04\/songte-oil-pipes-and-spare-parts.webp\" alt=\"Naftos vamzd\u017eiai ir atsargin\u0117s dalys\"><\/p>\n<h2>Sandarinimas ir tepimas<\/h2>\n<p>Efektyvus sandarinimas ir tepimas yra labai svarb\u016bs str\u0117l\u0117s cilindr\u0173 ilgaam\u017ei\u0161kumui ir veikimui. Siekiant i\u0161vengti hidraulinio skys\u010dio nuot\u0117kio, naudojami \u012fvair\u016bs sandarikliai, pavyzd\u017eiui, st\u016bmokli\u0173 ir stryp\u0173 sandarikliai. Patvari\u0173 med\u017eiag\u0173, toki\u0173 kaip poliuretanas ir nitrilo kau\u010diukas, pasirinkimas u\u017etikrina, kad \u0161ie sandarikliai atlaikyt\u0173 nusid\u0117v\u0117jim\u0105, i\u0161laikant hidraulin\u0117s sistemos vientisum\u0105. Be to, cilindro korpusas ir srieginiai galiniai pavir\u0161iai yra kruop\u0161\u010diai apdirbti, siekiant padidinti atsparum\u0105 dilimui.<\/p>\n<p>Labai svarbu reguliariai pildyti tinkam\u0105 hidraulin\u0119 alyv\u0105 tepimui. Tinkamas tepimas suma\u017eina trint\u012f ir dilim\u0105 tarp judan\u010di\u0173 dali\u0173, u\u017etikrindamas sklandesn\u012f veikim\u0105 ir suma\u017eindamas mechanini\u0173 gedim\u0173 rizik\u0105. Svarbu sudaryti tepimo grafik\u0105, kad hidraulin\u0117 sistema veikt\u0173 efektyviai.<\/p>\n<h2>Reguliarus patikrinimas ir prevencin\u0117 prie\u017ei\u016bra<\/h2>\n<ul>\n<li><strong>\u012eprastiniai patikrinimai:<\/strong> Reguliar\u016bs vizualiniai patikrinimai gali pad\u0117ti anksti nustatyti bet kokius susid\u0117v\u0117jimo ar pa\u017eeidimo po\u017eymius, tod\u0117l galima laiku atlikti remont\u0105, kol nekilo rimtos problemos. Eksploatacijos metu ie\u0161kokite skys\u010di\u0173 nuot\u0117ki\u0173, \u012ftr\u016bkim\u0173 ar ne\u012fprast\u0173 gars\u0173.<\/li>\n<li><strong>Tinkamas tepimas:<\/strong> \u012esitikinkite, kad hidraulin\u0117 sistema yra tinkamai sutepta pagal gamintojo rekomendacijas. Tai pad\u0117s i\u0161laikyti optimal\u0173 na\u0161um\u0105 ir pailgins cilindro tarnavimo laik\u0105.<\/li>\n<li><strong>Sandariklio keitimas:<\/strong> Laikui b\u0117gant, sandarikliai gali susid\u0117v\u0117ti ir juos gali tekti keisti. Reguliariai tikrinkite, ar sandarikliai nepa\u017eeisti, ir prireikus juos pakeiskite, kad i\u0161vengtum\u0117te hidraulinio skys\u010dio nuot\u0117kio ir i\u0161laikytum\u0117te efektyvum\u0105.<\/li>\n<\/ul>\n<h2>\u012erengimo gair\u0117s<\/h2>\n<p>Teisingas str\u0117l\u0117s cilindro montavimas yra labai svarbus jo veikimui ir ilgaam\u017ei\u0161kumui. Pirmiausia \u012fsitikinkite, kad darbo vieta yra \u0161vari ir tvarkinga, kad montavimo metu b\u016bt\u0173 kuo ma\u017eiau u\u017eter\u0161imo rizikos. Tinkamas cilindro suderinimas yra b\u016btinas; neteisingas suderinimas gali sukelti prie\u0161laikin\u012f susid\u0117v\u0117jim\u0105 ir galim\u0105 gedim\u0105. Naudokite tinkamus tvirtinimo laikiklius, kad cilindras tvirtai pritvirtint\u0173.<\/p>\n<p>Prie\u0161 montuodami patikrinkite visus komponentus, ar jie nepa\u017eeisti. \u012esitikinkite, kad hidraulin\u0117s linijos n\u0117ra u\u017esikim\u0161usios ir kad visos jungtys yra \u0161varios. Sulygiavus, atsargiai prijunkite hidraulines linijas, laikydamiesi gamintojo nurodym\u0173 d\u0117l sukimo momento nustatym\u0173. Po montavimo atid\u017eiai patikrinkite, ar n\u0117ra nuot\u0117ki\u0173, ir prie\u0161 prad\u0117dami naudoti cilindr\u0105, \u012fsitikinkite, kad jis veikia skland\u017eiai.<\/p>\n<h2>\u012eprastos prie\u017ei\u016bros u\u017eduotys<\/h2>\n<ul>\n<li><strong>Reguliar\u016bs patikrinimai:<\/strong> Reguliar\u016bs patikrinimai padeda anksti nustatyti galimas problemas. Ie\u0161kokite nuot\u0117ki\u0173, patikrinkite, ar n\u0117ra sandarikli\u0173 ir \u017earn\u0173 susid\u0117v\u0117jimo po\u017eymi\u0173, ir \u012fsitikinkite, kad cilindras veikia skland\u017eiai, be ne\u012fprast\u0173 gars\u0173.<\/li>\n<li><strong>Tinkamas tepimas:<\/strong> Tinkamas tepimo lygis yra labai svarbus cilindro veikimui. Laikykit\u0117s gamintojo nurodym\u0173 d\u0117l tepimo tipo ir da\u017enumo, kad i\u0161vengtum\u0117te susid\u0117v\u0117jimo.<\/li>\n<li><strong>Sandariklio keitimas:<\/strong> Reguliariai tikrinkite, ar sandarikliai nepa\u017eeisti, ir prireikus juos pakeiskite, kad i\u0161vengtum\u0117te nuot\u0117ki\u0173. U\u017etikrinkite tinkam\u0105 nauj\u0173 sandarikli\u0173 montavim\u0105, kad palaikytum\u0117te hidraulin\u012f sl\u0117g\u012f ir efektyvum\u0105.<\/li>\n<\/ul>\n<p>Tinkamas montavimas, tepimas ir reguliavimas yra labai svarb\u016bs norint maksimaliai padidinti str\u0117l\u0117s cilindr\u0173 tarnavimo laik\u0105. Montuodami \u012fsitikinkite, kad cilindras yra tinkamai sulygiuotas, kad komponentai neb\u016bt\u0173 per daug \u012ftempti. Naudojant tinkamas tvirtinimo atramas, galima gerokai suma\u017einti nesulygiavimo rizik\u0105.<\/p>\n<h2>Saugos aspektai ir aplinkos veiksniai<\/h2>\n<p>Naudojant str\u0117l\u0117s cilindrus, saugos priemon\u0117s yra nepaprastai svarbios. Operatoriai tur\u0117t\u0173 \u017einoti apie galimus pavojus, susijusius su hidraulin\u0117mis sistemomis. U\u017etikrinus, kad b\u016bt\u0173 d\u0117vimos visos apsaugin\u0117s priemon\u0117s ir laikomasi protokol\u0173, galima i\u0161vengti nelaiming\u0173 atsitikim\u0173. Taip pat rekomenduojama reguliariai mokyti saugiai valdyti ma\u0161inas su str\u0117l\u0117s cilindrais, siekiant padidinti informuotum\u0105 ir suma\u017einti rizik\u0105.<\/p>\n<h2>Gedim\u0173 diagnostika ir da\u017eniausios problemos<\/h2>\n<ul>\n<li><strong>Hidraulini\u0173 skys\u010di\u0173 nuot\u0117kiai:<\/strong> Viena i\u0161 da\u017eniausiai pasitaikan\u010di\u0173 problem\u0173 yra skys\u010di\u0173 nuot\u0117kis, kuris gali atsirasti d\u0117l susid\u0117v\u0117jusi\u0173 sandarikli\u0173 arba pa\u017eeist\u0173 \u017earn\u0173. Reguliar\u016bs patikrinimai gali pad\u0117ti greitai nustatyti ir pa\u0161alinti nuot\u0117kius.<\/li>\n<li><strong>Galios praradimas:<\/strong> Jei str\u0117l\u0117s cilindras reaguoja l\u0117tai arba jam tr\u016bksta galios, tai gali reik\u0161ti \u017eem\u0105 hidraulinio skys\u010dio lyg\u012f arba siurblio problemas. Norint veiksmingai i\u0161spr\u0119sti problem\u0105, b\u016btina nustatyti jos \u0161altin\u012f.<\/li>\n<li><strong>Ne\u012fprasti garsai:<\/strong> \u0160lifavimo ar beldimo garsai eksploatacijos metu gali rodyti mechanin\u012f susid\u0117v\u0117jim\u0105 arba netinkam\u0105 sulygiavim\u0105. Norint i\u0161vengti tolesn\u0117s \u017ealos, labai svarbu i\u0161tirti triuk\u0161mo \u0161altin\u012f ir nedelsiant j\u012f pa\u0161alinti.<\/li>\n<\/ul>\n<p>Norint veiksmingai diagnozuoti ir i\u0161spr\u0119sti problemas, patartina per\u017ei\u016br\u0117ti gamintojo pateikt\u0105 trik\u010di\u0173 \u0161alinimo vadov\u0105. Prevencin\u0117s priemon\u0117s, tokios kaip reguliari prie\u017ei\u016bra ir patikrinimai, gali gerokai suma\u017einti \u0161i\u0173 da\u017en\u0173 problem\u0173 rizik\u0105.<\/p>\n<p><img decoding=\"async\" src=\"https:\/\/www.hydraulic-cylinders.net\/wp-content\/uploads\/2025\/04\/songte-bushings-with-all-kinds-of-excavator-models.webp\" alt=\"\u012evor\u0117s su ekskavatori\u0173 modeliais\"><\/p>\n<h2>Apie m\u016bs\u0173 \u012fmon\u0119<\/h2>\n<p>Esame pirmaujantis pakaitini\u0173 hidraulini\u0173 cilindr\u0173 gamintojas, si\u016blantis plat\u0173 gamini\u0173 asortiment\u0105, atitinkant\u012f tiek vietin\u0117s, tiek tarptautin\u0117s rinkos poreikius. M\u016bs\u0173 \u012fsipareigojimas siekti meistri\u0161kumo skatina mus laikytis grie\u017et\u0173 kokyb\u0117s standart\u0173, naudojant rafinuot\u0105 gamybos proces\u0105 ir pa\u017eangias gamybos valdymo strategijas.<\/p>\n<p>M\u016bs\u0173 \u012fmon\u0117 did\u017eiuojasi tuo, kad samdo kvalifikuotus techninius darbuotojus, naudoja auk\u0161\u010diausios klas\u0117s skaitmenin\u0119 gamybos \u012frang\u0105 ir diegia specializuotas testavimo sistemas, siekdama nuolat tobulinti savo gamybos paj\u0117gumus. \u0160is atsidavimas kokybei u\u017etikrina, kad mes patenkiname \u012fvairius klient\u0173 reikalavimus dideliu efektyvumu, tikslumu ir kokybe.<\/p>\n<p><img decoding=\"async\" src=\"https:\/\/www.hydraulic-cylinders.net\/wp-content\/uploads\/2025\/04\/songte-company-4.webp\" alt=\"\u012emon\u0117s ap\u017evalga\"><br \/>\n<img decoding=\"async\" src=\"https:\/\/www.hydraulic-cylinders.net\/wp-content\/uploads\/2025\/04\/songte-company-3.webp\" alt=\"\u012emon\u0117s patalpos\"><\/p>\n<p>D\u0117mes\u012f sutelkdami \u012f profesionalum\u0105, tarptautinius sertifikatus, individualiai pritaikytas paslaugas, pa\u017eangi\u0105 gamybos \u012frang\u0105 ir i\u0161skirtin\u012f aptarnavim\u0105 po pardavimo, siekiame savo vertinamiems klientams teikti auk\u0161\u010diausio lygio paslaugas ir kokyb\u0119.<\/p>\n<p>Autorius: lyl<\/p>","protected":false},"excerpt":{"rendered":"<p>Boom Cylinder For John Deere E260LC Introduction to Boom Cylinders A boom cylinder is a critical component in hydraulic systems, specifically designed to control the movement of buckets in various heavy machinery, such as excavators, backhoe loaders, and front-end loaders. This hydraulic cylinder enables the bucket to lift, lower, and tilt, facilitating efficient material handling [&hellip;]<\/p>","protected":false},"featured_media":17876,"comment_status":"open","ping_status":"closed","template":"","meta":{"_et_pb_use_builder":"","_et_pb_old_content":"","_et_gb_content_width":""},"product_brand":[],"product_cat":[1546],"product_tag":[1547,1496],"class_list":{"0":"post-19568","1":"product","2":"type-product","3":"status-publish","4":"has-post-thumbnail","6":"product_cat-boom-cylinders","7":"product_tag-boom-cylinders","8":"product_tag-hydraulic-cylinders","10":"first","11":"instock","12":"shipping-taxable","13":"product-type-simple"},"amp_enabled":true,"_links":{"self":[{"href":"https:\/\/www.hydraulic-cylinders.net\/lt\/wp-json\/wp\/v2\/product\/19568","targetHints":{"allow":["GET"]}}],"collection":[{"href":"https:\/\/www.hydraulic-cylinders.net\/lt\/wp-json\/wp\/v2\/product"}],"about":[{"href":"https:\/\/www.hydraulic-cylinders.net\/lt\/wp-json\/wp\/v2\/types\/product"}],"replies":[{"embeddable":true,"href":"https:\/\/www.hydraulic-cylinders.net\/lt\/wp-json\/wp\/v2\/comments?post=19568"}],"wp:featuredmedia":[{"embeddable":true,"href":"https:\/\/www.hydraulic-cylinders.net\/lt\/wp-json\/wp\/v2\/media\/17876"}],"wp:attachment":[{"href":"https:\/\/www.hydraulic-cylinders.net\/lt\/wp-json\/wp\/v2\/media?parent=19568"}],"wp:term":[{"taxonomy":"product_brand","embeddable":true,"href":"https:\/\/www.hydraulic-cylinders.net\/lt\/wp-json\/wp\/v2\/product_brand?post=19568"},{"taxonomy":"product_cat","embeddable":true,"href":"https:\/\/www.hydraulic-cylinders.net\/lt\/wp-json\/wp\/v2\/product_cat?post=19568"},{"taxonomy":"product_tag","embeddable":true,"href":"https:\/\/www.hydraulic-cylinders.net\/lt\/wp-json\/wp\/v2\/product_tag?post=19568"}],"curies":[{"name":"wp","href":"https:\/\/api.w.org\/{rel}","templated":true}]}}