{"id":19569,"date":"2025-04-07T06:55:04","date_gmt":"2025-04-07T06:55:04","guid":{"rendered":"https:\/\/www.hydraulic-cylinders.net\/product\/boom-cylinder-for-john-deere-e330lc\/"},"modified":"2025-04-07T06:55:07","modified_gmt":"2025-04-07T06:55:07","slug":"boom-cylinder-for-john-deere-e330lc","status":"publish","type":"product","link":"https:\/\/www.hydraulic-cylinders.net\/lt\/produktas\/boom-cylinder-for-john-deere-e330lc\/","title":{"rendered":"Str\u0117l\u0117s cilindras, skirtas John Deere E330LC"},"content":{"rendered":"<h1>Str\u0117l\u0117s cilindras, skirtas John Deere E330LC<\/h1>\n<h2>\u012evadas \u012f str\u0117l\u0117s cilindrus<\/h2>\n<p>Str\u0117l\u0117s cilindras yra labai svarbus \u012fvairi\u0173 sunki\u0173j\u0173 ma\u0161in\u0173, \u012fskaitant ekskavatorius, ekskavatorinius krautuvus ir frontalinius krautuvus, hidraulini\u0173 sistem\u0173 komponentas. \u0160ie hidrauliniai cilindrai valdo str\u0117l\u0117s jud\u0117jim\u0105, leisdami kau\u0161ui pakilti, nusileisti ir pakreipti pagal poreik\u012f. \u0160i funkcija yra b\u016btina efektyviam med\u017eiag\u0173 tvarkymui statybviet\u0117se ir kitose sud\u0117tingose \u200b\u200baplinkose. Str\u0117l\u0117s cilindrai, skirti atlaikyti auk\u0161t\u0105 sl\u0117g\u012f ir dideles apkrovas, paprastai gaminami i\u0161 didelio stiprumo plieno arba aliuminio, u\u017etikrinant patvarum\u0105 ir patikimum\u0105 net ir at\u0161iauriomis darbo s\u0105lygomis.<\/p>\n<p><img decoding=\"async\" src=\"https:\/\/www.hydraulic-cylinders.net\/wp-content\/uploads\/2025\/04\/songte-company-1.webp\" alt=\"Str\u0117l\u0117s cilindro vaizdas\"><\/p>\n<h3>Apibr\u0117\u017eimas ir ap\u017evalga<\/h3>\n<p>Str\u0117l\u0117s cilindras yra hidraulinio cilindro tipas, specialiai sukurtas valdyti sunkiosios technikos str\u0117l\u0117s jud\u0117jim\u0105. Jo pagrindin\u0117 funkcija \u2013 u\u017etikrinti tiksl\u0173 \u012frangos kau\u0161o jud\u0117jim\u0105, kuris yra gyvybi\u0161kai svarbus kasant, keliant ir transportuojant med\u017eiagas. Hidraulin\u0117 sistema veikia naudodama hidraulin\u012f skyst\u012f sl\u0117giui sukurti, tod\u0117l judesiai gali b\u016bti skland\u016bs ir kontroliuojami. Tai pagerina efektyvum\u0105 ir na\u0161um\u0105 darbo vietose, kur labai svarbu tiksliai valdyti sunkius krovinius.<\/p>\n<h2>Pagrindin\u0117s str\u0117l\u0117s cilindr\u0173 savyb\u0117s<\/h2>\n<ul>\n<li><strong>Didelis stiprumas ir ilgaam\u017ei\u0161kumas:<\/strong> Pagaminti i\u0161 didelio stiprumo plieno arba aliuminio, str\u0117l\u0117s cilindrai gali atlaikyti auk\u0161t\u0105 sl\u0117g\u012f ir dideles apkrovas, tod\u0117l tinka sunkioms darbo s\u0105lygoms.<\/li>\n<li><strong>Efektyvus hidraulinis valdymas:<\/strong> Naudojant hidraulin\u0117s alyvos sl\u0117g\u012f, \u0161ie cilindrai u\u017etikrina skland\u0173 i\u0161pl\u0117tim\u0105 ir \u012ftraukim\u0105, tod\u0117l greitai reaguoja \u012f operatoriaus komandas.<\/li>\n<li><strong>Tip\u0173 \u012fvairov\u0117:<\/strong> Str\u0117l\u0117s cilindrai, tiekiami tiek vienpusio, tiek dvipusio veikimo konfig\u016bracij\u0173, gali patenkinti skirtingus eksploatacinius poreikius, o kai kurie modeliai yra teleskopin\u0117s konstrukcijos, kad b\u016bt\u0173 galima pasiekti didesn\u012f atstum\u0105.<\/li>\n<li><strong>Padidintas atsparumas dilimui:<\/strong> \u0160ie cilindrai, sukurti atsi\u017evelgiant \u012f atsparum\u0105 dilimui ir korozijai, yra pagaminti ilgam laikui, suma\u017einant prie\u017ei\u016bros ir keitimo i\u0161laidas.<\/li>\n<li><strong>Individual\u016bs sprendimai:<\/strong> Si\u016blome str\u0117l\u0117s cilindr\u0173, kurie puikiai pakei\u010dia esamus hidraulinius cilindrus, gamyb\u0105, u\u017etikrinant suderinamum\u0105 ir na\u0161um\u0105.<\/li>\n<\/ul>\n<p><img decoding=\"async\" src=\"https:\/\/www.hydraulic-cylinders.net\/wp-content\/uploads\/2025\/04\/songte-cylinder-head-with-all-kinds-excavator-models.webp\" alt=\"Ekskavatori\u0173 modeliai\"><\/p>\n<h2>Str\u0117l\u0117s cilindr\u0173 pritaikymas<\/h2>\n<h3>Statybin\u0117 \u012franga<\/h3>\n<p>Ekskavatoriuose str\u0117l\u0117s cilindrai yra b\u016btini kasant, kraunant ir perkeliant \u017eem\u0119 ar \u0161iuk\u0161les. Jie leid\u017eia kau\u0161ui pasiekti giliai \u012f \u017eem\u0119, tod\u0117l lengviau efektyviai atlikti kasimo darbus ir tvarkyti med\u017eiagas. Ekskavatoriuose-krautuvuose \u0161ie cilindrai padeda ne tik kasti, bet ir kelti med\u017eiagas, padidindami ma\u0161inos universalum\u0105.<\/p>\n<h3>\u017dem\u0117s \u016bkio technika<\/h3>\n<p>Priekiniuose krautuvuose naudojami str\u0117l\u0117s cilindrai atlieka gyvybi\u0161kai svarb\u0173 vaidmen\u012f semiant, keliant ir transportuojant dirvo\u017eem\u012f, \u0161ien\u0105 ir kitas med\u017eiagas. D\u0117l savo geb\u0117jimo susidoroti su sunkiais kroviniais jie yra nepakei\u010diami \u017eem\u0117s \u016bkio darbuose, padedant \u016bkininkams efektyviai valdyti savo u\u017eduotis.<\/p>\n<h3>Ekskavatoriai<\/h3>\n<p>Ekskavatoriuose kau\u0161o cilindras leid\u017eia atlikti kasimo veiksmus, leisdamas kau\u0161ui efektyviai \u012fsiskverbti \u012f dirv\u0105. \u0160i funkcija yra labai svarbi \u012fvairiems statybos ir kra\u0161tovaizd\u017eio tvarkymo projektams, kur reikalingas tikslus kasimas.<\/p>\n<h3>Krautuvai<\/h3>\n<p>Priekiniuose krautuvuose str\u0117l\u0117s cilindrai padeda efektyviai kelti ir i\u0161versti krovinius. Tikslus j\u0173 valdymas ir tvirtumas leid\u017eia operatoriams efektyviai valdyti med\u017eiagas, u\u017etikrinant skland\u0173 darb\u0105 darbo vietose.<\/p>\n<h2>Projektavimo aspektai ir atrankos kriterijai<\/h2>\n<ul>\n<li><strong>Keliamoji galia:<\/strong> Str\u0117l\u0117s cilindr\u0173 konstrukcija turi b\u016bti pagr\u012fsta maksimalia apkrova, su kuria jie susidurs eksploatacijos metu. Tai apima tvarkom\u0173 med\u017eiag\u0173 svorio \u012fvertinim\u0105 ir u\u017etikrinim\u0105, kad cilindras gal\u0117t\u0173 saugiai atlaikyti \u0161ias apkrovas.<\/li>\n<li><strong>Sandarumo vientisumas:<\/strong> Tinkamas sandarinimas yra labai svarbus siekiant i\u0161vengti hidraulinio skys\u010dio nuot\u0117ki\u0173, kurie gali sukelti sistemos gedimus. Auk\u0161tos kokyb\u0117s sandarikliai, pagaminti i\u0161 patvari\u0173 med\u017eiag\u0173, yra b\u016btini norint i\u0161laikyti funkcionalum\u0105 ir saug\u0105.<\/li>\n<li><strong>Patvarumas:<\/strong> Gamyboje naudojamos med\u017eiagos turi atlaikyti nuolatinio naudojimo at\u0161iauriomis s\u0105lygomis keliam\u0105 nusid\u0117v\u0117jim\u0105. Tai apima atsparum\u0105 korozijai ir dilimui, u\u017etikrinant ilg\u0105 tarnavimo laik\u0105.<\/li>\n<li><strong>Saugos funkcijos:<\/strong> \u012erengiant saugos mechanizmus, tokius kaip sl\u0117gio ma\u017einimo vo\u017etuvai, galima i\u0161vengti nelaiming\u0173 atsitikim\u0173 ir \u012frangos pa\u017eeidim\u0173 ekstremaliomis s\u0105lygomis.<\/li>\n<li><strong>Prieinamumas prie prie\u017ei\u016bros:<\/strong> Balion\u0173 projektavimas taip, kad juos b\u016bt\u0173 lengva pasiekti atliekant technin\u0117s prie\u017ei\u016bros patikrinimus, u\u017etikrina, kad operatoriai gal\u0117t\u0173 atlikti reikiam\u0105 technin\u0119 prie\u017ei\u016br\u0105 be pernelyg ilg\u0173 prastov\u0173.<\/li>\n<\/ul>\n<p><img decoding=\"async\" src=\"https:\/\/www.hydraulic-cylinders.net\/wp-content\/uploads\/2025\/04\/songte-oil-pipes-and-spare-parts.webp\" alt=\"Hidraulin\u0117s dalys\"><\/p>\n<h2>Sandarinimas ir tepimas<\/h2>\n<p>Tinkamas sandarinimas ir tepimas yra gyvybi\u0161kai svarb\u016bs efektyviam str\u0117l\u0117s cilindr\u0173 veikimui. \u012evair\u016bs sandarikli\u0173 tipai, tokie kaip st\u016bmokli\u0173 ir stryp\u0173 sandarikliai, naudojami siekiant sukurti patikim\u0105 barjer\u0105 nuo hidraulinio skys\u010dio nuot\u0117kio. \u0160ie sandarikliai da\u017eniausiai gaminami i\u0161 atspari\u0173 dilimui med\u017eiag\u0173, toki\u0173 kaip poliuretanas ir nitrilo kau\u010diukas, siekiant padidinti j\u0173 ilgaam\u017ei\u0161kum\u0105. Be to, cilindro korpusas ir srieginiai galai yra kruop\u0161\u010diai apdirbami, siekiant pagerinti atsparum\u0105 dilimui.<\/p>\n<p>Reguliarus tepimas hidrauline alyva yra b\u016btinas norint u\u017etikrinti skland\u0173 veikim\u0105 ir i\u0161vengti per didelio nusid\u0117v\u0117jimo. Operatoriai tur\u0117t\u0173 laikytis gamintojo nurodym\u0173 d\u0117l tepimo grafik\u0173 ir kieki\u0173, nes nepakankamas tepimas gali sukelti cilindr\u0173 gedim\u0105 ir brang\u0173 remont\u0105.<\/p>\n<h2>Reguliarus patikrinimas ir prevencin\u0117 prie\u017ei\u016bra<\/h2>\n<ul>\n<li><strong>\u012eprastiniai patikrinimai:<\/strong> Reik\u0117t\u0173 reguliariai atlikti patikrinimus, kad b\u016bt\u0173 nustatyti bet kokie susid\u0117v\u0117jimo ar pa\u017eeidimo po\u017eymiai. Tai apima sandarikli\u0173 patikrinim\u0105, ar n\u0117ra nuot\u0117kio, ir vis\u0173 komponent\u0173 tinkamo veikimo u\u017etikrinim\u0105.<\/li>\n<li><strong>Tinkamas tepimas:<\/strong> Tinkamas cilindro sutepimas gali pad\u0117ti i\u0161vengti trinties ir susid\u0117v\u0117jimo. Operatoriai tur\u0117t\u0173 naudoti rekomenduojam\u0105 hidraulin\u0119 alyv\u0105 ir laikytis tepimo grafiko.<\/li>\n<li><strong>Sandariklio keitimas:<\/strong> Laikui b\u0117gant, sandarikliai gali susid\u0117v\u0117ti ir juos reikia keisti. Reguliar\u016bs patikrinimai gali pad\u0117ti nustatyti, kada sandariklius reikia keisti, kol jie nesuk\u0117l\u0117 rimt\u0173 problem\u0173.<\/li>\n<\/ul>\n<h2>\u012erengimo gair\u0117s<\/h2>\n<p>Tinkamas str\u0117l\u0117s cilindr\u0173 montavimas yra labai svarbus siekiant u\u017etikrinti efektyv\u0173 j\u0173 veikim\u0105. Prie\u0161 montuodami pirmiausia \u012fsitikinkite, kad hidraulin\u0117je sistemoje n\u0117ra sl\u0117gio. Tiksliai sulygiuokite cilindr\u0105 su tvirtinimo ta\u0161kais, kad i\u0161vengtum\u0117te nesuderinamumo, kuris gali sukelti prie\u0161laikin\u012f susid\u0117v\u0117jim\u0105 ar gedim\u0105. Patartina naudoti tinkamus tvirtinimo laikiklius, kad cilindras b\u016bt\u0173 pritvirtintas vietoje ir b\u016bt\u0173 u\u017etikrintas stabilumas eksploatavimo metu.<\/p>\n<p>Po montavimo patikrinkite vis\u0173 jung\u010di\u0173 sandarum\u0105 ir \u012fsitikinkite, kad sandarikliai nepa\u017eeisti. Kai viskas bus savo vietose, pripildykite hidraulin\u0119 sistem\u0105 tinkama alyva ir i\u0161leiskite or\u0105 i\u0161 linij\u0173, kad u\u017etikrintum\u0117te skland\u0173 veikim\u0105. Reguliariai steb\u0117kite cilindro veikim\u0105 ir po montavimo patikrinkite, ar n\u0117ra nuot\u0117ki\u0173 ar ne\u012fprast\u0173 gars\u0173.<\/p>\n<h2>\u012eprastos prie\u017ei\u016bros u\u017eduotys<\/h2>\n<ul>\n<li><strong>Reguliar\u016bs patikrinimai:<\/strong> Reguliariai vizualiai patikrinkite, ar cilindre n\u0117ra pa\u017eeidim\u0173, susid\u0117v\u0117jimo ar nuot\u0117ki\u0173. Ankstyvas aptikimas gali pad\u0117ti i\u0161vengti rimtesni\u0173 problem\u0173.<\/li>\n<li><strong>Tinkamas tepimas:<\/strong> Laikykit\u0117s nuoseklaus tepimo grafiko, kad u\u017etikrintum\u0117te skland\u0173 cilindro veikim\u0105, i\u0161vengtum\u0117te susid\u0117v\u0117jimo ir pailgintum\u0117te jo tarnavimo laik\u0105.<\/li>\n<li><strong>Sandariklio keitimas:<\/strong> Reguliariai vertinkite tarpikli\u0173 b\u016bkl\u0119 ir keiskite juos pagal poreik\u012f. Tai padeda palaikyti hidraulin\u012f sl\u0117g\u012f ir i\u0161vengti nuot\u0117ki\u0173.<\/li>\n<\/ul>\n<h2>Saugos aspektai ir aplinkos veiksniai<\/h2>\n<p>Dirbant su str\u0117l\u0117s cilindrais, saugos priemon\u0117s yra nepaprastai svarbios. Operatoriai tur\u0117t\u0173 \u017einoti apie galimus pavojus, susijusius su hidraulin\u0117mis sistemomis, \u012fskaitant auk\u0161to sl\u0117gio skys\u010di\u0173 nuot\u0117kius ir \u012frangos gedimo rizik\u0105. Norint suma\u017einti rizik\u0105, b\u016btina naudoti tinkamas asmenines apsaugos priemones (AAP) ir laikytis saugos protokol\u0173. Be to, aplinkai saugios darbo vietos palaikymas tinkamai utilizuojant hidraulinius skys\u010dius ir u\u017etikrinant, kad nuot\u0117kiai b\u016bt\u0173 sulaikyti, gali pad\u0117ti apsaugoti tiek darbuotojus, tiek aplink\u0105.<\/p>\n<h2>Trik\u010di\u0173 \u0161alinimas ir da\u017eniausiai pasitaikan\u010dios problemos<\/h2>\n<ul>\n<li><strong>Skys\u010di\u0173 nuot\u0117kiai:<\/strong> Da\u017ena hidraulini\u0173 cilindr\u0173 problema \u2013 skys\u010di\u0173 nuot\u0117kis \u2013 gali rodyti susid\u0117v\u0117jusius sandariklius arba pa\u017eeistus komponentus. Reguliarios patikros gali pad\u0117ti anksti nustatyti \u0161ias problemas.<\/li>\n<li><strong>Prastas na\u0161umas:<\/strong> Jei cilindras l\u0117tas arba nereaguoja, jam gali reik\u0117ti papildomo hidraulinio skys\u010dio arba hidraulin\u0117se linijose gali b\u016bti kli\u016btis.<\/li>\n<li><strong>Triuk\u0161mingas veikimas:<\/strong> Ne\u012fprasti garsai veikimo metu gali signalizuoti apie vidinius pa\u017eeidimus arba tepimo poreik\u012f. \u012e bet kokius ne\u012fprastus garsus reikia nedelsiant atkreipti d\u0117mes\u012f, kad b\u016bt\u0173 i\u0161vengta tolesn\u0117s \u017ealos.<\/li>\n<\/ul>\n<p>Nor\u0117dami pa\u0161alinti \u0161ias problemas, operatoriai pirmiausia tur\u0117t\u0173 patikrinti, ar n\u0117ra nuot\u0117ki\u0173, ir \u012fsitikinti, kad visos jungtys yra tvirtos. Jei na\u0161umo problemos i\u0161lieka, gali tekti pasikonsultuoti su hidraulikos specialistu, kad b\u016bt\u0173 nustatyta ir pa\u0161alinta pagrindin\u0117 prie\u017eastis.<\/p>\n<p><img decoding=\"async\" src=\"https:\/\/www.hydraulic-cylinders.net\/wp-content\/uploads\/2025\/04\/songte-bushings-with-all-kinds-of-excavator-models.webp\" alt=\"Ekskavatoriaus \u012fvor\u0117s\"><\/p>\n<h2>Apie m\u016bs\u0173 \u012fmon\u0119<\/h2>\n<p>Esame pirmaujanti pakaitini\u0173 hidraulini\u0173 cilindr\u0173 gamintoja ir didmeninink\u0117, gars\u0117janti pla\u010diu gamini\u0173 asortimentu. M\u016bs\u0173 \u012fsipareigojim\u0105 siekti meistri\u0161kumo lemia d\u0117mesys kokybei, kur\u012f palaiko pa\u017eangios gamybos valdymo strategijos. Tur\u0117dami kvalifikuot\u0173 technini\u0173 specialist\u0173 komand\u0105 ir moderniausi\u0105 skaitmenin\u0119 gamybos \u012frang\u0105, nuolat tobuliname savo gamybos paj\u0117gumus.<\/p>\n<p>M\u016bs\u0173 atsidavimas auk\u0161tam efektyvumui, tikslumui ir kokybei leid\u017eia mums patenkinti \u012fvairius klient\u0173 poreikius. Si\u016blome profesionalias individualias paslaugas ir esame \u012fgij\u0119 tarptautinius sertifikatus, u\u017etikrinan\u010dius, kad m\u016bs\u0173 produktai atitikt\u0173 pasaulinius standartus. M\u016bs\u0173 garantinio aptarnavimo tarnyba yra patikima, teikdama klientams pagalb\u0105 per vis\u0105 m\u016bs\u0173 produkt\u0173 gyvavimo cikl\u0105.<\/p>\n<p><img decoding=\"async\" src=\"https:\/\/www.hydraulic-cylinders.net\/wp-content\/uploads\/2025\/04\/songte-company-4.webp\" alt=\"\u012emon\u0117s patalpos\"><br \/>\n<img decoding=\"async\" src=\"https:\/\/www.hydraulic-cylinders.net\/wp-content\/uploads\/2025\/04\/songte-company-3.webp\" alt=\"\u012emon\u0117s gamyba\"><\/p>\n<p>Autorius: lyl<\/p>","protected":false},"excerpt":{"rendered":"<p>Boom Cylinder For John Deere E330LC Introduction to Boom Cylinders The boom cylinder is a crucial component in hydraulic systems used by various heavy machinery, including excavators, backhoe loaders, and front-end loaders. These hydraulic cylinders control the movement of the boom, allowing the bucket to rise, lower, and tilt as needed. This functionality is essential [&hellip;]<\/p>","protected":false},"featured_media":17877,"comment_status":"open","ping_status":"closed","template":"","meta":{"_et_pb_use_builder":"","_et_pb_old_content":"","_et_gb_content_width":""},"product_brand":[],"product_cat":[1546],"product_tag":[1547,1496],"class_list":{"0":"post-19569","1":"product","2":"type-product","3":"status-publish","4":"has-post-thumbnail","6":"product_cat-boom-cylinders","7":"product_tag-boom-cylinders","8":"product_tag-hydraulic-cylinders","10":"first","11":"instock","12":"shipping-taxable","13":"product-type-simple"},"amp_enabled":true,"_links":{"self":[{"href":"https:\/\/www.hydraulic-cylinders.net\/lt\/wp-json\/wp\/v2\/product\/19569","targetHints":{"allow":["GET"]}}],"collection":[{"href":"https:\/\/www.hydraulic-cylinders.net\/lt\/wp-json\/wp\/v2\/product"}],"about":[{"href":"https:\/\/www.hydraulic-cylinders.net\/lt\/wp-json\/wp\/v2\/types\/product"}],"replies":[{"embeddable":true,"href":"https:\/\/www.hydraulic-cylinders.net\/lt\/wp-json\/wp\/v2\/comments?post=19569"}],"wp:featuredmedia":[{"embeddable":true,"href":"https:\/\/www.hydraulic-cylinders.net\/lt\/wp-json\/wp\/v2\/media\/17877"}],"wp:attachment":[{"href":"https:\/\/www.hydraulic-cylinders.net\/lt\/wp-json\/wp\/v2\/media?parent=19569"}],"wp:term":[{"taxonomy":"product_brand","embeddable":true,"href":"https:\/\/www.hydraulic-cylinders.net\/lt\/wp-json\/wp\/v2\/product_brand?post=19569"},{"taxonomy":"product_cat","embeddable":true,"href":"https:\/\/www.hydraulic-cylinders.net\/lt\/wp-json\/wp\/v2\/product_cat?post=19569"},{"taxonomy":"product_tag","embeddable":true,"href":"https:\/\/www.hydraulic-cylinders.net\/lt\/wp-json\/wp\/v2\/product_tag?post=19569"}],"curies":[{"name":"wp","href":"https:\/\/api.w.org\/{rel}","templated":true}]}}