{"id":19570,"date":"2025-04-07T06:55:07","date_gmt":"2025-04-07T06:55:07","guid":{"rendered":"https:\/\/www.hydraulic-cylinders.net\/product\/boom-cylinder-for-john-deere-e210lc\/"},"modified":"2025-04-07T06:55:09","modified_gmt":"2025-04-07T06:55:09","slug":"boom-cylinder-for-john-deere-e210lc","status":"publish","type":"product","link":"https:\/\/www.hydraulic-cylinders.net\/lt\/produktas\/boom-cylinder-for-john-deere-e210lc\/","title":{"rendered":"Str\u0117l\u0117s cilindras, skirtas John Deere E210LC"},"content":{"rendered":"<h1>Str\u0117l\u0117s cilindras, skirtas John Deere E210LC<\/h1>\n<h2>Produkto ap\u017evalga<\/h2>\n<p>\u201eJohn Deere E210LC\u201c str\u0117l\u0117s cilindras yra esminis hidraulinis komponentas, skirtas valdyti str\u0117l\u0117s jud\u0117jim\u0105 ekskavatoriuose. \u0160is hidraulinis cilindras atlieka labai svarb\u0173 vaidmen\u012f valdant sunki\u0105j\u0105 technik\u0105, nes leid\u017eia skland\u017eiai kelti, nuleisti ir pakreipti str\u0117l\u0119. I\u0161 esm\u0117s jis leid\u017eia operatoriams efektyviai valdyti med\u017eiag\u0173 tvarkymo u\u017eduotis, nesvarbu, ar tai b\u016bt\u0173 statybos, griovimo ar kra\u0161tovaizd\u017eio tvarkymo projektai.<\/p>\n<p>Str\u0117l\u0117s cilindras, kaip hidraulinis cilindras, specialiai sukurtas naudoti sunkiojoje \u012frangoje, yra atsakingas u\u017e hidraulinio sl\u0117gio pavertim\u0105 mechanine j\u0117ga. Tai leid\u017eia str\u0117lei atlikti \u012fvairias funkcijas, tokias kaip kasimas, k\u0117limas ir med\u017eiag\u0173 perk\u0117limas tiksliai ir lengvai. Pa\u017eangios in\u017einerijos integravimas \u012f jos konstrukcij\u0105 u\u017etikrina patvarum\u0105 ir patikimum\u0105, tod\u0117l tai yra gyvybi\u0161kai svarbus komponentas siekiant maksimaliai padidinti ma\u0161in\u0173 na\u0161um\u0105.<\/p>\n<p><img decoding=\"async\" src=\"https:\/\/www.hydraulic-cylinders.net\/wp-content\/uploads\/2025\/04\/songte-company-1.webp\" alt=\"John Deere E210LC str\u0117l\u0117s cilindras\"\/><\/p>\n<h2>Str\u0117l\u0117s cilindro savyb\u0117s<\/h2>\n<ul>\n<li>\n<h3>Didelis stiprumas ir ilgaam\u017ei\u0161kumas<\/h3>\n<p>Pagamintas i\u0161 didelio stiprumo plieno arba aliuminio, str\u0117l\u0117s cilindras gali atlaikyti auk\u0161t\u0105 sl\u0117g\u012f ir dideles apkrovas. Jo konstrukcija taip pat atsi\u017evelg\u0117 \u012f atsparum\u0105 dilimui ir apsaug\u0105 nuo korozijos, tod\u0117l pailgina jo tarnavimo laik\u0105 net ir esant at\u0161iaurioms darbo s\u0105lygoms.<\/p>\n<\/li>\n<li>\n<h3>Efektyvus hidraulinis valdymas<\/h3>\n<p>Cilindras naudoja hidraulin\u0117s alyvos sl\u0117g\u012f, kad skland\u017eiai i\u0161skleist\u0173 ir atitraukt\u0173, tod\u0117l greitai reaguoja \u012f operatoriaus komandas. Jis u\u017etikrina stipri\u0105 st\u016bmimo ir traukimo j\u0117g\u0105, tod\u0117l idealiai tinka sunkioms ir sud\u0117tingoms u\u017eduotims atlikti.<\/p>\n<\/li>\n<li>\n<h3>Tip\u0173 \u012fvairov\u0117<\/h3>\n<p>Priklausomai nuo eksploatacini\u0173 poreiki\u0173, vartotojai gali rinktis vieno veikimo (hidraulin\u0117 j\u0117ga viena kryptimi) arba dvigubo veikimo (hidraulin\u0117 j\u0117ga abiem kryptimis) cilindrus. Kai kurie modeliai yra teleskopiniai, tod\u0117l juos galima labiau i\u0161tiesti nedidinant i\u0161orini\u0173 matmen\u0173, o tai puikiai tinka taikymams, kuriuose yra ma\u017eai erdv\u0117s.<\/p>\n<\/li>\n<\/ul>\n<p>M\u016bs\u0173 gamybos paj\u0117gumai u\u017etikrina, kad galime pagaminti \u0161\u012f gamin\u012f, kuris puikiai pakeis esamus hidraulinius cilindrus.<\/p>\n<p><img decoding=\"async\" src=\"https:\/\/www.hydraulic-cylinders.net\/wp-content\/uploads\/2025\/04\/songte-cylinder-head-with-all-kinds-excavator-models.webp\" alt=\"\u012evair\u016bs ekskavatori\u0173 cilindr\u0173 galvu\u010di\u0173 modeliai\"\/><\/p>\n<h2>Str\u0117l\u0117s cilindro pritaikymas<\/h2>\n<ul>\n<li>\n<h3>Statybin\u0117 \u012franga<\/h3>\n<p>Ekskavatoriuose str\u0117l\u0117s cilindrai yra labai svarb\u016bs kasant, kraunant ir perkeliant \u017eem\u0119 ar \u0161iuk\u0161les. \u0160ie cilindrai palengvina str\u0117l\u0117s k\u0117lim\u0105 ir nuleidim\u0105, leisdami operatoriams efektyviai atlikti u\u017eduotis. Ypa\u010d statybviet\u0117se galimyb\u0117 reguliuoti str\u0117l\u0117s auk\u0161t\u012f ir kamp\u0105 yra gyvybi\u0161kai svarbi saugiam ir efektyviam darbui.<\/p>\n<\/li>\n<li>\n<h3>\u017dem\u0117s \u016bkio technika<\/h3>\n<p>Priekiniuose krautuvuose str\u0117l\u0117s cilindrai yra b\u016btini dirvo\u017eemiui, \u0161ienui ir kitoms med\u017eiagoms semti, kelti ir transportuoti. Jie suteikia reikiam\u0105 j\u0117g\u0105 efektyviam krovini\u0173 valdymui, o tai labai svarbu s\u0117jos ir derliaus nu\u0117mimo sezonais, kai laikas yra labai svarbus.<\/p>\n<\/li>\n<li>\n<h3>Ekskavatoriai<\/h3>\n<p>Ekskavatoriuose str\u0117l\u0117s cilindras leid\u017eia kau\u0161ui \u012fsiskverbti \u012f dirv\u0105, tod\u0117l galima efektyviai kasti. \u0160i galimyb\u0117 ypa\u010d svarbi projektuose, kuriuose reikia kasti gilias tran\u0161\u0117jas arba didelius plotus, u\u017etikrinant na\u0161um\u0105 ir greit\u012f.<\/p>\n<\/li>\n<li>\n<h3>Krautuvai<\/h3>\n<p>Priekiniuose krautuvuose str\u0117l\u0117s cilindrai padeda efektyviai pakelti ir i\u0161versti med\u017eiagas. Galimyb\u0117 valdyti krovinio kamp\u0105 ir auk\u0161t\u012f padidina manevringum\u0105, leisdama operatoriams atlikti u\u017eduotis tiksliai ir lengvai.<\/p>\n<\/li>\n<\/ul>\n<h2>Projektavimo aspektai ir atrankos kriterijai<\/h2>\n<ul>\n<li>\n<h3>Keliamoji galia<\/h3>\n<p>Keliamoji galia yra labai svarbus veiksnys projektuojant str\u0117l\u0117s cilindr\u0105. Ji lemia, kiek svorio cilindras gali saugiai pakelti ir i\u0161laikyti. Tinkamai suprojektuotas cilindras turi b\u016bti pakankamai tvirtas, kad atlaikyt\u0173 maksimal\u0173 svor\u012f, su kuriuo susidurs eksploatacijos metu. Tai apima med\u017eiag\u0173 parinkim\u0105, konstrukcijos vientisum\u0105 ir kruop\u0161\u010dius bandymus, siekiant u\u017etikrinti saug\u0105 ir patikimum\u0105.<\/p>\n<\/li>\n<li>\n<h3>Sandarinimas<\/h3>\n<p>Efektyvus sandarinimas yra b\u016btinas siekiant i\u0161vengti hidraulinio skys\u010dio nuot\u0117kio. Da\u017enai naudojami auk\u0161tos kokyb\u0117s sandarikliai, pagaminti i\u0161 toki\u0173 med\u017eiag\u0173 kaip poliuretanas arba nitrilo kau\u010diukas, siekiant u\u017etikrinti ilgaam\u017ei\u0161kum\u0105 ir atsparum\u0105 dilimui. Projektuojant taip pat reik\u0117t\u0173 atsi\u017evelgti \u012f sl\u0117gio skirtumus ir temperat\u016bras, kurioms sandarikliai bus veikiami, u\u017etikrinant ilgaam\u017ei\u0161kum\u0105 ir veikim\u0105 \u012fvairiomis s\u0105lygomis.<\/p>\n<\/li>\n<li>\n<h3>Patvarumas<\/h3>\n<p>Patvarumas rei\u0161kia str\u0117l\u0117s cilindro geb\u0117jim\u0105 atlaikyti nusid\u0117v\u0117jim\u0105 laikui b\u0117gant. Tai apima atsparum\u0105 korozijai, dilimui ir nuovargiui. Gamybos procesai, kurie didina tvirtum\u0105, pavyzd\u017eiui, pavir\u0161iaus gr\u016bdinimas ir apsaugin\u0117s dangos, yra svarb\u016bs norint prailginti cilindro tarnavimo laik\u0105 ir i\u0161laikyti jo veikim\u0105.<\/p>\n<\/li>\n<li>\n<h3>Saugumas<\/h3>\n<p>Saugos funkcijos yra svarbiausios projektuojant hidraulinius cilindrus. Tai apima sl\u0117gio ma\u017einimo vo\u017etuvus, skirtus i\u0161vengti perkrov\u0173, taip pat tvirtas tvirtinimo konstrukcijas, kad b\u016bt\u0173 i\u0161vengta gedim\u0173 eksploatacijos metu. U\u017etikrinti, kad str\u0117l\u0117s cilindras atitikt\u0173 pramon\u0117s saugos standartus, yra labai svarbu siekiant apsaugoti operatorius ir \u012frang\u0105.<\/p>\n<\/li>\n<li>\n<h3>Prie\u017ei\u016bra<\/h3>\n<p>Kitas svarbus aspektas \u2013 lengva prie\u017ei\u016bra. Konstrukcija tur\u0117t\u0173 u\u017etikrinti lengv\u0105 prieig\u0105 prie komponent\u0173, kuriems reikalinga reguliari prie\u017ei\u016bra, pavyzd\u017eiui, sandarikli\u0173 ir tepimo ta\u0161k\u0173. \u012ediegus funkcijas, kurios palengvina greit\u0105 patikrinim\u0105 ir remont\u0105, bus suma\u017eintas prastovas ir padidintas veiklos efektyvumas.<\/p>\n<\/li>\n<\/ul>\n<p><img decoding=\"async\" src=\"https:\/\/www.hydraulic-cylinders.net\/wp-content\/uploads\/2025\/04\/songte-oil-pipes-and-spare-parts.webp\" alt=\"Hidrauliniai vamzd\u017eiai ir atsargin\u0117s dalys\"\/><\/p>\n<h2>Hidraulinio cilindro sandarinimas ir tepimas<\/h2>\n<p>Str\u0117l\u0117s cilindro sandarinimo ir tepimo sistema yra labai svarbi jo funkcionalumui ir ilgaam\u017ei\u0161kumui. \u012evair\u016bs sandarinimo komponentai, tokie kaip st\u016bmokli\u0173 ir stryp\u0173 sandarikliai, tur\u0117t\u0173 b\u016bti parenkami atsi\u017evelgiant \u012f j\u0173 geb\u0117jim\u0105 atlaikyti hidraulin\u012f sl\u0117g\u012f ir u\u017ekirsti keli\u0105 skys\u010di\u0173 nuot\u0117kiui. Da\u017eniausiai naudojamos med\u017eiagos yra poliuretanas ir nitrilo kau\u010diukas, kurie yra labai atspar\u016bs dilimui ir cheminiam degradacijai.<\/p>\n<p>Be to, cilindro korpusas ir srieginiai galai turi b\u016bti tiksliai apdirbti, siekiant pagerinti pavir\u0161iaus apdail\u0105, padidinti atsparum\u0105 dilimui ir u\u017etikrinti sandarum\u0105. Norint u\u017etikrinti skland\u0173 veikim\u0105 ir suma\u017einti trint\u012f tarp judan\u010di\u0173 dali\u0173, taip pailginant cilindro tarnavimo laik\u0105, b\u016btina reguliariai tepti tinkama hidrauline alyva.<\/p>\n<h2>Reguliarios patikros ir prevencin\u0117s prie\u017ei\u016bros priemon\u0117s<\/h2>\n<ul>\n<li>\n<h3>Reguliar\u016bs patikrinimai<\/h3>\n<p>Reguliariai tikrinti str\u0117l\u0117s cilindr\u0105 yra labai svarbu, kad b\u016bt\u0173 galima nustatyti bet kokius susid\u0117v\u0117jimo ar pa\u017eeidimo po\u017eymius. Operatoriai tur\u0117t\u0173 patikrinti, ar n\u0117ra hidraulinio skys\u010dio nuot\u0117ki\u0173, ap\u017ei\u016br\u0117ti sandarikli\u0173 vientisum\u0105 ir ie\u0161koti cilindro korpuso deformacij\u0173. Ankstyvas problem\u0173 nustatymas gali pad\u0117ti i\u0161vengti dideli\u0173 gedim\u0173 ir brangaus remonto.<\/p>\n<\/li>\n<li>\n<h3>Tinkamas tepimas<\/h3>\n<p>Optimaliam veikimui b\u016btina naudoti tinkam\u0105 hidraulin\u0117s alyvos kiek\u012f. Per didelis arba nepakankamas tepimas gali sukelti eksploatacini\u0173 problem\u0173. Svarbu laikytis gamintojo rekomendacij\u0173 d\u0117l tepimo da\u017enumo ir kiekio, kad cilindras veikt\u0173 tinkamai.<\/p>\n<\/li>\n<li>\n<h3>Tarpikli\u0173 keitimas ir kalibravimo patikrinimai<\/h3>\n<p>Susid\u0117v\u0117jusi\u0173 sandarikli\u0173 keitimas yra labai svarbus norint i\u0161laikyti hidraulin\u012f efektyvum\u0105. Operatoriai tur\u0117t\u0173 b\u016bti apmokyti atpa\u017einti sandarikli\u0173 gedimus ir nedelsiant juos pakeisti. Be to, reguliar\u016bs kalibravimo patikrinimai u\u017etikrina, kad hidraulin\u0117 sistema veikt\u0173 pagal nurodytus parametrus, taip padidinant saug\u0105 ir na\u0161um\u0105.<\/p>\n<\/li>\n<\/ul>\n<p><img decoding=\"async\" src=\"https:\/\/www.hydraulic-cylinders.net\/wp-content\/uploads\/2025\/04\/songte-chushion-collar.webp\" alt=\"Cilindro pagalv\u0117li\u0173 apykakl\u0117s\"\/><\/p>\n<h2>Saugos aspektai ir aplinkos veiksniai<\/h2>\n<p>Naudojant hidraulinius komponentus, tokius kaip str\u0117l\u0117s cilindras, itin svarbu \u012fdiegti saugos priemones. Operatoriai tur\u0117t\u0173 b\u016bti apmokyti saugi\u0173 eksploatavimo proced\u016br\u0173, \u012fskaitant apkrovos ribas, avarinius i\u0161jungimus ir tinkam\u0105 \u012frangos i\u0161d\u0117stym\u0105, kad b\u016bt\u0173 i\u0161vengta nelaiming\u0173 atsitikim\u0173. Be to, reik\u0117t\u0173 atsi\u017evelgti \u012f aplinkos veiksnius, tokius kaip temperat\u016bros svyravimai ir s\u0105lytis su korozin\u0117mis med\u017eiagomis, nes jie gali tur\u0117ti \u012ftakos cilindro veikimui ir ilgaam\u017ei\u0161kumui.<\/p>\n<h2>Gedim\u0173 diagnostika ir da\u017eniausios problemos<\/h2>\n<ul>\n<li>\n<h3>Nuot\u0117kis<\/h3>\n<p>Hidraulinio skys\u010dio nuot\u0117kis yra viena i\u0161 da\u017eniausiai pasitaikan\u010di\u0173 problem\u0173. Tai gali atsirasti d\u0117l susid\u0117v\u0117jusi\u0173 sandarikli\u0173, pa\u017eeist\u0173 \u017earn\u0173 arba netinkamo montavimo. Norint i\u0161vengti hidraulinio sl\u0117gio praradimo ir u\u017etikrinti saug\u0173 veikim\u0105, labai svarbu greitai nustatyti nuot\u0117kio \u0161altin\u012f.<\/p>\n<\/li>\n<li>\n<h3>L\u0117tas reagavimo laikas<\/h3>\n<p>Jei str\u0117l\u0117s cilindras reaguoja l\u0117tai, tai gali rodyti \u017eem\u0105 hidraulinio skys\u010dio lyg\u012f arba vidin\u012f susid\u0117v\u0117jim\u0105. Operatoriai tur\u0117t\u0173 patikrinti skys\u010di\u0173 lyg\u012f ir ap\u017ei\u016br\u0117ti cilindr\u0105, ar n\u0117ra vidini\u0173 pa\u017eeidim\u0173. Reguliarus techninis aptarnavimas ir skys\u010di\u0173 patikrinimai gali pad\u0117ti i\u0161spr\u0119sti \u0161i\u0105 problem\u0105.<\/p>\n<\/li>\n<li>\n<h3>Netolygus jud\u0117jimas<\/h3>\n<p>Netolygus str\u0117l\u0117s jud\u0117jimas gali atsirasti d\u0117l nevienodo sl\u0117gio pasiskirstymo hidraulin\u0117je sistemoje. Tai gali sukelti \u017earn\u0173 ar vo\u017etuv\u0173 u\u017esikim\u0161imai. Reguliarus hidraulin\u0117s sistemos patikrinimas ir valymas gali pad\u0117ti i\u0161laikyti tolyg\u0173 veikim\u0105.<\/p>\n<\/li>\n<\/ul>\n<h2>Trik\u010di\u0173 \u0161alinimo patarimai ir prevencin\u0117s priemon\u0117s<\/h2>\n<p>Nor\u0117dami veiksmingai pa\u0161alinti str\u0117l\u0117s cilindro problemas, operatoriai tur\u0117t\u0173 tvarkyti i\u0161sam\u0173 na\u0161umo ir bet koki\u0173 pa\u017eeidim\u0173 \u017eurnal\u0105. Reguliarus techninis aptarnavimas, \u012fskaitant nuot\u0117ki\u0173 patikrinim\u0105 ir tinkamo tepimo u\u017etikrinim\u0105, suma\u017eins galimas problemas. Profilaktin\u0117s technin\u0117s prie\u017ei\u016bros grafiko \u012fgyvendinimas gali \u017eymiai suma\u017einti hidraulini\u0173 gedim\u0173 tikimyb\u0119, galiausiai padidindamas operacij\u0173 saug\u0105 ir na\u0161um\u0105.<\/p>\n<p><img decoding=\"async\" src=\"https:\/\/www.hydraulic-cylinders.net\/wp-content\/uploads\/2025\/04\/songte-bushings-with-all-kinds-of-excavator-models.webp\" alt=\"Ekskavatori\u0173 modeli\u0173 \u012fvor\u0117s\"\/><\/p>\n<h2>Apie m\u016bs\u0173 \u012fmon\u0119<\/h2>\n<p>Esame gamintojas, kurio specializacija \u2013 hidraulini\u0173 cilindr\u0173 keitimas. Si\u016blome plat\u0173 gamini\u0173 asortiment\u0105, kuris daro mus vienu i\u0161 pirmaujan\u010di\u0173 gamintoj\u0173 ir didmenini\u0173 platintoj\u0173 vidaus ir tarptautin\u0117se rinkose. M\u016bs\u0173 \u012fsipareigojim\u0105 siekti meistri\u0161kumo u\u017etikrina rafinuota gamybos valdymo strategija, kurioje naudojama auk\u0161\u010diausios klas\u0117s gamybos \u012franga ir specializuota bandym\u0173 sistema. Nuolat tobuliname savo gamybos platform\u0105, u\u017etikrindami auk\u0161t\u0105 efektyvum\u0105, tikslum\u0105 ir kokyb\u0119, kad patenkintume \u012fvairius klient\u0173 poreikius.<\/p>\n<p>M\u016bs\u0173 \u012fmon\u0117 did\u017eiuojasi profesionalumu ir turi tarptautinius sertifikatus, kurie garantuoja m\u016bs\u0173 gamini\u0173 kokyb\u0119. Si\u016blome individualiai pritaikytas paslaugas, kad patenkintume konkre\u010dius klient\u0173 reikalavimus, ir naudojame moderniausi\u0105 gamybos \u012frang\u0105, kad u\u017etikrintume auk\u0161\u010diausios kokyb\u0117s gaminius. Be to, m\u016bs\u0173 specializuotas garantinio aptarnavimo centras garantuoja klient\u0173 aptarnavim\u0105, suteikia ramyb\u0119 ir padeda i\u0161spr\u0119sti visas galimas problemas.<\/p>\n<p><img decoding=\"async\" src=\"https:\/\/www.hydraulic-cylinders.net\/wp-content\/uploads\/2025\/04\/songte-company-4.webp\" alt=\"\u012emon\u0117s ap\u017evalga\"\/><br \/>\n<img decoding=\"async\" src=\"https:\/\/www.hydraulic-cylinders.net\/wp-content\/uploads\/2025\/04\/songte-company-3.webp\" alt=\"\u012emon\u0117s patalpos\"\/><\/p>\n<p>Autorius: lyl<\/p>","protected":false},"excerpt":{"rendered":"<p>Boom Cylinder For John Deere E210LC Product Overview The Boom Cylinder for John Deere E210LC is an essential hydraulic component designed to control the movement of the boom in excavators. This hydraulic cylinder plays a crucial role in the operation of heavy machinery, enabling the smooth lifting, lowering, and tilting of the boom. In essence, [&hellip;]<\/p>","protected":false},"featured_media":17878,"comment_status":"open","ping_status":"closed","template":"","meta":{"_et_pb_use_builder":"","_et_pb_old_content":"","_et_gb_content_width":""},"product_brand":[],"product_cat":[1546],"product_tag":[1547,1496],"class_list":{"0":"post-19570","1":"product","2":"type-product","3":"status-publish","4":"has-post-thumbnail","6":"product_cat-boom-cylinders","7":"product_tag-boom-cylinders","8":"product_tag-hydraulic-cylinders","10":"first","11":"instock","12":"shipping-taxable","13":"product-type-simple"},"amp_enabled":true,"_links":{"self":[{"href":"https:\/\/www.hydraulic-cylinders.net\/lt\/wp-json\/wp\/v2\/product\/19570","targetHints":{"allow":["GET"]}}],"collection":[{"href":"https:\/\/www.hydraulic-cylinders.net\/lt\/wp-json\/wp\/v2\/product"}],"about":[{"href":"https:\/\/www.hydraulic-cylinders.net\/lt\/wp-json\/wp\/v2\/types\/product"}],"replies":[{"embeddable":true,"href":"https:\/\/www.hydraulic-cylinders.net\/lt\/wp-json\/wp\/v2\/comments?post=19570"}],"wp:featuredmedia":[{"embeddable":true,"href":"https:\/\/www.hydraulic-cylinders.net\/lt\/wp-json\/wp\/v2\/media\/17878"}],"wp:attachment":[{"href":"https:\/\/www.hydraulic-cylinders.net\/lt\/wp-json\/wp\/v2\/media?parent=19570"}],"wp:term":[{"taxonomy":"product_brand","embeddable":true,"href":"https:\/\/www.hydraulic-cylinders.net\/lt\/wp-json\/wp\/v2\/product_brand?post=19570"},{"taxonomy":"product_cat","embeddable":true,"href":"https:\/\/www.hydraulic-cylinders.net\/lt\/wp-json\/wp\/v2\/product_cat?post=19570"},{"taxonomy":"product_tag","embeddable":true,"href":"https:\/\/www.hydraulic-cylinders.net\/lt\/wp-json\/wp\/v2\/product_tag?post=19570"}],"curies":[{"name":"wp","href":"https:\/\/api.w.org\/{rel}","templated":true}]}}