{"id":19572,"date":"2025-04-07T06:55:12","date_gmt":"2025-04-07T06:55:12","guid":{"rendered":"https:\/\/www.hydraulic-cylinders.net\/product\/boom-cylinder-for-john-deere-e300lc\/"},"modified":"2025-04-07T06:55:14","modified_gmt":"2025-04-07T06:55:14","slug":"boom-cylinder-for-john-deere-e300lc","status":"publish","type":"product","link":"https:\/\/www.hydraulic-cylinders.net\/lt\/produktas\/boom-cylinder-for-john-deere-e300lc\/","title":{"rendered":"Str\u0117l\u0117s cilindras, skirtas John Deere E300LC"},"content":{"rendered":"<h1>Str\u0117l\u0117s cilindras, skirtas John Deere E300LC<\/h1>\n<h2>Str\u0117l\u0117s cilindro supratimas<\/h2>\n<p>The <strong>Str\u0117l\u0117s cilindras<\/strong> atlieka pagrindin\u012f vaidmen\u012f sunkiosios technikos hidraulin\u0117se sistemose, ypa\u010d ekskavatoriuose, ekskavatoriniuose krautuvuose ir frontaliniuose krautuvuose. \u0160is hidraulinis cilindras yra specialiai sukurtas kau\u0161o jud\u0117jimui valdyti, leid\u017eiant jam efektyviai pakelti, nuleisti ir pakreipti. Str\u0117l\u0117s cilindro efektyvus veikimas yra labai svarbus atliekant med\u017eiag\u0173 tvarkymo u\u017eduotis, u\u017etikrinant, kad \u012franga gal\u0117t\u0173 optimaliai veikti sud\u0117tingomis s\u0105lygomis.<\/p>\n<p><img decoding=\"async\" src=\"https:\/\/www.hydraulic-cylinders.net\/wp-content\/uploads\/2025\/04\/songte-company-1.webp\" alt=\"Str\u0117l\u0117s cilindro vaizdas\"><\/p>\n<h3>Apibr\u0117\u017eimas ir ap\u017evalga<\/h3>\n<p>Hidraulinis cilindras, pavyzd\u017eiui, str\u0117l\u0117s cilindras, yra pavara, kuri hidraulin\u0119 energij\u0105 paver\u010dia mechanine j\u0117ga. \u0160ie cilindrai yra sukurti taip, kad atlaikyt\u0173 didel\u012f sl\u0117g\u012f ir sunkius krovinius, tod\u0117l jie tinka statybinei ir \u017eem\u0117s \u016bkio \u012frangai. Str\u0117l\u0117s cilindras leid\u017eia operatoriams tiksliai valdyti kau\u0161o pad\u0117t\u012f, palengvindamas tokias u\u017eduotis kaip kasimas, k\u0117limas ir pakreipimas. Jo konstrukcija skirta u\u017etikrinti patvarum\u0105 ir patikimum\u0105 \u012fvairiomis darbo s\u0105lygomis, u\u017etikrinant, kad jis atlaikyt\u0173 nusid\u0117v\u0117jim\u0105 laikui b\u0117gant.<\/p>\n<h2>Str\u0117l\u0117s cilindro savyb\u0117s<\/h2>\n<ul>\n<li><strong>Didelis stiprumas ir ilgaam\u017ei\u0161kumas:<\/strong> Paprastai i\u0161 didelio stiprumo plieno arba aliuminio pagamintas str\u0117l\u0117s cilindras gali atlaikyti auk\u0161t\u0105 sl\u0117g\u012f ir dideles apkrovas, tod\u0117l tinka at\u0161iaurioms darbo s\u0105lygoms.<\/li>\n<li><strong>Efektyvus hidraulinis valdymas:<\/strong> Naudodamas hidraulin\u0117s alyvos sl\u0117g\u012f, jis skland\u017eiai i\u0161traukiamas ir atitraukiamas, greitai reaguoja \u012f operatoriaus komandas ir u\u017etikrina tvirt\u0105 st\u016bmimo ir traukimo j\u0117g\u0105.<\/li>\n<li><strong>\u012evair\u016bs tipai:<\/strong> Galima \u012fsigyti vienpusio veikimo (veikian\u010dio viena kryptimi) arba dvipusio veikimo (veikian\u010dio dviem kryptimis) konfig\u016bracij\u0173, kad b\u016bt\u0173 patenkinti \u012fvair\u016bs eksploatavimo poreikiai.<\/li>\n<li><strong>Vietos taupymo dizainas:<\/strong> Kai kurie modeliai yra teleskopiniai, tod\u0117l juos galima labiau i\u0161tiesti nepadidinant i\u0161orini\u0173 matmen\u0173, tod\u0117l jie idealiai tinka naudoti ribotoje erdv\u0117je.<\/li>\n<li><strong>Atsparumas korozijai:<\/strong> Sukurta i\u0161 med\u017eiag\u0173, atspari\u0173 korozijai, u\u017etikrinan\u010di\u0173 patikimum\u0105 ir ilgaam\u017ei\u0161kum\u0105 \u012fvairiomis aplinkos s\u0105lygomis.<\/li>\n<\/ul>\n<h3>Produkt\u0173 gamyba<\/h3>\n<p>Specializuojam\u0117s str\u0117l\u0117s cilindr\u0173, kurie puikiai pakei\u010dia esamus hidraulinius cilindrus, gamyboje. M\u016bs\u0173 gaminiai sukurti naudojant pa\u017eangias technologijas ir auk\u0161\u010diausios kokyb\u0117s med\u017eiagas, u\u017etikrinan\u010dias na\u0161um\u0105 ir ilgaam\u017ei\u0161kum\u0105.<\/p>\n<p><img decoding=\"async\" src=\"https:\/\/www.hydraulic-cylinders.net\/wp-content\/uploads\/2025\/04\/songte-cylinder-head-with-all-kinds-excavator-models.webp\" alt=\"Cilindro galvut\u0117s vaizdas\"><\/p>\n<h2>Str\u0117l\u0117s cilindro pritaikymas<\/h2>\n<h3>Statybin\u0117 \u012franga<\/h3>\n<p>Ekskavatoriuose str\u0117l\u0117s cilindrai yra gyvybi\u0161kai svarb\u016bs kasant, kraunant ir perkeliant grunt\u0105 ar \u0161iuk\u0161les. Jie leid\u017eia tiksliai valdyti kau\u0161o judesius, o tai yra b\u016btina efektyviam med\u017eiag\u0173 tvarkymui statybviet\u0117se. Galimyb\u0117 greitai i\u0161skleisti ir sutraukti padeda efektyviai atlikti u\u017eduotis, didinti na\u0161um\u0105 ir ma\u017einti prastovas.<\/p>\n<h3>\u017dem\u0117s \u016bkio technika<\/h3>\n<p>Priekiniuose krautuvuose str\u0117l\u0117s cilindrai atlieka labai svarb\u0173 vaidmen\u012f semiant, keliant ir transportuojant dirvo\u017eem\u012f, \u0161ien\u0105 ir kitas med\u017eiagas. J\u0173 hidraulin\u0117 funkcija u\u017etikrina skland\u0173 veikim\u0105, tod\u0117l \u016bkininkai gali efektyviai valdyti savo krovinius. \u0160i galimyb\u0117 yra b\u016btina atliekant \u012fvairias \u017eem\u0117s \u016bkio u\u017eduotis, gerinant darbo eig\u0105 ir na\u0161um\u0105 \u016bkininkavimo operacijose.<\/p>\n<h3>Ekskavatoriaus operacijos<\/h3>\n<p>Ekskavatoriuose str\u0117l\u0117s cilindras leid\u017eia kau\u0161ui efektyviai \u012fsiskverbti \u012f dirv\u0105 atliekant kasimo darbus. \u0160i savyb\u0117 yra b\u016btina atliekant gilius kasimo darbus, nes ji leid\u017eia operatoriui panaudoti reikiam\u0105 j\u0117g\u0105, kad pralau\u017et\u0173 \u012fvairi\u0173 tip\u0173 dirvo\u017eem\u012f. Tikslus str\u0117l\u0117s cilindro valdymas u\u017etikrina tikslum\u0105 kasimo operacijose, o tai labai svarbu statybos ir kra\u0161tovaizd\u017eio tvarkymo projektuose.<\/p>\n<h3>Krautuvo funkcionalumas<\/h3>\n<p>Priekiniuose krautuvuose str\u0117l\u0117s cilindras padeda efektyviai kelti ir i\u0161versti krovinius. \u0160i funkcija yra labai svarbi atliekant darbus, kuriems reikia perkelti sunkias med\u017eiagas, pvz., \u017evyr\u0105 ar \u0161iuk\u0161les. Hidraulin\u0117s sistemos stiprumas leid\u017eia krautuvui valdyti didelius svorius, i\u0161laikant stabilum\u0105 ir valdym\u0105, taip palengvinant efektyvius pakrovimo ir i\u0161krovimo procesus.<\/p>\n<h2>Projektavimo aspektai ir atrankos kriterijai<\/h2>\n<h3>Keliamoji galia<\/h3>\n<p>Renkantis str\u0117l\u0117s cilindr\u0105, labai svarbu atsi\u017evelgti \u012f jo keliam\u0105j\u0105 gali\u0105. Cilindras turi atlaikyti did\u017eiausias apkrovas, su kuriomis susiduriama eksploatacijos metu. Tam reikia apskai\u010diuoti med\u017eiag\u0173 svor\u012f ir j\u0117gas, veikian\u010dias naudojimo metu. Nepakankamai \u012fvertintas cilindras gali sukelti gedimus, kelti pavoj\u0173 saugai ir pareikalauti papildom\u0173 remonto ar keitimo i\u0161laid\u0173.<\/p>\n<h3>Sandarumas ir ilgaam\u017ei\u0161kumas<\/h3>\n<p>Sandarikliai vaidina esmin\u012f vaidmen\u012f hidraulini\u0173 cilindr\u0173 funkcionalumui. Sandarinimo med\u017eiag\u0173, toki\u0173 kaip poliuretanas ir nitrilo kau\u010diukas, pasirinkimas tiesiogiai veikia cilindro ilgaam\u017ei\u0161kum\u0105 ir veikim\u0105. Efektyvus sandarinimas apsaugo nuo hidraulinio skys\u010dio nuot\u0117kio, palaiko sistemos sl\u0117g\u012f ir u\u017etikrina patikim\u0105 veikim\u0105. Reguliarus techninis aptarnavimas ir savalaikis sandarikli\u0173 keitimas yra b\u016btini norint pailginti cilindro tarnavimo laik\u0105 ir i\u0161laikyti eksploatacin\u012f efektyvum\u0105.<\/p>\n<h3>Saugos funkcijos<\/h3>\n<p>Projektuojant hidraulinius cilindrus, saugumas yra svarbiausias dalykas. Tokios funkcijos kaip sl\u0117gio ma\u017einimo vo\u017etuvai ir saugos u\u017eraktai padeda i\u0161vengti per didelio sl\u0117gio ir atsitiktinio cilindro jud\u0117jimo. B\u016btina u\u017etikrinti, kad \u0161ios saugos funkcijos veikt\u0173 tinkamai, siekiant suma\u017einti rizik\u0105 operatoriams ir \u012frangai. Saugos priemoni\u0173 \u012ftraukimas \u012f projekt\u0105 padidina eksploatacin\u012f patikimum\u0105 ir apsaugo darbuotojus darbo vietoje.<\/p>\n<h2>Sandarinimas ir tepimas<\/h2>\n<p>Efektyvus sandarinimas ir tepimas yra labai svarb\u016bs str\u0117l\u0117s cilindr\u0173 ilgaam\u017ei\u0161kumui. Naudojant \u012fvairius sandariklius, \u012fskaitant st\u016bmoklinius ir stryp\u0173 sandariklius, u\u017etikrinama, kad hidraulinis skystis likt\u0173 cilindre. Rekomenduojami sandarikliai, pagaminti i\u0161 patvari\u0173 med\u017eiag\u0173, toki\u0173 kaip poliuretanas ir nitrilo kau\u010diukas, d\u0117l j\u0173 atsparumo dilimui. Be to, cilindro korpusas ir srieginiai galai turi b\u016bti tiksliai apdirbti, kad padid\u0117t\u0173 atsparumas dilimui. Norint suma\u017einti trint\u012f ir dilim\u0105, b\u016btina reguliariai tepti hidrauline alyva, kad b\u016bt\u0173 u\u017etikrintas sklandus veikimas.<\/p>\n<h2>Prevencin\u0117s prie\u017ei\u016bros priemon\u0117s<\/h2>\n<ul>\n<li><strong>Reguliar\u016bs patikrinimai:<\/strong> Reguliariai tikrinkite hidraulin\u012f cilindr\u0105, kad nustatytum\u0117te bet kokius susid\u0117v\u0117jimo ar pa\u017eeidimo po\u017eymius. Ie\u0161kokite nuot\u0117ki\u0173, \u012ftr\u016bkim\u0173 ar r\u016bd\u017ei\u0173 po\u017eymi\u0173, kurie gali rodyti problemas, \u012f kurias reikia atkreipti d\u0117mes\u012f.<\/li>\n<li><strong>Tinkamas tepimas:<\/strong> \u012esitikinkite, kad cilindras yra tinkamai suteptas pagal gamintojo rekomendacijas. Reguliariai tikrinkite skys\u010dio lyg\u012f ir prireikus papildykite, kad i\u0161laikytum\u0117te optimal\u0173 na\u0161um\u0105.<\/li>\n<li><strong>Sandariklio keitimas:<\/strong> Steb\u0117kite tarpikli\u0173 b\u016bkl\u0119 ir prireikus juos pakeiskite. Susid\u0117v\u0117j\u0119 tarpikliai gali sukelti nuot\u0117kius ir suma\u017einti efektyvum\u0105, o tai turi \u012ftakos bendram ma\u0161inos na\u0161umui.<\/li>\n<\/ul>\n<h2>\u012erengimo gair\u0117s<\/h2>\n<p>Tinkamas str\u0117l\u0117s cilindro montavimas yra b\u016btinas optimaliam veikimui. Pirmiausia \u012fsitikinkite, kad darbo vieta yra \u0161vari ir be \u0161iuk\u0161li\u0173. Tiksliai sulygiuokite cilindr\u0105 su tvirtinimo ta\u0161kais, kad darbo metu i\u0161vengtum\u0117te per didelio \u012ftempimo. Naudokite tinkamus tvirtinimo laikiklius, kad tvirtai pritvirtintum\u0117te cilindr\u0105. \u012estat\u0119 j\u012f \u012f viet\u0105, prijunkite hidraulines linijas ir \u012fsitikinkite, kad n\u0117ra nuot\u0117ki\u0173. \u012edieg\u0119 atlikite funkcionalumo bandym\u0105, kad \u012fsitikintum\u0117te, jog cilindras veikia skland\u017eiai ir efektyviai.<\/p>\n<h2>\u012eprastos prie\u017ei\u016bros u\u017eduotys<\/h2>\n<h3>Reguliar\u016bs patikrinimai<\/h3>\n<p>Reguliariai tikrinti str\u0117l\u0117s cilindr\u0105 yra labai svarbu siekiant i\u0161vengti netik\u0117t\u0173 gedim\u0173. Ap\u017ei\u016br\u0117kite cilindr\u0105, ar n\u0117ra matom\u0173 susid\u0117v\u0117jimo ar pa\u017eeidimo po\u017eymi\u0173, pvz., \u012ftr\u016bkim\u0173 ar nuot\u0117ki\u0173. Technin\u0117s prie\u017ei\u016bros \u017eurnalas gali pad\u0117ti steb\u0117ti cilindro veikim\u0105 laikui b\u0117gant, tod\u0117l galima imtis prevencini\u0173 priemoni\u0173 prie\u0161 i\u0161kylant problemoms.<\/p>\n<h3>Tinkamas tepimas<\/h3>\n<p>Tinkamas str\u0117l\u0117s cilindro sutepimas yra labai svarbus skland\u017eiam darbui. Naudokite auk\u0161tos kokyb\u0117s hidraulin\u0119 alyv\u0105 ir laikykit\u0117s gamintojo rekomendacij\u0173 d\u0117l tepimo interval\u0173 ir kieki\u0173. Gerai sutepus cilindr\u0105 suma\u017e\u0117ja trintis, pailg\u0117ja jo tarnavimo laikas ir i\u0161laikomas na\u0161umas.<\/p>\n<h3>Sandariklio keitimas ir kalibravimas<\/h3>\n<p>Norint i\u0161laikyti str\u0117l\u0117s cilindro vientisum\u0105, b\u016btina reguliariai keisti sandariklius. Susid\u0117v\u0117j\u0119 sandarikliai gali sukelti nuot\u0117k\u012f, kuris turi \u012ftakos na\u0161umui. Be to, reguliar\u016bs kalibravimo patikrinimai u\u017etikrina, kad cilindras veikt\u0173 tinkamai, tod\u0117l jis dirba tiksliai ir efektyviai.<\/p>\n<p><img decoding=\"async\" src=\"https:\/\/www.hydraulic-cylinders.net\/wp-content\/uploads\/2025\/04\/songte-chushion-collar.webp\" alt=\"Pagalv\u0117l\u0117s apykakl\u0117s vaizdas\"><\/p>\n<h2>Saugos aspektai ir aplinkos veiksniai<\/h2>\n<p>Naudojant hidraulinius cilindrus, labai svarbu laikytis saugos priemoni\u0173, kad apsaugotum\u0117te personal\u0105 ir \u012frang\u0105. Visada d\u0117v\u0117kite tinkam\u0105 apsaugin\u0119 \u012frang\u0105 ir u\u017etikrinkite, kad visi operatoriai b\u016bt\u0173 apmokyti naudoti \u012frang\u0105. Reguliar\u016bs saugos auditai gali pad\u0117ti nustatyti galimus pavojus ir suma\u017einti rizik\u0105. Be to, atsi\u017evelkite \u012f hidraulini\u0173 skys\u010di\u0173 poveik\u012f aplinkai ir u\u017etikrinkite tinkam\u0105 \u0161alinimo bei perdirbimo praktik\u0105, kad suma\u017eintum\u0117te ekologin\u0119 \u017eal\u0105.<\/p>\n<h2>Trik\u010di\u0173 \u0161alinimas ir da\u017eniausiai pasitaikan\u010dios problemos<\/h2>\n<ul>\n<li><strong>Nuot\u0117kis:<\/strong> Jei i\u0161 str\u0117l\u0117s cilindro teka hidraulinis skystis, patikrinkite, ar n\u0117ra pa\u017eeist\u0173 sandarikli\u0173 arba atsilaisvinusi\u0173 jung\u010di\u0173. Jei reikia, pakeiskite sandariklius ir \u012fsitikinkite, kad visos jungtys yra sandarios.<\/li>\n<li><strong>Suma\u017eintas na\u0161umas:<\/strong> Jei cilindras neveikia taip, kaip tik\u0117tasi, patikrinkite, ar n\u0117ra u\u017esikim\u0161im\u0173 hidraulin\u0117se linijose arba ar n\u0117ra \u017eemo skys\u010dio lygio. I\u0161taisykite \u0161ias problemas, kad atkurtum\u0117te veikim\u0105.<\/li>\n<li><strong>Triuk\u0161mingas veikimas:<\/strong> Ne\u012fprastas triuk\u0161mas veikimo metu gali rodyti nepakankam\u0105 tepim\u0105 arba mechanin\u012f susid\u0117v\u0117jim\u0105. \u012evertinkite tepimo lyg\u012f ir patikrinkite, ar cilindras nepa\u017eeistas ar nesusid\u0117v\u0117j\u0119s.<\/li>\n<\/ul>\n<h3>Trik\u010di\u0173 \u0161alinimo patarimai<\/h3>\n<p>Norint efektyviai pa\u0161alinti str\u0117l\u0117s cilindro problemas, reikia i\u0161samaus simptom\u0173 ir ankstesn\u0117s prie\u017ei\u016bros \u017eurnalo. \u0160i dokumentacija gali pad\u0117ti diagnozuoti problemas. Visada \u017er. gamintojo gaires d\u0117l konkre\u010di\u0173 trik\u010di\u0173 \u0161alinimo veiksm\u0173 ir, jei reikia, kreipkit\u0117s profesionalios pagalbos d\u0117l sud\u0117ting\u0173 problem\u0173.<\/p>\n<p><img decoding=\"async\" src=\"https:\/\/www.hydraulic-cylinders.net\/wp-content\/uploads\/2025\/04\/songte-bushings-with-all-kinds-of-excavator-models.webp\" alt=\"\u012evori\u0173 vaizdas\"><\/p>\n<h2>\u012emon\u0117s ap\u017evalga<\/h2>\n<p>Esame pirmaujantis pakaitini\u0173 hidraulini\u0173 cilindr\u0173 gamintojas, si\u016blantis plat\u0173 gamini\u0173 asortiment\u0105 tiek vidaus, tiek tarptautin\u0117ms rinkoms. M\u016bs\u0173 \u012fsipareigojim\u0105 siekti meistri\u0161kumo palaiko rafinuota gamybos strategija, kurioje pabr\u0117\u017eiamas auk\u0161tos kokyb\u0117s gamybos valdymas. Nuolat tobuliname savo gamybos platform\u0105, pasitelkdami kvalifikuotus darbuotojus, pa\u017eangi\u0105 skaitmenin\u0119 \u012frang\u0105 ir profesionalias testavimo sistemas, u\u017etikrindami, kad visi produktai atitikt\u0173 grie\u017etus kokyb\u0117s standartus. M\u016bs\u0173 atsidavimas klient\u0173 pasitenkinimui skatina mus teikti individualius sprendimus, profesional\u0173 aptarnavim\u0105 ir patikim\u0105 garantin\u012f aptarnavim\u0105.<\/p>\n<p><img decoding=\"async\" src=\"https:\/\/www.hydraulic-cylinders.net\/wp-content\/uploads\/2025\/04\/songte-company-4.webp\" alt=\"\u012emon\u0117s paveiksl\u0117lis 1\"><br \/>\n<img decoding=\"async\" src=\"https:\/\/www.hydraulic-cylinders.net\/wp-content\/uploads\/2025\/04\/songte-company-3.webp\" alt=\"\u012emon\u0117s paveiksl\u0117lis 2\"><\/p>\n<p>Autorius: lyl<\/p>","protected":false},"excerpt":{"rendered":"<p>Boom Cylinder For John Deere E300LC Understanding the Boom Cylinder The Boom Cylinder plays a pivotal role in the hydraulic systems of heavy machinery, particularly in excavators, backhoe loaders, and front loaders. This hydraulic cylinder is specifically designed to control the movement of the bucket, enabling it to lift, lower, and tilt effectively. The boom [&hellip;]<\/p>","protected":false},"featured_media":17880,"comment_status":"open","ping_status":"closed","template":"","meta":{"_et_pb_use_builder":"","_et_pb_old_content":"","_et_gb_content_width":""},"product_brand":[],"product_cat":[1546],"product_tag":[1547,1496],"class_list":{"0":"post-19572","1":"product","2":"type-product","3":"status-publish","4":"has-post-thumbnail","6":"product_cat-boom-cylinders","7":"product_tag-boom-cylinders","8":"product_tag-hydraulic-cylinders","10":"first","11":"instock","12":"shipping-taxable","13":"product-type-simple"},"amp_enabled":true,"_links":{"self":[{"href":"https:\/\/www.hydraulic-cylinders.net\/lt\/wp-json\/wp\/v2\/product\/19572","targetHints":{"allow":["GET"]}}],"collection":[{"href":"https:\/\/www.hydraulic-cylinders.net\/lt\/wp-json\/wp\/v2\/product"}],"about":[{"href":"https:\/\/www.hydraulic-cylinders.net\/lt\/wp-json\/wp\/v2\/types\/product"}],"replies":[{"embeddable":true,"href":"https:\/\/www.hydraulic-cylinders.net\/lt\/wp-json\/wp\/v2\/comments?post=19572"}],"wp:featuredmedia":[{"embeddable":true,"href":"https:\/\/www.hydraulic-cylinders.net\/lt\/wp-json\/wp\/v2\/media\/17880"}],"wp:attachment":[{"href":"https:\/\/www.hydraulic-cylinders.net\/lt\/wp-json\/wp\/v2\/media?parent=19572"}],"wp:term":[{"taxonomy":"product_brand","embeddable":true,"href":"https:\/\/www.hydraulic-cylinders.net\/lt\/wp-json\/wp\/v2\/product_brand?post=19572"},{"taxonomy":"product_cat","embeddable":true,"href":"https:\/\/www.hydraulic-cylinders.net\/lt\/wp-json\/wp\/v2\/product_cat?post=19572"},{"taxonomy":"product_tag","embeddable":true,"href":"https:\/\/www.hydraulic-cylinders.net\/lt\/wp-json\/wp\/v2\/product_tag?post=19572"}],"curies":[{"name":"wp","href":"https:\/\/api.w.org\/{rel}","templated":true}]}}