{"id":19575,"date":"2025-04-07T06:55:20","date_gmt":"2025-04-07T06:55:20","guid":{"rendered":"https:\/\/www.hydraulic-cylinders.net\/product\/boom-cylinder-for-yuchai-yc18sr\/"},"modified":"2025-04-07T06:55:22","modified_gmt":"2025-04-07T06:55:22","slug":"boom-cylinder-for-yuchai-yc18sr","status":"publish","type":"product","link":"https:\/\/www.hydraulic-cylinders.net\/lt\/produktas\/boom-cylinder-for-yuchai-yc18sr\/","title":{"rendered":"Str\u0117l\u0117s cilindras, skirtas \u201eYuchai YC18SR\u201c"},"content":{"rendered":"<h1>Str\u0117l\u0117s cilindras, skirtas \u201eYuchai YC18SR\u201c<\/h1>\n<h2>Produkto apibr\u0117\u017eimas<\/h2>\n<p>\u201eYuchai YC18SR\u201c str\u0117l\u0117s cilindras yra labai svarbus hidraulinis komponentas, skirtas valdyti \u012fvairi\u0173 sunki\u0173j\u0173 ma\u0161in\u0173, toki\u0173 kaip ekskavatoriai, ekskavatoriniai krautuvai ir frontaliniai krautuvai, k\u0117limo, nuleidimo ir pakreipimo funkcijas. \u0160is hidraulinis cilindras leid\u017eia kau\u0161ui efektyviai atlikti esmines u\u017eduotis, palengvindamas tiksl\u0173 ir efektyv\u0173 med\u017eiag\u0173 tvarkym\u0105. Jis atlieka svarb\u0173 vaidmen\u012f hidraulin\u0117se sistemose, perduodamas sl\u0117g\u012f i\u0161 hidraulinio skys\u010dio \u012f mechanin\u0119 j\u0117g\u0105, u\u017etikrindamas skland\u017eius ir kontroliuojamus judesius sud\u0117tingoje darbo aplinkoje.<\/p>\n<p><img decoding=\"async\" src=\"https:\/\/www.hydraulic-cylinders.net\/wp-content\/uploads\/2025\/04\/songte-company-1.webp\" alt=\"\u201eYuchai YC18SR\u201c str\u0117l\u0117s cilindras\"><\/p>\n<h2>Produkto savyb\u0117s<\/h2>\n<ul>\n<li>\n<h3>Didelis stiprumas ir ilgaam\u017ei\u0161kumas<\/h3>\n<p>\u0160is str\u0117l\u0117s cilindras, pagamintas i\u0161 didelio stiprumo plieno arba aliuminio, yra skirtas atlaikyti auk\u0161t\u0105 sl\u0117g\u012f ir dideles apkrovas, tod\u0117l tinka at\u0161iaurioms darbo s\u0105lygoms. Jo konstrukcijoje pirmenyb\u0117 teikiama atsparumui dilimui ir korozijai, tod\u0117l jo tarnavimo laikas gerokai pailg\u0117ja.<\/p>\n<\/li>\n<li>\n<h3>Efektyvus hidraulinis valdymas<\/h3>\n<p>Cilindras naudoja hidraulinio skys\u010dio sl\u0117g\u012f, kad u\u017etikrint\u0173 skland\u0173 i\u0161pl\u0117tim\u0105 ir atitraukim\u0105, leid\u017eiant\u012f greitai reaguoti \u012f valdymo komandas ir u\u017etikrinti galing\u0105 st\u016bmimo bei traukimo j\u0117g\u0105, kuri idealiai tinka sunki\u0173 med\u017eiag\u0173 tvarkymui ir sud\u0117tingoms u\u017eduotims atlikti.<\/p>\n<\/li>\n<li>\n<h3>\u012evair\u016bs tipai<\/h3>\n<p>Str\u0117l\u0117s cilindras, si\u016blomas tiek vienpusio veikimo (veikian\u010dio viena kryptimi), tiek dvipusio veikimo (veikian\u010dio abiem kryptimis) modeliuose, gali b\u016bti pritaikytas \u012fvairiems eksploatavimo poreikiams. Kai kurie modeliai yra teleskopiniai, tod\u0117l galima labiau prailginti nedidinant i\u0161orini\u0173 matmen\u0173, tod\u0117l puikiai tinka naudoti ribotoje erdv\u0117je.<\/p>\n<\/li>\n<\/ul>\n<p>Mes specializuojam\u0117s \u0161io produkto gamyboje, tiekdami hidraulinius cilindrus, kurie puikiai pakei\u010dia esamus.<\/p>\n<p><img decoding=\"async\" src=\"https:\/\/www.hydraulic-cylinders.net\/wp-content\/uploads\/2025\/04\/songte-cylinder-head-with-all-kinds-excavator-models.webp\" alt=\"Hidraulinis cilindras ekskavatoriams\"><\/p>\n<h2>Str\u0117l\u0117s cilindro pritaikymas<\/h2>\n<ul>\n<li>\n<h3>Statybin\u0117 \u012franga<\/h3>\n<p>Ekskavatoriuose str\u0117l\u0117s cilindrai yra labai svarb\u016bs kasant, kraunant ir perkeliant \u017eem\u0119 ar \u0161iuk\u0161les. Jie padeda tiek kasti, tiek kelti ekskavatorinius krautuvus, tod\u0117l yra nepakei\u010diami statybviet\u0117se.<\/p>\n<\/li>\n<li>\n<h3>\u017dem\u0117s \u016bkio technika<\/h3>\n<p>Priekiniuose krautuvuose str\u0117l\u0117s cilindrai leid\u017eia operatoriams efektyviai semti, kelti ir transportuoti dirvo\u017eem\u012f, \u0161ien\u0105 ir kitas med\u017eiagas. Jie atlieka svarb\u0173 vaidmen\u012f didinant \u017eem\u0117s \u016bkio darb\u0173 na\u0161um\u0105.<\/p>\n<\/li>\n<li>\n<h3>Ekskavatoriai<\/h3>\n<p>Str\u0117l\u0117s cilindras leid\u017eia kau\u0161ui efektyviai \u012fsiskverbti \u012f dirv\u0105, palengvindamas kasimo proces\u0105. Tvirta konstrukcija u\u017etikrina patikimum\u0105 atliekant sunkias u\u017eduotis.<\/p>\n<\/li>\n<li>\n<h3>Krautuvai<\/h3>\n<p>Priekiniuose krautuvuose \u0161ie cilindrai yra b\u016btini med\u017eiag\u0173 k\u0117limui ir i\u0161vertimui, taip padidinant krovimo operacij\u0173 efektyvum\u0105 \u012fvairiose pramon\u0117s \u0161akose.<\/p>\n<\/li>\n<\/ul>\n<h2>Projektavimo aspektai ir atrankos standartai<\/h2>\n<ul>\n<li>\n<h3>Keliamoji galia<\/h3>\n<p>The load capacity of the boom cylinder must align with the machinery&#8217;s operational requirements. Ensuring that the cylinder can handle the expected loads prevents premature failure and enhances safety during operations.<\/p>\n<\/li>\n<li>\n<h3>Sandarinimo efektyvumas<\/h3>\n<p>Efektyvus sandarinimas yra labai svarbus siekiant i\u0161vengti hidraulinio skys\u010dio nuot\u0117kio, kuris gali sukelti na\u0161umo problem\u0173 ir pavoj\u0173 saugai. Auk\u0161tos kokyb\u0117s sandarikliai, pagaminti i\u0161 patvari\u0173 med\u017eiag\u0173, pailgina hidraulinio cilindro tarnavimo laik\u0105.<\/p>\n<\/li>\n<li>\n<h3>Patvarumas<\/h3>\n<p>Hidrauliniams cilindrams, veikiantiems sud\u0117tingomis s\u0105lygomis, labai svarbus ilgaam\u017ei\u0161kumas. Naudojamos med\u017eiagos turi b\u016bti atsparios nusid\u0117v\u0117jimui, u\u017etikrinant, kad cilindras veikt\u0173 ilg\u0105 laik\u0105. Reguliarus techninis aptarnavimas taip pat gali padidinti ilgaam\u017ei\u0161kum\u0105.<\/p>\n<\/li>\n<li>\n<h3>Saugos funkcijos<\/h3>\n<p>Saugos priemon\u0117s, tokios kaip sl\u0117gio ma\u017einimo vo\u017etuvai, yra b\u016btinos siekiant i\u0161vengti per didelio sl\u0117gio ir galim\u0173 gedim\u0173. \u0160ios savyb\u0117s apsaugo tiek ma\u0161in\u0105, tiek operatori\u0173 naudojimo metu.<\/p>\n<\/li>\n<li>\n<h3>Naudojimo patogumas<\/h3>\n<p>Hidraulini\u0173 cilindr\u0173 projektavimas taip, kad juos b\u016bt\u0173 lengva pri\u017ei\u016br\u0117ti, padidina j\u0173 naudojimo patogum\u0105. Greita prieiga prie sandarikli\u0173 ir komponent\u0173 leid\u017eia efektyviai remontuoti ir keisti dalis, taip suma\u017einant prastovas ir padidinant na\u0161um\u0105.<\/p>\n<\/li>\n<\/ul>\n<p><img decoding=\"async\" src=\"https:\/\/www.hydraulic-cylinders.net\/wp-content\/uploads\/2025\/04\/songte-oil-pipes-and-spare-parts.webp\" alt=\"Hidraulini\u0173 cilindr\u0173 dalys\"><\/p>\n<h2>Sandarinimas ir tepimas<\/h2>\n<p>\u012evairi\u0173 sandarinimo komponent\u0173, toki\u0173 kaip st\u016bmokli\u0173 ir kot\u0173 sandarikliai, naudojimas yra gyvybi\u0161kai svarbus norint i\u0161laikyti hidraulinio cilindro veikim\u0105. Sandarikliai, pagaminti i\u0161 atspari\u0173 dilimui med\u017eiag\u0173, toki\u0173 kaip poliuretanas ir nitrilo kau\u010diukas, u\u017etikrina ilgaam\u017ei\u0161kum\u0105 ir patikimum\u0105. Cilindro korpusas ir srieginiai galiniai pavir\u0161iai yra tiksliai apdirbami, siekiant padidinti atsparum\u0105 dilimui. Reguliariai reikia \u012fpilti reikiam\u0105 kiek\u012f hidraulin\u0117s alyvos, kad b\u016bt\u0173 u\u017etikrintas tepimas, siekiant i\u0161vengti trinties ir dilimo sistemoje. Tinkamas sandarinimo ir tepimo b\u016bdas labai prisideda prie bendro hidraulinio cilindro efektyvumo ir tarnavimo laiko.<\/p>\n<h2>Reguliarus patikrinimas ir prevencin\u0117 prie\u017ei\u016bra<\/h2>\n<ul>\n<li>\n<h3>\u012eprastiniai patikrinimai<\/h3>\n<p>Reguliar\u016bs hidraulinio cilindro patikrinimai padeda anksti nustatyti bet kokius susid\u0117v\u0117jimo ar pa\u017eeidimo po\u017eymius. Toks aktyvus po\u017ei\u016bris leid\u017eia laiku atlikti remont\u0105 ir suma\u017eina netik\u0117t\u0173 gedim\u0173 rizik\u0105.<\/p>\n<\/li>\n<li>\n<h3>Tinkamas tepimas<\/h3>\n<p>Gerai sutepus cilindr\u0105 suma\u017e\u0117ja vidini\u0173 komponent\u0173 trintis ir susid\u0117v\u0117jimas. Norint i\u0161laikyti optimal\u0173 na\u0161um\u0105, labai svarbu laikytis gamintojo pateikt\u0173 tepimo grafik\u0173.<\/p>\n<\/li>\n<li>\n<h3>Sandariklio keitimas<\/h3>\n<p>Reguliariai tikrinant ir kei\u010diant tarpiklius pagal poreik\u012f, i\u0161vengiama hidraulinio skys\u010dio nuot\u0117kio, u\u017etikrinant efektyv\u0173 ir saug\u0173 cilindro veikim\u0105. Tarpikli\u0173 keitimo grafiko laikymasis gali pad\u0117ti i\u0161laikyti sistemos vientisum\u0105.<\/p>\n<\/li>\n<\/ul>\n<h2>\u012erengimo gair\u0117s<\/h2>\n<p>Tinkamas str\u0117l\u0117s cilindro montavimas yra labai svarbus optimaliam veikimui. Pirmiausia \u012fsitikinkite, kad mechanizmo ir cilindro tvirtinimo pavir\u0161iai yra \u0161var\u016bs ir be \u0161iuk\u0161li\u0173. Tinkamai sulygiuokite cilindr\u0105 su tvirtinimo ta\u0161kais, kad i\u0161vengtum\u0117te nesuderinamumo problem\u0173, kurios gali sukelti prie\u0161laikin\u012f susid\u0117v\u0117jim\u0105 ar gedim\u0105. Rekomenduojama naudoti tinkamus tvirtinimo laikiklius, kad cilindras b\u016bt\u0173 pritvirtintas. Sumontavus, atlikite i\u0161sam\u0173 patikrinim\u0105, kad \u012fsitikintum\u0117te, jog visos jungtys yra tvirtos ir kad cilindras veikia skland\u017eiai, be joki\u0173 kli\u016b\u010di\u0173. Laikantis \u0161i\u0173 gairi\u0173, u\u017etikrinamas saugus ir efektyvus hidraulin\u0117s sistemos veikimas.<\/p>\n<h2>\u012eprastos prie\u017ei\u016bros u\u017eduotys<\/h2>\n<ul>\n<li>\n<h3>Reguliar\u016bs patikrinimai<\/h3>\n<p>Da\u017enos patikros leid\u017eia anksti aptikti galimas problemas. Eksploatacijos metu ie\u0161kokite susid\u0117v\u0117jimo po\u017eymi\u0173, nuot\u0117ki\u0173 ar bet koki\u0173 ne\u012fprast\u0173 gars\u0173. Patikrinim\u0173 \u012fra\u0161\u0173 tvarkymas gali pad\u0117ti steb\u0117ti baliono b\u016bkl\u0119 laikui b\u0117gant.<\/p>\n<\/li>\n<li>\n<h3>Tinkamas tepimas<\/h3>\n<p>Using the correct type and amount of hydraulic oil is essential. Follow the manufacturer&#8217;s recommendations for lubrication frequency and ensure that the oil used meets the required specifications for optimal performance.<\/p>\n<\/li>\n<li>\n<h3>Sandariklio keitimas<\/h3>\n<p>Reguliariai keiskite susid\u0117v\u0117jimo ar pa\u017eeidimo po\u017eymius turin\u010dius sandariklius. \u0160i prevencin\u0117 priemon\u0117 yra labai svarbi norint palaikyti hidraulinio skys\u010dio lyg\u012f ir u\u017etikrinti efektyv\u0173 cilindro veikim\u0105. Tur\u0117kite po ranka atsarginius sandariklius, kad prireikus juos b\u016bt\u0173 galima greitai pakeisti.<\/p>\n<\/li>\n<\/ul>\n<p><img decoding=\"async\" src=\"https:\/\/www.hydraulic-cylinders.net\/wp-content\/uploads\/2025\/04\/songte-chushion-collar.webp\" alt=\"Hidraulini\u0173 cilindr\u0173 pagalv\u0117l\u0117s\"><\/p>\n<h2>Saugos aspektai ir aplinkos veiksniai<\/h2>\n<p>Dirbant su hidrauliniais cilindrais, itin svarbu laikytis saugos priemoni\u0173. Visada d\u0117v\u0117kite tinkamas asmenines apsaugos priemones (AAP), kad suma\u017eintum\u0117te rizik\u0105, susijusi\u0105 su hidraulinio skys\u010dio nuot\u0117kiu ar staigiais cilindr\u0173 judesiais. Hidraulin\u0117s sistemos veikimo rib\u0173 supratimas ir saugos protokol\u0173 laikymasis gali pad\u0117ti i\u0161vengti nelaiming\u0173 atsitikim\u0173. Be to, norint suma\u017einti poveik\u012f aplinkai, svarbu tinkamai utilizuoti hidraulinius skys\u010dius ir laikytis aplinkai nekenksmingo po\u017ei\u016brio \u012f prie\u017ei\u016bros praktik\u0105.<\/p>\n<h2>Gedim\u0173 diagnostika ir da\u017eniausios problemos<\/h2>\n<ul>\n<li>\n<h3>Nuot\u0117kis<\/h3>\n<p>Hidraulinio skys\u010dio nuot\u0117kis yra da\u017ena problema, kuri gali kilti d\u0117l susid\u0117v\u0117jusi\u0173 sandarikli\u0173 arba pa\u017eeist\u0173 cilindr\u0173 korpus\u0173. Reguliarios patikros gali pad\u0117ti anksti nustatyti nuot\u0117kius, leid\u017eiant laiku atlikti remont\u0105, kad b\u016bt\u0173 i\u0161vengta skys\u010di\u0173 praradimo ir i\u0161laikytas eksploatacinis efektyvumas.<\/p>\n<\/li>\n<li>\n<h3>Suma\u017eintas na\u0161umas<\/h3>\n<p>Jei cilindras nereaguoja taip, kaip tik\u0117tasi, tai gali rodyti vidin\u012f hidraulinio skys\u010dio susid\u0117v\u0117jim\u0105 arba u\u017eter\u0161tum\u0105. Reguliarus techninis aptarnavimas ir skys\u010di\u0173 patikrinimai gali pad\u0117ti u\u017etikrinti optimal\u0173 veikim\u0105 ir pailginti cilindro tarnavimo laik\u0105.<\/p>\n<\/li>\n<li>\n<h3>Ne\u012fprasti garsai<\/h3>\n<p>Ne\u012fprasti garsai veikimo metu, pavyzd\u017eiui, girg\u017ed\u0117jimas ar bildesys, gali signalizuoti apie mechanines problemas. Greitas \u0161i\u0173 gars\u0173 \u0161altinio i\u0161tyrimas gali pad\u0117ti i\u0161vengti rimtesni\u0173 pa\u017eeidim\u0173 ir u\u017etikrinti saug\u0173 veikim\u0105.<\/p>\n<\/li>\n<\/ul>\n<h2>Trik\u010di\u0173 \u0161alinimo patarimai<\/h2>\n<p>Diagnozuojant str\u0117l\u0117s cilindro problemas, pirmiausia patikrinkite, ar n\u0117ra matom\u0173 nuot\u0117ki\u0173, ir patikrinkite, ar n\u0117ra susid\u0117v\u0117jusi\u0173 sandarikli\u0173. Jei i\u0161kyla na\u0161umo problem\u0173, apsvarstykite galimyb\u0119 \u012fvertinti hidraulinio skys\u010dio kokyb\u0119 ir lyg\u012f. \u012esitikinkite, kad visos jungtys yra sandarios, ir patikrinkite, ar n\u0117ra nesuderinamumo. Reguliarios prevencin\u0117s priemon\u0117s, pvz., savalaikis tepimas ir sandarikli\u0173 keitimas, gali \u017eymiai suma\u017einti galim\u0173 problem\u0173 atsiradim\u0105. \u012egyvendindami prevencines prie\u017ei\u016bros strategijas, galite padidinti hidraulin\u0117s sistemos patikimum\u0105 ir suma\u017einti prastovas.<\/p>\n<p><img decoding=\"async\" src=\"https:\/\/www.hydraulic-cylinders.net\/wp-content\/uploads\/2025\/04\/songte-bushings-with-all-kinds-of-excavator-models.webp\" alt=\"Hidraulin\u0117s \u012fvor\u0117s\"><\/p>\n<h2>Apie m\u016bs\u0173 \u012fmon\u0119<\/h2>\n<p>Esame pirmaujantis pakaitini\u0173 hidraulini\u0173 cilindr\u0173 gamintojas, si\u016blantis plat\u0173 gamini\u0173 asortiment\u0105, skirt\u0105 tiek vidaus, tiek tarptautinei rinkai. M\u016bs\u0173 \u012fsipareigojimas siekti meistri\u0161kumo atsispindi m\u016bs\u0173 patobulintose gamybos strategijose ir pa\u017eangiausiose technologijose. Nuolat investuojame \u012f kvalifikuotus darbuotojus ir pa\u017eangi\u0105 gamybos \u012frang\u0105, siekdami pagerinti savo gamybos paj\u0117gumus, u\u017etikrindami auk\u0161t\u0105 efektyvum\u0105, tikslum\u0105 ir kokyb\u0119 savo pasi\u016blymuose. M\u016bs\u0173 platus individualiai pritaikyt\u0173 paslaug\u0173 spektras ir patikimas aptarnavimas po pardavimo dar labiau sustiprina m\u016bs\u0173, kaip patikimo partnerio hidraulini\u0173 cilindr\u0173 pramon\u0117je, pozicij\u0105.<\/p>\n<p><img decoding=\"async\" src=\"https:\/\/www.hydraulic-cylinders.net\/wp-content\/uploads\/2025\/04\/songte-company-4.webp\" alt=\"\u012emon\u0117s ap\u017evalga\"><br \/>\n<img decoding=\"async\" src=\"https:\/\/www.hydraulic-cylinders.net\/wp-content\/uploads\/2025\/04\/songte-company-3.webp\" alt=\"\u012emon\u0117s patalpos\"><\/p>\n<p>Autorius lyl<\/p>","protected":false},"excerpt":{"rendered":"<p>Boom Cylinder For Yuchai YC18SR Product Definition The Boom Cylinder for Yuchai YC18SR is a crucial hydraulic component designed to control the lifting, lowering, and tilting functions of various heavy machinery, such as excavators, backhoe loaders, and front loaders. This hydraulic cylinder enables the bucket to perform essential tasks effectively, facilitating material handling operations with [&hellip;]<\/p>","protected":false},"featured_media":17868,"comment_status":"open","ping_status":"closed","template":"","meta":{"_et_pb_use_builder":"","_et_pb_old_content":"","_et_gb_content_width":""},"product_brand":[],"product_cat":[1546],"product_tag":[1547,1496],"class_list":{"0":"post-19575","1":"product","2":"type-product","3":"status-publish","4":"has-post-thumbnail","6":"product_cat-boom-cylinders","7":"product_tag-boom-cylinders","8":"product_tag-hydraulic-cylinders","10":"first","11":"instock","12":"shipping-taxable","13":"product-type-simple"},"amp_enabled":true,"_links":{"self":[{"href":"https:\/\/www.hydraulic-cylinders.net\/lt\/wp-json\/wp\/v2\/product\/19575","targetHints":{"allow":["GET"]}}],"collection":[{"href":"https:\/\/www.hydraulic-cylinders.net\/lt\/wp-json\/wp\/v2\/product"}],"about":[{"href":"https:\/\/www.hydraulic-cylinders.net\/lt\/wp-json\/wp\/v2\/types\/product"}],"replies":[{"embeddable":true,"href":"https:\/\/www.hydraulic-cylinders.net\/lt\/wp-json\/wp\/v2\/comments?post=19575"}],"wp:featuredmedia":[{"embeddable":true,"href":"https:\/\/www.hydraulic-cylinders.net\/lt\/wp-json\/wp\/v2\/media\/17868"}],"wp:attachment":[{"href":"https:\/\/www.hydraulic-cylinders.net\/lt\/wp-json\/wp\/v2\/media?parent=19575"}],"wp:term":[{"taxonomy":"product_brand","embeddable":true,"href":"https:\/\/www.hydraulic-cylinders.net\/lt\/wp-json\/wp\/v2\/product_brand?post=19575"},{"taxonomy":"product_cat","embeddable":true,"href":"https:\/\/www.hydraulic-cylinders.net\/lt\/wp-json\/wp\/v2\/product_cat?post=19575"},{"taxonomy":"product_tag","embeddable":true,"href":"https:\/\/www.hydraulic-cylinders.net\/lt\/wp-json\/wp\/v2\/product_tag?post=19575"}],"curies":[{"name":"wp","href":"https:\/\/api.w.org\/{rel}","templated":true}]}}