{"id":19578,"date":"2025-04-07T06:55:27","date_gmt":"2025-04-07T06:55:27","guid":{"rendered":"https:\/\/www.hydraulic-cylinders.net\/product\/boom-cylinder-for-yuchai-yc55-8\/"},"modified":"2025-04-07T06:55:30","modified_gmt":"2025-04-07T06:55:30","slug":"boom-cylinder-for-yuchai-yc55-8","status":"publish","type":"product","link":"https:\/\/www.hydraulic-cylinders.net\/lt\/produktas\/boom-cylinder-for-yuchai-yc55-8\/","title":{"rendered":"Str\u0117l\u0117s cilindras, skirtas \u201eYuchai YC55-8\u201c"},"content":{"rendered":"<h1>Str\u0117l\u0117s cilindras, skirtas \u201eYuchai YC55-8\u201c<\/h1>\n<h2>Produkto ap\u017evalga<\/h2>\n<p>\u201eYuchai YC55-8\u201c str\u0117l\u0117s cilindras yra labai svarbus sunkiosios technikos komponentas, specialiai sukurtas kau\u0161\u0173 jud\u0117jimui valdyti \u012fvairiose srityse. \u0160is hidraulinis cilindras yra b\u016btinas ekskavatoriams, ekskavatoriams ir frontaliniams krautuvams, nes leid\u017eia tiksliai valdyti kau\u0161o k\u0117lim\u0105, nuleidim\u0105 ir pakreipim\u0105. Palengvindamas \u0161iuos judesius, jis atlieka gyvybi\u0161kai svarb\u0173 vaidmen\u012f med\u017eiag\u0173 tvarkymo u\u017eduotyse, u\u017etikrinant operacij\u0173 efektyvum\u0105 ir veiksmingum\u0105.<\/p>\n<p><img decoding=\"async\" src=\"https:\/\/www.hydraulic-cylinders.net\/wp-content\/uploads\/2025\/04\/songte-company-1.webp\" alt=\"Str\u0117l\u0117s cilindras\"><\/p>\n<h3>Apibr\u0117\u017eimas ir funkcija<\/h3>\n<p>Kau\u0161o cilindras yra specializuotas hidraulinis cilindras, naudojamas kau\u0161o jud\u0117jimui valdyti sunkiojoje technikoje. Pagrindin\u0117 jo funkcija \u2013 kau\u0161o k\u0117limas, nuleidimas ir pakreipimas, siekiant optimizuoti med\u017eiag\u0173 tvarkym\u0105. \u0160ie cilindrai naudoja susl\u0117gt\u0105 hidraulin\u012f skyst\u012f judesiui sukurti, leisdami operatoriams lengvai atlikti tokias u\u017eduotis kaip kasimas, krovimas ir med\u017eiag\u0173 transportavimas. Str\u0117l\u0117s cilindr\u0173 konstrukcija skirta dideliam tvirtumui ir ilgaam\u017ei\u0161kumui, tod\u0117l jie yra gyvybi\u0161kai svarb\u016bs \u012fvairiose sud\u0117tingose \u200b\u200baplinkose.<\/p>\n<h2>Pagrindin\u0117s savyb\u0117s<\/h2>\n<ul>\n<li><strong>Didelis stiprumas ir ilgaam\u017ei\u0161kumas:<\/strong> Paprastai pagaminti i\u0161 didelio stiprumo plieno arba aliuminio, \u0161ie cilindrai gali atlaikyti auk\u0161t\u0105 sl\u0117g\u012f ir dideles apkrovas, tod\u0117l tinkami at\u0161iaurioms darbo s\u0105lygoms.<\/li>\n<li><strong>Efektyvus hidraulinis valdymas:<\/strong> Str\u0117l\u0117s cilindras veikia skland\u017eiai, greitai reaguodamas \u012f valdymo komandas ir u\u017etikrindamas dideles st\u016bmimo bei traukimo j\u0117gas, kad b\u016bt\u0173 galima atlikti sunkias ir sud\u0117tingas u\u017eduotis.<\/li>\n<li><strong>\u012evair\u016bs tipai:<\/strong> Galima rinktis vienpusio ir dvipusio veikimo variantus, tod\u0117l galima pritaikyti sprendimus \u012fvairiems eksploatavimo poreikiams. Kai kurie modeliai yra teleskopiniai, tod\u0117l juos galima labiau prailginti nedidinant i\u0161orinio dyd\u017eio, tod\u0117l jie idealiai tinka u\u017edaroms erdv\u0117ms.<\/li>\n<\/ul>\n<p>\u0160\u012f gamin\u012f galime puikiai pagaminti, kad jis skland\u017eiai pakeist\u0173 esamus hidraulinius cilindrus. <\/p>\n<p><img decoding=\"async\" src=\"https:\/\/www.hydraulic-cylinders.net\/wp-content\/uploads\/2025\/04\/songte-cylinder-head-with-all-kinds-excavator-models.webp\" alt=\"Ekskavatori\u0173 modeliai\"><\/p>\n<h2>Parai\u0161kos<\/h2>\n<h3>Statybin\u0117 \u012franga<\/h3>\n<p>Ekskavatoriuose str\u0117l\u0117s cilindrai yra labai svarb\u016bs kasant, kraunant ir perkeliant \u017eem\u0119 ar \u0161iuk\u0161les. Jie pagerina kasimo proces\u0105, leisdami operatoriams valdyti kau\u0161o gyl\u012f ir kamp\u0105, taip maksimaliai padidindami med\u017eiag\u0173 \u0161alinimo efektyvum\u0105.<\/p>\n<h3>\u017dem\u0117s \u016bkio technika<\/h3>\n<p>Priekiniuose krautuvuose str\u0117l\u0117s cilindrai padeda semti, kelti ir transportuoti dirvo\u017eem\u012f, \u0161ien\u0105 ir \u012fvairias med\u017eiagas. J\u0173 tvirta konstrukcija u\u017etikrina patikim\u0105 veikim\u0105 \u017eem\u0117s \u016bkio aplinkoje, kur jie efektyviai atlieka sud\u0117tingas u\u017eduotis.<\/p>\n<h3>Ekskavatoriai<\/h3>\n<p>Kau\u0161\u0173 cilindrai leid\u017eia ekskavatoriams efektyviai \u012fsiskverbti \u012f grunt\u0105, tod\u0117l kasimo darbai vyksta skland\u017eiai. J\u0173 konstrukcija leid\u017eia tiksliai pozicionuoti kau\u0161\u0105, u\u017etikrinant optimal\u0173 na\u0161um\u0105 atliekant kasimo darbus.<\/p>\n<h3>Krautuvai<\/h3>\n<p>Priekiniuose krautuvuose str\u0117l\u0117s cilindrai padeda efektyviai kelti ir i\u0161versti med\u017eiagas. J\u0173 patikimas veikimas u\u017etikrina saug\u0173 sunki\u0173 krovini\u0173 valdym\u0105, taip padidinant na\u0161um\u0105 darbo vietose.<\/p>\n<h2>Projektavimo aspektai ir atrankos kriterijai<\/h2>\n<h3>Keliamoji galia<\/h3>\n<p>Keliamoji galia yra labai svarbus veiksnys renkantis str\u0117l\u0117s cilindr\u0105. Ji nurodo maksimal\u0173 svor\u012f, kur\u012f cilindras gali saugiai pakelti, ir yra nustatoma pagal cilindro med\u017eiag\u0105, dyd\u012f ir hidraulin\u0119 konstrukcij\u0105. Norint u\u017etikrinti saug\u0173 darb\u0105, b\u016btina u\u017etikrinti, kad cilindras gal\u0117t\u0173 atlaikyti reikiam\u0105 apkrov\u0105 be gedim\u0173.<\/p>\n<h3>Sandarinimo mechanizmai<\/h3>\n<p>Efektyvus sandarinimas yra gyvybi\u0161kai svarbus norint i\u0161vengti hidraulinio skys\u010dio nuot\u0117kio ir u\u017etikrinti optimal\u0173 na\u0161um\u0105. Auk\u0161tos kokyb\u0117s sandarikli\u0173, toki\u0173 kaip st\u016bmoklio ir koto sandarikliai, pagaminti i\u0161 patvari\u0173 med\u017eiag\u0173, toki\u0173 kaip poliuretanas arba nitrilo kau\u010diukas, pasirinkimas padidina cilindro ilgaam\u017ei\u0161kum\u0105 ir efektyvum\u0105.<\/p>\n<h3>Patvarumas<\/h3>\n<p>Patvarumas yra svarbiausias at\u0161iauriomis s\u0105lygomis, kuriose veikia str\u0117l\u0117s cilindrai. Konstrukcijoje tur\u0117t\u0173 b\u016bti naudojamos atsparios dilimui med\u017eiagos ir dangos, kurios atlaikyt\u0173 dilim\u0105, korozij\u0105 ir sl\u0117gio svyravimus, taip u\u017etikrinant ilg\u0105 tarnavimo laik\u0105 ir ma\u017eesn\u012f prie\u017ei\u016bros poreik\u012f.<\/p>\n<h3>Saugos funkcijos<\/h3>\n<p>Norint i\u0161vengti nelaiming\u0173 atsitikim\u0173 d\u0117l cilindr\u0173 gedim\u0173, b\u016btina atsi\u017evelgti \u012f saugos funkcijas, tokias kaip sl\u0117gio ma\u017einimo vo\u017etuvai ir tvirti tvirtinimo laikikliai. \u0160ios funkcijos u\u017etikrina, kad hidraulin\u0117 sistema veikt\u0173 saugiai \u012fvairiomis s\u0105lygomis.<\/p>\n<h3>Prieinamumas prie prie\u017ei\u016bros<\/h3>\n<p>Projektuojant hidraulinius cilindrus atsi\u017evelgiant \u012f j\u0173 technin\u0119 prie\u017ei\u016br\u0105, juos lengva patikrinti ir remontuoti. Tokios savyb\u0117s kaip lengvai prieinamos tepimo angos ir lengvai kei\u010diami sandarikliai padeda suma\u017einti prastovas ir eksploatavimo sutrikimus.<\/p>\n<p><img decoding=\"async\" src=\"https:\/\/www.hydraulic-cylinders.net\/wp-content\/uploads\/2025\/04\/songte-oil-pipes-and-spare-parts.webp\" alt=\"Hidraulin\u0117s dalys\"><\/p>\n<h2>Sandarinimas ir tepimas<\/h2>\n<p>Str\u0117l\u0117s cilindr\u0173 ilgaam\u017ei\u0161kumui u\u017etikrinti naudojami \u012fvair\u016bs sandarinimo komponentai, tokie kaip st\u016bmokli\u0173 ir kot\u0173 sandarikliai. Auk\u0161tos kokyb\u0117s med\u017eiagos, \u012fskaitant poliuretan\u0105 ir nitrilo gum\u0105, parenkamos d\u0117l j\u0173 atsparumo dilimui ir ilgaam\u017ei\u0161kumo. Tinkamas cilindro korpuso ir sriegini\u0173 gal\u0173 pavir\u0161iaus apdorojimas padidina atsparum\u0105 dilimui, u\u017ekertant keli\u0105 prie\u0161laikiniam gedimui. Reguliarus tepimas hidrauline alyva yra b\u016btinas norint i\u0161laikyti optimal\u0173 na\u0161um\u0105 ir i\u0161vengti dilimo.<\/p>\n<h2>Reguliarus patikrinimas ir prevencin\u0117 prie\u017ei\u016bra<\/h2>\n<ul>\n<li><strong>Reguliar\u016bs patikrinimai:<\/strong> Reguliar\u016bs vizualiniai patikrinimai padeda anksti nustatyti nusid\u0117v\u0117jim\u0105. Ie\u0161kokite alyvos nuot\u0117kio, korozijos ar konstrukcijos pa\u017eeidim\u0173 po\u017eymi\u0173.<\/li>\n<li><strong>Tinkamas tepimas:<\/strong> \u012esitikinkite, kad hidraulin\u0117s alyvos lygis yra pakankamas ir kad alyva yra \u0161vari, kad b\u016bt\u0173 palaikomas efektyvus tepimas, kuris yra labai svarbus cilindr\u0173 veikimui.<\/li>\n<li><strong>Sandariklio keitimas:<\/strong> Reguliariai tikrinkite sandariklius, ar jie nesusid\u0117v\u0117j\u0119. J\u0173 pakeitimas vos pasteb\u0117jus pirmuosius nusid\u0117v\u0117jimo po\u017eymius gali pad\u0117ti i\u0161vengti brangaus remonto ir prastov\u0173.<\/li>\n<\/ul>\n<h2>\u012erengimo gair\u0117s<\/h2>\n<p>Tinkamas str\u0117l\u0117s cilindro montavimas yra labai svarbus optimaliam veikimui. Pirmiausia \u012fsitikinkite, kad tvirtinimo pavir\u0161iai yra \u0161var\u016bs ir be \u0161iuk\u0161li\u0173. Naudokite tinkamus lygiavimo \u012frankius, kad tiksliai nustatytum\u0117te cilindr\u0105, vengdami bet kokio nesuderinimo, kuris gali sukelti prie\u0161laikin\u012f susid\u0117v\u0117jim\u0105. Pritvirtinkite cilindr\u0105 naudodami tinkamus tvirtinimo laikiklius, kad jis nejud\u0117t\u0173 eksploatacijos metu. Visada laikykit\u0117s gamintojo specifikacij\u0173 d\u0117l sukimo momento nustatym\u0173, kad u\u017etikrintum\u0117te saug\u0173 montavim\u0105. \u012edieg\u0119 sistem\u0105, patikrinkite j\u0105 kontroliuojamomis s\u0105lygomis, kad \u012fsitikintum\u0117te, jog viskas veikia tinkamai.<\/p>\n<h2>\u012eprastos prie\u017ei\u016bros u\u017eduotys<\/h2>\n<ul>\n<li><strong>Reguliar\u016bs patikrinimai:<\/strong> Reik\u0117t\u0173 atlikti \u012fprastinius patikrinimus, siekiant nustatyti, ar n\u0117ra susid\u0117v\u0117jimo ar pa\u017eeidim\u0173 po\u017eymi\u0173. Tai apima cilindro patikrinim\u0105, ar n\u0117ra nuot\u0117ki\u0173, ir vis\u0173 jung\u010di\u0173 tvirtumo u\u017etikrinim\u0105.<\/li>\n<li><strong>Tinkamas tepimas:<\/strong> \u012esitikinkite, kad visos judan\u010dios dalys yra tinkamai suteptos, kad suma\u017eintum\u0117te trint\u012f ir susid\u0117v\u0117jim\u0105. Reguliariai tikrinkite sutepimo lyg\u012f ir prireikus papildykite.<\/li>\n<li><strong>Sandariklio keitimas:<\/strong> Tarpikliai tur\u0117t\u0173 b\u016bti reguliariai tikrinami d\u0117l susid\u0117v\u0117jimo ir prireikus kei\u010diami, kad b\u016bt\u0173 i\u0161vengta hidraulinio skys\u010dio nuot\u0117kio, kuris gali suma\u017einti na\u0161um\u0105 ir sugadinti sistem\u0105.<\/li>\n<\/ul>\n<h2>Saugos aspektai ir aplinkos veiksniai<\/h2>\n<p>Eksploatuojant hidraulines sistemas, saugos priemon\u0117s yra nepaprastai svarbios. Operatoriai tur\u0117t\u0173 b\u016bti apmokyti saugiai naudoti \u012frang\u0105 ir \u017einoti apie galimus pavojus. Privalo d\u0117v\u0117ti apsauginius drabu\u017eius ir reguliariai atlikti technin\u0117s prie\u017ei\u016bros patikrinimus, kad b\u016bt\u0173 suma\u017einta bet kokia eksploatavimo rizika. Be to, tinkamas hidraulini\u0173 skys\u010di\u0173 ir atliek\u0173 \u0161alinimas yra labai svarbus siekiant suma\u017einti poveik\u012f aplinkai, laikantis vietini\u0173 taisykli\u0173.<\/p>\n<h2>Da\u017eniausiai pasitaikan\u010di\u0173 problem\u0173 \u0161alinimas<\/h2>\n<ul>\n<li><strong>Nuot\u0117kis:<\/strong> Jei i\u0161 cilindro prateka hidraulinis skystis, patikrinkite, ar sandarikliai ir jungtys n\u0117ra susid\u0117v\u0117j\u0119 ar pa\u017eeisti. Pakeiskite visus sugedusius komponentus, kad atkurtum\u0117te veikim\u0105.<\/li>\n<li><strong>Suma\u017eintas na\u0161umas:<\/strong> Jei cilindras skland\u017eiai nei\u0161siple\u010dia arba nesusitraukia, patikrinkite hidraulinio skys\u010dio lyg\u012f ir kokyb\u0119. U\u017eter\u0161t\u0105 skyst\u012f gali tekti pakeisti.<\/li>\n<li><strong>Ne\u012fprasti garsai:<\/strong> Triuk\u0161mai veikimo metu gali rodyti mechanines problemas arba or\u0105 hidraulin\u0117je sistemoje. I\u0161leiskite or\u0105 i\u0161 sistemos ir patikrinkite, ar n\u0117ra pa\u017eeist\u0173 komponent\u0173.<\/li>\n<\/ul>\n<p>Prevencin\u0117s priemon\u0117s apima reguliarius patikrinimus ir skub\u0173 remont\u0105, siekiant suma\u017einti galimas problemas ir u\u017etikrinti skland\u0173 sistemos veikim\u0105.<\/p>\n<p><img decoding=\"async\" src=\"https:\/\/www.hydraulic-cylinders.net\/wp-content\/uploads\/2025\/04\/songte-bushings-with-all-kinds-of-excavator-models.webp\" alt=\"Ekskavatori\u0173 dalys\"><\/p>\n<h2>Apie m\u016bs\u0173 \u012fmon\u0119<\/h2>\n<p>Esame pirmaujantis pakaitini\u0173 hidraulini\u0173 cilindr\u0173 gamintojas, si\u016blantis plat\u0173 gamini\u0173 asortiment\u0105 vidaus ir tarptautin\u0117ms rinkoms. M\u016bs\u0173 \u012fsipareigojim\u0105 siekti meistri\u0161kumo palaiko patobulinta gamybos valdymo strategija, orientuota \u012f auk\u0161tos kokyb\u0117s produkcij\u0105. Tur\u0117dami kvalifikuot\u0105 darbo j\u0117g\u0105, pa\u017eangi\u0105 auk\u0161t\u0173j\u0173 technologij\u0173 gamybos \u012frang\u0105 ir patikim\u0105 kokyb\u0117s kontrol\u0117s sistem\u0105, nuolat tobuliname savo gamybos paj\u0117gumus, u\u017etikrindami, kad patenkintume \u012fvairius klient\u0173 poreikius dideliu efektyvumu, tikslumu ir kokybe.<\/p>\n<p>M\u016bs\u0173 kompetencija apima:<\/p>\n<ul>\n<li><strong>Profesionalumas:<\/strong> M\u016bs\u0173 komand\u0105 sudaro hidraulini\u0173 sistem\u0173 ekspertai, u\u017etikrinantys auk\u0161\u010diausios kokyb\u0117s gamini\u0173 tiekim\u0105.<\/li>\n<li><strong>Tarptautiniai sertifikatai:<\/strong> Laikom\u0117s pasaulini\u0173 standart\u0173, tiekdami produktus, kurie atitinka grie\u017etus kokyb\u0117s reikalavimus.<\/li>\n<li><strong>Individualios paslaugos:<\/strong> Si\u016blome individualiai pritaikytus sprendimus, pritaikytus konkretiems klient\u0173 poreikiams.<\/li>\n<li><strong>Pa\u017eangi gamybos \u012franga:<\/strong> M\u016bs\u0173 moderniausi gamybos \u012frenginiai u\u017etikrina auk\u0161t\u0105 produkcijos kokyb\u0119.<\/li>\n<li><strong>Aptarnavimas po pardavimo:<\/strong> M\u016bs\u0173 atsidavusi palaikymo komanda pasiruo\u0161usi pad\u0117ti klientams, turintiems klausim\u0173 ar problem\u0173 po pirkimo.<\/li>\n<\/ul>\n<p><img decoding=\"async\" src=\"https:\/\/www.hydraulic-cylinders.net\/wp-content\/uploads\/2025\/04\/songte-company-4.webp\" alt=\"\u012emon\u0117s ap\u017evalga\"><br \/>\n<img decoding=\"async\" src=\"https:\/\/www.hydraulic-cylinders.net\/wp-content\/uploads\/2025\/04\/songte-company-3.webp\" alt=\"\u012emon\u0117s patalpos\"><\/p>\n<p>Autorius: lyl<\/p>","protected":false},"excerpt":{"rendered":"<p>Boom Cylinder For Yuchai YC55-8 Product Overview The Boom Cylinder for Yuchai YC55-8 is a critical component in heavy machinery, specifically designed to control the movement of buckets in various applications. This hydraulic cylinder is essential for excavators, backhoes, and front loaders, allowing for precise manipulation of the bucket&#8217;s elevation, lowering, and tilting. By facilitating [&hellip;]<\/p>","protected":false},"featured_media":17871,"comment_status":"open","ping_status":"closed","template":"","meta":{"_et_pb_use_builder":"","_et_pb_old_content":"","_et_gb_content_width":""},"product_brand":[],"product_cat":[1546],"product_tag":[1547,1496],"class_list":{"0":"post-19578","1":"product","2":"type-product","3":"status-publish","4":"has-post-thumbnail","6":"product_cat-boom-cylinders","7":"product_tag-boom-cylinders","8":"product_tag-hydraulic-cylinders","10":"first","11":"instock","12":"shipping-taxable","13":"product-type-simple"},"amp_enabled":true,"_links":{"self":[{"href":"https:\/\/www.hydraulic-cylinders.net\/lt\/wp-json\/wp\/v2\/product\/19578","targetHints":{"allow":["GET"]}}],"collection":[{"href":"https:\/\/www.hydraulic-cylinders.net\/lt\/wp-json\/wp\/v2\/product"}],"about":[{"href":"https:\/\/www.hydraulic-cylinders.net\/lt\/wp-json\/wp\/v2\/types\/product"}],"replies":[{"embeddable":true,"href":"https:\/\/www.hydraulic-cylinders.net\/lt\/wp-json\/wp\/v2\/comments?post=19578"}],"wp:featuredmedia":[{"embeddable":true,"href":"https:\/\/www.hydraulic-cylinders.net\/lt\/wp-json\/wp\/v2\/media\/17871"}],"wp:attachment":[{"href":"https:\/\/www.hydraulic-cylinders.net\/lt\/wp-json\/wp\/v2\/media?parent=19578"}],"wp:term":[{"taxonomy":"product_brand","embeddable":true,"href":"https:\/\/www.hydraulic-cylinders.net\/lt\/wp-json\/wp\/v2\/product_brand?post=19578"},{"taxonomy":"product_cat","embeddable":true,"href":"https:\/\/www.hydraulic-cylinders.net\/lt\/wp-json\/wp\/v2\/product_cat?post=19578"},{"taxonomy":"product_tag","embeddable":true,"href":"https:\/\/www.hydraulic-cylinders.net\/lt\/wp-json\/wp\/v2\/product_tag?post=19578"}],"curies":[{"name":"wp","href":"https:\/\/api.w.org\/{rel}","templated":true}]}}