{"id":19583,"date":"2025-04-07T06:55:56","date_gmt":"2025-04-07T06:55:56","guid":{"rendered":"https:\/\/www.hydraulic-cylinders.net\/product\/boom-cylinder-for-yuchai-yc35sr\/"},"modified":"2025-04-07T06:55:58","modified_gmt":"2025-04-07T06:55:58","slug":"boom-cylinder-for-yuchai-yc35sr","status":"publish","type":"product","link":"https:\/\/www.hydraulic-cylinders.net\/lt\/produktas\/boom-cylinder-for-yuchai-yc35sr\/","title":{"rendered":"Str\u0117l\u0117s cilindras, skirtas \u201eYuchai YC35SR\u201c"},"content":{"rendered":"<h1>Str\u0117l\u0117s cilindras, skirtas \u201eYuchai YC35SR\u201c<\/h1>\n<h2>\u012evadas \u012f str\u0117l\u0117s cilindrus<\/h2>\n<p>Str\u0117l\u0117s cilindras yra labai svarbus hidraulini\u0173 sistem\u0173 komponentas, specialiai sukurtas valdyti kau\u0161\u0173 jud\u0117jim\u0105 \u012fvairiose sunkiosiose ma\u0161inose. Tai apima ekskavatorius, ekskavatorinius krautuvus ir frontalinius krautuvus. Jis leid\u017eia kau\u0161ui pakilti, nuleisti ir pakreipti, palengvindamas \u012fvairias med\u017eiag\u0173 tvarkymo u\u017eduotis.<\/p>\n<p><img decoding=\"async\" src=\"https:\/\/www.hydraulic-cylinders.net\/wp-content\/uploads\/2025\/04\/songte-company-1.webp\" alt=\"Str\u0117l\u0117s cilindras\"><\/p>\n<h3>Funkcionalumas ir apibr\u0117\u017eimas<\/h3>\n<p>Kau\u0161o cilindras yra hidraulinio cilindro tipas, skirtas valdyti ma\u0161inos kau\u0161o veikim\u0105. \u0160ie cilindrai atlieka gyvybi\u0161kai svarb\u0173 vaidmen\u012f hidraulin\u0117je sistemoje, nes paver\u010dia hidraulin\u0119 energij\u0105 mechanine energija ir leid\u017eia tiksliai valdyti kau\u0161o judesius. Geb\u0117jimas pakelti sunkius krovinius, tiksliai juos nuleisti ir pakreipti, kad b\u016bt\u0173 geresn\u0117 pad\u0117tis, daro str\u0117l\u0117s cilindrus b\u016btinus statybose, \u017eem\u0117s \u016bkyje ir \u012fvairiose pramon\u0117s srityse.<\/p>\n<h2>Str\u0117l\u0117s cilindro savyb\u0117s<\/h2>\n<ul>\n<li><strong>Didelis stiprumas ir ilgaam\u017ei\u0161kumas:<\/strong> Paprastai pagaminti i\u0161 didelio stiprumo plieno arba aliuminio, \u0161ie cilindrai gali atlaikyti auk\u0161t\u0105 sl\u0117g\u012f ir dideles apkrovas, tod\u0117l tinka at\u0161iaurioms darbo aplinkoms. J\u0173 konstrukcijoje integruotas atsparumas dilimui ir korozijai, siekiant pailginti j\u0173 tarnavimo laik\u0105.<\/li>\n<li><strong>Efektyvus hidraulinis valdymas:<\/strong> Naudojant hidraulin\u0117s alyvos sl\u0117g\u012f, str\u0117l\u0117s cilindrai u\u017etikrina skland\u0173 i\u0161skleidim\u0105 ir \u012ftraukim\u0105. Jie greitai reaguoja \u012f valdymo komandas, u\u017etikrindami galingas st\u016bmimo ir traukimo j\u0117gas, b\u016btinas sunkioms med\u017eiagoms tvarkyti ir sud\u0117tingoms u\u017eduotims atlikti.<\/li>\n<li><strong>\u012evair\u016bs tipai:<\/strong> Str\u0117l\u0117s cilindrus galima pasirinkti kaip vienpusio veikimo (veikian\u010dius viena kryptimi) arba dvipusio veikimo (veikian\u010dius abiem kryptimis), atsi\u017evelgiant \u012f \u012fvairius eksploatacinius poreikius. Kai kurie modeliai yra teleskopiniai, tod\u0117l juos galima labiau i\u0161tiesti nedidinant i\u0161orini\u0173 matmen\u0173, tod\u0117l jie idealiai tinka naudoti ribotoje erdv\u0117je.<\/li>\n<li><strong>Individualus pritaikymas:<\/strong> M\u016bs\u0173 gaminiai gali puikiai pakeisti esamus hidraulinius cilindrus, u\u017etikrindami suderinamum\u0105 ir na\u0161um\u0105.<\/li>\n<li><strong>Pa\u017eangi gamyba:<\/strong> M\u016bs\u0173 cilindrai, pagaminti tiksliai ir naudojant naujausias technologijas, atitinka grie\u017etus kokyb\u0117s standartus, kad b\u016bt\u0173 u\u017etikrintas patikimumas ir efektyvumas.<\/li>\n<\/ul>\n<p><img decoding=\"async\" src=\"https:\/\/www.hydraulic-cylinders.net\/wp-content\/uploads\/2025\/04\/songte-cylinder-head-with-all-kinds-excavator-models.webp\" alt=\"Ekskavatori\u0173 modeliai\"><\/p>\n<h2>Str\u0117l\u0117s cilindr\u0173 pritaikymas<\/h2>\n<h3>Statybin\u0117 \u012franga<\/h3>\n<p>Ekskavatoriuose str\u0117l\u0117s cilindrai yra b\u016btini kasant, kraunant ir perkeliant \u017eem\u0119 ar \u0161iuk\u0161les. Jie suteikia reikiam\u0105 j\u0117g\u0105 efektyviai \u012fsiskverbti \u012f \u017eem\u0119, tod\u0117l yra nepakei\u010diami statybos projektuose. Ekskavatoriuose-krautuvuose \u0161ie cilindrai padeda tiek kasti, tiek kelti, u\u017etikrindami universalum\u0105 darbo vietoje.<\/p>\n<h3>\u017dem\u0117s \u016bkio technika<\/h3>\n<p>Priekiniuose krautuvuose str\u0117l\u0117s cilindrai atlieka labai svarb\u0173 vaidmen\u012f semiant, keliant ir transportuojant dirvo\u017eem\u012f, \u0161ien\u0105 ir kitas med\u017eiagas. J\u0173 geb\u0117jimas atlikti \u012fvairias u\u017eduotis daro juos ne\u012fkainojamus \u017eem\u0117s \u016bkio operacijose, didinant na\u0161um\u0105 ir efektyvum\u0105.<\/p>\n<h3>Ekskavatoriai<\/h3>\n<p>Ekskavatoriuose str\u0117l\u0117s cilindras leid\u017eia kau\u0161ui \u012fsiskverbti \u012f dirv\u0105, taip palengvindamas efektyv\u0173 kasim\u0105. \u0160i\u0173 cilindr\u0173 tiekiama hidraulin\u0117 galia u\u017etikrina, kad technika gali susidoroti su sud\u0117tingu reljefu ir dideliais kroviniais, tod\u0117l ji tinka \u012fvairioms kasimo u\u017eduotims.<\/p>\n<h3>Krautuvai<\/h3>\n<p>Priekiniuose krautuvuose str\u0117l\u0117s cilindrai padeda efektyviai kelti ir i\u0161versti krovinius. J\u0173 geb\u0117jimas valdyti sunkias med\u017eiagas u\u017etikrina, kad operacijos b\u016bt\u0173 atliekamos greitai ir saugiai, taip optimizuojant darbo eig\u0105 statybviet\u0117se ir pramon\u0117s objektuose.<\/p>\n<h2>Projektavimo aspektai ir atrankos kriterijai<\/h2>\n<h3>Keliamoji galia<\/h3>\n<p>Str\u0117l\u0117s cilindro keliamoji galia yra labai svarbus projektavimo aspektas. B\u016btina u\u017etikrinti, kad cilindras gal\u0117t\u0173 atlaikyti did\u017eiausi\u0105 numatom\u0105 apkrov\u0105 be gedimo rizikos. In\u017einieriai turi atsi\u017evelgti \u012f j\u0117gas, veikian\u010dias cilindr\u0105 veikimo metu, ir pasirinkti med\u017eiagas bei konstrukcijas, kurios laikui b\u0117gant atlaikyt\u0173 \u0161ias apkrovas.<\/p>\n<h3>Sandarinimo mechanizmai<\/h3>\n<p>Efektyvus sandarinimas yra gyvybi\u0161kai svarbus siekiant i\u0161vengti hidraulinio skys\u010dio nuot\u0117kio. Sandarikliai, tokie kaip st\u016bmoklio ir koto sandarikliai, turi b\u016bti parinkti atsi\u017evelgiant \u012f konkre\u010dius taikymo poreikius. Auk\u0161tos kokyb\u0117s sandarikliai yra b\u016btini norint u\u017etikrinti ilgalaik\u012f veikim\u0105 ir suma\u017einti prie\u017ei\u016bros poreik\u012f.<\/p>\n<h3>Patvarumas<\/h3>\n<p>Patvarumas yra pagrindinis str\u0117l\u0117s cilindr\u0173 konstrukcijos veiksnys. Jie turi b\u016bti pagaminti i\u0161 med\u017eiag\u0173, kurios gali atlaikyti at\u0161iaurias darbo s\u0105lygas, \u012fskaitant purvo, dr\u0117gm\u0117s ir ekstremali\u0173 temperat\u016br\u0173 poveik\u012f. Korozijai atspari\u0173 dang\u0173 ir tvirt\u0173 med\u017eiag\u0173 naudojimas gali padidinti cilindro patvarum\u0105.<\/p>\n<h3>Saugos funkcijos<\/h3>\n<p>Saugumas hidraulin\u0117se sistemose yra svarbiausias dalykas. Str\u0117l\u0117s cilindrai turi b\u016bti suprojektuoti su funkcijomis, kurios apsaugot\u0173 nuo nety\u010dinio jud\u0117jimo, pavyzd\u017eiui, saugos u\u017eraktais arba apsaugos nuo perkrovos sistemomis. U\u017etikrinus, kad \u0161ios saugos priemon\u0117s b\u016bt\u0173 \u012fdiegtos, i\u0161vengiama nelaiming\u0173 atsitikim\u0173 ir \u012frangos sugadinimo.<\/p>\n<h3>Prieinamumas prie prie\u017ei\u016bros<\/h3>\n<p>Labai svarbu suprojektuoti str\u0117l\u0117s cilindrus taip, kad juos b\u016bt\u0173 lengva pri\u017ei\u016br\u0117ti. Projektavimo procese reik\u0117t\u0173 atsi\u017evelgti \u012f prieigos ta\u0161kus tepimui, sandarikli\u0173 keitimui ir patikrinimams. Tai palengvina \u012fprastin\u0119 prie\u017ei\u016br\u0105, taip pailgindama cilindro tarnavimo laik\u0105 ir pagerindama eksploatavimo efektyvum\u0105.<\/p>\n<p><img decoding=\"async\" src=\"https:\/\/www.hydraulic-cylinders.net\/wp-content\/uploads\/2025\/04\/songte-oil-pipes-and-spare-parts.webp\" alt=\"Hidraulin\u0117s dalys\"><\/p>\n<h2>Sandarinimas ir tepimas<\/h2>\n<p>Str\u0117l\u0117s cilindr\u0173 sandarinimas ir tepimas yra labai svarb\u016bs optimaliam na\u0161umui ir ilgaam\u017ei\u0161kumui. Hidraulinio skys\u010dio nuot\u0117kiui i\u0161vengti naudojami \u012fvair\u016bs sandarikliai, pavyzd\u017eiui, st\u016bmokli\u0173 ir stryp\u0173 sandarikliai. Sandarikliai, pagaminti i\u0161 atspari\u0173 dilimui med\u017eiag\u0173, toki\u0173 kaip poliuretanas ir nitrilo kau\u010diukas, u\u017etikrina ilgaam\u017ei\u0161kum\u0105 at\u0161iauriomis s\u0105lygomis.<\/p>\n<p>Cilindro korpusas ir srieginiai galai yra kruop\u0161\u010diai apdirbti, siekiant padidinti atsparum\u0105 dilimui ir suma\u017einti pa\u017eeidim\u0173 rizik\u0105 laikui b\u0117gant. Be to, reguliarus tepimas hidrauline alyva yra b\u016btinas norint u\u017etikrinti skland\u0173 veikim\u0105 ir i\u0161vengti judan\u010di\u0173 dali\u0173 susid\u0117v\u0117jimo. Periodiniai patikrinimai ir tinkamas tepimas u\u017etikrina efektyv\u0173 cilindro veikim\u0105 ir pailgina jo tarnavimo laik\u0105.<\/p>\n<h2>Reguliarios patikros ir prevencin\u0117s prie\u017ei\u016bros priemon\u0117s<\/h2>\n<ul>\n<li><strong>Reguliar\u016bs patikrinimai:<\/strong> Atlikite reguliarius patikrinimus, kad nustatytum\u0117te susid\u0117v\u0117jimo ar pa\u017eeidimo po\u017eymius. Tai apima nuot\u0117ki\u0173 patikrinim\u0105, sandarikli\u0173 nepa\u017eeistumo u\u017etikrinim\u0105 ir bendros baliono b\u016bkl\u0117s patikrinim\u0105. Ankstyvas problem\u0173 nustatymas gali pad\u0117ti i\u0161vengti brangaus remonto ir prastov\u0173.<\/li>\n<li><strong>Tinkamas tepimas:<\/strong> U\u017etikrinkite, kad cilindras b\u016bt\u0173 tinkamai sutepamas nurodytais intervalais. Tinkamo tipo hidraulin\u0117s alyvos naudojimas ir gamintojo tepimo rekomendacij\u0173 laikymasis padeda i\u0161laikyti efektyv\u0173 veikim\u0105.<\/li>\n<li><strong>Sandariklio keitimas:<\/strong> Laikui b\u0117gant, sandarikliai gali susid\u0117v\u0117ti ir juos reikia keisti. Reguliarios prie\u017ei\u016bros grafikuose tur\u0117t\u0173 b\u016bti numatytas sandarikli\u0173 vientisumo patikrinimas ir savalaikio keitimo planas, siekiant i\u0161vengti nuot\u0117ki\u0173.<\/li>\n<\/ul>\n<h2>\u012erengimo gair\u0117s<\/h2>\n<p>Tinkamas str\u0117l\u0117s cilindr\u0173 montavimas yra labai svarbus siekiant u\u017etikrinti j\u0173 efektyvum\u0105 ir ilgaam\u017ei\u0161kum\u0105. Prad\u0117kite kruop\u0161\u010diai sulygiuodami cilindr\u0105 su tvirtinimo laikikliais, u\u017etikrindami, kad jis b\u016bt\u0173 tiesus ir tinkamai pastatytas. Patartina naudoti tinkamus tvirtinimo laikiklius cilindrui pritvirtinti, kad b\u016bt\u0173 i\u0161vengta i\u0161lygiavimo eksploatacijos metu.<\/p>\n<p>Prie\u0161 priver\u017edami var\u017etus, dar kart\u0105 patikrinkite j\u0173 lygiavim\u0105, kad i\u0161vengtum\u0117te per didelio cilindro \u012ftempimo. Pritvirtin\u0119 cilindr\u0105, prijunkite hidraulines \u017earnas, \u012fsitikindami, kad n\u0117ra joki\u0173 sulenkim\u0173 ar i\u0161linkim\u0173, kurie gal\u0117t\u0173 trukdyti skys\u010dio tek\u0117jimui. Sumontavus, atlikite sl\u0117gio bandym\u0105, kad \u012fsitikintum\u0117te, jog cilindras veikia tinkamai ir n\u0117ra nuot\u0117ki\u0173. Tinkamas lygiavimas yra labai svarbus norint i\u0161vengti susid\u0117v\u0117jimo ir pailginti str\u0117l\u0117s cilindro tarnavimo laik\u0105.<\/p>\n<h2>\u012eprastos prie\u017ei\u016bros u\u017eduotys<\/h2>\n<ul>\n<li><strong>Reguliar\u016bs patikrinimai:<\/strong> Reguliariai tikrinkite cilindro b\u016bkl\u0119. Ie\u0161kokite susid\u0117v\u0117jimo po\u017eymi\u0173, toki\u0173 kaip \u012fbr\u0117\u017eimai ant strypo ar nuot\u0117kiai aplink sandariklius. Ankstyvas problem\u0173 nustatymas gali pad\u0117ti i\u0161vengti rimtesni\u0173 problem\u0173 ateityje.<\/li>\n<li><strong>Tinkamas tepimas:<\/strong> \u012esitikinkite, kad cilindras yra tinkamai suteptas pagal gamintojo specifikacijas. Naudokite rekomenduojam\u0105 hidraulin\u0119 alyv\u0105 ir reguliariai tepkite, kad i\u0161laikytum\u0117te optimal\u0173 na\u0161um\u0105.<\/li>\n<li><strong>Sandariklio keitimas:<\/strong> Steb\u0117kite sandarikli\u0173 b\u016bkl\u0119 ir prireikus juos pakeiskite. Tai apsaugo nuo skys\u010di\u0173 nuot\u0117kio ir palaiko hidraulin\u0117s sistemos efektyvum\u0105.<\/li>\n<\/ul>\n<p>Teisingas montavimas, tepimas ir reguliavimas yra labai svarb\u016bs cilindro veikimui. Montuodami \u012fsitikinkite, kad cilindras yra tinkamai sulygiuotas ir tvirtai pritvirtintas naudojant atitinkamas tvirtinimo atramas. Reguliarios patikros, remontas ir keitimo proced\u016bros pailgina str\u0117l\u0117s cilindr\u0173 eksploatavimo laik\u0105.<\/p>\n<p><img decoding=\"async\" src=\"https:\/\/www.hydraulic-cylinders.net\/wp-content\/uploads\/2025\/04\/songte-chushion-collar.webp\" alt=\"Pagalv\u0117l\u0117s apykakl\u0117\"><\/p>\n<h2>Saugos aspektai ir aplinkos veiksniai<\/h2>\n<p>Saugos priemoni\u0173 \u012fgyvendinimas str\u0117l\u0117s cilindr\u0173 veikimo metu yra b\u016btinas siekiant i\u0161vengti nelaiming\u0173 atsitikim\u0173. Operatoriai tur\u0117t\u0173 b\u016bti apmokyti saugaus darbo proced\u016br\u0173 ir \u017einoti apie galimus pavojus, susijusius su hidraulin\u0117mis sistemomis. Naudojant tinkamas asmenines apsaugos priemones (AAP) ir laikantis saugos protokol\u0173, rizika darbo vietoje \u017eymiai suma\u017e\u0117ja.<\/p>\n<h2>Da\u017eniausiai pasitaikan\u010di\u0173 problem\u0173 \u0161alinimas<\/h2>\n<ul>\n<li><strong>Hidraulini\u0173 skys\u010di\u0173 nuot\u0117kiai:<\/strong> Patikrinkite sandariklius ir jungtis, ar n\u0117ra koki\u0173 nors nuot\u0117kio po\u017eymi\u0173. Nedelsdami pakeiskite pa\u017eeistus sandariklius, kad i\u0161vengtum\u0117te hidraulinio sl\u0117gio suma\u017e\u0117jimo.<\/li>\n<li><strong>Suma\u017eintas na\u0161umas:<\/strong> Jei cilindras veikia l\u0117tai arba nereaguoja, patikrinkite hidraulinio skys\u010dio lyg\u012f ir ap\u017ei\u016br\u0117kite, ar hidraulin\u0117se linijose n\u0117ra kli\u016b\u010di\u0173.<\/li>\n<li><strong>Per didelis triuk\u0161mas:<\/strong> Ne\u012fprasti garsai veikimo metu gali rodyti vidinius pa\u017eeidimus arba or\u0105 hidraulin\u0117je sistemoje. I\u0161leiskite i\u0161 sistemos or\u0105, kad pa\u0161alintum\u0117te vis\u0105 \u012fstrigus\u012f or\u0105 ir u\u017etikrintum\u0117te skland\u0173 veikim\u0105.<\/li>\n<\/ul>\n<p>Greitas \u0161i\u0173 problem\u0173 sprendimas gali pad\u0117ti i\u0161vengti rimtesni\u0173 problem\u0173 ir pailginti str\u0117l\u0117s cilindro tarnavimo laik\u0105. Reguliarus techninis aptarnavimas ir patikrinimai atlieka labai svarb\u0173 vaidmen\u012f anksti nustatant galimas problemas ir u\u017etikrinant skland\u0173 veikim\u0105.<\/p>\n<p><img decoding=\"async\" src=\"https:\/\/www.hydraulic-cylinders.net\/wp-content\/uploads\/2025\/04\/songte-bushings-with-all-kinds-of-excavator-models.webp\" alt=\"Ekskavatoriaus \u012fvor\u0117s\"><\/p>\n<h2>Apie m\u016bs\u0173 \u012fmon\u0119<\/h2>\n<p>Esame pirmaujantis pakaitini\u0173 hidraulini\u0173 cilindr\u0173 gamintojas, si\u016blantis plat\u0173 gamini\u0173 asortiment\u0105, skirt\u0105 tiek vidaus, tiek tarptautinei rinkai. M\u016bs\u0173 \u012fsipareigojim\u0105 siekti nepriekai\u0161tingos kokyb\u0117s palaiko patobulintos gamybos strategijos, taikomos m\u016bs\u0173 moderniuose \u012frenginiuose. Nuolat tobuliname savo gamybos paj\u0117gumus investuodami \u012f techninius specialistus, pa\u017eangi\u0105 skaitmenin\u0119 gamybos \u012frang\u0105 ir specializuotas bandym\u0173 sistemas.<\/p>\n<p>M\u016bs\u0173 gamybos procesai yra sukurti taip, kad atitikt\u0173 auk\u0161tus efektyvumo, tikslumo ir kokyb\u0117s standartus, leid\u017eian\u010dius mums patenkinti \u012fvairius klient\u0173 poreikius. Did\u017eiuojam\u0117s savo geb\u0117jimu teikti individualius sprendimus, pagr\u012fstus tarptautiniais sertifikatais, u\u017etikrinan\u010diais, kad m\u016bs\u0173 produktai atitikt\u0173 pasaulinius pramon\u0117s standartus.<\/p>\n<p><img decoding=\"async\" src=\"https:\/\/www.hydraulic-cylinders.net\/wp-content\/uploads\/2025\/04\/songte-company-4.webp\" alt=\"\u012emon\u0117s ap\u017evalga\"><br \/>\n<img decoding=\"async\" src=\"https:\/\/www.hydraulic-cylinders.net\/wp-content\/uploads\/2025\/04\/songte-company-3.webp\" alt=\"Pa\u017eangi gamyba\"><\/p>\n<p>Didel\u012f d\u0117mes\u012f skirdami profesionaliam aptarnavimui, teikiame visapusi\u0161k\u0105 garantin\u012f aptarnavim\u0105, u\u017etikrindami, kad m\u016bs\u0173 klientai gaut\u0173 auk\u0161\u010diausio lygio aptarnavim\u0105 per vis\u0105 m\u016bs\u0173 gamini\u0173 eksploatavimo laik\u0105.<\/p>\n<p>Autorius: lyl<\/p>","protected":false},"excerpt":{"rendered":"<p>Boom Cylinder For Yuchai YC35SR Introduction to Boom Cylinders The Boom Cylinder is a crucial component in hydraulic systems, specifically designed for controlling the movement of buckets in various heavy machinery. This includes excavators, backhoe loaders, and front loaders. It enables the bucket to lift, lower, and tilt, facilitating various material handling tasks. Functionality and [&hellip;]<\/p>","protected":false},"featured_media":17876,"comment_status":"open","ping_status":"closed","template":"","meta":{"_et_pb_use_builder":"","_et_pb_old_content":"","_et_gb_content_width":""},"product_brand":[],"product_cat":[1546],"product_tag":[1547,1496],"class_list":{"0":"post-19583","1":"product","2":"type-product","3":"status-publish","4":"has-post-thumbnail","6":"product_cat-boom-cylinders","7":"product_tag-boom-cylinders","8":"product_tag-hydraulic-cylinders","10":"first","11":"instock","12":"shipping-taxable","13":"product-type-simple"},"amp_enabled":true,"_links":{"self":[{"href":"https:\/\/www.hydraulic-cylinders.net\/lt\/wp-json\/wp\/v2\/product\/19583","targetHints":{"allow":["GET"]}}],"collection":[{"href":"https:\/\/www.hydraulic-cylinders.net\/lt\/wp-json\/wp\/v2\/product"}],"about":[{"href":"https:\/\/www.hydraulic-cylinders.net\/lt\/wp-json\/wp\/v2\/types\/product"}],"replies":[{"embeddable":true,"href":"https:\/\/www.hydraulic-cylinders.net\/lt\/wp-json\/wp\/v2\/comments?post=19583"}],"wp:featuredmedia":[{"embeddable":true,"href":"https:\/\/www.hydraulic-cylinders.net\/lt\/wp-json\/wp\/v2\/media\/17876"}],"wp:attachment":[{"href":"https:\/\/www.hydraulic-cylinders.net\/lt\/wp-json\/wp\/v2\/media?parent=19583"}],"wp:term":[{"taxonomy":"product_brand","embeddable":true,"href":"https:\/\/www.hydraulic-cylinders.net\/lt\/wp-json\/wp\/v2\/product_brand?post=19583"},{"taxonomy":"product_cat","embeddable":true,"href":"https:\/\/www.hydraulic-cylinders.net\/lt\/wp-json\/wp\/v2\/product_cat?post=19583"},{"taxonomy":"product_tag","embeddable":true,"href":"https:\/\/www.hydraulic-cylinders.net\/lt\/wp-json\/wp\/v2\/product_tag?post=19583"}],"curies":[{"name":"wp","href":"https:\/\/api.w.org\/{rel}","templated":true}]}}