{"id":19584,"date":"2025-04-07T06:55:58","date_gmt":"2025-04-07T06:55:58","guid":{"rendered":"https:\/\/www.hydraulic-cylinders.net\/product\/boom-cylinder-for-yuchai-yc50-8\/"},"modified":"2025-04-07T06:56:01","modified_gmt":"2025-04-07T06:56:01","slug":"boom-cylinder-for-yuchai-yc50-8","status":"publish","type":"product","link":"https:\/\/www.hydraulic-cylinders.net\/lt\/produktas\/boom-cylinder-for-yuchai-yc50-8\/","title":{"rendered":"Str\u0117l\u0117s cilindras, skirtas \u201eYuchai YC50-8\u201c"},"content":{"rendered":"<h1>Str\u0117l\u0117s cilindras, skirtas \u201eYuchai YC50-8\u201c<\/h1>\n<h2>Produkto ap\u017evalga<\/h2>\n<p>\u201eYuchai YC50-8\u201c str\u0117l\u0117s cilindras yra specializuotas hidraulinis cilindras, skirtas valdyti kau\u0161o jud\u0117jim\u0105 \u012fvairiose sunkiosiose ma\u0161inose. \u0160ie hidrauliniai cilindrai atlieka labai svarb\u0173 vaidmen\u012f ekskavatoriuose, ekskavatoriuose ir frontaliniuose krautuvuose, nes leid\u017eia kau\u0161ui pakilti, nuleisti ir pakreipti. \u0160i funkcija yra b\u016btina med\u017eiag\u0173 tvarkymo u\u017eduotims, nes leid\u017eia efektyviai atlikti kasimo darbus ir transportuoti med\u017eiagas.<\/p>\n<p><img decoding=\"async\" src=\"https:\/\/www.hydraulic-cylinders.net\/wp-content\/uploads\/2025\/04\/songte-company-1.webp\" alt=\"Str\u0117l\u0117s cilindras\" \/><\/p>\n<h3>Kas yra kibiro cilindras?<\/h3>\n<p>Kau\u0161o cilindras yra hidraulinio cilindro tipas, daugiausia naudojamas kau\u0161\u0173 jud\u0117jimui statybin\u0117je \u012frangoje valdyti. \u0160is hidraulinis komponentas skirtas hidraulinio skys\u010dio sl\u0117giui ir srautui valdyti, leid\u017eiant kau\u0161ui atlikti \u012fvairius judesius, b\u016btinus efektyviam darbui. Kau\u0161o cilindr\u0173 svarbos negalima pervertinti, nes jie tiesiogiai veikia statybin\u0117s ir \u017eem\u0117s \u016bkio technikos efektyvum\u0105 ir na\u0161um\u0105.<\/p>\n<h2>Pagrindin\u0117s savyb\u0117s<\/h2>\n<ul>\n<li><strong>Didelis stiprumas ir ilgaam\u017ei\u0161kumas:<\/strong> \u0160ie cilindrai, pagaminti i\u0161 didelio stiprumo plieno arba aliuminio, gali atlaikyti auk\u0161t\u0105 sl\u0117g\u012f ir dideles apkrovas, yra skirti at\u0161iaurioms darbo s\u0105lygoms, kartu suma\u017einant nusid\u0117v\u0117jim\u0105 ir korozij\u0105.<\/li>\n<li><strong>Efektyvus hidraulinis valdymas:<\/strong> Naudodamas hidraulin\u0117s alyvos sl\u0117g\u012f, str\u0117l\u0117s cilindras u\u017etikrina skland\u0173 i\u0161skleidim\u0105 ir \u012ftraukim\u0105, greitai reaguodamas \u012f operatoriaus komandas ir u\u017etikrindamas galingas st\u016bmimo bei traukimo j\u0117gas, tinkamas sunkioms ir sud\u0117tingoms u\u017eduotims.<\/li>\n<li><strong>\u012evair\u016bs tipai:<\/strong> Galima \u012fsigyti tiek vienpusio veikimo (veikian\u010dio viena kryptimi), tiek dvigubo veikimo (veikian\u010dio abiem kryptimis) konfig\u016bracij\u0173. Kai kurie modeliai pasi\u017eymi teleskopine konstrukcija, kad b\u016bt\u0173 galima labiau i\u0161tiesti nedidinant i\u0161orinio dyd\u017eio, tod\u0117l idealiai tinka naudoti ribotoje erdv\u0117je.<\/li>\n<\/ul>\n<p>M\u016bs\u0173 \u012fmon\u0117 gamina \u0161iuos gaminius, puikiai pakeisdama \u012fvairius hidraulinius cilindrus.<\/p>\n<p><img decoding=\"async\" src=\"https:\/\/www.hydraulic-cylinders.net\/wp-content\/uploads\/2025\/04\/songte-cylinder-head-with-all-kinds-excavator-models.webp\" alt=\"Ekskavatori\u0173 modeliai\" \/><\/p>\n<h2>Parai\u0161kos<\/h2>\n<h3>Statybin\u0117 \u012franga<\/h3>\n<p>Ekskavatoriuose kau\u0161o cilindrai yra gyvybi\u0161kai svarb\u016bs kasant, kraunant ir perkeliant \u017eem\u0119 ar \u0161iuk\u0161les. Jie leid\u017eia kau\u0161ui efektyviai \u012fsiskverbti \u012f dirv\u0105, taip pagerindami kasimo proces\u0105. Ekskavatoriuose-krautuvuose \u0161ie cilindrai padeda ne tik kasant, bet ir k\u0117limo operacijose, tod\u0117l jie yra nepakei\u010diami atliekant daugiafunkcinius darbus statybviet\u0117se.<\/p>\n<h3>\u017dem\u0117s \u016bkio technika<\/h3>\n<p>Priekiniuose krautuvuose naudojami kau\u0161\u0173 cilindrai yra atsakingi u\u017e dirvo\u017eemio, \u0161ieno ir kit\u0173 med\u017eiag\u0173 k\u0117lim\u0105, k\u0117lim\u0105 ir transportavim\u0105. J\u0173 konstrukcija leid\u017eia tiksliai tvarkyti med\u017eiagas, o tai yra labai svarbu norint i\u0161laikyti produktyvum\u0105 \u017eem\u0117s \u016bkio operacijose.<\/p>\n<h3>Ekskavatoriai<\/h3>\n<p>Ekskavatori\u0173 kau\u0161o cilindrai leid\u017eia kau\u0161ui \u012fsiskverbti \u012f \u017eem\u0119, taip palengvindami efektyvius kasimo veiksmus. \u0160i funkcija yra labai svarbi \u012fvairiuose statybos projektuose, nes padidina bendr\u0105 technikos efektyvum\u0105 kasant grunt\u0105.<\/p>\n<h3>Krautuvai<\/h3>\n<p>Priekiniuose krautuvuose \u0161ie cilindrai padeda efektyviai kelti ir i\u0161versti krovinius. J\u0173 veikimas tiesiogiai veikia med\u017eiag\u0173 tvarkymo greit\u012f ir efektyvum\u0105, tod\u0117l jie yra b\u016btini krovimo operacij\u0173 komponentai.<\/p>\n<h2>Dizaino aspektai<\/h2>\n<ul>\n<li><strong>Keliamoji galia:<\/strong> Hidraulinio cilindro keliamoji galia yra nepaprastai svarbi, nes ji lemia maksimal\u0173 svor\u012f, kur\u012f cilindras gali saugiai atlaikyti. \u0160i specifikacija yra labai svarbi siekiant u\u017etikrinti, kad ma\u0161ina veikt\u0173 efektyviai ir be gedimo rizikos. Hidrauliniai cilindrai turi b\u016bti suprojektuoti taip, kad atlaikyt\u0173 tam tikras apkrovos ribas ir laikui b\u0117gant u\u017etikrint\u0173 patikim\u0105 veikim\u0105.<\/li>\n<li><strong>Sandarinimas:<\/strong> Efektyvus sandarinimas yra neatsiejama hidraulini\u0173 cilindr\u0173 veikimo ir ilgaam\u017ei\u0161kumo dalis. Siekiant u\u017etikrinti, kad neb\u016bt\u0173 nuot\u0117kio ir palaikyt\u0173 hidraulin\u012f sl\u0117g\u012f, naudojamos \u012fvairios sandarinimo med\u017eiagos, tokios kaip poliuretanas ir nitrilo kau\u010diukas. Tinkamas sandarinimas taip pat suma\u017eina nusid\u0117v\u0117jim\u0105, o tai pailgina cilindro eksploatavimo laik\u0105.<\/li>\n<li><strong>Patvarumas:<\/strong> Cilindro patvarumui \u012ftakos turi konstrukcijoje naudojamos med\u017eiagos ir gamybos procesas. Auk\u0161tos kokyb\u0117s med\u017eiagos ir tiksli in\u017einerija leid\u017eia sukurti gaminius, kurie gali atlaikyti ekstremalias s\u0105lygas, u\u017etikrinant ilgalaik\u012f patikimum\u0105 lauke.<\/li>\n<li><strong>Saugumas:<\/strong> Siekiant i\u0161vengti nelaiming\u0173 atsitikim\u0173 ir \u012frangos gedim\u0173, \u012f konstrukcij\u0105 turi b\u016bti \u012ftrauktos saugos priemon\u0117s. Tai apima sl\u0117gio ma\u017einimo vo\u017etuvus ir saugos blokatorius, kurie apsaugo operatorius ir ma\u0161inas darbo metu.<\/li>\n<li><strong>Prie\u017ei\u016bra:<\/strong> Hidraulini\u0173 cilindr\u0173 pasirinkimo veiksnys yra prie\u017ei\u016bros paprastumas. Konstrukcijos, kurios u\u017etikrina lengv\u0105 prieig\u0105 prie komponent\u0173 ap\u017ei\u016brai ir remontui, gali \u017eymiai suma\u017einti sunkiosios \u012frangos prastovas ir eksploatavimo i\u0161laidas.<\/li>\n<\/ul>\n<p><img decoding=\"async\" src=\"https:\/\/www.hydraulic-cylinders.net\/wp-content\/uploads\/2025\/04\/songte-oil-pipes-and-spare-parts.webp\" alt=\"Naftos vamzd\u017eiai ir atsargin\u0117s dalys\" \/><\/p>\n<h2>Sandarinimas ir tepimas<\/h2>\n<p>Hidraulini\u0173 cilindr\u0173 sandarinimas ir tepimas yra labai svarb\u016bs j\u0173 veikimui ir ilgaam\u017ei\u0161kumui. Siekiant i\u0161vengti skys\u010dio nuot\u0117kio, naudojami \u012fvair\u016bs sandarikliai, pavyzd\u017eiui, st\u016bmokli\u0173 ir stryp\u0173 sandarikliai. \u0160ie sandarikliai pagaminti i\u0161 patvari\u0173 med\u017eiag\u0173, toki\u0173 kaip poliuretanas ir nitrilo kau\u010diukas, kurios yra atsparios dilimui ir u\u017etikrina efektyv\u0173 sandarinim\u0105. Be to, cilindro korpusas ir srieginiai galai yra kruop\u0161\u010diai apdirbami, kad padid\u0117t\u0173 atsparumas dilimui. Reguliarus tepimas hidrauline alyva yra b\u016btinas norint u\u017etikrinti skland\u0173 veikim\u0105 ir suma\u017einti trint\u012f, taip i\u0161vengiant prie\u0161laikinio hidraulini\u0173 komponent\u0173 susid\u0117v\u0117jimo ir gedim\u0173.<\/p>\n<h2>Prie\u017ei\u016bros praktika<\/h2>\n<ul>\n<li><strong>Reguliar\u016bs patikrinimai:<\/strong> B\u016btina atlikti reguliarius hidraulini\u0173 cilindr\u0173 patikrinimus, kad b\u016bt\u0173 galima nustatyti susid\u0117v\u0117jimo, nuot\u0117kio ar pa\u017eeidimo po\u017eymius. Ankstyvas problem\u0173 nustatymas gali pad\u0117ti i\u0161vengti dideli\u0173 gedim\u0173 ir brangaus remonto.<\/li>\n<li><strong>Tinkamas tepimas:<\/strong> Hidraulinio cilindro geras sutepimas tinkamu hidraulin\u0117s alyvos kiekiu yra labai svarbus skland\u017eiam darbui. Nepakankamas sutepimas gali padidinti trint\u012f ir susid\u0117v\u0117jim\u0105, o tai turi \u012ftakos cilindro veikimui.<\/li>\n<li><strong>Sandariklio keitimas:<\/strong> Reguliariai tikrinant ir kei\u010diant tarpiklius pagal poreik\u012f, galima i\u0161vengti skys\u010di\u0173 nuot\u0117kio ir palaikyti optimal\u0173 hidraulin\u012f sl\u0117g\u012f. \u0160i praktika yra gyvybi\u0161kai svarbi siekiant u\u017etikrinti hidraulin\u0117s sistemos ilgaam\u017ei\u0161kum\u0105 ir efektyvum\u0105.<\/li>\n<\/ul>\n<h2>\u012erengimo gair\u0117s<\/h2>\n<p>Teisingas hidraulinio cilindro montavimas yra labai svarbus na\u0161umui ir saugumui. Pirmiausia \u012fsitikinkite, kad visi komponentai yra \u0161var\u016bs ir be \u0161iuk\u0161li\u0173. Tinkamai sulygiuokite cilindr\u0105 su \u012frangos tvirtinimo ta\u0161kais, naudodami tinkamus tvirtinimo laikiklius, kad j\u012f pritvirtintum\u0117te. B\u016btinai laikykit\u0117s gamintojo nurodym\u0173 d\u0117l sukimo momento nustatym\u0173 ir sulygiavimo. \u012edieg\u0119 patikrinkite, ar n\u0117ra nuot\u0117ki\u0173, ir \u012fsitikinkite, kad hidraulin\u0117 sistema veikia tinkamai. Tinkamas montavimas ne tik pagerina cilindro veikimo efektyvum\u0105, bet ir pailgina jo tarnavimo laik\u0105.<\/p>\n<h2>\u012eprastos prie\u017ei\u016bros u\u017eduotys<\/h2>\n<ul>\n<li><strong>Reguliar\u016bs patikrinimai:<\/strong> Reguliar\u016bs patikrinimai padeda anksti nustatyti galimas problemas, laiku jas suremontuoti ir suma\u017einti \u012frangos gedimo rizik\u0105.<\/li>\n<li><strong>Tinkamas tepimas:<\/strong> Hidraulinio cilindro veikimui labai svarbu j\u012f gerai sutepti. Tai suma\u017eina trint\u012f ir nusid\u0117v\u0117jim\u0105, tod\u0117l pager\u0117ja na\u0161umas.<\/li>\n<li><strong>Sandariklio keitimas:<\/strong> Periodinis sandarikli\u0173 keitimas padeda i\u0161vengti nuot\u0117ki\u0173 ir palaikyti hidraulin\u012f sl\u0117g\u012f, u\u017etikrinant optimal\u0173 hidraulin\u0117s sistemos veikim\u0105.<\/li>\n<\/ul>\n<h2>Saugos aspektai ir aplinkos veiksniai<\/h2>\n<p>Naudojant hidraulinius cilindrus, saugos priemon\u0117s yra nepaprastai svarbios. Operatoriai tur\u0117t\u0173 b\u016bti apmokyti atpa\u017einti galimus pavojus ir u\u017etikrinti, kad b\u016bt\u0173 laikomasi saugos protokol\u0173. Be to, nereik\u0117t\u0173 pamir\u0161ti hidraulini\u0173 skys\u010di\u0173 nuot\u0117ki\u0173 poveikio aplinkai. Tinkamos izoliavimo priemon\u0117s ir reguliari prie\u017ei\u016bra gali pad\u0117ti suma\u017einti su hidraulin\u0117s sistemos gedimais susijusi\u0105 rizik\u0105.<\/p>\n<h2>Gedim\u0173 diagnostika ir da\u017eniausios problemos<\/h2>\n<ul>\n<li><strong>Nesandar\u016bs sandarikliai:<\/strong> Viena da\u017ena problema yra nesandar\u016bs sandarikliai, d\u0117l kuri\u0173 gali suma\u017e\u0117ti hidraulinis sl\u0117gis. Reguliarus sandarikli\u0173 patikrinimas ir savalaikis keitimas gali pad\u0117ti i\u0161vengti \u0161ios problemos.<\/li>\n<li><strong>Nenuoseklus veikimas:<\/strong> Jei cilindras veikia nepastoviai, tai gali rodyti hidraulinio skys\u010dio lygio arba jame esan\u010di\u0173 ter\u0161al\u0173 problem\u0105. Reguliarus techninis aptarnavimas gali pad\u0117ti u\u017etikrinti skland\u0173 veikim\u0105.<\/li>\n<li><strong>Perkaitimas:<\/strong> Perkaitimas gali \u012fvykti d\u0117l per didel\u0117s apkrovos arba nepakankamo tepimo. Norint i\u0161vengti perkaitimo, b\u016btina steb\u0117ti eksploatavimo s\u0105lygas ir u\u017etikrinti tinkam\u0105 tepim\u0105.<\/li>\n<\/ul>\n<p>Nor\u0117dami veiksmingai diagnozuoti ir i\u0161spr\u0119sti problemas, operatoriai tur\u0117t\u0173 vesti hidraulin\u0117s sistemos veikimo \u017eurnal\u0105 ir reguliariai atlikti patikrinimus, kad anksti nustatyt\u0173 galimas problemas. Prevencin\u0117s priemon\u0117s gali gerokai suma\u017einti problem\u0173 atsiradimo tikimyb\u0119.<\/p>\n<p><img decoding=\"async\" src=\"https:\/\/www.hydraulic-cylinders.net\/wp-content\/uploads\/2025\/04\/songte-bushings-with-all-kinds-of-excavator-models.webp\" alt=\"\u012evor\u0117s su ekskavatori\u0173 modeliais\" \/><\/p>\n<h2>\u012emon\u0117s ap\u017evalga<\/h2>\n<p>M\u016bs\u0173 \u012fmon\u0117 specializuojasi pakaitini\u0173 hidraulini\u0173 cilindr\u0173 gamyboje ir tapo viena i\u0161 pirmaujan\u010di\u0173 gamintoj\u0173 bei didmeninink\u0173 tiek vidaus, tiek tarptautin\u0117se rinkose. Laikom\u0117s grie\u017et\u0173 kokyb\u0117s standart\u0173, taikydami pa\u017eangias gamybos strategijas ir technologijas. M\u016bs\u0173 gamykla apr\u016bpinta auk\u0161\u010diausios klas\u0117s skaitmenine gamybos \u012franga ir profesionalia testavimo sistema, tod\u0117l nuolat tobuliname savo gamybos paj\u0117gumus. Siekdami patenkinti \u012fvairius klient\u0173 poreikius, pabr\u0117\u017eiame efektyvum\u0105, tikslum\u0105 ir kokyb\u0119.<\/p>\n<p><img decoding=\"async\" src=\"https:\/\/www.hydraulic-cylinders.net\/wp-content\/uploads\/2025\/04\/songte-company-4.webp\" alt=\"\u012emon\u0117s ap\u017evalga\" \/><br \/>\n<img decoding=\"async\" src=\"https:\/\/www.hydraulic-cylinders.net\/wp-content\/uploads\/2025\/04\/songte-company-3.webp\" alt=\"\u012emon\u0117s ap\u017evalga\" \/><\/p>\n<p>Be specializuot\u0173 gamybos paj\u0117gum\u0173, si\u016blome individualiai pritaikytas paslaugas, pritaikytas konkretiems klient\u0173 reikalavimams. M\u016bs\u0173 \u012fsipareigojimas kokybei yra pripa\u017eintas tarptautiniais sertifikatais, u\u017etikrinan\u010diais, kad m\u016bs\u0173 produktai atitikt\u0173 pasaulinius standartus. M\u016bs\u0173 garantinio aptarnavimo paslaugos u\u017etikrina nuolatin\u0119 klient\u0173 param\u0105, dar labiau sustiprindamos m\u016bs\u0173 reputacij\u0105 pramon\u0117je.<\/p>\n<p>Autorius: lyl<\/p>","protected":false},"excerpt":{"rendered":"<p>Boom Cylinder For Yuchai YC50-8 Product Overview The Boom Cylinder for Yuchai YC50-8 is a specialized hydraulic cylinder designed to control the movement of the bucket in various heavy machinery. These hydraulic cylinders play a crucial role in excavators, backhoes, and front loaders, enabling the bucket to lift, lower, and tilt. This functionality is essential [&hellip;]<\/p>","protected":false},"featured_media":17877,"comment_status":"open","ping_status":"closed","template":"","meta":{"_et_pb_use_builder":"","_et_pb_old_content":"","_et_gb_content_width":""},"product_brand":[],"product_cat":[1546],"product_tag":[1547,1496],"class_list":{"0":"post-19584","1":"product","2":"type-product","3":"status-publish","4":"has-post-thumbnail","6":"product_cat-boom-cylinders","7":"product_tag-boom-cylinders","8":"product_tag-hydraulic-cylinders","10":"first","11":"instock","12":"shipping-taxable","13":"product-type-simple"},"amp_enabled":true,"_links":{"self":[{"href":"https:\/\/www.hydraulic-cylinders.net\/lt\/wp-json\/wp\/v2\/product\/19584","targetHints":{"allow":["GET"]}}],"collection":[{"href":"https:\/\/www.hydraulic-cylinders.net\/lt\/wp-json\/wp\/v2\/product"}],"about":[{"href":"https:\/\/www.hydraulic-cylinders.net\/lt\/wp-json\/wp\/v2\/types\/product"}],"replies":[{"embeddable":true,"href":"https:\/\/www.hydraulic-cylinders.net\/lt\/wp-json\/wp\/v2\/comments?post=19584"}],"wp:featuredmedia":[{"embeddable":true,"href":"https:\/\/www.hydraulic-cylinders.net\/lt\/wp-json\/wp\/v2\/media\/17877"}],"wp:attachment":[{"href":"https:\/\/www.hydraulic-cylinders.net\/lt\/wp-json\/wp\/v2\/media?parent=19584"}],"wp:term":[{"taxonomy":"product_brand","embeddable":true,"href":"https:\/\/www.hydraulic-cylinders.net\/lt\/wp-json\/wp\/v2\/product_brand?post=19584"},{"taxonomy":"product_cat","embeddable":true,"href":"https:\/\/www.hydraulic-cylinders.net\/lt\/wp-json\/wp\/v2\/product_cat?post=19584"},{"taxonomy":"product_tag","embeddable":true,"href":"https:\/\/www.hydraulic-cylinders.net\/lt\/wp-json\/wp\/v2\/product_tag?post=19584"}],"curies":[{"name":"wp","href":"https:\/\/api.w.org\/{rel}","templated":true}]}}